{"id":40521,"date":"2023-08-24T15:29:17","date_gmt":"2023-08-24T13:29:17","guid":{"rendered":"https:\/\/www.wojoer.de\/?post_type=product&#038;p=40521"},"modified":"2024-01-16T13:29:07","modified_gmt":"2024-01-16T12:29:07","slug":"ibiza-tie-t-string","status":"publish","type":"product","link":"https:\/\/www.wojoer.de\/en\/produkt\/ibiza-tie-t-string\/","title":{"rendered":"IBIZA Tie-T-String"},"content":{"rendered":"<p>Dieser t\u00fcrkisbunt schillernde Ibiza Tie-T-String gl\u00e4nzend aus folierten Jerseystoff geh\u00f6rt in die Kategorie &#8220;Only-For-Me&#8221;-Produkte und ist damit ein Lagerprodukt.<\/p>\n<h3>Gr\u00f6\u00dfen<\/h3>\n<p>Unisize<\/p>\n<h3>Materialzusammensetzung<\/h3>\n<p>folierter Jerseystoff: 76% Polyester | 4% Elasthan | 20% Polyurethan<\/p>\n<p>Beachwet Einfass: 94% Polyester | 6% Elastan<\/p>\n<h3>Besonderheiten<\/h3>\n<p><a href=\"http:\/\/www.wojoer.de\/?s=only&#038;post_type=product\">ONLY-For-Me<\/a>| foliertes Jersey | Perlmutoptik | T String gl\u00e4nzend | stretchy | komfortabel und atmungsaktiv | hochwertige Verarbeitung &#8220;Made in Germany&#8221;<\/p>\n<h3>Benutzerhinweise<\/h3>\n<p>Handw\u00e4sche | Achtung Material nimmt Farben von dunkleren Textilien an, daher bitte im Schrank nur mit hellen Kleidungsst\u00fccken zusammenh\u00e4ngen und nur mit hellen Textilien zusammen waschen<\/p>\n<h3>Tie-T-String gl\u00e4nzend IBIZA &#8211; sexy Unterw\u00e4sche f\u00fcr Herren- String<\/h3>\n<p>Up into the space oder doch lieber die gl\u00e4nzende Perle im strahlenden Mondlicht? Egal wonach du dich f\u00fchlst, Future Rave oder romantische Diva, mit diesem Tie-T-String wirst du glamour\u00f6s beeindrucken. Das Material ist weich, dehnbar, d\u00fcnn und nur mit kleinen Perlmutt-Punkten bedruckt, sodass es genauso atmungsaktiv ist, wie ein feiner Micro Stoff. Den minimalistischen Schnitt, der die Gr\u00f6\u00dfe deiner M\u00e4nnlichkeit optisch vorteilhaft in die L\u00e4nge zieht wirst du lieben! Wenn du ihn dann noch mit einer gl\u00e4nzen schwarzen Lack Leggings oder gewagt mit wei\u00df schwarzen Long-socks, einem Lack Ketten Harness oder einer Lack-Leder-Maske kombinierst, wird dein glam sport look perfekt.<\/p>\n","protected":false},"excerpt":{"rendered":"<p>Dieser t\u00fcrkisbunt schillernde Ibiza Tie-T-String gl\u00e4nzend aus folierten Jerseystoff geh\u00f6rt in die Kategorie &#8220;Only-For-Me&#8221;-Produkte und ist damit ein Lagerprodukt.<br \/>\nGr\u00f6\u00dfen<br \/>\nUnisize<br \/>\nMaterialzusammensetzung<br \/>\nfolierter Jerseystoff: 76% Polyester | 4% Elasthan | 20% Polyurethan<\/p>\n<p>Beachwet Einfass: 94% Polyester | 6% Elastan<br \/>\nBesonderheiten<br \/>\nONLY-For-Me| foliertes Jersey | Perlmutoptik | T\u2026<\/p>\n","protected":false},"featured_media":40530,"comment_status":"open","ping_status":"closed","template":"","meta":[],"product_brand":[],"product_cat":[116,473,326],"product_tag":[560,303,362,119],"class_list":{"0":"post-40521","1":"product","2":"type-product","3":"status-publish","4":"has-post-thumbnail","6":"product_cat-clubwear","7":"product_cat-men","8":"product_cat-wojoer","9":"product_tag-glaenzend","10":"product_tag-glitzer","11":"product_tag-holographic","12":"product_tag-string","13":"product_shipping_class-beun","14":"pa_groesse-l","15":"pa_groesse-unisize","16":"pif-has-gallery","17":"post-1","18":"odd","20":"first","21":"instock","22":"taxable","23":"shipping-taxable","24":"purchasable","25":"product-type-variable"},"yoast_head":"<!-- This site is optimized with the Yoast SEO plugin v27.2 - https:\/\/yoast.com\/product\/yoast-seo-wordpress\/ -->\n<title>Tie-T-String gl\u00e4nzend | schillernd bunt | WOJOER<\/title>\n<meta name=\"description\" content=\"Tie-T-String gl\u00e4nzend aus der Ibiza Kollektion, knallig bunt und wild berauschend! Dance, baby dance! Jetzt online bestellen, versandkostenfrei!\" \/>\n<meta name=\"robots\" content=\"index, follow, max-snippet:-1, max-image-preview:large, max-video-preview:-1\" \/>\n<link rel=\"canonical\" href=\"https:\/\/www.wojoer.de\/en\/produkt\/ibiza-tie-t-string\/\" \/>\n<meta name=\"twitter:card\" content=\"summary_large_image\" \/>\n<meta name=\"twitter:title\" content=\"Tie-T-String gl\u00e4nzend | schillernd bunt | WOJOER\" \/>\n<meta name=\"twitter:description\" content=\"Tie-T-String gl\u00e4nzend aus der Ibiza Kollektion, knallig bunt und wild berauschend! Dance, baby dance! Jetzt online bestellen, versandkostenfrei!\" \/>\n<meta name=\"twitter:image\" content=\"https:\/\/www.wojoer.de\/wp-content\/uploads\/2023\/08\/0417-S029-AD-20-06-2.-Ibiza-Tie_T_String-dehnbar-holo-L-side-wojoer.jpg\" \/>\n<meta name=\"twitter:label1\" content=\"Estimated reading time\" \/>\n\t<meta name=\"twitter:data1\" content=\"2 minutes\" \/>\n<script type=\"application\/ld+json\" class=\"yoast-schema-graph\">{\"@context\":\"https:\/\/schema.org\",\"@graph\":[{\"@type\":\"WebPage\",\"@id\":\"https:\/\/www.wojoer.de\/produkt\/ibiza-tie-t-string\/\",\"url\":\"https:\/\/www.wojoer.de\/produkt\/ibiza-tie-t-string\/\",\"name\":\"Tie-T-String gl\u00e4nzend | schillernd bunt | WOJOER\",\"isPartOf\":{\"@id\":\"https:\/\/www.wojoer.de\/#website\"},\"primaryImageOfPage\":{\"@id\":\"https:\/\/www.wojoer.de\/produkt\/ibiza-tie-t-string\/#primaryimage\"},\"image\":{\"@id\":\"https:\/\/www.wojoer.de\/produkt\/ibiza-tie-t-string\/#primaryimage\"},\"thumbnailUrl\":\"https:\/\/www.wojoer.de\/wp-content\/uploads\/2023\/08\/0417-S029-AD-20-06-2.-Ibiza-Tie_T_String-dehnbar-holo-L-side-wojoer.jpg\",\"datePublished\":\"2023-08-24T13:29:17+00:00\",\"dateModified\":\"2024-01-16T12:29:07+00:00\",\"description\":\"Tie-T-String gl\u00e4nzend aus der Ibiza Kollektion, knallig bunt und wild berauschend! Dance, baby dance! Jetzt online bestellen, versandkostenfrei!\",\"breadcrumb\":{\"@id\":\"https:\/\/www.wojoer.de\/produkt\/ibiza-tie-t-string\/#breadcrumb\"},\"inLanguage\":\"en-GB\",\"potentialAction\":[{\"@type\":\"ReadAction\",\"target\":[\"https:\/\/www.wojoer.de\/produkt\/ibiza-tie-t-string\/\"]}]},{\"@type\":\"ImageObject\",\"inLanguage\":\"en-GB\",\"@id\":\"https:\/\/www.wojoer.de\/produkt\/ibiza-tie-t-string\/#primaryimage\",\"url\":\"https:\/\/www.wojoer.de\/wp-content\/uploads\/2023\/08\/0417-S029-AD-20-06-2.-Ibiza-Tie_T_String-dehnbar-holo-L-side-wojoer.jpg\",\"contentUrl\":\"https:\/\/www.wojoer.de\/wp-content\/uploads\/2023\/08\/0417-S029-AD-20-06-2.-Ibiza-Tie_T_String-dehnbar-holo-L-side-wojoer.jpg\",\"width\":2002,\"height\":2002},{\"@type\":\"BreadcrumbList\",\"@id\":\"https:\/\/www.wojoer.de\/produkt\/ibiza-tie-t-string\/#breadcrumb\",\"itemListElement\":[{\"@type\":\"ListItem\",\"position\":1,\"name\":\"Startseite\",\"item\":\"https:\/\/www.wojoer.de\/\"},{\"@type\":\"ListItem\",\"position\":2,\"name\":\"SHOP\",\"item\":\"https:\/\/www.wojoer.de\/shop\/\"},{\"@type\":\"ListItem\",\"position\":3,\"name\":\"IBIZA Tie-T-String\"}]},{\"@type\":\"WebSite\",\"@id\":\"https:\/\/www.wojoer.de\/#website\",\"url\":\"https:\/\/www.wojoer.de\/\",\"name\":\"WOJOER\",\"description\":\"clubwear for men\",\"publisher\":{\"@id\":\"https:\/\/www.wojoer.de\/#organization\"},\"potentialAction\":[{\"@type\":\"SearchAction\",\"target\":{\"@type\":\"EntryPoint\",\"urlTemplate\":\"https:\/\/www.wojoer.de\/?s={search_term_string}\"},\"query-input\":{\"@type\":\"PropertyValueSpecification\",\"valueRequired\":true,\"valueName\":\"search_term_string\"}}],\"inLanguage\":\"en-GB\"},{\"@type\":\"Organization\",\"@id\":\"https:\/\/www.wojoer.de\/#organization\",\"name\":\"Wonneberger-Manufaktur\",\"url\":\"https:\/\/www.wojoer.de\/\",\"logo\":{\"@type\":\"ImageObject\",\"inLanguage\":\"en-GB\",\"@id\":\"https:\/\/www.wojoer.de\/#\/schema\/logo\/image\/\",\"url\":\"https:\/\/www.wojoer.de\/wp-content\/uploads\/2016\/11\/wonnebergermanufaktur_logo_BUTTON.png\",\"contentUrl\":\"https:\/\/www.wojoer.de\/wp-content\/uploads\/2016\/11\/wonnebergermanufaktur_logo_BUTTON.png\",\"width\":765,\"height\":765,\"caption\":\"Wonneberger-Manufaktur\"},\"image\":{\"@id\":\"https:\/\/www.wojoer.de\/#\/schema\/logo\/image\/\"},\"sameAs\":[\"https:\/\/www.facebook.com\/wojoer\/\",\"https:\/\/de.pinterest.com\/W0J0ER\/\"]}]}<\/script>\n<!-- \/ Yoast SEO plugin. -->","yoast_head_json":{"title":"Tie-T-String gl\u00e4nzend | schillernd bunt | WOJOER","description":"Tie-T-String gl\u00e4nzend aus der Ibiza Kollektion, knallig bunt und wild berauschend! Dance, baby dance! Jetzt online bestellen, versandkostenfrei!","robots":{"index":"index","follow":"follow","max-snippet":"max-snippet:-1","max-image-preview":"max-image-preview:large","max-video-preview":"max-video-preview:-1"},"canonical":"https:\/\/www.wojoer.de\/en\/produkt\/ibiza-tie-t-string\/","twitter_card":"summary_large_image","twitter_title":"Tie-T-String gl\u00e4nzend | schillernd bunt | WOJOER","twitter_description":"Tie-T-String gl\u00e4nzend aus der Ibiza Kollektion, knallig bunt und wild berauschend! Dance, baby dance! Jetzt online bestellen, versandkostenfrei!","twitter_image":"https:\/\/www.wojoer.de\/wp-content\/uploads\/2023\/08\/0417-S029-AD-20-06-2.-Ibiza-Tie_T_String-dehnbar-holo-L-side-wojoer.jpg","twitter_misc":{"Estimated reading time":"2 minutes"},"schema":{"@context":"https:\/\/schema.org","@graph":[{"@type":"WebPage","@id":"https:\/\/www.wojoer.de\/produkt\/ibiza-tie-t-string\/","url":"https:\/\/www.wojoer.de\/produkt\/ibiza-tie-t-string\/","name":"Tie-T-String gl\u00e4nzend | schillernd bunt | WOJOER","isPartOf":{"@id":"https:\/\/www.wojoer.de\/#website"},"primaryImageOfPage":{"@id":"https:\/\/www.wojoer.de\/produkt\/ibiza-tie-t-string\/#primaryimage"},"image":{"@id":"https:\/\/www.wojoer.de\/produkt\/ibiza-tie-t-string\/#primaryimage"},"thumbnailUrl":"https:\/\/www.wojoer.de\/wp-content\/uploads\/2023\/08\/0417-S029-AD-20-06-2.-Ibiza-Tie_T_String-dehnbar-holo-L-side-wojoer.jpg","datePublished":"2023-08-24T13:29:17+00:00","dateModified":"2024-01-16T12:29:07+00:00","description":"Tie-T-String gl\u00e4nzend aus der Ibiza Kollektion, knallig bunt und wild berauschend! Dance, baby dance! Jetzt online bestellen, versandkostenfrei!","breadcrumb":{"@id":"https:\/\/www.wojoer.de\/produkt\/ibiza-tie-t-string\/#breadcrumb"},"inLanguage":"en-GB","potentialAction":[{"@type":"ReadAction","target":["https:\/\/www.wojoer.de\/produkt\/ibiza-tie-t-string\/"]}]},{"@type":"ImageObject","inLanguage":"en-GB","@id":"https:\/\/www.wojoer.de\/produkt\/ibiza-tie-t-string\/#primaryimage","url":"https:\/\/www.wojoer.de\/wp-content\/uploads\/2023\/08\/0417-S029-AD-20-06-2.-Ibiza-Tie_T_String-dehnbar-holo-L-side-wojoer.jpg","contentUrl":"https:\/\/www.wojoer.de\/wp-content\/uploads\/2023\/08\/0417-S029-AD-20-06-2.-Ibiza-Tie_T_String-dehnbar-holo-L-side-wojoer.jpg","width":2002,"height":2002},{"@type":"BreadcrumbList","@id":"https:\/\/www.wojoer.de\/produkt\/ibiza-tie-t-string\/#breadcrumb","itemListElement":[{"@type":"ListItem","position":1,"name":"Startseite","item":"https:\/\/www.wojoer.de\/"},{"@type":"ListItem","position":2,"name":"SHOP","item":"https:\/\/www.wojoer.de\/shop\/"},{"@type":"ListItem","position":3,"name":"IBIZA Tie-T-String"}]},{"@type":"WebSite","@id":"https:\/\/www.wojoer.de\/#website","url":"https:\/\/www.wojoer.de\/","name":"WOJOER","description":"clubwear for men","publisher":{"@id":"https:\/\/www.wojoer.de\/#organization"},"potentialAction":[{"@type":"SearchAction","target":{"@type":"EntryPoint","urlTemplate":"https:\/\/www.wojoer.de\/?s={search_term_string}"},"query-input":{"@type":"PropertyValueSpecification","valueRequired":true,"valueName":"search_term_string"}}],"inLanguage":"en-GB"},{"@type":"Organization","@id":"https:\/\/www.wojoer.de\/#organization","name":"Wonneberger-Manufaktur","url":"https:\/\/www.wojoer.de\/","logo":{"@type":"ImageObject","inLanguage":"en-GB","@id":"https:\/\/www.wojoer.de\/#\/schema\/logo\/image\/","url":"https:\/\/www.wojoer.de\/wp-content\/uploads\/2016\/11\/wonnebergermanufaktur_logo_BUTTON.png","contentUrl":"https:\/\/www.wojoer.de\/wp-content\/uploads\/2016\/11\/wonnebergermanufaktur_logo_BUTTON.png","width":765,"height":765,"caption":"Wonneberger-Manufaktur"},"image":{"@id":"https:\/\/www.wojoer.de\/#\/schema\/logo\/image\/"},"sameAs":["https:\/\/www.facebook.com\/wojoer\/","https:\/\/de.pinterest.com\/W0J0ER\/"]}]}},"_links":{"self":[{"href":"https:\/\/www.wojoer.de\/en\/wp-json\/wp\/v2\/product\/40521","targetHints":{"allow":["GET"]}}],"collection":[{"href":"https:\/\/www.wojoer.de\/en\/wp-json\/wp\/v2\/product"}],"about":[{"href":"https:\/\/www.wojoer.de\/en\/wp-json\/wp\/v2\/types\/product"}],"replies":[{"embeddable":true,"href":"https:\/\/www.wojoer.de\/en\/wp-json\/wp\/v2\/comments?post=40521"}],"wp:featuredmedia":[{"embeddable":true,"href":"https:\/\/www.wojoer.de\/en\/wp-json\/wp\/v2\/media\/40530"}],"wp:attachment":[{"href":"https:\/\/www.wojoer.de\/en\/wp-json\/wp\/v2\/media?parent=40521"}],"wp:term":[{"taxonomy":"product_brand","embeddable":true,"href":"https:\/\/www.wojoer.de\/en\/wp-json\/wp\/v2\/product_brand?post=40521"},{"taxonomy":"product_cat","embeddable":true,"href":"https:\/\/www.wojoer.de\/en\/wp-json\/wp\/v2\/product_cat?post=40521"},{"taxonomy":"product_tag","embeddable":true,"href":"https:\/\/www.wojoer.de\/en\/wp-json\/wp\/v2\/product_tag?post=40521"}],"curies":[{"name":"wp","href":"https:\/\/api.w.org\/{rel}","templated":true}]}}