{"id":40545,"date":"2026-01-01T08:42:56","date_gmt":"2026-01-01T07:42:56","guid":{"rendered":"https:\/\/www.wojoer.de\/?post_type=product&#038;p=40545"},"modified":"2026-04-22T12:55:36","modified_gmt":"2026-04-22T10:55:36","slug":"lava-ouvert-stringbody","status":"publish","type":"product","link":"https:\/\/www.wojoer.de\/en\/produkt\/lava-ouvert-stringbody\/","title":{"rendered":"Lava ouvert Stringbody"},"content":{"rendered":"<p>Dieser Lava ouvert Stringbody geh\u00f6rt zu den Wojoer LIVE-Produkten. Sie werden ab Bestellung bei uns produziert. So k\u00f6nnen wir auf Kundenw\u00fcnsche individuell eingehen.<\/p>\n<h3>Gr\u00f6\u00dfen<\/h3>\n<p>Erh\u00e4ltlich in den Gr\u00f6\u00dfen S, M, L, XL, XXL, 3XL<\/p>\n<h3>Materialzusammensetzung<\/h3>\n<p>94% Polyester, 6 % Elasthan<\/p>\n<p>100% Polyester<\/p>\n<h3>Besonderheiten<\/h3>\n<p><a href=\"http:\/\/www.wojoer.de\/?s=LIVE&#038;post_type=product\">LIVE-Produkt<\/a> \u00a0| ca.2 cm Ring | schwarzer Nylon-stoff mit d\u00fcnnem Leder als Rahmen | angenehme Passform | stabiles und super dehnbares Nylon | atmungsaktiv |hochwertige Verarbeitung &#8220;Made in Germany&#8221;<\/p>\n<h3><strong>Benutzerhinweise<\/strong><\/h3>\n<p>Handw\u00e4sche<\/p>\n<h3>Lava Nylon ouvert Stringbody &#8211; sexy Unterw\u00e4sche f\u00fcr Herren Nylon Fetish<\/h3>\n<p>Bei diesem Nylon ouvert Stringbody lautet das Motto: &#8220;Freie Sicht mit gro\u00dfem Spielvergn\u00fcgen!&#8221;<\/p>\n<p>Dieser transparente ouvert Stringbody ist eine gelungene Kombination aus super dehnbarem Nylon mit einer minimalistischen Linienf\u00fchrung aus hochwertigem veganem Leder. Das schwarze B\u00fcndchen aus veganem Leder legt sich saft auf deine Haut und schmeichelt deinen H\u00fcften. Der gro\u00dfe Ring verr\u00e4t deine Vorlieben und verf\u00fchrt zu erotischen Spielen. Deiner Fantasie sind keine Grenzen gesetzt! Sooo hei\u00df! Die Eigenschaften des \u00e4u\u00dferst angenehmen Stoffes mit dominantem Ring ist ein Erlebnis deiner Sinne!<\/p>\n","protected":false},"excerpt":{"rendered":"<p>Dieser Lava ouvert Stringbody &#8211; Nylonbody geh\u00f6rt zu den Wojoer LIVE-Produkten. Sie werden ab Bestellung bei uns produziert. So k\u00f6nnen wir auf Kundenw\u00fcnsche individuell eingehen.<br \/>\nGr\u00f6\u00dfen des Nylonbody<br \/>\nErh\u00e4ltlich in den Gr\u00f6\u00dfen S, M, L, XL, XXL, 3XL<br \/>\nMaterialzusammensetzung<br \/>\n94% Polyester, 6 % Elasthan<\/p>\n<p>100%\u2026<\/p>\n","protected":false},"featured_media":62723,"comment_status":"open","ping_status":"closed","template":"","meta":[],"product_brand":[1134],"product_cat":[835,846,116,114,1059,473,270,195,326],"product_tag":[186,246,1061,387],"class_list":{"0":"post-40545","1":"product","2":"type-product","3":"status-publish","4":"has-post-thumbnail","6":"product_brand-wojoer","7":"product_cat-ouvert","8":"product_cat-black-joker","9":"product_cat-clubwear","10":"product_cat-fetisch","11":"product_cat-kinky","12":"product_cat-men","13":"product_cat-onlyforme","14":"product_cat-produktion-auf-bestellung-liveproduktion","15":"product_cat-wojoer","16":"product_tag-body","17":"product_tag-netz","18":"product_tag-ouvert","19":"product_tag-transparent","20":"product_shipping_class-beun","21":"pa_groesse-l","22":"pa_groesse-m","23":"pa_groesse-s","24":"pa_groesse-xl","25":"pa_groesse-xxl","26":"pa_groesse-xxxl","27":"pif-has-gallery","28":"post-1","29":"odd","31":"first","32":"onbackorder","33":"taxable","34":"shipping-taxable","35":"purchasable","36":"product-type-variable","37":"has-default-attributes"},"yoast_head":"<!-- This site is optimized with the Yoast SEO plugin v27.2 - https:\/\/yoast.com\/product\/yoast-seo-wordpress\/ -->\n<title>Nylonbody ouvert Stringbody | schwarz | Netz | Ring | WOJOER<\/title>\n<meta name=\"description\" content=\"Nylonbody ...der erotische schwarze Netzstoff ist ungewohnt verf\u00fchrerisch und l\u00e4dt zu Fesselspielen ein. Jetzt online bei Wojoer bestellen.\" \/>\n<meta name=\"robots\" content=\"index, follow, max-snippet:-1, max-image-preview:large, max-video-preview:-1\" \/>\n<link rel=\"canonical\" href=\"https:\/\/www.wojoer.de\/en\/produkt\/lava-ouvert-stringbody\/\" \/>\n<meta name=\"twitter:card\" content=\"summary_large_image\" \/>\n<meta name=\"twitter:title\" content=\"Nylonbody ouvert Stringbody | schwarz | Netz | Ring | WOJOER\" \/>\n<meta name=\"twitter:description\" content=\"Nylonbody ...der erotische schwarze Netzstoff ist ungewohnt verf\u00fchrerisch und l\u00e4dt zu Fesselspielen ein. Jetzt online bei Wojoer bestellen.\" \/>\n<meta name=\"twitter:image\" content=\"https:\/\/www.wojoer.de\/wp-content\/uploads\/2024\/04\/0391-A017-0S-00-06-1.-BlackJoker-Ouvert_Stringbody-super_dehnbar-black-L-detail-wojoer.jpg\" \/>\n<meta name=\"twitter:label1\" content=\"Estimated reading time\" \/>\n\t<meta name=\"twitter:data1\" content=\"2 minutes\" \/>\n<script type=\"application\/ld+json\" class=\"yoast-schema-graph\">{\"@context\":\"https:\/\/schema.org\",\"@graph\":[{\"@type\":\"WebPage\",\"@id\":\"https:\/\/www.wojoer.de\/produkt\/lava-ouvert-stringbody\/\",\"url\":\"https:\/\/www.wojoer.de\/produkt\/lava-ouvert-stringbody\/\",\"name\":\"Nylonbody ouvert Stringbody | schwarz | Netz | Ring | WOJOER\",\"isPartOf\":{\"@id\":\"https:\/\/www.wojoer.de\/#website\"},\"primaryImageOfPage\":{\"@id\":\"https:\/\/www.wojoer.de\/produkt\/lava-ouvert-stringbody\/#primaryimage\"},\"image\":{\"@id\":\"https:\/\/www.wojoer.de\/produkt\/lava-ouvert-stringbody\/#primaryimage\"},\"thumbnailUrl\":\"https:\/\/www.wojoer.de\/wp-content\/uploads\/2024\/04\/0391-A017-0S-00-06-1.-BlackJoker-Ouvert_Stringbody-super_dehnbar-black-L-detail-wojoer.jpg\",\"datePublished\":\"2026-01-01T07:42:56+00:00\",\"dateModified\":\"2026-04-22T10:55:36+00:00\",\"description\":\"Nylonbody ...der erotische schwarze Netzstoff ist ungewohnt verf\u00fchrerisch und l\u00e4dt zu Fesselspielen ein. Jetzt online bei Wojoer bestellen.\",\"breadcrumb\":{\"@id\":\"https:\/\/www.wojoer.de\/produkt\/lava-ouvert-stringbody\/#breadcrumb\"},\"inLanguage\":\"en-GB\",\"potentialAction\":[{\"@type\":\"ReadAction\",\"target\":[\"https:\/\/www.wojoer.de\/produkt\/lava-ouvert-stringbody\/\"]}]},{\"@type\":\"ImageObject\",\"inLanguage\":\"en-GB\",\"@id\":\"https:\/\/www.wojoer.de\/produkt\/lava-ouvert-stringbody\/#primaryimage\",\"url\":\"https:\/\/www.wojoer.de\/wp-content\/uploads\/2024\/04\/0391-A017-0S-00-06-1.-BlackJoker-Ouvert_Stringbody-super_dehnbar-black-L-detail-wojoer.jpg\",\"contentUrl\":\"https:\/\/www.wojoer.de\/wp-content\/uploads\/2024\/04\/0391-A017-0S-00-06-1.-BlackJoker-Ouvert_Stringbody-super_dehnbar-black-L-detail-wojoer.jpg\",\"width\":2002,\"height\":2002},{\"@type\":\"BreadcrumbList\",\"@id\":\"https:\/\/www.wojoer.de\/produkt\/lava-ouvert-stringbody\/#breadcrumb\",\"itemListElement\":[{\"@type\":\"ListItem\",\"position\":1,\"name\":\"Startseite\",\"item\":\"https:\/\/www.wojoer.de\/\"},{\"@type\":\"ListItem\",\"position\":2,\"name\":\"SHOP\",\"item\":\"https:\/\/www.wojoer.de\/shop\/\"},{\"@type\":\"ListItem\",\"position\":3,\"name\":\"Lava ouvert Stringbody aus Nylon\"}]},{\"@type\":\"WebSite\",\"@id\":\"https:\/\/www.wojoer.de\/#website\",\"url\":\"https:\/\/www.wojoer.de\/\",\"name\":\"WOJOER\",\"description\":\"clubwear for men\",\"publisher\":{\"@id\":\"https:\/\/www.wojoer.de\/#organization\"},\"potentialAction\":[{\"@type\":\"SearchAction\",\"target\":{\"@type\":\"EntryPoint\",\"urlTemplate\":\"https:\/\/www.wojoer.de\/?s={search_term_string}\"},\"query-input\":{\"@type\":\"PropertyValueSpecification\",\"valueRequired\":true,\"valueName\":\"search_term_string\"}}],\"inLanguage\":\"en-GB\"},{\"@type\":\"Organization\",\"@id\":\"https:\/\/www.wojoer.de\/#organization\",\"name\":\"Wonneberger-Manufaktur\",\"url\":\"https:\/\/www.wojoer.de\/\",\"logo\":{\"@type\":\"ImageObject\",\"inLanguage\":\"en-GB\",\"@id\":\"https:\/\/www.wojoer.de\/#\/schema\/logo\/image\/\",\"url\":\"https:\/\/www.wojoer.de\/wp-content\/uploads\/2016\/11\/wonnebergermanufaktur_logo_BUTTON.png\",\"contentUrl\":\"https:\/\/www.wojoer.de\/wp-content\/uploads\/2016\/11\/wonnebergermanufaktur_logo_BUTTON.png\",\"width\":765,\"height\":765,\"caption\":\"Wonneberger-Manufaktur\"},\"image\":{\"@id\":\"https:\/\/www.wojoer.de\/#\/schema\/logo\/image\/\"},\"sameAs\":[\"https:\/\/www.facebook.com\/wojoer\/\",\"https:\/\/de.pinterest.com\/W0J0ER\/\"]}]}<\/script>\n<!-- \/ Yoast SEO plugin. -->","yoast_head_json":{"title":"Nylonbody ouvert Stringbody | schwarz | Netz | Ring | WOJOER","description":"Nylonbody ...der erotische schwarze Netzstoff ist ungewohnt verf\u00fchrerisch und l\u00e4dt zu Fesselspielen ein. Jetzt online bei Wojoer bestellen.","robots":{"index":"index","follow":"follow","max-snippet":"max-snippet:-1","max-image-preview":"max-image-preview:large","max-video-preview":"max-video-preview:-1"},"canonical":"https:\/\/www.wojoer.de\/en\/produkt\/lava-ouvert-stringbody\/","twitter_card":"summary_large_image","twitter_title":"[:de]Nylonbody ouvert Stringbody | schwarz | Netz | Ring | WOJOER[:]","twitter_description":"[:de]Nylonbody ...der erotische schwarze Netzstoff ist ungewohnt verf\u00fchrerisch und l\u00e4dt zu Fesselspielen ein. Jetzt online bei Wojoer bestellen.[:]","twitter_image":"https:\/\/www.wojoer.de\/wp-content\/uploads\/2024\/04\/0391-A017-0S-00-06-1.-BlackJoker-Ouvert_Stringbody-super_dehnbar-black-L-detail-wojoer.jpg","twitter_misc":{"Estimated reading time":"2 minutes"},"schema":{"@context":"https:\/\/schema.org","@graph":[{"@type":"WebPage","@id":"https:\/\/www.wojoer.de\/produkt\/lava-ouvert-stringbody\/","url":"https:\/\/www.wojoer.de\/produkt\/lava-ouvert-stringbody\/","name":"Nylonbody ouvert Stringbody | schwarz | Netz | Ring | WOJOER","isPartOf":{"@id":"https:\/\/www.wojoer.de\/#website"},"primaryImageOfPage":{"@id":"https:\/\/www.wojoer.de\/produkt\/lava-ouvert-stringbody\/#primaryimage"},"image":{"@id":"https:\/\/www.wojoer.de\/produkt\/lava-ouvert-stringbody\/#primaryimage"},"thumbnailUrl":"https:\/\/www.wojoer.de\/wp-content\/uploads\/2024\/04\/0391-A017-0S-00-06-1.-BlackJoker-Ouvert_Stringbody-super_dehnbar-black-L-detail-wojoer.jpg","datePublished":"2026-01-01T07:42:56+00:00","dateModified":"2026-04-22T10:55:36+00:00","description":"Nylonbody ...der erotische schwarze Netzstoff ist ungewohnt verf\u00fchrerisch und l\u00e4dt zu Fesselspielen ein. Jetzt online bei Wojoer bestellen.","breadcrumb":{"@id":"https:\/\/www.wojoer.de\/produkt\/lava-ouvert-stringbody\/#breadcrumb"},"inLanguage":"en-GB","potentialAction":[{"@type":"ReadAction","target":["https:\/\/www.wojoer.de\/produkt\/lava-ouvert-stringbody\/"]}]},{"@type":"ImageObject","inLanguage":"en-GB","@id":"https:\/\/www.wojoer.de\/produkt\/lava-ouvert-stringbody\/#primaryimage","url":"https:\/\/www.wojoer.de\/wp-content\/uploads\/2024\/04\/0391-A017-0S-00-06-1.-BlackJoker-Ouvert_Stringbody-super_dehnbar-black-L-detail-wojoer.jpg","contentUrl":"https:\/\/www.wojoer.de\/wp-content\/uploads\/2024\/04\/0391-A017-0S-00-06-1.-BlackJoker-Ouvert_Stringbody-super_dehnbar-black-L-detail-wojoer.jpg","width":2002,"height":2002},{"@type":"BreadcrumbList","@id":"https:\/\/www.wojoer.de\/produkt\/lava-ouvert-stringbody\/#breadcrumb","itemListElement":[{"@type":"ListItem","position":1,"name":"Startseite","item":"https:\/\/www.wojoer.de\/"},{"@type":"ListItem","position":2,"name":"SHOP","item":"https:\/\/www.wojoer.de\/shop\/"},{"@type":"ListItem","position":3,"name":"Lava ouvert Stringbody aus Nylon"}]},{"@type":"WebSite","@id":"https:\/\/www.wojoer.de\/#website","url":"https:\/\/www.wojoer.de\/","name":"WOJOER","description":"clubwear for men","publisher":{"@id":"https:\/\/www.wojoer.de\/#organization"},"potentialAction":[{"@type":"SearchAction","target":{"@type":"EntryPoint","urlTemplate":"https:\/\/www.wojoer.de\/?s={search_term_string}"},"query-input":{"@type":"PropertyValueSpecification","valueRequired":true,"valueName":"search_term_string"}}],"inLanguage":"en-GB"},{"@type":"Organization","@id":"https:\/\/www.wojoer.de\/#organization","name":"Wonneberger-Manufaktur","url":"https:\/\/www.wojoer.de\/","logo":{"@type":"ImageObject","inLanguage":"en-GB","@id":"https:\/\/www.wojoer.de\/#\/schema\/logo\/image\/","url":"https:\/\/www.wojoer.de\/wp-content\/uploads\/2016\/11\/wonnebergermanufaktur_logo_BUTTON.png","contentUrl":"https:\/\/www.wojoer.de\/wp-content\/uploads\/2016\/11\/wonnebergermanufaktur_logo_BUTTON.png","width":765,"height":765,"caption":"Wonneberger-Manufaktur"},"image":{"@id":"https:\/\/www.wojoer.de\/#\/schema\/logo\/image\/"},"sameAs":["https:\/\/www.facebook.com\/wojoer\/","https:\/\/de.pinterest.com\/W0J0ER\/"]}]}},"_links":{"self":[{"href":"https:\/\/www.wojoer.de\/en\/wp-json\/wp\/v2\/product\/40545","targetHints":{"allow":["GET"]}}],"collection":[{"href":"https:\/\/www.wojoer.de\/en\/wp-json\/wp\/v2\/product"}],"about":[{"href":"https:\/\/www.wojoer.de\/en\/wp-json\/wp\/v2\/types\/product"}],"replies":[{"embeddable":true,"href":"https:\/\/www.wojoer.de\/en\/wp-json\/wp\/v2\/comments?post=40545"}],"wp:featuredmedia":[{"embeddable":true,"href":"https:\/\/www.wojoer.de\/en\/wp-json\/wp\/v2\/media\/62723"}],"wp:attachment":[{"href":"https:\/\/www.wojoer.de\/en\/wp-json\/wp\/v2\/media?parent=40545"}],"wp:term":[{"taxonomy":"product_brand","embeddable":true,"href":"https:\/\/www.wojoer.de\/en\/wp-json\/wp\/v2\/product_brand?post=40545"},{"taxonomy":"product_cat","embeddable":true,"href":"https:\/\/www.wojoer.de\/en\/wp-json\/wp\/v2\/product_cat?post=40545"},{"taxonomy":"product_tag","embeddable":true,"href":"https:\/\/www.wojoer.de\/en\/wp-json\/wp\/v2\/product_tag?post=40545"}],"curies":[{"name":"wp","href":"https:\/\/api.w.org\/{rel}","templated":true}]}}