{"id":40634,"date":"2024-01-02T13:48:09","date_gmt":"2024-01-02T12:48:09","guid":{"rendered":"https:\/\/www.wojoer.de\/?post_type=product&#038;p=40634"},"modified":"2025-09-12T14:54:34","modified_gmt":"2025-09-12T12:54:34","slug":"ouverte-jock-black-white-mit-aufsatz","status":"publish","type":"product","link":"https:\/\/www.wojoer.de\/en\/produkt\/ouverte-jock-black-white-mit-aufsatz\/","title":{"rendered":"BlacknWhite Quick fun action Jock"},"content":{"rendered":"<p>Der black`n white Ouverte Jock mit Aufsatz geh\u00f6rt zu den Wojoer LIVE-Produkten. Sie werden ab Bestellung bei uns produziert. So k\u00f6nnen wir auf Kundenw\u00fcnsche individuell eingehen.<\/p>\n<h3>Gr\u00f6\u00dfen<\/h3>\n<p>Erh\u00e4ltlich in den Gr\u00f6\u00dfen S, M, L, XL, 2XL, 3XL<\/p>\n<h3>Materialzusammensetzung<\/h3>\n<p>Veganes Leder: 92% Polyester, 8% Elastan<\/p>\n<p>Einfass: 80% Polyamid, 20% Elasthan<\/p>\n<h3>Besonderheiten<\/h3>\n<p><a href=\"http:\/\/www.wojoer.de\/?s=LIVE&#038;post_type=product\">LIVE-Produkt<\/a> \u00a0| elegant matte Oberfl\u00e4chenoptik | feines dehnbares Material | haut enge Passform\u00a0 | offenes Suspensorium | Abnehmbare Front mit Druckkn\u00f6pen | hochwertige Verarbeitung &#8220;Made in Germany&#8221;<\/p>\n<h3>Benutzerhinweise<\/h3>\n<p>Handw\u00e4sche<\/p>\n<h3>black`n white &#8211; sexy Ouverte Jock mit Aufsatz<\/h3>\n<hr \/>\n<p>Bewertung durch unseren Kunden Max<\/p>\n<p>Gern verabreden wir uns zu einer bestimmten Zeit zum gemeinsamen Liebesspiel. Zu einem derart geplanten Treffen geh\u00f6rt nat\u00fcrlich auch die Vorbereitung durch Schm\u00fccken des K\u00f6rpers dazu. Nach einem erfrischenden Duschbad ist es ein gro\u00dfartiges Gef\u00fchl, nicht immer, aber in Abst\u00e4nden diesen sexy Ouvert Jock anzulegen. Man steigt in den Jock, beim Hochziehen desselben lenkt man das m\u00e4nnliche Genital durch die Ouvert-\u00d6ffnung. Ist ein Spiegel zur Verf\u00fcgung, kann man selbst mit Vergn\u00fcgen den durch den Jock geformten und betonten festen m\u00e4nnlichen Po betrachten, ein Analplug kann die R\u00fcckseite zus\u00e4tzlich schm\u00fccken. Die freie Pr\u00e4sentation des m\u00e4nnlichen Genitals ist sehr anregend, kann auf den ersten Blick f\u00fcr die Partnerin aber auch aufdringlich wirken. Der Aufsatz ist hinten schon vorab mit Druckknopf am Bund befestigt, so dass das zentrale, frei bewegliche Suspensorium des Aufsatzes zwischen den Beinen hindurch \u00fcber das Genital gesetzt und mit zwei Druckkn\u00f6pfen fixiert wird.<\/p>\n<p>Komplett wird mein Outfit, wenn ich zum Zusammentreffen noch eine Gerte mitnehme und zu Beginn als devoter Diener meiner Herrin ehrf\u00fcrchtig \u00fcberreiche. Ich folge dann ihren mit der Gerte gegebenen Anweisungen, mit denen sie mich so positioniert, dass mein Po optimal zu erreichen und zu behandeln ist. Dabei st\u00f6rt irgendwann das r\u00fcckw\u00e4rtigen Band des Aufsatzes, welches flugs zu entfernen ist. Dann ist es problemlos m\u00f6glich, mich anal mit einem Toy lustbringend zu penetrieren.<\/p>\n<p>Wenn meine Herrin des Treffens sp\u00e4ter selbst penetriert werden m\u00f6chte, steht ihr mein Genital rasch zur Verf\u00fcgung. Der Aufsatz liegt nach dem Abnehmen am Boden, w\u00e4hrend wir unser Spiel fortsetzen.<\/p>\n<hr \/>\n<p>Bewertung durch unseren Kunden Moritz<\/p>\n<p>Eine erotische Kleidung ist mir wichtig, denn damit spricht man die Partnerin an. Zugleich steigert sie das eigene Wohlbefinden.<\/p>\n<p>Den Jock kann man rasch anziehen. Nachdem die Ouvert-\u00d6ffnung besetzt ist, verhindert der Aufsatz vorzeitige neugierige Blicke. Das unmittelbarwirksame erotische Element ist der feste M\u00e4nnrer-Po. Wenn dann sp\u00e4ter der K\u00e4fig des Aufsatzes abgenommen wird, kann sich das dominante Zeichen der m\u00e4nnlichen Wollust vollst\u00e4ndig entfalten.<\/p>\n","protected":false},"excerpt":{"rendered":"<p>Der black`n white Ouverte Jock mit Aufsatz geh\u00f6rt zu den Wojoer LIVE-Produkten. Sie werden ab Bestellung bei uns produziert. So k\u00f6nnen wir auf Kundenw\u00fcnsche individuell eingehen.<br \/>\nGr\u00f6\u00dfen<br \/>\nErh\u00e4ltlich in den Gr\u00f6\u00dfen S, M, L, XL, 2XL, 3XL<br \/>\nMaterialzusammensetzung<br \/>\nVeganes Leder: 92% Polyester, 8% Elastan<\/p>\n<p>Einfass:\u2026<\/p>\n","protected":false},"featured_media":40694,"comment_status":"open","ping_status":"closed","template":"","meta":[],"product_brand":[],"product_cat":[116,311,473,195,326],"product_tag":[1060,905,194,487],"class_list":{"0":"post-40634","1":"product","2":"type-product","3":"status-publish","4":"has-post-thumbnail","6":"product_cat-clubwear","7":"product_cat-hankycode","8":"product_cat-men","9":"product_cat-produktion-auf-bestellung-liveproduktion","10":"product_cat-wojoer","11":"product_tag-jock","12":"product_tag-jock-strap","13":"product_tag-leatherlike","14":"product_tag-ouverte","15":"product_shipping_class-beun","16":"pa_groesse-l","17":"pa_groesse-m","18":"pa_groesse-s","19":"pa_groesse-xl","20":"pa_groesse-xxl","21":"pa_groesse-xxxl","22":"pif-has-gallery","23":"post-1","24":"odd","26":"first","27":"onbackorder","28":"taxable","29":"shipping-taxable","30":"purchasable","31":"product-type-variable","32":"has-default-attributes"},"yoast_head":"<!-- This site is optimized with the Yoast SEO plugin v27.2 - https:\/\/yoast.com\/product\/yoast-seo-wordpress\/ -->\n<title>black`n white Ouverte Jock mit Aufsatz| WOJOER<\/title>\n<meta name=\"description\" content=\"Ouverte Jock mit Aufsatz -Versandkostenfrei innerhalb Deutschlands bestellen!\" \/>\n<meta name=\"robots\" content=\"index, follow, max-snippet:-1, max-image-preview:large, max-video-preview:-1\" \/>\n<link rel=\"canonical\" href=\"https:\/\/www.wojoer.de\/en\/produkt\/ouverte-jock-black-white-mit-aufsatz\/\" \/>\n<meta name=\"twitter:card\" content=\"summary_large_image\" \/>\n<meta name=\"twitter:title\" content=\"black`n white Ouverte Jock mit Aufsatz| WOJOER\" \/>\n<meta name=\"twitter:description\" content=\"Ouverte Jock mit Aufsatz -Versandkostenfrei innerhalb Deutschlands bestellen!\" \/>\n<meta name=\"twitter:image\" content=\"https:\/\/www.wojoer.de\/wp-content\/uploads\/2023\/08\/0413-J007-0D-60-06_BlacknWhite_OuvertJock_Susp_Veganleatherlike_black_white_side_wojoer-scaled.jpg\" \/>\n<meta name=\"twitter:label1\" content=\"Estimated reading time\" \/>\n\t<meta name=\"twitter:data1\" content=\"3 minutes\" \/>\n<script type=\"application\/ld+json\" class=\"yoast-schema-graph\">{\"@context\":\"https:\/\/schema.org\",\"@graph\":[{\"@type\":\"WebPage\",\"@id\":\"https:\/\/www.wojoer.de\/en\/produkt\/ouverte-jock-black-white-mit-aufsatz\/\",\"url\":\"https:\/\/www.wojoer.de\/en\/produkt\/ouverte-jock-black-white-mit-aufsatz\/\",\"name\":\"black`n white Ouverte Jock mit Aufsatz| WOJOER\",\"isPartOf\":{\"@id\":\"https:\/\/www.wojoer.de\/#website\"},\"primaryImageOfPage\":{\"@id\":\"https:\/\/www.wojoer.de\/en\/produkt\/ouverte-jock-black-white-mit-aufsatz\/#primaryimage\"},\"image\":{\"@id\":\"https:\/\/www.wojoer.de\/en\/produkt\/ouverte-jock-black-white-mit-aufsatz\/#primaryimage\"},\"thumbnailUrl\":\"https:\/\/www.wojoer.de\/wp-content\/uploads\/2023\/08\/0413-J007-0D-60-06_BlacknWhite_OuvertJock_Susp_Veganleatherlike_black_white_side_wojoer-scaled.jpg\",\"datePublished\":\"2024-01-02T12:48:09+00:00\",\"dateModified\":\"2025-09-12T12:54:34+00:00\",\"description\":\"Ouverte Jock mit Aufsatz -Versandkostenfrei innerhalb Deutschlands bestellen!\",\"breadcrumb\":{\"@id\":\"https:\/\/www.wojoer.de\/en\/produkt\/ouverte-jock-black-white-mit-aufsatz\/#breadcrumb\"},\"inLanguage\":\"en-GB\",\"potentialAction\":[{\"@type\":\"ReadAction\",\"target\":[\"https:\/\/www.wojoer.de\/en\/produkt\/ouverte-jock-black-white-mit-aufsatz\/\"]}]},{\"@type\":\"ImageObject\",\"inLanguage\":\"en-GB\",\"@id\":\"https:\/\/www.wojoer.de\/en\/produkt\/ouverte-jock-black-white-mit-aufsatz\/#primaryimage\",\"url\":\"https:\/\/www.wojoer.de\/wp-content\/uploads\/2023\/08\/0413-J007-0D-60-06_BlacknWhite_OuvertJock_Susp_Veganleatherlike_black_white_side_wojoer-scaled.jpg\",\"contentUrl\":\"https:\/\/www.wojoer.de\/wp-content\/uploads\/2023\/08\/0413-J007-0D-60-06_BlacknWhite_OuvertJock_Susp_Veganleatherlike_black_white_side_wojoer-scaled.jpg\",\"width\":2560,\"height\":2560},{\"@type\":\"BreadcrumbList\",\"@id\":\"https:\/\/www.wojoer.de\/en\/produkt\/ouverte-jock-black-white-mit-aufsatz\/#breadcrumb\",\"itemListElement\":[{\"@type\":\"ListItem\",\"position\":1,\"name\":\"Startseite\",\"item\":\"https:\/\/www.wojoer.de\/\"},{\"@type\":\"ListItem\",\"position\":2,\"name\":\"SHOP\",\"item\":\"https:\/\/www.wojoer.de\/shop\/\"},{\"@type\":\"ListItem\",\"position\":3,\"name\":\"BlacknWhite Quick fun action Jock\"}]},{\"@type\":\"WebSite\",\"@id\":\"https:\/\/www.wojoer.de\/#website\",\"url\":\"https:\/\/www.wojoer.de\/\",\"name\":\"WOJOER\",\"description\":\"clubwear for men\",\"publisher\":{\"@id\":\"https:\/\/www.wojoer.de\/#organization\"},\"potentialAction\":[{\"@type\":\"SearchAction\",\"target\":{\"@type\":\"EntryPoint\",\"urlTemplate\":\"https:\/\/www.wojoer.de\/?s={search_term_string}\"},\"query-input\":{\"@type\":\"PropertyValueSpecification\",\"valueRequired\":true,\"valueName\":\"search_term_string\"}}],\"inLanguage\":\"en-GB\"},{\"@type\":\"Organization\",\"@id\":\"https:\/\/www.wojoer.de\/#organization\",\"name\":\"Wonneberger-Manufaktur\",\"url\":\"https:\/\/www.wojoer.de\/\",\"logo\":{\"@type\":\"ImageObject\",\"inLanguage\":\"en-GB\",\"@id\":\"https:\/\/www.wojoer.de\/#\/schema\/logo\/image\/\",\"url\":\"https:\/\/www.wojoer.de\/wp-content\/uploads\/2016\/11\/wonnebergermanufaktur_logo_BUTTON.png\",\"contentUrl\":\"https:\/\/www.wojoer.de\/wp-content\/uploads\/2016\/11\/wonnebergermanufaktur_logo_BUTTON.png\",\"width\":765,\"height\":765,\"caption\":\"Wonneberger-Manufaktur\"},\"image\":{\"@id\":\"https:\/\/www.wojoer.de\/#\/schema\/logo\/image\/\"},\"sameAs\":[\"https:\/\/www.facebook.com\/wojoer\/\",\"https:\/\/de.pinterest.com\/W0J0ER\/\"]}]}<\/script>\n<!-- \/ Yoast SEO plugin. -->","yoast_head_json":{"title":"black`n white Ouverte Jock mit Aufsatz| WOJOER","description":"Ouverte Jock mit Aufsatz -Versandkostenfrei innerhalb Deutschlands bestellen!","robots":{"index":"index","follow":"follow","max-snippet":"max-snippet:-1","max-image-preview":"max-image-preview:large","max-video-preview":"max-video-preview:-1"},"canonical":"https:\/\/www.wojoer.de\/en\/produkt\/ouverte-jock-black-white-mit-aufsatz\/","twitter_card":"summary_large_image","twitter_title":"black`n white Ouverte Jock mit Aufsatz| WOJOER","twitter_description":"Ouverte Jock mit Aufsatz -Versandkostenfrei innerhalb Deutschlands bestellen!","twitter_image":"https:\/\/www.wojoer.de\/wp-content\/uploads\/2023\/08\/0413-J007-0D-60-06_BlacknWhite_OuvertJock_Susp_Veganleatherlike_black_white_side_wojoer-scaled.jpg","twitter_misc":{"Estimated reading time":"3 minutes"},"schema":{"@context":"https:\/\/schema.org","@graph":[{"@type":"WebPage","@id":"https:\/\/www.wojoer.de\/en\/produkt\/ouverte-jock-black-white-mit-aufsatz\/","url":"https:\/\/www.wojoer.de\/en\/produkt\/ouverte-jock-black-white-mit-aufsatz\/","name":"black`n white Ouverte Jock mit Aufsatz| WOJOER","isPartOf":{"@id":"https:\/\/www.wojoer.de\/#website"},"primaryImageOfPage":{"@id":"https:\/\/www.wojoer.de\/en\/produkt\/ouverte-jock-black-white-mit-aufsatz\/#primaryimage"},"image":{"@id":"https:\/\/www.wojoer.de\/en\/produkt\/ouverte-jock-black-white-mit-aufsatz\/#primaryimage"},"thumbnailUrl":"https:\/\/www.wojoer.de\/wp-content\/uploads\/2023\/08\/0413-J007-0D-60-06_BlacknWhite_OuvertJock_Susp_Veganleatherlike_black_white_side_wojoer-scaled.jpg","datePublished":"2024-01-02T12:48:09+00:00","dateModified":"2025-09-12T12:54:34+00:00","description":"Ouverte Jock mit Aufsatz -Versandkostenfrei innerhalb Deutschlands bestellen!","breadcrumb":{"@id":"https:\/\/www.wojoer.de\/en\/produkt\/ouverte-jock-black-white-mit-aufsatz\/#breadcrumb"},"inLanguage":"en-GB","potentialAction":[{"@type":"ReadAction","target":["https:\/\/www.wojoer.de\/en\/produkt\/ouverte-jock-black-white-mit-aufsatz\/"]}]},{"@type":"ImageObject","inLanguage":"en-GB","@id":"https:\/\/www.wojoer.de\/en\/produkt\/ouverte-jock-black-white-mit-aufsatz\/#primaryimage","url":"https:\/\/www.wojoer.de\/wp-content\/uploads\/2023\/08\/0413-J007-0D-60-06_BlacknWhite_OuvertJock_Susp_Veganleatherlike_black_white_side_wojoer-scaled.jpg","contentUrl":"https:\/\/www.wojoer.de\/wp-content\/uploads\/2023\/08\/0413-J007-0D-60-06_BlacknWhite_OuvertJock_Susp_Veganleatherlike_black_white_side_wojoer-scaled.jpg","width":2560,"height":2560},{"@type":"BreadcrumbList","@id":"https:\/\/www.wojoer.de\/en\/produkt\/ouverte-jock-black-white-mit-aufsatz\/#breadcrumb","itemListElement":[{"@type":"ListItem","position":1,"name":"Startseite","item":"https:\/\/www.wojoer.de\/"},{"@type":"ListItem","position":2,"name":"SHOP","item":"https:\/\/www.wojoer.de\/shop\/"},{"@type":"ListItem","position":3,"name":"BlacknWhite Quick fun action Jock"}]},{"@type":"WebSite","@id":"https:\/\/www.wojoer.de\/#website","url":"https:\/\/www.wojoer.de\/","name":"WOJOER","description":"clubwear for men","publisher":{"@id":"https:\/\/www.wojoer.de\/#organization"},"potentialAction":[{"@type":"SearchAction","target":{"@type":"EntryPoint","urlTemplate":"https:\/\/www.wojoer.de\/?s={search_term_string}"},"query-input":{"@type":"PropertyValueSpecification","valueRequired":true,"valueName":"search_term_string"}}],"inLanguage":"en-GB"},{"@type":"Organization","@id":"https:\/\/www.wojoer.de\/#organization","name":"Wonneberger-Manufaktur","url":"https:\/\/www.wojoer.de\/","logo":{"@type":"ImageObject","inLanguage":"en-GB","@id":"https:\/\/www.wojoer.de\/#\/schema\/logo\/image\/","url":"https:\/\/www.wojoer.de\/wp-content\/uploads\/2016\/11\/wonnebergermanufaktur_logo_BUTTON.png","contentUrl":"https:\/\/www.wojoer.de\/wp-content\/uploads\/2016\/11\/wonnebergermanufaktur_logo_BUTTON.png","width":765,"height":765,"caption":"Wonneberger-Manufaktur"},"image":{"@id":"https:\/\/www.wojoer.de\/#\/schema\/logo\/image\/"},"sameAs":["https:\/\/www.facebook.com\/wojoer\/","https:\/\/de.pinterest.com\/W0J0ER\/"]}]}},"_links":{"self":[{"href":"https:\/\/www.wojoer.de\/en\/wp-json\/wp\/v2\/product\/40634","targetHints":{"allow":["GET"]}}],"collection":[{"href":"https:\/\/www.wojoer.de\/en\/wp-json\/wp\/v2\/product"}],"about":[{"href":"https:\/\/www.wojoer.de\/en\/wp-json\/wp\/v2\/types\/product"}],"replies":[{"embeddable":true,"href":"https:\/\/www.wojoer.de\/en\/wp-json\/wp\/v2\/comments?post=40634"}],"wp:featuredmedia":[{"embeddable":true,"href":"https:\/\/www.wojoer.de\/en\/wp-json\/wp\/v2\/media\/40694"}],"wp:attachment":[{"href":"https:\/\/www.wojoer.de\/en\/wp-json\/wp\/v2\/media?parent=40634"}],"wp:term":[{"taxonomy":"product_brand","embeddable":true,"href":"https:\/\/www.wojoer.de\/en\/wp-json\/wp\/v2\/product_brand?post=40634"},{"taxonomy":"product_cat","embeddable":true,"href":"https:\/\/www.wojoer.de\/en\/wp-json\/wp\/v2\/product_cat?post=40634"},{"taxonomy":"product_tag","embeddable":true,"href":"https:\/\/www.wojoer.de\/en\/wp-json\/wp\/v2\/product_tag?post=40634"}],"curies":[{"name":"wp","href":"https:\/\/api.w.org\/{rel}","templated":true}]}}