{"id":40788,"date":"2024-06-20T09:45:10","date_gmt":"2024-06-20T07:45:10","guid":{"rendered":"https:\/\/www.wojoer.de\/?post_type=product&#038;p=40788"},"modified":"2025-09-12T14:52:09","modified_gmt":"2025-09-12T12:52:09","slug":"beun-eco-branded-harness","status":"publish","type":"product","link":"https:\/\/www.wojoer.de\/en\/produkt\/beun-eco-branded-harness\/","title":{"rendered":"BEUN Eco BRANDED Harness"},"content":{"rendered":"<p>Immer vorr\u00e4tig, denn der BEUN Eco BRANDED Harness 0420-T022-0D- ist Never-Out-of-Stock und geh\u00f6rt damit zu den Wojoer NOS-Produkten.<\/p>\n<p>Erh\u00e4ltlich in den Farben\u00a0 <img loading=\"lazy\" decoding=\"async\" class=\"alignnone wp-image-10035\" src=\"https:\/\/www.wojoer.de\/wp-content\/uploads\/2018\/04\/neongelb.jpg\" alt=\"neongelb\" width=\"9\" height=\"9\" \/> Neongelb | <img loading=\"lazy\" decoding=\"async\" class=\"alignnone size-full wp-image-6156\" src=\"http:\/\/www.wojoer.de\/wp-content\/uploads\/2017\/05\/pink-1.jpg\" alt=\"pink\" width=\"9\" height=\"9\" \/> Candypink | <img loading=\"lazy\" decoding=\"async\" class=\"alignnone size-full wp-image-6158\" src=\"http:\/\/www.wojoer.de\/wp-content\/uploads\/2017\/05\/eisblau.jpg\" alt=\"__eisblau\" width=\"9\" height=\"9\" \/> Eisblau<\/p>\n<h3>Gr\u00f6\u00dfen<\/h3>\n<p>unisize, XXL-3XL<\/p>\n<h3>Materialzusammensetzung<\/h3>\n<p>BEUN Eco: 82% Polyester, 18% Elasthan<\/p>\n<h3>Besonderheiten<\/h3>\n<p><a href=\"http:\/\/www.wojoer.de\/?s=nos&#038;post_type=product\">NOS Produkt<\/a> | Burstteil kann als Tasche genutz werden | badetauglich | seidenmatte Oberfl\u00e4chenoptik | leicht transparent | luftig | schnell trocknend | dehnbar | hautenge, bequeme Passform | minimalistisches Basic | hochwertige Verarbeitung &#8220;Made in Germany&#8221;<\/p>\n<h3>Benutzerhinweise<\/h3>\n<p>30\u00b0 Schonw\u00e4sche | B\u00fcgeln nicht n\u00f6tig, und wenn doch dann auf niedriger Stufe b\u00fcgeln<\/p>\n<h3>BEUN Eco BRANDED Harness, BASIC\u00a0 &#8211; BEACH &#038; UNDERWEAR<\/h3>\n<p>Fullyoung M\u00e4nner Clubbing Harness Tanktop, M\u00e4nner Punk K\u00f6rper Strap, Chest Harness, Schulter G\u00fcrtel K\u00f6rper Bondage im exklusiven Wojoer-Markendesign. Willst du bei deiner n\u00e4chsten Berghain, Kitkatclub oder privaten Fetisch Party besonders herausstechen? Na dann ist unser 0420-T022 Harness genau das richtige f\u00fcr dich!<\/p>\n<p>Dieses BEUN Harness Top in 3 sportlichen Farben lenkt alle Blicke auf dich. Sexy, bequem, denn das Beach- und Underwear Material ist salz- und chlorwassergeeignet, hauch d\u00fcnn, seidig matt, auf der anspruchsvollen M\u00e4nnerhaut kaum zu sp\u00fcren. Er sitzt deine trainierten Brustmuskeln ideal in Szene, selbst wenn du ehr der schlanke Typ bist, wird er sich dir anpassen und dich wie ein futuristischer Adonis wirken lassen. UND er ist aus einem umweltfreundlichen, recycelten BEUN-Material, das den selben grandiosen Tragekomfort bietet, wie unser regul\u00e4res BEUN.<\/p>\n<p>&nbsp;<\/p>\n<p>&nbsp;<\/p>\n","protected":false},"excerpt":{"rendered":"<p>Immer vorr\u00e4tig, denn der BEUN Eco BRANDED Harness 0420-T022-0D- ist Never-Out-of-Stock und geh\u00f6rt damit zu den Wojoer NOS-Produkten.<\/p>\n<p>Erh\u00e4ltlich in den Farben\u00a0  Neongelb |  Candypink |  Eisblau<br \/>\nGr\u00f6\u00dfen<br \/>\nunisize, XXL-3XL<br \/>\nMaterialzusammensetzung<br \/>\nBEUN Eco: 82% Polyester, 18% Elasthan<br \/>\nBesonderheiten<br \/>\nNOS Produkt | Burstteil kann als\u2026<\/p>\n","protected":false},"featured_media":40784,"comment_status":"open","ping_status":"closed","template":"","meta":[],"product_brand":[],"product_cat":[715,115,106,169,473,121,326],"product_tag":[108,310,387,192],"class_list":{"0":"post-40788","1":"product","2":"type-product","3":"status-publish","4":"has-post-thumbnail","6":"product_cat-320-beun-basic","7":"product_cat-beachwear","8":"product_cat-beun","9":"product_cat-nos-never-out-of-stock","10":"product_cat-men","11":"product_cat-underwear","12":"product_cat-wojoer","13":"product_tag-1beachwear","14":"product_tag-harness","15":"product_tag-transparent","16":"product_tag-unterwaesche","17":"product_shipping_class-beun","18":"pa_farbe-eisblau","19":"pa_farbe-neoncoral","20":"pa_farbe-neongelb","21":"pa_groesse-l","22":"pa_groesse-m","23":"pa_groesse-s","24":"pa_groesse-unisize","25":"pa_groesse-xl","26":"pa_groesse-xxl","27":"pa_groesse-xxl-3xl","28":"pif-has-gallery","29":"post-1","30":"odd","32":"first","33":"instock","34":"taxable","35":"shipping-taxable","36":"purchasable","37":"product-type-variable"},"yoast_head":"<!-- This site is optimized with the Yoast SEO plugin v27.2 - https:\/\/yoast.com\/product\/yoast-seo-wordpress\/ -->\n<title>harness beach &amp; Underwear ultrathin comfortable<\/title>\n<meta name=\"description\" content=\"harness. The ultrathin, light transparent &amp; matt BEUN Harnessbag is very soft at your skin. Its available in 3 different colours.\" \/>\n<meta name=\"robots\" content=\"index, follow, max-snippet:-1, max-image-preview:large, max-video-preview:-1\" \/>\n<link rel=\"canonical\" href=\"https:\/\/www.wojoer.de\/en\/produkt\/beun-eco-branded-harness\/\" \/>\n<meta name=\"twitter:card\" content=\"summary_large_image\" \/>\n<meta name=\"twitter:title\" content=\"harness beach &amp; Underwear ultrathin comfortable\" \/>\n<meta name=\"twitter:description\" content=\"harness. The ultrathin, light transparent &amp; matt BEUN Harnessbag is very soft at your skin. Its available in 3 different colours.\" \/>\n<meta name=\"twitter:image\" content=\"https:\/\/www.wojoer.de\/wp-content\/uploads\/2023\/09\/0420-T022-0D-18-19-1.-BEUN_BRANDED-HarnessTasche-dehnbar-schwarz_gelb-L-side-wojoer.jpg\" \/>\n<meta name=\"twitter:label1\" content=\"Estimated reading time\" \/>\n\t<meta name=\"twitter:data1\" content=\"2 minutes\" \/>\n<script type=\"application\/ld+json\" class=\"yoast-schema-graph\">{\"@context\":\"https:\/\/schema.org\",\"@graph\":[{\"@type\":\"WebPage\",\"@id\":\"https:\/\/www.wojoer.de\/produkt\/beun-eco-branded-harness\/\",\"url\":\"https:\/\/www.wojoer.de\/produkt\/beun-eco-branded-harness\/\",\"name\":\"harness beach & Underwear ultrathin comfortable\",\"isPartOf\":{\"@id\":\"https:\/\/www.wojoer.de\/#website\"},\"primaryImageOfPage\":{\"@id\":\"https:\/\/www.wojoer.de\/produkt\/beun-eco-branded-harness\/#primaryimage\"},\"image\":{\"@id\":\"https:\/\/www.wojoer.de\/produkt\/beun-eco-branded-harness\/#primaryimage\"},\"thumbnailUrl\":\"https:\/\/www.wojoer.de\/wp-content\/uploads\/2023\/09\/0420-T022-0D-18-19-1.-BEUN_BRANDED-HarnessTasche-dehnbar-schwarz_gelb-L-side-wojoer.jpg\",\"datePublished\":\"2024-06-20T07:45:10+00:00\",\"dateModified\":\"2025-09-12T12:52:09+00:00\",\"description\":\"harness. The ultrathin, light transparent & matt BEUN Harnessbag is very soft at your skin. Its available in 3 different colours.\",\"breadcrumb\":{\"@id\":\"https:\/\/www.wojoer.de\/produkt\/beun-eco-branded-harness\/#breadcrumb\"},\"inLanguage\":\"en-GB\",\"potentialAction\":[{\"@type\":\"ReadAction\",\"target\":[\"https:\/\/www.wojoer.de\/produkt\/beun-eco-branded-harness\/\"]}]},{\"@type\":\"ImageObject\",\"inLanguage\":\"en-GB\",\"@id\":\"https:\/\/www.wojoer.de\/produkt\/beun-eco-branded-harness\/#primaryimage\",\"url\":\"https:\/\/www.wojoer.de\/wp-content\/uploads\/2023\/09\/0420-T022-0D-18-19-1.-BEUN_BRANDED-HarnessTasche-dehnbar-schwarz_gelb-L-side-wojoer.jpg\",\"contentUrl\":\"https:\/\/www.wojoer.de\/wp-content\/uploads\/2023\/09\/0420-T022-0D-18-19-1.-BEUN_BRANDED-HarnessTasche-dehnbar-schwarz_gelb-L-side-wojoer.jpg\",\"width\":1187,\"height\":1188},{\"@type\":\"BreadcrumbList\",\"@id\":\"https:\/\/www.wojoer.de\/produkt\/beun-eco-branded-harness\/#breadcrumb\",\"itemListElement\":[{\"@type\":\"ListItem\",\"position\":1,\"name\":\"Startseite\",\"item\":\"https:\/\/www.wojoer.de\/\"},{\"@type\":\"ListItem\",\"position\":2,\"name\":\"SHOP\",\"item\":\"https:\/\/www.wojoer.de\/shop\/\"},{\"@type\":\"ListItem\",\"position\":3,\"name\":\"BEUN Eco BRANDED Harness\"}]},{\"@type\":\"WebSite\",\"@id\":\"https:\/\/www.wojoer.de\/#website\",\"url\":\"https:\/\/www.wojoer.de\/\",\"name\":\"WOJOER\",\"description\":\"clubwear for men\",\"publisher\":{\"@id\":\"https:\/\/www.wojoer.de\/#organization\"},\"potentialAction\":[{\"@type\":\"SearchAction\",\"target\":{\"@type\":\"EntryPoint\",\"urlTemplate\":\"https:\/\/www.wojoer.de\/?s={search_term_string}\"},\"query-input\":{\"@type\":\"PropertyValueSpecification\",\"valueRequired\":true,\"valueName\":\"search_term_string\"}}],\"inLanguage\":\"en-GB\"},{\"@type\":\"Organization\",\"@id\":\"https:\/\/www.wojoer.de\/#organization\",\"name\":\"Wonneberger-Manufaktur\",\"url\":\"https:\/\/www.wojoer.de\/\",\"logo\":{\"@type\":\"ImageObject\",\"inLanguage\":\"en-GB\",\"@id\":\"https:\/\/www.wojoer.de\/#\/schema\/logo\/image\/\",\"url\":\"https:\/\/www.wojoer.de\/wp-content\/uploads\/2016\/11\/wonnebergermanufaktur_logo_BUTTON.png\",\"contentUrl\":\"https:\/\/www.wojoer.de\/wp-content\/uploads\/2016\/11\/wonnebergermanufaktur_logo_BUTTON.png\",\"width\":765,\"height\":765,\"caption\":\"Wonneberger-Manufaktur\"},\"image\":{\"@id\":\"https:\/\/www.wojoer.de\/#\/schema\/logo\/image\/\"},\"sameAs\":[\"https:\/\/www.facebook.com\/wojoer\/\",\"https:\/\/de.pinterest.com\/W0J0ER\/\"]}]}<\/script>\n<!-- \/ Yoast SEO plugin. -->","yoast_head_json":{"title":"harness beach & Underwear ultrathin comfortable","description":"harness. The ultrathin, light transparent & matt BEUN Harnessbag is very soft at your skin. Its available in 3 different colours.","robots":{"index":"index","follow":"follow","max-snippet":"max-snippet:-1","max-image-preview":"max-image-preview:large","max-video-preview":"max-video-preview:-1"},"canonical":"https:\/\/www.wojoer.de\/en\/produkt\/beun-eco-branded-harness\/","twitter_card":"summary_large_image","twitter_title":"[:de]Harness | Beach & Underwear hauchd\u00fcnn bequem[:en]harness beach & Underwear ultrathin comfortable[:]","twitter_description":"[:de]Harness. Der hauchd\u00fcnne, leicht transparente & matte Harness liegt seidig weich auf der Haut & ist in 3 phantastischen Farben erh\u00e4ltlich. Jetzt versandkostenfrei innerhalb Deutschland bestellen.[:en]harness. The ultrathin, light transparent & matt BEUN Harnessbag is very soft at your skin. Its available in 3 different colours.[:]","twitter_image":"https:\/\/www.wojoer.de\/wp-content\/uploads\/2023\/09\/0420-T022-0D-18-19-1.-BEUN_BRANDED-HarnessTasche-dehnbar-schwarz_gelb-L-side-wojoer.jpg","twitter_misc":{"Estimated reading time":"2 minutes"},"schema":{"@context":"https:\/\/schema.org","@graph":[{"@type":"WebPage","@id":"https:\/\/www.wojoer.de\/produkt\/beun-eco-branded-harness\/","url":"https:\/\/www.wojoer.de\/produkt\/beun-eco-branded-harness\/","name":"harness beach & Underwear ultrathin comfortable","isPartOf":{"@id":"https:\/\/www.wojoer.de\/#website"},"primaryImageOfPage":{"@id":"https:\/\/www.wojoer.de\/produkt\/beun-eco-branded-harness\/#primaryimage"},"image":{"@id":"https:\/\/www.wojoer.de\/produkt\/beun-eco-branded-harness\/#primaryimage"},"thumbnailUrl":"https:\/\/www.wojoer.de\/wp-content\/uploads\/2023\/09\/0420-T022-0D-18-19-1.-BEUN_BRANDED-HarnessTasche-dehnbar-schwarz_gelb-L-side-wojoer.jpg","datePublished":"2024-06-20T07:45:10+00:00","dateModified":"2025-09-12T12:52:09+00:00","description":"harness. The ultrathin, light transparent & matt BEUN Harnessbag is very soft at your skin. Its available in 3 different colours.","breadcrumb":{"@id":"https:\/\/www.wojoer.de\/produkt\/beun-eco-branded-harness\/#breadcrumb"},"inLanguage":"en-GB","potentialAction":[{"@type":"ReadAction","target":["https:\/\/www.wojoer.de\/produkt\/beun-eco-branded-harness\/"]}]},{"@type":"ImageObject","inLanguage":"en-GB","@id":"https:\/\/www.wojoer.de\/produkt\/beun-eco-branded-harness\/#primaryimage","url":"https:\/\/www.wojoer.de\/wp-content\/uploads\/2023\/09\/0420-T022-0D-18-19-1.-BEUN_BRANDED-HarnessTasche-dehnbar-schwarz_gelb-L-side-wojoer.jpg","contentUrl":"https:\/\/www.wojoer.de\/wp-content\/uploads\/2023\/09\/0420-T022-0D-18-19-1.-BEUN_BRANDED-HarnessTasche-dehnbar-schwarz_gelb-L-side-wojoer.jpg","width":1187,"height":1188},{"@type":"BreadcrumbList","@id":"https:\/\/www.wojoer.de\/produkt\/beun-eco-branded-harness\/#breadcrumb","itemListElement":[{"@type":"ListItem","position":1,"name":"Startseite","item":"https:\/\/www.wojoer.de\/"},{"@type":"ListItem","position":2,"name":"SHOP","item":"https:\/\/www.wojoer.de\/shop\/"},{"@type":"ListItem","position":3,"name":"BEUN Eco BRANDED Harness"}]},{"@type":"WebSite","@id":"https:\/\/www.wojoer.de\/#website","url":"https:\/\/www.wojoer.de\/","name":"WOJOER","description":"clubwear for men","publisher":{"@id":"https:\/\/www.wojoer.de\/#organization"},"potentialAction":[{"@type":"SearchAction","target":{"@type":"EntryPoint","urlTemplate":"https:\/\/www.wojoer.de\/?s={search_term_string}"},"query-input":{"@type":"PropertyValueSpecification","valueRequired":true,"valueName":"search_term_string"}}],"inLanguage":"en-GB"},{"@type":"Organization","@id":"https:\/\/www.wojoer.de\/#organization","name":"Wonneberger-Manufaktur","url":"https:\/\/www.wojoer.de\/","logo":{"@type":"ImageObject","inLanguage":"en-GB","@id":"https:\/\/www.wojoer.de\/#\/schema\/logo\/image\/","url":"https:\/\/www.wojoer.de\/wp-content\/uploads\/2016\/11\/wonnebergermanufaktur_logo_BUTTON.png","contentUrl":"https:\/\/www.wojoer.de\/wp-content\/uploads\/2016\/11\/wonnebergermanufaktur_logo_BUTTON.png","width":765,"height":765,"caption":"Wonneberger-Manufaktur"},"image":{"@id":"https:\/\/www.wojoer.de\/#\/schema\/logo\/image\/"},"sameAs":["https:\/\/www.facebook.com\/wojoer\/","https:\/\/de.pinterest.com\/W0J0ER\/"]}]}},"_links":{"self":[{"href":"https:\/\/www.wojoer.de\/en\/wp-json\/wp\/v2\/product\/40788","targetHints":{"allow":["GET"]}}],"collection":[{"href":"https:\/\/www.wojoer.de\/en\/wp-json\/wp\/v2\/product"}],"about":[{"href":"https:\/\/www.wojoer.de\/en\/wp-json\/wp\/v2\/types\/product"}],"replies":[{"embeddable":true,"href":"https:\/\/www.wojoer.de\/en\/wp-json\/wp\/v2\/comments?post=40788"}],"wp:featuredmedia":[{"embeddable":true,"href":"https:\/\/www.wojoer.de\/en\/wp-json\/wp\/v2\/media\/40784"}],"wp:attachment":[{"href":"https:\/\/www.wojoer.de\/en\/wp-json\/wp\/v2\/media?parent=40788"}],"wp:term":[{"taxonomy":"product_brand","embeddable":true,"href":"https:\/\/www.wojoer.de\/en\/wp-json\/wp\/v2\/product_brand?post=40788"},{"taxonomy":"product_cat","embeddable":true,"href":"https:\/\/www.wojoer.de\/en\/wp-json\/wp\/v2\/product_cat?post=40788"},{"taxonomy":"product_tag","embeddable":true,"href":"https:\/\/www.wojoer.de\/en\/wp-json\/wp\/v2\/product_tag?post=40788"}],"curies":[{"name":"wp","href":"https:\/\/api.w.org\/{rel}","templated":true}]}}