{"id":40874,"date":"2023-09-04T14:52:15","date_gmt":"2023-09-04T12:52:15","guid":{"rendered":"https:\/\/www.wojoer.de\/?post_type=product&#038;p=40874"},"modified":"2026-03-04T09:21:33","modified_gmt":"2026-03-04T08:21:33","slug":"wetlook","status":"publish","type":"product","link":"https:\/\/www.wojoer.de\/en\/produkt\/wetlook\/","title":{"rendered":"Varnish BTR"},"content":{"rendered":"<p>Immer vorr\u00e4tig, denn der BTR Cockring geh\u00f6rt zu den Wojoer Never-Out-of-Stock-Produkten.<\/p>\n<h3>Gr\u00f6\u00dfe: unisize<\/h3>\n<h3>Ma\u00dfe<\/h3>\n<p>Im Ungedehnten Zustand: ca. 20 x 2 cm\u00a0 | Umfang 1: ca. 15.5cm | Durchmesser 1: ca. 4,5cm | Umfang 2: ca. 17cm | Durchmesser 2: ca. 5cm<\/p>\n<p>Mit 2 Druckkn\u00f6pfen verstellbar<\/p>\n<h3>Materialzusammensetzung<\/h3>\n<p>Lederimitat: 93% Polyester und 7% Elasthan<\/p>\n<h3>Besonderheiten<\/h3>\n<p><a href=\"http:\/\/www.wojoer.de\/?s=nos&#038;post_type=product\">NOS Produkt<\/a> | elegant matte Oberfl\u00e4chenoptik | angenehm pushend | hochwertige Metall-Druckkn\u00f6pfe | hochwertige Verarbeitung &#8220;Made in Germany&#8221;<\/p>\n<h3>Benutzerhinweise<\/h3>\n<p>Handw\u00e4sche | Zum Anheben der gesamten m\u00e4nnlichen Geschlechtsteile | kein Penisring zur Erektionssteigerung<\/p>\n<h3>BIG THING RING &#8211; special Gloss Cockring\/ Penisring\/ Genitalring<\/h3>\n<p>&nbsp;<\/p>\n<p>&nbsp;<\/p>\n","protected":false},"excerpt":{"rendered":"<p>Immer vorr\u00e4tig, denn der BTR Cockring geh\u00f6rt zu den Wojoer Never-Out-of-Stock-Produkten.<br \/>\nGr\u00f6\u00dfe: unisize<br \/>\nMa\u00dfe<br \/>\nIm Ungedehnten Zustand: ca. 20 x 2 cm\u00a0 | Umfang 1: ca. 15.5cm | Durchmesser 1: ca. 4,5cm | Umfang 2: ca. 17cm | Durchmesser 2: ca. 5cm<\/p>\n<p>Mit 2\u2026<\/p>\n","protected":false},"featured_media":40878,"comment_status":"open","ping_status":"closed","template":"","meta":[],"product_brand":[],"product_cat":[291,1113,116,114,169,473,326],"product_tag":[262,419,251,250,268,184,1111,247],"class_list":{"0":"post-40874","1":"product","2":"type-product","3":"status-publish","4":"has-post-thumbnail","6":"product_cat-accessoires","7":"product_cat-btr","8":"product_cat-clubwear","9":"product_cat-fetisch","10":"product_cat-nos-never-out-of-stock","11":"product_cat-men","12":"product_cat-wojoer","13":"product_tag-accessoires","14":"product_tag-btr","15":"product_tag-druckknopf","16":"product_tag-funktion","17":"product_tag-farbcode","18":"product_tag-push-up","19":"product_tag-pushring","20":"product_tag-wetlook","21":"product_shipping_class-beun","22":"pa_farbe-gold","23":"pa_farbe-schwarz","24":"pif-has-gallery","25":"post-1","26":"odd","28":"first","29":"instock","30":"taxable","31":"shipping-taxable","32":"purchasable","33":"product-type-variable","34":"has-default-attributes"},"yoast_head":"<!-- This site is optimized with the Yoast SEO plugin v27.2 - https:\/\/yoast.com\/product\/yoast-seo-wordpress\/ -->\n<title>Cockring, BIG THING RING, Penisring, Genitalring, Push Up f\u00fcr den Mann<\/title>\n<meta name=\"description\" content=\"BTR ist der PushUp f\u00fcr den Mann, ideale Erg\u00e4nzung zu feinen lockeren Hosen, enganliegenden oder durchsichtigen Leggings. Der Penisring f\u00fcr maximales Volumen\" \/>\n<meta name=\"robots\" content=\"index, follow, max-snippet:-1, max-image-preview:large, max-video-preview:-1\" \/>\n<link rel=\"canonical\" href=\"https:\/\/www.wojoer.de\/en\/produkt\/wetlook\/\" \/>\n<meta name=\"twitter:card\" content=\"summary_large_image\" \/>\n<meta name=\"twitter:title\" content=\"Cockring, BIG THING RING, Penisring, Genitalring, Push Up f\u00fcr den Mann\" \/>\n<meta name=\"twitter:description\" content=\"BTR ist der PushUp f\u00fcr den Mann, ideale Erg\u00e4nzung zu feinen lockeren Hosen, enganliegenden oder durchsichtigen Leggings. Der Penisring f\u00fcr maximales Volumen\" \/>\n<meta name=\"twitter:image\" content=\"https:\/\/www.wojoer.de\/wp-content\/uploads\/2023\/09\/BTR1_lack_schwarz_wojoer_wojoer.jpg\" \/>\n<meta name=\"twitter:label1\" content=\"Estimated reading time\" \/>\n\t<meta name=\"twitter:data1\" content=\"1 minute\" \/>\n<script type=\"application\/ld+json\" class=\"yoast-schema-graph\">{\"@context\":\"https:\/\/schema.org\",\"@graph\":[{\"@type\":\"WebPage\",\"@id\":\"https:\/\/www.wojoer.de\/produkt\/wetlook\/\",\"url\":\"https:\/\/www.wojoer.de\/produkt\/wetlook\/\",\"name\":\"Cockring, BIG THING RING, Penisring, Genitalring, Push Up f\u00fcr den Mann\",\"isPartOf\":{\"@id\":\"https:\/\/www.wojoer.de\/#website\"},\"primaryImageOfPage\":{\"@id\":\"https:\/\/www.wojoer.de\/produkt\/wetlook\/#primaryimage\"},\"image\":{\"@id\":\"https:\/\/www.wojoer.de\/produkt\/wetlook\/#primaryimage\"},\"thumbnailUrl\":\"https:\/\/www.wojoer.de\/wp-content\/uploads\/2023\/09\/BTR1_lack_schwarz_wojoer_wojoer.jpg\",\"datePublished\":\"2023-09-04T12:52:15+00:00\",\"dateModified\":\"2026-03-04T08:21:33+00:00\",\"description\":\"BTR ist der PushUp f\u00fcr den Mann, ideale Erg\u00e4nzung zu feinen lockeren Hosen, enganliegenden oder durchsichtigen Leggings. Der Penisring f\u00fcr maximales Volumen\",\"breadcrumb\":{\"@id\":\"https:\/\/www.wojoer.de\/produkt\/wetlook\/#breadcrumb\"},\"inLanguage\":\"en-GB\",\"potentialAction\":[{\"@type\":\"ReadAction\",\"target\":[\"https:\/\/www.wojoer.de\/produkt\/wetlook\/\"]}]},{\"@type\":\"ImageObject\",\"inLanguage\":\"en-GB\",\"@id\":\"https:\/\/www.wojoer.de\/produkt\/wetlook\/#primaryimage\",\"url\":\"https:\/\/www.wojoer.de\/wp-content\/uploads\/2023\/09\/BTR1_lack_schwarz_wojoer_wojoer.jpg\",\"contentUrl\":\"https:\/\/www.wojoer.de\/wp-content\/uploads\/2023\/09\/BTR1_lack_schwarz_wojoer_wojoer.jpg\",\"width\":2002,\"height\":2002},{\"@type\":\"BreadcrumbList\",\"@id\":\"https:\/\/www.wojoer.de\/produkt\/wetlook\/#breadcrumb\",\"itemListElement\":[{\"@type\":\"ListItem\",\"position\":1,\"name\":\"Startseite\",\"item\":\"https:\/\/www.wojoer.de\/\"},{\"@type\":\"ListItem\",\"position\":2,\"name\":\"SHOP\",\"item\":\"https:\/\/www.wojoer.de\/shop\/\"},{\"@type\":\"ListItem\",\"position\":3,\"name\":\"Varnish BTR\"}]},{\"@type\":\"WebSite\",\"@id\":\"https:\/\/www.wojoer.de\/#website\",\"url\":\"https:\/\/www.wojoer.de\/\",\"name\":\"WOJOER\",\"description\":\"clubwear for men\",\"publisher\":{\"@id\":\"https:\/\/www.wojoer.de\/#organization\"},\"potentialAction\":[{\"@type\":\"SearchAction\",\"target\":{\"@type\":\"EntryPoint\",\"urlTemplate\":\"https:\/\/www.wojoer.de\/?s={search_term_string}\"},\"query-input\":{\"@type\":\"PropertyValueSpecification\",\"valueRequired\":true,\"valueName\":\"search_term_string\"}}],\"inLanguage\":\"en-GB\"},{\"@type\":\"Organization\",\"@id\":\"https:\/\/www.wojoer.de\/#organization\",\"name\":\"Wonneberger-Manufaktur\",\"url\":\"https:\/\/www.wojoer.de\/\",\"logo\":{\"@type\":\"ImageObject\",\"inLanguage\":\"en-GB\",\"@id\":\"https:\/\/www.wojoer.de\/#\/schema\/logo\/image\/\",\"url\":\"https:\/\/www.wojoer.de\/wp-content\/uploads\/2016\/11\/wonnebergermanufaktur_logo_BUTTON.png\",\"contentUrl\":\"https:\/\/www.wojoer.de\/wp-content\/uploads\/2016\/11\/wonnebergermanufaktur_logo_BUTTON.png\",\"width\":765,\"height\":765,\"caption\":\"Wonneberger-Manufaktur\"},\"image\":{\"@id\":\"https:\/\/www.wojoer.de\/#\/schema\/logo\/image\/\"},\"sameAs\":[\"https:\/\/www.facebook.com\/wojoer\/\",\"https:\/\/de.pinterest.com\/W0J0ER\/\"]}]}<\/script>\n<!-- \/ Yoast SEO plugin. -->","yoast_head_json":{"title":"Cockring, BIG THING RING, Penisring, Genitalring, Push Up f\u00fcr den Mann","description":"BTR ist der PushUp f\u00fcr den Mann, ideale Erg\u00e4nzung zu feinen lockeren Hosen, enganliegenden oder durchsichtigen Leggings. Der Penisring f\u00fcr maximales Volumen","robots":{"index":"index","follow":"follow","max-snippet":"max-snippet:-1","max-image-preview":"max-image-preview:large","max-video-preview":"max-video-preview:-1"},"canonical":"https:\/\/www.wojoer.de\/en\/produkt\/wetlook\/","twitter_card":"summary_large_image","twitter_title":"Cockring, BIG THING RING, Penisring, Genitalring, Push Up f\u00fcr den Mann","twitter_description":"BTR ist der PushUp f\u00fcr den Mann, ideale Erg\u00e4nzung zu feinen lockeren Hosen, enganliegenden oder durchsichtigen Leggings. Der Penisring f\u00fcr maximales Volumen","twitter_image":"https:\/\/www.wojoer.de\/wp-content\/uploads\/2023\/09\/BTR1_lack_schwarz_wojoer_wojoer.jpg","twitter_misc":{"Estimated reading time":"1 minute"},"schema":{"@context":"https:\/\/schema.org","@graph":[{"@type":"WebPage","@id":"https:\/\/www.wojoer.de\/produkt\/wetlook\/","url":"https:\/\/www.wojoer.de\/produkt\/wetlook\/","name":"Cockring, BIG THING RING, Penisring, Genitalring, Push Up f\u00fcr den Mann","isPartOf":{"@id":"https:\/\/www.wojoer.de\/#website"},"primaryImageOfPage":{"@id":"https:\/\/www.wojoer.de\/produkt\/wetlook\/#primaryimage"},"image":{"@id":"https:\/\/www.wojoer.de\/produkt\/wetlook\/#primaryimage"},"thumbnailUrl":"https:\/\/www.wojoer.de\/wp-content\/uploads\/2023\/09\/BTR1_lack_schwarz_wojoer_wojoer.jpg","datePublished":"2023-09-04T12:52:15+00:00","dateModified":"2026-03-04T08:21:33+00:00","description":"BTR ist der PushUp f\u00fcr den Mann, ideale Erg\u00e4nzung zu feinen lockeren Hosen, enganliegenden oder durchsichtigen Leggings. Der Penisring f\u00fcr maximales Volumen","breadcrumb":{"@id":"https:\/\/www.wojoer.de\/produkt\/wetlook\/#breadcrumb"},"inLanguage":"en-GB","potentialAction":[{"@type":"ReadAction","target":["https:\/\/www.wojoer.de\/produkt\/wetlook\/"]}]},{"@type":"ImageObject","inLanguage":"en-GB","@id":"https:\/\/www.wojoer.de\/produkt\/wetlook\/#primaryimage","url":"https:\/\/www.wojoer.de\/wp-content\/uploads\/2023\/09\/BTR1_lack_schwarz_wojoer_wojoer.jpg","contentUrl":"https:\/\/www.wojoer.de\/wp-content\/uploads\/2023\/09\/BTR1_lack_schwarz_wojoer_wojoer.jpg","width":2002,"height":2002},{"@type":"BreadcrumbList","@id":"https:\/\/www.wojoer.de\/produkt\/wetlook\/#breadcrumb","itemListElement":[{"@type":"ListItem","position":1,"name":"Startseite","item":"https:\/\/www.wojoer.de\/"},{"@type":"ListItem","position":2,"name":"SHOP","item":"https:\/\/www.wojoer.de\/shop\/"},{"@type":"ListItem","position":3,"name":"Varnish BTR"}]},{"@type":"WebSite","@id":"https:\/\/www.wojoer.de\/#website","url":"https:\/\/www.wojoer.de\/","name":"WOJOER","description":"clubwear for men","publisher":{"@id":"https:\/\/www.wojoer.de\/#organization"},"potentialAction":[{"@type":"SearchAction","target":{"@type":"EntryPoint","urlTemplate":"https:\/\/www.wojoer.de\/?s={search_term_string}"},"query-input":{"@type":"PropertyValueSpecification","valueRequired":true,"valueName":"search_term_string"}}],"inLanguage":"en-GB"},{"@type":"Organization","@id":"https:\/\/www.wojoer.de\/#organization","name":"Wonneberger-Manufaktur","url":"https:\/\/www.wojoer.de\/","logo":{"@type":"ImageObject","inLanguage":"en-GB","@id":"https:\/\/www.wojoer.de\/#\/schema\/logo\/image\/","url":"https:\/\/www.wojoer.de\/wp-content\/uploads\/2016\/11\/wonnebergermanufaktur_logo_BUTTON.png","contentUrl":"https:\/\/www.wojoer.de\/wp-content\/uploads\/2016\/11\/wonnebergermanufaktur_logo_BUTTON.png","width":765,"height":765,"caption":"Wonneberger-Manufaktur"},"image":{"@id":"https:\/\/www.wojoer.de\/#\/schema\/logo\/image\/"},"sameAs":["https:\/\/www.facebook.com\/wojoer\/","https:\/\/de.pinterest.com\/W0J0ER\/"]}]}},"_links":{"self":[{"href":"https:\/\/www.wojoer.de\/en\/wp-json\/wp\/v2\/product\/40874","targetHints":{"allow":["GET"]}}],"collection":[{"href":"https:\/\/www.wojoer.de\/en\/wp-json\/wp\/v2\/product"}],"about":[{"href":"https:\/\/www.wojoer.de\/en\/wp-json\/wp\/v2\/types\/product"}],"replies":[{"embeddable":true,"href":"https:\/\/www.wojoer.de\/en\/wp-json\/wp\/v2\/comments?post=40874"}],"wp:featuredmedia":[{"embeddable":true,"href":"https:\/\/www.wojoer.de\/en\/wp-json\/wp\/v2\/media\/40878"}],"wp:attachment":[{"href":"https:\/\/www.wojoer.de\/en\/wp-json\/wp\/v2\/media?parent=40874"}],"wp:term":[{"taxonomy":"product_brand","embeddable":true,"href":"https:\/\/www.wojoer.de\/en\/wp-json\/wp\/v2\/product_brand?post=40874"},{"taxonomy":"product_cat","embeddable":true,"href":"https:\/\/www.wojoer.de\/en\/wp-json\/wp\/v2\/product_cat?post=40874"},{"taxonomy":"product_tag","embeddable":true,"href":"https:\/\/www.wojoer.de\/en\/wp-json\/wp\/v2\/product_tag?post=40874"}],"curies":[{"name":"wp","href":"https:\/\/api.w.org\/{rel}","templated":true}]}}