{"id":41176,"date":"2025-12-04T09:00:49","date_gmt":"2025-12-04T08:00:49","guid":{"rendered":"https:\/\/www.wojoer.de\/?post_type=product&#038;p=41176"},"modified":"2025-12-31T00:30:34","modified_gmt":"2025-12-30T23:30:34","slug":"geschenkset-fuer-maenner","status":"publish","type":"product","link":"https:\/\/www.wojoer.de\/en\/produkt\/geschenkset-fuer-maenner\/","title":{"rendered":"Gift Set for Men"},"content":{"rendered":"<p>Unser WOJOER Winterspecial Geschenkeset gibt es nur f\u00fcr kurze Zeit bei WOJOER <a href=\"http:\/\/www.wojoer.de\/produkt-kategorie\/onlyforme\/\">ONLY FOR ME<\/a>.<\/p>\n<h3>Gr\u00f6\u00dfen<\/h3>\n<p>Erh\u00e4ltlich in den Gr\u00f6\u00dfen S, M, L, XL, XXL<\/p>\n<h3>Materialzusammensetzung<\/h3>\n<p><strong>Flaschenk\u00fchler: <\/strong>Glatthautneopren: 100% Neopren\u00a0\u00a0\u00a0 |\u00a0\u00a0\u00a0 Rotes Jersey: 80% Polyamid, 20%Polyester <strong><br \/>\nPants und Body:<\/strong> Feines veganes Leder: 93% Polester, 7% Elasthan<\/p>\n<h3>Besonderheiten<\/h3>\n<p>hochwertige Verarbeitung &#8220;Made in Germany&#8221; | nur f\u00fcr kurze Zeit<\/p>\n<h3>Benutzerhinweise<\/h3>\n<p>Handw\u00e4sche, keine Weichsp\u00fcler<\/p>\n<h3>GESCHENKESET | FLASCHENK\u00dcHLER\u00a0 | Weihnachtsgeschenk Mann | Sektk\u00fchler |Weink\u00fchler | bottle-cooler<\/h3>\n<p>Die Weihnachtszeit ist heimlich und besinnlich. Und sagt man nicht: Wahre Liebe gibt es nur unter M\u00e4nnern? Dann belohne deinen Partner doch einmal mit einem sinnlichen Abend zu zweit und einem edlen Schaumwein Tropfen von August dem starken aus dem ber\u00fchmten Erlebnisweingut Schloss Wackerbarth. Stelle die edel bauchige Flasche k\u00fchl, halte die Sektgl\u00e4ser und den Thermo-Sektk\u00fchler bereit, der nebenbei die Flasche bei kleineren St\u00f6\u00dfen vor dem Bersten bewahrt, schl\u00fcpfe schnell in eines der beiden hei\u00dfen Leather Like Ouverte Teile und lege das andere f\u00fcr deinen Partner so zurecht, dass er nach seiner hei\u00dfen Dusche direkt auf dich und das festlich arrangierte Ensemble sto\u00dfen muss. Die \u00dcberraschung ist perfekt. Deine Vorfreude wird mit einem kurzem Blick des Erstaunens belohnt, gefolgt von hungriger Begierde.<\/p>\n<p>&nbsp;<\/p>\n","protected":false},"excerpt":{"rendered":"<p>Unser WOJOER Winterspecial Geschenkeset gibt es nur f\u00fcr kurze Zeit bei WOJOER ONLY FOR ME.<br \/>\nGr\u00f6\u00dfen<br \/>\nErh\u00e4ltlich in den Gr\u00f6\u00dfen S, M, L, XL, XXL<br \/>\nMaterialzusammensetzung<br \/>\n<strong>Flaschenk\u00fchler: <\/strong>Glatthautneopren: 100% Neopren\u00a0\u00a0\u00a0 |\u00a0\u00a0\u00a0 Rotes Jersey: 80% Polyamid, 20%Polyester <strong><br \/>\nPants und Body:<\/strong> Feines veganes Leder: 93% Polester,\u2026<\/p>\n","protected":false},"featured_media":31889,"comment_status":"open","ping_status":"closed","template":"","meta":[],"product_brand":[],"product_cat":[883,471,329],"product_tag":[262,186,103,273],"class_list":{"0":"post-41176","1":"product","2":"type-product","3":"status-publish","4":"has-post-thumbnail","6":"product_cat-geschenkgutschein","7":"product_cat-partnerlook","8":"product_cat-weihnachtsspecial","9":"product_tag-accessoires","10":"product_tag-body","11":"product_tag-neopren","12":"product_tag-pants","13":"product_shipping_class-leggings-shirts-bodies","14":"pa_groesse-pants-l-body-l","15":"pa_groesse-pants-l-body-m","16":"pa_groesse-pants-l-body-s","17":"pa_groesse-pants-l-body-xl","18":"pa_groesse-pants-l-body-xxl","19":"pa_groesse-pants-l-body-xxxl","20":"pa_groesse-pants-m-body-l","21":"pa_groesse-pants-m-body-m","22":"pa_groesse-pants-m-body-s","23":"pa_groesse-pants-m-body-xl","24":"pa_groesse-pants-m-body-xxl","25":"pa_groesse-pants-m-body-xxxl","26":"pa_groesse-pants-s-body-l","27":"pa_groesse-pants-s-body-m","28":"pa_groesse-pants-s-body-s","29":"pa_groesse-pants-s-body-xl","30":"pa_groesse-pants-s-body-xxl","31":"pa_groesse-pants-s-body-xxxl","32":"pa_groesse-pants-xl-body-l","33":"pa_groesse-pants-xl-body-m","34":"pa_groesse-pants-xl-body-s","35":"pa_groesse-pants-xl-body-xl","36":"pa_groesse-pants-xl-body-xxl","37":"pa_groesse-pants-xl-body-xxxl","38":"pa_groesse-pants-xxl-body-l","39":"pa_groesse-pants-xxl-body-m","40":"pa_groesse-pants-xxl-body-s","41":"pa_groesse-pants-xxl-body-xl","42":"pa_groesse-pants-xxl-body-xxl","43":"pa_groesse-pants-xxl-body-xxxl","44":"pa_groesse-pants-xxxl-body-l","45":"pa_groesse-pants-xxxl-body-m","46":"pa_groesse-pants-xxxl-body-s","47":"pa_groesse-pants-xxxl-body-xl","48":"pa_groesse-pants-xxxl-body-xxl","49":"pa_groesse-pants-xxxl-body-xxxl","50":"pif-has-gallery","51":"post-1","52":"odd","54":"first","55":"instock","56":"featured","57":"taxable","58":"shipping-taxable","59":"purchasable","60":"product-type-variable"},"yoast_head":"<!-- This site is optimized with the Yoast SEO plugin v27.2 - https:\/\/yoast.com\/product\/yoast-seo-wordpress\/ -->\n<title>Geschenkset f\u00fcr Paare | Ouvert Weihnachtsgeschenk f\u00fcr Herren<\/title>\n<meta name=\"description\" content=\"Geschenkset: 1x Schaumwein August der Starke, 1x Sektk\u00fchler, 1x Vintage Holzbox, 1x vegane LederPants, 1x veganer Lederbody = Romantik pur!\" \/>\n<meta name=\"robots\" content=\"index, follow, max-snippet:-1, max-image-preview:large, max-video-preview:-1\" \/>\n<link rel=\"canonical\" href=\"https:\/\/www.wojoer.de\/en\/produkt\/geschenkset-fuer-maenner\/\" \/>\n<meta name=\"twitter:card\" content=\"summary_large_image\" \/>\n<meta name=\"twitter:title\" content=\"Geschenkset f\u00fcr Paare | Ouvert Weihnachtsgeschenk f\u00fcr Herren\" \/>\n<meta name=\"twitter:description\" content=\"Geschenkset: 1x Schaumwein August der Starke, 1x Sektk\u00fchler, 1x Vintage Holzbox, 1x vegane LederPants, 1x veganer Lederbody = Romantik pur!\" \/>\n<meta name=\"twitter:image\" content=\"https:\/\/www.wojoer.de\/wp-content\/uploads\/2020\/12\/WOJOER_Set1_380W606_2_ouvertePants_380S7_ouverteBody_man_man_weihnachtsgeschenk_Man_set.jpg\" \/>\n<meta name=\"twitter:label1\" content=\"Estimated reading time\" \/>\n\t<meta name=\"twitter:data1\" content=\"2 minutes\" \/>\n<script type=\"application\/ld+json\" class=\"yoast-schema-graph\">{\"@context\":\"https:\/\/schema.org\",\"@graph\":[{\"@type\":\"WebPage\",\"@id\":\"https:\/\/www.wojoer.de\/produkt\/geschenkset-fuer-maenner\/\",\"url\":\"https:\/\/www.wojoer.de\/produkt\/geschenkset-fuer-maenner\/\",\"name\":\"Geschenkset f\u00fcr Paare | Ouvert Weihnachtsgeschenk f\u00fcr Herren\",\"isPartOf\":{\"@id\":\"https:\/\/www.wojoer.de\/#website\"},\"primaryImageOfPage\":{\"@id\":\"https:\/\/www.wojoer.de\/produkt\/geschenkset-fuer-maenner\/#primaryimage\"},\"image\":{\"@id\":\"https:\/\/www.wojoer.de\/produkt\/geschenkset-fuer-maenner\/#primaryimage\"},\"thumbnailUrl\":\"https:\/\/www.wojoer.de\/wp-content\/uploads\/2020\/12\/WOJOER_Set1_380W606_2_ouvertePants_380S7_ouverteBody_man_man_weihnachtsgeschenk_Man_set.jpg\",\"datePublished\":\"2025-12-04T08:00:49+00:00\",\"dateModified\":\"2025-12-30T23:30:34+00:00\",\"description\":\"Geschenkset: 1x Schaumwein August der Starke, 1x Sektk\u00fchler, 1x Vintage Holzbox, 1x vegane LederPants, 1x veganer Lederbody = Romantik pur!\",\"breadcrumb\":{\"@id\":\"https:\/\/www.wojoer.de\/produkt\/geschenkset-fuer-maenner\/#breadcrumb\"},\"inLanguage\":\"en-GB\",\"potentialAction\":[{\"@type\":\"ReadAction\",\"target\":[\"https:\/\/www.wojoer.de\/produkt\/geschenkset-fuer-maenner\/\"]}]},{\"@type\":\"ImageObject\",\"inLanguage\":\"en-GB\",\"@id\":\"https:\/\/www.wojoer.de\/produkt\/geschenkset-fuer-maenner\/#primaryimage\",\"url\":\"https:\/\/www.wojoer.de\/wp-content\/uploads\/2020\/12\/WOJOER_Set1_380W606_2_ouvertePants_380S7_ouverteBody_man_man_weihnachtsgeschenk_Man_set.jpg\",\"contentUrl\":\"https:\/\/www.wojoer.de\/wp-content\/uploads\/2020\/12\/WOJOER_Set1_380W606_2_ouvertePants_380S7_ouverteBody_man_man_weihnachtsgeschenk_Man_set.jpg\",\"width\":2002,\"height\":2002},{\"@type\":\"BreadcrumbList\",\"@id\":\"https:\/\/www.wojoer.de\/produkt\/geschenkset-fuer-maenner\/#breadcrumb\",\"itemListElement\":[{\"@type\":\"ListItem\",\"position\":1,\"name\":\"Startseite\",\"item\":\"https:\/\/www.wojoer.de\/\"},{\"@type\":\"ListItem\",\"position\":2,\"name\":\"SHOP\",\"item\":\"https:\/\/www.wojoer.de\/shop\/\"},{\"@type\":\"ListItem\",\"position\":3,\"name\":\"Geschenkeset f\u00fcr M\u00e4nner\"}]},{\"@type\":\"WebSite\",\"@id\":\"https:\/\/www.wojoer.de\/#website\",\"url\":\"https:\/\/www.wojoer.de\/\",\"name\":\"WOJOER\",\"description\":\"clubwear for men\",\"publisher\":{\"@id\":\"https:\/\/www.wojoer.de\/#organization\"},\"potentialAction\":[{\"@type\":\"SearchAction\",\"target\":{\"@type\":\"EntryPoint\",\"urlTemplate\":\"https:\/\/www.wojoer.de\/?s={search_term_string}\"},\"query-input\":{\"@type\":\"PropertyValueSpecification\",\"valueRequired\":true,\"valueName\":\"search_term_string\"}}],\"inLanguage\":\"en-GB\"},{\"@type\":\"Organization\",\"@id\":\"https:\/\/www.wojoer.de\/#organization\",\"name\":\"Wonneberger-Manufaktur\",\"url\":\"https:\/\/www.wojoer.de\/\",\"logo\":{\"@type\":\"ImageObject\",\"inLanguage\":\"en-GB\",\"@id\":\"https:\/\/www.wojoer.de\/#\/schema\/logo\/image\/\",\"url\":\"https:\/\/www.wojoer.de\/wp-content\/uploads\/2016\/11\/wonnebergermanufaktur_logo_BUTTON.png\",\"contentUrl\":\"https:\/\/www.wojoer.de\/wp-content\/uploads\/2016\/11\/wonnebergermanufaktur_logo_BUTTON.png\",\"width\":765,\"height\":765,\"caption\":\"Wonneberger-Manufaktur\"},\"image\":{\"@id\":\"https:\/\/www.wojoer.de\/#\/schema\/logo\/image\/\"},\"sameAs\":[\"https:\/\/www.facebook.com\/wojoer\/\",\"https:\/\/de.pinterest.com\/W0J0ER\/\"]}]}<\/script>\n<!-- \/ Yoast SEO plugin. -->","yoast_head_json":{"title":"Geschenkset f\u00fcr Paare | Ouvert Weihnachtsgeschenk f\u00fcr Herren","description":"Geschenkset: 1x Schaumwein August der Starke, 1x Sektk\u00fchler, 1x Vintage Holzbox, 1x vegane LederPants, 1x veganer Lederbody = Romantik pur!","robots":{"index":"index","follow":"follow","max-snippet":"max-snippet:-1","max-image-preview":"max-image-preview:large","max-video-preview":"max-video-preview:-1"},"canonical":"https:\/\/www.wojoer.de\/en\/produkt\/geschenkset-fuer-maenner\/","twitter_card":"summary_large_image","twitter_title":"Geschenkset f\u00fcr Paare | Ouvert Weihnachtsgeschenk f\u00fcr Herren","twitter_description":"Geschenkset: 1x Schaumwein August der Starke, 1x Sektk\u00fchler, 1x Vintage Holzbox, 1x vegane LederPants, 1x veganer Lederbody = Romantik pur!","twitter_image":"https:\/\/www.wojoer.de\/wp-content\/uploads\/2020\/12\/WOJOER_Set1_380W606_2_ouvertePants_380S7_ouverteBody_man_man_weihnachtsgeschenk_Man_set.jpg","twitter_misc":{"Estimated reading time":"2 minutes"},"schema":{"@context":"https:\/\/schema.org","@graph":[{"@type":"WebPage","@id":"https:\/\/www.wojoer.de\/produkt\/geschenkset-fuer-maenner\/","url":"https:\/\/www.wojoer.de\/produkt\/geschenkset-fuer-maenner\/","name":"Geschenkset f\u00fcr Paare | Ouvert Weihnachtsgeschenk f\u00fcr Herren","isPartOf":{"@id":"https:\/\/www.wojoer.de\/#website"},"primaryImageOfPage":{"@id":"https:\/\/www.wojoer.de\/produkt\/geschenkset-fuer-maenner\/#primaryimage"},"image":{"@id":"https:\/\/www.wojoer.de\/produkt\/geschenkset-fuer-maenner\/#primaryimage"},"thumbnailUrl":"https:\/\/www.wojoer.de\/wp-content\/uploads\/2020\/12\/WOJOER_Set1_380W606_2_ouvertePants_380S7_ouverteBody_man_man_weihnachtsgeschenk_Man_set.jpg","datePublished":"2025-12-04T08:00:49+00:00","dateModified":"2025-12-30T23:30:34+00:00","description":"Geschenkset: 1x Schaumwein August der Starke, 1x Sektk\u00fchler, 1x Vintage Holzbox, 1x vegane LederPants, 1x veganer Lederbody = Romantik pur!","breadcrumb":{"@id":"https:\/\/www.wojoer.de\/produkt\/geschenkset-fuer-maenner\/#breadcrumb"},"inLanguage":"en-GB","potentialAction":[{"@type":"ReadAction","target":["https:\/\/www.wojoer.de\/produkt\/geschenkset-fuer-maenner\/"]}]},{"@type":"ImageObject","inLanguage":"en-GB","@id":"https:\/\/www.wojoer.de\/produkt\/geschenkset-fuer-maenner\/#primaryimage","url":"https:\/\/www.wojoer.de\/wp-content\/uploads\/2020\/12\/WOJOER_Set1_380W606_2_ouvertePants_380S7_ouverteBody_man_man_weihnachtsgeschenk_Man_set.jpg","contentUrl":"https:\/\/www.wojoer.de\/wp-content\/uploads\/2020\/12\/WOJOER_Set1_380W606_2_ouvertePants_380S7_ouverteBody_man_man_weihnachtsgeschenk_Man_set.jpg","width":2002,"height":2002},{"@type":"BreadcrumbList","@id":"https:\/\/www.wojoer.de\/produkt\/geschenkset-fuer-maenner\/#breadcrumb","itemListElement":[{"@type":"ListItem","position":1,"name":"Startseite","item":"https:\/\/www.wojoer.de\/"},{"@type":"ListItem","position":2,"name":"SHOP","item":"https:\/\/www.wojoer.de\/shop\/"},{"@type":"ListItem","position":3,"name":"Geschenkeset f\u00fcr M\u00e4nner"}]},{"@type":"WebSite","@id":"https:\/\/www.wojoer.de\/#website","url":"https:\/\/www.wojoer.de\/","name":"WOJOER","description":"clubwear for men","publisher":{"@id":"https:\/\/www.wojoer.de\/#organization"},"potentialAction":[{"@type":"SearchAction","target":{"@type":"EntryPoint","urlTemplate":"https:\/\/www.wojoer.de\/?s={search_term_string}"},"query-input":{"@type":"PropertyValueSpecification","valueRequired":true,"valueName":"search_term_string"}}],"inLanguage":"en-GB"},{"@type":"Organization","@id":"https:\/\/www.wojoer.de\/#organization","name":"Wonneberger-Manufaktur","url":"https:\/\/www.wojoer.de\/","logo":{"@type":"ImageObject","inLanguage":"en-GB","@id":"https:\/\/www.wojoer.de\/#\/schema\/logo\/image\/","url":"https:\/\/www.wojoer.de\/wp-content\/uploads\/2016\/11\/wonnebergermanufaktur_logo_BUTTON.png","contentUrl":"https:\/\/www.wojoer.de\/wp-content\/uploads\/2016\/11\/wonnebergermanufaktur_logo_BUTTON.png","width":765,"height":765,"caption":"Wonneberger-Manufaktur"},"image":{"@id":"https:\/\/www.wojoer.de\/#\/schema\/logo\/image\/"},"sameAs":["https:\/\/www.facebook.com\/wojoer\/","https:\/\/de.pinterest.com\/W0J0ER\/"]}]}},"_links":{"self":[{"href":"https:\/\/www.wojoer.de\/en\/wp-json\/wp\/v2\/product\/41176","targetHints":{"allow":["GET"]}}],"collection":[{"href":"https:\/\/www.wojoer.de\/en\/wp-json\/wp\/v2\/product"}],"about":[{"href":"https:\/\/www.wojoer.de\/en\/wp-json\/wp\/v2\/types\/product"}],"replies":[{"embeddable":true,"href":"https:\/\/www.wojoer.de\/en\/wp-json\/wp\/v2\/comments?post=41176"}],"wp:featuredmedia":[{"embeddable":true,"href":"https:\/\/www.wojoer.de\/en\/wp-json\/wp\/v2\/media\/31889"}],"wp:attachment":[{"href":"https:\/\/www.wojoer.de\/en\/wp-json\/wp\/v2\/media?parent=41176"}],"wp:term":[{"taxonomy":"product_brand","embeddable":true,"href":"https:\/\/www.wojoer.de\/en\/wp-json\/wp\/v2\/product_brand?post=41176"},{"taxonomy":"product_cat","embeddable":true,"href":"https:\/\/www.wojoer.de\/en\/wp-json\/wp\/v2\/product_cat?post=41176"},{"taxonomy":"product_tag","embeddable":true,"href":"https:\/\/www.wojoer.de\/en\/wp-json\/wp\/v2\/product_tag?post=41176"}],"curies":[{"name":"wp","href":"https:\/\/api.w.org\/{rel}","templated":true}]}}