{"id":41300,"date":"2024-09-10T07:04:21","date_gmt":"2024-09-10T05:04:21","guid":{"rendered":"https:\/\/www.wojoer.de\/?post_type=product&#038;p=41300"},"modified":"2025-06-26T05:13:41","modified_gmt":"2025-06-26T03:13:41","slug":"wetlook-gold-ouverte-jock","status":"publish","type":"product","link":"https:\/\/www.wojoer.de\/en\/produkt\/wetlook-gold-ouverte-jock\/","title":{"rendered":"Wetlook gold ouverte Jock"},"content":{"rendered":"<p>Der Wetlook gold ouverte Jock ist Never-Out-of-Stock und geh\u00f6rt damit zu den Wojoer NOS-Produkten<\/p>\n<h3>Gr\u00f6\u00dfen<\/h3>\n<p>Erh\u00e4ltlich in den Gr\u00f6\u00dfen S, M, L, XL, XXL<\/p>\n<h3>Materialzusammensetzung<\/h3>\n<p>95% Polyester\u00a0 |5% Elasthan<\/p>\n<h3>Besonderheiten<\/h3>\n<p><a href=\"http:\/\/www.wojoer.de\/?s=nos&#038;post_type=product\">NOS<\/a>\u00a0 sehr dehnbares Material | hautenge Passform | Gold gl\u00e4nzend | hochwertige Verarbeitung &#8220;Made in Germany&#8221;<\/p>\n<h3>Benutzerhinweise<\/h3>\n<p>Handw\u00e4sche, kein Weichsp\u00fcler<\/p>\n<h3>Wetlook gold\u00a0 &#8211; ouverte Jock<\/h3>\n<p>Wow! Dieses Material ist wahnsinnig erregend. Dar\u00fcber hinaus umschlie\u00dft es die Haut wie fl\u00fcssiges Gold. Auf der einen Seite ist es anschmiegsam weich und auf der anderen Seite verf\u00fchrt es mit einem angenehmen metallic Look. Das ist l\u00e4ngst nicht alles, denn der schillernde Glanz, typisch f\u00fcr diesen besonderen metallic-Look berauscht alle Sinne und entf\u00fchrt dich in eine berauschende Welt in der alle deine Tr\u00e4ume Wirklichkeit werden k\u00f6nnen &#8211; hierdurch bist du der absolute Star! Dieser Jock betont nicht nur s\u00fcndhaft stramm deinen knackigen Po, sondern auch die Front folgt einer freiz\u00fcgigen Silhouette, mit der deine M\u00e4nnlichkeit provokant inszeniert wird. Hei\u00df!<\/p>\n","protected":false},"excerpt":{"rendered":"<p>Der Wetlook gold ouverte Jock ist Never-Out-of-Stock und geh\u00f6rt damit zu den Wojoer NOS-Produkten<br \/>\nGr\u00f6\u00dfen<br \/>\nErh\u00e4ltlich in den Gr\u00f6\u00dfen S, M, L, XL, XXL<br \/>\nMaterialzusammensetzung<br \/>\n95% Polyester\u00a0 |5% Elasthan<br \/>\nBesonderheiten<br \/>\nNOS\u00a0 sehr dehnbares Material | hautenge Passform | Gold gl\u00e4nzend | hochwertige Verarbeitung &#8220;Made in Germany&#8221;<br \/>\nBenutzerhinweise<br \/>\nHandw\u00e4sche,\u2026<\/p>\n","protected":false},"featured_media":41282,"comment_status":"open","ping_status":"closed","template":"","meta":[],"product_brand":[],"product_cat":[116,473,862,195,326],"product_tag":[560,567,1060,244,306],"class_list":{"0":"post-41300","1":"product","2":"type-product","3":"status-publish","4":"has-post-thumbnail","6":"product_cat-clubwear","7":"product_cat-men","8":"product_cat-men-only","9":"product_cat-produktion-auf-bestellung-liveproduktion","10":"product_cat-wojoer","11":"product_tag-glaenzend","12":"product_tag-hose","13":"product_tag-jock","14":"product_tag-leggings","15":"product_tag-metallic","16":"product_shipping_class-beun","17":"pa_farbe-eisblau","18":"pa_farbe-gold","19":"pa_farbe-pink","20":"pa_farbe-schwarz","21":"pa_farbe-silber","22":"pa_groesse-l","23":"pa_groesse-m","24":"pa_groesse-s","25":"pa_groesse-xl","26":"pa_groesse-xxl","27":"pif-has-gallery","28":"post-1","29":"odd","31":"first","32":"onbackorder","33":"taxable","34":"shipping-taxable","35":"purchasable","36":"product-type-variable"},"yoast_head":"<!-- This site is optimized with the Yoast SEO plugin v27.2 - https:\/\/yoast.com\/product\/yoast-seo-wordpress\/ -->\n<title>wetlook leggings | various metallic colours | WOJOER |<\/title>\n<meta name=\"description\" content=\"Soft, stretchy material - Order now for free shipping.\" \/>\n<meta name=\"robots\" content=\"index, follow, max-snippet:-1, max-image-preview:large, max-video-preview:-1\" \/>\n<link rel=\"canonical\" href=\"https:\/\/www.wojoer.de\/en\/produkt\/wetlook-gold-ouverte-jock\/\" \/>\n<meta name=\"twitter:card\" content=\"summary_large_image\" \/>\n<meta name=\"twitter:title\" content=\"wetlook leggings | various metallic colours | WOJOER |\" \/>\n<meta name=\"twitter:description\" content=\"Soft, stretchy material - Order now for free shipping.\" \/>\n<meta name=\"twitter:image\" content=\"https:\/\/www.wojoer.de\/wp-content\/uploads\/2021\/05\/0100-J004-0D-23-06-1.-goldedition-wetlook-jock-dehnbar-gold-front-wojoer.jpg\" \/>\n<meta name=\"twitter:label1\" content=\"Estimated reading time\" \/>\n\t<meta name=\"twitter:data1\" content=\"1 minute\" \/>\n<script type=\"application\/ld+json\" class=\"yoast-schema-graph\">{\"@context\":\"https:\/\/schema.org\",\"@graph\":[{\"@type\":\"WebPage\",\"@id\":\"https:\/\/www.wojoer.de\/en\/produkt\/wetlook-gold-ouverte-jock\/\",\"url\":\"https:\/\/www.wojoer.de\/en\/produkt\/wetlook-gold-ouverte-jock\/\",\"name\":\"wetlook leggings | various metallic colours | WOJOER |\",\"isPartOf\":{\"@id\":\"https:\/\/www.wojoer.de\/#website\"},\"primaryImageOfPage\":{\"@id\":\"https:\/\/www.wojoer.de\/en\/produkt\/wetlook-gold-ouverte-jock\/#primaryimage\"},\"image\":{\"@id\":\"https:\/\/www.wojoer.de\/en\/produkt\/wetlook-gold-ouverte-jock\/#primaryimage\"},\"thumbnailUrl\":\"https:\/\/www.wojoer.de\/wp-content\/uploads\/2021\/05\/0100-J004-0D-23-06-1.-goldedition-wetlook-jock-dehnbar-gold-front-wojoer.jpg\",\"datePublished\":\"2024-09-10T05:04:21+00:00\",\"dateModified\":\"2025-06-26T03:13:41+00:00\",\"description\":\"Soft, stretchy material - Order now for free shipping.\",\"breadcrumb\":{\"@id\":\"https:\/\/www.wojoer.de\/en\/produkt\/wetlook-gold-ouverte-jock\/#breadcrumb\"},\"inLanguage\":\"en-GB\",\"potentialAction\":[{\"@type\":\"ReadAction\",\"target\":[\"https:\/\/www.wojoer.de\/en\/produkt\/wetlook-gold-ouverte-jock\/\"]}]},{\"@type\":\"ImageObject\",\"inLanguage\":\"en-GB\",\"@id\":\"https:\/\/www.wojoer.de\/en\/produkt\/wetlook-gold-ouverte-jock\/#primaryimage\",\"url\":\"https:\/\/www.wojoer.de\/wp-content\/uploads\/2021\/05\/0100-J004-0D-23-06-1.-goldedition-wetlook-jock-dehnbar-gold-front-wojoer.jpg\",\"contentUrl\":\"https:\/\/www.wojoer.de\/wp-content\/uploads\/2021\/05\/0100-J004-0D-23-06-1.-goldedition-wetlook-jock-dehnbar-gold-front-wojoer.jpg\",\"width\":2002,\"height\":2002},{\"@type\":\"BreadcrumbList\",\"@id\":\"https:\/\/www.wojoer.de\/en\/produkt\/wetlook-gold-ouverte-jock\/#breadcrumb\",\"itemListElement\":[{\"@type\":\"ListItem\",\"position\":1,\"name\":\"Startseite\",\"item\":\"https:\/\/www.wojoer.de\/\"},{\"@type\":\"ListItem\",\"position\":2,\"name\":\"SHOP\",\"item\":\"https:\/\/www.wojoer.de\/shop\/\"},{\"@type\":\"ListItem\",\"position\":3,\"name\":\"Wetlook gold ouverte Jock\"}]},{\"@type\":\"WebSite\",\"@id\":\"https:\/\/www.wojoer.de\/#website\",\"url\":\"https:\/\/www.wojoer.de\/\",\"name\":\"WOJOER\",\"description\":\"clubwear for men\",\"publisher\":{\"@id\":\"https:\/\/www.wojoer.de\/#organization\"},\"potentialAction\":[{\"@type\":\"SearchAction\",\"target\":{\"@type\":\"EntryPoint\",\"urlTemplate\":\"https:\/\/www.wojoer.de\/?s={search_term_string}\"},\"query-input\":{\"@type\":\"PropertyValueSpecification\",\"valueRequired\":true,\"valueName\":\"search_term_string\"}}],\"inLanguage\":\"en-GB\"},{\"@type\":\"Organization\",\"@id\":\"https:\/\/www.wojoer.de\/#organization\",\"name\":\"Wonneberger-Manufaktur\",\"url\":\"https:\/\/www.wojoer.de\/\",\"logo\":{\"@type\":\"ImageObject\",\"inLanguage\":\"en-GB\",\"@id\":\"https:\/\/www.wojoer.de\/#\/schema\/logo\/image\/\",\"url\":\"https:\/\/www.wojoer.de\/wp-content\/uploads\/2016\/11\/wonnebergermanufaktur_logo_BUTTON.png\",\"contentUrl\":\"https:\/\/www.wojoer.de\/wp-content\/uploads\/2016\/11\/wonnebergermanufaktur_logo_BUTTON.png\",\"width\":765,\"height\":765,\"caption\":\"Wonneberger-Manufaktur\"},\"image\":{\"@id\":\"https:\/\/www.wojoer.de\/#\/schema\/logo\/image\/\"},\"sameAs\":[\"https:\/\/www.facebook.com\/wojoer\/\",\"https:\/\/de.pinterest.com\/W0J0ER\/\"]}]}<\/script>\n<!-- \/ Yoast SEO plugin. -->","yoast_head_json":{"title":"wetlook leggings | various metallic colours | WOJOER |","description":"Soft, stretchy material - Order now for free shipping.","robots":{"index":"index","follow":"follow","max-snippet":"max-snippet:-1","max-image-preview":"max-image-preview:large","max-video-preview":"max-video-preview:-1"},"canonical":"https:\/\/www.wojoer.de\/en\/produkt\/wetlook-gold-ouverte-jock\/","twitter_card":"summary_large_image","twitter_title":"wetlook leggings | various metallic colours | WOJOER |","twitter_description":"Soft, stretchy material - Order now for free shipping.","twitter_image":"https:\/\/www.wojoer.de\/wp-content\/uploads\/2021\/05\/0100-J004-0D-23-06-1.-goldedition-wetlook-jock-dehnbar-gold-front-wojoer.jpg","twitter_misc":{"Estimated reading time":"1 minute"},"schema":{"@context":"https:\/\/schema.org","@graph":[{"@type":"WebPage","@id":"https:\/\/www.wojoer.de\/en\/produkt\/wetlook-gold-ouverte-jock\/","url":"https:\/\/www.wojoer.de\/en\/produkt\/wetlook-gold-ouverte-jock\/","name":"wetlook leggings | various metallic colours | WOJOER |","isPartOf":{"@id":"https:\/\/www.wojoer.de\/#website"},"primaryImageOfPage":{"@id":"https:\/\/www.wojoer.de\/en\/produkt\/wetlook-gold-ouverte-jock\/#primaryimage"},"image":{"@id":"https:\/\/www.wojoer.de\/en\/produkt\/wetlook-gold-ouverte-jock\/#primaryimage"},"thumbnailUrl":"https:\/\/www.wojoer.de\/wp-content\/uploads\/2021\/05\/0100-J004-0D-23-06-1.-goldedition-wetlook-jock-dehnbar-gold-front-wojoer.jpg","datePublished":"2024-09-10T05:04:21+00:00","dateModified":"2025-06-26T03:13:41+00:00","description":"Soft, stretchy material - Order now for free shipping.","breadcrumb":{"@id":"https:\/\/www.wojoer.de\/en\/produkt\/wetlook-gold-ouverte-jock\/#breadcrumb"},"inLanguage":"en-GB","potentialAction":[{"@type":"ReadAction","target":["https:\/\/www.wojoer.de\/en\/produkt\/wetlook-gold-ouverte-jock\/"]}]},{"@type":"ImageObject","inLanguage":"en-GB","@id":"https:\/\/www.wojoer.de\/en\/produkt\/wetlook-gold-ouverte-jock\/#primaryimage","url":"https:\/\/www.wojoer.de\/wp-content\/uploads\/2021\/05\/0100-J004-0D-23-06-1.-goldedition-wetlook-jock-dehnbar-gold-front-wojoer.jpg","contentUrl":"https:\/\/www.wojoer.de\/wp-content\/uploads\/2021\/05\/0100-J004-0D-23-06-1.-goldedition-wetlook-jock-dehnbar-gold-front-wojoer.jpg","width":2002,"height":2002},{"@type":"BreadcrumbList","@id":"https:\/\/www.wojoer.de\/en\/produkt\/wetlook-gold-ouverte-jock\/#breadcrumb","itemListElement":[{"@type":"ListItem","position":1,"name":"Startseite","item":"https:\/\/www.wojoer.de\/"},{"@type":"ListItem","position":2,"name":"SHOP","item":"https:\/\/www.wojoer.de\/shop\/"},{"@type":"ListItem","position":3,"name":"Wetlook gold ouverte Jock"}]},{"@type":"WebSite","@id":"https:\/\/www.wojoer.de\/#website","url":"https:\/\/www.wojoer.de\/","name":"WOJOER","description":"clubwear for men","publisher":{"@id":"https:\/\/www.wojoer.de\/#organization"},"potentialAction":[{"@type":"SearchAction","target":{"@type":"EntryPoint","urlTemplate":"https:\/\/www.wojoer.de\/?s={search_term_string}"},"query-input":{"@type":"PropertyValueSpecification","valueRequired":true,"valueName":"search_term_string"}}],"inLanguage":"en-GB"},{"@type":"Organization","@id":"https:\/\/www.wojoer.de\/#organization","name":"Wonneberger-Manufaktur","url":"https:\/\/www.wojoer.de\/","logo":{"@type":"ImageObject","inLanguage":"en-GB","@id":"https:\/\/www.wojoer.de\/#\/schema\/logo\/image\/","url":"https:\/\/www.wojoer.de\/wp-content\/uploads\/2016\/11\/wonnebergermanufaktur_logo_BUTTON.png","contentUrl":"https:\/\/www.wojoer.de\/wp-content\/uploads\/2016\/11\/wonnebergermanufaktur_logo_BUTTON.png","width":765,"height":765,"caption":"Wonneberger-Manufaktur"},"image":{"@id":"https:\/\/www.wojoer.de\/#\/schema\/logo\/image\/"},"sameAs":["https:\/\/www.facebook.com\/wojoer\/","https:\/\/de.pinterest.com\/W0J0ER\/"]}]}},"_links":{"self":[{"href":"https:\/\/www.wojoer.de\/en\/wp-json\/wp\/v2\/product\/41300","targetHints":{"allow":["GET"]}}],"collection":[{"href":"https:\/\/www.wojoer.de\/en\/wp-json\/wp\/v2\/product"}],"about":[{"href":"https:\/\/www.wojoer.de\/en\/wp-json\/wp\/v2\/types\/product"}],"replies":[{"embeddable":true,"href":"https:\/\/www.wojoer.de\/en\/wp-json\/wp\/v2\/comments?post=41300"}],"wp:featuredmedia":[{"embeddable":true,"href":"https:\/\/www.wojoer.de\/en\/wp-json\/wp\/v2\/media\/41282"}],"wp:attachment":[{"href":"https:\/\/www.wojoer.de\/en\/wp-json\/wp\/v2\/media?parent=41300"}],"wp:term":[{"taxonomy":"product_brand","embeddable":true,"href":"https:\/\/www.wojoer.de\/en\/wp-json\/wp\/v2\/product_brand?post=41300"},{"taxonomy":"product_cat","embeddable":true,"href":"https:\/\/www.wojoer.de\/en\/wp-json\/wp\/v2\/product_cat?post=41300"},{"taxonomy":"product_tag","embeddable":true,"href":"https:\/\/www.wojoer.de\/en\/wp-json\/wp\/v2\/product_tag?post=41300"}],"curies":[{"name":"wp","href":"https:\/\/api.w.org\/{rel}","templated":true}]}}