{"id":41491,"date":"2023-11-25T12:57:50","date_gmt":"2023-11-25T11:57:50","guid":{"rendered":"https:\/\/www.wojoer.de\/?post_type=product&#038;p=41491"},"modified":"2026-01-05T10:58:40","modified_gmt":"2026-01-05T09:58:40","slug":"sport-kleid-chemnitz-edition","status":"publish","type":"product","link":"https:\/\/www.wojoer.de\/en\/produkt\/sport-kleid-chemnitz-edition\/","title":{"rendered":"Damen Kleid &#8220;Chemnitz Edition&#8221;"},"content":{"rendered":"<p>Wunderbar anschmiegsames, dehnbares und luftiges Damen Sport Kleid im bunten Chemnitz-Design mit dem Karl Marx-Kopf.<\/p>\n<h3>Gr\u00f6\u00dfen<\/h3>\n<p>Erh\u00e4ltlich in den Gr\u00f6\u00dfen: XS, S, M, L, XL, XXL<\/p>\n<h3>Materialzusammensetzung<\/h3>\n<p>Hauptmaterial: 86% Polyester, 14%Elasthan<\/p>\n<h3>Besonderheiten<\/h3>\n<p>&#8211; weiches und luftiges Sport Kleid\u00a0 f\u00fcr besonders weichen Komfort<br \/>\n&#8211; erst k\u00fchlend, dann klimaregulierend (f\u00fcr Fr\u00fchling und Sommer)<br \/>\n&#8211; hochwertige Verarbeitung \u201eMade in Germany\u201c<\/p>\n<h3>Benutzerhinweise<\/h3>\n<p>&#8211; vor dem ersten Tragen waschen<br \/>\n<strong>&#8211; 30\u00b0C Schonw\u00e4sche ohne Weichsp\u00fcler<br \/>\n<\/strong><\/p>\n<p><span class=\"hiddenSpellError\">CHEMNITZ SPORT KLEID &#8211; Nostalgie Kleid<\/span><span id=\"productTitle\" class=\"a-size-large product-title-word-break\"><br \/>\n<\/span><\/p>\n<p><span class=\"hiddenSpellError\">Im Mittelpunkt unseres Designs steht das weltber\u00fchmte Wahrzeichen von Chemnitz, der monomentale Karl Marx-Kopf. Der sich mit dem Titel: Gr\u00f6\u00dfte Kopfplastik der Welt r\u00fchmen kann! Der Farbklang ist inspiriert von den sechs Regenbogenfarben plus der t\u00fcrkisen Himmelsfarbe an einem sonnigen Tag. Auf diesem t\u00fcrkisen Kopf haben wir in Form eines Graffitis das Wort Freiheit geschrieben und symbolisch V\u00f6gel in die Luft steigen lassen. Diese Thematik unterstreichen wir mit dem roten Kopf, der Farbe der Liebe, und einem Abbild der weltber\u00fchmten Krone mit den 7 Zacken. Diese stehen f\u00fcr die Kontinente der Erde und die sieben Weltmeere, sozusagen f\u00fcr die ganze Welt als eine Einheit. Die letzten 3 Jahre haben die Menschen auf dieser Welt sehr gepr\u00e4gt, herausgefordert und auch gespalten. Unser gr\u00fcner Kopf verk\u00f6rpert daher die Zuversicht und eine kleine versteckte Botschaft, sich nicht immer zu ernst nehmen zu m\u00fcssen. Umzingelt wird dieser Kopf von dem gelben Kopf mit dem Graffiti der unendlichen Liebe und die drei Symbole des violetten Kopfes, Frieden, Liebe und Harmonie. Der orangene Kopf, ein Synonym f\u00fcr Licht und W\u00e4rme, h\u00e4lt sich etwas bedeckt aber zeigt, dass es sich lohnt f\u00fcr sein Gl\u00fcck zu k\u00e4mpfen und das eine oder andere Mal auch daf\u00fcr belohnt zu werden. Das starke Blau repr\u00e4sentiert eine klare Besonnenheit, Objektivit\u00e4t, Neutralit\u00e4t und Klarheit \u2013 es steht f\u00fcr Vertrauen, Vertrauen in sich, in die Menschen, in die Zukunft, in die Liebe. <3 \u00a0\u00a0Tja, und ein Regenbogen-Einhorn versteckt sich auch im Bild.<\/span><\/p>\n","protected":false},"excerpt":{"rendered":"<p>Wunderbar anschmiegsames, dehnbares und luftiges Damen Sport Kleid im bunten Chemnitz-Design mit dem Karl Marx-Kopf.<br \/>\nGr\u00f6\u00dfen<br \/>\nErh\u00e4ltlich in den Gr\u00f6\u00dfen: XS, S, M, L, XL, XXL<br \/>\nMaterialzusammensetzung<br \/>\nHauptmaterial: 86% Polyester, 14%Elasthan<br \/>\nBesonderheiten<br \/>\n&#8211; weiches und luftiges Sport Kleid\u00a0 f\u00fcr besonders weichen Komfort<br \/>\n&#8211; erst k\u00fchlend, dann klimaregulierend\u2026<\/p>\n","protected":false},"featured_media":41381,"comment_status":"open","ping_status":"closed","template":"","meta":[],"product_brand":[],"product_cat":[873],"product_tag":[1044,855],"class_list":{"0":"post-41491","1":"product","2":"type-product","3":"status-publish","4":"has-post-thumbnail","6":"product_cat-chemnitz-edition","7":"product_tag-chemnitz","8":"product_tag-kleid","9":"product_shipping_class-beun","10":"pa_groesse-l","11":"pa_groesse-m","12":"pa_groesse-s","13":"pa_groesse-xl","14":"pa_groesse-xs","15":"pa_groesse-xxl","16":"pif-has-gallery","17":"post-1","18":"odd","20":"first","21":"onbackorder","22":"taxable","23":"shipping-taxable","24":"purchasable","25":"product-type-variable"},"yoast_head":"<!-- This site is optimized with the Yoast SEO plugin v27.2 - https:\/\/yoast.com\/product\/yoast-seo-wordpress\/ -->\n<title>sport Kleid Damen | Nostalgie | Chemnitz<\/title>\n<meta name=\"description\" content=\"Sport Kleid aus super dehnbarem, weichen und luftigem Stretch-Material f\u00fcr einen komfortablen Tragekomfort. Jetzt online bestellen.\" \/>\n<meta name=\"robots\" content=\"index, follow, max-snippet:-1, max-image-preview:large, max-video-preview:-1\" \/>\n<link rel=\"canonical\" href=\"https:\/\/www.wojoer.de\/en\/produkt\/sport-kleid-chemnitz-edition\/\" \/>\n<meta name=\"twitter:card\" content=\"summary_large_image\" \/>\n<meta name=\"twitter:title\" content=\"sport Kleid Damen | Nostalgie | Chemnitz\" \/>\n<meta name=\"twitter:description\" content=\"Sport Kleid aus super dehnbarem, weichen und luftigem Stretch-Material f\u00fcr einen komfortablen Tragekomfort. Jetzt online bestellen.\" \/>\n<meta name=\"twitter:image\" content=\"https:\/\/www.wojoer.de\/wp-content\/uploads\/2023\/11\/Chemnitz_Kleid_image_side-scaled.jpg\" \/>\n<meta name=\"twitter:label1\" content=\"Estimated reading time\" \/>\n\t<meta name=\"twitter:data1\" content=\"2 minutes\" \/>\n<script type=\"application\/ld+json\" class=\"yoast-schema-graph\">{\"@context\":\"https:\/\/schema.org\",\"@graph\":[{\"@type\":\"WebPage\",\"@id\":\"https:\/\/www.wojoer.de\/en\/produkt\/sport-kleid-chemnitz-edition\/\",\"url\":\"https:\/\/www.wojoer.de\/en\/produkt\/sport-kleid-chemnitz-edition\/\",\"name\":\"sport Kleid Damen | Nostalgie | Chemnitz\",\"isPartOf\":{\"@id\":\"https:\/\/www.wojoer.de\/#website\"},\"primaryImageOfPage\":{\"@id\":\"https:\/\/www.wojoer.de\/en\/produkt\/sport-kleid-chemnitz-edition\/#primaryimage\"},\"image\":{\"@id\":\"https:\/\/www.wojoer.de\/en\/produkt\/sport-kleid-chemnitz-edition\/#primaryimage\"},\"thumbnailUrl\":\"https:\/\/www.wojoer.de\/wp-content\/uploads\/2023\/11\/Chemnitz_Kleid_image_side-scaled.jpg\",\"datePublished\":\"2023-11-25T11:57:50+00:00\",\"dateModified\":\"2026-01-05T09:58:40+00:00\",\"description\":\"Sport Kleid aus super dehnbarem, weichen und luftigem Stretch-Material f\u00fcr einen komfortablen Tragekomfort. Jetzt online bestellen.\",\"breadcrumb\":{\"@id\":\"https:\/\/www.wojoer.de\/en\/produkt\/sport-kleid-chemnitz-edition\/#breadcrumb\"},\"inLanguage\":\"en-GB\",\"potentialAction\":[{\"@type\":\"ReadAction\",\"target\":[\"https:\/\/www.wojoer.de\/en\/produkt\/sport-kleid-chemnitz-edition\/\"]}]},{\"@type\":\"ImageObject\",\"inLanguage\":\"en-GB\",\"@id\":\"https:\/\/www.wojoer.de\/en\/produkt\/sport-kleid-chemnitz-edition\/#primaryimage\",\"url\":\"https:\/\/www.wojoer.de\/wp-content\/uploads\/2023\/11\/Chemnitz_Kleid_image_side-scaled.jpg\",\"contentUrl\":\"https:\/\/www.wojoer.de\/wp-content\/uploads\/2023\/11\/Chemnitz_Kleid_image_side-scaled.jpg\",\"width\":2560,\"height\":2560},{\"@type\":\"BreadcrumbList\",\"@id\":\"https:\/\/www.wojoer.de\/en\/produkt\/sport-kleid-chemnitz-edition\/#breadcrumb\",\"itemListElement\":[{\"@type\":\"ListItem\",\"position\":1,\"name\":\"Startseite\",\"item\":\"https:\/\/www.wojoer.de\/\"},{\"@type\":\"ListItem\",\"position\":2,\"name\":\"SHOP\",\"item\":\"https:\/\/www.wojoer.de\/shop\/\"},{\"@type\":\"ListItem\",\"position\":3,\"name\":\"Damen Kleid &#8222;Chemnitz Edition&#8220;\"}]},{\"@type\":\"WebSite\",\"@id\":\"https:\/\/www.wojoer.de\/#website\",\"url\":\"https:\/\/www.wojoer.de\/\",\"name\":\"WOJOER\",\"description\":\"clubwear for men\",\"publisher\":{\"@id\":\"https:\/\/www.wojoer.de\/#organization\"},\"potentialAction\":[{\"@type\":\"SearchAction\",\"target\":{\"@type\":\"EntryPoint\",\"urlTemplate\":\"https:\/\/www.wojoer.de\/?s={search_term_string}\"},\"query-input\":{\"@type\":\"PropertyValueSpecification\",\"valueRequired\":true,\"valueName\":\"search_term_string\"}}],\"inLanguage\":\"en-GB\"},{\"@type\":\"Organization\",\"@id\":\"https:\/\/www.wojoer.de\/#organization\",\"name\":\"Wonneberger-Manufaktur\",\"url\":\"https:\/\/www.wojoer.de\/\",\"logo\":{\"@type\":\"ImageObject\",\"inLanguage\":\"en-GB\",\"@id\":\"https:\/\/www.wojoer.de\/#\/schema\/logo\/image\/\",\"url\":\"https:\/\/www.wojoer.de\/wp-content\/uploads\/2016\/11\/wonnebergermanufaktur_logo_BUTTON.png\",\"contentUrl\":\"https:\/\/www.wojoer.de\/wp-content\/uploads\/2016\/11\/wonnebergermanufaktur_logo_BUTTON.png\",\"width\":765,\"height\":765,\"caption\":\"Wonneberger-Manufaktur\"},\"image\":{\"@id\":\"https:\/\/www.wojoer.de\/#\/schema\/logo\/image\/\"},\"sameAs\":[\"https:\/\/www.facebook.com\/wojoer\/\",\"https:\/\/de.pinterest.com\/W0J0ER\/\"]}]}<\/script>\n<!-- \/ Yoast SEO plugin. -->","yoast_head_json":{"title":"sport Kleid Damen | Nostalgie | Chemnitz","description":"Sport Kleid aus super dehnbarem, weichen und luftigem Stretch-Material f\u00fcr einen komfortablen Tragekomfort. Jetzt online bestellen.","robots":{"index":"index","follow":"follow","max-snippet":"max-snippet:-1","max-image-preview":"max-image-preview:large","max-video-preview":"max-video-preview:-1"},"canonical":"https:\/\/www.wojoer.de\/en\/produkt\/sport-kleid-chemnitz-edition\/","twitter_card":"summary_large_image","twitter_title":"sport Kleid Damen | Nostalgie | Chemnitz","twitter_description":"Sport Kleid aus super dehnbarem, weichen und luftigem Stretch-Material f\u00fcr einen komfortablen Tragekomfort. Jetzt online bestellen.","twitter_image":"https:\/\/www.wojoer.de\/wp-content\/uploads\/2023\/11\/Chemnitz_Kleid_image_side-scaled.jpg","twitter_misc":{"Estimated reading time":"2 minutes"},"schema":{"@context":"https:\/\/schema.org","@graph":[{"@type":"WebPage","@id":"https:\/\/www.wojoer.de\/en\/produkt\/sport-kleid-chemnitz-edition\/","url":"https:\/\/www.wojoer.de\/en\/produkt\/sport-kleid-chemnitz-edition\/","name":"sport Kleid Damen | Nostalgie | Chemnitz","isPartOf":{"@id":"https:\/\/www.wojoer.de\/#website"},"primaryImageOfPage":{"@id":"https:\/\/www.wojoer.de\/en\/produkt\/sport-kleid-chemnitz-edition\/#primaryimage"},"image":{"@id":"https:\/\/www.wojoer.de\/en\/produkt\/sport-kleid-chemnitz-edition\/#primaryimage"},"thumbnailUrl":"https:\/\/www.wojoer.de\/wp-content\/uploads\/2023\/11\/Chemnitz_Kleid_image_side-scaled.jpg","datePublished":"2023-11-25T11:57:50+00:00","dateModified":"2026-01-05T09:58:40+00:00","description":"Sport Kleid aus super dehnbarem, weichen und luftigem Stretch-Material f\u00fcr einen komfortablen Tragekomfort. Jetzt online bestellen.","breadcrumb":{"@id":"https:\/\/www.wojoer.de\/en\/produkt\/sport-kleid-chemnitz-edition\/#breadcrumb"},"inLanguage":"en-GB","potentialAction":[{"@type":"ReadAction","target":["https:\/\/www.wojoer.de\/en\/produkt\/sport-kleid-chemnitz-edition\/"]}]},{"@type":"ImageObject","inLanguage":"en-GB","@id":"https:\/\/www.wojoer.de\/en\/produkt\/sport-kleid-chemnitz-edition\/#primaryimage","url":"https:\/\/www.wojoer.de\/wp-content\/uploads\/2023\/11\/Chemnitz_Kleid_image_side-scaled.jpg","contentUrl":"https:\/\/www.wojoer.de\/wp-content\/uploads\/2023\/11\/Chemnitz_Kleid_image_side-scaled.jpg","width":2560,"height":2560},{"@type":"BreadcrumbList","@id":"https:\/\/www.wojoer.de\/en\/produkt\/sport-kleid-chemnitz-edition\/#breadcrumb","itemListElement":[{"@type":"ListItem","position":1,"name":"Startseite","item":"https:\/\/www.wojoer.de\/"},{"@type":"ListItem","position":2,"name":"SHOP","item":"https:\/\/www.wojoer.de\/shop\/"},{"@type":"ListItem","position":3,"name":"Damen Kleid &#8222;Chemnitz Edition&#8220;"}]},{"@type":"WebSite","@id":"https:\/\/www.wojoer.de\/#website","url":"https:\/\/www.wojoer.de\/","name":"WOJOER","description":"clubwear for men","publisher":{"@id":"https:\/\/www.wojoer.de\/#organization"},"potentialAction":[{"@type":"SearchAction","target":{"@type":"EntryPoint","urlTemplate":"https:\/\/www.wojoer.de\/?s={search_term_string}"},"query-input":{"@type":"PropertyValueSpecification","valueRequired":true,"valueName":"search_term_string"}}],"inLanguage":"en-GB"},{"@type":"Organization","@id":"https:\/\/www.wojoer.de\/#organization","name":"Wonneberger-Manufaktur","url":"https:\/\/www.wojoer.de\/","logo":{"@type":"ImageObject","inLanguage":"en-GB","@id":"https:\/\/www.wojoer.de\/#\/schema\/logo\/image\/","url":"https:\/\/www.wojoer.de\/wp-content\/uploads\/2016\/11\/wonnebergermanufaktur_logo_BUTTON.png","contentUrl":"https:\/\/www.wojoer.de\/wp-content\/uploads\/2016\/11\/wonnebergermanufaktur_logo_BUTTON.png","width":765,"height":765,"caption":"Wonneberger-Manufaktur"},"image":{"@id":"https:\/\/www.wojoer.de\/#\/schema\/logo\/image\/"},"sameAs":["https:\/\/www.facebook.com\/wojoer\/","https:\/\/de.pinterest.com\/W0J0ER\/"]}]}},"_links":{"self":[{"href":"https:\/\/www.wojoer.de\/en\/wp-json\/wp\/v2\/product\/41491","targetHints":{"allow":["GET"]}}],"collection":[{"href":"https:\/\/www.wojoer.de\/en\/wp-json\/wp\/v2\/product"}],"about":[{"href":"https:\/\/www.wojoer.de\/en\/wp-json\/wp\/v2\/types\/product"}],"replies":[{"embeddable":true,"href":"https:\/\/www.wojoer.de\/en\/wp-json\/wp\/v2\/comments?post=41491"}],"wp:featuredmedia":[{"embeddable":true,"href":"https:\/\/www.wojoer.de\/en\/wp-json\/wp\/v2\/media\/41381"}],"wp:attachment":[{"href":"https:\/\/www.wojoer.de\/en\/wp-json\/wp\/v2\/media?parent=41491"}],"wp:term":[{"taxonomy":"product_brand","embeddable":true,"href":"https:\/\/www.wojoer.de\/en\/wp-json\/wp\/v2\/product_brand?post=41491"},{"taxonomy":"product_cat","embeddable":true,"href":"https:\/\/www.wojoer.de\/en\/wp-json\/wp\/v2\/product_cat?post=41491"},{"taxonomy":"product_tag","embeddable":true,"href":"https:\/\/www.wojoer.de\/en\/wp-json\/wp\/v2\/product_tag?post=41491"}],"curies":[{"name":"wp","href":"https:\/\/api.w.org\/{rel}","templated":true}]}}