{"id":41633,"date":"2025-10-22T07:27:53","date_gmt":"2025-10-22T05:27:53","guid":{"rendered":"https:\/\/www.wojoer.de\/en\/?post_type=product&#038;p=41633"},"modified":"2025-10-22T11:03:44","modified_gmt":"2025-10-22T09:03:44","slug":"pelz-bolero","status":"publish","type":"product","link":"https:\/\/www.wojoer.de\/en\/produkt\/pelz-bolero\/","title":{"rendered":"Pelz Bolero"},"content":{"rendered":"<p>Diese<span class=\"a-list-item a-size-base a-color-base\">r weiche Luxus Pelz Bolero besteht aus dichtem Kunst Fell mit hochwertig feiner Textur. Puristisches Design, bequem und langlebig.<br \/>\n<\/span><\/p>\n<h3>Gr\u00f6\u00dfen<\/h3>\n<p>XS, Unisize, XXL-3XL<\/p>\n<h3>Materialzusammensetzung<\/h3>\n<p>veganer Kunst-Pelz: 89% Modal | 11% Polyester | 20% Polyurethan<\/p>\n<p>veganer Kunst-Ledereinfass: 94% Polyester | 6% Elastan<\/p>\n<h3>Besonderheiten<\/h3>\n<p><a href=\"http:\/\/www.wojoer.de\/?s=nos&#038;post_type=product\">NOS<\/a>| besonders feine Haarspitzen | kein Extra Futter f\u00fcr mehr Atmungsaktivit\u00e4t | hochwertige Verarbeitung &#8220;Made in Germany&#8221;<\/p>\n<h3>Benutzerhinweise<\/h3>\n<p>Handw\u00e4sche | nur in Haarrichtung mit einem feuchten Tuch abwischen (Schonwaschmaschineng\u00e4nge bei Wollprogramm bei 30\u00b0 sind m\u00f6glich, lassen die Haare aber stumper aussehen)<\/p>\n<h3>Pelz Bolero &#8211; Kunstfell &#8211; veganer Pelz, Kunstpelz, scharzer Fellmantel, Fellbolero<\/h3>\n<p>Du schreitest in den Raum und alles h\u00e4lt inne. Jeder Blick zieht dich aus und ist von deiner Erscheinung gebannt. Und dann legst du los, bewegst dich, bringst die Herzen um dich herum zum schwingen und genie\u00dft die volle Aufmerksamkeit, selbst derer im Raum, die so tun, als h\u00e4tten sie dich nciht bewerkt. Sie sind eben sch\u00fcchtern, aber das wei\u00dft du und kostest das Gef\u00fchl gesehen und begehrt zu werden in vollen Z\u00fcgen aus. Du schaust wie ein K\u00f6nig auf dein Volk und genie\u00dft den weichem Komfort Touch deines edel gl\u00e4nzenden Pelzboleros. Das Material befl\u00fcgelt durch sein dichtes Fell und die fein zulaufende Haarstruktur, was den Mantel wie einen echten Zobel aussehen und anfassen l\u00e4sst, ohne dass ein Tier daf\u00fcr leiden musste. So erotisch kurz geschnitten, wie dieser luxuri\u00f6se Plez Bolero ist, weckst du begehrliche Phantasien und betonst die Vorz\u00fcge deiner Figur ausgesprochen vorteilhaft.<\/p>\n","protected":false},"excerpt":{"rendered":"<p>Dieser weiche Luxus Pelz Bolero <strong>mit grober Innen-Optik f\u00fcr mehr Leichtigkeit, rutschfestem Tragekomfort und f\u00fcr den kleineren Geldbeutel. <\/strong>Besteht aus dichtem Kunst Fell mit hochwertig feiner Textur. Puristisches Design, bequem und langlebig.<\/p>\n<p>Gr\u00f6\u00dfen<br \/>\nXS, S-XL, XXL-3XL<br \/>\nMaterialzusammensetzung<br \/>\nveganer Kunst-Pelz: 89% Modal | 11% Polyester\u2026<\/p>\n","protected":false},"featured_media":41662,"comment_status":"open","ping_status":"closed","template":"","meta":[],"product_brand":[],"product_cat":[116,473,326],"product_tag":[339,560,933,856],"class_list":{"0":"post-41633","1":"product","2":"type-product","3":"status-publish","4":"has-post-thumbnail","6":"product_cat-clubwear","7":"product_cat-men","8":"product_cat-wojoer","9":"product_tag-fell","10":"product_tag-glaenzend","11":"product_tag-jacke","12":"product_tag-shirt","13":"product_shipping_class-beun","14":"pa_farbe-neonpink","15":"pa_farbe-schwarz","16":"pa_groesse-l","17":"pa_groesse-m","18":"pa_groesse-s","19":"pa_groesse-s-xl-2","20":"pa_groesse-unisize","21":"pa_groesse-xl","22":"pa_groesse-xs","23":"pa_groesse-xxl","24":"pa_groesse-xxl-3xl","25":"pa_groesse-xxxl","26":"pif-has-gallery","27":"post-1","28":"odd","30":"first","31":"onbackorder","32":"taxable","33":"shipping-taxable","34":"purchasable","35":"product-type-variable"},"yoast_head":"<!-- This site is optimized with the Yoast SEO plugin v27.2 - https:\/\/yoast.com\/product\/yoast-seo-wordpress\/ -->\n<title>Pelz | Bolero | WOJOER<\/title>\n<meta name=\"description\" content=\"Pelz Bolero Jetzt online bestellen, versandkostenfrei!\" \/>\n<meta name=\"robots\" content=\"index, follow, max-snippet:-1, max-image-preview:large, max-video-preview:-1\" \/>\n<link rel=\"canonical\" href=\"https:\/\/www.wojoer.de\/en\/produkt\/pelz-bolero\/\" \/>\n<meta name=\"twitter:card\" content=\"summary_large_image\" \/>\n<meta name=\"twitter:title\" content=\"Pelz | Bolero | WOJOER\" \/>\n<meta name=\"twitter:description\" content=\"Pelz Bolero Jetzt online bestellen, versandkostenfrei!\" \/>\n<meta name=\"twitter:image\" content=\"https:\/\/www.wojoer.de\/wp-content\/uploads\/2023\/11\/0425-T108-0F-00-00-1._Pelz-Bolero-luxery-schwarz-unisize-front-wojoer1.jpg\" \/>\n<meta name=\"twitter:label1\" content=\"Estimated reading time\" \/>\n\t<meta name=\"twitter:data1\" content=\"2 minutes\" \/>\n<script type=\"application\/ld+json\" class=\"yoast-schema-graph\">{\"@context\":\"https:\/\/schema.org\",\"@graph\":[{\"@type\":\"WebPage\",\"@id\":\"https:\/\/www.wojoer.de\/en\/produkt\/pelz-bolero\/\",\"url\":\"https:\/\/www.wojoer.de\/en\/produkt\/pelz-bolero\/\",\"name\":\"Pelz | Bolero | WOJOER\",\"isPartOf\":{\"@id\":\"https:\/\/www.wojoer.de\/#website\"},\"primaryImageOfPage\":{\"@id\":\"https:\/\/www.wojoer.de\/en\/produkt\/pelz-bolero\/#primaryimage\"},\"image\":{\"@id\":\"https:\/\/www.wojoer.de\/en\/produkt\/pelz-bolero\/#primaryimage\"},\"thumbnailUrl\":\"https:\/\/www.wojoer.de\/wp-content\/uploads\/2023\/11\/0425-T108-0F-00-00-1._Pelz-Bolero-luxery-schwarz-unisize-front-wojoer1.jpg\",\"datePublished\":\"2025-10-22T05:27:53+00:00\",\"dateModified\":\"2025-10-22T09:03:44+00:00\",\"description\":\"Pelz Bolero Jetzt online bestellen, versandkostenfrei!\",\"breadcrumb\":{\"@id\":\"https:\/\/www.wojoer.de\/en\/produkt\/pelz-bolero\/#breadcrumb\"},\"inLanguage\":\"en-GB\",\"potentialAction\":[{\"@type\":\"ReadAction\",\"target\":[\"https:\/\/www.wojoer.de\/en\/produkt\/pelz-bolero\/\"]}]},{\"@type\":\"ImageObject\",\"inLanguage\":\"en-GB\",\"@id\":\"https:\/\/www.wojoer.de\/en\/produkt\/pelz-bolero\/#primaryimage\",\"url\":\"https:\/\/www.wojoer.de\/wp-content\/uploads\/2023\/11\/0425-T108-0F-00-00-1._Pelz-Bolero-luxery-schwarz-unisize-front-wojoer1.jpg\",\"contentUrl\":\"https:\/\/www.wojoer.de\/wp-content\/uploads\/2023\/11\/0425-T108-0F-00-00-1._Pelz-Bolero-luxery-schwarz-unisize-front-wojoer1.jpg\",\"width\":2002,\"height\":2002},{\"@type\":\"BreadcrumbList\",\"@id\":\"https:\/\/www.wojoer.de\/en\/produkt\/pelz-bolero\/#breadcrumb\",\"itemListElement\":[{\"@type\":\"ListItem\",\"position\":1,\"name\":\"Startseite\",\"item\":\"https:\/\/www.wojoer.de\/\"},{\"@type\":\"ListItem\",\"position\":2,\"name\":\"SHOP\",\"item\":\"https:\/\/www.wojoer.de\/shop\/\"},{\"@type\":\"ListItem\",\"position\":3,\"name\":\"Pelz Bolero\"}]},{\"@type\":\"WebSite\",\"@id\":\"https:\/\/www.wojoer.de\/#website\",\"url\":\"https:\/\/www.wojoer.de\/\",\"name\":\"WOJOER\",\"description\":\"clubwear for men\",\"publisher\":{\"@id\":\"https:\/\/www.wojoer.de\/#organization\"},\"potentialAction\":[{\"@type\":\"SearchAction\",\"target\":{\"@type\":\"EntryPoint\",\"urlTemplate\":\"https:\/\/www.wojoer.de\/?s={search_term_string}\"},\"query-input\":{\"@type\":\"PropertyValueSpecification\",\"valueRequired\":true,\"valueName\":\"search_term_string\"}}],\"inLanguage\":\"en-GB\"},{\"@type\":\"Organization\",\"@id\":\"https:\/\/www.wojoer.de\/#organization\",\"name\":\"Wonneberger-Manufaktur\",\"url\":\"https:\/\/www.wojoer.de\/\",\"logo\":{\"@type\":\"ImageObject\",\"inLanguage\":\"en-GB\",\"@id\":\"https:\/\/www.wojoer.de\/#\/schema\/logo\/image\/\",\"url\":\"https:\/\/www.wojoer.de\/wp-content\/uploads\/2016\/11\/wonnebergermanufaktur_logo_BUTTON.png\",\"contentUrl\":\"https:\/\/www.wojoer.de\/wp-content\/uploads\/2016\/11\/wonnebergermanufaktur_logo_BUTTON.png\",\"width\":765,\"height\":765,\"caption\":\"Wonneberger-Manufaktur\"},\"image\":{\"@id\":\"https:\/\/www.wojoer.de\/#\/schema\/logo\/image\/\"},\"sameAs\":[\"https:\/\/www.facebook.com\/wojoer\/\",\"https:\/\/de.pinterest.com\/W0J0ER\/\"]}]}<\/script>\n<!-- \/ Yoast SEO plugin. -->","yoast_head_json":{"title":"Pelz | Bolero | WOJOER","description":"Pelz Bolero Jetzt online bestellen, versandkostenfrei!","robots":{"index":"index","follow":"follow","max-snippet":"max-snippet:-1","max-image-preview":"max-image-preview:large","max-video-preview":"max-video-preview:-1"},"canonical":"https:\/\/www.wojoer.de\/en\/produkt\/pelz-bolero\/","twitter_card":"summary_large_image","twitter_title":"Pelz | Bolero | WOJOER","twitter_description":"Pelz Bolero Jetzt online bestellen, versandkostenfrei!","twitter_image":"https:\/\/www.wojoer.de\/wp-content\/uploads\/2023\/11\/0425-T108-0F-00-00-1._Pelz-Bolero-luxery-schwarz-unisize-front-wojoer1.jpg","twitter_misc":{"Estimated reading time":"2 minutes"},"schema":{"@context":"https:\/\/schema.org","@graph":[{"@type":"WebPage","@id":"https:\/\/www.wojoer.de\/en\/produkt\/pelz-bolero\/","url":"https:\/\/www.wojoer.de\/en\/produkt\/pelz-bolero\/","name":"Pelz | Bolero | WOJOER","isPartOf":{"@id":"https:\/\/www.wojoer.de\/#website"},"primaryImageOfPage":{"@id":"https:\/\/www.wojoer.de\/en\/produkt\/pelz-bolero\/#primaryimage"},"image":{"@id":"https:\/\/www.wojoer.de\/en\/produkt\/pelz-bolero\/#primaryimage"},"thumbnailUrl":"https:\/\/www.wojoer.de\/wp-content\/uploads\/2023\/11\/0425-T108-0F-00-00-1._Pelz-Bolero-luxery-schwarz-unisize-front-wojoer1.jpg","datePublished":"2025-10-22T05:27:53+00:00","dateModified":"2025-10-22T09:03:44+00:00","description":"Pelz Bolero Jetzt online bestellen, versandkostenfrei!","breadcrumb":{"@id":"https:\/\/www.wojoer.de\/en\/produkt\/pelz-bolero\/#breadcrumb"},"inLanguage":"en-GB","potentialAction":[{"@type":"ReadAction","target":["https:\/\/www.wojoer.de\/en\/produkt\/pelz-bolero\/"]}]},{"@type":"ImageObject","inLanguage":"en-GB","@id":"https:\/\/www.wojoer.de\/en\/produkt\/pelz-bolero\/#primaryimage","url":"https:\/\/www.wojoer.de\/wp-content\/uploads\/2023\/11\/0425-T108-0F-00-00-1._Pelz-Bolero-luxery-schwarz-unisize-front-wojoer1.jpg","contentUrl":"https:\/\/www.wojoer.de\/wp-content\/uploads\/2023\/11\/0425-T108-0F-00-00-1._Pelz-Bolero-luxery-schwarz-unisize-front-wojoer1.jpg","width":2002,"height":2002},{"@type":"BreadcrumbList","@id":"https:\/\/www.wojoer.de\/en\/produkt\/pelz-bolero\/#breadcrumb","itemListElement":[{"@type":"ListItem","position":1,"name":"Startseite","item":"https:\/\/www.wojoer.de\/"},{"@type":"ListItem","position":2,"name":"SHOP","item":"https:\/\/www.wojoer.de\/shop\/"},{"@type":"ListItem","position":3,"name":"Pelz Bolero"}]},{"@type":"WebSite","@id":"https:\/\/www.wojoer.de\/#website","url":"https:\/\/www.wojoer.de\/","name":"WOJOER","description":"clubwear for men","publisher":{"@id":"https:\/\/www.wojoer.de\/#organization"},"potentialAction":[{"@type":"SearchAction","target":{"@type":"EntryPoint","urlTemplate":"https:\/\/www.wojoer.de\/?s={search_term_string}"},"query-input":{"@type":"PropertyValueSpecification","valueRequired":true,"valueName":"search_term_string"}}],"inLanguage":"en-GB"},{"@type":"Organization","@id":"https:\/\/www.wojoer.de\/#organization","name":"Wonneberger-Manufaktur","url":"https:\/\/www.wojoer.de\/","logo":{"@type":"ImageObject","inLanguage":"en-GB","@id":"https:\/\/www.wojoer.de\/#\/schema\/logo\/image\/","url":"https:\/\/www.wojoer.de\/wp-content\/uploads\/2016\/11\/wonnebergermanufaktur_logo_BUTTON.png","contentUrl":"https:\/\/www.wojoer.de\/wp-content\/uploads\/2016\/11\/wonnebergermanufaktur_logo_BUTTON.png","width":765,"height":765,"caption":"Wonneberger-Manufaktur"},"image":{"@id":"https:\/\/www.wojoer.de\/#\/schema\/logo\/image\/"},"sameAs":["https:\/\/www.facebook.com\/wojoer\/","https:\/\/de.pinterest.com\/W0J0ER\/"]}]}},"_links":{"self":[{"href":"https:\/\/www.wojoer.de\/en\/wp-json\/wp\/v2\/product\/41633","targetHints":{"allow":["GET"]}}],"collection":[{"href":"https:\/\/www.wojoer.de\/en\/wp-json\/wp\/v2\/product"}],"about":[{"href":"https:\/\/www.wojoer.de\/en\/wp-json\/wp\/v2\/types\/product"}],"replies":[{"embeddable":true,"href":"https:\/\/www.wojoer.de\/en\/wp-json\/wp\/v2\/comments?post=41633"}],"wp:featuredmedia":[{"embeddable":true,"href":"https:\/\/www.wojoer.de\/en\/wp-json\/wp\/v2\/media\/41662"}],"wp:attachment":[{"href":"https:\/\/www.wojoer.de\/en\/wp-json\/wp\/v2\/media?parent=41633"}],"wp:term":[{"taxonomy":"product_brand","embeddable":true,"href":"https:\/\/www.wojoer.de\/en\/wp-json\/wp\/v2\/product_brand?post=41633"},{"taxonomy":"product_cat","embeddable":true,"href":"https:\/\/www.wojoer.de\/en\/wp-json\/wp\/v2\/product_cat?post=41633"},{"taxonomy":"product_tag","embeddable":true,"href":"https:\/\/www.wojoer.de\/en\/wp-json\/wp\/v2\/product_tag?post=41633"}],"curies":[{"name":"wp","href":"https:\/\/api.w.org\/{rel}","templated":true}]}}