{"id":41700,"date":"2023-11-30T11:38:25","date_gmt":"2023-11-30T10:38:25","guid":{"rendered":"https:\/\/www.wojoer.de\/?post_type=product&#038;p=41700"},"modified":"2024-01-16T08:52:56","modified_gmt":"2024-01-16T07:52:56","slug":"rough-shirt-bauchfrei","status":"publish","type":"product","link":"https:\/\/www.wojoer.de\/en\/produkt\/rough-shirt-bauchfrei\/","title":{"rendered":"Rough Shirt Bauchfrei"},"content":{"rendered":"<p>Production on order, because the wetlook G string belongs in the category: Wojoer &#8220;<a href=\"https:\/\/www.wojoer.de\/?s=live&#038;post_type=product\">LIVE products<\/a>&#8220;!<\/p>\n<h3>Sizes<\/h3>\n<p>Available in sizes S| M| L| XL<\/p>\n<h3>Material composition<\/h3>\n<p>78% polyester | 22% elastane | 80% polyamide | 12% elastane<\/p>\n<h3>Particularities<\/h3>\n<p>LIVE product | extraordinary choice of colours | cuddly | glacier ice | very stretchy material | high quality workmanship &#8220;Made in Germany&#8221;<\/p>\n<h3>Wash instructions<\/h3>\n<p>Hand wash<\/p>\n<p>&nbsp;<\/p>\n<p>Here is the <a href=\"https:\/\/www.wojoer.de\/groessentabelle\/\">Size chart<\/a><\/p>\n","protected":false},"excerpt":{"rendered":"<p>Produktion auf Bestellung, denn das Rough Shirt\u00a0Bauchfrei geh\u00f6rt in die Kategorie: Wojoer &#8220;LIVE-Produkte&#8221;!<br \/>\nGr\u00f6\u00dfen<br \/>\nErh\u00e4ltlich in den Gr\u00f6\u00dfen S, M, L, XL, XXL<br \/>\nMaterialzusammensetzung<br \/>\n92% Polyester\u00a0 |8% Elasthan<\/p>\n<p>Einfass: 94% Polyester\u00a0 |6% Elasthan<br \/>\nBesonderheiten<br \/>\nLIVE Produkt | sehr dehnbares Material | hautenge Passform | hochwertige Verarbeitung &#8220;Made\u2026<\/p>\n","protected":false},"featured_media":40957,"comment_status":"open","ping_status":"closed","template":"","meta":[],"product_brand":[],"product_cat":[116,473,195,326],"product_tag":[1043,856],"class_list":{"0":"post-41700","1":"product","2":"type-product","3":"status-publish","4":"has-post-thumbnail","6":"product_cat-clubwear","7":"product_cat-men","8":"product_cat-produktion-auf-bestellung-liveproduktion","9":"product_cat-wojoer","10":"product_tag-bauchfrei","11":"product_tag-shirt","12":"product_shipping_class-beun","13":"pa_groesse-l","14":"pa_groesse-m","15":"pa_groesse-s","16":"pa_groesse-xl","17":"pa_groesse-xxl","18":"pif-has-gallery","19":"post-1","20":"odd","22":"first","23":"onbackorder","24":"taxable","25":"shipping-taxable","26":"purchasable","27":"product-type-variable"},"yoast_head":"<!-- This site is optimized with the Yoast SEO plugin v27.2 - https:\/\/yoast.com\/product\/yoast-seo-wordpress\/ -->\n<title>Rough | black | WOJOER | Shirt | Bauchfrei<\/title>\n<meta name=\"description\" content=\"wetlook g string from WOJOER. Soft, stretchy material - Order now for free shipping.\" \/>\n<meta name=\"robots\" content=\"index, follow, max-snippet:-1, max-image-preview:large, max-video-preview:-1\" \/>\n<link rel=\"canonical\" href=\"https:\/\/www.wojoer.de\/en\/produkt\/rough-shirt-bauchfrei\/\" \/>\n<meta name=\"twitter:card\" content=\"summary_large_image\" \/>\n<meta name=\"twitter:title\" content=\"Rough | black | WOJOER | Shirt | Bauchfrei\" \/>\n<meta name=\"twitter:description\" content=\"Das Rough Shirt Bauchfrei ist ein besonders auff\u00e4lliges und elegantes Shirt in Schwarz von WOJOER - Jetzt versandkostenfrei bestellen.\" \/>\n<meta name=\"twitter:image\" content=\"https:\/\/www.wojoer.de\/wp-content\/uploads\/2023\/09\/MG_4826.jpg\" \/>\n<meta name=\"twitter:label1\" content=\"Estimated reading time\" \/>\n\t<meta name=\"twitter:data1\" content=\"1 minute\" \/>\n<script type=\"application\/ld+json\" class=\"yoast-schema-graph\">{\"@context\":\"https:\/\/schema.org\",\"@graph\":[{\"@type\":\"WebPage\",\"@id\":\"https:\/\/www.wojoer.de\/produkt\/rough-shirt-bauchfrei\/\",\"url\":\"https:\/\/www.wojoer.de\/produkt\/rough-shirt-bauchfrei\/\",\"name\":\"Rough | black | WOJOER | Shirt | Bauchfrei\",\"isPartOf\":{\"@id\":\"https:\/\/www.wojoer.de\/#website\"},\"primaryImageOfPage\":{\"@id\":\"https:\/\/www.wojoer.de\/produkt\/rough-shirt-bauchfrei\/#primaryimage\"},\"image\":{\"@id\":\"https:\/\/www.wojoer.de\/produkt\/rough-shirt-bauchfrei\/#primaryimage\"},\"thumbnailUrl\":\"https:\/\/www.wojoer.de\/wp-content\/uploads\/2023\/09\/MG_4826.jpg\",\"datePublished\":\"2023-11-30T10:38:25+00:00\",\"dateModified\":\"2024-01-16T07:52:56+00:00\",\"description\":\"Das Rough Shirt Bauchfrei ist ein besonders auff\u00e4lliges und elegantes Shirt in Schwarz von WOJOER - Jetzt versandkostenfrei bestellen.\",\"breadcrumb\":{\"@id\":\"https:\/\/www.wojoer.de\/produkt\/rough-shirt-bauchfrei\/#breadcrumb\"},\"inLanguage\":\"en-GB\",\"potentialAction\":[{\"@type\":\"ReadAction\",\"target\":[\"https:\/\/www.wojoer.de\/produkt\/rough-shirt-bauchfrei\/\"]}]},{\"@type\":\"ImageObject\",\"inLanguage\":\"en-GB\",\"@id\":\"https:\/\/www.wojoer.de\/produkt\/rough-shirt-bauchfrei\/#primaryimage\",\"url\":\"https:\/\/www.wojoer.de\/wp-content\/uploads\/2023\/09\/MG_4826.jpg\",\"contentUrl\":\"https:\/\/www.wojoer.de\/wp-content\/uploads\/2023\/09\/MG_4826.jpg\",\"width\":2002,\"height\":2002},{\"@type\":\"BreadcrumbList\",\"@id\":\"https:\/\/www.wojoer.de\/produkt\/rough-shirt-bauchfrei\/#breadcrumb\",\"itemListElement\":[{\"@type\":\"ListItem\",\"position\":1,\"name\":\"Startseite\",\"item\":\"https:\/\/www.wojoer.de\/\"},{\"@type\":\"ListItem\",\"position\":2,\"name\":\"SHOP\",\"item\":\"https:\/\/www.wojoer.de\/shop\/\"},{\"@type\":\"ListItem\",\"position\":3,\"name\":\"Rough Shirt Bauchfrei\"}]},{\"@type\":\"WebSite\",\"@id\":\"https:\/\/www.wojoer.de\/#website\",\"url\":\"https:\/\/www.wojoer.de\/\",\"name\":\"WOJOER\",\"description\":\"clubwear for men\",\"publisher\":{\"@id\":\"https:\/\/www.wojoer.de\/#organization\"},\"potentialAction\":[{\"@type\":\"SearchAction\",\"target\":{\"@type\":\"EntryPoint\",\"urlTemplate\":\"https:\/\/www.wojoer.de\/?s={search_term_string}\"},\"query-input\":{\"@type\":\"PropertyValueSpecification\",\"valueRequired\":true,\"valueName\":\"search_term_string\"}}],\"inLanguage\":\"en-GB\"},{\"@type\":\"Organization\",\"@id\":\"https:\/\/www.wojoer.de\/#organization\",\"name\":\"Wonneberger-Manufaktur\",\"url\":\"https:\/\/www.wojoer.de\/\",\"logo\":{\"@type\":\"ImageObject\",\"inLanguage\":\"en-GB\",\"@id\":\"https:\/\/www.wojoer.de\/#\/schema\/logo\/image\/\",\"url\":\"https:\/\/www.wojoer.de\/wp-content\/uploads\/2016\/11\/wonnebergermanufaktur_logo_BUTTON.png\",\"contentUrl\":\"https:\/\/www.wojoer.de\/wp-content\/uploads\/2016\/11\/wonnebergermanufaktur_logo_BUTTON.png\",\"width\":765,\"height\":765,\"caption\":\"Wonneberger-Manufaktur\"},\"image\":{\"@id\":\"https:\/\/www.wojoer.de\/#\/schema\/logo\/image\/\"},\"sameAs\":[\"https:\/\/www.facebook.com\/wojoer\/\",\"https:\/\/de.pinterest.com\/W0J0ER\/\"]}]}<\/script>\n<!-- \/ Yoast SEO plugin. -->","yoast_head_json":{"title":"Rough | black | WOJOER | Shirt | Bauchfrei","description":"wetlook g string from WOJOER. Soft, stretchy material - Order now for free shipping.","robots":{"index":"index","follow":"follow","max-snippet":"max-snippet:-1","max-image-preview":"max-image-preview:large","max-video-preview":"max-video-preview:-1"},"canonical":"https:\/\/www.wojoer.de\/en\/produkt\/rough-shirt-bauchfrei\/","twitter_card":"summary_large_image","twitter_title":"Rough | black | WOJOER | Shirt | Bauchfrei","twitter_description":"Das Rough Shirt Bauchfrei ist ein besonders auff\u00e4lliges und elegantes Shirt in Schwarz von WOJOER - Jetzt versandkostenfrei bestellen.","twitter_image":"https:\/\/www.wojoer.de\/wp-content\/uploads\/2023\/09\/MG_4826.jpg","twitter_misc":{"Estimated reading time":"1 minute"},"schema":{"@context":"https:\/\/schema.org","@graph":[{"@type":"WebPage","@id":"https:\/\/www.wojoer.de\/produkt\/rough-shirt-bauchfrei\/","url":"https:\/\/www.wojoer.de\/produkt\/rough-shirt-bauchfrei\/","name":"Rough | black | WOJOER | Shirt | Bauchfrei","isPartOf":{"@id":"https:\/\/www.wojoer.de\/#website"},"primaryImageOfPage":{"@id":"https:\/\/www.wojoer.de\/produkt\/rough-shirt-bauchfrei\/#primaryimage"},"image":{"@id":"https:\/\/www.wojoer.de\/produkt\/rough-shirt-bauchfrei\/#primaryimage"},"thumbnailUrl":"https:\/\/www.wojoer.de\/wp-content\/uploads\/2023\/09\/MG_4826.jpg","datePublished":"2023-11-30T10:38:25+00:00","dateModified":"2024-01-16T07:52:56+00:00","description":"Das Rough Shirt Bauchfrei ist ein besonders auff\u00e4lliges und elegantes Shirt in Schwarz von WOJOER - Jetzt versandkostenfrei bestellen.","breadcrumb":{"@id":"https:\/\/www.wojoer.de\/produkt\/rough-shirt-bauchfrei\/#breadcrumb"},"inLanguage":"en-GB","potentialAction":[{"@type":"ReadAction","target":["https:\/\/www.wojoer.de\/produkt\/rough-shirt-bauchfrei\/"]}]},{"@type":"ImageObject","inLanguage":"en-GB","@id":"https:\/\/www.wojoer.de\/produkt\/rough-shirt-bauchfrei\/#primaryimage","url":"https:\/\/www.wojoer.de\/wp-content\/uploads\/2023\/09\/MG_4826.jpg","contentUrl":"https:\/\/www.wojoer.de\/wp-content\/uploads\/2023\/09\/MG_4826.jpg","width":2002,"height":2002},{"@type":"BreadcrumbList","@id":"https:\/\/www.wojoer.de\/produkt\/rough-shirt-bauchfrei\/#breadcrumb","itemListElement":[{"@type":"ListItem","position":1,"name":"Startseite","item":"https:\/\/www.wojoer.de\/"},{"@type":"ListItem","position":2,"name":"SHOP","item":"https:\/\/www.wojoer.de\/shop\/"},{"@type":"ListItem","position":3,"name":"Rough Shirt Bauchfrei"}]},{"@type":"WebSite","@id":"https:\/\/www.wojoer.de\/#website","url":"https:\/\/www.wojoer.de\/","name":"WOJOER","description":"clubwear for men","publisher":{"@id":"https:\/\/www.wojoer.de\/#organization"},"potentialAction":[{"@type":"SearchAction","target":{"@type":"EntryPoint","urlTemplate":"https:\/\/www.wojoer.de\/?s={search_term_string}"},"query-input":{"@type":"PropertyValueSpecification","valueRequired":true,"valueName":"search_term_string"}}],"inLanguage":"en-GB"},{"@type":"Organization","@id":"https:\/\/www.wojoer.de\/#organization","name":"Wonneberger-Manufaktur","url":"https:\/\/www.wojoer.de\/","logo":{"@type":"ImageObject","inLanguage":"en-GB","@id":"https:\/\/www.wojoer.de\/#\/schema\/logo\/image\/","url":"https:\/\/www.wojoer.de\/wp-content\/uploads\/2016\/11\/wonnebergermanufaktur_logo_BUTTON.png","contentUrl":"https:\/\/www.wojoer.de\/wp-content\/uploads\/2016\/11\/wonnebergermanufaktur_logo_BUTTON.png","width":765,"height":765,"caption":"Wonneberger-Manufaktur"},"image":{"@id":"https:\/\/www.wojoer.de\/#\/schema\/logo\/image\/"},"sameAs":["https:\/\/www.facebook.com\/wojoer\/","https:\/\/de.pinterest.com\/W0J0ER\/"]}]}},"_links":{"self":[{"href":"https:\/\/www.wojoer.de\/en\/wp-json\/wp\/v2\/product\/41700","targetHints":{"allow":["GET"]}}],"collection":[{"href":"https:\/\/www.wojoer.de\/en\/wp-json\/wp\/v2\/product"}],"about":[{"href":"https:\/\/www.wojoer.de\/en\/wp-json\/wp\/v2\/types\/product"}],"replies":[{"embeddable":true,"href":"https:\/\/www.wojoer.de\/en\/wp-json\/wp\/v2\/comments?post=41700"}],"wp:featuredmedia":[{"embeddable":true,"href":"https:\/\/www.wojoer.de\/en\/wp-json\/wp\/v2\/media\/40957"}],"wp:attachment":[{"href":"https:\/\/www.wojoer.de\/en\/wp-json\/wp\/v2\/media?parent=41700"}],"wp:term":[{"taxonomy":"product_brand","embeddable":true,"href":"https:\/\/www.wojoer.de\/en\/wp-json\/wp\/v2\/product_brand?post=41700"},{"taxonomy":"product_cat","embeddable":true,"href":"https:\/\/www.wojoer.de\/en\/wp-json\/wp\/v2\/product_cat?post=41700"},{"taxonomy":"product_tag","embeddable":true,"href":"https:\/\/www.wojoer.de\/en\/wp-json\/wp\/v2\/product_tag?post=41700"}],"curies":[{"name":"wp","href":"https:\/\/api.w.org\/{rel}","templated":true}]}}