{"id":41766,"date":"2024-03-27T10:38:48","date_gmt":"2024-03-27T09:38:48","guid":{"rendered":"https:\/\/www.wojoer.de\/?post_type=product&#038;p=41766"},"modified":"2026-04-10T08:39:01","modified_gmt":"2026-04-10T06:39:01","slug":"brasil-beachskirt-mesh","status":"publish","type":"product","link":"https:\/\/www.wojoer.de\/en\/produkt\/brasil-beachskirt-mesh\/","title":{"rendered":"Brasil Beach Skirt Mesh"},"content":{"rendered":"<p>Dieser Brasil Beach Skirt Mesh Bade Rock geh\u00f6rt zu den Wojoer LIVE-Produkten. Sie werden ab Bestellung bei uns produziert. So k\u00f6nnen wir auf Kundenw\u00fcnsche individuell eingehen.<\/p>\n<h3>Gr\u00f6\u00dfen<\/h3>\n<p>Erh\u00e4ltlich in den Doppelgr\u00f6\u00dfen SM, LXL, XXL-3XL<\/p>\n<h3>Materialzusammensetzung<\/h3>\n<p>100% Polyester<\/p>\n<h3>Besonderheiten<\/h3>\n<p><a href=\"http:\/\/www.wojoer.de\/?s=LIVE&#038;post_type=product\">LIVE-Produkt<\/a>\u00a0 | Festes Netz | super luftig und bequem weich |hochwertige Verarbeitung &#8220;Made in Germany&#8221;<\/p>\n<h3><strong>Benutzerhinweise<\/strong><\/h3>\n<p>Waschprogramm bis 60 Grad, vorzugsweise im Waschbeutel waschen, nicht zusammen mit Klettverschl\u00fcssen kommen lassen<\/p>\n<h3>Brasil Beach Skirt Mesh &#8211; Herrenrock, Netzrock, Strandrock, Bade Rock, Wickelrock<\/h3>\n<p>Der Bade Rock f\u00fcr die Strandbar. Die hei\u00dfen Wojoer Badeslips sind den Bars zu gewagt? Kei Problem: \u00a0Leg&#8217; dir einfach den luftigen Brasil Bade Rock um die H\u00fcften und schon bist du ausgehfertig. Leicht bedeckt und doch wunderbar durchsichtig, zeigst du was du drunter tr\u00e4gst und genie\u00dft die frische Brise des Abends. Sei umwerfend bezaubernd mit diesem freiz\u00fcgigen Netz Rock aus einer angenehm weichen Wirkware aus 100% Polyester. Nicht nur deine H\u00fcften werden angenehm schmeichelnd umh\u00fcllt auch die Natur hat etwas davon, weil unser transparenter Bade Rock zu 100% recyclebar ist.<\/p>\n","protected":false},"excerpt":{"rendered":"<p>Dieser Brasil Beach Skirt Mesh Bade Rock geh\u00f6rt zu den Wojoer LIVE-Produkten. Sie werden ab Bestellung bei uns produziert. So k\u00f6nnen wir auf Kundenw\u00fcnsche individuell eingehen.<br \/>\nGr\u00f6\u00dfen<br \/>\nErh\u00e4ltlich in den Doppelgr\u00f6\u00dfen SM, LXL, XXL-3XL<br \/>\nMaterialzusammensetzung<br \/>\n100% Polyester<br \/>\nBesonderheiten<br \/>\nLIVE-Produkt\u00a0 | Festes Netz | super luftig und\u2026<\/p>\n","protected":false},"featured_media":41924,"comment_status":"open","ping_status":"closed","template":"","meta":[],"product_brand":[],"product_cat":[116,473,195,326],"product_tag":[184,119],"class_list":{"0":"post-41766","1":"product","2":"type-product","3":"status-publish","4":"has-post-thumbnail","6":"product_cat-clubwear","7":"product_cat-men","8":"product_cat-produktion-auf-bestellung-liveproduktion","9":"product_cat-wojoer","10":"product_tag-push-up","11":"product_tag-string","12":"product_shipping_class-beun","13":"pa_groesse-l","14":"pa_groesse-lxl","15":"pa_groesse-m","16":"pa_groesse-s","17":"pa_groesse-sm","18":"pa_groesse-xl","19":"pa_groesse-xxl","20":"pa_groesse-xxl-3xl","21":"pa_groesse-xxxl","22":"pif-has-gallery","23":"post-1","24":"odd","26":"first","27":"onbackorder","28":"taxable","29":"shipping-taxable","30":"purchasable","31":"product-type-variable","32":"has-default-attributes"},"yoast_head":"<!-- This site is optimized with the Yoast SEO plugin v27.2 - https:\/\/yoast.com\/product\/yoast-seo-wordpress\/ -->\n<title>Bade Rock | Umwerfend transparent, leicht und luftig - WOJOER<\/title>\n<meta name=\"description\" content=\"Brasil Besch Skirt Mesh, jetzt versandkostenfrei innerhalb Deutschland bestellen!\" \/>\n<meta name=\"robots\" content=\"index, follow, max-snippet:-1, max-image-preview:large, max-video-preview:-1\" \/>\n<link rel=\"canonical\" href=\"https:\/\/www.wojoer.de\/en\/produkt\/brasil-beachskirt-mesh\/\" \/>\n<meta name=\"twitter:card\" content=\"summary_large_image\" \/>\n<meta name=\"twitter:title\" content=\"Bade Rock | Umwerfend transparent, leicht und luftig - WOJOER\" \/>\n<meta name=\"twitter:description\" content=\"Brasil Besch Skirt Mesh, jetzt versandkostenfrei innerhalb Deutschland bestellen!\" \/>\n<meta name=\"twitter:image\" content=\"https:\/\/www.wojoer.de\/wp-content\/uploads\/2023\/12\/0423-R008-0F-19-06-1.-Brasil-Wickelrock-Fest-gruen-L-side-wojoer.jpg\" \/>\n<meta name=\"twitter:label1\" content=\"Estimated reading time\" \/>\n\t<meta name=\"twitter:data1\" content=\"1 minute\" \/>\n<script type=\"application\/ld+json\" class=\"yoast-schema-graph\">{\"@context\":\"https:\/\/schema.org\",\"@graph\":[{\"@type\":\"WebPage\",\"@id\":\"https:\/\/www.wojoer.de\/en\/produkt\/brasil-beachskirt-mesh\/\",\"url\":\"https:\/\/www.wojoer.de\/en\/produkt\/brasil-beachskirt-mesh\/\",\"name\":\"Bade Rock | Umwerfend transparent, leicht und luftig - WOJOER\",\"isPartOf\":{\"@id\":\"https:\/\/www.wojoer.de\/#website\"},\"primaryImageOfPage\":{\"@id\":\"https:\/\/www.wojoer.de\/en\/produkt\/brasil-beachskirt-mesh\/#primaryimage\"},\"image\":{\"@id\":\"https:\/\/www.wojoer.de\/en\/produkt\/brasil-beachskirt-mesh\/#primaryimage\"},\"thumbnailUrl\":\"https:\/\/www.wojoer.de\/wp-content\/uploads\/2023\/12\/0423-R008-0F-19-06-1.-Brasil-Wickelrock-Fest-gruen-L-side-wojoer.jpg\",\"datePublished\":\"2024-03-27T09:38:48+00:00\",\"dateModified\":\"2026-04-10T06:39:01+00:00\",\"description\":\"Brasil Besch Skirt Mesh, jetzt versandkostenfrei innerhalb Deutschland bestellen!\",\"breadcrumb\":{\"@id\":\"https:\/\/www.wojoer.de\/en\/produkt\/brasil-beachskirt-mesh\/#breadcrumb\"},\"inLanguage\":\"en-GB\",\"potentialAction\":[{\"@type\":\"ReadAction\",\"target\":[\"https:\/\/www.wojoer.de\/en\/produkt\/brasil-beachskirt-mesh\/\"]}]},{\"@type\":\"ImageObject\",\"inLanguage\":\"en-GB\",\"@id\":\"https:\/\/www.wojoer.de\/en\/produkt\/brasil-beachskirt-mesh\/#primaryimage\",\"url\":\"https:\/\/www.wojoer.de\/wp-content\/uploads\/2023\/12\/0423-R008-0F-19-06-1.-Brasil-Wickelrock-Fest-gruen-L-side-wojoer.jpg\",\"contentUrl\":\"https:\/\/www.wojoer.de\/wp-content\/uploads\/2023\/12\/0423-R008-0F-19-06-1.-Brasil-Wickelrock-Fest-gruen-L-side-wojoer.jpg\",\"width\":2002,\"height\":2002},{\"@type\":\"BreadcrumbList\",\"@id\":\"https:\/\/www.wojoer.de\/en\/produkt\/brasil-beachskirt-mesh\/#breadcrumb\",\"itemListElement\":[{\"@type\":\"ListItem\",\"position\":1,\"name\":\"Startseite\",\"item\":\"https:\/\/www.wojoer.de\/\"},{\"@type\":\"ListItem\",\"position\":2,\"name\":\"SHOP\",\"item\":\"https:\/\/www.wojoer.de\/shop\/\"},{\"@type\":\"ListItem\",\"position\":3,\"name\":\"Brasil Beach Skirt Mesh\"}]},{\"@type\":\"WebSite\",\"@id\":\"https:\/\/www.wojoer.de\/#website\",\"url\":\"https:\/\/www.wojoer.de\/\",\"name\":\"WOJOER\",\"description\":\"clubwear for men\",\"publisher\":{\"@id\":\"https:\/\/www.wojoer.de\/#organization\"},\"potentialAction\":[{\"@type\":\"SearchAction\",\"target\":{\"@type\":\"EntryPoint\",\"urlTemplate\":\"https:\/\/www.wojoer.de\/?s={search_term_string}\"},\"query-input\":{\"@type\":\"PropertyValueSpecification\",\"valueRequired\":true,\"valueName\":\"search_term_string\"}}],\"inLanguage\":\"en-GB\"},{\"@type\":\"Organization\",\"@id\":\"https:\/\/www.wojoer.de\/#organization\",\"name\":\"Wonneberger-Manufaktur\",\"url\":\"https:\/\/www.wojoer.de\/\",\"logo\":{\"@type\":\"ImageObject\",\"inLanguage\":\"en-GB\",\"@id\":\"https:\/\/www.wojoer.de\/#\/schema\/logo\/image\/\",\"url\":\"https:\/\/www.wojoer.de\/wp-content\/uploads\/2016\/11\/wonnebergermanufaktur_logo_BUTTON.png\",\"contentUrl\":\"https:\/\/www.wojoer.de\/wp-content\/uploads\/2016\/11\/wonnebergermanufaktur_logo_BUTTON.png\",\"width\":765,\"height\":765,\"caption\":\"Wonneberger-Manufaktur\"},\"image\":{\"@id\":\"https:\/\/www.wojoer.de\/#\/schema\/logo\/image\/\"},\"sameAs\":[\"https:\/\/www.facebook.com\/wojoer\/\",\"https:\/\/de.pinterest.com\/W0J0ER\/\"]}]}<\/script>\n<!-- \/ Yoast SEO plugin. -->","yoast_head_json":{"title":"Bade Rock | Umwerfend transparent, leicht und luftig - WOJOER","description":"Brasil Besch Skirt Mesh, jetzt versandkostenfrei innerhalb Deutschland bestellen!","robots":{"index":"index","follow":"follow","max-snippet":"max-snippet:-1","max-image-preview":"max-image-preview:large","max-video-preview":"max-video-preview:-1"},"canonical":"https:\/\/www.wojoer.de\/en\/produkt\/brasil-beachskirt-mesh\/","twitter_card":"summary_large_image","twitter_title":"Bade Rock | Umwerfend transparent, leicht und luftig - WOJOER","twitter_description":"Brasil Besch Skirt Mesh, jetzt versandkostenfrei innerhalb Deutschland bestellen!","twitter_image":"https:\/\/www.wojoer.de\/wp-content\/uploads\/2023\/12\/0423-R008-0F-19-06-1.-Brasil-Wickelrock-Fest-gruen-L-side-wojoer.jpg","twitter_misc":{"Estimated reading time":"1 minute"},"schema":{"@context":"https:\/\/schema.org","@graph":[{"@type":"WebPage","@id":"https:\/\/www.wojoer.de\/en\/produkt\/brasil-beachskirt-mesh\/","url":"https:\/\/www.wojoer.de\/en\/produkt\/brasil-beachskirt-mesh\/","name":"Bade Rock | Umwerfend transparent, leicht und luftig - WOJOER","isPartOf":{"@id":"https:\/\/www.wojoer.de\/#website"},"primaryImageOfPage":{"@id":"https:\/\/www.wojoer.de\/en\/produkt\/brasil-beachskirt-mesh\/#primaryimage"},"image":{"@id":"https:\/\/www.wojoer.de\/en\/produkt\/brasil-beachskirt-mesh\/#primaryimage"},"thumbnailUrl":"https:\/\/www.wojoer.de\/wp-content\/uploads\/2023\/12\/0423-R008-0F-19-06-1.-Brasil-Wickelrock-Fest-gruen-L-side-wojoer.jpg","datePublished":"2024-03-27T09:38:48+00:00","dateModified":"2026-04-10T06:39:01+00:00","description":"Brasil Besch Skirt Mesh, jetzt versandkostenfrei innerhalb Deutschland bestellen!","breadcrumb":{"@id":"https:\/\/www.wojoer.de\/en\/produkt\/brasil-beachskirt-mesh\/#breadcrumb"},"inLanguage":"en-GB","potentialAction":[{"@type":"ReadAction","target":["https:\/\/www.wojoer.de\/en\/produkt\/brasil-beachskirt-mesh\/"]}]},{"@type":"ImageObject","inLanguage":"en-GB","@id":"https:\/\/www.wojoer.de\/en\/produkt\/brasil-beachskirt-mesh\/#primaryimage","url":"https:\/\/www.wojoer.de\/wp-content\/uploads\/2023\/12\/0423-R008-0F-19-06-1.-Brasil-Wickelrock-Fest-gruen-L-side-wojoer.jpg","contentUrl":"https:\/\/www.wojoer.de\/wp-content\/uploads\/2023\/12\/0423-R008-0F-19-06-1.-Brasil-Wickelrock-Fest-gruen-L-side-wojoer.jpg","width":2002,"height":2002},{"@type":"BreadcrumbList","@id":"https:\/\/www.wojoer.de\/en\/produkt\/brasil-beachskirt-mesh\/#breadcrumb","itemListElement":[{"@type":"ListItem","position":1,"name":"Startseite","item":"https:\/\/www.wojoer.de\/"},{"@type":"ListItem","position":2,"name":"SHOP","item":"https:\/\/www.wojoer.de\/shop\/"},{"@type":"ListItem","position":3,"name":"Brasil Beach Skirt Mesh"}]},{"@type":"WebSite","@id":"https:\/\/www.wojoer.de\/#website","url":"https:\/\/www.wojoer.de\/","name":"WOJOER","description":"clubwear for men","publisher":{"@id":"https:\/\/www.wojoer.de\/#organization"},"potentialAction":[{"@type":"SearchAction","target":{"@type":"EntryPoint","urlTemplate":"https:\/\/www.wojoer.de\/?s={search_term_string}"},"query-input":{"@type":"PropertyValueSpecification","valueRequired":true,"valueName":"search_term_string"}}],"inLanguage":"en-GB"},{"@type":"Organization","@id":"https:\/\/www.wojoer.de\/#organization","name":"Wonneberger-Manufaktur","url":"https:\/\/www.wojoer.de\/","logo":{"@type":"ImageObject","inLanguage":"en-GB","@id":"https:\/\/www.wojoer.de\/#\/schema\/logo\/image\/","url":"https:\/\/www.wojoer.de\/wp-content\/uploads\/2016\/11\/wonnebergermanufaktur_logo_BUTTON.png","contentUrl":"https:\/\/www.wojoer.de\/wp-content\/uploads\/2016\/11\/wonnebergermanufaktur_logo_BUTTON.png","width":765,"height":765,"caption":"Wonneberger-Manufaktur"},"image":{"@id":"https:\/\/www.wojoer.de\/#\/schema\/logo\/image\/"},"sameAs":["https:\/\/www.facebook.com\/wojoer\/","https:\/\/de.pinterest.com\/W0J0ER\/"]}]}},"_links":{"self":[{"href":"https:\/\/www.wojoer.de\/en\/wp-json\/wp\/v2\/product\/41766","targetHints":{"allow":["GET"]}}],"collection":[{"href":"https:\/\/www.wojoer.de\/en\/wp-json\/wp\/v2\/product"}],"about":[{"href":"https:\/\/www.wojoer.de\/en\/wp-json\/wp\/v2\/types\/product"}],"replies":[{"embeddable":true,"href":"https:\/\/www.wojoer.de\/en\/wp-json\/wp\/v2\/comments?post=41766"}],"wp:featuredmedia":[{"embeddable":true,"href":"https:\/\/www.wojoer.de\/en\/wp-json\/wp\/v2\/media\/41924"}],"wp:attachment":[{"href":"https:\/\/www.wojoer.de\/en\/wp-json\/wp\/v2\/media?parent=41766"}],"wp:term":[{"taxonomy":"product_brand","embeddable":true,"href":"https:\/\/www.wojoer.de\/en\/wp-json\/wp\/v2\/product_brand?post=41766"},{"taxonomy":"product_cat","embeddable":true,"href":"https:\/\/www.wojoer.de\/en\/wp-json\/wp\/v2\/product_cat?post=41766"},{"taxonomy":"product_tag","embeddable":true,"href":"https:\/\/www.wojoer.de\/en\/wp-json\/wp\/v2\/product_tag?post=41766"}],"curies":[{"name":"wp","href":"https:\/\/api.w.org\/{rel}","templated":true}]}}