{"id":4190,"date":"2017-03-27T12:50:02","date_gmt":"2017-03-27T10:50:02","guid":{"rendered":"http:\/\/www.wojoer.de\/produkt\/btr1-schwarz-penisring\/"},"modified":"2026-01-20T22:17:45","modified_gmt":"2026-01-20T21:17:45","slug":"btr1-schwarz-penisring","status":"publish","type":"product","link":"https:\/\/www.wojoer.de\/en\/produkt\/btr1-schwarz-penisring\/","title":{"rendered":"Lederimitat Pushup schwarz BTR1S"},"content":{"rendered":"<p>Immer vorr\u00e4tig, denn der BTR Penisring geh\u00f6rt zu den Wojoer Never-Out-of-Stock-Produkten.<\/p>\n<h3>Ma\u00dfe<\/h3>\n<p>Im Ungedehnten Zustand: ca. 20 x 2 cm | Mit 2 Druckkn\u00f6pfen verstellbar<\/p>\n<p>Umfang 1: ca. 15.5cm | Durchmesser 1: ca. 4,5cm<\/p>\n<p>Umfang 2: ca. 17cm | Durchmesser 2: ca. 5cm<\/p>\n<h3>Materialzusammensetzung<\/h3>\n<p>Lederimitat: 93% Polyester und 8% Elasthan<\/p>\n<h3>Besonderheiten<\/h3>\n<p><a href=\"http:\/\/www.wojoer.de\/?s=nos&#038;post_type=product\">NOS Produkt<\/a> | elegant matte Oberfl\u00e4chenoptik | angenehm pushend | hochwertige Metall-Druckkn\u00f6pfe | hochwertige Verarbeitung &#8220;Made in Germany&#8221;<\/p>\n<h3>Benutzerhinweise<\/h3>\n<p>Handw\u00e4sche | Zum Anheben der gesamten m\u00e4nnlichen Geschlechtsteile | kein Penisring zur Erektionssteigerung<\/p>\n<h3>BIG THING RING &#8211; special Letherlike Cockring\/ Penisring\/ Genitalring<\/h3>\n<p>Die BTRs sind wunderbare PushUp-Accessoires f\u00fcr den Mann. Denn der\u00a0gr\u00f6\u00dfenverstellbare Ring steigert das Volumen unter der Hose maximal, indem er die geballte M\u00e4nnlichkeit umfasst. Die zwei edlen Metalldruckkn\u00f6pfe erm\u00f6glichen nicht nur eine individuelle Gr\u00f6\u00dfeneinstellung, sondern lassen den Ring schnell verschwinden wenn es zur Sache gehen soll. Ein idealer Begleiter f\u00fcr enge Clubwear, der jedem zeigt, was du wirklich hast. Bei diesem tiefschwarzen, leicht matten Kunstleder lohnt sich das Auspacken ganz sicher.<\/p>\n<p>&nbsp;<\/p>\n","protected":false},"excerpt":{"rendered":"<p>Immer vorr\u00e4tig, denn der BTR Penisring geh\u00f6rt zu den Wojoer Never-Out-of-Stock-Produkten.<br \/>\nMa\u00dfe<br \/>\nIm Ungedehnten Zustand: ca. 20 x 2 cm | Mit 2 Druckkn\u00f6pfen verstellbar<\/p>\n<p>Umfang 1: ca. 15.5cm | Durchmesser 1: ca. 4,5cm<\/p>\n<p>Umfang 2: ca. 17cm | Durchmesser 2: ca. 5cm<br \/>\nMaterialzusammensetzung<br \/>\nLederimitat: 93%\u2026<\/p>\n","protected":false},"featured_media":4202,"comment_status":"open","ping_status":"closed","template":"","meta":[],"product_brand":[],"product_cat":[291,1113,116,114,169,473,326],"product_tag":[262,419,251,250,268,194,184,1111,247],"class_list":{"0":"post-4190","1":"product","2":"type-product","3":"status-publish","4":"has-post-thumbnail","6":"product_cat-accessoires","7":"product_cat-btr","8":"product_cat-clubwear","9":"product_cat-fetisch","10":"product_cat-nos-never-out-of-stock","11":"product_cat-men","12":"product_cat-wojoer","13":"product_tag-accessoires","14":"product_tag-btr","15":"product_tag-druckknopf","16":"product_tag-funktion","17":"product_tag-farbcode","18":"product_tag-leatherlike","19":"product_tag-push-up","20":"product_tag-pushring","21":"product_tag-wetlook","22":"product_shipping_class-beun","23":"pa_farbe-rot","24":"pa_farbe-schwarz","25":"pif-has-gallery","26":"post-1","27":"odd","29":"first","30":"onbackorder","31":"taxable","32":"shipping-taxable","33":"purchasable","34":"product-type-simple"},"yoast_head":"<!-- This site is optimized with the Yoast SEO plugin v27.2 - https:\/\/yoast.com\/product\/yoast-seo-wordpress\/ -->\n<title>BIG THING RING, Cockring, Penisring, Genitalring, Push Up f\u00fcr den Mann<\/title>\n<meta name=\"description\" content=\"BTR ist der PushUp f\u00fcr den Mann, ideale Erg\u00e4nzung zu feinen lockeren Hosen, enganliegenden oder durchsichtigen Leggings. Der Penisring f\u00fcr maximales Volumen\" \/>\n<meta name=\"robots\" content=\"index, follow, max-snippet:-1, max-image-preview:large, max-video-preview:-1\" \/>\n<link rel=\"canonical\" href=\"https:\/\/www.wojoer.de\/en\/produkt\/btr1-schwarz-penisring\/\" \/>\n<meta name=\"twitter:card\" content=\"summary_large_image\" \/>\n<meta name=\"twitter:title\" content=\"BIG THING RING, Cockring, Penisring, Genitalring, Push Up f\u00fcr den Mann\" \/>\n<meta name=\"twitter:description\" content=\"BTR ist der PushUp f\u00fcr den Mann, ideale Erg\u00e4nzung zu feinen lockeren Hosen, enganliegenden oder durchsichtigen Leggings. Der Penisring f\u00fcr maximales Volumen\" \/>\n<meta name=\"twitter:image\" content=\"https:\/\/www.wojoer.de\/wp-content\/uploads\/2017\/03\/BTR1_letherlike_schwarz_wojoer_wojoer.jpg\" \/>\n<meta name=\"twitter:label1\" content=\"Estimated reading time\" \/>\n\t<meta name=\"twitter:data1\" content=\"1 minute\" \/>\n<script type=\"application\/ld+json\" class=\"yoast-schema-graph\">{\"@context\":\"https:\/\/schema.org\",\"@graph\":[{\"@type\":\"WebPage\",\"@id\":\"https:\/\/www.wojoer.de\/produkt\/btr1-schwarz-penisring\/\",\"url\":\"https:\/\/www.wojoer.de\/produkt\/btr1-schwarz-penisring\/\",\"name\":\"BIG THING RING, Cockring, Penisring, Genitalring, Push Up f\u00fcr den Mann\",\"isPartOf\":{\"@id\":\"https:\/\/www.wojoer.de\/#website\"},\"primaryImageOfPage\":{\"@id\":\"https:\/\/www.wojoer.de\/produkt\/btr1-schwarz-penisring\/#primaryimage\"},\"image\":{\"@id\":\"https:\/\/www.wojoer.de\/produkt\/btr1-schwarz-penisring\/#primaryimage\"},\"thumbnailUrl\":\"https:\/\/www.wojoer.de\/wp-content\/uploads\/2017\/03\/BTR1_letherlike_schwarz_wojoer_wojoer.jpg\",\"datePublished\":\"2017-03-27T10:50:02+00:00\",\"dateModified\":\"2026-01-20T21:17:45+00:00\",\"description\":\"BTR ist der PushUp f\u00fcr den Mann, ideale Erg\u00e4nzung zu feinen lockeren Hosen, enganliegenden oder durchsichtigen Leggings. Der Penisring f\u00fcr maximales Volumen\",\"breadcrumb\":{\"@id\":\"https:\/\/www.wojoer.de\/produkt\/btr1-schwarz-penisring\/#breadcrumb\"},\"inLanguage\":\"en-GB\",\"potentialAction\":[{\"@type\":\"ReadAction\",\"target\":[\"https:\/\/www.wojoer.de\/produkt\/btr1-schwarz-penisring\/\"]}]},{\"@type\":\"ImageObject\",\"inLanguage\":\"en-GB\",\"@id\":\"https:\/\/www.wojoer.de\/produkt\/btr1-schwarz-penisring\/#primaryimage\",\"url\":\"https:\/\/www.wojoer.de\/wp-content\/uploads\/2017\/03\/BTR1_letherlike_schwarz_wojoer_wojoer.jpg\",\"contentUrl\":\"https:\/\/www.wojoer.de\/wp-content\/uploads\/2017\/03\/BTR1_letherlike_schwarz_wojoer_wojoer.jpg\",\"width\":2002,\"height\":2002,\"caption\":\"BTR, BIG THING RING, Push up f\u00fcr den Mann, Genitalring, Hodenring, Penisring, Cockring, f\u00fcr maximales Volumen in der Hose, Lederimitat, Kunstleder, matt schwarz\"},{\"@type\":\"BreadcrumbList\",\"@id\":\"https:\/\/www.wojoer.de\/produkt\/btr1-schwarz-penisring\/#breadcrumb\",\"itemListElement\":[{\"@type\":\"ListItem\",\"position\":1,\"name\":\"Startseite\",\"item\":\"https:\/\/www.wojoer.de\/\"},{\"@type\":\"ListItem\",\"position\":2,\"name\":\"SHOP\",\"item\":\"https:\/\/www.wojoer.de\/shop\/\"},{\"@type\":\"ListItem\",\"position\":3,\"name\":\"Lederimitat Pushup schwarz BTR1S\"}]},{\"@type\":\"WebSite\",\"@id\":\"https:\/\/www.wojoer.de\/#website\",\"url\":\"https:\/\/www.wojoer.de\/\",\"name\":\"WOJOER\",\"description\":\"clubwear for men\",\"publisher\":{\"@id\":\"https:\/\/www.wojoer.de\/#organization\"},\"potentialAction\":[{\"@type\":\"SearchAction\",\"target\":{\"@type\":\"EntryPoint\",\"urlTemplate\":\"https:\/\/www.wojoer.de\/?s={search_term_string}\"},\"query-input\":{\"@type\":\"PropertyValueSpecification\",\"valueRequired\":true,\"valueName\":\"search_term_string\"}}],\"inLanguage\":\"en-GB\"},{\"@type\":\"Organization\",\"@id\":\"https:\/\/www.wojoer.de\/#organization\",\"name\":\"Wonneberger-Manufaktur\",\"url\":\"https:\/\/www.wojoer.de\/\",\"logo\":{\"@type\":\"ImageObject\",\"inLanguage\":\"en-GB\",\"@id\":\"https:\/\/www.wojoer.de\/#\/schema\/logo\/image\/\",\"url\":\"https:\/\/www.wojoer.de\/wp-content\/uploads\/2016\/11\/wonnebergermanufaktur_logo_BUTTON.png\",\"contentUrl\":\"https:\/\/www.wojoer.de\/wp-content\/uploads\/2016\/11\/wonnebergermanufaktur_logo_BUTTON.png\",\"width\":765,\"height\":765,\"caption\":\"Wonneberger-Manufaktur\"},\"image\":{\"@id\":\"https:\/\/www.wojoer.de\/#\/schema\/logo\/image\/\"},\"sameAs\":[\"https:\/\/www.facebook.com\/wojoer\/\",\"https:\/\/de.pinterest.com\/W0J0ER\/\"]}]}<\/script>\n<!-- \/ Yoast SEO plugin. -->","yoast_head_json":{"title":"BIG THING RING, Cockring, Penisring, Genitalring, Push Up f\u00fcr den Mann","description":"BTR ist der PushUp f\u00fcr den Mann, ideale Erg\u00e4nzung zu feinen lockeren Hosen, enganliegenden oder durchsichtigen Leggings. Der Penisring f\u00fcr maximales Volumen","robots":{"index":"index","follow":"follow","max-snippet":"max-snippet:-1","max-image-preview":"max-image-preview:large","max-video-preview":"max-video-preview:-1"},"canonical":"https:\/\/www.wojoer.de\/en\/produkt\/btr1-schwarz-penisring\/","twitter_card":"summary_large_image","twitter_title":"BIG THING RING, Cockring, Penisring, Genitalring, Push Up f\u00fcr den Mann","twitter_description":"BTR ist der PushUp f\u00fcr den Mann, ideale Erg\u00e4nzung zu feinen lockeren Hosen, enganliegenden oder durchsichtigen Leggings. Der Penisring f\u00fcr maximales Volumen","twitter_image":"https:\/\/www.wojoer.de\/wp-content\/uploads\/2017\/03\/BTR1_letherlike_schwarz_wojoer_wojoer.jpg","twitter_misc":{"Estimated reading time":"1 minute"},"schema":{"@context":"https:\/\/schema.org","@graph":[{"@type":"WebPage","@id":"https:\/\/www.wojoer.de\/produkt\/btr1-schwarz-penisring\/","url":"https:\/\/www.wojoer.de\/produkt\/btr1-schwarz-penisring\/","name":"BIG THING RING, Cockring, Penisring, Genitalring, Push Up f\u00fcr den Mann","isPartOf":{"@id":"https:\/\/www.wojoer.de\/#website"},"primaryImageOfPage":{"@id":"https:\/\/www.wojoer.de\/produkt\/btr1-schwarz-penisring\/#primaryimage"},"image":{"@id":"https:\/\/www.wojoer.de\/produkt\/btr1-schwarz-penisring\/#primaryimage"},"thumbnailUrl":"https:\/\/www.wojoer.de\/wp-content\/uploads\/2017\/03\/BTR1_letherlike_schwarz_wojoer_wojoer.jpg","datePublished":"2017-03-27T10:50:02+00:00","dateModified":"2026-01-20T21:17:45+00:00","description":"BTR ist der PushUp f\u00fcr den Mann, ideale Erg\u00e4nzung zu feinen lockeren Hosen, enganliegenden oder durchsichtigen Leggings. Der Penisring f\u00fcr maximales Volumen","breadcrumb":{"@id":"https:\/\/www.wojoer.de\/produkt\/btr1-schwarz-penisring\/#breadcrumb"},"inLanguage":"en-GB","potentialAction":[{"@type":"ReadAction","target":["https:\/\/www.wojoer.de\/produkt\/btr1-schwarz-penisring\/"]}]},{"@type":"ImageObject","inLanguage":"en-GB","@id":"https:\/\/www.wojoer.de\/produkt\/btr1-schwarz-penisring\/#primaryimage","url":"https:\/\/www.wojoer.de\/wp-content\/uploads\/2017\/03\/BTR1_letherlike_schwarz_wojoer_wojoer.jpg","contentUrl":"https:\/\/www.wojoer.de\/wp-content\/uploads\/2017\/03\/BTR1_letherlike_schwarz_wojoer_wojoer.jpg","width":2002,"height":2002,"caption":"BTR, BIG THING RING, Push up f\u00fcr den Mann, Genitalring, Hodenring, Penisring, Cockring, f\u00fcr maximales Volumen in der Hose, Lederimitat, Kunstleder, matt schwarz"},{"@type":"BreadcrumbList","@id":"https:\/\/www.wojoer.de\/produkt\/btr1-schwarz-penisring\/#breadcrumb","itemListElement":[{"@type":"ListItem","position":1,"name":"Startseite","item":"https:\/\/www.wojoer.de\/"},{"@type":"ListItem","position":2,"name":"SHOP","item":"https:\/\/www.wojoer.de\/shop\/"},{"@type":"ListItem","position":3,"name":"Lederimitat Pushup schwarz BTR1S"}]},{"@type":"WebSite","@id":"https:\/\/www.wojoer.de\/#website","url":"https:\/\/www.wojoer.de\/","name":"WOJOER","description":"clubwear for men","publisher":{"@id":"https:\/\/www.wojoer.de\/#organization"},"potentialAction":[{"@type":"SearchAction","target":{"@type":"EntryPoint","urlTemplate":"https:\/\/www.wojoer.de\/?s={search_term_string}"},"query-input":{"@type":"PropertyValueSpecification","valueRequired":true,"valueName":"search_term_string"}}],"inLanguage":"en-GB"},{"@type":"Organization","@id":"https:\/\/www.wojoer.de\/#organization","name":"Wonneberger-Manufaktur","url":"https:\/\/www.wojoer.de\/","logo":{"@type":"ImageObject","inLanguage":"en-GB","@id":"https:\/\/www.wojoer.de\/#\/schema\/logo\/image\/","url":"https:\/\/www.wojoer.de\/wp-content\/uploads\/2016\/11\/wonnebergermanufaktur_logo_BUTTON.png","contentUrl":"https:\/\/www.wojoer.de\/wp-content\/uploads\/2016\/11\/wonnebergermanufaktur_logo_BUTTON.png","width":765,"height":765,"caption":"Wonneberger-Manufaktur"},"image":{"@id":"https:\/\/www.wojoer.de\/#\/schema\/logo\/image\/"},"sameAs":["https:\/\/www.facebook.com\/wojoer\/","https:\/\/de.pinterest.com\/W0J0ER\/"]}]}},"_links":{"self":[{"href":"https:\/\/www.wojoer.de\/en\/wp-json\/wp\/v2\/product\/4190","targetHints":{"allow":["GET"]}}],"collection":[{"href":"https:\/\/www.wojoer.de\/en\/wp-json\/wp\/v2\/product"}],"about":[{"href":"https:\/\/www.wojoer.de\/en\/wp-json\/wp\/v2\/types\/product"}],"replies":[{"embeddable":true,"href":"https:\/\/www.wojoer.de\/en\/wp-json\/wp\/v2\/comments?post=4190"}],"wp:featuredmedia":[{"embeddable":true,"href":"https:\/\/www.wojoer.de\/en\/wp-json\/wp\/v2\/media\/4202"}],"wp:attachment":[{"href":"https:\/\/www.wojoer.de\/en\/wp-json\/wp\/v2\/media?parent=4190"}],"wp:term":[{"taxonomy":"product_brand","embeddable":true,"href":"https:\/\/www.wojoer.de\/en\/wp-json\/wp\/v2\/product_brand?post=4190"},{"taxonomy":"product_cat","embeddable":true,"href":"https:\/\/www.wojoer.de\/en\/wp-json\/wp\/v2\/product_cat?post=4190"},{"taxonomy":"product_tag","embeddable":true,"href":"https:\/\/www.wojoer.de\/en\/wp-json\/wp\/v2\/product_tag?post=4190"}],"curies":[{"name":"wp","href":"https:\/\/api.w.org\/{rel}","templated":true}]}}