{"id":42071,"date":"2026-04-24T10:49:55","date_gmt":"2026-04-24T08:49:55","guid":{"rendered":"https:\/\/www.wojoer.de\/?post_type=product&#038;p=42071"},"modified":"2026-04-24T16:23:06","modified_gmt":"2026-04-24T14:23:06","slug":"matt-neoprene-string-push","status":"publish","type":"product","link":"https:\/\/www.wojoer.de\/en\/produkt\/matt-neoprene-string-push\/","title":{"rendered":"Matt Neopren Push String"},"content":{"rendered":"<p>Der Matt Neopren String mit hellblauer Innenkaschierung geh\u00f6rt zu den Wojoer LIVE-Produkten. Das hei\u00dft, sie werden ab Bestellung bei uns produziert. Somit k\u00f6nnen wir auf Kundenw\u00fcnsche individuell eingehen.<\/p>\n<h3>Gr\u00f6\u00dfen<\/h3>\n<p>S, M, L, XL, XXL<\/p>\n<h3>Materialzusammensetzung<\/h3>\n<p>100% Glatthautneopren<\/p>\n<p>Innenkaschierung: 80% Polyamid, 20% Elasthan<\/p>\n<h3>Besonderheiten<\/h3>\n<p><a href=\"http:\/\/www.wojoer.de\/?s=LIVE&#038;post_type=product\">LIVE-Produkt<\/a> | elegant matte Oberfl\u00e4chenoptik | badetauglich | w\u00e4rmend | fest formendes Material | haut enge Passform\u00a0 | hochwertige Verarbeitung &#8220;Made in Germany&#8221;<\/p>\n<h3>Benutzerhinweise<\/h3>\n<p>Handw\u00e4sche | Neopren entwickelt Bewegungsfalten, wie gutes Leder und l\u00e4sst so nach und nach eine eigene Signatur eines jeden Tr\u00e4gers entstehen. Daher bitte druckgesch\u00fctzt und nicht zusammengelegt lagern und auf breite Kleiderb\u00fcgel aufziehen.<\/p>\n<h3>Achtung<\/h3>\n<p>Bei Retouren, m\u00fcssen die Neoprenprodukte ungeknickt und luftig verpackt zur\u00fcckgesendet werden, so wie die Ware erhalten wurde. Bei Druckstellen, die durch einen falschen Versand verursacht wurden, kann die Ware nicht zur\u00fcckgenommen werden.<\/p>\n<h3>NEOPREN &#8211; Mini Push String<\/h3>\n<p>So knapp war Neopren noch nie! Das sonst so klassisch sportlich wirkende Material wird mit diesem seidig matten String in eine neue Klasse erhoben. Denn die hochwertige Verarbeitung mit einer speziell entwickelten Nahttechnik sorgt f\u00fcr eine makellose Passform. Nicht zu vergessen ist der perfekte Trage-Komfort durch die angenehme hellblaue Innenkaschierung aus Jersey und das nur 2,5 mm d\u00fcnne Neopren. Aber auch die Augen kommen auf ihre Kosten. Denn das Shaping ist perfektioniert, um einen runden Knackpopo und eine gro\u00dfe Beule zu zaubern und dennoch schlank und minimalistisch nur das n\u00f6tigste zu bedecken. Kurzum ist dieser String ein aufreizender Allrounder f\u00fcr Strand, Bad, Bett und Club.<\/p>\n<p>&nbsp;<\/p>\n","protected":false},"excerpt":{"rendered":"<p>Der Matt Neopren String mit hellblauer Innenkaschierung geh\u00f6rt zu den Wojoer LIVE-Produkten. Das hei\u00dft, sie werden ab Bestellung bei uns produziert. Somit k\u00f6nnen wir auf Kundenw\u00fcnsche individuell eingehen.<br \/>\nGr\u00f6\u00dfen<br \/>\nS, M, L, XL, XXL<br \/>\nMaterialzusammensetzung<br \/>\n100% Glatthautneopren<\/p>\n<p>Innenkaschierung: 80% Polyamid, 20% Elasthan<br \/>\nBesonderheiten<br \/>\nLIVE-Produkt | elegant matte\u2026<\/p>\n","protected":false},"featured_media":42078,"comment_status":"open","ping_status":"closed","template":"","meta":[],"product_brand":[],"product_cat":[112,473,862,195,326],"product_tag":[108,103,119],"class_list":{"0":"post-42071","1":"product","2":"type-product","3":"status-publish","4":"has-post-thumbnail","6":"product_cat-309-neopren","7":"product_cat-men","8":"product_cat-men-only","9":"product_cat-produktion-auf-bestellung-liveproduktion","10":"product_cat-wojoer","11":"product_tag-1beachwear","12":"product_tag-neopren","13":"product_tag-string","14":"product_shipping_class-neopren","15":"pa_farbe-eisblau","16":"pa_farbe-royalblau","17":"pa_farbe-braun","18":"pa_farbe-grau","19":"pa_farbe-lila","20":"pa_farbe-neongelb","21":"pa_farbe-neongruen","22":"pa_farbe-neonpink","23":"pa_farbe-olive","24":"pa_farbe-orange","25":"pa_farbe-rot","26":"pa_farbe-schwarz","27":"pa_farbe-weiss","28":"pa_groesse-l","29":"pa_groesse-m","30":"pa_groesse-s","31":"pa_groesse-xl","32":"pa_groesse-xxl","33":"pif-has-gallery","34":"post-1","35":"odd","37":"first","38":"instock","39":"taxable","40":"shipping-taxable","41":"purchasable","42":"product-type-variable","43":"has-default-attributes"},"yoast_head":"<!-- This site is optimized with the Yoast SEO plugin v27.2 - https:\/\/yoast.com\/product\/yoast-seo-wordpress\/ -->\n<title>neopren String mit push effect | swim trunks Badehose | WOJOER<\/title>\n<meta name=\"description\" content=\"Neopren ungewohnt knapp. Nicht nur das in Deutschland gefertigte Matthautneopren ist ungewohnt erotisch, auch die Best-Fit-Verarbeitung ist \u00fcberzeugend. Jetzt versandkostenfrei online bestellen.\" \/>\n<meta name=\"robots\" content=\"index, follow, max-snippet:-1, max-image-preview:large, max-video-preview:-1\" \/>\n<link rel=\"canonical\" href=\"https:\/\/www.wojoer.de\/en\/produkt\/matt-neoprene-string-push\/\" \/>\n<meta name=\"twitter:card\" content=\"summary_large_image\" \/>\n<meta name=\"twitter:title\" content=\"neopren String mit push effect | swim trunks Badehose | WOJOER\" \/>\n<meta name=\"twitter:description\" content=\"Neopren ungewohnt knapp. Nicht nur das in Deutschland gefertigte Matthautneopren ist ungewohnt erotisch, auch die Best-Fit-Verarbeitung ist \u00fcberzeugend. Jetzt versandkostenfrei online bestellen.\" \/>\n<meta name=\"twitter:image\" content=\"https:\/\/www.wojoer.de\/wp-content\/uploads\/2023\/12\/0509-S051-0D-00-06-3.-Neopren-Push_mini_G_String-dehnbar-schwarz-L-front-wojoer.jpg\" \/>\n<meta name=\"twitter:label1\" content=\"Estimated reading time\" \/>\n\t<meta name=\"twitter:data1\" content=\"2 minutes\" \/>\n<script type=\"application\/ld+json\" class=\"yoast-schema-graph\">{\"@context\":\"https:\/\/schema.org\",\"@graph\":[{\"@type\":\"WebPage\",\"@id\":\"https:\/\/www.wojoer.de\/produkt\/matt-neoprene-string-push\/\",\"url\":\"https:\/\/www.wojoer.de\/produkt\/matt-neoprene-string-push\/\",\"name\":\"neopren String mit push effect | swim trunks Badehose | WOJOER\",\"isPartOf\":{\"@id\":\"https:\/\/www.wojoer.de\/#website\"},\"primaryImageOfPage\":{\"@id\":\"https:\/\/www.wojoer.de\/produkt\/matt-neoprene-string-push\/#primaryimage\"},\"image\":{\"@id\":\"https:\/\/www.wojoer.de\/produkt\/matt-neoprene-string-push\/#primaryimage\"},\"thumbnailUrl\":\"https:\/\/www.wojoer.de\/wp-content\/uploads\/2023\/12\/0509-S051-0D-00-06-3.-Neopren-Push_mini_G_String-dehnbar-schwarz-L-front-wojoer.jpg\",\"datePublished\":\"2026-04-24T08:49:55+00:00\",\"dateModified\":\"2026-04-24T14:23:06+00:00\",\"description\":\"Neopren ungewohnt knapp. Nicht nur das in Deutschland gefertigte Matthautneopren ist ungewohnt erotisch, auch die Best-Fit-Verarbeitung ist \u00fcberzeugend. Jetzt versandkostenfrei online bestellen.\",\"breadcrumb\":{\"@id\":\"https:\/\/www.wojoer.de\/produkt\/matt-neoprene-string-push\/#breadcrumb\"},\"inLanguage\":\"en-GB\",\"potentialAction\":[{\"@type\":\"ReadAction\",\"target\":[\"https:\/\/www.wojoer.de\/produkt\/matt-neoprene-string-push\/\"]}]},{\"@type\":\"ImageObject\",\"inLanguage\":\"en-GB\",\"@id\":\"https:\/\/www.wojoer.de\/produkt\/matt-neoprene-string-push\/#primaryimage\",\"url\":\"https:\/\/www.wojoer.de\/wp-content\/uploads\/2023\/12\/0509-S051-0D-00-06-3.-Neopren-Push_mini_G_String-dehnbar-schwarz-L-front-wojoer.jpg\",\"contentUrl\":\"https:\/\/www.wojoer.de\/wp-content\/uploads\/2023\/12\/0509-S051-0D-00-06-3.-Neopren-Push_mini_G_String-dehnbar-schwarz-L-front-wojoer.jpg\",\"width\":2002,\"height\":2002},{\"@type\":\"BreadcrumbList\",\"@id\":\"https:\/\/www.wojoer.de\/produkt\/matt-neoprene-string-push\/#breadcrumb\",\"itemListElement\":[{\"@type\":\"ListItem\",\"position\":1,\"name\":\"Startseite\",\"item\":\"https:\/\/www.wojoer.de\/\"},{\"@type\":\"ListItem\",\"position\":2,\"name\":\"SHOP\",\"item\":\"https:\/\/www.wojoer.de\/shop\/\"},{\"@type\":\"ListItem\",\"position\":3,\"name\":\"Matt Neopren Push String\"}]},{\"@type\":\"WebSite\",\"@id\":\"https:\/\/www.wojoer.de\/#website\",\"url\":\"https:\/\/www.wojoer.de\/\",\"name\":\"WOJOER\",\"description\":\"clubwear for men\",\"publisher\":{\"@id\":\"https:\/\/www.wojoer.de\/#organization\"},\"potentialAction\":[{\"@type\":\"SearchAction\",\"target\":{\"@type\":\"EntryPoint\",\"urlTemplate\":\"https:\/\/www.wojoer.de\/?s={search_term_string}\"},\"query-input\":{\"@type\":\"PropertyValueSpecification\",\"valueRequired\":true,\"valueName\":\"search_term_string\"}}],\"inLanguage\":\"en-GB\"},{\"@type\":\"Organization\",\"@id\":\"https:\/\/www.wojoer.de\/#organization\",\"name\":\"Wonneberger-Manufaktur\",\"url\":\"https:\/\/www.wojoer.de\/\",\"logo\":{\"@type\":\"ImageObject\",\"inLanguage\":\"en-GB\",\"@id\":\"https:\/\/www.wojoer.de\/#\/schema\/logo\/image\/\",\"url\":\"https:\/\/www.wojoer.de\/wp-content\/uploads\/2016\/11\/wonnebergermanufaktur_logo_BUTTON.png\",\"contentUrl\":\"https:\/\/www.wojoer.de\/wp-content\/uploads\/2016\/11\/wonnebergermanufaktur_logo_BUTTON.png\",\"width\":765,\"height\":765,\"caption\":\"Wonneberger-Manufaktur\"},\"image\":{\"@id\":\"https:\/\/www.wojoer.de\/#\/schema\/logo\/image\/\"},\"sameAs\":[\"https:\/\/www.facebook.com\/wojoer\/\",\"https:\/\/de.pinterest.com\/W0J0ER\/\"]}]}<\/script>\n<!-- \/ Yoast SEO plugin. -->","yoast_head_json":{"title":"neopren String mit push effect | swim trunks Badehose | WOJOER","description":"Neopren ungewohnt knapp. Nicht nur das in Deutschland gefertigte Matthautneopren ist ungewohnt erotisch, auch die Best-Fit-Verarbeitung ist \u00fcberzeugend. Jetzt versandkostenfrei online bestellen.","robots":{"index":"index","follow":"follow","max-snippet":"max-snippet:-1","max-image-preview":"max-image-preview:large","max-video-preview":"max-video-preview:-1"},"canonical":"https:\/\/www.wojoer.de\/en\/produkt\/matt-neoprene-string-push\/","twitter_card":"summary_large_image","twitter_title":"neopren String mit push effect | swim trunks Badehose | WOJOER","twitter_description":"Neopren ungewohnt knapp. Nicht nur das in Deutschland gefertigte Matthautneopren ist ungewohnt erotisch, auch die Best-Fit-Verarbeitung ist \u00fcberzeugend. Jetzt versandkostenfrei online bestellen.","twitter_image":"https:\/\/www.wojoer.de\/wp-content\/uploads\/2023\/12\/0509-S051-0D-00-06-3.-Neopren-Push_mini_G_String-dehnbar-schwarz-L-front-wojoer.jpg","twitter_misc":{"Estimated reading time":"2 minutes"},"schema":{"@context":"https:\/\/schema.org","@graph":[{"@type":"WebPage","@id":"https:\/\/www.wojoer.de\/produkt\/matt-neoprene-string-push\/","url":"https:\/\/www.wojoer.de\/produkt\/matt-neoprene-string-push\/","name":"neopren String mit push effect | swim trunks Badehose | WOJOER","isPartOf":{"@id":"https:\/\/www.wojoer.de\/#website"},"primaryImageOfPage":{"@id":"https:\/\/www.wojoer.de\/produkt\/matt-neoprene-string-push\/#primaryimage"},"image":{"@id":"https:\/\/www.wojoer.de\/produkt\/matt-neoprene-string-push\/#primaryimage"},"thumbnailUrl":"https:\/\/www.wojoer.de\/wp-content\/uploads\/2023\/12\/0509-S051-0D-00-06-3.-Neopren-Push_mini_G_String-dehnbar-schwarz-L-front-wojoer.jpg","datePublished":"2026-04-24T08:49:55+00:00","dateModified":"2026-04-24T14:23:06+00:00","description":"Neopren ungewohnt knapp. Nicht nur das in Deutschland gefertigte Matthautneopren ist ungewohnt erotisch, auch die Best-Fit-Verarbeitung ist \u00fcberzeugend. Jetzt versandkostenfrei online bestellen.","breadcrumb":{"@id":"https:\/\/www.wojoer.de\/produkt\/matt-neoprene-string-push\/#breadcrumb"},"inLanguage":"en-GB","potentialAction":[{"@type":"ReadAction","target":["https:\/\/www.wojoer.de\/produkt\/matt-neoprene-string-push\/"]}]},{"@type":"ImageObject","inLanguage":"en-GB","@id":"https:\/\/www.wojoer.de\/produkt\/matt-neoprene-string-push\/#primaryimage","url":"https:\/\/www.wojoer.de\/wp-content\/uploads\/2023\/12\/0509-S051-0D-00-06-3.-Neopren-Push_mini_G_String-dehnbar-schwarz-L-front-wojoer.jpg","contentUrl":"https:\/\/www.wojoer.de\/wp-content\/uploads\/2023\/12\/0509-S051-0D-00-06-3.-Neopren-Push_mini_G_String-dehnbar-schwarz-L-front-wojoer.jpg","width":2002,"height":2002},{"@type":"BreadcrumbList","@id":"https:\/\/www.wojoer.de\/produkt\/matt-neoprene-string-push\/#breadcrumb","itemListElement":[{"@type":"ListItem","position":1,"name":"Startseite","item":"https:\/\/www.wojoer.de\/"},{"@type":"ListItem","position":2,"name":"SHOP","item":"https:\/\/www.wojoer.de\/shop\/"},{"@type":"ListItem","position":3,"name":"Matt Neopren Push String"}]},{"@type":"WebSite","@id":"https:\/\/www.wojoer.de\/#website","url":"https:\/\/www.wojoer.de\/","name":"WOJOER","description":"clubwear for men","publisher":{"@id":"https:\/\/www.wojoer.de\/#organization"},"potentialAction":[{"@type":"SearchAction","target":{"@type":"EntryPoint","urlTemplate":"https:\/\/www.wojoer.de\/?s={search_term_string}"},"query-input":{"@type":"PropertyValueSpecification","valueRequired":true,"valueName":"search_term_string"}}],"inLanguage":"en-GB"},{"@type":"Organization","@id":"https:\/\/www.wojoer.de\/#organization","name":"Wonneberger-Manufaktur","url":"https:\/\/www.wojoer.de\/","logo":{"@type":"ImageObject","inLanguage":"en-GB","@id":"https:\/\/www.wojoer.de\/#\/schema\/logo\/image\/","url":"https:\/\/www.wojoer.de\/wp-content\/uploads\/2016\/11\/wonnebergermanufaktur_logo_BUTTON.png","contentUrl":"https:\/\/www.wojoer.de\/wp-content\/uploads\/2016\/11\/wonnebergermanufaktur_logo_BUTTON.png","width":765,"height":765,"caption":"Wonneberger-Manufaktur"},"image":{"@id":"https:\/\/www.wojoer.de\/#\/schema\/logo\/image\/"},"sameAs":["https:\/\/www.facebook.com\/wojoer\/","https:\/\/de.pinterest.com\/W0J0ER\/"]}]}},"_links":{"self":[{"href":"https:\/\/www.wojoer.de\/en\/wp-json\/wp\/v2\/product\/42071","targetHints":{"allow":["GET"]}}],"collection":[{"href":"https:\/\/www.wojoer.de\/en\/wp-json\/wp\/v2\/product"}],"about":[{"href":"https:\/\/www.wojoer.de\/en\/wp-json\/wp\/v2\/types\/product"}],"replies":[{"embeddable":true,"href":"https:\/\/www.wojoer.de\/en\/wp-json\/wp\/v2\/comments?post=42071"}],"wp:featuredmedia":[{"embeddable":true,"href":"https:\/\/www.wojoer.de\/en\/wp-json\/wp\/v2\/media\/42078"}],"wp:attachment":[{"href":"https:\/\/www.wojoer.de\/en\/wp-json\/wp\/v2\/media?parent=42071"}],"wp:term":[{"taxonomy":"product_brand","embeddable":true,"href":"https:\/\/www.wojoer.de\/en\/wp-json\/wp\/v2\/product_brand?post=42071"},{"taxonomy":"product_cat","embeddable":true,"href":"https:\/\/www.wojoer.de\/en\/wp-json\/wp\/v2\/product_cat?post=42071"},{"taxonomy":"product_tag","embeddable":true,"href":"https:\/\/www.wojoer.de\/en\/wp-json\/wp\/v2\/product_tag?post=42071"}],"curies":[{"name":"wp","href":"https:\/\/api.w.org\/{rel}","templated":true}]}}