{"id":42274,"date":"2024-01-24T11:33:55","date_gmt":"2024-01-24T10:33:55","guid":{"rendered":"https:\/\/www.wojoer.de\/?post_type=product&#038;p=42274"},"modified":"2025-11-11T12:56:09","modified_gmt":"2025-11-11T11:56:09","slug":"leatherlike-muscleshirt","status":"publish","type":"product","link":"https:\/\/www.wojoer.de\/en\/produkt\/leatherlike-muscleshirt\/","title":{"rendered":"Leatherlike Muscleshirt"},"content":{"rendered":"<p>Leatherlike Muscleshirt<\/p>\n<p><strong>Sizes<\/strong><\/p>\n<p>Available in sizes S |M |L |XL| XXL | XXXL<\/p>\n<p><strong>Material composition<\/strong><\/p>\n<p>Leather like: 92% polyester | 8% elastane<\/p>\n<p><strong>Particularities<\/strong><\/p>\n<p><a href=\"https:\/\/www.wojoer.de\/?s=live&#038;post_type=product\">LIVE product<\/a> | matt fine leather like | pleasantly elastic | high quality | Made in Germany<\/p>\n<p><strong>Wash instructions<\/strong><\/p>\n<p>Hand wash<\/p>\n<p><strong>Leatherlike Mauscleshirt<br \/>\n<\/strong><\/p>\n<p>&nbsp;<\/p>\n<p>Click here for the <a href=\"https:\/\/www.wojoer.de\/groessentabelle\/\">size chart<\/a>.<\/p>\n","protected":false},"excerpt":{"rendered":"<p>Dieses seidig matte Muscleshirt aus feinem Leatherlike geh\u00f6rt in die Kategorie &#8220;LIVE&#8221;-Produkte. Produktion nur auf Bestellung.<br \/>\nGr\u00f6\u00dfen<br \/>\nErh\u00e4ltlich in den Gr\u00f6\u00dfen S, M, L, XL, XXL<br \/>\nMaterialzusammensetzung<br \/>\nLeatherlike: 92% Polyester 8%Elasthan<br \/>\nBesonderheiten<br \/>\nLIVE Produkt | mattes feines Leatherlike | schwarz | angenehm elastisch | matt gl\u00e4nzend\u2026<\/p>\n","protected":false},"featured_media":42271,"comment_status":"open","ping_status":"closed","template":"","meta":[],"product_brand":[],"product_cat":[116,169,473,326],"product_tag":[194,941,856],"class_list":{"0":"post-42274","1":"product","2":"type-product","3":"status-publish","4":"has-post-thumbnail","6":"product_cat-clubwear","7":"product_cat-nos-never-out-of-stock","8":"product_cat-men","9":"product_cat-wojoer","10":"product_tag-leatherlike","11":"product_tag-muscleshirt","12":"product_tag-shirt","13":"product_shipping_class-beun","14":"pa_groesse-l","15":"pa_groesse-m","16":"pa_groesse-s","17":"pa_groesse-xl","18":"pa_groesse-xxl","19":"pa_groesse-xxxl","20":"pif-has-gallery","21":"post-1","22":"odd","24":"first","25":"onbackorder","26":"taxable","27":"shipping-taxable","28":"purchasable","29":"product-type-variable"},"yoast_head":"<!-- This site is optimized with the Yoast SEO plugin v27.2 - https:\/\/yoast.com\/product\/yoast-seo-wordpress\/ -->\n<title>muscleshirt basic | leatherlike | airy, free and pure | WOJOER<\/title>\n<meta name=\"description\" content=\"Muscleshirt leatherlike - perfect for the hot, lusty quikie in between. No matter when, (almost) no matter where - open, airy and immediately plump, your desire is unstoppable\" \/>\n<meta name=\"robots\" content=\"index, follow, max-snippet:-1, max-image-preview:large, max-video-preview:-1\" \/>\n<link rel=\"canonical\" href=\"https:\/\/www.wojoer.de\/en\/produkt\/leatherlike-muscleshirt\/\" \/>\n<meta name=\"twitter:card\" content=\"summary_large_image\" \/>\n<meta name=\"twitter:title\" content=\"muscleshirt basic | leatherlike | airy, free and pure | WOJOER\" \/>\n<meta name=\"twitter:description\" content=\"Muscleshirt leatherlike - perfect for the hot, lusty quikie in between. No matter when, (almost) no matter where - open, airy and immediately plump, your desire is unstoppable\" \/>\n<meta name=\"twitter:image\" content=\"https:\/\/www.wojoer.de\/wp-content\/uploads\/2024\/01\/0103-T010-0D-00-06-1.mattleder-muscleshirt-schwarz-front-wojoer.jpg\" \/>\n<meta name=\"twitter:label1\" content=\"Estimated reading time\" \/>\n\t<meta name=\"twitter:data1\" content=\"1 minute\" \/>\n<script type=\"application\/ld+json\" class=\"yoast-schema-graph\">{\"@context\":\"https:\/\/schema.org\",\"@graph\":[{\"@type\":\"WebPage\",\"@id\":\"https:\/\/www.wojoer.de\/en\/produkt\/leatherlike-muscleshirt\/\",\"url\":\"https:\/\/www.wojoer.de\/en\/produkt\/leatherlike-muscleshirt\/\",\"name\":\"muscleshirt basic | leatherlike | airy, free and pure | WOJOER\",\"isPartOf\":{\"@id\":\"https:\/\/www.wojoer.de\/#website\"},\"primaryImageOfPage\":{\"@id\":\"https:\/\/www.wojoer.de\/en\/produkt\/leatherlike-muscleshirt\/#primaryimage\"},\"image\":{\"@id\":\"https:\/\/www.wojoer.de\/en\/produkt\/leatherlike-muscleshirt\/#primaryimage\"},\"thumbnailUrl\":\"https:\/\/www.wojoer.de\/wp-content\/uploads\/2024\/01\/0103-T010-0D-00-06-1.mattleder-muscleshirt-schwarz-front-wojoer.jpg\",\"datePublished\":\"2024-01-24T10:33:55+00:00\",\"dateModified\":\"2025-11-11T11:56:09+00:00\",\"description\":\"Muscleshirt leatherlike - perfect for the hot, lusty quikie in between. No matter when, (almost) no matter where - open, airy and immediately plump, your desire is unstoppable\",\"breadcrumb\":{\"@id\":\"https:\/\/www.wojoer.de\/en\/produkt\/leatherlike-muscleshirt\/#breadcrumb\"},\"inLanguage\":\"en-GB\",\"potentialAction\":[{\"@type\":\"ReadAction\",\"target\":[\"https:\/\/www.wojoer.de\/en\/produkt\/leatherlike-muscleshirt\/\"]}]},{\"@type\":\"ImageObject\",\"inLanguage\":\"en-GB\",\"@id\":\"https:\/\/www.wojoer.de\/en\/produkt\/leatherlike-muscleshirt\/#primaryimage\",\"url\":\"https:\/\/www.wojoer.de\/wp-content\/uploads\/2024\/01\/0103-T010-0D-00-06-1.mattleder-muscleshirt-schwarz-front-wojoer.jpg\",\"contentUrl\":\"https:\/\/www.wojoer.de\/wp-content\/uploads\/2024\/01\/0103-T010-0D-00-06-1.mattleder-muscleshirt-schwarz-front-wojoer.jpg\",\"width\":2002,\"height\":2002},{\"@type\":\"BreadcrumbList\",\"@id\":\"https:\/\/www.wojoer.de\/en\/produkt\/leatherlike-muscleshirt\/#breadcrumb\",\"itemListElement\":[{\"@type\":\"ListItem\",\"position\":1,\"name\":\"Startseite\",\"item\":\"https:\/\/www.wojoer.de\/\"},{\"@type\":\"ListItem\",\"position\":2,\"name\":\"SHOP\",\"item\":\"https:\/\/www.wojoer.de\/shop\/\"},{\"@type\":\"ListItem\",\"position\":3,\"name\":\"Leatherlike Muscleshirt\"}]},{\"@type\":\"WebSite\",\"@id\":\"https:\/\/www.wojoer.de\/#website\",\"url\":\"https:\/\/www.wojoer.de\/\",\"name\":\"WOJOER\",\"description\":\"clubwear for men\",\"publisher\":{\"@id\":\"https:\/\/www.wojoer.de\/#organization\"},\"potentialAction\":[{\"@type\":\"SearchAction\",\"target\":{\"@type\":\"EntryPoint\",\"urlTemplate\":\"https:\/\/www.wojoer.de\/?s={search_term_string}\"},\"query-input\":{\"@type\":\"PropertyValueSpecification\",\"valueRequired\":true,\"valueName\":\"search_term_string\"}}],\"inLanguage\":\"en-GB\"},{\"@type\":\"Organization\",\"@id\":\"https:\/\/www.wojoer.de\/#organization\",\"name\":\"Wonneberger-Manufaktur\",\"url\":\"https:\/\/www.wojoer.de\/\",\"logo\":{\"@type\":\"ImageObject\",\"inLanguage\":\"en-GB\",\"@id\":\"https:\/\/www.wojoer.de\/#\/schema\/logo\/image\/\",\"url\":\"https:\/\/www.wojoer.de\/wp-content\/uploads\/2016\/11\/wonnebergermanufaktur_logo_BUTTON.png\",\"contentUrl\":\"https:\/\/www.wojoer.de\/wp-content\/uploads\/2016\/11\/wonnebergermanufaktur_logo_BUTTON.png\",\"width\":765,\"height\":765,\"caption\":\"Wonneberger-Manufaktur\"},\"image\":{\"@id\":\"https:\/\/www.wojoer.de\/#\/schema\/logo\/image\/\"},\"sameAs\":[\"https:\/\/www.facebook.com\/wojoer\/\",\"https:\/\/de.pinterest.com\/W0J0ER\/\"]}]}<\/script>\n<!-- \/ Yoast SEO plugin. -->","yoast_head_json":{"title":"muscleshirt basic | leatherlike | airy, free and pure | WOJOER","description":"Muscleshirt leatherlike - perfect for the hot, lusty quikie in between. No matter when, (almost) no matter where - open, airy and immediately plump, your desire is unstoppable","robots":{"index":"index","follow":"follow","max-snippet":"max-snippet:-1","max-image-preview":"max-image-preview:large","max-video-preview":"max-video-preview:-1"},"canonical":"https:\/\/www.wojoer.de\/en\/produkt\/leatherlike-muscleshirt\/","twitter_card":"summary_large_image","twitter_title":"muscleshirt basic | leatherlike | airy, free and pure | WOJOER","twitter_description":"Muscleshirt leatherlike - perfect for the hot, lusty quikie in between. No matter when, (almost) no matter where - open, airy and immediately plump, your desire is unstoppable","twitter_image":"https:\/\/www.wojoer.de\/wp-content\/uploads\/2024\/01\/0103-T010-0D-00-06-1.mattleder-muscleshirt-schwarz-front-wojoer.jpg","twitter_misc":{"Estimated reading time":"1 minute"},"schema":{"@context":"https:\/\/schema.org","@graph":[{"@type":"WebPage","@id":"https:\/\/www.wojoer.de\/en\/produkt\/leatherlike-muscleshirt\/","url":"https:\/\/www.wojoer.de\/en\/produkt\/leatherlike-muscleshirt\/","name":"muscleshirt basic | leatherlike | airy, free and pure | WOJOER","isPartOf":{"@id":"https:\/\/www.wojoer.de\/#website"},"primaryImageOfPage":{"@id":"https:\/\/www.wojoer.de\/en\/produkt\/leatherlike-muscleshirt\/#primaryimage"},"image":{"@id":"https:\/\/www.wojoer.de\/en\/produkt\/leatherlike-muscleshirt\/#primaryimage"},"thumbnailUrl":"https:\/\/www.wojoer.de\/wp-content\/uploads\/2024\/01\/0103-T010-0D-00-06-1.mattleder-muscleshirt-schwarz-front-wojoer.jpg","datePublished":"2024-01-24T10:33:55+00:00","dateModified":"2025-11-11T11:56:09+00:00","description":"Muscleshirt leatherlike - perfect for the hot, lusty quikie in between. No matter when, (almost) no matter where - open, airy and immediately plump, your desire is unstoppable","breadcrumb":{"@id":"https:\/\/www.wojoer.de\/en\/produkt\/leatherlike-muscleshirt\/#breadcrumb"},"inLanguage":"en-GB","potentialAction":[{"@type":"ReadAction","target":["https:\/\/www.wojoer.de\/en\/produkt\/leatherlike-muscleshirt\/"]}]},{"@type":"ImageObject","inLanguage":"en-GB","@id":"https:\/\/www.wojoer.de\/en\/produkt\/leatherlike-muscleshirt\/#primaryimage","url":"https:\/\/www.wojoer.de\/wp-content\/uploads\/2024\/01\/0103-T010-0D-00-06-1.mattleder-muscleshirt-schwarz-front-wojoer.jpg","contentUrl":"https:\/\/www.wojoer.de\/wp-content\/uploads\/2024\/01\/0103-T010-0D-00-06-1.mattleder-muscleshirt-schwarz-front-wojoer.jpg","width":2002,"height":2002},{"@type":"BreadcrumbList","@id":"https:\/\/www.wojoer.de\/en\/produkt\/leatherlike-muscleshirt\/#breadcrumb","itemListElement":[{"@type":"ListItem","position":1,"name":"Startseite","item":"https:\/\/www.wojoer.de\/"},{"@type":"ListItem","position":2,"name":"SHOP","item":"https:\/\/www.wojoer.de\/shop\/"},{"@type":"ListItem","position":3,"name":"Leatherlike Muscleshirt"}]},{"@type":"WebSite","@id":"https:\/\/www.wojoer.de\/#website","url":"https:\/\/www.wojoer.de\/","name":"WOJOER","description":"clubwear for men","publisher":{"@id":"https:\/\/www.wojoer.de\/#organization"},"potentialAction":[{"@type":"SearchAction","target":{"@type":"EntryPoint","urlTemplate":"https:\/\/www.wojoer.de\/?s={search_term_string}"},"query-input":{"@type":"PropertyValueSpecification","valueRequired":true,"valueName":"search_term_string"}}],"inLanguage":"en-GB"},{"@type":"Organization","@id":"https:\/\/www.wojoer.de\/#organization","name":"Wonneberger-Manufaktur","url":"https:\/\/www.wojoer.de\/","logo":{"@type":"ImageObject","inLanguage":"en-GB","@id":"https:\/\/www.wojoer.de\/#\/schema\/logo\/image\/","url":"https:\/\/www.wojoer.de\/wp-content\/uploads\/2016\/11\/wonnebergermanufaktur_logo_BUTTON.png","contentUrl":"https:\/\/www.wojoer.de\/wp-content\/uploads\/2016\/11\/wonnebergermanufaktur_logo_BUTTON.png","width":765,"height":765,"caption":"Wonneberger-Manufaktur"},"image":{"@id":"https:\/\/www.wojoer.de\/#\/schema\/logo\/image\/"},"sameAs":["https:\/\/www.facebook.com\/wojoer\/","https:\/\/de.pinterest.com\/W0J0ER\/"]}]}},"_links":{"self":[{"href":"https:\/\/www.wojoer.de\/en\/wp-json\/wp\/v2\/product\/42274","targetHints":{"allow":["GET"]}}],"collection":[{"href":"https:\/\/www.wojoer.de\/en\/wp-json\/wp\/v2\/product"}],"about":[{"href":"https:\/\/www.wojoer.de\/en\/wp-json\/wp\/v2\/types\/product"}],"replies":[{"embeddable":true,"href":"https:\/\/www.wojoer.de\/en\/wp-json\/wp\/v2\/comments?post=42274"}],"wp:featuredmedia":[{"embeddable":true,"href":"https:\/\/www.wojoer.de\/en\/wp-json\/wp\/v2\/media\/42271"}],"wp:attachment":[{"href":"https:\/\/www.wojoer.de\/en\/wp-json\/wp\/v2\/media?parent=42274"}],"wp:term":[{"taxonomy":"product_brand","embeddable":true,"href":"https:\/\/www.wojoer.de\/en\/wp-json\/wp\/v2\/product_brand?post=42274"},{"taxonomy":"product_cat","embeddable":true,"href":"https:\/\/www.wojoer.de\/en\/wp-json\/wp\/v2\/product_cat?post=42274"},{"taxonomy":"product_tag","embeddable":true,"href":"https:\/\/www.wojoer.de\/en\/wp-json\/wp\/v2\/product_tag?post=42274"}],"curies":[{"name":"wp","href":"https:\/\/api.w.org\/{rel}","templated":true}]}}