{"id":42339,"date":"2024-02-05T10:02:34","date_gmt":"2024-02-05T09:02:34","guid":{"rendered":"https:\/\/www.wojoer.de\/?post_type=product&#038;p=42339"},"modified":"2025-09-11T09:19:09","modified_gmt":"2025-09-11T07:19:09","slug":"neon-beachshorts-ohne-taschen","status":"publish","type":"product","link":"https:\/\/www.wojoer.de\/en\/produkt\/neon-beachshorts-ohne-taschen\/","title":{"rendered":"Transparente Beachshorts mit Pushup"},"content":{"rendered":"<p>Diese transparente Beachshorts 0412-P102-0F-38- geh\u00f6rt in die Kategorie \u201eLIVE\u201c-Produkte. Produktion nur auf Bestellung.<\/p>\n<h3>Gr\u00f6\u00dfen<\/h3>\n<p>Erh\u00e4ltlich in den Gr\u00f6\u00dfen S, M, L, XL, XXL<\/p>\n<h3>Materialzusammensetzung<\/h3>\n<p>100% Polyester, 80% Polyamid, 20% Elasthan<\/p>\n<h3>Besonderheiten<\/h3>\n<p><a href=\"http:\/\/www.wojoer.de\/?s=nos&#038;post_type=product\">NOS Produkt<\/a> | Beachwear\u00a0 | transparent | schwarzer Gummibund | luftig | schnell trocknend | ohne Taschen | PushUp Funktion | hochwertige Verarbeitung &#8220;Made in Germany&#8221;<\/p>\n<h3>Benutzerhinweise<\/h3>\n<p>30\u00b0 Schonw\u00e4sche | auf niedriger Stufe b\u00fcgeln<\/p>\n<h3>Transparente BEACHSHORTS &#8211; Bademode<\/h3>\n<p>Hier wartet eine hei\u00dfe transparente Beachshorts ohne Taschen in knalligem Neongelb auf euch. Die Innenschn\u00fcrung, welche im Bund versteckt ist, hebt den Mann vorteilhaft an und stellt sicher, dass deine M\u00e4nnlichkeit im Mittelpunkt steht. Somit bist du der richtige Kandidat f\u00fcr jedes Abenteuer. Die Shorts \u00fcberzeugt aber auch mit ihrem luftigen und transparenten festen Netz in Waben-Optik, der sich besonders bei N\u00e4sse glatt an die Haut legt.<\/p>\n","protected":false},"excerpt":{"rendered":"<p>Diese transparente Beachshorts 0412-P102-0F-38- geh\u00f6rt in die Kategorie \u201eLIVE\u201c-Produkte. Produktion nur auf Bestellung.<br \/>\nGr\u00f6\u00dfen<br \/>\nErh\u00e4ltlich in den Gr\u00f6\u00dfen S, M, L, XL, XXL<br \/>\nMaterialzusammensetzung<br \/>\n100% Polyester, 80% Polyamid, 20% Elasthan<br \/>\nBesonderheiten<br \/>\nNOS Produkt | Beachwear\u00a0 | transparent | schwarzer Gummibund | luftig | schnell trocknend |\u2026<\/p>\n","protected":false},"featured_media":42345,"comment_status":"open","ping_status":"closed","template":"","meta":[],"product_brand":[],"product_cat":[115,114,473,195,326],"product_tag":[108,273,387],"class_list":{"0":"post-42339","1":"product","2":"type-product","3":"status-publish","4":"has-post-thumbnail","6":"product_cat-beachwear","7":"product_cat-fetisch","8":"product_cat-men","9":"product_cat-produktion-auf-bestellung-liveproduktion","10":"product_cat-wojoer","11":"product_tag-1beachwear","12":"product_tag-pants","13":"product_tag-transparent","14":"product_shipping_class-beun","15":"pa_groesse-l","16":"pa_groesse-m","17":"pa_groesse-s","18":"pa_groesse-xl","19":"pa_groesse-xxl","20":"pa_variante-9er-pack","21":"pif-has-gallery","22":"post-1","23":"odd","25":"first","26":"instock","27":"featured","28":"taxable","29":"shipping-taxable","30":"purchasable","31":"product-type-variable","32":"has-default-attributes"},"yoast_head":"<!-- This site is optimized with the Yoast SEO plugin v27.2 - https:\/\/yoast.com\/product\/yoast-seo-wordpress\/ -->\n<title>transparente Beachshorts | Neongelb | durchsichtig<\/title>\n<meta name=\"description\" content=\"transparente Beachshorts aus Netz. Die knallig neongelbe, leicht transparente Neon Beachshorts ist perfekt f\u00fcr den Sprung ins k\u00fchle Nass! Jetzt versandkostenfrei innerhalb Deutschlands online bestellen!\" \/>\n<meta name=\"robots\" content=\"index, follow, max-snippet:-1, max-image-preview:large, max-video-preview:-1\" \/>\n<link rel=\"canonical\" href=\"https:\/\/www.wojoer.de\/en\/produkt\/neon-beachshorts-ohne-taschen\/\" \/>\n<meta name=\"twitter:card\" content=\"summary_large_image\" \/>\n<meta name=\"twitter:title\" content=\"transparente Beachshorts | Neongelb | durchsichtig\" \/>\n<meta name=\"twitter:description\" content=\"transparente Beachshorts aus Netz. Die knallig neongelbe, leicht transparente Neon Beachshorts ist perfekt f\u00fcr den Sprung ins k\u00fchle Nass! Jetzt versandkostenfrei innerhalb Deutschlands online bestellen!\" \/>\n<meta name=\"twitter:image\" content=\"https:\/\/www.wojoer.de\/wp-content\/uploads\/2024\/02\/0412-P102-NF-57-06_BenG_loose_Shorts_neonyellow_mesh_wet_black_waist_image_wojoer-scaled.jpg\" \/>\n<meta name=\"twitter:label1\" content=\"Estimated reading time\" \/>\n\t<meta name=\"twitter:data1\" content=\"1 minute\" \/>\n<script type=\"application\/ld+json\" class=\"yoast-schema-graph\">{\"@context\":\"https:\/\/schema.org\",\"@graph\":[{\"@type\":\"WebPage\",\"@id\":\"https:\/\/www.wojoer.de\/produkt\/neon-beachshorts-ohne-taschen\/\",\"url\":\"https:\/\/www.wojoer.de\/produkt\/neon-beachshorts-ohne-taschen\/\",\"name\":\"transparente Beachshorts | Neongelb | durchsichtig\",\"isPartOf\":{\"@id\":\"https:\/\/www.wojoer.de\/#website\"},\"primaryImageOfPage\":{\"@id\":\"https:\/\/www.wojoer.de\/produkt\/neon-beachshorts-ohne-taschen\/#primaryimage\"},\"image\":{\"@id\":\"https:\/\/www.wojoer.de\/produkt\/neon-beachshorts-ohne-taschen\/#primaryimage\"},\"thumbnailUrl\":\"https:\/\/www.wojoer.de\/wp-content\/uploads\/2024\/02\/0412-P102-NF-57-06_BenG_loose_Shorts_neonyellow_mesh_wet_black_waist_image_wojoer-scaled.jpg\",\"datePublished\":\"2024-02-05T09:02:34+00:00\",\"dateModified\":\"2025-09-11T07:19:09+00:00\",\"description\":\"transparente Beachshorts aus Netz. Die knallig neongelbe, leicht transparente Neon Beachshorts ist perfekt f\u00fcr den Sprung ins k\u00fchle Nass! Jetzt versandkostenfrei innerhalb Deutschlands online bestellen!\",\"breadcrumb\":{\"@id\":\"https:\/\/www.wojoer.de\/produkt\/neon-beachshorts-ohne-taschen\/#breadcrumb\"},\"inLanguage\":\"en-GB\",\"potentialAction\":[{\"@type\":\"ReadAction\",\"target\":[\"https:\/\/www.wojoer.de\/produkt\/neon-beachshorts-ohne-taschen\/\"]}]},{\"@type\":\"ImageObject\",\"inLanguage\":\"en-GB\",\"@id\":\"https:\/\/www.wojoer.de\/produkt\/neon-beachshorts-ohne-taschen\/#primaryimage\",\"url\":\"https:\/\/www.wojoer.de\/wp-content\/uploads\/2024\/02\/0412-P102-NF-57-06_BenG_loose_Shorts_neonyellow_mesh_wet_black_waist_image_wojoer-scaled.jpg\",\"contentUrl\":\"https:\/\/www.wojoer.de\/wp-content\/uploads\/2024\/02\/0412-P102-NF-57-06_BenG_loose_Shorts_neonyellow_mesh_wet_black_waist_image_wojoer-scaled.jpg\",\"width\":2560,\"height\":2560},{\"@type\":\"BreadcrumbList\",\"@id\":\"https:\/\/www.wojoer.de\/produkt\/neon-beachshorts-ohne-taschen\/#breadcrumb\",\"itemListElement\":[{\"@type\":\"ListItem\",\"position\":1,\"name\":\"Startseite\",\"item\":\"https:\/\/www.wojoer.de\/\"},{\"@type\":\"ListItem\",\"position\":2,\"name\":\"SHOP\",\"item\":\"https:\/\/www.wojoer.de\/shop\/\"},{\"@type\":\"ListItem\",\"position\":3,\"name\":\"Transparente Beachshorts mit Pushup\"}]},{\"@type\":\"WebSite\",\"@id\":\"https:\/\/www.wojoer.de\/#website\",\"url\":\"https:\/\/www.wojoer.de\/\",\"name\":\"WOJOER\",\"description\":\"clubwear for men\",\"publisher\":{\"@id\":\"https:\/\/www.wojoer.de\/#organization\"},\"potentialAction\":[{\"@type\":\"SearchAction\",\"target\":{\"@type\":\"EntryPoint\",\"urlTemplate\":\"https:\/\/www.wojoer.de\/?s={search_term_string}\"},\"query-input\":{\"@type\":\"PropertyValueSpecification\",\"valueRequired\":true,\"valueName\":\"search_term_string\"}}],\"inLanguage\":\"en-GB\"},{\"@type\":\"Organization\",\"@id\":\"https:\/\/www.wojoer.de\/#organization\",\"name\":\"Wonneberger-Manufaktur\",\"url\":\"https:\/\/www.wojoer.de\/\",\"logo\":{\"@type\":\"ImageObject\",\"inLanguage\":\"en-GB\",\"@id\":\"https:\/\/www.wojoer.de\/#\/schema\/logo\/image\/\",\"url\":\"https:\/\/www.wojoer.de\/wp-content\/uploads\/2016\/11\/wonnebergermanufaktur_logo_BUTTON.png\",\"contentUrl\":\"https:\/\/www.wojoer.de\/wp-content\/uploads\/2016\/11\/wonnebergermanufaktur_logo_BUTTON.png\",\"width\":765,\"height\":765,\"caption\":\"Wonneberger-Manufaktur\"},\"image\":{\"@id\":\"https:\/\/www.wojoer.de\/#\/schema\/logo\/image\/\"},\"sameAs\":[\"https:\/\/www.facebook.com\/wojoer\/\",\"https:\/\/de.pinterest.com\/W0J0ER\/\"]}]}<\/script>\n<!-- \/ Yoast SEO plugin. -->","yoast_head_json":{"title":"transparente Beachshorts | Neongelb | durchsichtig","description":"transparente Beachshorts aus Netz. Die knallig neongelbe, leicht transparente Neon Beachshorts ist perfekt f\u00fcr den Sprung ins k\u00fchle Nass! Jetzt versandkostenfrei innerhalb Deutschlands online bestellen!","robots":{"index":"index","follow":"follow","max-snippet":"max-snippet:-1","max-image-preview":"max-image-preview:large","max-video-preview":"max-video-preview:-1"},"canonical":"https:\/\/www.wojoer.de\/en\/produkt\/neon-beachshorts-ohne-taschen\/","twitter_card":"summary_large_image","twitter_title":"transparente Beachshorts | Neongelb | durchsichtig","twitter_description":"transparente Beachshorts aus Netz. Die knallig neongelbe, leicht transparente Neon Beachshorts ist perfekt f\u00fcr den Sprung ins k\u00fchle Nass! Jetzt versandkostenfrei innerhalb Deutschlands online bestellen!","twitter_image":"https:\/\/www.wojoer.de\/wp-content\/uploads\/2024\/02\/0412-P102-NF-57-06_BenG_loose_Shorts_neonyellow_mesh_wet_black_waist_image_wojoer-scaled.jpg","twitter_misc":{"Estimated reading time":"1 minute"},"schema":{"@context":"https:\/\/schema.org","@graph":[{"@type":"WebPage","@id":"https:\/\/www.wojoer.de\/produkt\/neon-beachshorts-ohne-taschen\/","url":"https:\/\/www.wojoer.de\/produkt\/neon-beachshorts-ohne-taschen\/","name":"transparente Beachshorts | Neongelb | durchsichtig","isPartOf":{"@id":"https:\/\/www.wojoer.de\/#website"},"primaryImageOfPage":{"@id":"https:\/\/www.wojoer.de\/produkt\/neon-beachshorts-ohne-taschen\/#primaryimage"},"image":{"@id":"https:\/\/www.wojoer.de\/produkt\/neon-beachshorts-ohne-taschen\/#primaryimage"},"thumbnailUrl":"https:\/\/www.wojoer.de\/wp-content\/uploads\/2024\/02\/0412-P102-NF-57-06_BenG_loose_Shorts_neonyellow_mesh_wet_black_waist_image_wojoer-scaled.jpg","datePublished":"2024-02-05T09:02:34+00:00","dateModified":"2025-09-11T07:19:09+00:00","description":"transparente Beachshorts aus Netz. Die knallig neongelbe, leicht transparente Neon Beachshorts ist perfekt f\u00fcr den Sprung ins k\u00fchle Nass! Jetzt versandkostenfrei innerhalb Deutschlands online bestellen!","breadcrumb":{"@id":"https:\/\/www.wojoer.de\/produkt\/neon-beachshorts-ohne-taschen\/#breadcrumb"},"inLanguage":"en-GB","potentialAction":[{"@type":"ReadAction","target":["https:\/\/www.wojoer.de\/produkt\/neon-beachshorts-ohne-taschen\/"]}]},{"@type":"ImageObject","inLanguage":"en-GB","@id":"https:\/\/www.wojoer.de\/produkt\/neon-beachshorts-ohne-taschen\/#primaryimage","url":"https:\/\/www.wojoer.de\/wp-content\/uploads\/2024\/02\/0412-P102-NF-57-06_BenG_loose_Shorts_neonyellow_mesh_wet_black_waist_image_wojoer-scaled.jpg","contentUrl":"https:\/\/www.wojoer.de\/wp-content\/uploads\/2024\/02\/0412-P102-NF-57-06_BenG_loose_Shorts_neonyellow_mesh_wet_black_waist_image_wojoer-scaled.jpg","width":2560,"height":2560},{"@type":"BreadcrumbList","@id":"https:\/\/www.wojoer.de\/produkt\/neon-beachshorts-ohne-taschen\/#breadcrumb","itemListElement":[{"@type":"ListItem","position":1,"name":"Startseite","item":"https:\/\/www.wojoer.de\/"},{"@type":"ListItem","position":2,"name":"SHOP","item":"https:\/\/www.wojoer.de\/shop\/"},{"@type":"ListItem","position":3,"name":"Transparente Beachshorts mit Pushup"}]},{"@type":"WebSite","@id":"https:\/\/www.wojoer.de\/#website","url":"https:\/\/www.wojoer.de\/","name":"WOJOER","description":"clubwear for men","publisher":{"@id":"https:\/\/www.wojoer.de\/#organization"},"potentialAction":[{"@type":"SearchAction","target":{"@type":"EntryPoint","urlTemplate":"https:\/\/www.wojoer.de\/?s={search_term_string}"},"query-input":{"@type":"PropertyValueSpecification","valueRequired":true,"valueName":"search_term_string"}}],"inLanguage":"en-GB"},{"@type":"Organization","@id":"https:\/\/www.wojoer.de\/#organization","name":"Wonneberger-Manufaktur","url":"https:\/\/www.wojoer.de\/","logo":{"@type":"ImageObject","inLanguage":"en-GB","@id":"https:\/\/www.wojoer.de\/#\/schema\/logo\/image\/","url":"https:\/\/www.wojoer.de\/wp-content\/uploads\/2016\/11\/wonnebergermanufaktur_logo_BUTTON.png","contentUrl":"https:\/\/www.wojoer.de\/wp-content\/uploads\/2016\/11\/wonnebergermanufaktur_logo_BUTTON.png","width":765,"height":765,"caption":"Wonneberger-Manufaktur"},"image":{"@id":"https:\/\/www.wojoer.de\/#\/schema\/logo\/image\/"},"sameAs":["https:\/\/www.facebook.com\/wojoer\/","https:\/\/de.pinterest.com\/W0J0ER\/"]}]}},"_links":{"self":[{"href":"https:\/\/www.wojoer.de\/en\/wp-json\/wp\/v2\/product\/42339","targetHints":{"allow":["GET"]}}],"collection":[{"href":"https:\/\/www.wojoer.de\/en\/wp-json\/wp\/v2\/product"}],"about":[{"href":"https:\/\/www.wojoer.de\/en\/wp-json\/wp\/v2\/types\/product"}],"replies":[{"embeddable":true,"href":"https:\/\/www.wojoer.de\/en\/wp-json\/wp\/v2\/comments?post=42339"}],"wp:featuredmedia":[{"embeddable":true,"href":"https:\/\/www.wojoer.de\/en\/wp-json\/wp\/v2\/media\/42345"}],"wp:attachment":[{"href":"https:\/\/www.wojoer.de\/en\/wp-json\/wp\/v2\/media?parent=42339"}],"wp:term":[{"taxonomy":"product_brand","embeddable":true,"href":"https:\/\/www.wojoer.de\/en\/wp-json\/wp\/v2\/product_brand?post=42339"},{"taxonomy":"product_cat","embeddable":true,"href":"https:\/\/www.wojoer.de\/en\/wp-json\/wp\/v2\/product_cat?post=42339"},{"taxonomy":"product_tag","embeddable":true,"href":"https:\/\/www.wojoer.de\/en\/wp-json\/wp\/v2\/product_tag?post=42339"}],"curies":[{"name":"wp","href":"https:\/\/api.w.org\/{rel}","templated":true}]}}