{"id":42535,"date":"2025-04-12T09:41:07","date_gmt":"2025-04-12T07:41:07","guid":{"rendered":"https:\/\/www.wojoer.de\/?post_type=product&#038;p=42535"},"modified":"2025-04-17T09:26:27","modified_gmt":"2025-04-17T07:26:27","slug":"elba-bade-mini-push-string","status":"publish","type":"product","link":"https:\/\/www.wojoer.de\/en\/produkt\/elba-bade-mini-push-string\/","title":{"rendered":"Elba Bade Mini Push String"},"content":{"rendered":"<p>Diesen bunten Elba MiniPush String gibt&#8217;s nur in limitierter Auflage &#8211; ONLYFORME!<\/p>\n<h3>Gr\u00f6\u00dfen<\/h3>\n<p>Erh\u00e4ltlich in den Gr\u00f6\u00dfen S, M, L, XL<\/p>\n<h3>Materialzusammensetzung<\/h3>\n<p><span class=\"a-list-item\">80% Polyamid | 20% Elasthan<br \/>\n<\/span><\/p>\n<h3>Besonderheiten<\/h3>\n<p><a href=\"http:\/\/www.wojoer.de\/?s=LIVE&#038;post_type=product\">LIVE-Produkt<\/a> | angenehm weich | bequeme, hautenge Passform | sanfte Hebefunktion\u00a0 | hochwertige Verarbeitung &#8220;Made in Germany&#8221;<\/p>\n<h3>Benutzerhinweise<\/h3>\n<p>30\u00b0C Schonw\u00e4sche, keine Weichsp\u00fcler oder Schwarzwaschmittel | Chlor- und Salzwasserresistent<\/p>\n<h3>BADESTRING &#8211; sexy M\u00e4nnerstring, MiniPush String<\/h3>\n<p>Du willst einen knall engen, super knappen Bade Push String, ma\u00dfgeschneidert f\u00fcr Deinen Adonis-K\u00f6rper? Dann bist du bei WOJOER genau an der richtigen Stelle. Dieser farbenfrohe mini push String ist genau das, was du suchst. Jeder String ist ein Unikat, denn der Druck ist immer anders aufregend. Die enge Schnittform und die sanfte Hebefunktion, lassen deine pralle M\u00e4nnlichkeit erstrahlen. Deine H\u00fcften und dein knackiger Hintern, werden in erotischem rot sexy in Szene gesetzt. Einfach der perfekte Begleiter am Strand oder im Club.<\/p>\n<p>&nbsp;<\/p>\n","protected":false},"excerpt":{"rendered":"<p>Diesen bunten Elba MiniPush String gibt&#8217;s nur in limitierter Auflage &#8211; ONLYFORME!<br \/>\nGr\u00f6\u00dfen<br \/>\nErh\u00e4ltlich in den Gr\u00f6\u00dfen S, M, L, XL<br \/>\nMaterialzusammensetzung<br \/>\n80% Polyamid | 20% Elasthan<\/p>\n<p>Besonderheiten<br \/>\nLIVE-Produkt | angenehm weich | bequeme, hautenge Passform | sanfte Hebefunktion\u00a0 | hochwertige Verarbeitung &#8220;Made in Germany&#8221;<br \/>\nBenutzerhinweise<br \/>\n30\u00b0C Schonw\u00e4sche,\u2026<\/p>\n","protected":false},"featured_media":42400,"comment_status":"open","ping_status":"closed","template":"","meta":[],"product_brand":[],"product_cat":[115,884,473,270,326],"product_tag":[275,108,272],"class_list":{"0":"post-42535","1":"product","2":"type-product","3":"status-publish","4":"has-post-thumbnail","6":"product_cat-beachwear","7":"product_cat-limited-editions","8":"product_cat-men","9":"product_cat-onlyforme","10":"product_cat-wojoer","11":"product_tag-badematt","12":"product_tag-1beachwear","13":"product_tag-druck","14":"product_shipping_class-beun","15":"pa_groesse-l","16":"pa_groesse-m","17":"pa_groesse-s","18":"pa_groesse-xl","19":"pif-has-gallery","20":"post-1","21":"odd","23":"first","24":"instock","25":"taxable","26":"shipping-taxable","27":"purchasable","28":"product-type-variable","29":"has-default-attributes"},"yoast_head":"<!-- This site is optimized with the Yoast SEO plugin v27.2 - https:\/\/yoast.com\/product\/yoast-seo-wordpress\/ -->\n<title>MiniPush String | slim fit | runder Pouch | breiter Bund | WOJOER<\/title>\n<meta name=\"description\" content=\"WOJOER Spezial Bade String legt sich angenehm eng &amp; verboten knapp um deine H\u00fcften. Exklusives, auff\u00e4lliges Muster - Jetzt versandkostenfrei bestellen.\" \/>\n<meta name=\"robots\" content=\"index, follow, max-snippet:-1, max-image-preview:large, max-video-preview:-1\" \/>\n<link rel=\"canonical\" href=\"https:\/\/www.wojoer.de\/en\/produkt\/elba-bade-mini-push-string\/\" \/>\n<meta name=\"twitter:card\" content=\"summary_large_image\" \/>\n<meta name=\"twitter:title\" content=\"MiniPush String | slim fit | runder Pouch | breiter Bund | WOJOER\" \/>\n<meta name=\"twitter:description\" content=\"WOJOER Spezial Bade String legt sich angenehm eng &amp; verboten knapp um deine H\u00fcften. Exklusives, auff\u00e4lliges Muster - Jetzt versandkostenfrei bestellen.\" \/>\n<meta name=\"twitter:image\" content=\"https:\/\/www.wojoer.de\/wp-content\/uploads\/2024\/02\/S032-S014-0D-27-06-2.-Elba-Push_Mini_String-dehnbar-bunt-L-front-Wojoer.jpg\" \/>\n<meta name=\"twitter:label1\" content=\"Estimated reading time\" \/>\n\t<meta name=\"twitter:data1\" content=\"1 minute\" \/>\n<script type=\"application\/ld+json\" class=\"yoast-schema-graph\">{\"@context\":\"https:\/\/schema.org\",\"@graph\":[{\"@type\":\"WebPage\",\"@id\":\"https:\/\/www.wojoer.de\/produkt\/elba-bade-mini-push-string\/\",\"url\":\"https:\/\/www.wojoer.de\/produkt\/elba-bade-mini-push-string\/\",\"name\":\"MiniPush String | slim fit | runder Pouch | breiter Bund | WOJOER\",\"isPartOf\":{\"@id\":\"https:\/\/www.wojoer.de\/#website\"},\"primaryImageOfPage\":{\"@id\":\"https:\/\/www.wojoer.de\/produkt\/elba-bade-mini-push-string\/#primaryimage\"},\"image\":{\"@id\":\"https:\/\/www.wojoer.de\/produkt\/elba-bade-mini-push-string\/#primaryimage\"},\"thumbnailUrl\":\"https:\/\/www.wojoer.de\/wp-content\/uploads\/2024\/02\/S032-S014-0D-27-06-2.-Elba-Push_Mini_String-dehnbar-bunt-L-front-Wojoer.jpg\",\"datePublished\":\"2025-04-12T07:41:07+00:00\",\"dateModified\":\"2025-04-17T07:26:27+00:00\",\"description\":\"WOJOER Spezial Bade String legt sich angenehm eng & verboten knapp um deine H\u00fcften. Exklusives, auff\u00e4lliges Muster - Jetzt versandkostenfrei bestellen.\",\"breadcrumb\":{\"@id\":\"https:\/\/www.wojoer.de\/produkt\/elba-bade-mini-push-string\/#breadcrumb\"},\"inLanguage\":\"en-GB\",\"potentialAction\":[{\"@type\":\"ReadAction\",\"target\":[\"https:\/\/www.wojoer.de\/produkt\/elba-bade-mini-push-string\/\"]}]},{\"@type\":\"ImageObject\",\"inLanguage\":\"en-GB\",\"@id\":\"https:\/\/www.wojoer.de\/produkt\/elba-bade-mini-push-string\/#primaryimage\",\"url\":\"https:\/\/www.wojoer.de\/wp-content\/uploads\/2024\/02\/S032-S014-0D-27-06-2.-Elba-Push_Mini_String-dehnbar-bunt-L-front-Wojoer.jpg\",\"contentUrl\":\"https:\/\/www.wojoer.de\/wp-content\/uploads\/2024\/02\/S032-S014-0D-27-06-2.-Elba-Push_Mini_String-dehnbar-bunt-L-front-Wojoer.jpg\",\"width\":2002,\"height\":2002},{\"@type\":\"BreadcrumbList\",\"@id\":\"https:\/\/www.wojoer.de\/produkt\/elba-bade-mini-push-string\/#breadcrumb\",\"itemListElement\":[{\"@type\":\"ListItem\",\"position\":1,\"name\":\"Startseite\",\"item\":\"https:\/\/www.wojoer.de\/\"},{\"@type\":\"ListItem\",\"position\":2,\"name\":\"SHOP\",\"item\":\"https:\/\/www.wojoer.de\/shop\/\"},{\"@type\":\"ListItem\",\"position\":3,\"name\":\"Elba Mini Push String\"}]},{\"@type\":\"WebSite\",\"@id\":\"https:\/\/www.wojoer.de\/#website\",\"url\":\"https:\/\/www.wojoer.de\/\",\"name\":\"WOJOER\",\"description\":\"clubwear for men\",\"publisher\":{\"@id\":\"https:\/\/www.wojoer.de\/#organization\"},\"potentialAction\":[{\"@type\":\"SearchAction\",\"target\":{\"@type\":\"EntryPoint\",\"urlTemplate\":\"https:\/\/www.wojoer.de\/?s={search_term_string}\"},\"query-input\":{\"@type\":\"PropertyValueSpecification\",\"valueRequired\":true,\"valueName\":\"search_term_string\"}}],\"inLanguage\":\"en-GB\"},{\"@type\":\"Organization\",\"@id\":\"https:\/\/www.wojoer.de\/#organization\",\"name\":\"Wonneberger-Manufaktur\",\"url\":\"https:\/\/www.wojoer.de\/\",\"logo\":{\"@type\":\"ImageObject\",\"inLanguage\":\"en-GB\",\"@id\":\"https:\/\/www.wojoer.de\/#\/schema\/logo\/image\/\",\"url\":\"https:\/\/www.wojoer.de\/wp-content\/uploads\/2016\/11\/wonnebergermanufaktur_logo_BUTTON.png\",\"contentUrl\":\"https:\/\/www.wojoer.de\/wp-content\/uploads\/2016\/11\/wonnebergermanufaktur_logo_BUTTON.png\",\"width\":765,\"height\":765,\"caption\":\"Wonneberger-Manufaktur\"},\"image\":{\"@id\":\"https:\/\/www.wojoer.de\/#\/schema\/logo\/image\/\"},\"sameAs\":[\"https:\/\/www.facebook.com\/wojoer\/\",\"https:\/\/de.pinterest.com\/W0J0ER\/\"]}]}<\/script>\n<!-- \/ Yoast SEO plugin. -->","yoast_head_json":{"title":"MiniPush String | slim fit | runder Pouch | breiter Bund | WOJOER","description":"WOJOER Spezial Bade String legt sich angenehm eng & verboten knapp um deine H\u00fcften. Exklusives, auff\u00e4lliges Muster - Jetzt versandkostenfrei bestellen.","robots":{"index":"index","follow":"follow","max-snippet":"max-snippet:-1","max-image-preview":"max-image-preview:large","max-video-preview":"max-video-preview:-1"},"canonical":"https:\/\/www.wojoer.de\/en\/produkt\/elba-bade-mini-push-string\/","twitter_card":"summary_large_image","twitter_title":"MiniPush String | slim fit | runder Pouch | breiter Bund | WOJOER","twitter_description":"WOJOER Spezial Bade String legt sich angenehm eng & verboten knapp um deine H\u00fcften. Exklusives, auff\u00e4lliges Muster - Jetzt versandkostenfrei bestellen.","twitter_image":"https:\/\/www.wojoer.de\/wp-content\/uploads\/2024\/02\/S032-S014-0D-27-06-2.-Elba-Push_Mini_String-dehnbar-bunt-L-front-Wojoer.jpg","twitter_misc":{"Estimated reading time":"1 minute"},"schema":{"@context":"https:\/\/schema.org","@graph":[{"@type":"WebPage","@id":"https:\/\/www.wojoer.de\/produkt\/elba-bade-mini-push-string\/","url":"https:\/\/www.wojoer.de\/produkt\/elba-bade-mini-push-string\/","name":"MiniPush String | slim fit | runder Pouch | breiter Bund | WOJOER","isPartOf":{"@id":"https:\/\/www.wojoer.de\/#website"},"primaryImageOfPage":{"@id":"https:\/\/www.wojoer.de\/produkt\/elba-bade-mini-push-string\/#primaryimage"},"image":{"@id":"https:\/\/www.wojoer.de\/produkt\/elba-bade-mini-push-string\/#primaryimage"},"thumbnailUrl":"https:\/\/www.wojoer.de\/wp-content\/uploads\/2024\/02\/S032-S014-0D-27-06-2.-Elba-Push_Mini_String-dehnbar-bunt-L-front-Wojoer.jpg","datePublished":"2025-04-12T07:41:07+00:00","dateModified":"2025-04-17T07:26:27+00:00","description":"WOJOER Spezial Bade String legt sich angenehm eng & verboten knapp um deine H\u00fcften. Exklusives, auff\u00e4lliges Muster - Jetzt versandkostenfrei bestellen.","breadcrumb":{"@id":"https:\/\/www.wojoer.de\/produkt\/elba-bade-mini-push-string\/#breadcrumb"},"inLanguage":"en-GB","potentialAction":[{"@type":"ReadAction","target":["https:\/\/www.wojoer.de\/produkt\/elba-bade-mini-push-string\/"]}]},{"@type":"ImageObject","inLanguage":"en-GB","@id":"https:\/\/www.wojoer.de\/produkt\/elba-bade-mini-push-string\/#primaryimage","url":"https:\/\/www.wojoer.de\/wp-content\/uploads\/2024\/02\/S032-S014-0D-27-06-2.-Elba-Push_Mini_String-dehnbar-bunt-L-front-Wojoer.jpg","contentUrl":"https:\/\/www.wojoer.de\/wp-content\/uploads\/2024\/02\/S032-S014-0D-27-06-2.-Elba-Push_Mini_String-dehnbar-bunt-L-front-Wojoer.jpg","width":2002,"height":2002},{"@type":"BreadcrumbList","@id":"https:\/\/www.wojoer.de\/produkt\/elba-bade-mini-push-string\/#breadcrumb","itemListElement":[{"@type":"ListItem","position":1,"name":"Startseite","item":"https:\/\/www.wojoer.de\/"},{"@type":"ListItem","position":2,"name":"SHOP","item":"https:\/\/www.wojoer.de\/shop\/"},{"@type":"ListItem","position":3,"name":"Elba Mini Push String"}]},{"@type":"WebSite","@id":"https:\/\/www.wojoer.de\/#website","url":"https:\/\/www.wojoer.de\/","name":"WOJOER","description":"clubwear for men","publisher":{"@id":"https:\/\/www.wojoer.de\/#organization"},"potentialAction":[{"@type":"SearchAction","target":{"@type":"EntryPoint","urlTemplate":"https:\/\/www.wojoer.de\/?s={search_term_string}"},"query-input":{"@type":"PropertyValueSpecification","valueRequired":true,"valueName":"search_term_string"}}],"inLanguage":"en-GB"},{"@type":"Organization","@id":"https:\/\/www.wojoer.de\/#organization","name":"Wonneberger-Manufaktur","url":"https:\/\/www.wojoer.de\/","logo":{"@type":"ImageObject","inLanguage":"en-GB","@id":"https:\/\/www.wojoer.de\/#\/schema\/logo\/image\/","url":"https:\/\/www.wojoer.de\/wp-content\/uploads\/2016\/11\/wonnebergermanufaktur_logo_BUTTON.png","contentUrl":"https:\/\/www.wojoer.de\/wp-content\/uploads\/2016\/11\/wonnebergermanufaktur_logo_BUTTON.png","width":765,"height":765,"caption":"Wonneberger-Manufaktur"},"image":{"@id":"https:\/\/www.wojoer.de\/#\/schema\/logo\/image\/"},"sameAs":["https:\/\/www.facebook.com\/wojoer\/","https:\/\/de.pinterest.com\/W0J0ER\/"]}]}},"_links":{"self":[{"href":"https:\/\/www.wojoer.de\/en\/wp-json\/wp\/v2\/product\/42535","targetHints":{"allow":["GET"]}}],"collection":[{"href":"https:\/\/www.wojoer.de\/en\/wp-json\/wp\/v2\/product"}],"about":[{"href":"https:\/\/www.wojoer.de\/en\/wp-json\/wp\/v2\/types\/product"}],"replies":[{"embeddable":true,"href":"https:\/\/www.wojoer.de\/en\/wp-json\/wp\/v2\/comments?post=42535"}],"wp:featuredmedia":[{"embeddable":true,"href":"https:\/\/www.wojoer.de\/en\/wp-json\/wp\/v2\/media\/42400"}],"wp:attachment":[{"href":"https:\/\/www.wojoer.de\/en\/wp-json\/wp\/v2\/media?parent=42535"}],"wp:term":[{"taxonomy":"product_brand","embeddable":true,"href":"https:\/\/www.wojoer.de\/en\/wp-json\/wp\/v2\/product_brand?post=42535"},{"taxonomy":"product_cat","embeddable":true,"href":"https:\/\/www.wojoer.de\/en\/wp-json\/wp\/v2\/product_cat?post=42535"},{"taxonomy":"product_tag","embeddable":true,"href":"https:\/\/www.wojoer.de\/en\/wp-json\/wp\/v2\/product_tag?post=42535"}],"curies":[{"name":"wp","href":"https:\/\/api.w.org\/{rel}","templated":true}]}}