{"id":42565,"date":"2025-04-12T12:32:05","date_gmt":"2025-04-12T10:32:05","guid":{"rendered":"https:\/\/www.wojoer.de\/?post_type=product&#038;p=42565"},"modified":"2025-08-17T08:39:33","modified_gmt":"2025-08-17T06:39:33","slug":"menorca-g-string","status":"publish","type":"product","link":"https:\/\/www.wojoer.de\/en\/produkt\/menorca-g-string\/","title":{"rendered":"Menorca G-String"},"content":{"rendered":"<p>Production on order, because the Hawaii Leo G-String Beach Thong belongs in the category: Wojoer &#8220;<a href=\"https:\/\/www.wojoer.de\/?s=live&#038;post_type=product\">LIVE products<\/a>&#8220;!<\/p>\n<h3>Sizes<\/h3>\n<p>Available in sizes S| M| L| XL<\/p>\n<h3>Material composition<\/h3>\n<p>80% polyamide | 20% elastane<\/p>\n<h3>Particularities<\/h3>\n<p>LIVE product | extraordinary choice of colours | soft touch | very stretchy material | high quality workmanship &#8220;Made in Germany&#8221;<\/p>\n<h3>Wash instructions<\/h3>\n<p>Wash gently till 30\u00b0C<\/p>\n<h3>Hawaii Leo G-String, Beach Thong- BEACH STRING<\/h3>\n<p>No &#8230; you are different and do not want to wear the swimwear like the others. You deserve to stand out with your great body and look special. You can do just that with a very special Beach Thong. The string is super soft and has a stretchy slightly glossy fabric. With the extravagant colour selection, you stand out from the crowd &#8211; but not intrusive, but elegantly glamorous. Because the fabric is super soft and the prints are variable, you could say unique. Just try it&#8230;<\/p>\n<p>Here is the <a href=\"https:\/\/www.wojoer.de\/groessentabelle\/\">Size chart<\/a><\/p>\n","protected":false},"excerpt":{"rendered":"<p>Dieser Menorca G-String geh\u00f6rt in die Kategorie &#8220;ONLY FOR ME&#8221;-Produkte. Also schnell zugreifen, dieser String ist nur einer kleinen Auflage und nur hier in unserem Onlineshop vorhanden.<br \/>\nGr\u00f6\u00dfen<br \/>\nErh\u00e4ltlich in den Gr\u00f6\u00dfen S, M, L, XL, XXL<br \/>\nMaterialzusammensetzung<br \/>\n80% Polyester\u00a0 | 20% Elasthan<br \/>\nBesonderheiten<br \/>\nLIVE Produkt\u2026<\/p>\n","protected":false},"featured_media":42385,"comment_status":"open","ping_status":"closed","template":"","meta":[],"product_brand":[],"product_cat":[115,473,270,326],"product_tag":[108,558,119],"class_list":{"0":"post-42565","1":"product","2":"type-product","3":"status-publish","4":"has-post-thumbnail","6":"product_cat-beachwear","7":"product_cat-men","8":"product_cat-onlyforme","9":"product_cat-wojoer","10":"product_tag-1beachwear","11":"product_tag-g-string","12":"product_tag-string","13":"product_shipping_class-beun","14":"pa_groesse-l","15":"pa_groesse-m","16":"pa_groesse-s","17":"pa_groesse-xl","18":"pa_groesse-xxl","19":"pif-has-gallery","20":"post-1","21":"odd","23":"first","24":"instock","25":"taxable","26":"shipping-taxable","27":"purchasable","28":"product-type-variable"},"yoast_head":"<!-- This site is optimized with the Yoast SEO plugin v27.2 - https:\/\/yoast.com\/product\/yoast-seo-wordpress\/ -->\n<title>Beach Thong | Menorca G-String | bunt | WOJOER |<\/title>\n<meta name=\"description\" content=\"Beach Thong in aqua blue and unique variating printings from WOJOER. Soft, stretchy material - Order now for free shipping.\" \/>\n<meta name=\"robots\" content=\"index, follow, max-snippet:-1, max-image-preview:large, max-video-preview:-1\" \/>\n<link rel=\"canonical\" href=\"https:\/\/www.wojoer.de\/en\/produkt\/menorca-g-string\/\" \/>\n<meta name=\"twitter:card\" content=\"summary_large_image\" \/>\n<meta name=\"twitter:title\" content=\"Beach Thong | Menorca G-String | bunt | WOJOER |\" \/>\n<meta name=\"twitter:description\" content=\"Beach Thong Menorca G-String ist ein besonders auff\u00e4lliger String. von WOJOER - Jetzt versandkostenfrei bestellen.\" \/>\n<meta name=\"twitter:image\" content=\"https:\/\/www.wojoer.de\/wp-content\/uploads\/2024\/02\/S031-S042-0D-27-06-4.-Menorca-G-String-dehnbar-bunt-L-front-Wojoer.jpg\" \/>\n<meta name=\"twitter:label1\" content=\"Estimated reading time\" \/>\n\t<meta name=\"twitter:data1\" content=\"1 minute\" \/>\n<script type=\"application\/ld+json\" class=\"yoast-schema-graph\">{\"@context\":\"https:\/\/schema.org\",\"@graph\":[{\"@type\":\"WebPage\",\"@id\":\"https:\/\/www.wojoer.de\/produkt\/menorca-g-string\/\",\"url\":\"https:\/\/www.wojoer.de\/produkt\/menorca-g-string\/\",\"name\":\"Beach Thong | Menorca G-String | bunt | WOJOER |\",\"isPartOf\":{\"@id\":\"https:\/\/www.wojoer.de\/#website\"},\"primaryImageOfPage\":{\"@id\":\"https:\/\/www.wojoer.de\/produkt\/menorca-g-string\/#primaryimage\"},\"image\":{\"@id\":\"https:\/\/www.wojoer.de\/produkt\/menorca-g-string\/#primaryimage\"},\"thumbnailUrl\":\"https:\/\/www.wojoer.de\/wp-content\/uploads\/2024\/02\/S031-S042-0D-27-06-4.-Menorca-G-String-dehnbar-bunt-L-front-Wojoer.jpg\",\"datePublished\":\"2025-04-12T10:32:05+00:00\",\"dateModified\":\"2025-08-17T06:39:33+00:00\",\"description\":\"Beach Thong Menorca G-String ist ein besonders auff\u00e4lliger String. von WOJOER - Jetzt versandkostenfrei bestellen.\",\"breadcrumb\":{\"@id\":\"https:\/\/www.wojoer.de\/produkt\/menorca-g-string\/#breadcrumb\"},\"inLanguage\":\"en-GB\",\"potentialAction\":[{\"@type\":\"ReadAction\",\"target\":[\"https:\/\/www.wojoer.de\/produkt\/menorca-g-string\/\"]}]},{\"@type\":\"ImageObject\",\"inLanguage\":\"en-GB\",\"@id\":\"https:\/\/www.wojoer.de\/produkt\/menorca-g-string\/#primaryimage\",\"url\":\"https:\/\/www.wojoer.de\/wp-content\/uploads\/2024\/02\/S031-S042-0D-27-06-4.-Menorca-G-String-dehnbar-bunt-L-front-Wojoer.jpg\",\"contentUrl\":\"https:\/\/www.wojoer.de\/wp-content\/uploads\/2024\/02\/S031-S042-0D-27-06-4.-Menorca-G-String-dehnbar-bunt-L-front-Wojoer.jpg\",\"width\":2002,\"height\":2002},{\"@type\":\"BreadcrumbList\",\"@id\":\"https:\/\/www.wojoer.de\/produkt\/menorca-g-string\/#breadcrumb\",\"itemListElement\":[{\"@type\":\"ListItem\",\"position\":1,\"name\":\"Startseite\",\"item\":\"https:\/\/www.wojoer.de\/\"},{\"@type\":\"ListItem\",\"position\":2,\"name\":\"SHOP\",\"item\":\"https:\/\/www.wojoer.de\/shop\/\"},{\"@type\":\"ListItem\",\"position\":3,\"name\":\"Menorca G-String\"}]},{\"@type\":\"WebSite\",\"@id\":\"https:\/\/www.wojoer.de\/#website\",\"url\":\"https:\/\/www.wojoer.de\/\",\"name\":\"WOJOER\",\"description\":\"clubwear for men\",\"publisher\":{\"@id\":\"https:\/\/www.wojoer.de\/#organization\"},\"potentialAction\":[{\"@type\":\"SearchAction\",\"target\":{\"@type\":\"EntryPoint\",\"urlTemplate\":\"https:\/\/www.wojoer.de\/?s={search_term_string}\"},\"query-input\":{\"@type\":\"PropertyValueSpecification\",\"valueRequired\":true,\"valueName\":\"search_term_string\"}}],\"inLanguage\":\"en-GB\"},{\"@type\":\"Organization\",\"@id\":\"https:\/\/www.wojoer.de\/#organization\",\"name\":\"Wonneberger-Manufaktur\",\"url\":\"https:\/\/www.wojoer.de\/\",\"logo\":{\"@type\":\"ImageObject\",\"inLanguage\":\"en-GB\",\"@id\":\"https:\/\/www.wojoer.de\/#\/schema\/logo\/image\/\",\"url\":\"https:\/\/www.wojoer.de\/wp-content\/uploads\/2016\/11\/wonnebergermanufaktur_logo_BUTTON.png\",\"contentUrl\":\"https:\/\/www.wojoer.de\/wp-content\/uploads\/2016\/11\/wonnebergermanufaktur_logo_BUTTON.png\",\"width\":765,\"height\":765,\"caption\":\"Wonneberger-Manufaktur\"},\"image\":{\"@id\":\"https:\/\/www.wojoer.de\/#\/schema\/logo\/image\/\"},\"sameAs\":[\"https:\/\/www.facebook.com\/wojoer\/\",\"https:\/\/de.pinterest.com\/W0J0ER\/\"]}]}<\/script>\n<!-- \/ Yoast SEO plugin. -->","yoast_head_json":{"title":"Beach Thong | Menorca G-String | bunt | WOJOER |","description":"Beach Thong in aqua blue and unique variating printings from WOJOER. Soft, stretchy material - Order now for free shipping.","robots":{"index":"index","follow":"follow","max-snippet":"max-snippet:-1","max-image-preview":"max-image-preview:large","max-video-preview":"max-video-preview:-1"},"canonical":"https:\/\/www.wojoer.de\/en\/produkt\/menorca-g-string\/","twitter_card":"summary_large_image","twitter_title":"Beach Thong | Menorca G-String | bunt | WOJOER |","twitter_description":"Beach Thong Menorca G-String ist ein besonders auff\u00e4lliger String. von WOJOER - Jetzt versandkostenfrei bestellen.","twitter_image":"https:\/\/www.wojoer.de\/wp-content\/uploads\/2024\/02\/S031-S042-0D-27-06-4.-Menorca-G-String-dehnbar-bunt-L-front-Wojoer.jpg","twitter_misc":{"Estimated reading time":"1 minute"},"schema":{"@context":"https:\/\/schema.org","@graph":[{"@type":"WebPage","@id":"https:\/\/www.wojoer.de\/produkt\/menorca-g-string\/","url":"https:\/\/www.wojoer.de\/produkt\/menorca-g-string\/","name":"Beach Thong | Menorca G-String | bunt | WOJOER |","isPartOf":{"@id":"https:\/\/www.wojoer.de\/#website"},"primaryImageOfPage":{"@id":"https:\/\/www.wojoer.de\/produkt\/menorca-g-string\/#primaryimage"},"image":{"@id":"https:\/\/www.wojoer.de\/produkt\/menorca-g-string\/#primaryimage"},"thumbnailUrl":"https:\/\/www.wojoer.de\/wp-content\/uploads\/2024\/02\/S031-S042-0D-27-06-4.-Menorca-G-String-dehnbar-bunt-L-front-Wojoer.jpg","datePublished":"2025-04-12T10:32:05+00:00","dateModified":"2025-08-17T06:39:33+00:00","description":"Beach Thong Menorca G-String ist ein besonders auff\u00e4lliger String. von WOJOER - Jetzt versandkostenfrei bestellen.","breadcrumb":{"@id":"https:\/\/www.wojoer.de\/produkt\/menorca-g-string\/#breadcrumb"},"inLanguage":"en-GB","potentialAction":[{"@type":"ReadAction","target":["https:\/\/www.wojoer.de\/produkt\/menorca-g-string\/"]}]},{"@type":"ImageObject","inLanguage":"en-GB","@id":"https:\/\/www.wojoer.de\/produkt\/menorca-g-string\/#primaryimage","url":"https:\/\/www.wojoer.de\/wp-content\/uploads\/2024\/02\/S031-S042-0D-27-06-4.-Menorca-G-String-dehnbar-bunt-L-front-Wojoer.jpg","contentUrl":"https:\/\/www.wojoer.de\/wp-content\/uploads\/2024\/02\/S031-S042-0D-27-06-4.-Menorca-G-String-dehnbar-bunt-L-front-Wojoer.jpg","width":2002,"height":2002},{"@type":"BreadcrumbList","@id":"https:\/\/www.wojoer.de\/produkt\/menorca-g-string\/#breadcrumb","itemListElement":[{"@type":"ListItem","position":1,"name":"Startseite","item":"https:\/\/www.wojoer.de\/"},{"@type":"ListItem","position":2,"name":"SHOP","item":"https:\/\/www.wojoer.de\/shop\/"},{"@type":"ListItem","position":3,"name":"Menorca G-String"}]},{"@type":"WebSite","@id":"https:\/\/www.wojoer.de\/#website","url":"https:\/\/www.wojoer.de\/","name":"WOJOER","description":"clubwear for men","publisher":{"@id":"https:\/\/www.wojoer.de\/#organization"},"potentialAction":[{"@type":"SearchAction","target":{"@type":"EntryPoint","urlTemplate":"https:\/\/www.wojoer.de\/?s={search_term_string}"},"query-input":{"@type":"PropertyValueSpecification","valueRequired":true,"valueName":"search_term_string"}}],"inLanguage":"en-GB"},{"@type":"Organization","@id":"https:\/\/www.wojoer.de\/#organization","name":"Wonneberger-Manufaktur","url":"https:\/\/www.wojoer.de\/","logo":{"@type":"ImageObject","inLanguage":"en-GB","@id":"https:\/\/www.wojoer.de\/#\/schema\/logo\/image\/","url":"https:\/\/www.wojoer.de\/wp-content\/uploads\/2016\/11\/wonnebergermanufaktur_logo_BUTTON.png","contentUrl":"https:\/\/www.wojoer.de\/wp-content\/uploads\/2016\/11\/wonnebergermanufaktur_logo_BUTTON.png","width":765,"height":765,"caption":"Wonneberger-Manufaktur"},"image":{"@id":"https:\/\/www.wojoer.de\/#\/schema\/logo\/image\/"},"sameAs":["https:\/\/www.facebook.com\/wojoer\/","https:\/\/de.pinterest.com\/W0J0ER\/"]}]}},"_links":{"self":[{"href":"https:\/\/www.wojoer.de\/en\/wp-json\/wp\/v2\/product\/42565","targetHints":{"allow":["GET"]}}],"collection":[{"href":"https:\/\/www.wojoer.de\/en\/wp-json\/wp\/v2\/product"}],"about":[{"href":"https:\/\/www.wojoer.de\/en\/wp-json\/wp\/v2\/types\/product"}],"replies":[{"embeddable":true,"href":"https:\/\/www.wojoer.de\/en\/wp-json\/wp\/v2\/comments?post=42565"}],"wp:featuredmedia":[{"embeddable":true,"href":"https:\/\/www.wojoer.de\/en\/wp-json\/wp\/v2\/media\/42385"}],"wp:attachment":[{"href":"https:\/\/www.wojoer.de\/en\/wp-json\/wp\/v2\/media?parent=42565"}],"wp:term":[{"taxonomy":"product_brand","embeddable":true,"href":"https:\/\/www.wojoer.de\/en\/wp-json\/wp\/v2\/product_brand?post=42565"},{"taxonomy":"product_cat","embeddable":true,"href":"https:\/\/www.wojoer.de\/en\/wp-json\/wp\/v2\/product_cat?post=42565"},{"taxonomy":"product_tag","embeddable":true,"href":"https:\/\/www.wojoer.de\/en\/wp-json\/wp\/v2\/product_tag?post=42565"}],"curies":[{"name":"wp","href":"https:\/\/api.w.org\/{rel}","templated":true}]}}