{"id":42592,"date":"2024-02-09T11:23:21","date_gmt":"2024-02-09T10:23:21","guid":{"rendered":"https:\/\/www.wojoer.de\/?post_type=product&#038;p=42592"},"modified":"2026-02-03T16:37:12","modified_gmt":"2026-02-03T15:37:12","slug":"elba-brasil-tanga-slip","status":"publish","type":"product","link":"https:\/\/www.wojoer.de\/en\/produkt\/elba-brasil-tanga-slip\/","title":{"rendered":"Elba Brasil Tanga Slip"},"content":{"rendered":"<p>Dieser Brauner Leo Bikini geh\u00f6rt in die Kategorie &#8220;ONLY FOR ME&#8221;-Produkte. Also schnell zugreifen, dieser Slip ist nur in einer kleinen Auflage und nur hier in unserem Onlineshop vorhanden.<\/p>\n<h3>Gr\u00f6\u00dfen<\/h3>\n<p>Erh\u00e4ltlich in den Gr\u00f6\u00dfen S, M, L, XL<\/p>\n<h3>Materialzusammensetzung<\/h3>\n<p>93% Polyester | 7% Elasthan<\/p>\n<h3>Besonderheiten<\/h3>\n<p><a href=\"https:\/\/www.wojoer.de\/produkt-kategorie\/onlyforme\/\">ONLY FOR ME Produkt<\/a> | anschmiegsam | clubwear | underwear | schwarz gl\u00e4nzender Aufdruck | angenehme Passform | hochwertige Verarbeitung &#8220;Made in Germany&#8221;<\/p>\n<h3>Benutzerhinweise<\/h3>\n<p>30\u00b0 Schonw\u00e4sche, keinen Weichsp\u00fcler nutzen<\/p>\n<h3>SP4B8 G-Slip &#8211; mystischer G-Slip<\/h3>\n<p>&nbsp;<\/p>\n","protected":false},"excerpt":{"rendered":"<p>Dieser Elba Brasil Tanga Slip Kategorie &#8220;ONLY FOR ME&#8221;-Produkte. Also schnell zugreifen, dieser Tanga Slip ist nur einer kleinen Auflage und nur hier in unserem Onlineshop vorhanden.<br \/>\nGr\u00f6\u00dfen<br \/>\nErh\u00e4ltlich in den Gr\u00f6\u00dfen S, M, L, XL<br \/>\nMaterialzusammensetzung<br \/>\n80% Polyester | 20% Elasthan<br \/>\nBesonderheiten<br \/>\nONLY FOR ME\u2026<\/p>\n","protected":false},"featured_media":42386,"comment_status":"open","ping_status":"closed","template":"","meta":[],"product_brand":[],"product_cat":[473,270,121,326],"product_tag":[108,241,167],"class_list":{"0":"post-42592","1":"product","2":"type-product","3":"status-publish","4":"has-post-thumbnail","6":"product_cat-men","7":"product_cat-onlyforme","8":"product_cat-underwear","9":"product_cat-wojoer","10":"product_tag-1beachwear","11":"product_tag-mini-string-bulge-string-g-string","12":"product_tag-tanga","13":"product_shipping_class-beun","14":"pa_groesse-l","15":"pa_groesse-m","16":"pa_groesse-s","17":"pa_groesse-xl","18":"pif-has-gallery","19":"post-1","20":"odd","22":"first","23":"instock","24":"taxable","25":"shipping-taxable","26":"purchasable","27":"product-type-variable"},"yoast_head":"<!-- This site is optimized with the Yoast SEO plugin v27.2 - https:\/\/yoast.com\/product\/yoast-seo-wordpress\/ -->\n<title>Brasil | Tanga Slip | Bademode | WOJOER<\/title>\n<meta name=\"description\" content=\"Elba Brasil - Slip mit farbenfrohem Druck und sanfter Hebefunktion! Unterw\u00e4sche und Bademode in einem von WOJOER.\" \/>\n<meta name=\"robots\" content=\"index, follow, max-snippet:-1, max-image-preview:large, max-video-preview:-1\" \/>\n<link rel=\"canonical\" href=\"https:\/\/www.wojoer.de\/en\/produkt\/elba-brasil-tanga-slip\/\" \/>\n<meta name=\"twitter:card\" content=\"summary_large_image\" \/>\n<meta name=\"twitter:title\" content=\"Brasil | Tanga Slip | Bademode | WOJOER\" \/>\n<meta name=\"twitter:description\" content=\"Elba Brasil - Slip mit farbenfrohem Druck und sanfter Hebefunktion! Unterw\u00e4sche und Bademode in einem von WOJOER.\" \/>\n<meta name=\"twitter:image\" content=\"https:\/\/www.wojoer.de\/wp-content\/uploads\/2024\/02\/S032-B012-0D-27-06-2.-Elba-Brasil_Tanga-dehnbar-bunt-L-front-Wojoer.jpg\" \/>\n<meta name=\"twitter:label1\" content=\"Estimated reading time\" \/>\n\t<meta name=\"twitter:data1\" content=\"1 minute\" \/>\n<script type=\"application\/ld+json\" class=\"yoast-schema-graph\">{\"@context\":\"https:\/\/schema.org\",\"@graph\":[{\"@type\":\"WebPage\",\"@id\":\"https:\/\/www.wojoer.de\/produkt\/elba-brasil-tanga-slip\/\",\"url\":\"https:\/\/www.wojoer.de\/produkt\/elba-brasil-tanga-slip\/\",\"name\":\"Brasil | Tanga Slip | Bademode | WOJOER\",\"isPartOf\":{\"@id\":\"https:\/\/www.wojoer.de\/#website\"},\"primaryImageOfPage\":{\"@id\":\"https:\/\/www.wojoer.de\/produkt\/elba-brasil-tanga-slip\/#primaryimage\"},\"image\":{\"@id\":\"https:\/\/www.wojoer.de\/produkt\/elba-brasil-tanga-slip\/#primaryimage\"},\"thumbnailUrl\":\"https:\/\/www.wojoer.de\/wp-content\/uploads\/2024\/02\/S032-B012-0D-27-06-2.-Elba-Brasil_Tanga-dehnbar-bunt-L-front-Wojoer.jpg\",\"datePublished\":\"2024-02-09T10:23:21+00:00\",\"dateModified\":\"2026-02-03T15:37:12+00:00\",\"description\":\"Elba Brasil - Slip mit farbenfrohem Druck und sanfter Hebefunktion! Unterw\u00e4sche und Bademode in einem von WOJOER.\",\"breadcrumb\":{\"@id\":\"https:\/\/www.wojoer.de\/produkt\/elba-brasil-tanga-slip\/#breadcrumb\"},\"inLanguage\":\"en-GB\",\"potentialAction\":[{\"@type\":\"ReadAction\",\"target\":[\"https:\/\/www.wojoer.de\/produkt\/elba-brasil-tanga-slip\/\"]}]},{\"@type\":\"ImageObject\",\"inLanguage\":\"en-GB\",\"@id\":\"https:\/\/www.wojoer.de\/produkt\/elba-brasil-tanga-slip\/#primaryimage\",\"url\":\"https:\/\/www.wojoer.de\/wp-content\/uploads\/2024\/02\/S032-B012-0D-27-06-2.-Elba-Brasil_Tanga-dehnbar-bunt-L-front-Wojoer.jpg\",\"contentUrl\":\"https:\/\/www.wojoer.de\/wp-content\/uploads\/2024\/02\/S032-B012-0D-27-06-2.-Elba-Brasil_Tanga-dehnbar-bunt-L-front-Wojoer.jpg\",\"width\":2002,\"height\":2002},{\"@type\":\"BreadcrumbList\",\"@id\":\"https:\/\/www.wojoer.de\/produkt\/elba-brasil-tanga-slip\/#breadcrumb\",\"itemListElement\":[{\"@type\":\"ListItem\",\"position\":1,\"name\":\"Startseite\",\"item\":\"https:\/\/www.wojoer.de\/\"},{\"@type\":\"ListItem\",\"position\":2,\"name\":\"SHOP\",\"item\":\"https:\/\/www.wojoer.de\/shop\/\"},{\"@type\":\"ListItem\",\"position\":3,\"name\":\"Elba Brasil Tanga Slip\"}]},{\"@type\":\"WebSite\",\"@id\":\"https:\/\/www.wojoer.de\/#website\",\"url\":\"https:\/\/www.wojoer.de\/\",\"name\":\"WOJOER\",\"description\":\"clubwear for men\",\"publisher\":{\"@id\":\"https:\/\/www.wojoer.de\/#organization\"},\"potentialAction\":[{\"@type\":\"SearchAction\",\"target\":{\"@type\":\"EntryPoint\",\"urlTemplate\":\"https:\/\/www.wojoer.de\/?s={search_term_string}\"},\"query-input\":{\"@type\":\"PropertyValueSpecification\",\"valueRequired\":true,\"valueName\":\"search_term_string\"}}],\"inLanguage\":\"en-GB\"},{\"@type\":\"Organization\",\"@id\":\"https:\/\/www.wojoer.de\/#organization\",\"name\":\"Wonneberger-Manufaktur\",\"url\":\"https:\/\/www.wojoer.de\/\",\"logo\":{\"@type\":\"ImageObject\",\"inLanguage\":\"en-GB\",\"@id\":\"https:\/\/www.wojoer.de\/#\/schema\/logo\/image\/\",\"url\":\"https:\/\/www.wojoer.de\/wp-content\/uploads\/2016\/11\/wonnebergermanufaktur_logo_BUTTON.png\",\"contentUrl\":\"https:\/\/www.wojoer.de\/wp-content\/uploads\/2016\/11\/wonnebergermanufaktur_logo_BUTTON.png\",\"width\":765,\"height\":765,\"caption\":\"Wonneberger-Manufaktur\"},\"image\":{\"@id\":\"https:\/\/www.wojoer.de\/#\/schema\/logo\/image\/\"},\"sameAs\":[\"https:\/\/www.facebook.com\/wojoer\/\",\"https:\/\/de.pinterest.com\/W0J0ER\/\"]}]}<\/script>\n<!-- \/ Yoast SEO plugin. -->","yoast_head_json":{"title":"Brasil | Tanga Slip | Bademode | WOJOER","description":"Elba Brasil - Slip mit farbenfrohem Druck und sanfter Hebefunktion! Unterw\u00e4sche und Bademode in einem von WOJOER.","robots":{"index":"index","follow":"follow","max-snippet":"max-snippet:-1","max-image-preview":"max-image-preview:large","max-video-preview":"max-video-preview:-1"},"canonical":"https:\/\/www.wojoer.de\/en\/produkt\/elba-brasil-tanga-slip\/","twitter_card":"summary_large_image","twitter_title":"Brasil | Tanga Slip | Bademode | WOJOER","twitter_description":"Elba Brasil - Slip mit farbenfrohem Druck und sanfter Hebefunktion! Unterw\u00e4sche und Bademode in einem von WOJOER.","twitter_image":"https:\/\/www.wojoer.de\/wp-content\/uploads\/2024\/02\/S032-B012-0D-27-06-2.-Elba-Brasil_Tanga-dehnbar-bunt-L-front-Wojoer.jpg","twitter_misc":{"Estimated reading time":"1 minute"},"schema":{"@context":"https:\/\/schema.org","@graph":[{"@type":"WebPage","@id":"https:\/\/www.wojoer.de\/produkt\/elba-brasil-tanga-slip\/","url":"https:\/\/www.wojoer.de\/produkt\/elba-brasil-tanga-slip\/","name":"Brasil | Tanga Slip | Bademode | WOJOER","isPartOf":{"@id":"https:\/\/www.wojoer.de\/#website"},"primaryImageOfPage":{"@id":"https:\/\/www.wojoer.de\/produkt\/elba-brasil-tanga-slip\/#primaryimage"},"image":{"@id":"https:\/\/www.wojoer.de\/produkt\/elba-brasil-tanga-slip\/#primaryimage"},"thumbnailUrl":"https:\/\/www.wojoer.de\/wp-content\/uploads\/2024\/02\/S032-B012-0D-27-06-2.-Elba-Brasil_Tanga-dehnbar-bunt-L-front-Wojoer.jpg","datePublished":"2024-02-09T10:23:21+00:00","dateModified":"2026-02-03T15:37:12+00:00","description":"Elba Brasil - Slip mit farbenfrohem Druck und sanfter Hebefunktion! Unterw\u00e4sche und Bademode in einem von WOJOER.","breadcrumb":{"@id":"https:\/\/www.wojoer.de\/produkt\/elba-brasil-tanga-slip\/#breadcrumb"},"inLanguage":"en-GB","potentialAction":[{"@type":"ReadAction","target":["https:\/\/www.wojoer.de\/produkt\/elba-brasil-tanga-slip\/"]}]},{"@type":"ImageObject","inLanguage":"en-GB","@id":"https:\/\/www.wojoer.de\/produkt\/elba-brasil-tanga-slip\/#primaryimage","url":"https:\/\/www.wojoer.de\/wp-content\/uploads\/2024\/02\/S032-B012-0D-27-06-2.-Elba-Brasil_Tanga-dehnbar-bunt-L-front-Wojoer.jpg","contentUrl":"https:\/\/www.wojoer.de\/wp-content\/uploads\/2024\/02\/S032-B012-0D-27-06-2.-Elba-Brasil_Tanga-dehnbar-bunt-L-front-Wojoer.jpg","width":2002,"height":2002},{"@type":"BreadcrumbList","@id":"https:\/\/www.wojoer.de\/produkt\/elba-brasil-tanga-slip\/#breadcrumb","itemListElement":[{"@type":"ListItem","position":1,"name":"Startseite","item":"https:\/\/www.wojoer.de\/"},{"@type":"ListItem","position":2,"name":"SHOP","item":"https:\/\/www.wojoer.de\/shop\/"},{"@type":"ListItem","position":3,"name":"Elba Brasil Tanga Slip"}]},{"@type":"WebSite","@id":"https:\/\/www.wojoer.de\/#website","url":"https:\/\/www.wojoer.de\/","name":"WOJOER","description":"clubwear for men","publisher":{"@id":"https:\/\/www.wojoer.de\/#organization"},"potentialAction":[{"@type":"SearchAction","target":{"@type":"EntryPoint","urlTemplate":"https:\/\/www.wojoer.de\/?s={search_term_string}"},"query-input":{"@type":"PropertyValueSpecification","valueRequired":true,"valueName":"search_term_string"}}],"inLanguage":"en-GB"},{"@type":"Organization","@id":"https:\/\/www.wojoer.de\/#organization","name":"Wonneberger-Manufaktur","url":"https:\/\/www.wojoer.de\/","logo":{"@type":"ImageObject","inLanguage":"en-GB","@id":"https:\/\/www.wojoer.de\/#\/schema\/logo\/image\/","url":"https:\/\/www.wojoer.de\/wp-content\/uploads\/2016\/11\/wonnebergermanufaktur_logo_BUTTON.png","contentUrl":"https:\/\/www.wojoer.de\/wp-content\/uploads\/2016\/11\/wonnebergermanufaktur_logo_BUTTON.png","width":765,"height":765,"caption":"Wonneberger-Manufaktur"},"image":{"@id":"https:\/\/www.wojoer.de\/#\/schema\/logo\/image\/"},"sameAs":["https:\/\/www.facebook.com\/wojoer\/","https:\/\/de.pinterest.com\/W0J0ER\/"]}]}},"_links":{"self":[{"href":"https:\/\/www.wojoer.de\/en\/wp-json\/wp\/v2\/product\/42592","targetHints":{"allow":["GET"]}}],"collection":[{"href":"https:\/\/www.wojoer.de\/en\/wp-json\/wp\/v2\/product"}],"about":[{"href":"https:\/\/www.wojoer.de\/en\/wp-json\/wp\/v2\/types\/product"}],"replies":[{"embeddable":true,"href":"https:\/\/www.wojoer.de\/en\/wp-json\/wp\/v2\/comments?post=42592"}],"wp:featuredmedia":[{"embeddable":true,"href":"https:\/\/www.wojoer.de\/en\/wp-json\/wp\/v2\/media\/42386"}],"wp:attachment":[{"href":"https:\/\/www.wojoer.de\/en\/wp-json\/wp\/v2\/media?parent=42592"}],"wp:term":[{"taxonomy":"product_brand","embeddable":true,"href":"https:\/\/www.wojoer.de\/en\/wp-json\/wp\/v2\/product_brand?post=42592"},{"taxonomy":"product_cat","embeddable":true,"href":"https:\/\/www.wojoer.de\/en\/wp-json\/wp\/v2\/product_cat?post=42592"},{"taxonomy":"product_tag","embeddable":true,"href":"https:\/\/www.wojoer.de\/en\/wp-json\/wp\/v2\/product_tag?post=42592"}],"curies":[{"name":"wp","href":"https:\/\/api.w.org\/{rel}","templated":true}]}}