{"id":42645,"date":"2024-02-14T11:22:40","date_gmt":"2024-02-14T10:22:40","guid":{"rendered":"https:\/\/www.wojoer.de\/?post_type=product&#038;p=42645"},"modified":"2024-12-12T07:56:06","modified_gmt":"2024-12-12T06:56:06","slug":"beng-hose","status":"publish","type":"product","link":"https:\/\/www.wojoer.de\/en\/produkt\/beng-hose\/","title":{"rendered":"Ben`G Hose"},"content":{"rendered":"<p>5-Pocket Trousers geh\u00f6rt zu den Wojoer LIVE-Produkten. Denn sie werden ab Bestellung bei uns produziert, so k\u00f6nnen wir auf Kundenw\u00fcnsche individuell eingehen.<\/p>\n<h3>Gr\u00f6\u00dfen<\/h3>\n<p>Erh\u00e4ltlich in den Gr\u00f6\u00dfen S, M, L, XL, XXL<\/p>\n<h3>Materialzusammensetzung<\/h3>\n<p>WETLEATHER, super dehnbares, leicht strukturiertes Leatherlike mit Lackglanz: 95% Viskose, 5% Elasthan | 100% Polyester<\/p>\n<h3>Besonderheiten<\/h3>\n<p><a href=\"http:\/\/www.wojoer.de\/?s=LIVE&#038;post_type=product\">LIVE-Produkt<\/a>\u00a0 | glossy, strechy Leatherlike\u00a0 | sehr gut dehnbar | eng anschmiegsamer Schnitt | extra Suspensorium f\u00fcr m\u00e4nnlichen Schritt | hochwertige Verarbeitung &#8220;Made in Germany&#8221;<\/p>\n<h3>Benutzerhinweise<\/h3>\n<p>Handw\u00e4sche | seperat von hellen und anderen, beschichteten Textilien lagern | nur mit dazwischen gelegtes Papier zusammenlegen oder locker auf einem B\u00fcgel h\u00e4ngen<\/p>\n<p>5-Pocket Trousers Leatherlike<\/p>\n<p>&nbsp;<\/p>\n","protected":false},"excerpt":{"rendered":"<p>Diese Ben`G Hose 0412-H059-0D-38 geh\u00f6rt in die Kategorie \u201cLIVE\u201d-Produkte und wird nur auf Bestellung produziert.<br \/>\nGr\u00f6\u00dfen<br \/>\nS, M, L, XL, XXL<br \/>\nMaterialzusammensetzung<br \/>\n95% Polyester\u00a0 |5% Elasthan<br \/>\nBesonderheiten<br \/>\n\u00a0Live-Produkt | sehr dehnbares Material | H\u00fcft-Passform enganliegend, Beine regular | schwarz gl\u00e4nzend | hochwertige Verarbeitung &#8220;Made in Germany&#8221;<br \/>\nBenutzerhinweise<br \/>\n30\u00b0\u2026<\/p>\n","protected":false},"featured_media":42430,"comment_status":"open","ping_status":"closed","template":"","meta":[],"product_brand":[],"product_cat":[116,114,473,326],"product_tag":[560,194,244],"class_list":{"0":"post-42645","1":"product","2":"type-product","3":"status-publish","4":"has-post-thumbnail","6":"product_cat-clubwear","7":"product_cat-fetisch","8":"product_cat-men","9":"product_cat-wojoer","10":"product_tag-glaenzend","11":"product_tag-leatherlike","12":"product_tag-leggings","13":"product_shipping_class-leggings-shirts-bodies","14":"pa_groesse-l","15":"pa_groesse-m","16":"pa_groesse-s","17":"pa_groesse-xl","18":"pa_groesse-xxl","19":"pa_groesse-xxxl","20":"pif-has-gallery","21":"post-1","22":"odd","24":"first","25":"onbackorder","26":"taxable","27":"shipping-taxable","28":"purchasable","29":"product-type-variable"},"yoast_head":"<!-- This site is optimized with the Yoast SEO plugin v27.2 - https:\/\/yoast.com\/product\/yoast-seo-wordpress\/ -->\n<title>Leder Hose | gl\u00e4nzend mattes Leatherlike | clubwear WOJOER<\/title>\n<meta name=\"description\" content=\"Leder Hose aus einem wunderbar matt hochwertigen Glanzleder. Hochwertig verarbeitet, made in Germany. Jetzt versandkostenfrei innerhalb Deutschlands bestellen.\" \/>\n<meta name=\"robots\" content=\"index, follow, max-snippet:-1, max-image-preview:large, max-video-preview:-1\" \/>\n<link rel=\"canonical\" href=\"https:\/\/www.wojoer.de\/en\/produkt\/beng-hose\/\" \/>\n<meta name=\"twitter:card\" content=\"summary_large_image\" \/>\n<meta name=\"twitter:title\" content=\"Leder Hose | gl\u00e4nzend mattes Leatherlike | clubwear WOJOER\" \/>\n<meta name=\"twitter:description\" content=\"Leder Hose aus einem wunderbar matt hochwertigen Glanzleder. Hochwertig verarbeitet, made in Germany. Jetzt versandkostenfrei innerhalb Deutschlands bestellen.\" \/>\n<meta name=\"twitter:image\" content=\"https:\/\/www.wojoer.de\/wp-content\/uploads\/2024\/02\/0412-H097-0D-58-06_3.BenG_Hose_black_wetlook_Neonyellow_Applications_side_wojoer-scaled.jpg\" \/>\n<meta name=\"twitter:label1\" content=\"Estimated reading time\" \/>\n\t<meta name=\"twitter:data1\" content=\"1 minute\" \/>\n<script type=\"application\/ld+json\" class=\"yoast-schema-graph\">{\"@context\":\"https:\/\/schema.org\",\"@graph\":[{\"@type\":\"WebPage\",\"@id\":\"https:\/\/www.wojoer.de\/produkt\/beng-hose\/\",\"url\":\"https:\/\/www.wojoer.de\/produkt\/beng-hose\/\",\"name\":\"Leder Hose | gl\u00e4nzend mattes Leatherlike | clubwear WOJOER\",\"isPartOf\":{\"@id\":\"https:\/\/www.wojoer.de\/#website\"},\"primaryImageOfPage\":{\"@id\":\"https:\/\/www.wojoer.de\/produkt\/beng-hose\/#primaryimage\"},\"image\":{\"@id\":\"https:\/\/www.wojoer.de\/produkt\/beng-hose\/#primaryimage\"},\"thumbnailUrl\":\"https:\/\/www.wojoer.de\/wp-content\/uploads\/2024\/02\/0412-H097-0D-58-06_3.BenG_Hose_black_wetlook_Neonyellow_Applications_side_wojoer-scaled.jpg\",\"datePublished\":\"2024-02-14T10:22:40+00:00\",\"dateModified\":\"2024-12-12T06:56:06+00:00\",\"description\":\"Leder Hose aus einem wunderbar matt hochwertigen Glanzleder. Hochwertig verarbeitet, made in Germany. Jetzt versandkostenfrei innerhalb Deutschlands bestellen.\",\"breadcrumb\":{\"@id\":\"https:\/\/www.wojoer.de\/produkt\/beng-hose\/#breadcrumb\"},\"inLanguage\":\"en-GB\",\"potentialAction\":[{\"@type\":\"ReadAction\",\"target\":[\"https:\/\/www.wojoer.de\/produkt\/beng-hose\/\"]}]},{\"@type\":\"ImageObject\",\"inLanguage\":\"en-GB\",\"@id\":\"https:\/\/www.wojoer.de\/produkt\/beng-hose\/#primaryimage\",\"url\":\"https:\/\/www.wojoer.de\/wp-content\/uploads\/2024\/02\/0412-H097-0D-58-06_3.BenG_Hose_black_wetlook_Neonyellow_Applications_side_wojoer-scaled.jpg\",\"contentUrl\":\"https:\/\/www.wojoer.de\/wp-content\/uploads\/2024\/02\/0412-H097-0D-58-06_3.BenG_Hose_black_wetlook_Neonyellow_Applications_side_wojoer-scaled.jpg\",\"width\":2560,\"height\":2560},{\"@type\":\"BreadcrumbList\",\"@id\":\"https:\/\/www.wojoer.de\/produkt\/beng-hose\/#breadcrumb\",\"itemListElement\":[{\"@type\":\"ListItem\",\"position\":1,\"name\":\"Startseite\",\"item\":\"https:\/\/www.wojoer.de\/\"},{\"@type\":\"ListItem\",\"position\":2,\"name\":\"SHOP\",\"item\":\"https:\/\/www.wojoer.de\/shop\/\"},{\"@type\":\"ListItem\",\"position\":3,\"name\":\"Ben`G Hose\"}]},{\"@type\":\"WebSite\",\"@id\":\"https:\/\/www.wojoer.de\/#website\",\"url\":\"https:\/\/www.wojoer.de\/\",\"name\":\"WOJOER\",\"description\":\"clubwear for men\",\"publisher\":{\"@id\":\"https:\/\/www.wojoer.de\/#organization\"},\"potentialAction\":[{\"@type\":\"SearchAction\",\"target\":{\"@type\":\"EntryPoint\",\"urlTemplate\":\"https:\/\/www.wojoer.de\/?s={search_term_string}\"},\"query-input\":{\"@type\":\"PropertyValueSpecification\",\"valueRequired\":true,\"valueName\":\"search_term_string\"}}],\"inLanguage\":\"en-GB\"},{\"@type\":\"Organization\",\"@id\":\"https:\/\/www.wojoer.de\/#organization\",\"name\":\"Wonneberger-Manufaktur\",\"url\":\"https:\/\/www.wojoer.de\/\",\"logo\":{\"@type\":\"ImageObject\",\"inLanguage\":\"en-GB\",\"@id\":\"https:\/\/www.wojoer.de\/#\/schema\/logo\/image\/\",\"url\":\"https:\/\/www.wojoer.de\/wp-content\/uploads\/2016\/11\/wonnebergermanufaktur_logo_BUTTON.png\",\"contentUrl\":\"https:\/\/www.wojoer.de\/wp-content\/uploads\/2016\/11\/wonnebergermanufaktur_logo_BUTTON.png\",\"width\":765,\"height\":765,\"caption\":\"Wonneberger-Manufaktur\"},\"image\":{\"@id\":\"https:\/\/www.wojoer.de\/#\/schema\/logo\/image\/\"},\"sameAs\":[\"https:\/\/www.facebook.com\/wojoer\/\",\"https:\/\/de.pinterest.com\/W0J0ER\/\"]}]}<\/script>\n<!-- \/ Yoast SEO plugin. -->","yoast_head_json":{"title":"Leder Hose | gl\u00e4nzend mattes Leatherlike | clubwear WOJOER","description":"Leder Hose aus einem wunderbar matt hochwertigen Glanzleder. Hochwertig verarbeitet, made in Germany. Jetzt versandkostenfrei innerhalb Deutschlands bestellen.","robots":{"index":"index","follow":"follow","max-snippet":"max-snippet:-1","max-image-preview":"max-image-preview:large","max-video-preview":"max-video-preview:-1"},"canonical":"https:\/\/www.wojoer.de\/en\/produkt\/beng-hose\/","twitter_card":"summary_large_image","twitter_title":"Leder Hose | gl\u00e4nzend mattes Leatherlike | clubwear WOJOER","twitter_description":"Leder Hose aus einem wunderbar matt hochwertigen Glanzleder. Hochwertig verarbeitet, made in Germany. Jetzt versandkostenfrei innerhalb Deutschlands bestellen.","twitter_image":"https:\/\/www.wojoer.de\/wp-content\/uploads\/2024\/02\/0412-H097-0D-58-06_3.BenG_Hose_black_wetlook_Neonyellow_Applications_side_wojoer-scaled.jpg","twitter_misc":{"Estimated reading time":"1 minute"},"schema":{"@context":"https:\/\/schema.org","@graph":[{"@type":"WebPage","@id":"https:\/\/www.wojoer.de\/produkt\/beng-hose\/","url":"https:\/\/www.wojoer.de\/produkt\/beng-hose\/","name":"Leder Hose | gl\u00e4nzend mattes Leatherlike | clubwear WOJOER","isPartOf":{"@id":"https:\/\/www.wojoer.de\/#website"},"primaryImageOfPage":{"@id":"https:\/\/www.wojoer.de\/produkt\/beng-hose\/#primaryimage"},"image":{"@id":"https:\/\/www.wojoer.de\/produkt\/beng-hose\/#primaryimage"},"thumbnailUrl":"https:\/\/www.wojoer.de\/wp-content\/uploads\/2024\/02\/0412-H097-0D-58-06_3.BenG_Hose_black_wetlook_Neonyellow_Applications_side_wojoer-scaled.jpg","datePublished":"2024-02-14T10:22:40+00:00","dateModified":"2024-12-12T06:56:06+00:00","description":"Leder Hose aus einem wunderbar matt hochwertigen Glanzleder. Hochwertig verarbeitet, made in Germany. Jetzt versandkostenfrei innerhalb Deutschlands bestellen.","breadcrumb":{"@id":"https:\/\/www.wojoer.de\/produkt\/beng-hose\/#breadcrumb"},"inLanguage":"en-GB","potentialAction":[{"@type":"ReadAction","target":["https:\/\/www.wojoer.de\/produkt\/beng-hose\/"]}]},{"@type":"ImageObject","inLanguage":"en-GB","@id":"https:\/\/www.wojoer.de\/produkt\/beng-hose\/#primaryimage","url":"https:\/\/www.wojoer.de\/wp-content\/uploads\/2024\/02\/0412-H097-0D-58-06_3.BenG_Hose_black_wetlook_Neonyellow_Applications_side_wojoer-scaled.jpg","contentUrl":"https:\/\/www.wojoer.de\/wp-content\/uploads\/2024\/02\/0412-H097-0D-58-06_3.BenG_Hose_black_wetlook_Neonyellow_Applications_side_wojoer-scaled.jpg","width":2560,"height":2560},{"@type":"BreadcrumbList","@id":"https:\/\/www.wojoer.de\/produkt\/beng-hose\/#breadcrumb","itemListElement":[{"@type":"ListItem","position":1,"name":"Startseite","item":"https:\/\/www.wojoer.de\/"},{"@type":"ListItem","position":2,"name":"SHOP","item":"https:\/\/www.wojoer.de\/shop\/"},{"@type":"ListItem","position":3,"name":"Ben`G Hose"}]},{"@type":"WebSite","@id":"https:\/\/www.wojoer.de\/#website","url":"https:\/\/www.wojoer.de\/","name":"WOJOER","description":"clubwear for men","publisher":{"@id":"https:\/\/www.wojoer.de\/#organization"},"potentialAction":[{"@type":"SearchAction","target":{"@type":"EntryPoint","urlTemplate":"https:\/\/www.wojoer.de\/?s={search_term_string}"},"query-input":{"@type":"PropertyValueSpecification","valueRequired":true,"valueName":"search_term_string"}}],"inLanguage":"en-GB"},{"@type":"Organization","@id":"https:\/\/www.wojoer.de\/#organization","name":"Wonneberger-Manufaktur","url":"https:\/\/www.wojoer.de\/","logo":{"@type":"ImageObject","inLanguage":"en-GB","@id":"https:\/\/www.wojoer.de\/#\/schema\/logo\/image\/","url":"https:\/\/www.wojoer.de\/wp-content\/uploads\/2016\/11\/wonnebergermanufaktur_logo_BUTTON.png","contentUrl":"https:\/\/www.wojoer.de\/wp-content\/uploads\/2016\/11\/wonnebergermanufaktur_logo_BUTTON.png","width":765,"height":765,"caption":"Wonneberger-Manufaktur"},"image":{"@id":"https:\/\/www.wojoer.de\/#\/schema\/logo\/image\/"},"sameAs":["https:\/\/www.facebook.com\/wojoer\/","https:\/\/de.pinterest.com\/W0J0ER\/"]}]}},"_links":{"self":[{"href":"https:\/\/www.wojoer.de\/en\/wp-json\/wp\/v2\/product\/42645","targetHints":{"allow":["GET"]}}],"collection":[{"href":"https:\/\/www.wojoer.de\/en\/wp-json\/wp\/v2\/product"}],"about":[{"href":"https:\/\/www.wojoer.de\/en\/wp-json\/wp\/v2\/types\/product"}],"replies":[{"embeddable":true,"href":"https:\/\/www.wojoer.de\/en\/wp-json\/wp\/v2\/comments?post=42645"}],"wp:featuredmedia":[{"embeddable":true,"href":"https:\/\/www.wojoer.de\/en\/wp-json\/wp\/v2\/media\/42430"}],"wp:attachment":[{"href":"https:\/\/www.wojoer.de\/en\/wp-json\/wp\/v2\/media?parent=42645"}],"wp:term":[{"taxonomy":"product_brand","embeddable":true,"href":"https:\/\/www.wojoer.de\/en\/wp-json\/wp\/v2\/product_brand?post=42645"},{"taxonomy":"product_cat","embeddable":true,"href":"https:\/\/www.wojoer.de\/en\/wp-json\/wp\/v2\/product_cat?post=42645"},{"taxonomy":"product_tag","embeddable":true,"href":"https:\/\/www.wojoer.de\/en\/wp-json\/wp\/v2\/product_tag?post=42645"}],"curies":[{"name":"wp","href":"https:\/\/api.w.org\/{rel}","templated":true}]}}