{"id":42678,"date":"2025-12-30T09:29:56","date_gmt":"2025-12-30T08:29:56","guid":{"rendered":"https:\/\/www.wojoer.de\/?post_type=product&#038;p=42678"},"modified":"2026-02-19T17:54:52","modified_gmt":"2026-02-19T16:54:52","slug":"showmaster-ouvert-push-string","status":"publish","type":"product","link":"https:\/\/www.wojoer.de\/en\/produkt\/showmaster-ouvert-push-string\/","title":{"rendered":"Showmaster Overt"},"content":{"rendered":"<p style=\"text-align: left;\"><code>This Showmaster Overt Thong belongs to the Wojoer <a href=\"https:\/\/www.wojoer.de\/?s=nos&#038;post_type=product\">NOS product<\/a>O. They are produced for stock. NEW: Our Showmaster Overt Thong you will find in all ORION stores!\u2728<\/code><\/p>\n<p><strong>Sizes<\/strong><\/p>\n<p>Available in sizes 32-42<\/p>\n<p><strong>Material composition<\/strong><\/p>\n<p>Leather like: 92% polyester | 8% elastane<\/p>\n<p><strong>Particularities<\/strong><\/p>\n<p><a href=\"https:\/\/www.wojoer.de\/?s=nos&#038;post_type=product\">NOS product<\/a> | matt fine leather like | very stretchy | pleasantly elastic | high quality | Made in Germany<\/p>\n<p><strong>Wash instructions<\/strong><\/p>\n<p>Hand wash<\/p>\n<p><strong>Showmaster Leatherlike- Men\u2019s Thong overt &#8211; Sexy Ouverte Thong<br \/>\n<\/strong><\/p>\n<p>Airy, free and PUR &#8211; get in touch, dance closely, let strange hands slide into your crotch and your partner will feel your pure femininity until there is no stopping you. Maybe in the broom closet, the locker room, on the toilet!? Or on the beach, right next to the hip beach party? No clich\u00e9 is too cheesy here! This showmadter thong is so excitingly hot and perfect for the adventurous, hot quickie in between. The vegan showmaster is made to keep your sex life at the highest level! Into the pleasure! And because it is so sexy and comfortable at the same time, there is the right partner look for your partner.<\/p>\n<p>Click here for the <a href=\"https:\/\/www.wojoer.de\/groessentabelle\/\">size chart<\/a>.<\/p>\n","protected":false},"excerpt":{"rendered":"<p><strong>Showmaster<\/strong>: Dieser seidig gl\u00e4nzende Ouverte Push String\u00a0 0103-S013-0D-00- aus feinem Leatherlike geh\u00f6rt in die Kategorie &#8220;NOS&#8221;-Produkte. Er wird also auf Lager produziert und das Beste:<br \/>\n<strong>Der Showmaster ist jetzt auch in allen Orionfilialen in Deutschland erh\u00e4ltlich!<\/strong><br \/>\nGr\u00f6\u00dfen<br \/>\nErh\u00e4ltlich in den Gr\u00f6\u00dfen S, M,\u2026<\/p>\n","protected":false},"featured_media":42421,"comment_status":"open","ping_status":"closed","template":"","meta":[],"product_brand":[],"product_cat":[835,1095,116,114,1059,169,473,326],"product_tag":[194,487,119],"class_list":{"0":"post-42678","1":"product","2":"type-product","3":"status-publish","4":"has-post-thumbnail","6":"product_cat-ouvert","7":"product_cat-black-friday","8":"product_cat-clubwear","9":"product_cat-fetisch","10":"product_cat-kinky","11":"product_cat-nos-never-out-of-stock","12":"product_cat-men","13":"product_cat-wojoer","14":"product_tag-leatherlike","15":"product_tag-ouverte","16":"product_tag-string","17":"product_shipping_class-beun","18":"pa_groesse-l","19":"pa_groesse-m","20":"pa_groesse-s","21":"pa_groesse-xl","22":"pa_groesse-xxl","23":"pa_groesse-xxxl","24":"pif-has-gallery","25":"post-1","26":"odd","28":"first","29":"instock","30":"taxable","31":"shipping-taxable","32":"purchasable","33":"product-type-variable"},"yoast_head":"<!-- This site is optimized with the Yoast SEO plugin v27.2 - https:\/\/yoast.com\/product\/yoast-seo-wordpress\/ -->\n<title>showmaster | airy, free and pure | Leatherlike | WOJOER<\/title>\n<meta name=\"description\" content=\"Showmaster overt thong - perfect for the hot, lusty quikie in between. No matter when, (almost) no matter where - open, airy and immediately plump, your desire is no longer in the way ...\" \/>\n<meta name=\"robots\" content=\"index, follow, max-snippet:-1, max-image-preview:large, max-video-preview:-1\" \/>\n<link rel=\"canonical\" href=\"https:\/\/www.wojoer.de\/en\/produkt\/showmaster-ouvert-push-string\/\" \/>\n<meta name=\"twitter:card\" content=\"summary_large_image\" \/>\n<meta name=\"twitter:title\" content=\"showmaster | airy, free and pure | Leatherlike | WOJOER\" \/>\n<meta name=\"twitter:description\" content=\"Showmaster overt thong - perfect for the hot, lusty quikie in between. No matter when, (almost) no matter where - open, airy and immediately plump, your desire is no longer in the way ...\" \/>\n<meta name=\"twitter:image\" content=\"https:\/\/www.wojoer.de\/wp-content\/uploads\/2024\/02\/0103-S013-0M-00-06-1.-Mattleder-push_ouvert_string-mittel-schwarz-L-front-wojoer.jpg\" \/>\n<meta name=\"twitter:label1\" content=\"Estimated reading time\" \/>\n\t<meta name=\"twitter:data1\" content=\"2 minutes\" \/>\n<script type=\"application\/ld+json\" class=\"yoast-schema-graph\">{\"@context\":\"https:\/\/schema.org\",\"@graph\":[{\"@type\":\"WebPage\",\"@id\":\"https:\/\/www.wojoer.de\/produkt\/showmaster-ouvert-push-string\/\",\"url\":\"https:\/\/www.wojoer.de\/produkt\/showmaster-ouvert-push-string\/\",\"name\":\"showmaster | airy, free and pure | Leatherlike | WOJOER\",\"isPartOf\":{\"@id\":\"https:\/\/www.wojoer.de\/#website\"},\"primaryImageOfPage\":{\"@id\":\"https:\/\/www.wojoer.de\/produkt\/showmaster-ouvert-push-string\/#primaryimage\"},\"image\":{\"@id\":\"https:\/\/www.wojoer.de\/produkt\/showmaster-ouvert-push-string\/#primaryimage\"},\"thumbnailUrl\":\"https:\/\/www.wojoer.de\/wp-content\/uploads\/2024\/02\/0103-S013-0M-00-06-1.-Mattleder-push_ouvert_string-mittel-schwarz-L-front-wojoer.jpg\",\"datePublished\":\"2025-12-30T08:29:56+00:00\",\"dateModified\":\"2026-02-19T16:54:52+00:00\",\"description\":\"Showmaster overt thong - perfect for the hot, lusty quikie in between. No matter when, (almost) no matter where - open, airy and immediately plump, your desire is no longer in the way ...\",\"breadcrumb\":{\"@id\":\"https:\/\/www.wojoer.de\/produkt\/showmaster-ouvert-push-string\/#breadcrumb\"},\"inLanguage\":\"en-GB\",\"potentialAction\":[{\"@type\":\"ReadAction\",\"target\":[\"https:\/\/www.wojoer.de\/produkt\/showmaster-ouvert-push-string\/\"]}]},{\"@type\":\"ImageObject\",\"inLanguage\":\"en-GB\",\"@id\":\"https:\/\/www.wojoer.de\/produkt\/showmaster-ouvert-push-string\/#primaryimage\",\"url\":\"https:\/\/www.wojoer.de\/wp-content\/uploads\/2024\/02\/0103-S013-0M-00-06-1.-Mattleder-push_ouvert_string-mittel-schwarz-L-front-wojoer.jpg\",\"contentUrl\":\"https:\/\/www.wojoer.de\/wp-content\/uploads\/2024\/02\/0103-S013-0M-00-06-1.-Mattleder-push_ouvert_string-mittel-schwarz-L-front-wojoer.jpg\",\"width\":2002,\"height\":2002,\"caption\":\"showmaster Ouvert Leatherlike String \u2013 Black Week Deal f\u00fcr M\u00e4nner Entdecke den Ouvert Leatherlike String f\u00fcr M\u00e4nner \u2013 exklusiv w\u00e4hrend der Black Week stark reduziert und so g\u00fcnstig wie noch nie. Dieses Design verbindet minimalistische Offenheit mit hochwertiger Verarbeitung und sorgt f\u00fcr einen Look, der kinky, selbstbewusst und provokant wirkt. Gefertigt in der Wonneberger Manufaktur in Deutschland, steht der String f\u00fcr kompromisslose Qualit\u00e4t, pr\u00e4zise Handarbeit und langlebige Materialien. Das Leatherlike-Material liegt eng an der Haut, betont die Silhouette und sorgt f\u00fcr maximale Bewegungsfreiheit. Offene Details setzen Akzente, die provokativ wirken \u2013 ideal f\u00fcr Studio, Performance oder private Momente. Die Black Week Edition ist limitiert \u2013 wer jetzt zuschl\u00e4gt, sichert sich ein exklusives kinky Highlight, das sonst nur schwer erh\u00e4ltlich ist. Luxus, Design und provokante \u00c4sthetik treffen hier aufeinander \u2013 so g\u00fcnstig wie noch nie. Kinky. Provokant. Stark reduziert. Jetzt sichern. Dein Statement, dein String, deine zweite Haut.\"},{\"@type\":\"BreadcrumbList\",\"@id\":\"https:\/\/www.wojoer.de\/produkt\/showmaster-ouvert-push-string\/#breadcrumb\",\"itemListElement\":[{\"@type\":\"ListItem\",\"position\":1,\"name\":\"Startseite\",\"item\":\"https:\/\/www.wojoer.de\/\"},{\"@type\":\"ListItem\",\"position\":2,\"name\":\"SHOP\",\"item\":\"https:\/\/www.wojoer.de\/shop\/\"},{\"@type\":\"ListItem\",\"position\":3,\"name\":\"Showmaster\"}]},{\"@type\":\"WebSite\",\"@id\":\"https:\/\/www.wojoer.de\/#website\",\"url\":\"https:\/\/www.wojoer.de\/\",\"name\":\"WOJOER\",\"description\":\"clubwear for men\",\"publisher\":{\"@id\":\"https:\/\/www.wojoer.de\/#organization\"},\"potentialAction\":[{\"@type\":\"SearchAction\",\"target\":{\"@type\":\"EntryPoint\",\"urlTemplate\":\"https:\/\/www.wojoer.de\/?s={search_term_string}\"},\"query-input\":{\"@type\":\"PropertyValueSpecification\",\"valueRequired\":true,\"valueName\":\"search_term_string\"}}],\"inLanguage\":\"en-GB\"},{\"@type\":\"Organization\",\"@id\":\"https:\/\/www.wojoer.de\/#organization\",\"name\":\"Wonneberger-Manufaktur\",\"url\":\"https:\/\/www.wojoer.de\/\",\"logo\":{\"@type\":\"ImageObject\",\"inLanguage\":\"en-GB\",\"@id\":\"https:\/\/www.wojoer.de\/#\/schema\/logo\/image\/\",\"url\":\"https:\/\/www.wojoer.de\/wp-content\/uploads\/2016\/11\/wonnebergermanufaktur_logo_BUTTON.png\",\"contentUrl\":\"https:\/\/www.wojoer.de\/wp-content\/uploads\/2016\/11\/wonnebergermanufaktur_logo_BUTTON.png\",\"width\":765,\"height\":765,\"caption\":\"Wonneberger-Manufaktur\"},\"image\":{\"@id\":\"https:\/\/www.wojoer.de\/#\/schema\/logo\/image\/\"},\"sameAs\":[\"https:\/\/www.facebook.com\/wojoer\/\",\"https:\/\/de.pinterest.com\/W0J0ER\/\"]}]}<\/script>\n<!-- \/ Yoast SEO plugin. -->","yoast_head_json":{"title":"showmaster | airy, free and pure | Leatherlike | WOJOER","description":"Showmaster overt thong - perfect for the hot, lusty quikie in between. No matter when, (almost) no matter where - open, airy and immediately plump, your desire is no longer in the way ...","robots":{"index":"index","follow":"follow","max-snippet":"max-snippet:-1","max-image-preview":"max-image-preview:large","max-video-preview":"max-video-preview:-1"},"canonical":"https:\/\/www.wojoer.de\/en\/produkt\/showmaster-ouvert-push-string\/","twitter_card":"summary_large_image","twitter_title":"[:de]Showmaster Ouverte Push String | luftig, frei und pur | WOJOER[:en]showmaster | airy, free and pure | Leatherlike | WOJOER[:]","twitter_description":"[:de]Showmaster: Ouverte Push String - perfekt f\u00fcr den hei\u00dfen, lustvollen Quickie zwischendurch. Egal wann, (fast) egal wo - offen, luftig und sofort prall steht deiner Lust nicht's mehr im Wege...[:en]Showmaster overt thong - perfect for the hot, lusty quikie in between. No matter when, (almost) no matter where - open, airy and immediately plump, your desire is no longer in the way ...[:]","twitter_image":"https:\/\/www.wojoer.de\/wp-content\/uploads\/2024\/02\/0103-S013-0M-00-06-1.-Mattleder-push_ouvert_string-mittel-schwarz-L-front-wojoer.jpg","twitter_misc":{"Estimated reading time":"2 minutes"},"schema":{"@context":"https:\/\/schema.org","@graph":[{"@type":"WebPage","@id":"https:\/\/www.wojoer.de\/produkt\/showmaster-ouvert-push-string\/","url":"https:\/\/www.wojoer.de\/produkt\/showmaster-ouvert-push-string\/","name":"showmaster | airy, free and pure | Leatherlike | WOJOER","isPartOf":{"@id":"https:\/\/www.wojoer.de\/#website"},"primaryImageOfPage":{"@id":"https:\/\/www.wojoer.de\/produkt\/showmaster-ouvert-push-string\/#primaryimage"},"image":{"@id":"https:\/\/www.wojoer.de\/produkt\/showmaster-ouvert-push-string\/#primaryimage"},"thumbnailUrl":"https:\/\/www.wojoer.de\/wp-content\/uploads\/2024\/02\/0103-S013-0M-00-06-1.-Mattleder-push_ouvert_string-mittel-schwarz-L-front-wojoer.jpg","datePublished":"2025-12-30T08:29:56+00:00","dateModified":"2026-02-19T16:54:52+00:00","description":"Showmaster overt thong - perfect for the hot, lusty quikie in between. No matter when, (almost) no matter where - open, airy and immediately plump, your desire is no longer in the way ...","breadcrumb":{"@id":"https:\/\/www.wojoer.de\/produkt\/showmaster-ouvert-push-string\/#breadcrumb"},"inLanguage":"en-GB","potentialAction":[{"@type":"ReadAction","target":["https:\/\/www.wojoer.de\/produkt\/showmaster-ouvert-push-string\/"]}]},{"@type":"ImageObject","inLanguage":"en-GB","@id":"https:\/\/www.wojoer.de\/produkt\/showmaster-ouvert-push-string\/#primaryimage","url":"https:\/\/www.wojoer.de\/wp-content\/uploads\/2024\/02\/0103-S013-0M-00-06-1.-Mattleder-push_ouvert_string-mittel-schwarz-L-front-wojoer.jpg","contentUrl":"https:\/\/www.wojoer.de\/wp-content\/uploads\/2024\/02\/0103-S013-0M-00-06-1.-Mattleder-push_ouvert_string-mittel-schwarz-L-front-wojoer.jpg","width":2002,"height":2002,"caption":"showmaster Ouvert Leatherlike String \u2013 Black Week Deal f\u00fcr M\u00e4nner Entdecke den Ouvert Leatherlike String f\u00fcr M\u00e4nner \u2013 exklusiv w\u00e4hrend der Black Week stark reduziert und so g\u00fcnstig wie noch nie. Dieses Design verbindet minimalistische Offenheit mit hochwertiger Verarbeitung und sorgt f\u00fcr einen Look, der kinky, selbstbewusst und provokant wirkt. Gefertigt in der Wonneberger Manufaktur in Deutschland, steht der String f\u00fcr kompromisslose Qualit\u00e4t, pr\u00e4zise Handarbeit und langlebige Materialien. Das Leatherlike-Material liegt eng an der Haut, betont die Silhouette und sorgt f\u00fcr maximale Bewegungsfreiheit. Offene Details setzen Akzente, die provokativ wirken \u2013 ideal f\u00fcr Studio, Performance oder private Momente. Die Black Week Edition ist limitiert \u2013 wer jetzt zuschl\u00e4gt, sichert sich ein exklusives kinky Highlight, das sonst nur schwer erh\u00e4ltlich ist. Luxus, Design und provokante \u00c4sthetik treffen hier aufeinander \u2013 so g\u00fcnstig wie noch nie. Kinky. Provokant. Stark reduziert. Jetzt sichern. Dein Statement, dein String, deine zweite Haut."},{"@type":"BreadcrumbList","@id":"https:\/\/www.wojoer.de\/produkt\/showmaster-ouvert-push-string\/#breadcrumb","itemListElement":[{"@type":"ListItem","position":1,"name":"Startseite","item":"https:\/\/www.wojoer.de\/"},{"@type":"ListItem","position":2,"name":"SHOP","item":"https:\/\/www.wojoer.de\/shop\/"},{"@type":"ListItem","position":3,"name":"Showmaster"}]},{"@type":"WebSite","@id":"https:\/\/www.wojoer.de\/#website","url":"https:\/\/www.wojoer.de\/","name":"WOJOER","description":"clubwear for men","publisher":{"@id":"https:\/\/www.wojoer.de\/#organization"},"potentialAction":[{"@type":"SearchAction","target":{"@type":"EntryPoint","urlTemplate":"https:\/\/www.wojoer.de\/?s={search_term_string}"},"query-input":{"@type":"PropertyValueSpecification","valueRequired":true,"valueName":"search_term_string"}}],"inLanguage":"en-GB"},{"@type":"Organization","@id":"https:\/\/www.wojoer.de\/#organization","name":"Wonneberger-Manufaktur","url":"https:\/\/www.wojoer.de\/","logo":{"@type":"ImageObject","inLanguage":"en-GB","@id":"https:\/\/www.wojoer.de\/#\/schema\/logo\/image\/","url":"https:\/\/www.wojoer.de\/wp-content\/uploads\/2016\/11\/wonnebergermanufaktur_logo_BUTTON.png","contentUrl":"https:\/\/www.wojoer.de\/wp-content\/uploads\/2016\/11\/wonnebergermanufaktur_logo_BUTTON.png","width":765,"height":765,"caption":"Wonneberger-Manufaktur"},"image":{"@id":"https:\/\/www.wojoer.de\/#\/schema\/logo\/image\/"},"sameAs":["https:\/\/www.facebook.com\/wojoer\/","https:\/\/de.pinterest.com\/W0J0ER\/"]}]}},"_links":{"self":[{"href":"https:\/\/www.wojoer.de\/en\/wp-json\/wp\/v2\/product\/42678","targetHints":{"allow":["GET"]}}],"collection":[{"href":"https:\/\/www.wojoer.de\/en\/wp-json\/wp\/v2\/product"}],"about":[{"href":"https:\/\/www.wojoer.de\/en\/wp-json\/wp\/v2\/types\/product"}],"replies":[{"embeddable":true,"href":"https:\/\/www.wojoer.de\/en\/wp-json\/wp\/v2\/comments?post=42678"}],"wp:featuredmedia":[{"embeddable":true,"href":"https:\/\/www.wojoer.de\/en\/wp-json\/wp\/v2\/media\/42421"}],"wp:attachment":[{"href":"https:\/\/www.wojoer.de\/en\/wp-json\/wp\/v2\/media?parent=42678"}],"wp:term":[{"taxonomy":"product_brand","embeddable":true,"href":"https:\/\/www.wojoer.de\/en\/wp-json\/wp\/v2\/product_brand?post=42678"},{"taxonomy":"product_cat","embeddable":true,"href":"https:\/\/www.wojoer.de\/en\/wp-json\/wp\/v2\/product_cat?post=42678"},{"taxonomy":"product_tag","embeddable":true,"href":"https:\/\/www.wojoer.de\/en\/wp-json\/wp\/v2\/product_tag?post=42678"}],"curies":[{"name":"wp","href":"https:\/\/api.w.org\/{rel}","templated":true}]}}