{"id":42701,"date":"2024-02-20T08:29:56","date_gmt":"2024-02-20T07:29:56","guid":{"rendered":"https:\/\/www.wojoer.de\/?post_type=product&#038;p=42701"},"modified":"2025-06-23T11:40:20","modified_gmt":"2025-06-23T09:40:20","slug":"glanzleder-jock-strap","status":"publish","type":"product","link":"https:\/\/www.wojoer.de\/en\/produkt\/glanzleder-jock-strap\/","title":{"rendered":"Glanzleder Jock Strap"},"content":{"rendered":"<p>5-Pocket Trousers geh\u00f6rt zu den Wojoer LIVE-Produkten. Denn sie werden ab Bestellung bei uns produziert, so k\u00f6nnen wir auf Kundenw\u00fcnsche individuell eingehen.<\/p>\n<h3>Gr\u00f6\u00dfen<\/h3>\n<p>Erh\u00e4ltlich in den Gr\u00f6\u00dfen S, M, L, XL<\/p>\n<h3>Materialzusammensetzung<\/h3>\n<p>WETLEATHER, super dehnbares, leicht gl\u00e4nzendes Leatherlike mit Seidenglanz: 95% Viskose, 5% Elasthan | 100% Polyester<\/p>\n<h3>Besonderheiten<\/h3>\n<p><a href=\"http:\/\/www.wojoer.de\/?s=LIVE&#038;post_type=product\">LIVE-Produkt<\/a>\u00a0 | glossy, strechy Leatherlike\u00a0 | sehr gut dehnbar | eng anschmiegsamer Schnitt | extra Suspensorium f\u00fcr m\u00e4nnlichen Schritt | hochwertige Verarbeitung &#8220;Made in Germany&#8221;<\/p>\n<h3>Benutzerhinweise<\/h3>\n<p>Handw\u00e4sche | seperat von hellen und anderen, beschichteten Textilien lagern | nur mit dazwischen gelegtes Papier zusammenlegen oder locker auf einem B\u00fcgel h\u00e4ngen<\/p>\n<p>5-Pocket Trousers Leatherlike<\/p>\n<p>&nbsp;<\/p>\n","protected":false},"excerpt":{"rendered":"<p>Der Glanzleder Jock Strap 0102-J001-0D-00- geh\u00f6rt zu den Wojoer LIVE-Produkten. Produktion auf Bestellung.<br \/>\nGr\u00f6\u00dfen<br \/>\nS, M, L, XL, XXL<br \/>\nMaterialzusammensetzung<br \/>\n95% Polyester\u00a0 |5% Elasthan<br \/>\nBesonderheiten<br \/>\nLIVLIVE Produkt\u00a0| sehr dehnbares Material | hautenge Passform |schwarz gl\u00e4nzend | hochwertige Verarbeitung &#8220;Made in Germany&#8221;<br \/>\nBenutzerhinweise<br \/>\nHandw\u00e4sche | separat von hellen und\u2026<\/p>\n","protected":false},"featured_media":42413,"comment_status":"open","ping_status":"closed","template":"","meta":[],"product_brand":[],"product_cat":[116,114,473,195,326],"product_tag":[560,1060,905,194],"class_list":{"0":"post-42701","1":"product","2":"type-product","3":"status-publish","4":"has-post-thumbnail","6":"product_cat-clubwear","7":"product_cat-fetisch","8":"product_cat-men","9":"product_cat-produktion-auf-bestellung-liveproduktion","10":"product_cat-wojoer","11":"product_tag-glaenzend","12":"product_tag-jock","13":"product_tag-jock-strap","14":"product_tag-leatherlike","15":"pa_groesse-l","16":"pa_groesse-m","17":"pa_groesse-s","18":"pa_groesse-xl","19":"pa_groesse-xxl","20":"pa_groesse-xxxl","21":"pif-has-gallery","22":"post-1","23":"odd","25":"first","26":"onbackorder","27":"taxable","28":"shipping-taxable","29":"purchasable","30":"product-type-variable"},"yoast_head":"<!-- This site is optimized with the Yoast SEO plugin v27.2 - https:\/\/yoast.com\/product\/yoast-seo-wordpress\/ -->\n<title>Leder Jock Strap | gl\u00e4nzend mattes Leatherlike | clubwear WOJOER<\/title>\n<meta name=\"description\" content=\"Leder Jock Strap aus einem wunderbar matt hochwertigen Glanzleder. Hochwertig verarbeitet, made in Germany. Jetzt versandkostenfrei innerhalb Deutschlands bestellen.\" \/>\n<meta name=\"robots\" content=\"index, follow, max-snippet:-1, max-image-preview:large, max-video-preview:-1\" \/>\n<link rel=\"canonical\" href=\"https:\/\/www.wojoer.de\/en\/produkt\/glanzleder-jock-strap\/\" \/>\n<meta name=\"twitter:card\" content=\"summary_large_image\" \/>\n<meta name=\"twitter:title\" content=\"Leder Jock Strap | gl\u00e4nzend mattes Leatherlike | clubwear WOJOER\" \/>\n<meta name=\"twitter:description\" content=\"Leder Jock Strap aus einem wunderbar matt hochwertigen Glanzleder. Hochwertig verarbeitet, made in Germany. Jetzt versandkostenfrei innerhalb Deutschlands bestellen.\" \/>\n<meta name=\"twitter:image\" content=\"https:\/\/www.wojoer.de\/wp-content\/uploads\/2024\/02\/0102-J001-0D-00-06-4.-Glanzleder-JockStrap-dehnbar-schwarz-L-side-Wojoer.jpg\" \/>\n<meta name=\"twitter:label1\" content=\"Estimated reading time\" \/>\n\t<meta name=\"twitter:data1\" content=\"1 minute\" \/>\n<script type=\"application\/ld+json\" class=\"yoast-schema-graph\">{\"@context\":\"https:\/\/schema.org\",\"@graph\":[{\"@type\":\"WebPage\",\"@id\":\"https:\/\/www.wojoer.de\/en\/produkt\/glanzleder-jock-strap\/\",\"url\":\"https:\/\/www.wojoer.de\/en\/produkt\/glanzleder-jock-strap\/\",\"name\":\"Leder Jock Strap | gl\u00e4nzend mattes Leatherlike | clubwear WOJOER\",\"isPartOf\":{\"@id\":\"https:\/\/www.wojoer.de\/#website\"},\"primaryImageOfPage\":{\"@id\":\"https:\/\/www.wojoer.de\/en\/produkt\/glanzleder-jock-strap\/#primaryimage\"},\"image\":{\"@id\":\"https:\/\/www.wojoer.de\/en\/produkt\/glanzleder-jock-strap\/#primaryimage\"},\"thumbnailUrl\":\"https:\/\/www.wojoer.de\/wp-content\/uploads\/2024\/02\/0102-J001-0D-00-06-4.-Glanzleder-JockStrap-dehnbar-schwarz-L-side-Wojoer.jpg\",\"datePublished\":\"2024-02-20T07:29:56+00:00\",\"dateModified\":\"2025-06-23T09:40:20+00:00\",\"description\":\"Leder Jock Strap aus einem wunderbar matt hochwertigen Glanzleder. Hochwertig verarbeitet, made in Germany. Jetzt versandkostenfrei innerhalb Deutschlands bestellen.\",\"breadcrumb\":{\"@id\":\"https:\/\/www.wojoer.de\/en\/produkt\/glanzleder-jock-strap\/#breadcrumb\"},\"inLanguage\":\"en-GB\",\"potentialAction\":[{\"@type\":\"ReadAction\",\"target\":[\"https:\/\/www.wojoer.de\/en\/produkt\/glanzleder-jock-strap\/\"]}]},{\"@type\":\"ImageObject\",\"inLanguage\":\"en-GB\",\"@id\":\"https:\/\/www.wojoer.de\/en\/produkt\/glanzleder-jock-strap\/#primaryimage\",\"url\":\"https:\/\/www.wojoer.de\/wp-content\/uploads\/2024\/02\/0102-J001-0D-00-06-4.-Glanzleder-JockStrap-dehnbar-schwarz-L-side-Wojoer.jpg\",\"contentUrl\":\"https:\/\/www.wojoer.de\/wp-content\/uploads\/2024\/02\/0102-J001-0D-00-06-4.-Glanzleder-JockStrap-dehnbar-schwarz-L-side-Wojoer.jpg\",\"width\":2002,\"height\":2002},{\"@type\":\"BreadcrumbList\",\"@id\":\"https:\/\/www.wojoer.de\/en\/produkt\/glanzleder-jock-strap\/#breadcrumb\",\"itemListElement\":[{\"@type\":\"ListItem\",\"position\":1,\"name\":\"Startseite\",\"item\":\"https:\/\/www.wojoer.de\/\"},{\"@type\":\"ListItem\",\"position\":2,\"name\":\"SHOP\",\"item\":\"https:\/\/www.wojoer.de\/shop\/\"},{\"@type\":\"ListItem\",\"position\":3,\"name\":\"Glanzleder Jock Strap\"}]},{\"@type\":\"WebSite\",\"@id\":\"https:\/\/www.wojoer.de\/#website\",\"url\":\"https:\/\/www.wojoer.de\/\",\"name\":\"WOJOER\",\"description\":\"clubwear for men\",\"publisher\":{\"@id\":\"https:\/\/www.wojoer.de\/#organization\"},\"potentialAction\":[{\"@type\":\"SearchAction\",\"target\":{\"@type\":\"EntryPoint\",\"urlTemplate\":\"https:\/\/www.wojoer.de\/?s={search_term_string}\"},\"query-input\":{\"@type\":\"PropertyValueSpecification\",\"valueRequired\":true,\"valueName\":\"search_term_string\"}}],\"inLanguage\":\"en-GB\"},{\"@type\":\"Organization\",\"@id\":\"https:\/\/www.wojoer.de\/#organization\",\"name\":\"Wonneberger-Manufaktur\",\"url\":\"https:\/\/www.wojoer.de\/\",\"logo\":{\"@type\":\"ImageObject\",\"inLanguage\":\"en-GB\",\"@id\":\"https:\/\/www.wojoer.de\/#\/schema\/logo\/image\/\",\"url\":\"https:\/\/www.wojoer.de\/wp-content\/uploads\/2016\/11\/wonnebergermanufaktur_logo_BUTTON.png\",\"contentUrl\":\"https:\/\/www.wojoer.de\/wp-content\/uploads\/2016\/11\/wonnebergermanufaktur_logo_BUTTON.png\",\"width\":765,\"height\":765,\"caption\":\"Wonneberger-Manufaktur\"},\"image\":{\"@id\":\"https:\/\/www.wojoer.de\/#\/schema\/logo\/image\/\"},\"sameAs\":[\"https:\/\/www.facebook.com\/wojoer\/\",\"https:\/\/de.pinterest.com\/W0J0ER\/\"]}]}<\/script>\n<!-- \/ Yoast SEO plugin. -->","yoast_head_json":{"title":"Leder Jock Strap | gl\u00e4nzend mattes Leatherlike | clubwear WOJOER","description":"Leder Jock Strap aus einem wunderbar matt hochwertigen Glanzleder. Hochwertig verarbeitet, made in Germany. Jetzt versandkostenfrei innerhalb Deutschlands bestellen.","robots":{"index":"index","follow":"follow","max-snippet":"max-snippet:-1","max-image-preview":"max-image-preview:large","max-video-preview":"max-video-preview:-1"},"canonical":"https:\/\/www.wojoer.de\/en\/produkt\/glanzleder-jock-strap\/","twitter_card":"summary_large_image","twitter_title":"Leder Jock Strap | gl\u00e4nzend mattes Leatherlike | clubwear WOJOER","twitter_description":"Leder Jock Strap aus einem wunderbar matt hochwertigen Glanzleder. Hochwertig verarbeitet, made in Germany. Jetzt versandkostenfrei innerhalb Deutschlands bestellen.","twitter_image":"https:\/\/www.wojoer.de\/wp-content\/uploads\/2024\/02\/0102-J001-0D-00-06-4.-Glanzleder-JockStrap-dehnbar-schwarz-L-side-Wojoer.jpg","twitter_misc":{"Estimated reading time":"1 minute"},"schema":{"@context":"https:\/\/schema.org","@graph":[{"@type":"WebPage","@id":"https:\/\/www.wojoer.de\/en\/produkt\/glanzleder-jock-strap\/","url":"https:\/\/www.wojoer.de\/en\/produkt\/glanzleder-jock-strap\/","name":"Leder Jock Strap | gl\u00e4nzend mattes Leatherlike | clubwear WOJOER","isPartOf":{"@id":"https:\/\/www.wojoer.de\/#website"},"primaryImageOfPage":{"@id":"https:\/\/www.wojoer.de\/en\/produkt\/glanzleder-jock-strap\/#primaryimage"},"image":{"@id":"https:\/\/www.wojoer.de\/en\/produkt\/glanzleder-jock-strap\/#primaryimage"},"thumbnailUrl":"https:\/\/www.wojoer.de\/wp-content\/uploads\/2024\/02\/0102-J001-0D-00-06-4.-Glanzleder-JockStrap-dehnbar-schwarz-L-side-Wojoer.jpg","datePublished":"2024-02-20T07:29:56+00:00","dateModified":"2025-06-23T09:40:20+00:00","description":"Leder Jock Strap aus einem wunderbar matt hochwertigen Glanzleder. Hochwertig verarbeitet, made in Germany. Jetzt versandkostenfrei innerhalb Deutschlands bestellen.","breadcrumb":{"@id":"https:\/\/www.wojoer.de\/en\/produkt\/glanzleder-jock-strap\/#breadcrumb"},"inLanguage":"en-GB","potentialAction":[{"@type":"ReadAction","target":["https:\/\/www.wojoer.de\/en\/produkt\/glanzleder-jock-strap\/"]}]},{"@type":"ImageObject","inLanguage":"en-GB","@id":"https:\/\/www.wojoer.de\/en\/produkt\/glanzleder-jock-strap\/#primaryimage","url":"https:\/\/www.wojoer.de\/wp-content\/uploads\/2024\/02\/0102-J001-0D-00-06-4.-Glanzleder-JockStrap-dehnbar-schwarz-L-side-Wojoer.jpg","contentUrl":"https:\/\/www.wojoer.de\/wp-content\/uploads\/2024\/02\/0102-J001-0D-00-06-4.-Glanzleder-JockStrap-dehnbar-schwarz-L-side-Wojoer.jpg","width":2002,"height":2002},{"@type":"BreadcrumbList","@id":"https:\/\/www.wojoer.de\/en\/produkt\/glanzleder-jock-strap\/#breadcrumb","itemListElement":[{"@type":"ListItem","position":1,"name":"Startseite","item":"https:\/\/www.wojoer.de\/"},{"@type":"ListItem","position":2,"name":"SHOP","item":"https:\/\/www.wojoer.de\/shop\/"},{"@type":"ListItem","position":3,"name":"Glanzleder Jock Strap"}]},{"@type":"WebSite","@id":"https:\/\/www.wojoer.de\/#website","url":"https:\/\/www.wojoer.de\/","name":"WOJOER","description":"clubwear for men","publisher":{"@id":"https:\/\/www.wojoer.de\/#organization"},"potentialAction":[{"@type":"SearchAction","target":{"@type":"EntryPoint","urlTemplate":"https:\/\/www.wojoer.de\/?s={search_term_string}"},"query-input":{"@type":"PropertyValueSpecification","valueRequired":true,"valueName":"search_term_string"}}],"inLanguage":"en-GB"},{"@type":"Organization","@id":"https:\/\/www.wojoer.de\/#organization","name":"Wonneberger-Manufaktur","url":"https:\/\/www.wojoer.de\/","logo":{"@type":"ImageObject","inLanguage":"en-GB","@id":"https:\/\/www.wojoer.de\/#\/schema\/logo\/image\/","url":"https:\/\/www.wojoer.de\/wp-content\/uploads\/2016\/11\/wonnebergermanufaktur_logo_BUTTON.png","contentUrl":"https:\/\/www.wojoer.de\/wp-content\/uploads\/2016\/11\/wonnebergermanufaktur_logo_BUTTON.png","width":765,"height":765,"caption":"Wonneberger-Manufaktur"},"image":{"@id":"https:\/\/www.wojoer.de\/#\/schema\/logo\/image\/"},"sameAs":["https:\/\/www.facebook.com\/wojoer\/","https:\/\/de.pinterest.com\/W0J0ER\/"]}]}},"_links":{"self":[{"href":"https:\/\/www.wojoer.de\/en\/wp-json\/wp\/v2\/product\/42701","targetHints":{"allow":["GET"]}}],"collection":[{"href":"https:\/\/www.wojoer.de\/en\/wp-json\/wp\/v2\/product"}],"about":[{"href":"https:\/\/www.wojoer.de\/en\/wp-json\/wp\/v2\/types\/product"}],"replies":[{"embeddable":true,"href":"https:\/\/www.wojoer.de\/en\/wp-json\/wp\/v2\/comments?post=42701"}],"wp:featuredmedia":[{"embeddable":true,"href":"https:\/\/www.wojoer.de\/en\/wp-json\/wp\/v2\/media\/42413"}],"wp:attachment":[{"href":"https:\/\/www.wojoer.de\/en\/wp-json\/wp\/v2\/media?parent=42701"}],"wp:term":[{"taxonomy":"product_brand","embeddable":true,"href":"https:\/\/www.wojoer.de\/en\/wp-json\/wp\/v2\/product_brand?post=42701"},{"taxonomy":"product_cat","embeddable":true,"href":"https:\/\/www.wojoer.de\/en\/wp-json\/wp\/v2\/product_cat?post=42701"},{"taxonomy":"product_tag","embeddable":true,"href":"https:\/\/www.wojoer.de\/en\/wp-json\/wp\/v2\/product_tag?post=42701"}],"curies":[{"name":"wp","href":"https:\/\/api.w.org\/{rel}","templated":true}]}}