{"id":42708,"date":"2024-02-20T08:46:35","date_gmt":"2024-02-20T07:46:35","guid":{"rendered":"https:\/\/www.wojoer.de\/?post_type=product&#038;p=42708"},"modified":"2025-08-25T19:29:10","modified_gmt":"2025-08-25T17:29:10","slug":"lack-hipster","status":"publish","type":"product","link":"https:\/\/www.wojoer.de\/en\/produkt\/lack-hipster\/","title":{"rendered":"Lack Hipster"},"content":{"rendered":"<p>Dieser gl\u00e4nzende MiniPush String aus feinem Lack geh\u00f6rt in die Kategorie &#8220;LIVE&#8221;-Produkte. Produktion nur auf Bestellung.<\/p>\n<h3>Gr\u00f6\u00dfen<\/h3>\n<p>Erh\u00e4ltlich in den Gr\u00f6\u00dfen S, M, L, XL<\/p>\n<h3>Materialzusammensetzung<\/h3>\n<p>Leatherlike: 49 % Polyurethan 47 % Polyester 4 % Elasthan<\/p>\n<h3>Besonderheiten<\/h3>\n<p><a href=\"http:\/\/www.wojoer.de\/?s=live&#038;post_type=product\">LIVE Produkt<\/a> | glossy String | schwarz | angenehm elastisch | Hebefunktion | hochwertige Verarbeitung &#8220;Made in Germany&#8221;<\/p>\n<h3>Benutzerhinweise<\/h3>\n<p>Handw\u00e4sche<\/p>\n<h3>MiniPush STRING &#8211; glossy Lack String<\/h3>\n<p>Aufregend, gef\u00e4hrlich und PUR &#8211; geh auf Tuchf\u00fchlung, tanze eng, lass fremde H\u00e4nde in deine Hose gleiten und dein Partner wird deine pure M\u00e4nnlichkeit sp\u00fcren bis es kein Halten mehr gibt und ihr verschwinden m\u00fcsst. Vielleicht in die Besenkammer, die Umkleide, auf die Toilette!? Oder doch am Strand, gleich neben der hippen Beachparty? Hier ist kein Klischee zu kitschig! Aufregend hei\u00df und perfekt f\u00fcr den abenteuerlichen, hei\u00dfen Quickie zwischendurch ist dieser String daf\u00fcr geschaffen, dein Sexleben auf dem h\u00f6chsten Level zu halten! Rein ins Vergn\u00fcgen.<\/p>\n","protected":false},"excerpt":{"rendered":"<p>Dieser gl\u00e4nzende Hipster 0101-P704-0M-00- aus feinem Lack geh\u00f6rt in die Kategorie &#8220;LIVE&#8221;-Produkte. Produktion nur auf Bestellung.<br \/>\nGr\u00f6\u00dfen<br \/>\nS, M, L, XL, XXL<br \/>\nMaterialzusammensetzung<br \/>\nLeatherlike: 49 % Polyurethan 47 % Polyester 4 % Elasthan<br \/>\nBesonderheiten<br \/>\nLIVE Produkt | glossy Hipster | schwarz | angenehm elastisch | Hebefunktion\u2026<\/p>\n","protected":false},"featured_media":42358,"comment_status":"open","ping_status":"closed","template":"","meta":[],"product_brand":[],"product_cat":[854,116,114,169,473,326],"product_tag":[560,102,294,194],"class_list":{"0":"post-42708","1":"product","2":"type-product","3":"status-publish","4":"has-post-thumbnail","6":"product_cat-365-wetleather","7":"product_cat-clubwear","8":"product_cat-fetisch","9":"product_cat-nos-never-out-of-stock","10":"product_cat-men","11":"product_cat-wojoer","12":"product_tag-glaenzend","13":"product_tag-hipster","14":"product_tag-lack","15":"product_tag-leatherlike","16":"product_shipping_class-beun","17":"pa_groesse-l","18":"pa_groesse-m","19":"pa_groesse-s","20":"pa_groesse-xl","21":"pa_groesse-xxl","22":"pif-has-gallery","23":"post-1","24":"odd","26":"first","27":"onbackorder","28":"taxable","29":"shipping-taxable","30":"purchasable","31":"product-type-variable"},"yoast_head":"<!-- This site is optimized with the Yoast SEO plugin v27.2 - https:\/\/yoast.com\/product\/yoast-seo-wordpress\/ -->\n<title>Hipster | schwarz gl\u00e4nzend | Hebefunktion | Lack | WOJOER<\/title>\n<meta name=\"description\" content=\"Hipster - perfekt f\u00fcr den hei\u00dfen Quickie zwischendurch. Egal wann, (fast) egal wo- Jetzt versandkostenfrei bestellen bei WOJOER!\" \/>\n<meta name=\"robots\" content=\"index, follow, max-snippet:-1, max-image-preview:large, max-video-preview:-1\" \/>\n<link rel=\"canonical\" href=\"https:\/\/www.wojoer.de\/en\/produkt\/lack-hipster\/\" \/>\n<meta name=\"twitter:card\" content=\"summary_large_image\" \/>\n<meta name=\"twitter:title\" content=\"Hipster | schwarz gl\u00e4nzend | Hebefunktion | Lack | WOJOER\" \/>\n<meta name=\"twitter:description\" content=\"Hipster - perfekt f\u00fcr den hei\u00dfen Quickie zwischendurch. Egal wann, (fast) egal wo- Jetzt versandkostenfrei bestellen bei WOJOER!\" \/>\n<meta name=\"twitter:image\" content=\"https:\/\/www.wojoer.de\/wp-content\/uploads\/2024\/02\/0101-P704-0M-00-1._Lack_Hipster_side_wojoer.jpg\" \/>\n<meta name=\"twitter:label1\" content=\"Estimated reading time\" \/>\n\t<meta name=\"twitter:data1\" content=\"1 minute\" \/>\n<script type=\"application\/ld+json\" class=\"yoast-schema-graph\">{\"@context\":\"https:\/\/schema.org\",\"@graph\":[{\"@type\":\"WebPage\",\"@id\":\"https:\/\/www.wojoer.de\/produkt\/lack-hipster\/\",\"url\":\"https:\/\/www.wojoer.de\/produkt\/lack-hipster\/\",\"name\":\"Hipster | schwarz gl\u00e4nzend | Hebefunktion | Lack | WOJOER\",\"isPartOf\":{\"@id\":\"https:\/\/www.wojoer.de\/#website\"},\"primaryImageOfPage\":{\"@id\":\"https:\/\/www.wojoer.de\/produkt\/lack-hipster\/#primaryimage\"},\"image\":{\"@id\":\"https:\/\/www.wojoer.de\/produkt\/lack-hipster\/#primaryimage\"},\"thumbnailUrl\":\"https:\/\/www.wojoer.de\/wp-content\/uploads\/2024\/02\/0101-P704-0M-00-1._Lack_Hipster_side_wojoer.jpg\",\"datePublished\":\"2024-02-20T07:46:35+00:00\",\"dateModified\":\"2025-08-25T17:29:10+00:00\",\"description\":\"Hipster - perfekt f\u00fcr den hei\u00dfen Quickie zwischendurch. Egal wann, (fast) egal wo- Jetzt versandkostenfrei bestellen bei WOJOER!\",\"breadcrumb\":{\"@id\":\"https:\/\/www.wojoer.de\/produkt\/lack-hipster\/#breadcrumb\"},\"inLanguage\":\"en-GB\",\"potentialAction\":[{\"@type\":\"ReadAction\",\"target\":[\"https:\/\/www.wojoer.de\/produkt\/lack-hipster\/\"]}]},{\"@type\":\"ImageObject\",\"inLanguage\":\"en-GB\",\"@id\":\"https:\/\/www.wojoer.de\/produkt\/lack-hipster\/#primaryimage\",\"url\":\"https:\/\/www.wojoer.de\/wp-content\/uploads\/2024\/02\/0101-P704-0M-00-1._Lack_Hipster_side_wojoer.jpg\",\"contentUrl\":\"https:\/\/www.wojoer.de\/wp-content\/uploads\/2024\/02\/0101-P704-0M-00-1._Lack_Hipster_side_wojoer.jpg\",\"width\":2002,\"height\":2002},{\"@type\":\"BreadcrumbList\",\"@id\":\"https:\/\/www.wojoer.de\/produkt\/lack-hipster\/#breadcrumb\",\"itemListElement\":[{\"@type\":\"ListItem\",\"position\":1,\"name\":\"Startseite\",\"item\":\"https:\/\/www.wojoer.de\/\"},{\"@type\":\"ListItem\",\"position\":2,\"name\":\"SHOP\",\"item\":\"https:\/\/www.wojoer.de\/shop\/\"},{\"@type\":\"ListItem\",\"position\":3,\"name\":\"Lack Hipster\"}]},{\"@type\":\"WebSite\",\"@id\":\"https:\/\/www.wojoer.de\/#website\",\"url\":\"https:\/\/www.wojoer.de\/\",\"name\":\"WOJOER\",\"description\":\"clubwear for men\",\"publisher\":{\"@id\":\"https:\/\/www.wojoer.de\/#organization\"},\"potentialAction\":[{\"@type\":\"SearchAction\",\"target\":{\"@type\":\"EntryPoint\",\"urlTemplate\":\"https:\/\/www.wojoer.de\/?s={search_term_string}\"},\"query-input\":{\"@type\":\"PropertyValueSpecification\",\"valueRequired\":true,\"valueName\":\"search_term_string\"}}],\"inLanguage\":\"en-GB\"},{\"@type\":\"Organization\",\"@id\":\"https:\/\/www.wojoer.de\/#organization\",\"name\":\"Wonneberger-Manufaktur\",\"url\":\"https:\/\/www.wojoer.de\/\",\"logo\":{\"@type\":\"ImageObject\",\"inLanguage\":\"en-GB\",\"@id\":\"https:\/\/www.wojoer.de\/#\/schema\/logo\/image\/\",\"url\":\"https:\/\/www.wojoer.de\/wp-content\/uploads\/2016\/11\/wonnebergermanufaktur_logo_BUTTON.png\",\"contentUrl\":\"https:\/\/www.wojoer.de\/wp-content\/uploads\/2016\/11\/wonnebergermanufaktur_logo_BUTTON.png\",\"width\":765,\"height\":765,\"caption\":\"Wonneberger-Manufaktur\"},\"image\":{\"@id\":\"https:\/\/www.wojoer.de\/#\/schema\/logo\/image\/\"},\"sameAs\":[\"https:\/\/www.facebook.com\/wojoer\/\",\"https:\/\/de.pinterest.com\/W0J0ER\/\"]}]}<\/script>\n<!-- \/ Yoast SEO plugin. -->","yoast_head_json":{"title":"Hipster | schwarz gl\u00e4nzend | Hebefunktion | Lack | WOJOER","description":"Hipster - perfekt f\u00fcr den hei\u00dfen Quickie zwischendurch. Egal wann, (fast) egal wo- Jetzt versandkostenfrei bestellen bei WOJOER!","robots":{"index":"index","follow":"follow","max-snippet":"max-snippet:-1","max-image-preview":"max-image-preview:large","max-video-preview":"max-video-preview:-1"},"canonical":"https:\/\/www.wojoer.de\/en\/produkt\/lack-hipster\/","twitter_card":"summary_large_image","twitter_title":"Hipster | schwarz gl\u00e4nzend | Hebefunktion | Lack | WOJOER","twitter_description":"Hipster - perfekt f\u00fcr den hei\u00dfen Quickie zwischendurch. Egal wann, (fast) egal wo- Jetzt versandkostenfrei bestellen bei WOJOER!","twitter_image":"https:\/\/www.wojoer.de\/wp-content\/uploads\/2024\/02\/0101-P704-0M-00-1._Lack_Hipster_side_wojoer.jpg","twitter_misc":{"Estimated reading time":"1 minute"},"schema":{"@context":"https:\/\/schema.org","@graph":[{"@type":"WebPage","@id":"https:\/\/www.wojoer.de\/produkt\/lack-hipster\/","url":"https:\/\/www.wojoer.de\/produkt\/lack-hipster\/","name":"Hipster | schwarz gl\u00e4nzend | Hebefunktion | Lack | WOJOER","isPartOf":{"@id":"https:\/\/www.wojoer.de\/#website"},"primaryImageOfPage":{"@id":"https:\/\/www.wojoer.de\/produkt\/lack-hipster\/#primaryimage"},"image":{"@id":"https:\/\/www.wojoer.de\/produkt\/lack-hipster\/#primaryimage"},"thumbnailUrl":"https:\/\/www.wojoer.de\/wp-content\/uploads\/2024\/02\/0101-P704-0M-00-1._Lack_Hipster_side_wojoer.jpg","datePublished":"2024-02-20T07:46:35+00:00","dateModified":"2025-08-25T17:29:10+00:00","description":"Hipster - perfekt f\u00fcr den hei\u00dfen Quickie zwischendurch. Egal wann, (fast) egal wo- Jetzt versandkostenfrei bestellen bei WOJOER!","breadcrumb":{"@id":"https:\/\/www.wojoer.de\/produkt\/lack-hipster\/#breadcrumb"},"inLanguage":"en-GB","potentialAction":[{"@type":"ReadAction","target":["https:\/\/www.wojoer.de\/produkt\/lack-hipster\/"]}]},{"@type":"ImageObject","inLanguage":"en-GB","@id":"https:\/\/www.wojoer.de\/produkt\/lack-hipster\/#primaryimage","url":"https:\/\/www.wojoer.de\/wp-content\/uploads\/2024\/02\/0101-P704-0M-00-1._Lack_Hipster_side_wojoer.jpg","contentUrl":"https:\/\/www.wojoer.de\/wp-content\/uploads\/2024\/02\/0101-P704-0M-00-1._Lack_Hipster_side_wojoer.jpg","width":2002,"height":2002},{"@type":"BreadcrumbList","@id":"https:\/\/www.wojoer.de\/produkt\/lack-hipster\/#breadcrumb","itemListElement":[{"@type":"ListItem","position":1,"name":"Startseite","item":"https:\/\/www.wojoer.de\/"},{"@type":"ListItem","position":2,"name":"SHOP","item":"https:\/\/www.wojoer.de\/shop\/"},{"@type":"ListItem","position":3,"name":"Lack Hipster"}]},{"@type":"WebSite","@id":"https:\/\/www.wojoer.de\/#website","url":"https:\/\/www.wojoer.de\/","name":"WOJOER","description":"clubwear for men","publisher":{"@id":"https:\/\/www.wojoer.de\/#organization"},"potentialAction":[{"@type":"SearchAction","target":{"@type":"EntryPoint","urlTemplate":"https:\/\/www.wojoer.de\/?s={search_term_string}"},"query-input":{"@type":"PropertyValueSpecification","valueRequired":true,"valueName":"search_term_string"}}],"inLanguage":"en-GB"},{"@type":"Organization","@id":"https:\/\/www.wojoer.de\/#organization","name":"Wonneberger-Manufaktur","url":"https:\/\/www.wojoer.de\/","logo":{"@type":"ImageObject","inLanguage":"en-GB","@id":"https:\/\/www.wojoer.de\/#\/schema\/logo\/image\/","url":"https:\/\/www.wojoer.de\/wp-content\/uploads\/2016\/11\/wonnebergermanufaktur_logo_BUTTON.png","contentUrl":"https:\/\/www.wojoer.de\/wp-content\/uploads\/2016\/11\/wonnebergermanufaktur_logo_BUTTON.png","width":765,"height":765,"caption":"Wonneberger-Manufaktur"},"image":{"@id":"https:\/\/www.wojoer.de\/#\/schema\/logo\/image\/"},"sameAs":["https:\/\/www.facebook.com\/wojoer\/","https:\/\/de.pinterest.com\/W0J0ER\/"]}]}},"_links":{"self":[{"href":"https:\/\/www.wojoer.de\/en\/wp-json\/wp\/v2\/product\/42708","targetHints":{"allow":["GET"]}}],"collection":[{"href":"https:\/\/www.wojoer.de\/en\/wp-json\/wp\/v2\/product"}],"about":[{"href":"https:\/\/www.wojoer.de\/en\/wp-json\/wp\/v2\/types\/product"}],"replies":[{"embeddable":true,"href":"https:\/\/www.wojoer.de\/en\/wp-json\/wp\/v2\/comments?post=42708"}],"wp:featuredmedia":[{"embeddable":true,"href":"https:\/\/www.wojoer.de\/en\/wp-json\/wp\/v2\/media\/42358"}],"wp:attachment":[{"href":"https:\/\/www.wojoer.de\/en\/wp-json\/wp\/v2\/media?parent=42708"}],"wp:term":[{"taxonomy":"product_brand","embeddable":true,"href":"https:\/\/www.wojoer.de\/en\/wp-json\/wp\/v2\/product_brand?post=42708"},{"taxonomy":"product_cat","embeddable":true,"href":"https:\/\/www.wojoer.de\/en\/wp-json\/wp\/v2\/product_cat?post=42708"},{"taxonomy":"product_tag","embeddable":true,"href":"https:\/\/www.wojoer.de\/en\/wp-json\/wp\/v2\/product_tag?post=42708"}],"curies":[{"name":"wp","href":"https:\/\/api.w.org\/{rel}","templated":true}]}}