{"id":4294,"date":"2017-03-27T14:25:54","date_gmt":"2017-03-27T12:25:54","guid":{"rendered":"http:\/\/www.wojoer.de\/produkt\/kunstleder-netz-body\/"},"modified":"2024-06-28T18:02:03","modified_gmt":"2024-06-28T16:02:03","slug":"gitternetz-kunstleder-netz-body","status":"publish","type":"product","link":"https:\/\/www.wojoer.de\/en\/produkt\/gitternetz-kunstleder-netz-body\/","title":{"rendered":"Black Joker Leatherlike Netz Body"},"content":{"rendered":"<p>Der Powernet Body 318A1 geh\u00f6rt zu den Wojoer LIVE-Produkten. Sie werden ab Bestellung bei uns produziert. So k\u00f6nnen wir auf Kundenw\u00fcnsche individuell eingehen.<\/p>\n<h3>Gr\u00f6\u00dfen<\/h3>\n<p>Erh\u00e4ltlich in den Gr\u00f6\u00dfen S, M, L, XL, XXL<\/p>\n<h3>Materialzusammensetzung<\/h3>\n<p>Lederimitat: 94% Polyester und 6% Elasthan<\/p>\n<p>Powernet: 92% Polyester und 8% Elasthan<\/p>\n<h3>Besonderheiten<\/h3>\n<p><a href=\"http:\/\/www.wojoer.de\/?s=LIVE&#038;post_type=product\">LIVE-Produkt<\/a> | elegant kontrastvolle Oberfl\u00e4chenoptik aus Netz und Kunstleder |\u00a0<a href=\"http:\/\/www.wojoer.de\/produkt-schlagwort\/ganzk\u00f6rpernazug\/\">Ganzk\u00f6rperanzug<\/a> | muskul\u00f6se Silhouettenformung | haut enge Passform\u00a0 | besonders lange Bein- und Arml\u00e4nge | Zweischlitten-Rei\u00dfverschluss mit Untertritt | hochwertige Verarbeitung &#8220;Made in Germany&#8221;<\/p>\n<h3>Benutzerhinweise<\/h3>\n<p>Handw\u00e4sche | nicht zusammengelegt lagern | auf B\u00fcgel mit breiten Schultern h\u00e4ngen<\/p>\n<h3>POWERNET und LETHERLIKE &#8211; gef\u00e4hrlich hei\u00dfer special body suit<\/h3>\n<p>Superheld war gestern. Jetzt kommst Du! Der gef\u00e4hrlich erotische Body suit von WOJOER lenkt nicht nur die Blicke auf sich, er fesselt sie. Geschickt muskul\u00f6s formt er optisch den K\u00f6rper mit einem gekonnten Zusammenspiel zwischen dem verf\u00fchrerisch transparenten, anschmiegsamen Powernet und dem lasziv matten, dehnbaren Letherlike. Die Linienf\u00fchrung verf\u00fchren die Blicke deiner Beobachter und entf\u00fchrt sie in eine Reise entlang deiner empfinlichsten K\u00f6rperregionen. Ohne eine st\u00f6hrende Ponaht und mit weit ausgeschnittenem Netzr\u00fcckenteil ist die R\u00fcckansicht einzigartig elegant und heroisch. Von vorn lockt das Highlight des Doppelten Rei\u00dfverschlusses mit Untertritt, der viel Spielraum f\u00fcr Fantasie von Kopf bis Lenden bietet.<\/p>\n<p>Der Body sitzt angenehm und ist erstaunlich dehnbar. Also genau auf die Gr\u00f6\u00dfentabelle achten und lieber eine Nummer kleiner w\u00e4hlen.<\/p>\n","protected":false},"excerpt":{"rendered":"<p>Der Powernet Body 318A1 geh\u00f6rt zu den Wojoer LIVE-Produkten. Sie werden ab Bestellung bei uns produziert. So k\u00f6nnen wir auf Kundenw\u00fcnsche individuell eingehen.<br \/>\nGr\u00f6\u00dfen<br \/>\nErh\u00e4ltlich in den Gr\u00f6\u00dfen S, M, L, XL, XXL<br \/>\nMaterialzusammensetzung<br \/>\nLederimitat: 94% Polyester und 6% Elasthan<\/p>\n<p>Powernet: 92% Polyester und 8%\u2026<\/p>\n","protected":false},"featured_media":4301,"comment_status":"open","ping_status":"closed","template":"","meta":[],"product_brand":[],"product_cat":[116,114,473,195,326],"product_tag":[186,394,250,194,246,368,189],"class_list":{"0":"post-4294","1":"product","2":"type-product","3":"status-publish","4":"has-post-thumbnail","6":"product_cat-clubwear","7":"product_cat-fetisch","8":"product_cat-men","9":"product_cat-produktion-auf-bestellung-liveproduktion","10":"product_cat-wojoer","11":"product_tag-body","12":"product_tag-bodysuit","13":"product_tag-funktion","14":"product_tag-leatherlike","15":"product_tag-netz","16":"product_tag-quick-fun-action","17":"product_tag-reissverschluss","18":"product_shipping_class-beun","19":"pa_groesse-l","20":"pa_groesse-m","21":"pa_groesse-s","22":"pa_groesse-xl","23":"pa_groesse-xxl","24":"pif-has-gallery","25":"post-1","26":"odd","28":"first","29":"instock","30":"taxable","31":"shipping-taxable","32":"purchasable","33":"product-type-variable","34":"has-default-attributes"},"yoast_head":"<!-- This site is optimized with the Yoast SEO plugin v27.2 - https:\/\/yoast.com\/product\/yoast-seo-wordpress\/ -->\n<title>Body Suit, Ganzk\u00f6rperanzug, Netz und Letherlike | WOJOER<\/title>\n<meta name=\"description\" content=\"Der gef\u00e4hrlich erotische Body Suit lenkt nicht nur die Blicke auf sich, er fesselt sie. Highlight ist der Doppelte Rei\u00dfverschlusses mit Untertritt\" \/>\n<meta name=\"robots\" content=\"index, follow, max-snippet:-1, max-image-preview:large, max-video-preview:-1\" \/>\n<link rel=\"canonical\" href=\"https:\/\/www.wojoer.de\/en\/produkt\/gitternetz-kunstleder-netz-body\/\" \/>\n<meta name=\"twitter:card\" content=\"summary_large_image\" \/>\n<meta name=\"twitter:title\" content=\"Body Suit, Ganzk\u00f6rperanzug, Netz und Letherlike | WOJOER\" \/>\n<meta name=\"twitter:description\" content=\"Der gef\u00e4hrlich erotische Body Suit lenkt nicht nur die Blicke auf sich, er fesselt sie. Highlight ist der Doppelte Rei\u00dfverschlusses mit Untertritt\" \/>\n<meta name=\"twitter:image\" content=\"https:\/\/www.wojoer.de\/wp-content\/uploads\/2017\/03\/318A1_body_side_wojoer.jpg\" \/>\n<meta name=\"twitter:label1\" content=\"Estimated reading time\" \/>\n\t<meta name=\"twitter:data1\" content=\"2 minutes\" \/>\n<script type=\"application\/ld+json\" class=\"yoast-schema-graph\">{\"@context\":\"https:\/\/schema.org\",\"@graph\":[{\"@type\":\"WebPage\",\"@id\":\"https:\/\/www.wojoer.de\/produkt\/gitternetz-kunstleder-netz-body\/\",\"url\":\"https:\/\/www.wojoer.de\/produkt\/gitternetz-kunstleder-netz-body\/\",\"name\":\"Body Suit, Ganzk\u00f6rperanzug, Netz und Letherlike | WOJOER\",\"isPartOf\":{\"@id\":\"https:\/\/www.wojoer.de\/#website\"},\"primaryImageOfPage\":{\"@id\":\"https:\/\/www.wojoer.de\/produkt\/gitternetz-kunstleder-netz-body\/#primaryimage\"},\"image\":{\"@id\":\"https:\/\/www.wojoer.de\/produkt\/gitternetz-kunstleder-netz-body\/#primaryimage\"},\"thumbnailUrl\":\"https:\/\/www.wojoer.de\/wp-content\/uploads\/2017\/03\/318A1_body_side_wojoer.jpg\",\"datePublished\":\"2017-03-27T12:25:54+00:00\",\"dateModified\":\"2024-06-28T16:02:03+00:00\",\"description\":\"Der gef\u00e4hrlich erotische Body Suit lenkt nicht nur die Blicke auf sich, er fesselt sie. Highlight ist der Doppelte Rei\u00dfverschlusses mit Untertritt\",\"breadcrumb\":{\"@id\":\"https:\/\/www.wojoer.de\/produkt\/gitternetz-kunstleder-netz-body\/#breadcrumb\"},\"inLanguage\":\"en-GB\",\"potentialAction\":[{\"@type\":\"ReadAction\",\"target\":[\"https:\/\/www.wojoer.de\/produkt\/gitternetz-kunstleder-netz-body\/\"]}]},{\"@type\":\"ImageObject\",\"inLanguage\":\"en-GB\",\"@id\":\"https:\/\/www.wojoer.de\/produkt\/gitternetz-kunstleder-netz-body\/#primaryimage\",\"url\":\"https:\/\/www.wojoer.de\/wp-content\/uploads\/2017\/03\/318A1_body_side_wojoer.jpg\",\"contentUrl\":\"https:\/\/www.wojoer.de\/wp-content\/uploads\/2017\/03\/318A1_body_side_wojoer.jpg\",\"width\":2002,\"height\":2002,\"caption\":\"Superheld war gestern. Jetzt kommst Du! Der gef\u00e4hrlich erotische Bodysuit von WOJOER lenkt nicht nur die Blicke auf sich, er fesselt sie. Geschickt formt er optisch den K\u00f6rper mit einem gekonnten Zusammenspiel zwischen dem verf\u00fchrerisch transparenten, anschmiegsamen Powernet und dem lasziv matten, dehnbaren Letherlike. Highlight ist der Doppelte Rei\u00dfverschluss mit Untertritt, der viel Spielraum f\u00fcr Fantasie von Kopf bis Lenden bietet. WOJOER Bodysuit, Ganzk\u00f6rper Anzug, Suit, Body, Netz, Powernet, Lederimmitat, Letherlike, schwarzer Anzug, Heldenanzug, Hero suit\"},{\"@type\":\"BreadcrumbList\",\"@id\":\"https:\/\/www.wojoer.de\/produkt\/gitternetz-kunstleder-netz-body\/#breadcrumb\",\"itemListElement\":[{\"@type\":\"ListItem\",\"position\":1,\"name\":\"Startseite\",\"item\":\"https:\/\/www.wojoer.de\/\"},{\"@type\":\"ListItem\",\"position\":2,\"name\":\"SHOP\",\"item\":\"https:\/\/www.wojoer.de\/shop\/\"},{\"@type\":\"ListItem\",\"position\":3,\"name\":\"Black Joker Leatherlike Netz Body\"}]},{\"@type\":\"WebSite\",\"@id\":\"https:\/\/www.wojoer.de\/#website\",\"url\":\"https:\/\/www.wojoer.de\/\",\"name\":\"WOJOER\",\"description\":\"clubwear for men\",\"publisher\":{\"@id\":\"https:\/\/www.wojoer.de\/#organization\"},\"potentialAction\":[{\"@type\":\"SearchAction\",\"target\":{\"@type\":\"EntryPoint\",\"urlTemplate\":\"https:\/\/www.wojoer.de\/?s={search_term_string}\"},\"query-input\":{\"@type\":\"PropertyValueSpecification\",\"valueRequired\":true,\"valueName\":\"search_term_string\"}}],\"inLanguage\":\"en-GB\"},{\"@type\":\"Organization\",\"@id\":\"https:\/\/www.wojoer.de\/#organization\",\"name\":\"Wonneberger-Manufaktur\",\"url\":\"https:\/\/www.wojoer.de\/\",\"logo\":{\"@type\":\"ImageObject\",\"inLanguage\":\"en-GB\",\"@id\":\"https:\/\/www.wojoer.de\/#\/schema\/logo\/image\/\",\"url\":\"https:\/\/www.wojoer.de\/wp-content\/uploads\/2016\/11\/wonnebergermanufaktur_logo_BUTTON.png\",\"contentUrl\":\"https:\/\/www.wojoer.de\/wp-content\/uploads\/2016\/11\/wonnebergermanufaktur_logo_BUTTON.png\",\"width\":765,\"height\":765,\"caption\":\"Wonneberger-Manufaktur\"},\"image\":{\"@id\":\"https:\/\/www.wojoer.de\/#\/schema\/logo\/image\/\"},\"sameAs\":[\"https:\/\/www.facebook.com\/wojoer\/\",\"https:\/\/de.pinterest.com\/W0J0ER\/\"]}]}<\/script>\n<!-- \/ Yoast SEO plugin. -->","yoast_head_json":{"title":"Body Suit, Ganzk\u00f6rperanzug, Netz und Letherlike | WOJOER","description":"Der gef\u00e4hrlich erotische Body Suit lenkt nicht nur die Blicke auf sich, er fesselt sie. Highlight ist der Doppelte Rei\u00dfverschlusses mit Untertritt","robots":{"index":"index","follow":"follow","max-snippet":"max-snippet:-1","max-image-preview":"max-image-preview:large","max-video-preview":"max-video-preview:-1"},"canonical":"https:\/\/www.wojoer.de\/en\/produkt\/gitternetz-kunstleder-netz-body\/","twitter_card":"summary_large_image","twitter_title":"Body Suit, Ganzk\u00f6rperanzug, Netz und Letherlike | WOJOER","twitter_description":"Der gef\u00e4hrlich erotische Body Suit lenkt nicht nur die Blicke auf sich, er fesselt sie. Highlight ist der Doppelte Rei\u00dfverschlusses mit Untertritt","twitter_image":"https:\/\/www.wojoer.de\/wp-content\/uploads\/2017\/03\/318A1_body_side_wojoer.jpg","twitter_misc":{"Estimated reading time":"2 minutes"},"schema":{"@context":"https:\/\/schema.org","@graph":[{"@type":"WebPage","@id":"https:\/\/www.wojoer.de\/produkt\/gitternetz-kunstleder-netz-body\/","url":"https:\/\/www.wojoer.de\/produkt\/gitternetz-kunstleder-netz-body\/","name":"Body Suit, Ganzk\u00f6rperanzug, Netz und Letherlike | WOJOER","isPartOf":{"@id":"https:\/\/www.wojoer.de\/#website"},"primaryImageOfPage":{"@id":"https:\/\/www.wojoer.de\/produkt\/gitternetz-kunstleder-netz-body\/#primaryimage"},"image":{"@id":"https:\/\/www.wojoer.de\/produkt\/gitternetz-kunstleder-netz-body\/#primaryimage"},"thumbnailUrl":"https:\/\/www.wojoer.de\/wp-content\/uploads\/2017\/03\/318A1_body_side_wojoer.jpg","datePublished":"2017-03-27T12:25:54+00:00","dateModified":"2024-06-28T16:02:03+00:00","description":"Der gef\u00e4hrlich erotische Body Suit lenkt nicht nur die Blicke auf sich, er fesselt sie. Highlight ist der Doppelte Rei\u00dfverschlusses mit Untertritt","breadcrumb":{"@id":"https:\/\/www.wojoer.de\/produkt\/gitternetz-kunstleder-netz-body\/#breadcrumb"},"inLanguage":"en-GB","potentialAction":[{"@type":"ReadAction","target":["https:\/\/www.wojoer.de\/produkt\/gitternetz-kunstleder-netz-body\/"]}]},{"@type":"ImageObject","inLanguage":"en-GB","@id":"https:\/\/www.wojoer.de\/produkt\/gitternetz-kunstleder-netz-body\/#primaryimage","url":"https:\/\/www.wojoer.de\/wp-content\/uploads\/2017\/03\/318A1_body_side_wojoer.jpg","contentUrl":"https:\/\/www.wojoer.de\/wp-content\/uploads\/2017\/03\/318A1_body_side_wojoer.jpg","width":2002,"height":2002,"caption":"Superheld war gestern. Jetzt kommst Du! Der gef\u00e4hrlich erotische Bodysuit von WOJOER lenkt nicht nur die Blicke auf sich, er fesselt sie. Geschickt formt er optisch den K\u00f6rper mit einem gekonnten Zusammenspiel zwischen dem verf\u00fchrerisch transparenten, anschmiegsamen Powernet und dem lasziv matten, dehnbaren Letherlike. Highlight ist der Doppelte Rei\u00dfverschluss mit Untertritt, der viel Spielraum f\u00fcr Fantasie von Kopf bis Lenden bietet. WOJOER Bodysuit, Ganzk\u00f6rper Anzug, Suit, Body, Netz, Powernet, Lederimmitat, Letherlike, schwarzer Anzug, Heldenanzug, Hero suit"},{"@type":"BreadcrumbList","@id":"https:\/\/www.wojoer.de\/produkt\/gitternetz-kunstleder-netz-body\/#breadcrumb","itemListElement":[{"@type":"ListItem","position":1,"name":"Startseite","item":"https:\/\/www.wojoer.de\/"},{"@type":"ListItem","position":2,"name":"SHOP","item":"https:\/\/www.wojoer.de\/shop\/"},{"@type":"ListItem","position":3,"name":"Black Joker Leatherlike Netz Body"}]},{"@type":"WebSite","@id":"https:\/\/www.wojoer.de\/#website","url":"https:\/\/www.wojoer.de\/","name":"WOJOER","description":"clubwear for men","publisher":{"@id":"https:\/\/www.wojoer.de\/#organization"},"potentialAction":[{"@type":"SearchAction","target":{"@type":"EntryPoint","urlTemplate":"https:\/\/www.wojoer.de\/?s={search_term_string}"},"query-input":{"@type":"PropertyValueSpecification","valueRequired":true,"valueName":"search_term_string"}}],"inLanguage":"en-GB"},{"@type":"Organization","@id":"https:\/\/www.wojoer.de\/#organization","name":"Wonneberger-Manufaktur","url":"https:\/\/www.wojoer.de\/","logo":{"@type":"ImageObject","inLanguage":"en-GB","@id":"https:\/\/www.wojoer.de\/#\/schema\/logo\/image\/","url":"https:\/\/www.wojoer.de\/wp-content\/uploads\/2016\/11\/wonnebergermanufaktur_logo_BUTTON.png","contentUrl":"https:\/\/www.wojoer.de\/wp-content\/uploads\/2016\/11\/wonnebergermanufaktur_logo_BUTTON.png","width":765,"height":765,"caption":"Wonneberger-Manufaktur"},"image":{"@id":"https:\/\/www.wojoer.de\/#\/schema\/logo\/image\/"},"sameAs":["https:\/\/www.facebook.com\/wojoer\/","https:\/\/de.pinterest.com\/W0J0ER\/"]}]}},"_links":{"self":[{"href":"https:\/\/www.wojoer.de\/en\/wp-json\/wp\/v2\/product\/4294","targetHints":{"allow":["GET"]}}],"collection":[{"href":"https:\/\/www.wojoer.de\/en\/wp-json\/wp\/v2\/product"}],"about":[{"href":"https:\/\/www.wojoer.de\/en\/wp-json\/wp\/v2\/types\/product"}],"replies":[{"embeddable":true,"href":"https:\/\/www.wojoer.de\/en\/wp-json\/wp\/v2\/comments?post=4294"}],"wp:featuredmedia":[{"embeddable":true,"href":"https:\/\/www.wojoer.de\/en\/wp-json\/wp\/v2\/media\/4301"}],"wp:attachment":[{"href":"https:\/\/www.wojoer.de\/en\/wp-json\/wp\/v2\/media?parent=4294"}],"wp:term":[{"taxonomy":"product_brand","embeddable":true,"href":"https:\/\/www.wojoer.de\/en\/wp-json\/wp\/v2\/product_brand?post=4294"},{"taxonomy":"product_cat","embeddable":true,"href":"https:\/\/www.wojoer.de\/en\/wp-json\/wp\/v2\/product_cat?post=4294"},{"taxonomy":"product_tag","embeddable":true,"href":"https:\/\/www.wojoer.de\/en\/wp-json\/wp\/v2\/product_tag?post=4294"}],"curies":[{"name":"wp","href":"https:\/\/api.w.org\/{rel}","templated":true}]}}