{"id":43110,"date":"2025-11-30T08:37:30","date_gmt":"2025-11-30T07:37:30","guid":{"rendered":"https:\/\/www.wojoer.de\/?post_type=product&#038;p=43110"},"modified":"2026-01-21T10:27:43","modified_gmt":"2026-01-21T09:27:43","slug":"goldglitzer-micro-sock-string","status":"publish","type":"product","link":"https:\/\/www.wojoer.de\/en\/produkt\/goldglitzer-micro-sock-string\/","title":{"rendered":"Goldglitzer Micro Sock String"},"content":{"rendered":"<h3>Goldglitzer Goldstaub Micro Sock Thong<\/h3>\n<p>This super-soft, stretchy and fine micro fabric is absolutely amazing! It has an incredibly fine gold dust look on the outside of the material that you can&#8217;t feel, which makes it even more special. You&#8217;ve never experienced the incredible softness of this glitter fabric on your skin before! \ud83d\udc9b Sporty and elegant, our gold glitter collection is the perfect combination of style and sparkle! The gold glitter print is so eye-catching and adds an elegant touch. What&#8217;s more, the beautifully super tight and snug fit will make you look and feel so masculine, you&#8217;ll be the envy of all the ladies and boys! You&#8217;ll be thrilled to know that you&#8217;ll always feel held close and safe!<\/p>\n<h3>Gr\u00f6\u00dfen<\/h3>\n<p>Erh\u00e4ltlich in den Gr\u00f6\u00dfen S, M, L, XL<\/p>\n<h3>Materialzusammensetzung<\/h3>\n<p>93% Polyester | 7% Elasthan<\/p>\n<h3>Besonderheiten<\/h3>\n<p><a href=\"https:\/\/www.wojoer.de\/produkt-kategorie\/onlyforme\/\">ONLY FOR ME Produkt<\/a> | anschmiegsam | clubwear | underwear | suoer soft | angenehme Passform | hochwertige Verarbeitung &#8220;Made in Germany&#8221;<\/p>\n<h3>Benutzerhinweise<\/h3>\n<p>Handwash only<\/p>\n<p>&nbsp;<\/p>\n<p>&nbsp;<\/p>\n","protected":false},"excerpt":{"rendered":"<p>Dieser Goldglitzer Micro Sock String geh\u00f6rt in die Kategorie &#8220;ONLY FOR ME&#8221;-Produkte. Also schnell zugreifen, dieser String ist nur einer kleinen Auflage und nur hier in unserem Onlineshop vorhanden.<br \/>\nGr\u00f6\u00dfen<br \/>\nErh\u00e4ltlich in den Gr\u00f6\u00dfen S, M, L, XL<br \/>\nMaterialzusammensetzung<br \/>\n93% Polyester | 7% Elasthan<br \/>\nBesonderheiten<br \/>\nONLY\u2026<\/p>\n","protected":false},"featured_media":46731,"comment_status":"open","ping_status":"closed","template":"","meta":[],"product_brand":[],"product_cat":[115,116,473,270,195,326],"product_tag":[560,184,119],"class_list":{"0":"post-43110","1":"product","2":"type-product","3":"status-publish","4":"has-post-thumbnail","6":"product_cat-beachwear","7":"product_cat-clubwear","8":"product_cat-men","9":"product_cat-onlyforme","10":"product_cat-produktion-auf-bestellung-liveproduktion","11":"product_cat-wojoer","12":"product_tag-glaenzend","13":"product_tag-push-up","14":"product_tag-string","15":"product_shipping_class-beun","16":"pa_groesse-l","17":"pa_groesse-m","18":"pa_groesse-s","19":"pa_groesse-xl","20":"pif-has-gallery","21":"post-1","22":"odd","24":"first","25":"instock","26":"taxable","27":"shipping-taxable","28":"purchasable","29":"product-type-variable"},"yoast_head":"<!-- This site is optimized with the Yoast SEO plugin v27.2 - https:\/\/yoast.com\/product\/yoast-seo-wordpress\/ -->\n<title>Goldglitzer | Micro Sock String | Unterw\u00e4sche | Bademode | WOJOER<\/title>\n<meta name=\"description\" content=\"Goldglitzer Micro Sock String - elegant, gl\u00e4zend und mit sanfter Hebefunktion! Unterw\u00e4sche und Clubwear in einem - perfekt f\u00fctr den spontanen besuch im Club.\" \/>\n<meta name=\"robots\" content=\"index, follow, max-snippet:-1, max-image-preview:large, max-video-preview:-1\" \/>\n<link rel=\"canonical\" href=\"https:\/\/www.wojoer.de\/en\/produkt\/goldglitzer-micro-sock-string\/\" \/>\n<meta name=\"twitter:card\" content=\"summary_large_image\" \/>\n<meta name=\"twitter:title\" content=\"Goldglitzer | Micro Sock String | Unterw\u00e4sche | Bademode | WOJOER\" \/>\n<meta name=\"twitter:description\" content=\"Goldglitzer Micro Sock String - elegant, gl\u00e4zend und mit sanfter Hebefunktion! Unterw\u00e4sche und Clubwear in einem - perfekt f\u00fctr den spontanen besuch im Club.\" \/>\n<meta name=\"twitter:image\" content=\"https:\/\/www.wojoer.de\/wp-content\/uploads\/2024\/04\/S018-S002-0D-00-06-2.-Goldstaub_glitzer-Micro_Sock_String-dehnbar-schwarz-L-back-wojoer.jpg\" \/>\n<meta name=\"twitter:label1\" content=\"Estimated reading time\" \/>\n\t<meta name=\"twitter:data1\" content=\"2 minutes\" \/>\n<script type=\"application\/ld+json\" class=\"yoast-schema-graph\">{\"@context\":\"https:\/\/schema.org\",\"@graph\":[{\"@type\":\"WebPage\",\"@id\":\"https:\/\/www.wojoer.de\/en\/produkt\/goldglitzer-micro-sock-string\/\",\"url\":\"https:\/\/www.wojoer.de\/en\/produkt\/goldglitzer-micro-sock-string\/\",\"name\":\"Goldglitzer | Micro Sock String | Unterw\u00e4sche | Bademode | WOJOER\",\"isPartOf\":{\"@id\":\"https:\/\/www.wojoer.de\/#website\"},\"primaryImageOfPage\":{\"@id\":\"https:\/\/www.wojoer.de\/en\/produkt\/goldglitzer-micro-sock-string\/#primaryimage\"},\"image\":{\"@id\":\"https:\/\/www.wojoer.de\/en\/produkt\/goldglitzer-micro-sock-string\/#primaryimage\"},\"thumbnailUrl\":\"https:\/\/www.wojoer.de\/wp-content\/uploads\/2024\/04\/S018-S002-0D-00-06-2.-Goldstaub_glitzer-Micro_Sock_String-dehnbar-schwarz-L-back-wojoer.jpg\",\"datePublished\":\"2025-11-30T07:37:30+00:00\",\"dateModified\":\"2026-01-21T09:27:43+00:00\",\"description\":\"Goldglitzer Micro Sock String - elegant, gl\u00e4zend und mit sanfter Hebefunktion! Unterw\u00e4sche und Clubwear in einem - perfekt f\u00fctr den spontanen besuch im Club.\",\"breadcrumb\":{\"@id\":\"https:\/\/www.wojoer.de\/en\/produkt\/goldglitzer-micro-sock-string\/#breadcrumb\"},\"inLanguage\":\"en-GB\",\"potentialAction\":[{\"@type\":\"ReadAction\",\"target\":[\"https:\/\/www.wojoer.de\/en\/produkt\/goldglitzer-micro-sock-string\/\"]}]},{\"@type\":\"ImageObject\",\"inLanguage\":\"en-GB\",\"@id\":\"https:\/\/www.wojoer.de\/en\/produkt\/goldglitzer-micro-sock-string\/#primaryimage\",\"url\":\"https:\/\/www.wojoer.de\/wp-content\/uploads\/2024\/04\/S018-S002-0D-00-06-2.-Goldstaub_glitzer-Micro_Sock_String-dehnbar-schwarz-L-back-wojoer.jpg\",\"contentUrl\":\"https:\/\/www.wojoer.de\/wp-content\/uploads\/2024\/04\/S018-S002-0D-00-06-2.-Goldstaub_glitzer-Micro_Sock_String-dehnbar-schwarz-L-back-wojoer.jpg\",\"width\":1967,\"height\":1967},{\"@type\":\"BreadcrumbList\",\"@id\":\"https:\/\/www.wojoer.de\/en\/produkt\/goldglitzer-micro-sock-string\/#breadcrumb\",\"itemListElement\":[{\"@type\":\"ListItem\",\"position\":1,\"name\":\"Startseite\",\"item\":\"https:\/\/www.wojoer.de\/\"},{\"@type\":\"ListItem\",\"position\":2,\"name\":\"SHOP\",\"item\":\"https:\/\/www.wojoer.de\/shop\/\"},{\"@type\":\"ListItem\",\"position\":3,\"name\":\"Goldglitzer Micro Sock String\"}]},{\"@type\":\"WebSite\",\"@id\":\"https:\/\/www.wojoer.de\/#website\",\"url\":\"https:\/\/www.wojoer.de\/\",\"name\":\"WOJOER\",\"description\":\"clubwear for men\",\"publisher\":{\"@id\":\"https:\/\/www.wojoer.de\/#organization\"},\"potentialAction\":[{\"@type\":\"SearchAction\",\"target\":{\"@type\":\"EntryPoint\",\"urlTemplate\":\"https:\/\/www.wojoer.de\/?s={search_term_string}\"},\"query-input\":{\"@type\":\"PropertyValueSpecification\",\"valueRequired\":true,\"valueName\":\"search_term_string\"}}],\"inLanguage\":\"en-GB\"},{\"@type\":\"Organization\",\"@id\":\"https:\/\/www.wojoer.de\/#organization\",\"name\":\"Wonneberger-Manufaktur\",\"url\":\"https:\/\/www.wojoer.de\/\",\"logo\":{\"@type\":\"ImageObject\",\"inLanguage\":\"en-GB\",\"@id\":\"https:\/\/www.wojoer.de\/#\/schema\/logo\/image\/\",\"url\":\"https:\/\/www.wojoer.de\/wp-content\/uploads\/2016\/11\/wonnebergermanufaktur_logo_BUTTON.png\",\"contentUrl\":\"https:\/\/www.wojoer.de\/wp-content\/uploads\/2016\/11\/wonnebergermanufaktur_logo_BUTTON.png\",\"width\":765,\"height\":765,\"caption\":\"Wonneberger-Manufaktur\"},\"image\":{\"@id\":\"https:\/\/www.wojoer.de\/#\/schema\/logo\/image\/\"},\"sameAs\":[\"https:\/\/www.facebook.com\/wojoer\/\",\"https:\/\/de.pinterest.com\/W0J0ER\/\"]}]}<\/script>\n<!-- \/ Yoast SEO plugin. -->","yoast_head_json":{"title":"Goldglitzer | Micro Sock String | Unterw\u00e4sche | Bademode | WOJOER","description":"Goldglitzer Micro Sock String - elegant, gl\u00e4zend und mit sanfter Hebefunktion! Unterw\u00e4sche und Clubwear in einem - perfekt f\u00fctr den spontanen besuch im Club.","robots":{"index":"index","follow":"follow","max-snippet":"max-snippet:-1","max-image-preview":"max-image-preview:large","max-video-preview":"max-video-preview:-1"},"canonical":"https:\/\/www.wojoer.de\/en\/produkt\/goldglitzer-micro-sock-string\/","twitter_card":"summary_large_image","twitter_title":"[:de]Goldglitzer | Micro Sock String | Unterw\u00e4sche | Bademode | WOJOER[:]","twitter_description":"[:de]Goldglitzer Micro Sock String - elegant, gl\u00e4zend und mit sanfter Hebefunktion! Unterw\u00e4sche und Clubwear in einem - perfekt f\u00fctr den spontanen besuch im Club.[:]","twitter_image":"https:\/\/www.wojoer.de\/wp-content\/uploads\/2024\/04\/S018-S002-0D-00-06-2.-Goldstaub_glitzer-Micro_Sock_String-dehnbar-schwarz-L-back-wojoer.jpg","twitter_misc":{"Estimated reading time":"2 minutes"},"schema":{"@context":"https:\/\/schema.org","@graph":[{"@type":"WebPage","@id":"https:\/\/www.wojoer.de\/en\/produkt\/goldglitzer-micro-sock-string\/","url":"https:\/\/www.wojoer.de\/en\/produkt\/goldglitzer-micro-sock-string\/","name":"Goldglitzer | Micro Sock String | Unterw\u00e4sche | Bademode | WOJOER","isPartOf":{"@id":"https:\/\/www.wojoer.de\/#website"},"primaryImageOfPage":{"@id":"https:\/\/www.wojoer.de\/en\/produkt\/goldglitzer-micro-sock-string\/#primaryimage"},"image":{"@id":"https:\/\/www.wojoer.de\/en\/produkt\/goldglitzer-micro-sock-string\/#primaryimage"},"thumbnailUrl":"https:\/\/www.wojoer.de\/wp-content\/uploads\/2024\/04\/S018-S002-0D-00-06-2.-Goldstaub_glitzer-Micro_Sock_String-dehnbar-schwarz-L-back-wojoer.jpg","datePublished":"2025-11-30T07:37:30+00:00","dateModified":"2026-01-21T09:27:43+00:00","description":"Goldglitzer Micro Sock String - elegant, gl\u00e4zend und mit sanfter Hebefunktion! Unterw\u00e4sche und Clubwear in einem - perfekt f\u00fctr den spontanen besuch im Club.","breadcrumb":{"@id":"https:\/\/www.wojoer.de\/en\/produkt\/goldglitzer-micro-sock-string\/#breadcrumb"},"inLanguage":"en-GB","potentialAction":[{"@type":"ReadAction","target":["https:\/\/www.wojoer.de\/en\/produkt\/goldglitzer-micro-sock-string\/"]}]},{"@type":"ImageObject","inLanguage":"en-GB","@id":"https:\/\/www.wojoer.de\/en\/produkt\/goldglitzer-micro-sock-string\/#primaryimage","url":"https:\/\/www.wojoer.de\/wp-content\/uploads\/2024\/04\/S018-S002-0D-00-06-2.-Goldstaub_glitzer-Micro_Sock_String-dehnbar-schwarz-L-back-wojoer.jpg","contentUrl":"https:\/\/www.wojoer.de\/wp-content\/uploads\/2024\/04\/S018-S002-0D-00-06-2.-Goldstaub_glitzer-Micro_Sock_String-dehnbar-schwarz-L-back-wojoer.jpg","width":1967,"height":1967},{"@type":"BreadcrumbList","@id":"https:\/\/www.wojoer.de\/en\/produkt\/goldglitzer-micro-sock-string\/#breadcrumb","itemListElement":[{"@type":"ListItem","position":1,"name":"Startseite","item":"https:\/\/www.wojoer.de\/"},{"@type":"ListItem","position":2,"name":"SHOP","item":"https:\/\/www.wojoer.de\/shop\/"},{"@type":"ListItem","position":3,"name":"Goldglitzer Micro Sock String"}]},{"@type":"WebSite","@id":"https:\/\/www.wojoer.de\/#website","url":"https:\/\/www.wojoer.de\/","name":"WOJOER","description":"clubwear for men","publisher":{"@id":"https:\/\/www.wojoer.de\/#organization"},"potentialAction":[{"@type":"SearchAction","target":{"@type":"EntryPoint","urlTemplate":"https:\/\/www.wojoer.de\/?s={search_term_string}"},"query-input":{"@type":"PropertyValueSpecification","valueRequired":true,"valueName":"search_term_string"}}],"inLanguage":"en-GB"},{"@type":"Organization","@id":"https:\/\/www.wojoer.de\/#organization","name":"Wonneberger-Manufaktur","url":"https:\/\/www.wojoer.de\/","logo":{"@type":"ImageObject","inLanguage":"en-GB","@id":"https:\/\/www.wojoer.de\/#\/schema\/logo\/image\/","url":"https:\/\/www.wojoer.de\/wp-content\/uploads\/2016\/11\/wonnebergermanufaktur_logo_BUTTON.png","contentUrl":"https:\/\/www.wojoer.de\/wp-content\/uploads\/2016\/11\/wonnebergermanufaktur_logo_BUTTON.png","width":765,"height":765,"caption":"Wonneberger-Manufaktur"},"image":{"@id":"https:\/\/www.wojoer.de\/#\/schema\/logo\/image\/"},"sameAs":["https:\/\/www.facebook.com\/wojoer\/","https:\/\/de.pinterest.com\/W0J0ER\/"]}]}},"_links":{"self":[{"href":"https:\/\/www.wojoer.de\/en\/wp-json\/wp\/v2\/product\/43110","targetHints":{"allow":["GET"]}}],"collection":[{"href":"https:\/\/www.wojoer.de\/en\/wp-json\/wp\/v2\/product"}],"about":[{"href":"https:\/\/www.wojoer.de\/en\/wp-json\/wp\/v2\/types\/product"}],"replies":[{"embeddable":true,"href":"https:\/\/www.wojoer.de\/en\/wp-json\/wp\/v2\/comments?post=43110"}],"wp:featuredmedia":[{"embeddable":true,"href":"https:\/\/www.wojoer.de\/en\/wp-json\/wp\/v2\/media\/46731"}],"wp:attachment":[{"href":"https:\/\/www.wojoer.de\/en\/wp-json\/wp\/v2\/media?parent=43110"}],"wp:term":[{"taxonomy":"product_brand","embeddable":true,"href":"https:\/\/www.wojoer.de\/en\/wp-json\/wp\/v2\/product_brand?post=43110"},{"taxonomy":"product_cat","embeddable":true,"href":"https:\/\/www.wojoer.de\/en\/wp-json\/wp\/v2\/product_cat?post=43110"},{"taxonomy":"product_tag","embeddable":true,"href":"https:\/\/www.wojoer.de\/en\/wp-json\/wp\/v2\/product_tag?post=43110"}],"curies":[{"name":"wp","href":"https:\/\/api.w.org\/{rel}","templated":true}]}}