{"id":43446,"date":"2024-06-05T13:42:44","date_gmt":"2024-06-05T11:42:44","guid":{"rendered":"https:\/\/www.wojoer.de\/?post_type=product&#038;p=43446"},"modified":"2024-10-24T13:40:10","modified_gmt":"2024-10-24T11:40:10","slug":"anker-t-string","status":"publish","type":"product","link":"https:\/\/www.wojoer.de\/en\/produkt\/anker-t-string\/","title":{"rendered":"Anker T- String"},"content":{"rendered":"<p>Einzelst\u00fcck<\/p>\n<h3>Gr\u00f6\u00dfen<\/h3>\n<p>Erh\u00e4ltlich in de Gr\u00f6\u00dfe M<\/p>\n<h3>Farben<\/h3>\n<p><a href=\"https:\/\/www.wojoer.de\/wp-content\/uploads\/2018\/04\/schwarz.jpg\"><img loading=\"lazy\" decoding=\"async\" class=\"alignleft size-full wp-image-10039\" src=\"https:\/\/www.wojoer.de\/wp-content\/uploads\/2018\/04\/schwarz.jpg\" alt=\"\" width=\"9\" height=\"9\" \/><\/a> <a href=\"https:\/\/www.wojoer.de\/wp-content\/uploads\/2018\/04\/vulcano.jpg\"><img loading=\"lazy\" decoding=\"async\" class=\"alignleft size-full wp-image-10040\" src=\"https:\/\/www.wojoer.de\/wp-content\/uploads\/2018\/04\/vulcano.jpg\" alt=\"\" width=\"9\" height=\"9\" \/><\/a>Schwarz Rot<\/p>\n<h3>Materialzusammensetzung<\/h3>\n<p>Baumwolle: 95% Baumwolle und 5% Elasthan<\/p>\n<p>Leder Umrandungen: 70% Polyurethan und 30% Elasthan<\/p>\n<h3>Besonderheiten<\/h3>\n<p>knapper Cheeky String Schnitt| Best-Fit-Hebeform | freches Ankermuster | Kunstleder B\u00f6rtchen | hochwertige Verarbeitung &#8220;Made in Germany&#8221;<\/p>\n<h3>Benutzerhinweise<\/h3>\n<p>Handw\u00e4sche<\/p>\n<h3>ANKER STRING &#8211; Anchor Cheeky String mit Letherlike B\u00f6rtchen<\/h3>\n<p>So verspielt sexy sind M\u00e4nner nur mit WOJOER. Warum? Weil es nur hier den Kuss von feinster Baumwolle und matt gl\u00e4nzendem Leatherlike zu holen gibt. Die kleinen Anker tanzen verspielt \u00fcber den Brasil Slip und werden von dem hei\u00dfen Leder wieder zur Ordnung gerufen. Dazu kommt der wunderbar sommerliche Cheeky-Schnitt. Damit kommt ein knackiger Po erst so richtig zur Geltung. Und der Schritt wird sch\u00f6n geformt in Szene gesetzt und beugt so fiesem Kneifen im Schritt vor. Dank des weichen Materials und der ausget\u00fcftelten Form, ist der knappe String sehr angenehm zu tragen und hat sogar noch ein verstecktes Extra &#8211; seinen Eingriff. Also ist das Prinzip ganz einfach: Erstens, ausziehen bis auf den String und so dein Gegen\u00fcber von den Socken hauen. Zweitens die Initiative ergreifen und den Eingriff als Quick-Fun-Aktion nutzen. 3. Spa\u00df haben. 4. Alles wieder gut verstauen ohne den String auch nur einmal auszuziehen. So macht Mann-Sein wirklich Laune.<\/p>\n<p><span style=\"color: #d2b55b;\">\u00a0<\/span><\/p>\n","protected":false},"excerpt":{"rendered":"<p>Einzelst\u00fcck<br \/>\nGr\u00f6\u00dfen<br \/>\nErh\u00e4ltlich in de Gr\u00f6\u00dfe M<br \/>\nFarben<br \/>\n Schwarz Rot<br \/>\nMaterialzusammensetzung<br \/>\nBaumwolle: 95% Baumwolle und 5% Elasthan<\/p>\n<p>Leder Umrandungen: 70% Polyurethan und 30% Elasthan<br \/>\nBesonderheiten<br \/>\nknapper Cheeky String Schnitt| Best-Fit-Hebeform | freches Ankermuster | Kunstleder B\u00f6rtchen | hochwertige Verarbeitung &#8220;Made in Germany&#8221;<br \/>\nBenutzerhinweise<br \/>\nHandw\u00e4sche<br \/>\nANKER STRING &#8211; Anchor Cheeky String mit\u2026<\/p>\n","protected":false},"featured_media":43454,"comment_status":"open","ping_status":"closed","template":"","meta":[],"product_brand":[],"product_cat":[342],"product_tag":[],"class_list":{"0":"post-43446","1":"product","2":"type-product","3":"status-publish","4":"has-post-thumbnail","6":"product_cat-sale","7":"product_shipping_class-beun","8":"pa_farbe-blau","9":"pa_farbe-rot","10":"pa_groesse-l","11":"pa_groesse-m","12":"pa_groesse-s","13":"pa_groesse-xl","14":"pif-has-gallery","15":"post-1","16":"odd","18":"first","19":"instock","20":"sale","21":"featured","22":"taxable","23":"shipping-taxable","24":"purchasable","25":"product-type-variable"},"yoast_head":"<!-- This site is optimized with the Yoast SEO plugin v27.2 - https:\/\/yoast.com\/product\/yoast-seo-wordpress\/ -->\n<title>Anchor Cheeky String | Baumwolle mit Leatherlike | Clubwear | WOJOER<\/title>\n<meta name=\"description\" content=\"Anchor Cheeky String ist ein frecher Baumwoll Slip mit Ankermotiv und hei\u00dfem Leatherlike B\u00f6rtchen. Etravagant &amp; sexy. Ideal f\u00fcr unten drunter oder im Club. Jetzt online Versandkostenfrei bestellen!\" \/>\n<meta name=\"robots\" content=\"index, follow, max-snippet:-1, max-image-preview:large, max-video-preview:-1\" \/>\n<link rel=\"canonical\" href=\"https:\/\/www.wojoer.de\/en\/produkt\/anker-t-string\/\" \/>\n<meta name=\"twitter:card\" content=\"summary_large_image\" \/>\n<meta name=\"twitter:title\" content=\"Anchor Cheeky String | Baumwolle mit Leatherlike | Clubwear | WOJOER\" \/>\n<meta name=\"twitter:description\" content=\"Anchor Cheeky String ist ein frecher Baumwoll Slip mit Ankermotiv und hei\u00dfem Leatherlike B\u00f6rtchen. Etravagant &amp; sexy. Ideal f\u00fcr unten drunter oder im Club. Jetzt online Versandkostenfrei bestellen!\" \/>\n<meta name=\"twitter:image\" content=\"https:\/\/www.wojoer.de\/wp-content\/uploads\/2024\/06\/Anker-String-scaled.jpeg\" \/>\n<meta name=\"twitter:label1\" content=\"Estimated reading time\" \/>\n\t<meta name=\"twitter:data1\" content=\"2 minutes\" \/>\n<script type=\"application\/ld+json\" class=\"yoast-schema-graph\">{\"@context\":\"https:\/\/schema.org\",\"@graph\":[{\"@type\":\"WebPage\",\"@id\":\"https:\/\/www.wojoer.de\/produkt\/anker-t-string\/\",\"url\":\"https:\/\/www.wojoer.de\/produkt\/anker-t-string\/\",\"name\":\"Anchor Cheeky String | Baumwolle mit Leatherlike | Clubwear | WOJOER\",\"isPartOf\":{\"@id\":\"https:\/\/www.wojoer.de\/#website\"},\"primaryImageOfPage\":{\"@id\":\"https:\/\/www.wojoer.de\/produkt\/anker-t-string\/#primaryimage\"},\"image\":{\"@id\":\"https:\/\/www.wojoer.de\/produkt\/anker-t-string\/#primaryimage\"},\"thumbnailUrl\":\"https:\/\/www.wojoer.de\/wp-content\/uploads\/2024\/06\/Anker-String-scaled.jpeg\",\"datePublished\":\"2024-06-05T11:42:44+00:00\",\"dateModified\":\"2024-10-24T11:40:10+00:00\",\"description\":\"Anchor Cheeky String ist ein frecher Baumwoll Slip mit Ankermotiv und hei\u00dfem Leatherlike B\u00f6rtchen. Etravagant & sexy. Ideal f\u00fcr unten drunter oder im Club. Jetzt online Versandkostenfrei bestellen!\",\"breadcrumb\":{\"@id\":\"https:\/\/www.wojoer.de\/produkt\/anker-t-string\/#breadcrumb\"},\"inLanguage\":\"en-GB\",\"potentialAction\":[{\"@type\":\"ReadAction\",\"target\":[\"https:\/\/www.wojoer.de\/produkt\/anker-t-string\/\"]}]},{\"@type\":\"ImageObject\",\"inLanguage\":\"en-GB\",\"@id\":\"https:\/\/www.wojoer.de\/produkt\/anker-t-string\/#primaryimage\",\"url\":\"https:\/\/www.wojoer.de\/wp-content\/uploads\/2024\/06\/Anker-String-scaled.jpeg\",\"contentUrl\":\"https:\/\/www.wojoer.de\/wp-content\/uploads\/2024\/06\/Anker-String-scaled.jpeg\",\"width\":1920,\"height\":2560},{\"@type\":\"BreadcrumbList\",\"@id\":\"https:\/\/www.wojoer.de\/produkt\/anker-t-string\/#breadcrumb\",\"itemListElement\":[{\"@type\":\"ListItem\",\"position\":1,\"name\":\"Startseite\",\"item\":\"https:\/\/www.wojoer.de\/\"},{\"@type\":\"ListItem\",\"position\":2,\"name\":\"SHOP\",\"item\":\"https:\/\/www.wojoer.de\/shop\/\"},{\"@type\":\"ListItem\",\"position\":3,\"name\":\"Anker T- String\"}]},{\"@type\":\"WebSite\",\"@id\":\"https:\/\/www.wojoer.de\/#website\",\"url\":\"https:\/\/www.wojoer.de\/\",\"name\":\"WOJOER\",\"description\":\"clubwear for men\",\"publisher\":{\"@id\":\"https:\/\/www.wojoer.de\/#organization\"},\"potentialAction\":[{\"@type\":\"SearchAction\",\"target\":{\"@type\":\"EntryPoint\",\"urlTemplate\":\"https:\/\/www.wojoer.de\/?s={search_term_string}\"},\"query-input\":{\"@type\":\"PropertyValueSpecification\",\"valueRequired\":true,\"valueName\":\"search_term_string\"}}],\"inLanguage\":\"en-GB\"},{\"@type\":\"Organization\",\"@id\":\"https:\/\/www.wojoer.de\/#organization\",\"name\":\"Wonneberger-Manufaktur\",\"url\":\"https:\/\/www.wojoer.de\/\",\"logo\":{\"@type\":\"ImageObject\",\"inLanguage\":\"en-GB\",\"@id\":\"https:\/\/www.wojoer.de\/#\/schema\/logo\/image\/\",\"url\":\"https:\/\/www.wojoer.de\/wp-content\/uploads\/2016\/11\/wonnebergermanufaktur_logo_BUTTON.png\",\"contentUrl\":\"https:\/\/www.wojoer.de\/wp-content\/uploads\/2016\/11\/wonnebergermanufaktur_logo_BUTTON.png\",\"width\":765,\"height\":765,\"caption\":\"Wonneberger-Manufaktur\"},\"image\":{\"@id\":\"https:\/\/www.wojoer.de\/#\/schema\/logo\/image\/\"},\"sameAs\":[\"https:\/\/www.facebook.com\/wojoer\/\",\"https:\/\/de.pinterest.com\/W0J0ER\/\"]}]}<\/script>\n<!-- \/ Yoast SEO plugin. -->","yoast_head_json":{"title":"Anchor Cheeky String | Baumwolle mit Leatherlike | Clubwear | WOJOER","description":"Anchor Cheeky String ist ein frecher Baumwoll Slip mit Ankermotiv und hei\u00dfem Leatherlike B\u00f6rtchen. Etravagant & sexy. Ideal f\u00fcr unten drunter oder im Club. Jetzt online Versandkostenfrei bestellen!","robots":{"index":"index","follow":"follow","max-snippet":"max-snippet:-1","max-image-preview":"max-image-preview:large","max-video-preview":"max-video-preview:-1"},"canonical":"https:\/\/www.wojoer.de\/en\/produkt\/anker-t-string\/","twitter_card":"summary_large_image","twitter_title":"Anchor Cheeky String | Baumwolle mit Leatherlike | Clubwear | WOJOER","twitter_description":"Anchor Cheeky String ist ein frecher Baumwoll Slip mit Ankermotiv und hei\u00dfem Leatherlike B\u00f6rtchen. Etravagant & sexy. Ideal f\u00fcr unten drunter oder im Club. Jetzt online Versandkostenfrei bestellen!","twitter_image":"https:\/\/www.wojoer.de\/wp-content\/uploads\/2024\/06\/Anker-String-scaled.jpeg","twitter_misc":{"Estimated reading time":"2 minutes"},"schema":{"@context":"https:\/\/schema.org","@graph":[{"@type":"WebPage","@id":"https:\/\/www.wojoer.de\/produkt\/anker-t-string\/","url":"https:\/\/www.wojoer.de\/produkt\/anker-t-string\/","name":"Anchor Cheeky String | Baumwolle mit Leatherlike | Clubwear | WOJOER","isPartOf":{"@id":"https:\/\/www.wojoer.de\/#website"},"primaryImageOfPage":{"@id":"https:\/\/www.wojoer.de\/produkt\/anker-t-string\/#primaryimage"},"image":{"@id":"https:\/\/www.wojoer.de\/produkt\/anker-t-string\/#primaryimage"},"thumbnailUrl":"https:\/\/www.wojoer.de\/wp-content\/uploads\/2024\/06\/Anker-String-scaled.jpeg","datePublished":"2024-06-05T11:42:44+00:00","dateModified":"2024-10-24T11:40:10+00:00","description":"Anchor Cheeky String ist ein frecher Baumwoll Slip mit Ankermotiv und hei\u00dfem Leatherlike B\u00f6rtchen. Etravagant & sexy. Ideal f\u00fcr unten drunter oder im Club. Jetzt online Versandkostenfrei bestellen!","breadcrumb":{"@id":"https:\/\/www.wojoer.de\/produkt\/anker-t-string\/#breadcrumb"},"inLanguage":"en-GB","potentialAction":[{"@type":"ReadAction","target":["https:\/\/www.wojoer.de\/produkt\/anker-t-string\/"]}]},{"@type":"ImageObject","inLanguage":"en-GB","@id":"https:\/\/www.wojoer.de\/produkt\/anker-t-string\/#primaryimage","url":"https:\/\/www.wojoer.de\/wp-content\/uploads\/2024\/06\/Anker-String-scaled.jpeg","contentUrl":"https:\/\/www.wojoer.de\/wp-content\/uploads\/2024\/06\/Anker-String-scaled.jpeg","width":1920,"height":2560},{"@type":"BreadcrumbList","@id":"https:\/\/www.wojoer.de\/produkt\/anker-t-string\/#breadcrumb","itemListElement":[{"@type":"ListItem","position":1,"name":"Startseite","item":"https:\/\/www.wojoer.de\/"},{"@type":"ListItem","position":2,"name":"SHOP","item":"https:\/\/www.wojoer.de\/shop\/"},{"@type":"ListItem","position":3,"name":"Anker T- String"}]},{"@type":"WebSite","@id":"https:\/\/www.wojoer.de\/#website","url":"https:\/\/www.wojoer.de\/","name":"WOJOER","description":"clubwear for men","publisher":{"@id":"https:\/\/www.wojoer.de\/#organization"},"potentialAction":[{"@type":"SearchAction","target":{"@type":"EntryPoint","urlTemplate":"https:\/\/www.wojoer.de\/?s={search_term_string}"},"query-input":{"@type":"PropertyValueSpecification","valueRequired":true,"valueName":"search_term_string"}}],"inLanguage":"en-GB"},{"@type":"Organization","@id":"https:\/\/www.wojoer.de\/#organization","name":"Wonneberger-Manufaktur","url":"https:\/\/www.wojoer.de\/","logo":{"@type":"ImageObject","inLanguage":"en-GB","@id":"https:\/\/www.wojoer.de\/#\/schema\/logo\/image\/","url":"https:\/\/www.wojoer.de\/wp-content\/uploads\/2016\/11\/wonnebergermanufaktur_logo_BUTTON.png","contentUrl":"https:\/\/www.wojoer.de\/wp-content\/uploads\/2016\/11\/wonnebergermanufaktur_logo_BUTTON.png","width":765,"height":765,"caption":"Wonneberger-Manufaktur"},"image":{"@id":"https:\/\/www.wojoer.de\/#\/schema\/logo\/image\/"},"sameAs":["https:\/\/www.facebook.com\/wojoer\/","https:\/\/de.pinterest.com\/W0J0ER\/"]}]}},"_links":{"self":[{"href":"https:\/\/www.wojoer.de\/en\/wp-json\/wp\/v2\/product\/43446","targetHints":{"allow":["GET"]}}],"collection":[{"href":"https:\/\/www.wojoer.de\/en\/wp-json\/wp\/v2\/product"}],"about":[{"href":"https:\/\/www.wojoer.de\/en\/wp-json\/wp\/v2\/types\/product"}],"replies":[{"embeddable":true,"href":"https:\/\/www.wojoer.de\/en\/wp-json\/wp\/v2\/comments?post=43446"}],"wp:featuredmedia":[{"embeddable":true,"href":"https:\/\/www.wojoer.de\/en\/wp-json\/wp\/v2\/media\/43454"}],"wp:attachment":[{"href":"https:\/\/www.wojoer.de\/en\/wp-json\/wp\/v2\/media?parent=43446"}],"wp:term":[{"taxonomy":"product_brand","embeddable":true,"href":"https:\/\/www.wojoer.de\/en\/wp-json\/wp\/v2\/product_brand?post=43446"},{"taxonomy":"product_cat","embeddable":true,"href":"https:\/\/www.wojoer.de\/en\/wp-json\/wp\/v2\/product_cat?post=43446"},{"taxonomy":"product_tag","embeddable":true,"href":"https:\/\/www.wojoer.de\/en\/wp-json\/wp\/v2\/product_tag?post=43446"}],"curies":[{"name":"wp","href":"https:\/\/api.w.org\/{rel}","templated":true}]}}