{"id":43640,"date":"2024-06-10T13:37:49","date_gmt":"2024-06-10T11:37:49","guid":{"rendered":"https:\/\/www.wojoer.de\/?post_type=product&#038;p=43640"},"modified":"2024-10-24T13:27:45","modified_gmt":"2024-10-24T11:27:45","slug":"schmalissimo-string-sale","status":"publish","type":"product","link":"https:\/\/www.wojoer.de\/en\/produkt\/schmalissimo-string-sale\/","title":{"rendered":"Schmalissimo String Sale"},"content":{"rendered":"<p><span style=\"color: #ff9900;\">Musterst\u00fcck<\/span> Schmalissimo String<\/p>\n<h3>Gr\u00f6\u00dfe<\/h3>\n<p>M<\/p>\n<h3>Materialzusammensetzung<\/h3>\n<p>100% Polyester, 80% Polyamid, 20% Elasthan<\/p>\n<h3>Besonderheiten<\/h3>\n<p>Sale | Beachwear\u00a0 | transparent | schnell trocknend | PushUp Funktion | hochwertige Verarbeitung &#8220;Made in Germany&#8221;<\/p>\n<h3>Benutzerhinweise<\/h3>\n<p>30\u00b0 Schonw\u00e4sche | auf niedriger Stufe b\u00fcgeln<\/p>\n<h3>Transparenter String &#8211; Schmalissimo String<\/h3>\n<p>Feinstes Unterw\u00e4schematerial, ausgesprochen angenehm weich, sehr d\u00fcnn und atmungsaktiv auf der einen Seite und sexy enganliegend auf der anderen, genau das sind die besonderen Eigenschaften, welchen diesen Jerseystoff zu deiner Wohlf\u00fchlunterw\u00e4sche machen. Sein besonderes Merkmal ist sein sch\u00f6n hoch geschnittener Bund, der den Po knackig lang und den Schritt m\u00e4nnlich gro\u00df erscheinen l\u00e4sst.<\/p>\n","protected":false},"excerpt":{"rendered":"<p>Musterst\u00fcck Schmalissimo String<br \/>\nGr\u00f6\u00dfe<br \/>\nM<br \/>\nMaterialzusammensetzung<br \/>\n100% Polyester, 80% Polyamid, 20% Elasthan<br \/>\nBesonderheiten<br \/>\nSale | Beachwear\u00a0 | transparent | schnell trocknend | PushUp Funktion | hochwertige Verarbeitung &#8220;Made in Germany&#8221;<br \/>\nBenutzerhinweise<br \/>\n30\u00b0 Schonw\u00e4sche | auf niedriger Stufe b\u00fcgeln<br \/>\nTransparenter String &#8211; Schmalissimo String<br \/>\nFeinstes Unterw\u00e4schematerial, ausgesprochen angenehm weich, sehr d\u00fcnn\u2026<\/p>\n","protected":false},"featured_media":45593,"comment_status":"open","ping_status":"closed","template":"","meta":[],"product_brand":[],"product_cat":[342],"product_tag":[],"class_list":{"0":"post-43640","1":"product","2":"type-product","3":"status-publish","4":"has-post-thumbnail","6":"product_cat-sale","7":"product_shipping_class-beun","8":"pa_groesse-l","9":"pa_groesse-m","10":"pa_groesse-s","11":"pa_groesse-xl","12":"pa_groesse-xxl","13":"pa_variante-9er-pack","14":"pif-has-gallery","15":"post-1","16":"odd","18":"first","19":"instock","20":"sale","21":"featured","22":"taxable","23":"shipping-taxable","24":"purchasable","25":"product-type-variable","26":"has-default-attributes"},"yoast_head":"<!-- This site is optimized with the Yoast SEO plugin v27.2 - https:\/\/yoast.com\/product\/yoast-seo-wordpress\/ -->\n<title>Transparenter Schmalissimo String | bunt | einzigartig<\/title>\n<meta name=\"description\" content=\"Schmalissimo String transparent. Buntes Muster. Einzelst\u00fcck. Jetzt versandkostenfrei innerhalb Deutschlands online bestellen!\" \/>\n<meta name=\"robots\" content=\"index, follow, max-snippet:-1, max-image-preview:large, max-video-preview:-1\" \/>\n<link rel=\"canonical\" href=\"https:\/\/www.wojoer.de\/en\/produkt\/schmalissimo-string-sale\/\" \/>\n<meta name=\"twitter:card\" content=\"summary_large_image\" \/>\n<meta name=\"twitter:title\" content=\"Transparenter Schmalissimo String | bunt | einzigartig\" \/>\n<meta name=\"twitter:description\" content=\"Schmalissimo String transparent. Buntes Muster. Einzelst\u00fcck. Jetzt versandkostenfrei innerhalb Deutschlands online bestellen!\" \/>\n<meta name=\"twitter:image\" content=\"https:\/\/www.wojoer.de\/wp-content\/uploads\/2024\/09\/IMG18.jpg\" \/>\n<meta name=\"twitter:label1\" content=\"Estimated reading time\" \/>\n\t<meta name=\"twitter:data1\" content=\"1 minute\" \/>\n<script type=\"application\/ld+json\" class=\"yoast-schema-graph\">{\"@context\":\"https:\/\/schema.org\",\"@graph\":[{\"@type\":\"WebPage\",\"@id\":\"https:\/\/www.wojoer.de\/produkt\/schmalissimo-string-sale\/\",\"url\":\"https:\/\/www.wojoer.de\/produkt\/schmalissimo-string-sale\/\",\"name\":\"Transparenter Schmalissimo String | bunt | einzigartig\",\"isPartOf\":{\"@id\":\"https:\/\/www.wojoer.de\/#website\"},\"primaryImageOfPage\":{\"@id\":\"https:\/\/www.wojoer.de\/produkt\/schmalissimo-string-sale\/#primaryimage\"},\"image\":{\"@id\":\"https:\/\/www.wojoer.de\/produkt\/schmalissimo-string-sale\/#primaryimage\"},\"thumbnailUrl\":\"https:\/\/www.wojoer.de\/wp-content\/uploads\/2024\/09\/IMG18.jpg\",\"datePublished\":\"2024-06-10T11:37:49+00:00\",\"dateModified\":\"2024-10-24T11:27:45+00:00\",\"description\":\"Schmalissimo String transparent. Buntes Muster. Einzelst\u00fcck. Jetzt versandkostenfrei innerhalb Deutschlands online bestellen!\",\"breadcrumb\":{\"@id\":\"https:\/\/www.wojoer.de\/produkt\/schmalissimo-string-sale\/#breadcrumb\"},\"inLanguage\":\"en-GB\",\"potentialAction\":[{\"@type\":\"ReadAction\",\"target\":[\"https:\/\/www.wojoer.de\/produkt\/schmalissimo-string-sale\/\"]}]},{\"@type\":\"ImageObject\",\"inLanguage\":\"en-GB\",\"@id\":\"https:\/\/www.wojoer.de\/produkt\/schmalissimo-string-sale\/#primaryimage\",\"url\":\"https:\/\/www.wojoer.de\/wp-content\/uploads\/2024\/09\/IMG18.jpg\",\"contentUrl\":\"https:\/\/www.wojoer.de\/wp-content\/uploads\/2024\/09\/IMG18.jpg\",\"width\":1001,\"height\":1001},{\"@type\":\"BreadcrumbList\",\"@id\":\"https:\/\/www.wojoer.de\/produkt\/schmalissimo-string-sale\/#breadcrumb\",\"itemListElement\":[{\"@type\":\"ListItem\",\"position\":1,\"name\":\"Startseite\",\"item\":\"https:\/\/www.wojoer.de\/\"},{\"@type\":\"ListItem\",\"position\":2,\"name\":\"SHOP\",\"item\":\"https:\/\/www.wojoer.de\/shop\/\"},{\"@type\":\"ListItem\",\"position\":3,\"name\":\"Schmalissimo String Sale\"}]},{\"@type\":\"WebSite\",\"@id\":\"https:\/\/www.wojoer.de\/#website\",\"url\":\"https:\/\/www.wojoer.de\/\",\"name\":\"WOJOER\",\"description\":\"clubwear for men\",\"publisher\":{\"@id\":\"https:\/\/www.wojoer.de\/#organization\"},\"potentialAction\":[{\"@type\":\"SearchAction\",\"target\":{\"@type\":\"EntryPoint\",\"urlTemplate\":\"https:\/\/www.wojoer.de\/?s={search_term_string}\"},\"query-input\":{\"@type\":\"PropertyValueSpecification\",\"valueRequired\":true,\"valueName\":\"search_term_string\"}}],\"inLanguage\":\"en-GB\"},{\"@type\":\"Organization\",\"@id\":\"https:\/\/www.wojoer.de\/#organization\",\"name\":\"Wonneberger-Manufaktur\",\"url\":\"https:\/\/www.wojoer.de\/\",\"logo\":{\"@type\":\"ImageObject\",\"inLanguage\":\"en-GB\",\"@id\":\"https:\/\/www.wojoer.de\/#\/schema\/logo\/image\/\",\"url\":\"https:\/\/www.wojoer.de\/wp-content\/uploads\/2016\/11\/wonnebergermanufaktur_logo_BUTTON.png\",\"contentUrl\":\"https:\/\/www.wojoer.de\/wp-content\/uploads\/2016\/11\/wonnebergermanufaktur_logo_BUTTON.png\",\"width\":765,\"height\":765,\"caption\":\"Wonneberger-Manufaktur\"},\"image\":{\"@id\":\"https:\/\/www.wojoer.de\/#\/schema\/logo\/image\/\"},\"sameAs\":[\"https:\/\/www.facebook.com\/wojoer\/\",\"https:\/\/de.pinterest.com\/W0J0ER\/\"]}]}<\/script>\n<!-- \/ Yoast SEO plugin. -->","yoast_head_json":{"title":"Transparenter Schmalissimo String | bunt | einzigartig","description":"Schmalissimo String transparent. Buntes Muster. Einzelst\u00fcck. Jetzt versandkostenfrei innerhalb Deutschlands online bestellen!","robots":{"index":"index","follow":"follow","max-snippet":"max-snippet:-1","max-image-preview":"max-image-preview:large","max-video-preview":"max-video-preview:-1"},"canonical":"https:\/\/www.wojoer.de\/en\/produkt\/schmalissimo-string-sale\/","twitter_card":"summary_large_image","twitter_title":"[:de]Transparenter Schmalissimo String | bunt | einzigartig[:]","twitter_description":"[:de]Schmalissimo String transparent. Buntes Muster. Einzelst\u00fcck. Jetzt versandkostenfrei innerhalb Deutschlands online bestellen![:]","twitter_image":"https:\/\/www.wojoer.de\/wp-content\/uploads\/2024\/09\/IMG18.jpg","twitter_misc":{"Estimated reading time":"1 minute"},"schema":{"@context":"https:\/\/schema.org","@graph":[{"@type":"WebPage","@id":"https:\/\/www.wojoer.de\/produkt\/schmalissimo-string-sale\/","url":"https:\/\/www.wojoer.de\/produkt\/schmalissimo-string-sale\/","name":"Transparenter Schmalissimo String | bunt | einzigartig","isPartOf":{"@id":"https:\/\/www.wojoer.de\/#website"},"primaryImageOfPage":{"@id":"https:\/\/www.wojoer.de\/produkt\/schmalissimo-string-sale\/#primaryimage"},"image":{"@id":"https:\/\/www.wojoer.de\/produkt\/schmalissimo-string-sale\/#primaryimage"},"thumbnailUrl":"https:\/\/www.wojoer.de\/wp-content\/uploads\/2024\/09\/IMG18.jpg","datePublished":"2024-06-10T11:37:49+00:00","dateModified":"2024-10-24T11:27:45+00:00","description":"Schmalissimo String transparent. Buntes Muster. Einzelst\u00fcck. Jetzt versandkostenfrei innerhalb Deutschlands online bestellen!","breadcrumb":{"@id":"https:\/\/www.wojoer.de\/produkt\/schmalissimo-string-sale\/#breadcrumb"},"inLanguage":"en-GB","potentialAction":[{"@type":"ReadAction","target":["https:\/\/www.wojoer.de\/produkt\/schmalissimo-string-sale\/"]}]},{"@type":"ImageObject","inLanguage":"en-GB","@id":"https:\/\/www.wojoer.de\/produkt\/schmalissimo-string-sale\/#primaryimage","url":"https:\/\/www.wojoer.de\/wp-content\/uploads\/2024\/09\/IMG18.jpg","contentUrl":"https:\/\/www.wojoer.de\/wp-content\/uploads\/2024\/09\/IMG18.jpg","width":1001,"height":1001},{"@type":"BreadcrumbList","@id":"https:\/\/www.wojoer.de\/produkt\/schmalissimo-string-sale\/#breadcrumb","itemListElement":[{"@type":"ListItem","position":1,"name":"Startseite","item":"https:\/\/www.wojoer.de\/"},{"@type":"ListItem","position":2,"name":"SHOP","item":"https:\/\/www.wojoer.de\/shop\/"},{"@type":"ListItem","position":3,"name":"Schmalissimo String Sale"}]},{"@type":"WebSite","@id":"https:\/\/www.wojoer.de\/#website","url":"https:\/\/www.wojoer.de\/","name":"WOJOER","description":"clubwear for men","publisher":{"@id":"https:\/\/www.wojoer.de\/#organization"},"potentialAction":[{"@type":"SearchAction","target":{"@type":"EntryPoint","urlTemplate":"https:\/\/www.wojoer.de\/?s={search_term_string}"},"query-input":{"@type":"PropertyValueSpecification","valueRequired":true,"valueName":"search_term_string"}}],"inLanguage":"en-GB"},{"@type":"Organization","@id":"https:\/\/www.wojoer.de\/#organization","name":"Wonneberger-Manufaktur","url":"https:\/\/www.wojoer.de\/","logo":{"@type":"ImageObject","inLanguage":"en-GB","@id":"https:\/\/www.wojoer.de\/#\/schema\/logo\/image\/","url":"https:\/\/www.wojoer.de\/wp-content\/uploads\/2016\/11\/wonnebergermanufaktur_logo_BUTTON.png","contentUrl":"https:\/\/www.wojoer.de\/wp-content\/uploads\/2016\/11\/wonnebergermanufaktur_logo_BUTTON.png","width":765,"height":765,"caption":"Wonneberger-Manufaktur"},"image":{"@id":"https:\/\/www.wojoer.de\/#\/schema\/logo\/image\/"},"sameAs":["https:\/\/www.facebook.com\/wojoer\/","https:\/\/de.pinterest.com\/W0J0ER\/"]}]}},"_links":{"self":[{"href":"https:\/\/www.wojoer.de\/en\/wp-json\/wp\/v2\/product\/43640","targetHints":{"allow":["GET"]}}],"collection":[{"href":"https:\/\/www.wojoer.de\/en\/wp-json\/wp\/v2\/product"}],"about":[{"href":"https:\/\/www.wojoer.de\/en\/wp-json\/wp\/v2\/types\/product"}],"replies":[{"embeddable":true,"href":"https:\/\/www.wojoer.de\/en\/wp-json\/wp\/v2\/comments?post=43640"}],"wp:featuredmedia":[{"embeddable":true,"href":"https:\/\/www.wojoer.de\/en\/wp-json\/wp\/v2\/media\/45593"}],"wp:attachment":[{"href":"https:\/\/www.wojoer.de\/en\/wp-json\/wp\/v2\/media?parent=43640"}],"wp:term":[{"taxonomy":"product_brand","embeddable":true,"href":"https:\/\/www.wojoer.de\/en\/wp-json\/wp\/v2\/product_brand?post=43640"},{"taxonomy":"product_cat","embeddable":true,"href":"https:\/\/www.wojoer.de\/en\/wp-json\/wp\/v2\/product_cat?post=43640"},{"taxonomy":"product_tag","embeddable":true,"href":"https:\/\/www.wojoer.de\/en\/wp-json\/wp\/v2\/product_tag?post=43640"}],"curies":[{"name":"wp","href":"https:\/\/api.w.org\/{rel}","templated":true}]}}