{"id":44091,"date":"2023-06-14T13:53:38","date_gmt":"2023-06-14T11:53:38","guid":{"rendered":"https:\/\/www.wojoer.de\/?post_type=product&#038;p=44091"},"modified":"2025-12-15T09:07:24","modified_gmt":"2025-12-15T08:07:24","slug":"beun-basic-slip-320b5-2","status":"publish","type":"product","link":"https:\/\/www.wojoer.de\/en\/produkt\/beun-basic-slip-320b5-2\/","title":{"rendered":"BEUN BASIC Slip 320B5"},"content":{"rendered":"<p>Musterst\u00fcck<\/p>\n<h3>Gr\u00f6\u00dfe<\/h3>\n<p>S<\/p>\n<h3>Materialzusammensetzung<\/h3>\n<p>BEUN: 82% Polyamid, 18% Elasthan<\/p>\n<h3>Besonderheiten<\/h3>\n<p>Sale| badetauglich | seidenmatte Oberfl\u00e4chenoptik | leicht transparent | luftig | schnell trocknend | dehnbar | hauteng &#038; bequem | minimalistisches Basic | hochwertige Verarbeitung &#8220;Made in Germany&#8221;<\/p>\n<h3>Benutzerhinweise<\/h3>\n<p>30\u00b0 Schonw\u00e4sche | auf niedriger Stufe b\u00fcgeln<\/p>\n<h3>BEUN BASIC SLIP &#8211; BEACH &#038; UNDERWEAR<\/h3>\n<p>Mehr Wumms geht nicht! Denn eindrucksvoll knallig lockt der WOJOER Slip in verschiedenen knalligen Farben. Perfekt f\u00fcr den Strand oder? Aber auch zur k\u00fchleren Jahreszeit tr\u00e4gt seine Luftdurchl\u00e4ssigkeit und sein weicher Griff wesentlich zu einem angenehmen Tragekomfort bei. Seine sanfte Ausformung und die vorteilhafte Passform im Schritt sind iedeal f\u00fcr langes Sitzen im B\u00fcro, f\u00fcr sportliche Aktivit\u00e4ten oder gar den Sprung ins k\u00fchle Nass. Denn das matte, hauch d\u00fcnne BEUN-Material ist BEACH &#038; UNDERWEAR tauglich! Dank seiner Chlor- und Salzwasserresistenz.<\/p>\n","protected":false},"excerpt":{"rendered":"<p>Musterst\u00fcck<br \/>\nGr\u00f6\u00dfe<br \/>\nS<br \/>\nMaterialzusammensetzung<br \/>\nBEUN: 82% Polyamid, 18% Elasthan<br \/>\nBesonderheiten<br \/>\nSale| badetauglich | seidenmatte Oberfl\u00e4chenoptik | leicht transparent | luftig | schnell trocknend | dehnbar | hauteng &#038; bequem | minimalistisches Basic | hochwertige Verarbeitung &#8220;Made in Germany&#8221;<br \/>\nBenutzerhinweise<br \/>\n30\u00b0 Schonw\u00e4sche | auf niedriger Stufe b\u00fcgeln<br \/>\nBEUN BASIC SLIP\u2026<\/p>\n","protected":false},"featured_media":6790,"comment_status":"open","ping_status":"closed","template":"","meta":[],"product_brand":[],"product_cat":[342],"product_tag":[],"class_list":{"0":"post-44091","1":"product","2":"type-product","3":"status-publish","4":"has-post-thumbnail","6":"product_cat-sale","7":"product_shipping_class-beun","8":"pa_farbe-eisblau","9":"pa_farbe-royalblau","10":"pa_farbe-candypink","11":"pa_farbe-crema","12":"pa_farbe-neoncoral","13":"pa_farbe-neongelb","14":"pa_farbe-nude","15":"pa_farbe-vulcano","16":"pa_farbe-schwarz","17":"pa_groesse-l","18":"pa_groesse-m","19":"pa_groesse-s","20":"pa_groesse-xl","21":"pif-has-gallery","22":"post-1","23":"odd","25":"first","26":"instock","27":"sale","28":"featured","29":"taxable","30":"shipping-taxable","31":"purchasable","32":"product-type-variable","33":"has-default-attributes"},"yoast_head":"<!-- This site is optimized with the Yoast SEO plugin v27.2 - https:\/\/yoast.com\/product\/yoast-seo-wordpress\/ -->\n<title>Basic Slip | Badehose | Beach &amp; Underwear hauch d\u00fcnn bequem<\/title>\n<meta name=\"description\" content=\"Die hauchd\u00fcnnen, leicht transparenten &amp; matten BEUN Basic Slip liegt seidig weich auf der Haut &amp; ist in 9 phantastischen Farben erh\u00e4ltlich.\" \/>\n<meta name=\"robots\" content=\"index, follow, max-snippet:-1, max-image-preview:large, max-video-preview:-1\" \/>\n<link rel=\"canonical\" href=\"https:\/\/www.wojoer.de\/en\/produkt\/beun-basic-slip-320b5-2\/\" \/>\n<meta name=\"twitter:card\" content=\"summary_large_image\" \/>\n<meta name=\"twitter:title\" content=\"Basic Slip | Badehose | Beach &amp; Underwear hauch d\u00fcnn bequem\" \/>\n<meta name=\"twitter:description\" content=\"Die hauchd\u00fcnnen, leicht transparenten &amp; matten BEUN Basic Slip liegt seidig weich auf der Haut &amp; ist in 9 phantastischen Farben erh\u00e4ltlich.\" \/>\n<meta name=\"twitter:label1\" content=\"Estimated reading time\" \/>\n\t<meta name=\"twitter:data1\" content=\"1 minute\" \/>\n<script type=\"application\/ld+json\" class=\"yoast-schema-graph\">{\"@context\":\"https:\/\/schema.org\",\"@graph\":[{\"@type\":\"WebPage\",\"@id\":\"https:\/\/www.wojoer.de\/produkt\/beun-basic-slip-320b5-2\/\",\"url\":\"https:\/\/www.wojoer.de\/produkt\/beun-basic-slip-320b5-2\/\",\"name\":\"Basic Slip | Badehose | Beach & Underwear hauch d\u00fcnn bequem\",\"isPartOf\":{\"@id\":\"https:\/\/www.wojoer.de\/#website\"},\"primaryImageOfPage\":{\"@id\":\"https:\/\/www.wojoer.de\/produkt\/beun-basic-slip-320b5-2\/#primaryimage\"},\"image\":{\"@id\":\"https:\/\/www.wojoer.de\/produkt\/beun-basic-slip-320b5-2\/#primaryimage\"},\"thumbnailUrl\":\"https:\/\/www.wojoer.de\/wp-content\/uploads\/2017\/09\/320B5_basic_slip_royalblau_back_wojoer.jpg\",\"datePublished\":\"2023-06-14T11:53:38+00:00\",\"dateModified\":\"2025-12-15T08:07:24+00:00\",\"description\":\"Die hauchd\u00fcnnen, leicht transparenten & matten BEUN Basic Slip liegt seidig weich auf der Haut & ist in 9 phantastischen Farben erh\u00e4ltlich.\",\"breadcrumb\":{\"@id\":\"https:\/\/www.wojoer.de\/produkt\/beun-basic-slip-320b5-2\/#breadcrumb\"},\"inLanguage\":\"en-GB\",\"potentialAction\":[{\"@type\":\"ReadAction\",\"target\":[\"https:\/\/www.wojoer.de\/produkt\/beun-basic-slip-320b5-2\/\"]}]},{\"@type\":\"ImageObject\",\"inLanguage\":\"en-GB\",\"@id\":\"https:\/\/www.wojoer.de\/produkt\/beun-basic-slip-320b5-2\/#primaryimage\",\"url\":\"https:\/\/www.wojoer.de\/wp-content\/uploads\/2017\/09\/320B5_basic_slip_royalblau_back_wojoer.jpg\",\"contentUrl\":\"https:\/\/www.wojoer.de\/wp-content\/uploads\/2017\/09\/320B5_basic_slip_royalblau_back_wojoer.jpg\",\"width\":2002,\"height\":2002,\"caption\":\"Basic Slip, BEUN Basic, Beach and underwear, badetauglich, Cheeky Slip, Brief, Pants, Shorts, Unterhose, K\u00f6nigs blau, Royal blau, Blau\"},{\"@type\":\"BreadcrumbList\",\"@id\":\"https:\/\/www.wojoer.de\/produkt\/beun-basic-slip-320b5-2\/#breadcrumb\",\"itemListElement\":[{\"@type\":\"ListItem\",\"position\":1,\"name\":\"Startseite\",\"item\":\"https:\/\/www.wojoer.de\/\"},{\"@type\":\"ListItem\",\"position\":2,\"name\":\"SHOP\",\"item\":\"https:\/\/www.wojoer.de\/shop\/\"},{\"@type\":\"ListItem\",\"position\":3,\"name\":\"BEUN BASIC Slip 320B5\"}]},{\"@type\":\"WebSite\",\"@id\":\"https:\/\/www.wojoer.de\/#website\",\"url\":\"https:\/\/www.wojoer.de\/\",\"name\":\"WOJOER\",\"description\":\"clubwear for men\",\"publisher\":{\"@id\":\"https:\/\/www.wojoer.de\/#organization\"},\"potentialAction\":[{\"@type\":\"SearchAction\",\"target\":{\"@type\":\"EntryPoint\",\"urlTemplate\":\"https:\/\/www.wojoer.de\/?s={search_term_string}\"},\"query-input\":{\"@type\":\"PropertyValueSpecification\",\"valueRequired\":true,\"valueName\":\"search_term_string\"}}],\"inLanguage\":\"en-GB\"},{\"@type\":\"Organization\",\"@id\":\"https:\/\/www.wojoer.de\/#organization\",\"name\":\"Wonneberger-Manufaktur\",\"url\":\"https:\/\/www.wojoer.de\/\",\"logo\":{\"@type\":\"ImageObject\",\"inLanguage\":\"en-GB\",\"@id\":\"https:\/\/www.wojoer.de\/#\/schema\/logo\/image\/\",\"url\":\"https:\/\/www.wojoer.de\/wp-content\/uploads\/2016\/11\/wonnebergermanufaktur_logo_BUTTON.png\",\"contentUrl\":\"https:\/\/www.wojoer.de\/wp-content\/uploads\/2016\/11\/wonnebergermanufaktur_logo_BUTTON.png\",\"width\":765,\"height\":765,\"caption\":\"Wonneberger-Manufaktur\"},\"image\":{\"@id\":\"https:\/\/www.wojoer.de\/#\/schema\/logo\/image\/\"},\"sameAs\":[\"https:\/\/www.facebook.com\/wojoer\/\",\"https:\/\/de.pinterest.com\/W0J0ER\/\"]}]}<\/script>\n<!-- \/ Yoast SEO plugin. -->","yoast_head_json":{"title":"Basic Slip | Badehose | Beach & Underwear hauch d\u00fcnn bequem","description":"Die hauchd\u00fcnnen, leicht transparenten & matten BEUN Basic Slip liegt seidig weich auf der Haut & ist in 9 phantastischen Farben erh\u00e4ltlich.","robots":{"index":"index","follow":"follow","max-snippet":"max-snippet:-1","max-image-preview":"max-image-preview:large","max-video-preview":"max-video-preview:-1"},"canonical":"https:\/\/www.wojoer.de\/en\/produkt\/beun-basic-slip-320b5-2\/","twitter_card":"summary_large_image","twitter_title":"[:de]Basic Slip | Badehose | Beach & Underwear hauch d\u00fcnn bequem[:]","twitter_description":"[:de]Die hauchd\u00fcnnen, leicht transparenten & matten BEUN Basic Slip liegt seidig weich auf der Haut & ist in 9 phantastischen Farben erh\u00e4ltlich.[:]","twitter_misc":{"Estimated reading time":"1 minute"},"schema":{"@context":"https:\/\/schema.org","@graph":[{"@type":"WebPage","@id":"https:\/\/www.wojoer.de\/produkt\/beun-basic-slip-320b5-2\/","url":"https:\/\/www.wojoer.de\/produkt\/beun-basic-slip-320b5-2\/","name":"Basic Slip | Badehose | Beach & Underwear hauch d\u00fcnn bequem","isPartOf":{"@id":"https:\/\/www.wojoer.de\/#website"},"primaryImageOfPage":{"@id":"https:\/\/www.wojoer.de\/produkt\/beun-basic-slip-320b5-2\/#primaryimage"},"image":{"@id":"https:\/\/www.wojoer.de\/produkt\/beun-basic-slip-320b5-2\/#primaryimage"},"thumbnailUrl":"https:\/\/www.wojoer.de\/wp-content\/uploads\/2017\/09\/320B5_basic_slip_royalblau_back_wojoer.jpg","datePublished":"2023-06-14T11:53:38+00:00","dateModified":"2025-12-15T08:07:24+00:00","description":"Die hauchd\u00fcnnen, leicht transparenten & matten BEUN Basic Slip liegt seidig weich auf der Haut & ist in 9 phantastischen Farben erh\u00e4ltlich.","breadcrumb":{"@id":"https:\/\/www.wojoer.de\/produkt\/beun-basic-slip-320b5-2\/#breadcrumb"},"inLanguage":"en-GB","potentialAction":[{"@type":"ReadAction","target":["https:\/\/www.wojoer.de\/produkt\/beun-basic-slip-320b5-2\/"]}]},{"@type":"ImageObject","inLanguage":"en-GB","@id":"https:\/\/www.wojoer.de\/produkt\/beun-basic-slip-320b5-2\/#primaryimage","url":"https:\/\/www.wojoer.de\/wp-content\/uploads\/2017\/09\/320B5_basic_slip_royalblau_back_wojoer.jpg","contentUrl":"https:\/\/www.wojoer.de\/wp-content\/uploads\/2017\/09\/320B5_basic_slip_royalblau_back_wojoer.jpg","width":2002,"height":2002,"caption":"Basic Slip, BEUN Basic, Beach and underwear, badetauglich, Cheeky Slip, Brief, Pants, Shorts, Unterhose, K\u00f6nigs blau, Royal blau, Blau"},{"@type":"BreadcrumbList","@id":"https:\/\/www.wojoer.de\/produkt\/beun-basic-slip-320b5-2\/#breadcrumb","itemListElement":[{"@type":"ListItem","position":1,"name":"Startseite","item":"https:\/\/www.wojoer.de\/"},{"@type":"ListItem","position":2,"name":"SHOP","item":"https:\/\/www.wojoer.de\/shop\/"},{"@type":"ListItem","position":3,"name":"BEUN BASIC Slip 320B5"}]},{"@type":"WebSite","@id":"https:\/\/www.wojoer.de\/#website","url":"https:\/\/www.wojoer.de\/","name":"WOJOER","description":"clubwear for men","publisher":{"@id":"https:\/\/www.wojoer.de\/#organization"},"potentialAction":[{"@type":"SearchAction","target":{"@type":"EntryPoint","urlTemplate":"https:\/\/www.wojoer.de\/?s={search_term_string}"},"query-input":{"@type":"PropertyValueSpecification","valueRequired":true,"valueName":"search_term_string"}}],"inLanguage":"en-GB"},{"@type":"Organization","@id":"https:\/\/www.wojoer.de\/#organization","name":"Wonneberger-Manufaktur","url":"https:\/\/www.wojoer.de\/","logo":{"@type":"ImageObject","inLanguage":"en-GB","@id":"https:\/\/www.wojoer.de\/#\/schema\/logo\/image\/","url":"https:\/\/www.wojoer.de\/wp-content\/uploads\/2016\/11\/wonnebergermanufaktur_logo_BUTTON.png","contentUrl":"https:\/\/www.wojoer.de\/wp-content\/uploads\/2016\/11\/wonnebergermanufaktur_logo_BUTTON.png","width":765,"height":765,"caption":"Wonneberger-Manufaktur"},"image":{"@id":"https:\/\/www.wojoer.de\/#\/schema\/logo\/image\/"},"sameAs":["https:\/\/www.facebook.com\/wojoer\/","https:\/\/de.pinterest.com\/W0J0ER\/"]}]}},"_links":{"self":[{"href":"https:\/\/www.wojoer.de\/en\/wp-json\/wp\/v2\/product\/44091","targetHints":{"allow":["GET"]}}],"collection":[{"href":"https:\/\/www.wojoer.de\/en\/wp-json\/wp\/v2\/product"}],"about":[{"href":"https:\/\/www.wojoer.de\/en\/wp-json\/wp\/v2\/types\/product"}],"replies":[{"embeddable":true,"href":"https:\/\/www.wojoer.de\/en\/wp-json\/wp\/v2\/comments?post=44091"}],"wp:featuredmedia":[{"embeddable":true,"href":"https:\/\/www.wojoer.de\/en\/wp-json\/wp\/v2\/media\/6790"}],"wp:attachment":[{"href":"https:\/\/www.wojoer.de\/en\/wp-json\/wp\/v2\/media?parent=44091"}],"wp:term":[{"taxonomy":"product_brand","embeddable":true,"href":"https:\/\/www.wojoer.de\/en\/wp-json\/wp\/v2\/product_brand?post=44091"},{"taxonomy":"product_cat","embeddable":true,"href":"https:\/\/www.wojoer.de\/en\/wp-json\/wp\/v2\/product_cat?post=44091"},{"taxonomy":"product_tag","embeddable":true,"href":"https:\/\/www.wojoer.de\/en\/wp-json\/wp\/v2\/product_tag?post=44091"}],"curies":[{"name":"wp","href":"https:\/\/api.w.org\/{rel}","templated":true}]}}