{"id":45149,"date":"2025-11-28T10:27:21","date_gmt":"2025-11-28T09:27:21","guid":{"rendered":"https:\/\/www.wojoer.de\/?post_type=product&#038;p=45149"},"modified":"2026-04-06T19:50:35","modified_gmt":"2026-04-06T17:50:35","slug":"brasil-push-string","status":"publish","type":"product","link":"https:\/\/www.wojoer.de\/en\/produkt\/brasil-push-string\/","title":{"rendered":"BadeGlanz Push String"},"content":{"rendered":"<p>Dieser Badeglanz Push String geh\u00f6rt zu den Wojoer LIVE-Produkten. Sie werden ab Bestellung bei uns produziert. So k\u00f6nnen wir auf Kundenw\u00fcnsche individuell eingehen.<\/p>\n<h3>Gr\u00f6\u00dfen<\/h3>\n<p>Erh\u00e4ltlich in den Gr\u00f6\u00dfen S, M, L, XL, XXL, 3XL<\/p>\n<h3>Materialzusammensetzung<\/h3>\n<p>80% Polyamid, 20% Elasthan<\/p>\n<h3>Besonderheiten<\/h3>\n<p><a href=\"http:\/\/www.wojoer.de\/?s=LIVE&#038;post_type=product\">LIVE-Produkt<\/a>\u00a0 | dehnbarer leicht gl\u00e4nzend | angenehme Passform | leichte Hebefunktion an der Front | schnell trocknend |hochwertige Verarbeitung &#8220;Made in Germany&#8221;<\/p>\n<h3><strong>Benutzerhinweise<\/strong><\/h3>\n<p>Waschprogramm 30 Grad, kein Weichsp\u00fcler<\/p>\n<h3>Badeglanz Push String &#8211; sexy Unterw\u00e4sche f\u00fcr Herren &#8211; Bade String<\/h3>\n","protected":false},"excerpt":{"rendered":"<p>Dieser Badeglanz Push String geh\u00f6rt zu den Wojoer LIVE-Produkten. Sie werden ab Bestellung bei uns produziert. So k\u00f6nnen wir auf Kundenw\u00fcnsche individuell eingehen.<br \/>\nGr\u00f6\u00dfen<br \/>\nErh\u00e4ltlich in den Gr\u00f6\u00dfen S, M, L, XL, XXL, 3XL<br \/>\nMaterialzusammensetzung<br \/>\n80% Polyamid, 20% Elasthan<br \/>\nBesonderheiten<br \/>\nLIVE-Produkt\u00a0 | dehnbarer leicht gl\u00e4nzend |\u2026<\/p>\n","protected":false},"featured_media":45296,"comment_status":"open","ping_status":"closed","template":"","meta":[],"product_brand":[],"product_cat":[808,115,116,169,473,862,326],"product_tag":[276,184,119],"class_list":{"0":"post-45149","1":"product","2":"type-product","3":"status-publish","4":"has-post-thumbnail","6":"product_cat-badeglanz","7":"product_cat-beachwear","8":"product_cat-clubwear","9":"product_cat-nos-never-out-of-stock","10":"product_cat-men","11":"product_cat-men-only","12":"product_cat-wojoer","13":"product_tag-badeglanz","14":"product_tag-push-up","15":"product_tag-string","16":"product_shipping_class-beun","17":"pa_farbe-weiss-braun","18":"pa_farbe-weiss-gelb","19":"pa_farbe-weiss-gruen","20":"pa_farbe-weiss-hellblau","21":"pa_farbe-weiss-lila","22":"pa_farbe-weiss-nude","23":"pa_farbe-weiss-olive","24":"pa_farbe-weiss-orange","25":"pa_farbe-weiss-rosa","26":"pa_farbe-weiss-rot","27":"pa_farbe-weiss-royalblau","28":"pa_farbe-weiss-schwarz","29":"pa_farbe-weiss-silber","30":"pa_groesse-l","31":"pa_groesse-m","32":"pa_groesse-s","33":"pa_groesse-xl","34":"pa_groesse-xxl","35":"pa_groesse-xxxl","36":"pif-has-gallery","37":"post-1","38":"odd","40":"first","41":"instock","42":"taxable","43":"shipping-taxable","44":"purchasable","45":"product-type-variable","46":"has-default-attributes"},"yoast_head":"<!-- This site is optimized with the Yoast SEO plugin v27.2 - https:\/\/yoast.com\/product\/yoast-seo-wordpress\/ -->\n<title>Badeglanz String | super schmaler Badeglanz String| WOJOER<\/title>\n<meta name=\"description\" content=\"Badeglanz Mini Push String\" \/>\n<meta name=\"robots\" content=\"index, follow, max-snippet:-1, max-image-preview:large, max-video-preview:-1\" \/>\n<link rel=\"canonical\" href=\"https:\/\/www.wojoer.de\/en\/produkt\/brasil-push-string\/\" \/>\n<meta name=\"twitter:card\" content=\"summary_large_image\" \/>\n<meta name=\"twitter:title\" content=\"Badeglanz String | super schmaler Badeglanz String| WOJOER\" \/>\n<meta name=\"twitter:description\" content=\"Badeglanz Mini Push String\" \/>\n<meta name=\"twitter:image\" content=\"https:\/\/www.wojoer.de\/wp-content\/uploads\/2024\/07\/0335-S028-0D-06-06-1.-SilkySheen-MiniPushString-dehnbar-weiss_lila-L-front-wojoer.jpg\" \/>\n<meta name=\"twitter:label1\" content=\"Estimated reading time\" \/>\n\t<meta name=\"twitter:data1\" content=\"1 minute\" \/>\n<script type=\"application\/ld+json\" class=\"yoast-schema-graph\">{\"@context\":\"https:\/\/schema.org\",\"@graph\":[{\"@type\":\"WebPage\",\"@id\":\"https:\/\/www.wojoer.de\/produkt\/brasil-push-string\/\",\"url\":\"https:\/\/www.wojoer.de\/produkt\/brasil-push-string\/\",\"name\":\"Badeglanz String | super schmaler Badeglanz String| WOJOER\",\"isPartOf\":{\"@id\":\"https:\/\/www.wojoer.de\/#website\"},\"primaryImageOfPage\":{\"@id\":\"https:\/\/www.wojoer.de\/produkt\/brasil-push-string\/#primaryimage\"},\"image\":{\"@id\":\"https:\/\/www.wojoer.de\/produkt\/brasil-push-string\/#primaryimage\"},\"thumbnailUrl\":\"https:\/\/www.wojoer.de\/wp-content\/uploads\/2024\/07\/0335-S028-0D-06-06-1.-SilkySheen-MiniPushString-dehnbar-weiss_lila-L-front-wojoer.jpg\",\"datePublished\":\"2025-11-28T09:27:21+00:00\",\"dateModified\":\"2026-04-06T17:50:35+00:00\",\"description\":\"Badeglanz Mini Push String\",\"breadcrumb\":{\"@id\":\"https:\/\/www.wojoer.de\/produkt\/brasil-push-string\/#breadcrumb\"},\"inLanguage\":\"en-GB\",\"potentialAction\":[{\"@type\":\"ReadAction\",\"target\":[\"https:\/\/www.wojoer.de\/produkt\/brasil-push-string\/\"]}]},{\"@type\":\"ImageObject\",\"inLanguage\":\"en-GB\",\"@id\":\"https:\/\/www.wojoer.de\/produkt\/brasil-push-string\/#primaryimage\",\"url\":\"https:\/\/www.wojoer.de\/wp-content\/uploads\/2024\/07\/0335-S028-0D-06-06-1.-SilkySheen-MiniPushString-dehnbar-weiss_lila-L-front-wojoer.jpg\",\"contentUrl\":\"https:\/\/www.wojoer.de\/wp-content\/uploads\/2024\/07\/0335-S028-0D-06-06-1.-SilkySheen-MiniPushString-dehnbar-weiss_lila-L-front-wojoer.jpg\",\"width\":1781,\"height\":1781},{\"@type\":\"BreadcrumbList\",\"@id\":\"https:\/\/www.wojoer.de\/produkt\/brasil-push-string\/#breadcrumb\",\"itemListElement\":[{\"@type\":\"ListItem\",\"position\":1,\"name\":\"Startseite\",\"item\":\"https:\/\/www.wojoer.de\/\"},{\"@type\":\"ListItem\",\"position\":2,\"name\":\"SHOP\",\"item\":\"https:\/\/www.wojoer.de\/shop\/\"},{\"@type\":\"ListItem\",\"position\":3,\"name\":\"BadeGlanz Push String\"}]},{\"@type\":\"WebSite\",\"@id\":\"https:\/\/www.wojoer.de\/#website\",\"url\":\"https:\/\/www.wojoer.de\/\",\"name\":\"WOJOER\",\"description\":\"clubwear for men\",\"publisher\":{\"@id\":\"https:\/\/www.wojoer.de\/#organization\"},\"potentialAction\":[{\"@type\":\"SearchAction\",\"target\":{\"@type\":\"EntryPoint\",\"urlTemplate\":\"https:\/\/www.wojoer.de\/?s={search_term_string}\"},\"query-input\":{\"@type\":\"PropertyValueSpecification\",\"valueRequired\":true,\"valueName\":\"search_term_string\"}}],\"inLanguage\":\"en-GB\"},{\"@type\":\"Organization\",\"@id\":\"https:\/\/www.wojoer.de\/#organization\",\"name\":\"Wonneberger-Manufaktur\",\"url\":\"https:\/\/www.wojoer.de\/\",\"logo\":{\"@type\":\"ImageObject\",\"inLanguage\":\"en-GB\",\"@id\":\"https:\/\/www.wojoer.de\/#\/schema\/logo\/image\/\",\"url\":\"https:\/\/www.wojoer.de\/wp-content\/uploads\/2016\/11\/wonnebergermanufaktur_logo_BUTTON.png\",\"contentUrl\":\"https:\/\/www.wojoer.de\/wp-content\/uploads\/2016\/11\/wonnebergermanufaktur_logo_BUTTON.png\",\"width\":765,\"height\":765,\"caption\":\"Wonneberger-Manufaktur\"},\"image\":{\"@id\":\"https:\/\/www.wojoer.de\/#\/schema\/logo\/image\/\"},\"sameAs\":[\"https:\/\/www.facebook.com\/wojoer\/\",\"https:\/\/de.pinterest.com\/W0J0ER\/\"]}]}<\/script>\n<!-- \/ Yoast SEO plugin. -->","yoast_head_json":{"title":"Badeglanz String | super schmaler Badeglanz String| WOJOER","description":"Badeglanz Mini Push String","robots":{"index":"index","follow":"follow","max-snippet":"max-snippet:-1","max-image-preview":"max-image-preview:large","max-video-preview":"max-video-preview:-1"},"canonical":"https:\/\/www.wojoer.de\/en\/produkt\/brasil-push-string\/","twitter_card":"summary_large_image","twitter_title":"Badeglanz String | super schmaler Badeglanz String| WOJOER","twitter_description":"Badeglanz Mini Push String","twitter_image":"https:\/\/www.wojoer.de\/wp-content\/uploads\/2024\/07\/0335-S028-0D-06-06-1.-SilkySheen-MiniPushString-dehnbar-weiss_lila-L-front-wojoer.jpg","twitter_misc":{"Estimated reading time":"1 minute"},"schema":{"@context":"https:\/\/schema.org","@graph":[{"@type":"WebPage","@id":"https:\/\/www.wojoer.de\/produkt\/brasil-push-string\/","url":"https:\/\/www.wojoer.de\/produkt\/brasil-push-string\/","name":"Badeglanz String | super schmaler Badeglanz String| WOJOER","isPartOf":{"@id":"https:\/\/www.wojoer.de\/#website"},"primaryImageOfPage":{"@id":"https:\/\/www.wojoer.de\/produkt\/brasil-push-string\/#primaryimage"},"image":{"@id":"https:\/\/www.wojoer.de\/produkt\/brasil-push-string\/#primaryimage"},"thumbnailUrl":"https:\/\/www.wojoer.de\/wp-content\/uploads\/2024\/07\/0335-S028-0D-06-06-1.-SilkySheen-MiniPushString-dehnbar-weiss_lila-L-front-wojoer.jpg","datePublished":"2025-11-28T09:27:21+00:00","dateModified":"2026-04-06T17:50:35+00:00","description":"Badeglanz Mini Push String","breadcrumb":{"@id":"https:\/\/www.wojoer.de\/produkt\/brasil-push-string\/#breadcrumb"},"inLanguage":"en-GB","potentialAction":[{"@type":"ReadAction","target":["https:\/\/www.wojoer.de\/produkt\/brasil-push-string\/"]}]},{"@type":"ImageObject","inLanguage":"en-GB","@id":"https:\/\/www.wojoer.de\/produkt\/brasil-push-string\/#primaryimage","url":"https:\/\/www.wojoer.de\/wp-content\/uploads\/2024\/07\/0335-S028-0D-06-06-1.-SilkySheen-MiniPushString-dehnbar-weiss_lila-L-front-wojoer.jpg","contentUrl":"https:\/\/www.wojoer.de\/wp-content\/uploads\/2024\/07\/0335-S028-0D-06-06-1.-SilkySheen-MiniPushString-dehnbar-weiss_lila-L-front-wojoer.jpg","width":1781,"height":1781},{"@type":"BreadcrumbList","@id":"https:\/\/www.wojoer.de\/produkt\/brasil-push-string\/#breadcrumb","itemListElement":[{"@type":"ListItem","position":1,"name":"Startseite","item":"https:\/\/www.wojoer.de\/"},{"@type":"ListItem","position":2,"name":"SHOP","item":"https:\/\/www.wojoer.de\/shop\/"},{"@type":"ListItem","position":3,"name":"BadeGlanz Push String"}]},{"@type":"WebSite","@id":"https:\/\/www.wojoer.de\/#website","url":"https:\/\/www.wojoer.de\/","name":"WOJOER","description":"clubwear for men","publisher":{"@id":"https:\/\/www.wojoer.de\/#organization"},"potentialAction":[{"@type":"SearchAction","target":{"@type":"EntryPoint","urlTemplate":"https:\/\/www.wojoer.de\/?s={search_term_string}"},"query-input":{"@type":"PropertyValueSpecification","valueRequired":true,"valueName":"search_term_string"}}],"inLanguage":"en-GB"},{"@type":"Organization","@id":"https:\/\/www.wojoer.de\/#organization","name":"Wonneberger-Manufaktur","url":"https:\/\/www.wojoer.de\/","logo":{"@type":"ImageObject","inLanguage":"en-GB","@id":"https:\/\/www.wojoer.de\/#\/schema\/logo\/image\/","url":"https:\/\/www.wojoer.de\/wp-content\/uploads\/2016\/11\/wonnebergermanufaktur_logo_BUTTON.png","contentUrl":"https:\/\/www.wojoer.de\/wp-content\/uploads\/2016\/11\/wonnebergermanufaktur_logo_BUTTON.png","width":765,"height":765,"caption":"Wonneberger-Manufaktur"},"image":{"@id":"https:\/\/www.wojoer.de\/#\/schema\/logo\/image\/"},"sameAs":["https:\/\/www.facebook.com\/wojoer\/","https:\/\/de.pinterest.com\/W0J0ER\/"]}]}},"_links":{"self":[{"href":"https:\/\/www.wojoer.de\/en\/wp-json\/wp\/v2\/product\/45149","targetHints":{"allow":["GET"]}}],"collection":[{"href":"https:\/\/www.wojoer.de\/en\/wp-json\/wp\/v2\/product"}],"about":[{"href":"https:\/\/www.wojoer.de\/en\/wp-json\/wp\/v2\/types\/product"}],"replies":[{"embeddable":true,"href":"https:\/\/www.wojoer.de\/en\/wp-json\/wp\/v2\/comments?post=45149"}],"wp:featuredmedia":[{"embeddable":true,"href":"https:\/\/www.wojoer.de\/en\/wp-json\/wp\/v2\/media\/45296"}],"wp:attachment":[{"href":"https:\/\/www.wojoer.de\/en\/wp-json\/wp\/v2\/media?parent=45149"}],"wp:term":[{"taxonomy":"product_brand","embeddable":true,"href":"https:\/\/www.wojoer.de\/en\/wp-json\/wp\/v2\/product_brand?post=45149"},{"taxonomy":"product_cat","embeddable":true,"href":"https:\/\/www.wojoer.de\/en\/wp-json\/wp\/v2\/product_cat?post=45149"},{"taxonomy":"product_tag","embeddable":true,"href":"https:\/\/www.wojoer.de\/en\/wp-json\/wp\/v2\/product_tag?post=45149"}],"curies":[{"name":"wp","href":"https:\/\/api.w.org\/{rel}","templated":true}]}}