{"id":45320,"date":"2024-08-07T12:07:33","date_gmt":"2024-08-07T10:07:33","guid":{"rendered":"https:\/\/www.wojoer.de\/?post_type=product&#038;p=45320"},"modified":"2026-01-21T10:27:42","modified_gmt":"2026-01-21T09:27:42","slug":"wetlook-micro-sock-string","status":"publish","type":"product","link":"https:\/\/www.wojoer.de\/en\/produkt\/wetlook-micro-sock-string\/","title":{"rendered":"Wetlook Micro Sock String"},"content":{"rendered":"<p>EXTRA for YOU! The Wetlook Micro Sock String 0100-S002 is your ideal companion for lightly dressed beach walks and exclusively for you as a Wojoer newsletter subscriber!<\/p>\n<h3>Sizes<\/h3>\n<p>Available in sizes S, M, L, XL<\/p>\n<h3>Material composition<\/h3>\n<p>Fine shiny matte jersey: 79% polyamide 21% elastane<\/p>\n<h3>Special features<\/h3>\n<p>LIVE product | matt shiny, very stretchy material | mini thong | suitable for swimming | skin-tight fit | easy lift function | high-quality workmanship \u201cMade in Germany\u201d<\/p>\n<h3><strong>User instructions<\/strong><\/h3>\n<p>30\u00b0 gentle wash | chlorine and salt water resistant<\/p>\n<h3>BEACH WET MINISOCK STRING &#8211; Minisock shiny black<\/h3>\n<p><span style=\"color: #ff9900;\">EXTRA for YOU! The Wetlook Micro Sock String 0100-S002 is your ideal companion for lightly dressed beach walks and exclusively for you as a Wojoer newsletter subscriber!<\/span><\/p>\n<p>Wow! This material is incredibly exciting. Wafer-thin, super stretchy and incredibly soft! What&#8217;s more, it envelops the skin so gently that bathing pleasure becomes ecstasy. This micro sock is not only sinfully tight. No, it also cheekily pushes your manhood upwards so that curious looks are guaranteed! Hot!<\/p>\n","protected":false},"excerpt":{"rendered":"<p>EXTRA f\u00fcr DICH! Der Wetlook Micro Sock String 0100-S002 ist dein idealier Begleiter f\u00fcr leicht bekleidete Strandg\u00e4nge und exklusiv f\u00fcr dich als Wojoer-Newsletter-Abonnent!<br \/>\nGr\u00f6\u00dfen<br \/>\nErh\u00e4ltlich in den Gr\u00f6\u00dfen S, M, L, XL<br \/>\nMaterialzusammensetzung<br \/>\n95% Polyester\u00a0 5% Elasthan<br \/>\nBesonderheiten<br \/>\nNOS Produkt | sehr dehnbares Material | hautenge\u2026<\/p>\n","protected":false},"featured_media":45332,"comment_status":"open","ping_status":"closed","template":"","meta":[],"product_brand":[],"product_cat":[114,1059,473,270,326],"product_tag":[],"class_list":{"0":"post-45320","1":"product","2":"type-product","3":"status-publish","4":"has-post-thumbnail","6":"product_cat-fetisch","7":"product_cat-kinky","8":"product_cat-men","9":"product_cat-onlyforme","10":"product_cat-wojoer","11":"product_shipping_class-beun","12":"pa_groesse-l","13":"pa_groesse-m","14":"pa_groesse-s","15":"pa_groesse-xl","16":"pif-has-gallery","17":"post-1","18":"odd","20":"first","21":"instock","22":"taxable","23":"shipping-taxable","24":"purchasable","25":"product-type-variable"},"yoast_head":"<!-- This site is optimized with the Yoast SEO plugin v27.2 - https:\/\/yoast.com\/product\/yoast-seo-wordpress\/ -->\n<title>Wetlook Micro Sock String | schwarz gl\u00e4nzend | WOJOER<\/title>\n<meta name=\"description\" content=\"Schwarzer Wetlook Micro Sock String. Eleganter schwarz gl\u00e4nzender Sock von WOJOER. Bequeme Passform, aufreizend edles Material.\" \/>\n<meta name=\"robots\" content=\"index, follow, max-snippet:-1, max-image-preview:large, max-video-preview:-1\" \/>\n<link rel=\"canonical\" href=\"https:\/\/www.wojoer.de\/en\/produkt\/wetlook-micro-sock-string\/\" \/>\n<meta name=\"twitter:card\" content=\"summary_large_image\" \/>\n<meta name=\"twitter:title\" content=\"Wetlook Micro Sock String | schwarz gl\u00e4nzend | WOJOER\" \/>\n<meta name=\"twitter:description\" content=\"Schwarzer Wetlook Micro Sock String. Eleganter schwarz gl\u00e4nzender Sock von WOJOER. Bequeme Passform, aufreizend edles Material.\" \/>\n<meta name=\"twitter:image\" content=\"https:\/\/www.wojoer.de\/wp-content\/uploads\/2024\/08\/0100-S002-0D-__-__-1.-Beachwet-Micro_Sock-dehnbar-schwarz-L-side-wojoer.jpg\" \/>\n<meta name=\"twitter:label1\" content=\"Estimated reading time\" \/>\n\t<meta name=\"twitter:data1\" content=\"3 minutes\" \/>\n<script type=\"application\/ld+json\" class=\"yoast-schema-graph\">{\"@context\":\"https:\/\/schema.org\",\"@graph\":[{\"@type\":\"WebPage\",\"@id\":\"https:\/\/www.wojoer.de\/produkt\/wetlook-micro-sock-string\/\",\"url\":\"https:\/\/www.wojoer.de\/produkt\/wetlook-micro-sock-string\/\",\"name\":\"Wetlook Micro Sock String | schwarz gl\u00e4nzend | WOJOER\",\"isPartOf\":{\"@id\":\"https:\/\/www.wojoer.de\/#website\"},\"primaryImageOfPage\":{\"@id\":\"https:\/\/www.wojoer.de\/produkt\/wetlook-micro-sock-string\/#primaryimage\"},\"image\":{\"@id\":\"https:\/\/www.wojoer.de\/produkt\/wetlook-micro-sock-string\/#primaryimage\"},\"thumbnailUrl\":\"https:\/\/www.wojoer.de\/wp-content\/uploads\/2024\/08\/0100-S002-0D-__-__-1.-Beachwet-Micro_Sock-dehnbar-schwarz-L-side-wojoer.jpg\",\"datePublished\":\"2024-08-07T10:07:33+00:00\",\"dateModified\":\"2026-01-21T09:27:42+00:00\",\"description\":\"Schwarzer Wetlook Micro Sock String. Eleganter schwarz gl\u00e4nzender Sock von WOJOER. Bequeme Passform, aufreizend edles Material.\",\"breadcrumb\":{\"@id\":\"https:\/\/www.wojoer.de\/produkt\/wetlook-micro-sock-string\/#breadcrumb\"},\"inLanguage\":\"en-GB\",\"potentialAction\":[{\"@type\":\"ReadAction\",\"target\":[\"https:\/\/www.wojoer.de\/produkt\/wetlook-micro-sock-string\/\"]}]},{\"@type\":\"ImageObject\",\"inLanguage\":\"en-GB\",\"@id\":\"https:\/\/www.wojoer.de\/produkt\/wetlook-micro-sock-string\/#primaryimage\",\"url\":\"https:\/\/www.wojoer.de\/wp-content\/uploads\/2024\/08\/0100-S002-0D-__-__-1.-Beachwet-Micro_Sock-dehnbar-schwarz-L-side-wojoer.jpg\",\"contentUrl\":\"https:\/\/www.wojoer.de\/wp-content\/uploads\/2024\/08\/0100-S002-0D-__-__-1.-Beachwet-Micro_Sock-dehnbar-schwarz-L-side-wojoer.jpg\",\"width\":2002,\"height\":2003},{\"@type\":\"BreadcrumbList\",\"@id\":\"https:\/\/www.wojoer.de\/produkt\/wetlook-micro-sock-string\/#breadcrumb\",\"itemListElement\":[{\"@type\":\"ListItem\",\"position\":1,\"name\":\"Startseite\",\"item\":\"https:\/\/www.wojoer.de\/\"},{\"@type\":\"ListItem\",\"position\":2,\"name\":\"SHOP\",\"item\":\"https:\/\/www.wojoer.de\/shop\/\"},{\"@type\":\"ListItem\",\"position\":3,\"name\":\"Wetlook Micro String\"}]},{\"@type\":\"WebSite\",\"@id\":\"https:\/\/www.wojoer.de\/#website\",\"url\":\"https:\/\/www.wojoer.de\/\",\"name\":\"WOJOER\",\"description\":\"clubwear for men\",\"publisher\":{\"@id\":\"https:\/\/www.wojoer.de\/#organization\"},\"potentialAction\":[{\"@type\":\"SearchAction\",\"target\":{\"@type\":\"EntryPoint\",\"urlTemplate\":\"https:\/\/www.wojoer.de\/?s={search_term_string}\"},\"query-input\":{\"@type\":\"PropertyValueSpecification\",\"valueRequired\":true,\"valueName\":\"search_term_string\"}}],\"inLanguage\":\"en-GB\"},{\"@type\":\"Organization\",\"@id\":\"https:\/\/www.wojoer.de\/#organization\",\"name\":\"Wonneberger-Manufaktur\",\"url\":\"https:\/\/www.wojoer.de\/\",\"logo\":{\"@type\":\"ImageObject\",\"inLanguage\":\"en-GB\",\"@id\":\"https:\/\/www.wojoer.de\/#\/schema\/logo\/image\/\",\"url\":\"https:\/\/www.wojoer.de\/wp-content\/uploads\/2016\/11\/wonnebergermanufaktur_logo_BUTTON.png\",\"contentUrl\":\"https:\/\/www.wojoer.de\/wp-content\/uploads\/2016\/11\/wonnebergermanufaktur_logo_BUTTON.png\",\"width\":765,\"height\":765,\"caption\":\"Wonneberger-Manufaktur\"},\"image\":{\"@id\":\"https:\/\/www.wojoer.de\/#\/schema\/logo\/image\/\"},\"sameAs\":[\"https:\/\/www.facebook.com\/wojoer\/\",\"https:\/\/de.pinterest.com\/W0J0ER\/\"]}]}<\/script>\n<!-- \/ Yoast SEO plugin. -->","yoast_head_json":{"title":"Wetlook Micro Sock String | schwarz gl\u00e4nzend | WOJOER","description":"Schwarzer Wetlook Micro Sock String. Eleganter schwarz gl\u00e4nzender Sock von WOJOER. Bequeme Passform, aufreizend edles Material.","robots":{"index":"index","follow":"follow","max-snippet":"max-snippet:-1","max-image-preview":"max-image-preview:large","max-video-preview":"max-video-preview:-1"},"canonical":"https:\/\/www.wojoer.de\/en\/produkt\/wetlook-micro-sock-string\/","twitter_card":"summary_large_image","twitter_title":"[:de]Wetlook Micro Sock String | schwarz gl\u00e4nzend | WOJOER[:]","twitter_description":"[:de]Schwarzer Wetlook Micro Sock String. Eleganter schwarz gl\u00e4nzender Sock von WOJOER. Bequeme Passform, aufreizend edles Material.[:]","twitter_image":"https:\/\/www.wojoer.de\/wp-content\/uploads\/2024\/08\/0100-S002-0D-__-__-1.-Beachwet-Micro_Sock-dehnbar-schwarz-L-side-wojoer.jpg","twitter_misc":{"Estimated reading time":"3 minutes"},"schema":{"@context":"https:\/\/schema.org","@graph":[{"@type":"WebPage","@id":"https:\/\/www.wojoer.de\/produkt\/wetlook-micro-sock-string\/","url":"https:\/\/www.wojoer.de\/produkt\/wetlook-micro-sock-string\/","name":"Wetlook Micro Sock String | schwarz gl\u00e4nzend | WOJOER","isPartOf":{"@id":"https:\/\/www.wojoer.de\/#website"},"primaryImageOfPage":{"@id":"https:\/\/www.wojoer.de\/produkt\/wetlook-micro-sock-string\/#primaryimage"},"image":{"@id":"https:\/\/www.wojoer.de\/produkt\/wetlook-micro-sock-string\/#primaryimage"},"thumbnailUrl":"https:\/\/www.wojoer.de\/wp-content\/uploads\/2024\/08\/0100-S002-0D-__-__-1.-Beachwet-Micro_Sock-dehnbar-schwarz-L-side-wojoer.jpg","datePublished":"2024-08-07T10:07:33+00:00","dateModified":"2026-01-21T09:27:42+00:00","description":"Schwarzer Wetlook Micro Sock String. Eleganter schwarz gl\u00e4nzender Sock von WOJOER. Bequeme Passform, aufreizend edles Material.","breadcrumb":{"@id":"https:\/\/www.wojoer.de\/produkt\/wetlook-micro-sock-string\/#breadcrumb"},"inLanguage":"en-GB","potentialAction":[{"@type":"ReadAction","target":["https:\/\/www.wojoer.de\/produkt\/wetlook-micro-sock-string\/"]}]},{"@type":"ImageObject","inLanguage":"en-GB","@id":"https:\/\/www.wojoer.de\/produkt\/wetlook-micro-sock-string\/#primaryimage","url":"https:\/\/www.wojoer.de\/wp-content\/uploads\/2024\/08\/0100-S002-0D-__-__-1.-Beachwet-Micro_Sock-dehnbar-schwarz-L-side-wojoer.jpg","contentUrl":"https:\/\/www.wojoer.de\/wp-content\/uploads\/2024\/08\/0100-S002-0D-__-__-1.-Beachwet-Micro_Sock-dehnbar-schwarz-L-side-wojoer.jpg","width":2002,"height":2003},{"@type":"BreadcrumbList","@id":"https:\/\/www.wojoer.de\/produkt\/wetlook-micro-sock-string\/#breadcrumb","itemListElement":[{"@type":"ListItem","position":1,"name":"Startseite","item":"https:\/\/www.wojoer.de\/"},{"@type":"ListItem","position":2,"name":"SHOP","item":"https:\/\/www.wojoer.de\/shop\/"},{"@type":"ListItem","position":3,"name":"Wetlook Micro String"}]},{"@type":"WebSite","@id":"https:\/\/www.wojoer.de\/#website","url":"https:\/\/www.wojoer.de\/","name":"WOJOER","description":"clubwear for men","publisher":{"@id":"https:\/\/www.wojoer.de\/#organization"},"potentialAction":[{"@type":"SearchAction","target":{"@type":"EntryPoint","urlTemplate":"https:\/\/www.wojoer.de\/?s={search_term_string}"},"query-input":{"@type":"PropertyValueSpecification","valueRequired":true,"valueName":"search_term_string"}}],"inLanguage":"en-GB"},{"@type":"Organization","@id":"https:\/\/www.wojoer.de\/#organization","name":"Wonneberger-Manufaktur","url":"https:\/\/www.wojoer.de\/","logo":{"@type":"ImageObject","inLanguage":"en-GB","@id":"https:\/\/www.wojoer.de\/#\/schema\/logo\/image\/","url":"https:\/\/www.wojoer.de\/wp-content\/uploads\/2016\/11\/wonnebergermanufaktur_logo_BUTTON.png","contentUrl":"https:\/\/www.wojoer.de\/wp-content\/uploads\/2016\/11\/wonnebergermanufaktur_logo_BUTTON.png","width":765,"height":765,"caption":"Wonneberger-Manufaktur"},"image":{"@id":"https:\/\/www.wojoer.de\/#\/schema\/logo\/image\/"},"sameAs":["https:\/\/www.facebook.com\/wojoer\/","https:\/\/de.pinterest.com\/W0J0ER\/"]}]}},"_links":{"self":[{"href":"https:\/\/www.wojoer.de\/en\/wp-json\/wp\/v2\/product\/45320","targetHints":{"allow":["GET"]}}],"collection":[{"href":"https:\/\/www.wojoer.de\/en\/wp-json\/wp\/v2\/product"}],"about":[{"href":"https:\/\/www.wojoer.de\/en\/wp-json\/wp\/v2\/types\/product"}],"replies":[{"embeddable":true,"href":"https:\/\/www.wojoer.de\/en\/wp-json\/wp\/v2\/comments?post=45320"}],"wp:featuredmedia":[{"embeddable":true,"href":"https:\/\/www.wojoer.de\/en\/wp-json\/wp\/v2\/media\/45332"}],"wp:attachment":[{"href":"https:\/\/www.wojoer.de\/en\/wp-json\/wp\/v2\/media?parent=45320"}],"wp:term":[{"taxonomy":"product_brand","embeddable":true,"href":"https:\/\/www.wojoer.de\/en\/wp-json\/wp\/v2\/product_brand?post=45320"},{"taxonomy":"product_cat","embeddable":true,"href":"https:\/\/www.wojoer.de\/en\/wp-json\/wp\/v2\/product_cat?post=45320"},{"taxonomy":"product_tag","embeddable":true,"href":"https:\/\/www.wojoer.de\/en\/wp-json\/wp\/v2\/product_tag?post=45320"}],"curies":[{"name":"wp","href":"https:\/\/api.w.org\/{rel}","templated":true}]}}