{"id":45690,"date":"2024-10-02T11:00:29","date_gmt":"2024-10-02T09:00:29","guid":{"rendered":"https:\/\/www.wojoer.de\/?post_type=product&#038;p=45690"},"modified":"2026-03-31T13:33:05","modified_gmt":"2026-03-31T11:33:05","slug":"mr-bananen-mini-hipster","status":"publish","type":"product","link":"https:\/\/www.wojoer.de\/en\/produkt\/mr-bananen-mini-hipster\/","title":{"rendered":"MR Bananen Mini Hipster"},"content":{"rendered":"<p>Dieser gl\u00e4nzende Lack Mini Hipster aus feinem Lack geh\u00f6rt in die Kategorie &#8220;LIVE&#8221;-Produkte. Produktion nur auf Bestellung.<\/p>\n<h3>Gr\u00f6\u00dfen<\/h3>\n<p>Erh\u00e4ltlich in den Gr\u00f6\u00dfen S, M, L, XL, XXL, 3XL<\/p>\n<h3>Materialzusammensetzung<\/h3>\n<p>Leatherlike: 49 % Polyurethan 47 % Polyester 4 % Elasthan<\/p>\n<h3>Besonderheiten<\/h3>\n<p><a href=\"http:\/\/www.wojoer.de\/?s=live&#038;post_type=product\">LIVE Produkt<\/a> | glossy Mini Hipster | schwarz | angenehm elastisch | ausgefeilte Hebefunktion ohne Mittelnaht | hochwertige Verarbeitung &#8220;Made in Germany&#8221;<\/p>\n<h3>Benutzerhinweise<\/h3>\n<p>Handw\u00e4sche<\/p>\n<h3>Mini Hipster &#8211; glossy Mini Hipster<\/h3>\n<p>Eine aufregende Form f\u00fcr einen aufregenden Mann! Elegant provokant mit dem besonderen Etwas im Focus. Dieser Mini Hipster verlockt mit seiner gl\u00e4nzenden und wunderbar dehnbaren Front, die durch keine Mittelnaht durchbrochen wird. Die Lichtreflexe lassen den schwarzen metallischen Effekt auf deiner M\u00e4nnlichkeit verlockend hin und hergleiten je nach deinem Belieben. Zudem wirkt der Kr\u00e4ftige Bund mit einer dezenten Nadelstreifenoptik als Lack-Struktur wie ein eleganter Business-G\u00fcrtel. Und genau diese Optik findet sich auch aus einer anderen Perspektive wieder. N\u00e4mlich erst aus dem Blickwinkel deines vor dir knieenden Sklaven wird der Nadelstreifen-Push unterhalb des Suspensoriums sichtbar. Lass ihn oder sie vor dir kriechen und belohne mit dem \u00fcberaschenden Anblick deines Mini Hipsters. Somit ist der MR Bananen Mini Hipster das ideale knappe Outfit f\u00fcr dominante SM-Sessions. Oder du m\u00f6chtest einfach nur elegant bestimmt im Club auftreten und so viel wie m\u00f6glich von dir zeigen und gleich klarstellen, wer hier der Boss ist!<\/p>\n","protected":false},"excerpt":{"rendered":"<p>Dieser gl\u00e4nzende Lack Mini Hipster aus feinem Lack geh\u00f6rt in die Kategorie &#8220;LIVE&#8221;-Produkte. Produktion nur auf Bestellung.<br \/>\nGr\u00f6\u00dfen<br \/>\nErh\u00e4ltlich in den Gr\u00f6\u00dfen S, M, L, XL, XXL, 3XL<br \/>\nMaterialzusammensetzung<br \/>\nLeatherlike: 49 % Polyurethan 47 % Polyester 4 % Elasthan<br \/>\nBesonderheiten<br \/>\nLIVE Produkt | glossy Mini Hipster\u2026<\/p>\n","protected":false},"featured_media":45662,"comment_status":"open","ping_status":"closed","template":"","meta":[],"product_brand":[],"product_cat":[854,116,114,473,326],"product_tag":[1079,560,294,890,209,184],"class_list":{"0":"post-45690","1":"product","2":"type-product","3":"status-publish","4":"has-post-thumbnail","6":"product_cat-365-wetleather","7":"product_cat-clubwear","8":"product_cat-fetisch","9":"product_cat-men","10":"product_cat-wojoer","11":"product_tag-bananen-push","12":"product_tag-glaenzend","13":"product_tag-lack","14":"product_tag-mini","15":"product_tag-mini-hipster","16":"product_tag-push-up","17":"product_shipping_class-beun","18":"pa_groesse-l","19":"pa_groesse-m","20":"pa_groesse-s","21":"pa_groesse-xl","22":"pa_groesse-xxl","23":"pa_groesse-xxxl","24":"pif-has-gallery","25":"post-1","26":"odd","28":"first","29":"onbackorder","30":"taxable","31":"shipping-taxable","32":"purchasable","33":"product-type-variable"},"yoast_head":"<!-- This site is optimized with the Yoast SEO plugin v27.2 - https:\/\/yoast.com\/product\/yoast-seo-wordpress\/ -->\n<title>Bananen Mini Hipster | schwarz gl\u00e4nzend | Hebefunktion | Lack | WOJOER<\/title>\n<meta name=\"description\" content=\"Mini Hipster Bananen-mini-hipster-lack-glossy - MR die dominante Kollektion mit dem edlen Business style. Bestelle jetzt online weltweit und versandkostenfrei innerhalb Deutschlands\" \/>\n<meta name=\"robots\" content=\"index, follow, max-snippet:-1, max-image-preview:large, max-video-preview:-1\" \/>\n<link rel=\"canonical\" href=\"https:\/\/www.wojoer.de\/en\/produkt\/mr-bananen-mini-hipster\/\" \/>\n<meta name=\"twitter:card\" content=\"summary_large_image\" \/>\n<meta name=\"twitter:title\" content=\"Bananen Mini Hipster | schwarz gl\u00e4nzend | Hebefunktion | Lack | WOJOER\" \/>\n<meta name=\"twitter:description\" content=\"Mini Hipster Bananen-mini-hipster-lack-glossy - MR die dominante Kollektion mit dem edlen Business style. Bestelle jetzt online weltweit und versandkostenfrei innerhalb Deutschlands\" \/>\n<meta name=\"twitter:image\" content=\"https:\/\/www.wojoer.de\/wp-content\/uploads\/2024\/09\/0428-P727-0M-00-06-2.-MR-Minihipster-mittel-schwarz-L-front-wojoer.jpg\" \/>\n<meta name=\"twitter:label1\" content=\"Estimated reading time\" \/>\n\t<meta name=\"twitter:data1\" content=\"1 minute\" \/>\n<script type=\"application\/ld+json\" class=\"yoast-schema-graph\">{\"@context\":\"https:\/\/schema.org\",\"@graph\":[{\"@type\":\"WebPage\",\"@id\":\"https:\/\/www.wojoer.de\/en\/produkt\/mr-bananen-mini-hipster\/\",\"url\":\"https:\/\/www.wojoer.de\/en\/produkt\/mr-bananen-mini-hipster\/\",\"name\":\"Bananen Mini Hipster | schwarz gl\u00e4nzend | Hebefunktion | Lack | WOJOER\",\"isPartOf\":{\"@id\":\"https:\/\/www.wojoer.de\/#website\"},\"primaryImageOfPage\":{\"@id\":\"https:\/\/www.wojoer.de\/en\/produkt\/mr-bananen-mini-hipster\/#primaryimage\"},\"image\":{\"@id\":\"https:\/\/www.wojoer.de\/en\/produkt\/mr-bananen-mini-hipster\/#primaryimage\"},\"thumbnailUrl\":\"https:\/\/www.wojoer.de\/wp-content\/uploads\/2024\/09\/0428-P727-0M-00-06-2.-MR-Minihipster-mittel-schwarz-L-front-wojoer.jpg\",\"datePublished\":\"2024-10-02T09:00:29+00:00\",\"dateModified\":\"2026-03-31T11:33:05+00:00\",\"description\":\"Mini Hipster Bananen-mini-hipster-lack-glossy - MR die dominante Kollektion mit dem edlen Business style. Bestelle jetzt online weltweit und versandkostenfrei innerhalb Deutschlands\",\"breadcrumb\":{\"@id\":\"https:\/\/www.wojoer.de\/en\/produkt\/mr-bananen-mini-hipster\/#breadcrumb\"},\"inLanguage\":\"en-GB\",\"potentialAction\":[{\"@type\":\"ReadAction\",\"target\":[\"https:\/\/www.wojoer.de\/en\/produkt\/mr-bananen-mini-hipster\/\"]}]},{\"@type\":\"ImageObject\",\"inLanguage\":\"en-GB\",\"@id\":\"https:\/\/www.wojoer.de\/en\/produkt\/mr-bananen-mini-hipster\/#primaryimage\",\"url\":\"https:\/\/www.wojoer.de\/wp-content\/uploads\/2024\/09\/0428-P727-0M-00-06-2.-MR-Minihipster-mittel-schwarz-L-front-wojoer.jpg\",\"contentUrl\":\"https:\/\/www.wojoer.de\/wp-content\/uploads\/2024\/09\/0428-P727-0M-00-06-2.-MR-Minihipster-mittel-schwarz-L-front-wojoer.jpg\",\"width\":2002,\"height\":2002},{\"@type\":\"BreadcrumbList\",\"@id\":\"https:\/\/www.wojoer.de\/en\/produkt\/mr-bananen-mini-hipster\/#breadcrumb\",\"itemListElement\":[{\"@type\":\"ListItem\",\"position\":1,\"name\":\"Startseite\",\"item\":\"https:\/\/www.wojoer.de\/\"},{\"@type\":\"ListItem\",\"position\":2,\"name\":\"SHOP\",\"item\":\"https:\/\/www.wojoer.de\/shop\/\"},{\"@type\":\"ListItem\",\"position\":3,\"name\":\"MR Bananen Mini Hipster\"}]},{\"@type\":\"WebSite\",\"@id\":\"https:\/\/www.wojoer.de\/#website\",\"url\":\"https:\/\/www.wojoer.de\/\",\"name\":\"WOJOER\",\"description\":\"clubwear for men\",\"publisher\":{\"@id\":\"https:\/\/www.wojoer.de\/#organization\"},\"potentialAction\":[{\"@type\":\"SearchAction\",\"target\":{\"@type\":\"EntryPoint\",\"urlTemplate\":\"https:\/\/www.wojoer.de\/?s={search_term_string}\"},\"query-input\":{\"@type\":\"PropertyValueSpecification\",\"valueRequired\":true,\"valueName\":\"search_term_string\"}}],\"inLanguage\":\"en-GB\"},{\"@type\":\"Organization\",\"@id\":\"https:\/\/www.wojoer.de\/#organization\",\"name\":\"Wonneberger-Manufaktur\",\"url\":\"https:\/\/www.wojoer.de\/\",\"logo\":{\"@type\":\"ImageObject\",\"inLanguage\":\"en-GB\",\"@id\":\"https:\/\/www.wojoer.de\/#\/schema\/logo\/image\/\",\"url\":\"https:\/\/www.wojoer.de\/wp-content\/uploads\/2016\/11\/wonnebergermanufaktur_logo_BUTTON.png\",\"contentUrl\":\"https:\/\/www.wojoer.de\/wp-content\/uploads\/2016\/11\/wonnebergermanufaktur_logo_BUTTON.png\",\"width\":765,\"height\":765,\"caption\":\"Wonneberger-Manufaktur\"},\"image\":{\"@id\":\"https:\/\/www.wojoer.de\/#\/schema\/logo\/image\/\"},\"sameAs\":[\"https:\/\/www.facebook.com\/wojoer\/\",\"https:\/\/de.pinterest.com\/W0J0ER\/\"]}]}<\/script>\n<!-- \/ Yoast SEO plugin. -->","yoast_head_json":{"title":"Bananen Mini Hipster | schwarz gl\u00e4nzend | Hebefunktion | Lack | WOJOER","description":"Mini Hipster Bananen-mini-hipster-lack-glossy - MR die dominante Kollektion mit dem edlen Business style. Bestelle jetzt online weltweit und versandkostenfrei innerhalb Deutschlands","robots":{"index":"index","follow":"follow","max-snippet":"max-snippet:-1","max-image-preview":"max-image-preview:large","max-video-preview":"max-video-preview:-1"},"canonical":"https:\/\/www.wojoer.de\/en\/produkt\/mr-bananen-mini-hipster\/","twitter_card":"summary_large_image","twitter_title":"[:de]Bananen Mini Hipster | schwarz gl\u00e4nzend | Hebefunktion | Lack | WOJOER[:]","twitter_description":"[:de]Mini Hipster Bananen-mini-hipster-lack-glossy - MR die dominante Kollektion mit dem edlen Business style. Bestelle jetzt online weltweit und versandkostenfrei innerhalb Deutschlands[:]","twitter_image":"https:\/\/www.wojoer.de\/wp-content\/uploads\/2024\/09\/0428-P727-0M-00-06-2.-MR-Minihipster-mittel-schwarz-L-front-wojoer.jpg","twitter_misc":{"Estimated reading time":"1 minute"},"schema":{"@context":"https:\/\/schema.org","@graph":[{"@type":"WebPage","@id":"https:\/\/www.wojoer.de\/en\/produkt\/mr-bananen-mini-hipster\/","url":"https:\/\/www.wojoer.de\/en\/produkt\/mr-bananen-mini-hipster\/","name":"Bananen Mini Hipster | schwarz gl\u00e4nzend | Hebefunktion | Lack | WOJOER","isPartOf":{"@id":"https:\/\/www.wojoer.de\/#website"},"primaryImageOfPage":{"@id":"https:\/\/www.wojoer.de\/en\/produkt\/mr-bananen-mini-hipster\/#primaryimage"},"image":{"@id":"https:\/\/www.wojoer.de\/en\/produkt\/mr-bananen-mini-hipster\/#primaryimage"},"thumbnailUrl":"https:\/\/www.wojoer.de\/wp-content\/uploads\/2024\/09\/0428-P727-0M-00-06-2.-MR-Minihipster-mittel-schwarz-L-front-wojoer.jpg","datePublished":"2024-10-02T09:00:29+00:00","dateModified":"2026-03-31T11:33:05+00:00","description":"Mini Hipster Bananen-mini-hipster-lack-glossy - MR die dominante Kollektion mit dem edlen Business style. Bestelle jetzt online weltweit und versandkostenfrei innerhalb Deutschlands","breadcrumb":{"@id":"https:\/\/www.wojoer.de\/en\/produkt\/mr-bananen-mini-hipster\/#breadcrumb"},"inLanguage":"en-GB","potentialAction":[{"@type":"ReadAction","target":["https:\/\/www.wojoer.de\/en\/produkt\/mr-bananen-mini-hipster\/"]}]},{"@type":"ImageObject","inLanguage":"en-GB","@id":"https:\/\/www.wojoer.de\/en\/produkt\/mr-bananen-mini-hipster\/#primaryimage","url":"https:\/\/www.wojoer.de\/wp-content\/uploads\/2024\/09\/0428-P727-0M-00-06-2.-MR-Minihipster-mittel-schwarz-L-front-wojoer.jpg","contentUrl":"https:\/\/www.wojoer.de\/wp-content\/uploads\/2024\/09\/0428-P727-0M-00-06-2.-MR-Minihipster-mittel-schwarz-L-front-wojoer.jpg","width":2002,"height":2002},{"@type":"BreadcrumbList","@id":"https:\/\/www.wojoer.de\/en\/produkt\/mr-bananen-mini-hipster\/#breadcrumb","itemListElement":[{"@type":"ListItem","position":1,"name":"Startseite","item":"https:\/\/www.wojoer.de\/"},{"@type":"ListItem","position":2,"name":"SHOP","item":"https:\/\/www.wojoer.de\/shop\/"},{"@type":"ListItem","position":3,"name":"MR Bananen Mini Hipster"}]},{"@type":"WebSite","@id":"https:\/\/www.wojoer.de\/#website","url":"https:\/\/www.wojoer.de\/","name":"WOJOER","description":"clubwear for men","publisher":{"@id":"https:\/\/www.wojoer.de\/#organization"},"potentialAction":[{"@type":"SearchAction","target":{"@type":"EntryPoint","urlTemplate":"https:\/\/www.wojoer.de\/?s={search_term_string}"},"query-input":{"@type":"PropertyValueSpecification","valueRequired":true,"valueName":"search_term_string"}}],"inLanguage":"en-GB"},{"@type":"Organization","@id":"https:\/\/www.wojoer.de\/#organization","name":"Wonneberger-Manufaktur","url":"https:\/\/www.wojoer.de\/","logo":{"@type":"ImageObject","inLanguage":"en-GB","@id":"https:\/\/www.wojoer.de\/#\/schema\/logo\/image\/","url":"https:\/\/www.wojoer.de\/wp-content\/uploads\/2016\/11\/wonnebergermanufaktur_logo_BUTTON.png","contentUrl":"https:\/\/www.wojoer.de\/wp-content\/uploads\/2016\/11\/wonnebergermanufaktur_logo_BUTTON.png","width":765,"height":765,"caption":"Wonneberger-Manufaktur"},"image":{"@id":"https:\/\/www.wojoer.de\/#\/schema\/logo\/image\/"},"sameAs":["https:\/\/www.facebook.com\/wojoer\/","https:\/\/de.pinterest.com\/W0J0ER\/"]}]}},"_links":{"self":[{"href":"https:\/\/www.wojoer.de\/en\/wp-json\/wp\/v2\/product\/45690","targetHints":{"allow":["GET"]}}],"collection":[{"href":"https:\/\/www.wojoer.de\/en\/wp-json\/wp\/v2\/product"}],"about":[{"href":"https:\/\/www.wojoer.de\/en\/wp-json\/wp\/v2\/types\/product"}],"replies":[{"embeddable":true,"href":"https:\/\/www.wojoer.de\/en\/wp-json\/wp\/v2\/comments?post=45690"}],"wp:featuredmedia":[{"embeddable":true,"href":"https:\/\/www.wojoer.de\/en\/wp-json\/wp\/v2\/media\/45662"}],"wp:attachment":[{"href":"https:\/\/www.wojoer.de\/en\/wp-json\/wp\/v2\/media?parent=45690"}],"wp:term":[{"taxonomy":"product_brand","embeddable":true,"href":"https:\/\/www.wojoer.de\/en\/wp-json\/wp\/v2\/product_brand?post=45690"},{"taxonomy":"product_cat","embeddable":true,"href":"https:\/\/www.wojoer.de\/en\/wp-json\/wp\/v2\/product_cat?post=45690"},{"taxonomy":"product_tag","embeddable":true,"href":"https:\/\/www.wojoer.de\/en\/wp-json\/wp\/v2\/product_tag?post=45690"}],"curies":[{"name":"wp","href":"https:\/\/api.w.org\/{rel}","templated":true}]}}