{"id":45707,"date":"2024-10-02T11:25:23","date_gmt":"2024-10-02T09:25:23","guid":{"rendered":"https:\/\/www.wojoer.de\/?post_type=product&#038;p=45707"},"modified":"2026-04-17T16:08:54","modified_gmt":"2026-04-17T14:08:54","slug":"mr-t-shirt","status":"publish","type":"product","link":"https:\/\/www.wojoer.de\/en\/produkt\/mr-t-shirt\/","title":{"rendered":"MR Bananen Long Pants"},"content":{"rendered":"<p>Dieser gl\u00e4nzende MiniPush String aus feinem Lack geh\u00f6rt in die Kategorie &#8220;LIVE&#8221;-Produkte. Produktion nur auf Bestellung.<\/p>\n<h3>Gr\u00f6\u00dfen<\/h3>\n<p>Erh\u00e4ltlich in den Gr\u00f6\u00dfen S, M, L, XL<\/p>\n<h3>Materialzusammensetzung<\/h3>\n<p>Leatherlike: 49 % Polyurethan 47 % Polyester 4 % Elasthan<\/p>\n<h3>Besonderheiten<\/h3>\n<p><a href=\"http:\/\/www.wojoer.de\/?s=live&#038;post_type=product\">LIVE Produkt<\/a> | glossy String | schwarz | angenehm elastisch | Hebefunktion | hochwertige Verarbeitung &#8220;Made in Germany&#8221;<\/p>\n<h3>Benutzerhinweise<\/h3>\n<p>Handw\u00e4sche<\/p>\n<h3>Banana Push STRING &#8211; glossy Lack String<\/h3>\n<p>An exciting shape for an exciting man! Elegantly provocative with that special something in focus. This push thong entices with its shiny and wonderfully stretchy front, which is not interrupted by a center seam. The light reflections allow the black metallic effect on your manhood to glide enticingly back and forth as you please. In addition, the strong waistband with a subtle pinstripe look as a patent structure looks like an elegant business belt. And this look can also be seen from a different perspective. The pinstripe push underneath the jockstrap is only visible from the perspective of the slave kneeling in front of you. Let him or her crawl in front of you and reward them with the surprising sight of your push string. This makes the MR Banana Push String the ideal skimpy outfit for dominant S&#038;M sessions. Or you just want to make an elegantly confident appearance in the club and show as much of yourself as possible to make it clear who&#8217;s the boss!<\/p>\n","protected":false},"excerpt":{"rendered":"<p>Dieses gl\u00e4nzende Lack T-Shirt aus feinem Lack geh\u00f6rt in die Kategorie &#8220;LIVE&#8221;-Produkte. Produktion nur auf Bestellung.<br \/>\nGr\u00f6\u00dfen<br \/>\nErh\u00e4ltlich in den Gr\u00f6\u00dfen S, M, L, XL, XXL, 3XL<br \/>\nMaterialzusammensetzung<br \/>\nLeatherlike: 49 % Polyurethan 47 % Polyester 4 % Elasthan<br \/>\nBesonderheiten<br \/>\nLIVE Produkt | glossy T-shirt | schwarz\u2026<\/p>\n","protected":false},"featured_media":45714,"comment_status":"open","ping_status":"closed","template":"","meta":[],"product_brand":[],"product_cat":[854,116,114,473,326],"product_tag":[560,294,184,856],"class_list":{"0":"post-45707","1":"product","2":"type-product","3":"status-publish","4":"has-post-thumbnail","6":"product_cat-365-wetleather","7":"product_cat-clubwear","8":"product_cat-fetisch","9":"product_cat-men","10":"product_cat-wojoer","11":"product_tag-glaenzend","12":"product_tag-lack","13":"product_tag-push-up","14":"product_tag-shirt","15":"product_shipping_class-leggings-shirts-bodies","16":"pa_groesse-l","17":"pa_groesse-m","18":"pa_groesse-s","19":"pa_groesse-xl","20":"pa_groesse-xxl","21":"pa_groesse-xxxl","22":"pif-has-gallery","23":"post-1","24":"odd","26":"first","27":"onbackorder","28":"taxable","29":"shipping-taxable","30":"purchasable","31":"product-type-variable"},"yoast_head":"<!-- This site is optimized with the Yoast SEO plugin v27.2 - https:\/\/yoast.com\/product\/yoast-seo-wordpress\/ -->\n<title>T-Shirt | schwarz gl\u00e4nzend | Hebefunktion | Lack | WOJOER<\/title>\n<meta name=\"description\" content=\"T-Shirts-lack-glossy - MR die dominante Kollektion mit dem edlen Business style. Bestelle jetzt online weltweit und versandkostenfrei innerhalb Deutschlands\" \/>\n<meta name=\"robots\" content=\"index, follow, max-snippet:-1, max-image-preview:large, max-video-preview:-1\" \/>\n<link rel=\"canonical\" href=\"https:\/\/www.wojoer.de\/en\/produkt\/mr-t-shirt\/\" \/>\n<meta name=\"twitter:card\" content=\"summary_large_image\" \/>\n<meta name=\"twitter:title\" content=\"T-Shirt | schwarz gl\u00e4nzend | Hebefunktion | Lack | WOJOER\" \/>\n<meta name=\"twitter:description\" content=\"T-Shirts-lack-glossy - MR die dominante Kollektion mit dem edlen Business style. Bestelle jetzt online weltweit und versandkostenfrei innerhalb Deutschlands\" \/>\n<meta name=\"twitter:image\" content=\"https:\/\/www.wojoer.de\/wp-content\/uploads\/2024\/10\/0428-T001-RM-__-__-1.-MR-Shirt_RV-mittel-front-wojoer.jpg\" \/>\n<meta name=\"twitter:label1\" content=\"Estimated reading time\" \/>\n\t<meta name=\"twitter:data1\" content=\"1 minute\" \/>\n<script type=\"application\/ld+json\" class=\"yoast-schema-graph\">{\"@context\":\"https:\/\/schema.org\",\"@graph\":[{\"@type\":\"WebPage\",\"@id\":\"https:\/\/www.wojoer.de\/produkt\/mr-t-shirt\/\",\"url\":\"https:\/\/www.wojoer.de\/produkt\/mr-t-shirt\/\",\"name\":\"T-Shirt | schwarz gl\u00e4nzend | Hebefunktion | Lack | WOJOER\",\"isPartOf\":{\"@id\":\"https:\/\/www.wojoer.de\/#website\"},\"primaryImageOfPage\":{\"@id\":\"https:\/\/www.wojoer.de\/produkt\/mr-t-shirt\/#primaryimage\"},\"image\":{\"@id\":\"https:\/\/www.wojoer.de\/produkt\/mr-t-shirt\/#primaryimage\"},\"thumbnailUrl\":\"https:\/\/www.wojoer.de\/wp-content\/uploads\/2024\/10\/0428-T001-RM-__-__-1.-MR-Shirt_RV-mittel-front-wojoer.jpg\",\"datePublished\":\"2024-10-02T09:25:23+00:00\",\"dateModified\":\"2026-04-17T14:08:54+00:00\",\"description\":\"T-Shirts-lack-glossy - MR die dominante Kollektion mit dem edlen Business style. Bestelle jetzt online weltweit und versandkostenfrei innerhalb Deutschlands\",\"breadcrumb\":{\"@id\":\"https:\/\/www.wojoer.de\/produkt\/mr-t-shirt\/#breadcrumb\"},\"inLanguage\":\"en-GB\",\"potentialAction\":[{\"@type\":\"ReadAction\",\"target\":[\"https:\/\/www.wojoer.de\/produkt\/mr-t-shirt\/\"]}]},{\"@type\":\"ImageObject\",\"inLanguage\":\"en-GB\",\"@id\":\"https:\/\/www.wojoer.de\/produkt\/mr-t-shirt\/#primaryimage\",\"url\":\"https:\/\/www.wojoer.de\/wp-content\/uploads\/2024\/10\/0428-T001-RM-__-__-1.-MR-Shirt_RV-mittel-front-wojoer.jpg\",\"contentUrl\":\"https:\/\/www.wojoer.de\/wp-content\/uploads\/2024\/10\/0428-T001-RM-__-__-1.-MR-Shirt_RV-mittel-front-wojoer.jpg\",\"width\":2002,\"height\":2002},{\"@type\":\"BreadcrumbList\",\"@id\":\"https:\/\/www.wojoer.de\/produkt\/mr-t-shirt\/#breadcrumb\",\"itemListElement\":[{\"@type\":\"ListItem\",\"position\":1,\"name\":\"Startseite\",\"item\":\"https:\/\/www.wojoer.de\/\"},{\"@type\":\"ListItem\",\"position\":2,\"name\":\"SHOP\",\"item\":\"https:\/\/www.wojoer.de\/shop\/\"},{\"@type\":\"ListItem\",\"position\":3,\"name\":\"MR T-Shirt\"}]},{\"@type\":\"WebSite\",\"@id\":\"https:\/\/www.wojoer.de\/#website\",\"url\":\"https:\/\/www.wojoer.de\/\",\"name\":\"WOJOER\",\"description\":\"clubwear for men\",\"publisher\":{\"@id\":\"https:\/\/www.wojoer.de\/#organization\"},\"potentialAction\":[{\"@type\":\"SearchAction\",\"target\":{\"@type\":\"EntryPoint\",\"urlTemplate\":\"https:\/\/www.wojoer.de\/?s={search_term_string}\"},\"query-input\":{\"@type\":\"PropertyValueSpecification\",\"valueRequired\":true,\"valueName\":\"search_term_string\"}}],\"inLanguage\":\"en-GB\"},{\"@type\":\"Organization\",\"@id\":\"https:\/\/www.wojoer.de\/#organization\",\"name\":\"Wonneberger-Manufaktur\",\"url\":\"https:\/\/www.wojoer.de\/\",\"logo\":{\"@type\":\"ImageObject\",\"inLanguage\":\"en-GB\",\"@id\":\"https:\/\/www.wojoer.de\/#\/schema\/logo\/image\/\",\"url\":\"https:\/\/www.wojoer.de\/wp-content\/uploads\/2016\/11\/wonnebergermanufaktur_logo_BUTTON.png\",\"contentUrl\":\"https:\/\/www.wojoer.de\/wp-content\/uploads\/2016\/11\/wonnebergermanufaktur_logo_BUTTON.png\",\"width\":765,\"height\":765,\"caption\":\"Wonneberger-Manufaktur\"},\"image\":{\"@id\":\"https:\/\/www.wojoer.de\/#\/schema\/logo\/image\/\"},\"sameAs\":[\"https:\/\/www.facebook.com\/wojoer\/\",\"https:\/\/de.pinterest.com\/W0J0ER\/\"]}]}<\/script>\n<!-- \/ Yoast SEO plugin. -->","yoast_head_json":{"title":"T-Shirt | schwarz gl\u00e4nzend | Hebefunktion | Lack | WOJOER","description":"T-Shirts-lack-glossy - MR die dominante Kollektion mit dem edlen Business style. Bestelle jetzt online weltweit und versandkostenfrei innerhalb Deutschlands","robots":{"index":"index","follow":"follow","max-snippet":"max-snippet:-1","max-image-preview":"max-image-preview:large","max-video-preview":"max-video-preview:-1"},"canonical":"https:\/\/www.wojoer.de\/en\/produkt\/mr-t-shirt\/","twitter_card":"summary_large_image","twitter_title":"[:de]T-Shirt | schwarz gl\u00e4nzend | Hebefunktion | Lack | WOJOER[:]","twitter_description":"[:de]T-Shirts-lack-glossy - MR die dominante Kollektion mit dem edlen Business style. Bestelle jetzt online weltweit und versandkostenfrei innerhalb Deutschlands[:]","twitter_image":"https:\/\/www.wojoer.de\/wp-content\/uploads\/2024\/10\/0428-T001-RM-__-__-1.-MR-Shirt_RV-mittel-front-wojoer.jpg","twitter_misc":{"Estimated reading time":"1 minute"},"schema":{"@context":"https:\/\/schema.org","@graph":[{"@type":"WebPage","@id":"https:\/\/www.wojoer.de\/produkt\/mr-t-shirt\/","url":"https:\/\/www.wojoer.de\/produkt\/mr-t-shirt\/","name":"T-Shirt | schwarz gl\u00e4nzend | Hebefunktion | Lack | WOJOER","isPartOf":{"@id":"https:\/\/www.wojoer.de\/#website"},"primaryImageOfPage":{"@id":"https:\/\/www.wojoer.de\/produkt\/mr-t-shirt\/#primaryimage"},"image":{"@id":"https:\/\/www.wojoer.de\/produkt\/mr-t-shirt\/#primaryimage"},"thumbnailUrl":"https:\/\/www.wojoer.de\/wp-content\/uploads\/2024\/10\/0428-T001-RM-__-__-1.-MR-Shirt_RV-mittel-front-wojoer.jpg","datePublished":"2024-10-02T09:25:23+00:00","dateModified":"2026-04-17T14:08:54+00:00","description":"T-Shirts-lack-glossy - MR die dominante Kollektion mit dem edlen Business style. Bestelle jetzt online weltweit und versandkostenfrei innerhalb Deutschlands","breadcrumb":{"@id":"https:\/\/www.wojoer.de\/produkt\/mr-t-shirt\/#breadcrumb"},"inLanguage":"en-GB","potentialAction":[{"@type":"ReadAction","target":["https:\/\/www.wojoer.de\/produkt\/mr-t-shirt\/"]}]},{"@type":"ImageObject","inLanguage":"en-GB","@id":"https:\/\/www.wojoer.de\/produkt\/mr-t-shirt\/#primaryimage","url":"https:\/\/www.wojoer.de\/wp-content\/uploads\/2024\/10\/0428-T001-RM-__-__-1.-MR-Shirt_RV-mittel-front-wojoer.jpg","contentUrl":"https:\/\/www.wojoer.de\/wp-content\/uploads\/2024\/10\/0428-T001-RM-__-__-1.-MR-Shirt_RV-mittel-front-wojoer.jpg","width":2002,"height":2002},{"@type":"BreadcrumbList","@id":"https:\/\/www.wojoer.de\/produkt\/mr-t-shirt\/#breadcrumb","itemListElement":[{"@type":"ListItem","position":1,"name":"Startseite","item":"https:\/\/www.wojoer.de\/"},{"@type":"ListItem","position":2,"name":"SHOP","item":"https:\/\/www.wojoer.de\/shop\/"},{"@type":"ListItem","position":3,"name":"MR T-Shirt"}]},{"@type":"WebSite","@id":"https:\/\/www.wojoer.de\/#website","url":"https:\/\/www.wojoer.de\/","name":"WOJOER","description":"clubwear for men","publisher":{"@id":"https:\/\/www.wojoer.de\/#organization"},"potentialAction":[{"@type":"SearchAction","target":{"@type":"EntryPoint","urlTemplate":"https:\/\/www.wojoer.de\/?s={search_term_string}"},"query-input":{"@type":"PropertyValueSpecification","valueRequired":true,"valueName":"search_term_string"}}],"inLanguage":"en-GB"},{"@type":"Organization","@id":"https:\/\/www.wojoer.de\/#organization","name":"Wonneberger-Manufaktur","url":"https:\/\/www.wojoer.de\/","logo":{"@type":"ImageObject","inLanguage":"en-GB","@id":"https:\/\/www.wojoer.de\/#\/schema\/logo\/image\/","url":"https:\/\/www.wojoer.de\/wp-content\/uploads\/2016\/11\/wonnebergermanufaktur_logo_BUTTON.png","contentUrl":"https:\/\/www.wojoer.de\/wp-content\/uploads\/2016\/11\/wonnebergermanufaktur_logo_BUTTON.png","width":765,"height":765,"caption":"Wonneberger-Manufaktur"},"image":{"@id":"https:\/\/www.wojoer.de\/#\/schema\/logo\/image\/"},"sameAs":["https:\/\/www.facebook.com\/wojoer\/","https:\/\/de.pinterest.com\/W0J0ER\/"]}]}},"_links":{"self":[{"href":"https:\/\/www.wojoer.de\/en\/wp-json\/wp\/v2\/product\/45707","targetHints":{"allow":["GET"]}}],"collection":[{"href":"https:\/\/www.wojoer.de\/en\/wp-json\/wp\/v2\/product"}],"about":[{"href":"https:\/\/www.wojoer.de\/en\/wp-json\/wp\/v2\/types\/product"}],"replies":[{"embeddable":true,"href":"https:\/\/www.wojoer.de\/en\/wp-json\/wp\/v2\/comments?post=45707"}],"wp:featuredmedia":[{"embeddable":true,"href":"https:\/\/www.wojoer.de\/en\/wp-json\/wp\/v2\/media\/45714"}],"wp:attachment":[{"href":"https:\/\/www.wojoer.de\/en\/wp-json\/wp\/v2\/media?parent=45707"}],"wp:term":[{"taxonomy":"product_brand","embeddable":true,"href":"https:\/\/www.wojoer.de\/en\/wp-json\/wp\/v2\/product_brand?post=45707"},{"taxonomy":"product_cat","embeddable":true,"href":"https:\/\/www.wojoer.de\/en\/wp-json\/wp\/v2\/product_cat?post=45707"},{"taxonomy":"product_tag","embeddable":true,"href":"https:\/\/www.wojoer.de\/en\/wp-json\/wp\/v2\/product_tag?post=45707"}],"curies":[{"name":"wp","href":"https:\/\/api.w.org\/{rel}","templated":true}]}}