{"id":45720,"date":"2024-10-02T11:32:27","date_gmt":"2024-10-02T09:32:27","guid":{"rendered":"https:\/\/www.wojoer.de\/?post_type=product&#038;p=45720"},"modified":"2026-04-10T11:13:27","modified_gmt":"2026-04-10T09:13:27","slug":"mr-bananen-leggings","status":"publish","type":"product","link":"https:\/\/www.wojoer.de\/en\/produkt\/mr-bananen-leggings\/","title":{"rendered":"MR Bananen Leggings"},"content":{"rendered":"<p>Diese gl\u00e4nzende Lack Leggings aus feinem Lack geh\u00f6rt in die Kategorie &#8220;LIVE&#8221;-Produkte. Produktion nur auf Bestellung.<\/p>\n<h3>Gr\u00f6\u00dfen<\/h3>\n<p>Erh\u00e4ltlich in den Gr\u00f6\u00dfen S, M, L, XL, XXL, 3XL<\/p>\n<h3>Materialzusammensetzung<\/h3>\n<p>Leatherlike: 49 % Polyurethan 47 % Polyester 4 % Elasthan<\/p>\n<h3>Besonderheiten<\/h3>\n<p><a href=\"http:\/\/www.wojoer.de\/?s=live&#038;post_type=product\">LIVE Produkt<\/a> | glossy Leggings | schwarz | angenehm elastisch | ausgefeilte Hebefunktion ohne Mittelnaht | hochwertige Verarbeitung &#8220;Made in Germany&#8221;<\/p>\n<h3>Benutzerhinweise<\/h3>\n<p>Handw\u00e4sche<\/p>\n<h3>Leggings &#8211; glossy Leggings<\/h3>\n<p>Eine aufregende Form f\u00fcr einen aufregenden Mann! Elegant provokant mit dem besonderen Etwas im Focus. Diese Leggings verlockt mit seiner gl\u00e4nzenden und wunderbar dehnbaren Front, die durch keine Mittelnaht durchbrochen wird. Die Lichtreflexe lassen den schwarzen metallischen Effekt auf deiner M\u00e4nnlichkeit verlockend hin und hergleiten je nach deinem Belieben. Zudem wirkt der Kr\u00e4ftige Bund mit einer dezenten Nadelstreifenoptik als Lack-Struktur wie ein eleganter Business-G\u00fcrtel. Und genau diese Optik findet sich auch aus einer anderen Perspektive wieder. N\u00e4mlich erst aus dem Blickwinkel deines vor dir knieenden Sklaven wird der Nadelstreifen-Push unterhalb des Suspensoriums sichtbar. Lass ihn oder sie vor dir kriechen und belohne mit dem \u00fcberaschenden Anblick deiner Leggings. Somit ist die MR Bananen Leggings das ideale knappe Outfit f\u00fcr dominante SM-Sessions. Oder du m\u00f6chtest einfach nur elegant bestimmt im Club auftreten und so viel wie m\u00f6glich von dir zeigen und gleich klarstellen, wer hier der Boss ist!<\/p>\n","protected":false},"excerpt":{"rendered":"<p>Diese gl\u00e4nzende Lack Leggings aus feinem Lack geh\u00f6rt in die Kategorie &#8220;LIVE&#8221;-Produkte. Produktion nur auf Bestellung.<br \/>\nGr\u00f6\u00dfen<br \/>\nErh\u00e4ltlich in den Gr\u00f6\u00dfen S, M, L, XL, XXL, 3XL<br \/>\nMaterialzusammensetzung<br \/>\nLeatherlike: 49 % Polyurethan 47 % Polyester 4 % Elasthan<br \/>\nBesonderheiten<br \/>\nLIVE Produkt | glossy Leggings | schwarz\u2026<\/p>\n","protected":false},"featured_media":45730,"comment_status":"open","ping_status":"closed","template":"","meta":[],"product_brand":[],"product_cat":[854,116,114,473,326],"product_tag":[1079,560,294,244,184],"class_list":{"0":"post-45720","1":"product","2":"type-product","3":"status-publish","4":"has-post-thumbnail","6":"product_cat-365-wetleather","7":"product_cat-clubwear","8":"product_cat-fetisch","9":"product_cat-men","10":"product_cat-wojoer","11":"product_tag-bananen-push","12":"product_tag-glaenzend","13":"product_tag-lack","14":"product_tag-leggings","15":"product_tag-push-up","16":"product_shipping_class-leggings-shirts-bodies","17":"pa_groesse-l","18":"pa_groesse-m","19":"pa_groesse-s","20":"pa_groesse-xl","21":"pa_groesse-xxl","22":"pa_groesse-xxxl","23":"pif-has-gallery","24":"post-1","25":"odd","27":"first","28":"onbackorder","29":"taxable","30":"shipping-taxable","31":"purchasable","32":"product-type-variable"},"yoast_head":"<!-- This site is optimized with the Yoast SEO plugin v27.2 - https:\/\/yoast.com\/product\/yoast-seo-wordpress\/ -->\n<title>Bananen Leggings | schwarz gl\u00e4nzend | Hebefunktion | Lack | WOJOER<\/title>\n<meta name=\"description\" content=\"Leggings Bananen-leggings-lack-glossy - MR die dominante Kollektion mit dem edlen Business style. Bestelle jetzt online weltweit und versandkostenfrei innerhalb Deutschlands\" \/>\n<meta name=\"robots\" content=\"index, follow, max-snippet:-1, max-image-preview:large, max-video-preview:-1\" \/>\n<link rel=\"canonical\" href=\"https:\/\/www.wojoer.de\/en\/produkt\/mr-bananen-leggings\/\" \/>\n<meta name=\"twitter:card\" content=\"summary_large_image\" \/>\n<meta name=\"twitter:title\" content=\"Bananen Leggings | schwarz gl\u00e4nzend | Hebefunktion | Lack | WOJOER\" \/>\n<meta name=\"twitter:description\" content=\"Leggings Bananen-leggings-lack-glossy - MR die dominante Kollektion mit dem edlen Business style. Bestelle jetzt online weltweit und versandkostenfrei innerhalb Deutschlands\" \/>\n<meta name=\"twitter:image\" content=\"https:\/\/www.wojoer.de\/wp-content\/uploads\/2024\/10\/0428-H074-0M-00-06-3.-MR-Leggins-mittel-black-L-front-wojoer.jpg\" \/>\n<meta name=\"twitter:label1\" content=\"Estimated reading time\" \/>\n\t<meta name=\"twitter:data1\" content=\"2 minutes\" \/>\n<script type=\"application\/ld+json\" class=\"yoast-schema-graph\">{\"@context\":\"https:\/\/schema.org\",\"@graph\":[{\"@type\":\"WebPage\",\"@id\":\"https:\/\/www.wojoer.de\/en\/produkt\/mr-bananen-leggings\/\",\"url\":\"https:\/\/www.wojoer.de\/en\/produkt\/mr-bananen-leggings\/\",\"name\":\"Bananen Leggings | schwarz gl\u00e4nzend | Hebefunktion | Lack | WOJOER\",\"isPartOf\":{\"@id\":\"https:\/\/www.wojoer.de\/#website\"},\"primaryImageOfPage\":{\"@id\":\"https:\/\/www.wojoer.de\/en\/produkt\/mr-bananen-leggings\/#primaryimage\"},\"image\":{\"@id\":\"https:\/\/www.wojoer.de\/en\/produkt\/mr-bananen-leggings\/#primaryimage\"},\"thumbnailUrl\":\"https:\/\/www.wojoer.de\/wp-content\/uploads\/2024\/10\/0428-H074-0M-00-06-3.-MR-Leggins-mittel-black-L-front-wojoer.jpg\",\"datePublished\":\"2024-10-02T09:32:27+00:00\",\"dateModified\":\"2026-04-10T09:13:27+00:00\",\"description\":\"Leggings Bananen-leggings-lack-glossy - MR die dominante Kollektion mit dem edlen Business style. Bestelle jetzt online weltweit und versandkostenfrei innerhalb Deutschlands\",\"breadcrumb\":{\"@id\":\"https:\/\/www.wojoer.de\/en\/produkt\/mr-bananen-leggings\/#breadcrumb\"},\"inLanguage\":\"en-GB\",\"potentialAction\":[{\"@type\":\"ReadAction\",\"target\":[\"https:\/\/www.wojoer.de\/en\/produkt\/mr-bananen-leggings\/\"]}]},{\"@type\":\"ImageObject\",\"inLanguage\":\"en-GB\",\"@id\":\"https:\/\/www.wojoer.de\/en\/produkt\/mr-bananen-leggings\/#primaryimage\",\"url\":\"https:\/\/www.wojoer.de\/wp-content\/uploads\/2024\/10\/0428-H074-0M-00-06-3.-MR-Leggins-mittel-black-L-front-wojoer.jpg\",\"contentUrl\":\"https:\/\/www.wojoer.de\/wp-content\/uploads\/2024\/10\/0428-H074-0M-00-06-3.-MR-Leggins-mittel-black-L-front-wojoer.jpg\",\"width\":2002,\"height\":2002},{\"@type\":\"BreadcrumbList\",\"@id\":\"https:\/\/www.wojoer.de\/en\/produkt\/mr-bananen-leggings\/#breadcrumb\",\"itemListElement\":[{\"@type\":\"ListItem\",\"position\":1,\"name\":\"Startseite\",\"item\":\"https:\/\/www.wojoer.de\/\"},{\"@type\":\"ListItem\",\"position\":2,\"name\":\"SHOP\",\"item\":\"https:\/\/www.wojoer.de\/shop\/\"},{\"@type\":\"ListItem\",\"position\":3,\"name\":\"MR Bananen Leggings\"}]},{\"@type\":\"WebSite\",\"@id\":\"https:\/\/www.wojoer.de\/#website\",\"url\":\"https:\/\/www.wojoer.de\/\",\"name\":\"WOJOER\",\"description\":\"clubwear for men\",\"publisher\":{\"@id\":\"https:\/\/www.wojoer.de\/#organization\"},\"potentialAction\":[{\"@type\":\"SearchAction\",\"target\":{\"@type\":\"EntryPoint\",\"urlTemplate\":\"https:\/\/www.wojoer.de\/?s={search_term_string}\"},\"query-input\":{\"@type\":\"PropertyValueSpecification\",\"valueRequired\":true,\"valueName\":\"search_term_string\"}}],\"inLanguage\":\"en-GB\"},{\"@type\":\"Organization\",\"@id\":\"https:\/\/www.wojoer.de\/#organization\",\"name\":\"Wonneberger-Manufaktur\",\"url\":\"https:\/\/www.wojoer.de\/\",\"logo\":{\"@type\":\"ImageObject\",\"inLanguage\":\"en-GB\",\"@id\":\"https:\/\/www.wojoer.de\/#\/schema\/logo\/image\/\",\"url\":\"https:\/\/www.wojoer.de\/wp-content\/uploads\/2016\/11\/wonnebergermanufaktur_logo_BUTTON.png\",\"contentUrl\":\"https:\/\/www.wojoer.de\/wp-content\/uploads\/2016\/11\/wonnebergermanufaktur_logo_BUTTON.png\",\"width\":765,\"height\":765,\"caption\":\"Wonneberger-Manufaktur\"},\"image\":{\"@id\":\"https:\/\/www.wojoer.de\/#\/schema\/logo\/image\/\"},\"sameAs\":[\"https:\/\/www.facebook.com\/wojoer\/\",\"https:\/\/de.pinterest.com\/W0J0ER\/\"]}]}<\/script>\n<!-- \/ Yoast SEO plugin. -->","yoast_head_json":{"title":"Bananen Leggings | schwarz gl\u00e4nzend | Hebefunktion | Lack | WOJOER","description":"Leggings Bananen-leggings-lack-glossy - MR die dominante Kollektion mit dem edlen Business style. Bestelle jetzt online weltweit und versandkostenfrei innerhalb Deutschlands","robots":{"index":"index","follow":"follow","max-snippet":"max-snippet:-1","max-image-preview":"max-image-preview:large","max-video-preview":"max-video-preview:-1"},"canonical":"https:\/\/www.wojoer.de\/en\/produkt\/mr-bananen-leggings\/","twitter_card":"summary_large_image","twitter_title":"[:de]Bananen Leggings | schwarz gl\u00e4nzend | Hebefunktion | Lack | WOJOER[:]","twitter_description":"[:de]Leggings Bananen-leggings-lack-glossy - MR die dominante Kollektion mit dem edlen Business style. Bestelle jetzt online weltweit und versandkostenfrei innerhalb Deutschlands[:]","twitter_image":"https:\/\/www.wojoer.de\/wp-content\/uploads\/2024\/10\/0428-H074-0M-00-06-3.-MR-Leggins-mittel-black-L-front-wojoer.jpg","twitter_misc":{"Estimated reading time":"2 minutes"},"schema":{"@context":"https:\/\/schema.org","@graph":[{"@type":"WebPage","@id":"https:\/\/www.wojoer.de\/en\/produkt\/mr-bananen-leggings\/","url":"https:\/\/www.wojoer.de\/en\/produkt\/mr-bananen-leggings\/","name":"Bananen Leggings | schwarz gl\u00e4nzend | Hebefunktion | Lack | WOJOER","isPartOf":{"@id":"https:\/\/www.wojoer.de\/#website"},"primaryImageOfPage":{"@id":"https:\/\/www.wojoer.de\/en\/produkt\/mr-bananen-leggings\/#primaryimage"},"image":{"@id":"https:\/\/www.wojoer.de\/en\/produkt\/mr-bananen-leggings\/#primaryimage"},"thumbnailUrl":"https:\/\/www.wojoer.de\/wp-content\/uploads\/2024\/10\/0428-H074-0M-00-06-3.-MR-Leggins-mittel-black-L-front-wojoer.jpg","datePublished":"2024-10-02T09:32:27+00:00","dateModified":"2026-04-10T09:13:27+00:00","description":"Leggings Bananen-leggings-lack-glossy - MR die dominante Kollektion mit dem edlen Business style. Bestelle jetzt online weltweit und versandkostenfrei innerhalb Deutschlands","breadcrumb":{"@id":"https:\/\/www.wojoer.de\/en\/produkt\/mr-bananen-leggings\/#breadcrumb"},"inLanguage":"en-GB","potentialAction":[{"@type":"ReadAction","target":["https:\/\/www.wojoer.de\/en\/produkt\/mr-bananen-leggings\/"]}]},{"@type":"ImageObject","inLanguage":"en-GB","@id":"https:\/\/www.wojoer.de\/en\/produkt\/mr-bananen-leggings\/#primaryimage","url":"https:\/\/www.wojoer.de\/wp-content\/uploads\/2024\/10\/0428-H074-0M-00-06-3.-MR-Leggins-mittel-black-L-front-wojoer.jpg","contentUrl":"https:\/\/www.wojoer.de\/wp-content\/uploads\/2024\/10\/0428-H074-0M-00-06-3.-MR-Leggins-mittel-black-L-front-wojoer.jpg","width":2002,"height":2002},{"@type":"BreadcrumbList","@id":"https:\/\/www.wojoer.de\/en\/produkt\/mr-bananen-leggings\/#breadcrumb","itemListElement":[{"@type":"ListItem","position":1,"name":"Startseite","item":"https:\/\/www.wojoer.de\/"},{"@type":"ListItem","position":2,"name":"SHOP","item":"https:\/\/www.wojoer.de\/shop\/"},{"@type":"ListItem","position":3,"name":"MR Bananen Leggings"}]},{"@type":"WebSite","@id":"https:\/\/www.wojoer.de\/#website","url":"https:\/\/www.wojoer.de\/","name":"WOJOER","description":"clubwear for men","publisher":{"@id":"https:\/\/www.wojoer.de\/#organization"},"potentialAction":[{"@type":"SearchAction","target":{"@type":"EntryPoint","urlTemplate":"https:\/\/www.wojoer.de\/?s={search_term_string}"},"query-input":{"@type":"PropertyValueSpecification","valueRequired":true,"valueName":"search_term_string"}}],"inLanguage":"en-GB"},{"@type":"Organization","@id":"https:\/\/www.wojoer.de\/#organization","name":"Wonneberger-Manufaktur","url":"https:\/\/www.wojoer.de\/","logo":{"@type":"ImageObject","inLanguage":"en-GB","@id":"https:\/\/www.wojoer.de\/#\/schema\/logo\/image\/","url":"https:\/\/www.wojoer.de\/wp-content\/uploads\/2016\/11\/wonnebergermanufaktur_logo_BUTTON.png","contentUrl":"https:\/\/www.wojoer.de\/wp-content\/uploads\/2016\/11\/wonnebergermanufaktur_logo_BUTTON.png","width":765,"height":765,"caption":"Wonneberger-Manufaktur"},"image":{"@id":"https:\/\/www.wojoer.de\/#\/schema\/logo\/image\/"},"sameAs":["https:\/\/www.facebook.com\/wojoer\/","https:\/\/de.pinterest.com\/W0J0ER\/"]}]}},"_links":{"self":[{"href":"https:\/\/www.wojoer.de\/en\/wp-json\/wp\/v2\/product\/45720","targetHints":{"allow":["GET"]}}],"collection":[{"href":"https:\/\/www.wojoer.de\/en\/wp-json\/wp\/v2\/product"}],"about":[{"href":"https:\/\/www.wojoer.de\/en\/wp-json\/wp\/v2\/types\/product"}],"replies":[{"embeddable":true,"href":"https:\/\/www.wojoer.de\/en\/wp-json\/wp\/v2\/comments?post=45720"}],"wp:featuredmedia":[{"embeddable":true,"href":"https:\/\/www.wojoer.de\/en\/wp-json\/wp\/v2\/media\/45730"}],"wp:attachment":[{"href":"https:\/\/www.wojoer.de\/en\/wp-json\/wp\/v2\/media?parent=45720"}],"wp:term":[{"taxonomy":"product_brand","embeddable":true,"href":"https:\/\/www.wojoer.de\/en\/wp-json\/wp\/v2\/product_brand?post=45720"},{"taxonomy":"product_cat","embeddable":true,"href":"https:\/\/www.wojoer.de\/en\/wp-json\/wp\/v2\/product_cat?post=45720"},{"taxonomy":"product_tag","embeddable":true,"href":"https:\/\/www.wojoer.de\/en\/wp-json\/wp\/v2\/product_tag?post=45720"}],"curies":[{"name":"wp","href":"https:\/\/api.w.org\/{rel}","templated":true}]}}