{"id":45778,"date":"2024-10-11T15:07:27","date_gmt":"2024-10-11T13:07:27","guid":{"rendered":"https:\/\/www.wojoer.de\/?post_type=product&#038;p=45778"},"modified":"2024-11-18T15:10:04","modified_gmt":"2024-11-18T14:10:04","slug":"wowyeah-exclusive-solo-set","status":"publish","type":"product","link":"https:\/\/www.wojoer.de\/en\/produkt\/wowyeah-exclusive-solo-set\/","title":{"rendered":"WOWYEAH exclusive solo set"},"content":{"rendered":"<p>Erhalte einen bequemen und atmungsaktiven Wojoer BEUN STRIPE G-String in deiner Gr\u00f6\u00dfe und Farbe, einen wojoer gravierten Genitalring aus Edelstahl und eine Flasche von den drei Geschmacksrichtungen des WOWYEAH-FUN-SPRAYS und unterst\u00fctze so unser Projekt, das WOWYEAH Fun-Spray produzieren lassen zu k\u00f6nnen. Au\u00dferdem erh\u00e4ltst du als Dank deiner Unterst\u00fctzung einen kleinen Preisnachlass zu dem eigentlichen Markpreis des Paketes nach Ver\u00f6ffentlichung der WOWYEAH Sprays.<\/p>\n<p>Die Produktion wird voraussichtlich erst Mai 2025 vollendet werden k\u00f6nnen, sodass Ihr Eure gekauften Flaschen erst dann bekommen k\u00f6nnt und auch nur, wenn wir die Crowdfundingwert erreicht haben. Falls wir den Produktionswert nicht erreichen, bekommen alle teilgenommenen am Ende der Crowdfunding-Zeit Ihr Geld zur\u00fcck.<\/p>\n<p>Aber all das ist f\u00fcr eine gute Sache: Habt Spa\u00df daran euch gegenseitig mit neuer Begeisterung und Kreativit\u00e4t zu schmecken, zu riechen und zu entdecken. Im Ernst probiert es aus, es macht einfach Spa\u00df und bietet so viele M\u00f6glichkeiten dieses Spray anzuwenden!<\/p>\n<p>&nbsp;<\/p>\n<h3><\/h3>\n<p>&nbsp;<\/p>\n<p>&nbsp;<\/p>\n","protected":false},"excerpt":{"rendered":"<p>Erhalte einen bequemen und atmungsaktiven Wojoer BEUN STRIPE G-String in deiner Gr\u00f6\u00dfe und Farbe, einen wojoer gravierten Genitalring aus Edelstahl und eine Flasche von den drei Geschmacksrichtungen des WOWYEAH-FUN-SPRAYS und unterst\u00fctze so unser Projekt, das WOWYEAH Fun-Spray produzieren lassen zu\u2026<\/p>\n","protected":false},"featured_media":45774,"comment_status":"open","ping_status":"closed","template":"","meta":[],"product_brand":[],"product_cat":[1080],"product_tag":[262,250],"class_list":{"0":"post-45778","1":"product","2":"type-product","3":"status-publish","4":"has-post-thumbnail","6":"product_cat-wowyeah","7":"product_tag-accessoires","8":"product_tag-funktion","9":"pa_farbe-eisblau","10":"pa_farbe-royalblau","11":"pa_farbe-candypink","12":"pa_farbe-crema","13":"pa_farbe-neoncoral","14":"pa_farbe-neongelb","15":"pa_farbe-nude","16":"pa_farbe-vulcano","17":"pa_farbe-schwarz","18":"pa_groesse-l","19":"pa_groesse-m","20":"pa_groesse-s","21":"pa_groesse-xl","22":"pa_groesse-xxl","23":"pa_groesse-xxxl","24":"pif-has-gallery","25":"post-1","26":"odd","28":"first","29":"instock","30":"sale","31":"taxable","32":"shipping-taxable","33":"purchasable","34":"product-type-variable"},"yoast_head":"<!-- This site is optimized with the Yoast SEO plugin v27.2 - https:\/\/yoast.com\/product\/yoast-seo-wordpress\/ -->\n<title>WOWYEAH set<\/title>\n<meta name=\"description\" content=\"WOWYEAH-exclusive-solo-set\" \/>\n<meta name=\"robots\" content=\"index, follow, max-snippet:-1, max-image-preview:large, max-video-preview:-1\" \/>\n<link rel=\"canonical\" href=\"https:\/\/www.wojoer.de\/en\/produkt\/wowyeah-exclusive-solo-set\/\" \/>\n<meta name=\"twitter:card\" content=\"summary_large_image\" \/>\n<meta name=\"twitter:title\" content=\"WOWYEAH set\" \/>\n<meta name=\"twitter:description\" content=\"WOWYEAH-exclusive-solo-set\" \/>\n<meta name=\"twitter:image\" content=\"https:\/\/www.wojoer.de\/wp-content\/uploads\/2024\/10\/wojoer_woyeah_sets_-e1728655648205.jpg\" \/>\n<meta name=\"twitter:label1\" content=\"Estimated reading time\" \/>\n\t<meta name=\"twitter:data1\" content=\"1 minute\" \/>\n<script type=\"application\/ld+json\" class=\"yoast-schema-graph\">{\"@context\":\"https:\/\/schema.org\",\"@graph\":[{\"@type\":\"WebPage\",\"@id\":\"https:\/\/www.wojoer.de\/produkt\/wowyeah-exclusive-solo-set\/\",\"url\":\"https:\/\/www.wojoer.de\/produkt\/wowyeah-exclusive-solo-set\/\",\"name\":\"WOWYEAH set\",\"isPartOf\":{\"@id\":\"https:\/\/www.wojoer.de\/#website\"},\"primaryImageOfPage\":{\"@id\":\"https:\/\/www.wojoer.de\/produkt\/wowyeah-exclusive-solo-set\/#primaryimage\"},\"image\":{\"@id\":\"https:\/\/www.wojoer.de\/produkt\/wowyeah-exclusive-solo-set\/#primaryimage\"},\"thumbnailUrl\":\"https:\/\/www.wojoer.de\/wp-content\/uploads\/2024\/10\/wojoer_woyeah_sets_-e1728655648205.jpg\",\"datePublished\":\"2024-10-11T13:07:27+00:00\",\"dateModified\":\"2024-11-18T14:10:04+00:00\",\"description\":\"WOWYEAH-exclusive-solo-set\",\"breadcrumb\":{\"@id\":\"https:\/\/www.wojoer.de\/produkt\/wowyeah-exclusive-solo-set\/#breadcrumb\"},\"inLanguage\":\"en-GB\",\"potentialAction\":[{\"@type\":\"ReadAction\",\"target\":[\"https:\/\/www.wojoer.de\/produkt\/wowyeah-exclusive-solo-set\/\"]}]},{\"@type\":\"ImageObject\",\"inLanguage\":\"en-GB\",\"@id\":\"https:\/\/www.wojoer.de\/produkt\/wowyeah-exclusive-solo-set\/#primaryimage\",\"url\":\"https:\/\/www.wojoer.de\/wp-content\/uploads\/2024\/10\/wojoer_woyeah_sets_-e1728655648205.jpg\",\"contentUrl\":\"https:\/\/www.wojoer.de\/wp-content\/uploads\/2024\/10\/wojoer_woyeah_sets_-e1728655648205.jpg\",\"width\":1025,\"height\":1024},{\"@type\":\"BreadcrumbList\",\"@id\":\"https:\/\/www.wojoer.de\/produkt\/wowyeah-exclusive-solo-set\/#breadcrumb\",\"itemListElement\":[{\"@type\":\"ListItem\",\"position\":1,\"name\":\"Startseite\",\"item\":\"https:\/\/www.wojoer.de\/\"},{\"@type\":\"ListItem\",\"position\":2,\"name\":\"SHOP\",\"item\":\"https:\/\/www.wojoer.de\/shop\/\"},{\"@type\":\"ListItem\",\"position\":3,\"name\":\"WOWYEAH exclusive solo set\"}]},{\"@type\":\"WebSite\",\"@id\":\"https:\/\/www.wojoer.de\/#website\",\"url\":\"https:\/\/www.wojoer.de\/\",\"name\":\"WOJOER\",\"description\":\"clubwear for men\",\"publisher\":{\"@id\":\"https:\/\/www.wojoer.de\/#organization\"},\"potentialAction\":[{\"@type\":\"SearchAction\",\"target\":{\"@type\":\"EntryPoint\",\"urlTemplate\":\"https:\/\/www.wojoer.de\/?s={search_term_string}\"},\"query-input\":{\"@type\":\"PropertyValueSpecification\",\"valueRequired\":true,\"valueName\":\"search_term_string\"}}],\"inLanguage\":\"en-GB\"},{\"@type\":\"Organization\",\"@id\":\"https:\/\/www.wojoer.de\/#organization\",\"name\":\"Wonneberger-Manufaktur\",\"url\":\"https:\/\/www.wojoer.de\/\",\"logo\":{\"@type\":\"ImageObject\",\"inLanguage\":\"en-GB\",\"@id\":\"https:\/\/www.wojoer.de\/#\/schema\/logo\/image\/\",\"url\":\"https:\/\/www.wojoer.de\/wp-content\/uploads\/2016\/11\/wonnebergermanufaktur_logo_BUTTON.png\",\"contentUrl\":\"https:\/\/www.wojoer.de\/wp-content\/uploads\/2016\/11\/wonnebergermanufaktur_logo_BUTTON.png\",\"width\":765,\"height\":765,\"caption\":\"Wonneberger-Manufaktur\"},\"image\":{\"@id\":\"https:\/\/www.wojoer.de\/#\/schema\/logo\/image\/\"},\"sameAs\":[\"https:\/\/www.facebook.com\/wojoer\/\",\"https:\/\/de.pinterest.com\/W0J0ER\/\"]}]}<\/script>\n<!-- \/ Yoast SEO plugin. -->","yoast_head_json":{"title":"WOWYEAH set","description":"WOWYEAH-exclusive-solo-set","robots":{"index":"index","follow":"follow","max-snippet":"max-snippet:-1","max-image-preview":"max-image-preview:large","max-video-preview":"max-video-preview:-1"},"canonical":"https:\/\/www.wojoer.de\/en\/produkt\/wowyeah-exclusive-solo-set\/","twitter_card":"summary_large_image","twitter_title":"[:de]WOWYEAH set[:]","twitter_description":"[:de]WOWYEAH-exclusive-solo-set[:]","twitter_image":"https:\/\/www.wojoer.de\/wp-content\/uploads\/2024\/10\/wojoer_woyeah_sets_-e1728655648205.jpg","twitter_misc":{"Estimated reading time":"1 minute"},"schema":{"@context":"https:\/\/schema.org","@graph":[{"@type":"WebPage","@id":"https:\/\/www.wojoer.de\/produkt\/wowyeah-exclusive-solo-set\/","url":"https:\/\/www.wojoer.de\/produkt\/wowyeah-exclusive-solo-set\/","name":"WOWYEAH set","isPartOf":{"@id":"https:\/\/www.wojoer.de\/#website"},"primaryImageOfPage":{"@id":"https:\/\/www.wojoer.de\/produkt\/wowyeah-exclusive-solo-set\/#primaryimage"},"image":{"@id":"https:\/\/www.wojoer.de\/produkt\/wowyeah-exclusive-solo-set\/#primaryimage"},"thumbnailUrl":"https:\/\/www.wojoer.de\/wp-content\/uploads\/2024\/10\/wojoer_woyeah_sets_-e1728655648205.jpg","datePublished":"2024-10-11T13:07:27+00:00","dateModified":"2024-11-18T14:10:04+00:00","description":"WOWYEAH-exclusive-solo-set","breadcrumb":{"@id":"https:\/\/www.wojoer.de\/produkt\/wowyeah-exclusive-solo-set\/#breadcrumb"},"inLanguage":"en-GB","potentialAction":[{"@type":"ReadAction","target":["https:\/\/www.wojoer.de\/produkt\/wowyeah-exclusive-solo-set\/"]}]},{"@type":"ImageObject","inLanguage":"en-GB","@id":"https:\/\/www.wojoer.de\/produkt\/wowyeah-exclusive-solo-set\/#primaryimage","url":"https:\/\/www.wojoer.de\/wp-content\/uploads\/2024\/10\/wojoer_woyeah_sets_-e1728655648205.jpg","contentUrl":"https:\/\/www.wojoer.de\/wp-content\/uploads\/2024\/10\/wojoer_woyeah_sets_-e1728655648205.jpg","width":1025,"height":1024},{"@type":"BreadcrumbList","@id":"https:\/\/www.wojoer.de\/produkt\/wowyeah-exclusive-solo-set\/#breadcrumb","itemListElement":[{"@type":"ListItem","position":1,"name":"Startseite","item":"https:\/\/www.wojoer.de\/"},{"@type":"ListItem","position":2,"name":"SHOP","item":"https:\/\/www.wojoer.de\/shop\/"},{"@type":"ListItem","position":3,"name":"WOWYEAH exclusive solo set"}]},{"@type":"WebSite","@id":"https:\/\/www.wojoer.de\/#website","url":"https:\/\/www.wojoer.de\/","name":"WOJOER","description":"clubwear for men","publisher":{"@id":"https:\/\/www.wojoer.de\/#organization"},"potentialAction":[{"@type":"SearchAction","target":{"@type":"EntryPoint","urlTemplate":"https:\/\/www.wojoer.de\/?s={search_term_string}"},"query-input":{"@type":"PropertyValueSpecification","valueRequired":true,"valueName":"search_term_string"}}],"inLanguage":"en-GB"},{"@type":"Organization","@id":"https:\/\/www.wojoer.de\/#organization","name":"Wonneberger-Manufaktur","url":"https:\/\/www.wojoer.de\/","logo":{"@type":"ImageObject","inLanguage":"en-GB","@id":"https:\/\/www.wojoer.de\/#\/schema\/logo\/image\/","url":"https:\/\/www.wojoer.de\/wp-content\/uploads\/2016\/11\/wonnebergermanufaktur_logo_BUTTON.png","contentUrl":"https:\/\/www.wojoer.de\/wp-content\/uploads\/2016\/11\/wonnebergermanufaktur_logo_BUTTON.png","width":765,"height":765,"caption":"Wonneberger-Manufaktur"},"image":{"@id":"https:\/\/www.wojoer.de\/#\/schema\/logo\/image\/"},"sameAs":["https:\/\/www.facebook.com\/wojoer\/","https:\/\/de.pinterest.com\/W0J0ER\/"]}]}},"_links":{"self":[{"href":"https:\/\/www.wojoer.de\/en\/wp-json\/wp\/v2\/product\/45778","targetHints":{"allow":["GET"]}}],"collection":[{"href":"https:\/\/www.wojoer.de\/en\/wp-json\/wp\/v2\/product"}],"about":[{"href":"https:\/\/www.wojoer.de\/en\/wp-json\/wp\/v2\/types\/product"}],"replies":[{"embeddable":true,"href":"https:\/\/www.wojoer.de\/en\/wp-json\/wp\/v2\/comments?post=45778"}],"wp:featuredmedia":[{"embeddable":true,"href":"https:\/\/www.wojoer.de\/en\/wp-json\/wp\/v2\/media\/45774"}],"wp:attachment":[{"href":"https:\/\/www.wojoer.de\/en\/wp-json\/wp\/v2\/media?parent=45778"}],"wp:term":[{"taxonomy":"product_brand","embeddable":true,"href":"https:\/\/www.wojoer.de\/en\/wp-json\/wp\/v2\/product_brand?post=45778"},{"taxonomy":"product_cat","embeddable":true,"href":"https:\/\/www.wojoer.de\/en\/wp-json\/wp\/v2\/product_cat?post=45778"},{"taxonomy":"product_tag","embeddable":true,"href":"https:\/\/www.wojoer.de\/en\/wp-json\/wp\/v2\/product_tag?post=45778"}],"curies":[{"name":"wp","href":"https:\/\/api.w.org\/{rel}","templated":true}]}}