{"id":45839,"date":"2024-10-11T16:00:11","date_gmt":"2024-10-11T14:00:11","guid":{"rendered":"https:\/\/www.wojoer.de\/?post_type=product&#038;p=45839"},"modified":"2024-11-07T15:41:30","modified_gmt":"2024-11-07T14:41:30","slug":"early-bird-1x-wowyeah","status":"publish","type":"product","link":"https:\/\/www.wojoer.de\/en\/produkt\/early-bird-1x-wowyeah\/","title":{"rendered":"Early Bird 1x WOWYEAH"},"content":{"rendered":"<h3>Erhalte eine Flasche von den drei Geschmacksrichtungen des WOWYEAH-FUN-SPRAYS und unterst\u00fctze so unser Projekt, das WOWYEAH Fun-Spray produzieren lassen zu k\u00f6nnen. Au\u00dferdem erh\u00e4ltst du als Dank deiner Unterst\u00fctzung einen kleinen Preisnachlass zu dem eigentlichen Markpreis nach Ver\u00f6ffentlichung der WOWYEAH Sprays.<\/h3>\n<h3>Die Produktion wird voraussichtlich erst Mai 2025 vollendet werden k\u00f6nnen, sodass Ihr Eure gekauften Flaschen erst dann bekommen k\u00f6nnt und auch nur, wenn wir die Crowdfundingwert erreicht haben. Falls wir den Produktionswert nicht erreichen, bekommen alle teilgenommenen am Ende der Crowdfunding-Zeit Ihr Geld zur\u00fcck.<\/h3>\n<h3>Aber all das ist f\u00fcr eine gute Sache: Habt Spa\u00df daran euch gegenseitig mit neuer Begeisterung und Kreativit\u00e4t zu schmecken, zu riechen und zu entdecken. Im Ernst probiert es aus, es macht einfach Spa\u00df und bietet so viele M\u00f6glichkeiten dieses Spray anzuwenden!<\/h3>\n<p>&nbsp;<\/p>\n<h3><\/h3>\n<p>&nbsp;<\/p>\n<p>&nbsp;<\/p>\n","protected":false},"excerpt":{"rendered":"<p>Erhalte eine Flasche von den drei Geschmacksrichtungen des WOWYEAH-FUN-SPRAYS und unterst\u00fctze so unser Projekt, das WOWYEAH Fun-Spray produzieren lassen zu k\u00f6nnen. Au\u00dferdem erh\u00e4ltst du als Dank deiner Unterst\u00fctzung einen kleinen Preisnachlass zu dem eigentlichen Markpreis nach Ver\u00f6ffentlichung der WOWYEAH Sprays.<br \/>\nDie\u2026<\/p>\n","protected":false},"featured_media":45783,"comment_status":"open","ping_status":"closed","template":"","meta":[],"product_brand":[],"product_cat":[1080],"product_tag":[262,250],"class_list":{"0":"post-45839","1":"product","2":"type-product","3":"status-publish","4":"has-post-thumbnail","6":"product_cat-wowyeah","7":"product_tag-accessoires","8":"product_tag-funktion","9":"pif-has-gallery","10":"post-1","11":"odd","13":"first","14":"onbackorder","15":"sale","16":"taxable","17":"shipping-taxable","18":"purchasable","19":"product-type-simple"},"yoast_head":"<!-- This site is optimized with the Yoast SEO plugin v27.2 - https:\/\/yoast.com\/product\/yoast-seo-wordpress\/ -->\n<title>Good Carma for you<\/title>\n<meta name=\"description\" content=\"Good Carma for you. Mit deiner Spende bist du Teil unseres Projektes, Menschen gemeinsam gl\u00fccklich zu machen!\" \/>\n<meta name=\"robots\" content=\"index, follow, max-snippet:-1, max-image-preview:large, max-video-preview:-1\" \/>\n<link rel=\"canonical\" href=\"https:\/\/www.wojoer.de\/en\/produkt\/early-bird-1x-wowyeah\/\" \/>\n<meta name=\"twitter:card\" content=\"summary_large_image\" \/>\n<meta name=\"twitter:title\" content=\"Good Carma for you\" \/>\n<meta name=\"twitter:description\" content=\"Good Carma for you. Mit deiner Spende bist du Teil unseres Projektes, Menschen gemeinsam gl\u00fccklich zu machen!\" \/>\n<meta name=\"twitter:image\" content=\"https:\/\/www.wojoer.de\/wp-content\/uploads\/2024\/10\/WOWYEAH_original_bottle-e1728655436148.jpg\" \/>\n<meta name=\"twitter:label1\" content=\"Estimated reading time\" \/>\n\t<meta name=\"twitter:data1\" content=\"1 minute\" \/>\n<script type=\"application\/ld+json\" class=\"yoast-schema-graph\">{\"@context\":\"https:\/\/schema.org\",\"@graph\":[{\"@type\":\"WebPage\",\"@id\":\"https:\/\/www.wojoer.de\/produkt\/early-bird-1x-wowyeah\/\",\"url\":\"https:\/\/www.wojoer.de\/produkt\/early-bird-1x-wowyeah\/\",\"name\":\"Good Carma for you\",\"isPartOf\":{\"@id\":\"https:\/\/www.wojoer.de\/#website\"},\"primaryImageOfPage\":{\"@id\":\"https:\/\/www.wojoer.de\/produkt\/early-bird-1x-wowyeah\/#primaryimage\"},\"image\":{\"@id\":\"https:\/\/www.wojoer.de\/produkt\/early-bird-1x-wowyeah\/#primaryimage\"},\"thumbnailUrl\":\"https:\/\/www.wojoer.de\/wp-content\/uploads\/2024\/10\/WOWYEAH_original_bottle-e1728655436148.jpg\",\"datePublished\":\"2024-10-11T14:00:11+00:00\",\"dateModified\":\"2024-11-07T14:41:30+00:00\",\"description\":\"Good Carma for you. Mit deiner Spende bist du Teil unseres Projektes, Menschen gemeinsam gl\u00fccklich zu machen!\",\"breadcrumb\":{\"@id\":\"https:\/\/www.wojoer.de\/produkt\/early-bird-1x-wowyeah\/#breadcrumb\"},\"inLanguage\":\"en-GB\",\"potentialAction\":[{\"@type\":\"ReadAction\",\"target\":[\"https:\/\/www.wojoer.de\/produkt\/early-bird-1x-wowyeah\/\"]}]},{\"@type\":\"ImageObject\",\"inLanguage\":\"en-GB\",\"@id\":\"https:\/\/www.wojoer.de\/produkt\/early-bird-1x-wowyeah\/#primaryimage\",\"url\":\"https:\/\/www.wojoer.de\/wp-content\/uploads\/2024\/10\/WOWYEAH_original_bottle-e1728655436148.jpg\",\"contentUrl\":\"https:\/\/www.wojoer.de\/wp-content\/uploads\/2024\/10\/WOWYEAH_original_bottle-e1728655436148.jpg\",\"width\":1188,\"height\":1200},{\"@type\":\"BreadcrumbList\",\"@id\":\"https:\/\/www.wojoer.de\/produkt\/early-bird-1x-wowyeah\/#breadcrumb\",\"itemListElement\":[{\"@type\":\"ListItem\",\"position\":1,\"name\":\"Startseite\",\"item\":\"https:\/\/www.wojoer.de\/\"},{\"@type\":\"ListItem\",\"position\":2,\"name\":\"SHOP\",\"item\":\"https:\/\/www.wojoer.de\/shop\/\"},{\"@type\":\"ListItem\",\"position\":3,\"name\":\"Early Bird 1x WOWYEAH\"}]},{\"@type\":\"WebSite\",\"@id\":\"https:\/\/www.wojoer.de\/#website\",\"url\":\"https:\/\/www.wojoer.de\/\",\"name\":\"WOJOER\",\"description\":\"clubwear for men\",\"publisher\":{\"@id\":\"https:\/\/www.wojoer.de\/#organization\"},\"potentialAction\":[{\"@type\":\"SearchAction\",\"target\":{\"@type\":\"EntryPoint\",\"urlTemplate\":\"https:\/\/www.wojoer.de\/?s={search_term_string}\"},\"query-input\":{\"@type\":\"PropertyValueSpecification\",\"valueRequired\":true,\"valueName\":\"search_term_string\"}}],\"inLanguage\":\"en-GB\"},{\"@type\":\"Organization\",\"@id\":\"https:\/\/www.wojoer.de\/#organization\",\"name\":\"Wonneberger-Manufaktur\",\"url\":\"https:\/\/www.wojoer.de\/\",\"logo\":{\"@type\":\"ImageObject\",\"inLanguage\":\"en-GB\",\"@id\":\"https:\/\/www.wojoer.de\/#\/schema\/logo\/image\/\",\"url\":\"https:\/\/www.wojoer.de\/wp-content\/uploads\/2016\/11\/wonnebergermanufaktur_logo_BUTTON.png\",\"contentUrl\":\"https:\/\/www.wojoer.de\/wp-content\/uploads\/2016\/11\/wonnebergermanufaktur_logo_BUTTON.png\",\"width\":765,\"height\":765,\"caption\":\"Wonneberger-Manufaktur\"},\"image\":{\"@id\":\"https:\/\/www.wojoer.de\/#\/schema\/logo\/image\/\"},\"sameAs\":[\"https:\/\/www.facebook.com\/wojoer\/\",\"https:\/\/de.pinterest.com\/W0J0ER\/\"]}]}<\/script>\n<!-- \/ Yoast SEO plugin. -->","yoast_head_json":{"title":"Good Carma for you","description":"Good Carma for you. Mit deiner Spende bist du Teil unseres Projektes, Menschen gemeinsam gl\u00fccklich zu machen!","robots":{"index":"index","follow":"follow","max-snippet":"max-snippet:-1","max-image-preview":"max-image-preview:large","max-video-preview":"max-video-preview:-1"},"canonical":"https:\/\/www.wojoer.de\/en\/produkt\/early-bird-1x-wowyeah\/","twitter_card":"summary_large_image","twitter_title":"[:de]Good Carma for you[:]","twitter_description":"[:de]Good Carma for you. Mit deiner Spende bist du Teil unseres Projektes, Menschen gemeinsam gl\u00fccklich zu machen![:]","twitter_image":"https:\/\/www.wojoer.de\/wp-content\/uploads\/2024\/10\/WOWYEAH_original_bottle-e1728655436148.jpg","twitter_misc":{"Estimated reading time":"1 minute"},"schema":{"@context":"https:\/\/schema.org","@graph":[{"@type":"WebPage","@id":"https:\/\/www.wojoer.de\/produkt\/early-bird-1x-wowyeah\/","url":"https:\/\/www.wojoer.de\/produkt\/early-bird-1x-wowyeah\/","name":"Good Carma for you","isPartOf":{"@id":"https:\/\/www.wojoer.de\/#website"},"primaryImageOfPage":{"@id":"https:\/\/www.wojoer.de\/produkt\/early-bird-1x-wowyeah\/#primaryimage"},"image":{"@id":"https:\/\/www.wojoer.de\/produkt\/early-bird-1x-wowyeah\/#primaryimage"},"thumbnailUrl":"https:\/\/www.wojoer.de\/wp-content\/uploads\/2024\/10\/WOWYEAH_original_bottle-e1728655436148.jpg","datePublished":"2024-10-11T14:00:11+00:00","dateModified":"2024-11-07T14:41:30+00:00","description":"Good Carma for you. Mit deiner Spende bist du Teil unseres Projektes, Menschen gemeinsam gl\u00fccklich zu machen!","breadcrumb":{"@id":"https:\/\/www.wojoer.de\/produkt\/early-bird-1x-wowyeah\/#breadcrumb"},"inLanguage":"en-GB","potentialAction":[{"@type":"ReadAction","target":["https:\/\/www.wojoer.de\/produkt\/early-bird-1x-wowyeah\/"]}]},{"@type":"ImageObject","inLanguage":"en-GB","@id":"https:\/\/www.wojoer.de\/produkt\/early-bird-1x-wowyeah\/#primaryimage","url":"https:\/\/www.wojoer.de\/wp-content\/uploads\/2024\/10\/WOWYEAH_original_bottle-e1728655436148.jpg","contentUrl":"https:\/\/www.wojoer.de\/wp-content\/uploads\/2024\/10\/WOWYEAH_original_bottle-e1728655436148.jpg","width":1188,"height":1200},{"@type":"BreadcrumbList","@id":"https:\/\/www.wojoer.de\/produkt\/early-bird-1x-wowyeah\/#breadcrumb","itemListElement":[{"@type":"ListItem","position":1,"name":"Startseite","item":"https:\/\/www.wojoer.de\/"},{"@type":"ListItem","position":2,"name":"SHOP","item":"https:\/\/www.wojoer.de\/shop\/"},{"@type":"ListItem","position":3,"name":"Early Bird 1x WOWYEAH"}]},{"@type":"WebSite","@id":"https:\/\/www.wojoer.de\/#website","url":"https:\/\/www.wojoer.de\/","name":"WOJOER","description":"clubwear for men","publisher":{"@id":"https:\/\/www.wojoer.de\/#organization"},"potentialAction":[{"@type":"SearchAction","target":{"@type":"EntryPoint","urlTemplate":"https:\/\/www.wojoer.de\/?s={search_term_string}"},"query-input":{"@type":"PropertyValueSpecification","valueRequired":true,"valueName":"search_term_string"}}],"inLanguage":"en-GB"},{"@type":"Organization","@id":"https:\/\/www.wojoer.de\/#organization","name":"Wonneberger-Manufaktur","url":"https:\/\/www.wojoer.de\/","logo":{"@type":"ImageObject","inLanguage":"en-GB","@id":"https:\/\/www.wojoer.de\/#\/schema\/logo\/image\/","url":"https:\/\/www.wojoer.de\/wp-content\/uploads\/2016\/11\/wonnebergermanufaktur_logo_BUTTON.png","contentUrl":"https:\/\/www.wojoer.de\/wp-content\/uploads\/2016\/11\/wonnebergermanufaktur_logo_BUTTON.png","width":765,"height":765,"caption":"Wonneberger-Manufaktur"},"image":{"@id":"https:\/\/www.wojoer.de\/#\/schema\/logo\/image\/"},"sameAs":["https:\/\/www.facebook.com\/wojoer\/","https:\/\/de.pinterest.com\/W0J0ER\/"]}]}},"_links":{"self":[{"href":"https:\/\/www.wojoer.de\/en\/wp-json\/wp\/v2\/product\/45839","targetHints":{"allow":["GET"]}}],"collection":[{"href":"https:\/\/www.wojoer.de\/en\/wp-json\/wp\/v2\/product"}],"about":[{"href":"https:\/\/www.wojoer.de\/en\/wp-json\/wp\/v2\/types\/product"}],"replies":[{"embeddable":true,"href":"https:\/\/www.wojoer.de\/en\/wp-json\/wp\/v2\/comments?post=45839"}],"wp:featuredmedia":[{"embeddable":true,"href":"https:\/\/www.wojoer.de\/en\/wp-json\/wp\/v2\/media\/45783"}],"wp:attachment":[{"href":"https:\/\/www.wojoer.de\/en\/wp-json\/wp\/v2\/media?parent=45839"}],"wp:term":[{"taxonomy":"product_brand","embeddable":true,"href":"https:\/\/www.wojoer.de\/en\/wp-json\/wp\/v2\/product_brand?post=45839"},{"taxonomy":"product_cat","embeddable":true,"href":"https:\/\/www.wojoer.de\/en\/wp-json\/wp\/v2\/product_cat?post=45839"},{"taxonomy":"product_tag","embeddable":true,"href":"https:\/\/www.wojoer.de\/en\/wp-json\/wp\/v2\/product_tag?post=45839"}],"curies":[{"name":"wp","href":"https:\/\/api.w.org\/{rel}","templated":true}]}}