{"id":4593,"date":"2017-04-26T00:00:09","date_gmt":"2017-04-25T22:00:09","guid":{"rendered":"http:\/\/www.wojoer.de\/produkt\/beun-stripe-pushup-mini-string-crema\/"},"modified":"2026-04-01T22:29:50","modified_gmt":"2026-04-01T20:29:50","slug":"beun-stripe-pushup-mini-string","status":"publish","type":"product","link":"https:\/\/www.wojoer.de\/en\/produkt\/beun-stripe-pushup-mini-string\/","title":{"rendered":"BEUN STRIPE Pushup Mini String"},"content":{"rendered":"<p>Immer vorr\u00e4tig, denn der BEUN STRIPE Pushup Mini String 0322-S014 ist Never-Out-of-Stock und geh\u00f6rt damit zu den Wojoer NOS-Produkten.<\/p>\n<p>Erh\u00e4ltlich in den Farben <img loading=\"lazy\" decoding=\"async\" class=\"alignnone size-full wp-image-6164\" src=\"http:\/\/www.wojoer.de\/wp-content\/uploads\/2017\/05\/wei\u00df.jpg\" alt=\"__wei\u00df\" width=\"9\" height=\"9\" \/> Crema | <img loading=\"lazy\" decoding=\"async\" class=\"alignnone size-full wp-image-6163\" src=\"http:\/\/www.wojoer.de\/wp-content\/uploads\/2017\/05\/schwarz.jpg\" alt=\"__schwarz\" width=\"9\" height=\"9\" \/> Schwarz | <img loading=\"lazy\" decoding=\"async\" class=\"alignnone size-full wp-image-6156\" src=\"http:\/\/www.wojoer.de\/wp-content\/uploads\/2017\/05\/pink-1.jpg\" alt=\"pink\" width=\"9\" height=\"9\" \/> Candypink | <a href=\"https:\/\/www.wojoer.de\/wp-content\/uploads\/2018\/04\/vulcano.jpg\"><img loading=\"lazy\" decoding=\"async\" class=\"alignnone size-full wp-image-10040\" src=\"https:\/\/www.wojoer.de\/wp-content\/uploads\/2018\/04\/vulcano.jpg\" alt=\"\" width=\"9\" height=\"9\" \/><\/a> Vulcano | <img loading=\"lazy\" decoding=\"async\" class=\"alignnone size-full wp-image-6157\" src=\"http:\/\/www.wojoer.de\/wp-content\/uploads\/2017\/05\/blau.jpg\" alt=\"__blau\" width=\"9\" height=\"9\" \/> Royalblau | <img loading=\"lazy\" decoding=\"async\" class=\"alignnone size-full wp-image-6158\" src=\"http:\/\/www.wojoer.de\/wp-content\/uploads\/2017\/05\/eisblau.jpg\" alt=\"__eisblau\" width=\"9\" height=\"9\" \/> Eisblau |<\/p>\n<p><a href=\"https:\/\/www.wojoer.de\/wp-content\/uploads\/2018\/04\/neoncoral.jpg\"><img loading=\"lazy\" decoding=\"async\" class=\"alignnone size-full wp-image-10034\" src=\"https:\/\/www.wojoer.de\/wp-content\/uploads\/2018\/04\/neoncoral.jpg\" alt=\"\" width=\"9\" height=\"9\" \/><\/a> Neoncoral | <a href=\"https:\/\/www.wojoer.de\/wp-content\/uploads\/2018\/04\/neongelb.jpg\"><img loading=\"lazy\" decoding=\"async\" class=\"alignnone size-full wp-image-10035\" src=\"https:\/\/www.wojoer.de\/wp-content\/uploads\/2018\/04\/neongelb.jpg\" alt=\"\" width=\"9\" height=\"9\" \/><\/a> Neongelb | <a href=\"https:\/\/www.wojoer.de\/wp-content\/uploads\/2018\/04\/nude.jpg\"><img loading=\"lazy\" decoding=\"async\" class=\"alignnone size-full wp-image-10036\" src=\"https:\/\/www.wojoer.de\/wp-content\/uploads\/2018\/04\/nude.jpg\" alt=\"\" width=\"9\" height=\"9\" \/><\/a> Nude<\/p>\n<h3>Gr\u00f6\u00dfen<\/h3>\n<p>Erh\u00e4ltlich in den Gr\u00f6\u00dfen S, M, L, XL<\/p>\n<h3>Materialzusammensetzung<\/h3>\n<p>BEUN: 82% Polyamid, 18% Elasthan<\/p>\n<h3>Besonderheiten<\/h3>\n<p><a href=\"http:\/\/www.wojoer.de\/?s=nos&#038;post_type=product\">NOS Produkt<\/a> | badetauglich | seidenmatte Oberfl\u00e4chenoptik | leicht transparent | luftig | schnell trocknend | dehnbar | hautenge, bequeme Passform | charakteristische Kontrastb\u00e4nder | hochwertige Verarbeitung &#8220;Made in Germany&#8221;<\/p>\n<h3>Benutzerhinweise<\/h3>\n<p>30\u00b0 Schonw\u00e4sche | auf niedriger Stufe b\u00fcgeln<\/p>\n<h3>BEUN STRIPE- BEACH &#038; UNDERWEAR Push Up Mini String<\/h3>\n<p>Mhhh lecker! So viel Sexappael ist kaum auszuhalten. Verf\u00fchrerisch transparent, ekstatisch gepusht und s\u00fcndhaft knapp. Der BEUN PushUp Mini String ist gerade im dezent durchscheinenden Crema Wei\u00df umwerfend sexy. Viel zu schade, ihn nur unter der Hose zu tragen, auch wenn er noch so bequem ist. Richtig zur Geltung kommt der chlor- und salzwasserbest\u00e4ndige Beach und Underwear Mini Pushup mit seinen schwarzen B\u00e4ndern\u00a0 erst beim Sprung ins k\u00fchle Nass.<\/p>\n","protected":false},"excerpt":{"rendered":"<p>Immer vorr\u00e4tig, denn der BEUN STRIPE Pushup Mini String 0322-S014 ist Never-Out-of-Stock und geh\u00f6rt damit zu den Wojoer NOS-Produkten.<\/p>\n<p>Erh\u00e4ltlich in den Farben  Crema |  Schwarz |  Candypink |  Vulcano |  Royalblau |  Eisblau |<\/p>\n<p>\u2026<\/p>\n","protected":false},"featured_media":35399,"comment_status":"open","ping_status":"closed","template":"","meta":[],"product_brand":[],"product_cat":[714,115,106,169,473,121,326],"product_tag":[108,241,184,119,387,192],"class_list":{"0":"post-4593","1":"product","2":"type-product","3":"status-publish","4":"has-post-thumbnail","6":"product_cat-322-beun-stripe","7":"product_cat-beachwear","8":"product_cat-beun","9":"product_cat-nos-never-out-of-stock","10":"product_cat-men","11":"product_cat-underwear","12":"product_cat-wojoer","13":"product_tag-1beachwear","14":"product_tag-mini-string-bulge-string-g-string","15":"product_tag-push-up","16":"product_tag-string","17":"product_tag-transparent","18":"product_tag-unterwaesche","19":"product_shipping_class-beun","20":"pa_farbe-eisblau","21":"pa_farbe-royalblau","22":"pa_farbe-candypink","23":"pa_farbe-crema","24":"pa_farbe-neoncoral","25":"pa_farbe-neongelb","26":"pa_farbe-nude","27":"pa_farbe-vulcano","28":"pa_farbe-schwarz","29":"pa_groesse-l","30":"pa_groesse-m","31":"pa_groesse-s","32":"pa_groesse-xl","33":"pa_groesse-xs","34":"pif-has-gallery","35":"post-1","36":"odd","38":"first","39":"instock","40":"featured","41":"taxable","42":"shipping-taxable","43":"purchasable","44":"product-type-variable","45":"has-default-attributes"},"yoast_head":"<!-- This site is optimized with the Yoast SEO plugin v27.2 - https:\/\/yoast.com\/product\/yoast-seo-wordpress\/ -->\n<title>MiniString Pushup BEUN Beach Underwear hauchd\u00fcnn bequem WOJOER<\/title>\n<meta name=\"description\" content=\"Der hauchd\u00fcnne, leicht transparente, matte Pushup MiniString liegt seidig weich auf der Haut &amp; ist schnell trocknend. In 9 frechen Farben erh\u00e4ltlich\" \/>\n<meta name=\"robots\" content=\"index, follow, max-snippet:-1, max-image-preview:large, max-video-preview:-1\" \/>\n<link rel=\"canonical\" href=\"https:\/\/www.wojoer.de\/en\/produkt\/beun-stripe-pushup-mini-string\/\" \/>\n<meta name=\"twitter:card\" content=\"summary_large_image\" \/>\n<meta name=\"twitter:title\" content=\"MiniString Pushup BEUN Beach Underwear hauchd\u00fcnn bequem WOJOER\" \/>\n<meta name=\"twitter:description\" content=\"Der hauchd\u00fcnne, leicht transparente, matte Pushup MiniString liegt seidig weich auf der Haut &amp; ist schnell trocknend. In 9 frechen Farben erh\u00e4ltlich\" \/>\n<meta name=\"twitter:image\" content=\"https:\/\/www.wojoer.de\/wp-content\/uploads\/2017\/04\/322B14_stripe_mini_pushup_tanga_vulcano_side_wojoer_.jpg\" \/>\n<meta name=\"twitter:label1\" content=\"Estimated reading time\" \/>\n\t<meta name=\"twitter:data1\" content=\"3 minutes\" \/>\n<script type=\"application\/ld+json\" class=\"yoast-schema-graph\">{\"@context\":\"https:\/\/schema.org\",\"@graph\":[{\"@type\":\"WebPage\",\"@id\":\"https:\/\/www.wojoer.de\/produkt\/beun-stripe-pushup-mini-string\/\",\"url\":\"https:\/\/www.wojoer.de\/produkt\/beun-stripe-pushup-mini-string\/\",\"name\":\"MiniString Pushup BEUN Beach Underwear hauchd\u00fcnn bequem WOJOER\",\"isPartOf\":{\"@id\":\"https:\/\/www.wojoer.de\/#website\"},\"primaryImageOfPage\":{\"@id\":\"https:\/\/www.wojoer.de\/produkt\/beun-stripe-pushup-mini-string\/#primaryimage\"},\"image\":{\"@id\":\"https:\/\/www.wojoer.de\/produkt\/beun-stripe-pushup-mini-string\/#primaryimage\"},\"thumbnailUrl\":\"https:\/\/www.wojoer.de\/wp-content\/uploads\/2017\/04\/322B14_stripe_mini_pushup_tanga_vulcano_side_wojoer_.jpg\",\"datePublished\":\"2017-04-25T22:00:09+00:00\",\"dateModified\":\"2026-04-01T20:29:50+00:00\",\"description\":\"Der hauchd\u00fcnne, leicht transparente, matte Pushup MiniString liegt seidig weich auf der Haut & ist schnell trocknend. In 9 frechen Farben erh\u00e4ltlich\",\"breadcrumb\":{\"@id\":\"https:\/\/www.wojoer.de\/produkt\/beun-stripe-pushup-mini-string\/#breadcrumb\"},\"inLanguage\":\"en-GB\",\"potentialAction\":[{\"@type\":\"ReadAction\",\"target\":[\"https:\/\/www.wojoer.de\/produkt\/beun-stripe-pushup-mini-string\/\"]}]},{\"@type\":\"ImageObject\",\"inLanguage\":\"en-GB\",\"@id\":\"https:\/\/www.wojoer.de\/produkt\/beun-stripe-pushup-mini-string\/#primaryimage\",\"url\":\"https:\/\/www.wojoer.de\/wp-content\/uploads\/2017\/04\/322B14_stripe_mini_pushup_tanga_vulcano_side_wojoer_.jpg\",\"contentUrl\":\"https:\/\/www.wojoer.de\/wp-content\/uploads\/2017\/04\/322B14_stripe_mini_pushup_tanga_vulcano_side_wojoer_.jpg\",\"width\":2002,\"height\":2002},{\"@type\":\"BreadcrumbList\",\"@id\":\"https:\/\/www.wojoer.de\/produkt\/beun-stripe-pushup-mini-string\/#breadcrumb\",\"itemListElement\":[{\"@type\":\"ListItem\",\"position\":1,\"name\":\"Startseite\",\"item\":\"https:\/\/www.wojoer.de\/\"},{\"@type\":\"ListItem\",\"position\":2,\"name\":\"SHOP\",\"item\":\"https:\/\/www.wojoer.de\/shop\/\"},{\"@type\":\"ListItem\",\"position\":3,\"name\":\"BEUN STRIPE Pushup Mini String\"}]},{\"@type\":\"WebSite\",\"@id\":\"https:\/\/www.wojoer.de\/#website\",\"url\":\"https:\/\/www.wojoer.de\/\",\"name\":\"WOJOER\",\"description\":\"clubwear for men\",\"publisher\":{\"@id\":\"https:\/\/www.wojoer.de\/#organization\"},\"potentialAction\":[{\"@type\":\"SearchAction\",\"target\":{\"@type\":\"EntryPoint\",\"urlTemplate\":\"https:\/\/www.wojoer.de\/?s={search_term_string}\"},\"query-input\":{\"@type\":\"PropertyValueSpecification\",\"valueRequired\":true,\"valueName\":\"search_term_string\"}}],\"inLanguage\":\"en-GB\"},{\"@type\":\"Organization\",\"@id\":\"https:\/\/www.wojoer.de\/#organization\",\"name\":\"Wonneberger-Manufaktur\",\"url\":\"https:\/\/www.wojoer.de\/\",\"logo\":{\"@type\":\"ImageObject\",\"inLanguage\":\"en-GB\",\"@id\":\"https:\/\/www.wojoer.de\/#\/schema\/logo\/image\/\",\"url\":\"https:\/\/www.wojoer.de\/wp-content\/uploads\/2016\/11\/wonnebergermanufaktur_logo_BUTTON.png\",\"contentUrl\":\"https:\/\/www.wojoer.de\/wp-content\/uploads\/2016\/11\/wonnebergermanufaktur_logo_BUTTON.png\",\"width\":765,\"height\":765,\"caption\":\"Wonneberger-Manufaktur\"},\"image\":{\"@id\":\"https:\/\/www.wojoer.de\/#\/schema\/logo\/image\/\"},\"sameAs\":[\"https:\/\/www.facebook.com\/wojoer\/\",\"https:\/\/de.pinterest.com\/W0J0ER\/\"]}]}<\/script>\n<!-- \/ Yoast SEO plugin. -->","yoast_head_json":{"title":"MiniString Pushup BEUN Beach Underwear hauchd\u00fcnn bequem WOJOER","description":"Der hauchd\u00fcnne, leicht transparente, matte Pushup MiniString liegt seidig weich auf der Haut & ist schnell trocknend. In 9 frechen Farben erh\u00e4ltlich","robots":{"index":"index","follow":"follow","max-snippet":"max-snippet:-1","max-image-preview":"max-image-preview:large","max-video-preview":"max-video-preview:-1"},"canonical":"https:\/\/www.wojoer.de\/en\/produkt\/beun-stripe-pushup-mini-string\/","twitter_card":"summary_large_image","twitter_title":"[:de]MiniString Pushup BEUN Beach Underwear hauchd\u00fcnn bequem WOJOER[:]","twitter_description":"[:de]Der hauchd\u00fcnne, leicht transparente, matte Pushup MiniString liegt seidig weich auf der Haut & ist schnell trocknend. In 9 frechen Farben erh\u00e4ltlich[:]","twitter_image":"https:\/\/www.wojoer.de\/wp-content\/uploads\/2017\/04\/322B14_stripe_mini_pushup_tanga_vulcano_side_wojoer_.jpg","twitter_misc":{"Estimated reading time":"3 minutes"},"schema":{"@context":"https:\/\/schema.org","@graph":[{"@type":"WebPage","@id":"https:\/\/www.wojoer.de\/produkt\/beun-stripe-pushup-mini-string\/","url":"https:\/\/www.wojoer.de\/produkt\/beun-stripe-pushup-mini-string\/","name":"MiniString Pushup BEUN Beach Underwear hauchd\u00fcnn bequem WOJOER","isPartOf":{"@id":"https:\/\/www.wojoer.de\/#website"},"primaryImageOfPage":{"@id":"https:\/\/www.wojoer.de\/produkt\/beun-stripe-pushup-mini-string\/#primaryimage"},"image":{"@id":"https:\/\/www.wojoer.de\/produkt\/beun-stripe-pushup-mini-string\/#primaryimage"},"thumbnailUrl":"https:\/\/www.wojoer.de\/wp-content\/uploads\/2017\/04\/322B14_stripe_mini_pushup_tanga_vulcano_side_wojoer_.jpg","datePublished":"2017-04-25T22:00:09+00:00","dateModified":"2026-04-01T20:29:50+00:00","description":"Der hauchd\u00fcnne, leicht transparente, matte Pushup MiniString liegt seidig weich auf der Haut & ist schnell trocknend. In 9 frechen Farben erh\u00e4ltlich","breadcrumb":{"@id":"https:\/\/www.wojoer.de\/produkt\/beun-stripe-pushup-mini-string\/#breadcrumb"},"inLanguage":"en-GB","potentialAction":[{"@type":"ReadAction","target":["https:\/\/www.wojoer.de\/produkt\/beun-stripe-pushup-mini-string\/"]}]},{"@type":"ImageObject","inLanguage":"en-GB","@id":"https:\/\/www.wojoer.de\/produkt\/beun-stripe-pushup-mini-string\/#primaryimage","url":"https:\/\/www.wojoer.de\/wp-content\/uploads\/2017\/04\/322B14_stripe_mini_pushup_tanga_vulcano_side_wojoer_.jpg","contentUrl":"https:\/\/www.wojoer.de\/wp-content\/uploads\/2017\/04\/322B14_stripe_mini_pushup_tanga_vulcano_side_wojoer_.jpg","width":2002,"height":2002},{"@type":"BreadcrumbList","@id":"https:\/\/www.wojoer.de\/produkt\/beun-stripe-pushup-mini-string\/#breadcrumb","itemListElement":[{"@type":"ListItem","position":1,"name":"Startseite","item":"https:\/\/www.wojoer.de\/"},{"@type":"ListItem","position":2,"name":"SHOP","item":"https:\/\/www.wojoer.de\/shop\/"},{"@type":"ListItem","position":3,"name":"BEUN STRIPE Pushup Mini String"}]},{"@type":"WebSite","@id":"https:\/\/www.wojoer.de\/#website","url":"https:\/\/www.wojoer.de\/","name":"WOJOER","description":"clubwear for men","publisher":{"@id":"https:\/\/www.wojoer.de\/#organization"},"potentialAction":[{"@type":"SearchAction","target":{"@type":"EntryPoint","urlTemplate":"https:\/\/www.wojoer.de\/?s={search_term_string}"},"query-input":{"@type":"PropertyValueSpecification","valueRequired":true,"valueName":"search_term_string"}}],"inLanguage":"en-GB"},{"@type":"Organization","@id":"https:\/\/www.wojoer.de\/#organization","name":"Wonneberger-Manufaktur","url":"https:\/\/www.wojoer.de\/","logo":{"@type":"ImageObject","inLanguage":"en-GB","@id":"https:\/\/www.wojoer.de\/#\/schema\/logo\/image\/","url":"https:\/\/www.wojoer.de\/wp-content\/uploads\/2016\/11\/wonnebergermanufaktur_logo_BUTTON.png","contentUrl":"https:\/\/www.wojoer.de\/wp-content\/uploads\/2016\/11\/wonnebergermanufaktur_logo_BUTTON.png","width":765,"height":765,"caption":"Wonneberger-Manufaktur"},"image":{"@id":"https:\/\/www.wojoer.de\/#\/schema\/logo\/image\/"},"sameAs":["https:\/\/www.facebook.com\/wojoer\/","https:\/\/de.pinterest.com\/W0J0ER\/"]}]}},"_links":{"self":[{"href":"https:\/\/www.wojoer.de\/en\/wp-json\/wp\/v2\/product\/4593","targetHints":{"allow":["GET"]}}],"collection":[{"href":"https:\/\/www.wojoer.de\/en\/wp-json\/wp\/v2\/product"}],"about":[{"href":"https:\/\/www.wojoer.de\/en\/wp-json\/wp\/v2\/types\/product"}],"replies":[{"embeddable":true,"href":"https:\/\/www.wojoer.de\/en\/wp-json\/wp\/v2\/comments?post=4593"}],"wp:featuredmedia":[{"embeddable":true,"href":"https:\/\/www.wojoer.de\/en\/wp-json\/wp\/v2\/media\/35399"}],"wp:attachment":[{"href":"https:\/\/www.wojoer.de\/en\/wp-json\/wp\/v2\/media?parent=4593"}],"wp:term":[{"taxonomy":"product_brand","embeddable":true,"href":"https:\/\/www.wojoer.de\/en\/wp-json\/wp\/v2\/product_brand?post=4593"},{"taxonomy":"product_cat","embeddable":true,"href":"https:\/\/www.wojoer.de\/en\/wp-json\/wp\/v2\/product_cat?post=4593"},{"taxonomy":"product_tag","embeddable":true,"href":"https:\/\/www.wojoer.de\/en\/wp-json\/wp\/v2\/product_tag?post=4593"}],"curies":[{"name":"wp","href":"https:\/\/api.w.org\/{rel}","templated":true}]}}