{"id":46034,"date":"2025-12-03T08:30:29","date_gmt":"2025-12-03T07:30:29","guid":{"rendered":"https:\/\/www.wojoer.de\/?post_type=product&#038;p=46034"},"modified":"2026-04-21T08:41:01","modified_gmt":"2026-04-21T06:41:01","slug":"bade-pushup-schwarz-btr2","status":"publish","type":"product","link":"https:\/\/www.wojoer.de\/en\/produkt\/bade-pushup-schwarz-btr2\/","title":{"rendered":"Bade Pushup Big Thing Ring"},"content":{"rendered":"<p>Immer vorr\u00e4tig, denn der BTR Genitalring geh\u00f6rt zu den Wojoer Never-Out-of-Stock-Produkten.<\/p>\n<h3>Ma\u00dfe<\/h3>\n<p>Im Ungedehnten Zustand: ca. 20 x 2 cm | Mit 2 Druckkn\u00f6pfen verstellbar<\/p>\n<p>Umfang 1: ca. 15.5cm | Durchmesser 1: ca. 4,5cm<\/p>\n<p>Umfang 2: ca. 17cm | Durchmesser 2: ca. 5cm<\/p>\n<h3>Materialzusammensetzung<\/h3>\n<p>Badeglanz: 80% Polyamid und 20% Elasthan<\/p>\n<h3>Besonderheiten<\/h3>\n<p><a href=\"http:\/\/www.wojoer.de\/?s=nos&#038;post_type=product\">NOS Produkt<\/a> | elegant seidige Oberfl\u00e4chenoptik | angenehm pushend | hochwertige Metall-Druckkn\u00f6pfe | hochwertige Verarbeitung &#8220;Made in Germany&#8221;<\/p>\n<h3>Benutzerhinweise<\/h3>\n<p>30\u00b0C Schonw\u00e4sche im W\u00e4schebeutel | Zum Anheben der gesamten m\u00e4nnlichen Geschlechtsteile | kein Penisring zur Erektionssteigerung<\/p>\n<h3>BIG THING RING &#8211; special Rubber Beachmaterial Cockring\/ Penisring\/ Genitalring<\/h3>\n<p>Mehr Volumen unter der Hose gef\u00e4llig? Du willst, dass deine badehose gut gef\u00fcllt aussieht und magst ein enges Gef\u00fchl f\u00fcr deine M\u00e4nnlichkeit? Dann werden <a href=\"https:\/\/www.wojoer.de\/produkt\/push-up-pad-for-men\/\">Push-Pads<\/a> f\u00fcr dich \u00fcberfl\u00fcssig. Denn deine Beule in der Hose wird durch den Big thing ring optimal nach vorn geholt und sorgt so f\u00fcr ein optisches Volumenwunder! Denn der gr\u00f6\u00dfenverstellbare Ring steigert das Volumen unter der Hose maximal, indem er die geballte M\u00e4nnlichkeit direkt an der Wurzel umfasst. Der BTR ist also ein Push Up Accessoire f\u00fcr den Mann, der den ganzen Tag unter der Unterw\u00e4sche oder der Badehose getragen werden kann und der auch ausgepackt f\u00fcr einen sportlich hei\u00dfen \u00dcberaschungseffekt sorgt. Besonders anziehend wirkt er unter unserer <a href=\"https:\/\/www.wojoer.de\/produkt-kategorie\/beun\/\">BeUn<\/a> und <a href=\"https:\/\/www.wojoer.de\/?s=Powernet&#038;post_type=product\">Badenetz<\/a> Kollektion, die bei N\u00e4sse durchscheinend werden und so das Farbenspiel zwischen Unterw\u00e4sche und Ring zum ultimativen Hingucker machen. Die zwei edlen Metalldruckkn\u00f6pfe erm\u00f6glichen nicht nur eine individuelle Gr\u00f6\u00dfeneinstellung, sondern lassen den Ring schnell verschwinden wenn es zur Sache gehen soll oder lassen ihn auch schnell enger spannen, wenn du genau das brauchst um den besonderen Kick zu genie\u00dfen. Ein idealer Begleiter f\u00fcr enge Clubwear, der jedem zeigt, was du wirklich hast.<\/p>\n<p>&nbsp;<\/p>\n","protected":false},"excerpt":{"rendered":"<p>Immer vorr\u00e4tig, denn der BTR Genitalring geh\u00f6rt zu den Wojoer Never-Out-of-Stock-Produkten.<br \/>\nMa\u00dfe<br \/>\nIm Ungedehnten Zustand: ca. 20 x 2 cm | Mit 2 Druckkn\u00f6pfen verstellbar<\/p>\n<p>Umfang 1: ca. 15.5cm | Durchmesser 1: ca. 4,5cm<\/p>\n<p>Umfang 2: ca. 17cm | Durchmesser 2: ca. 5cm<br \/>\nMaterialzusammensetzung<br \/>\nBadeglanz: 80%\u2026<\/p>\n","protected":false},"featured_media":46082,"comment_status":"open","ping_status":"closed","template":"","meta":[],"product_brand":[],"product_cat":[291,115,1113,116,114,311,169,473,471,326],"product_tag":[262,419,251,250,268,194,184,1111,247],"class_list":{"0":"post-46034","1":"product","2":"type-product","3":"status-publish","4":"has-post-thumbnail","6":"product_cat-accessoires","7":"product_cat-beachwear","8":"product_cat-btr","9":"product_cat-clubwear","10":"product_cat-fetisch","11":"product_cat-hankycode","12":"product_cat-nos-never-out-of-stock","13":"product_cat-men","14":"product_cat-partnerlook","15":"product_cat-wojoer","16":"product_tag-accessoires","17":"product_tag-btr","18":"product_tag-druckknopf","19":"product_tag-funktion","20":"product_tag-farbcode","21":"product_tag-leatherlike","22":"product_tag-push-up","23":"product_tag-pushring","24":"product_tag-wetlook","25":"product_shipping_class-beun","26":"pa_farbe-blackmamba","27":"pa_farbe-eisblau","28":"pa_farbe-royalblau","29":"pa_farbe-haweii","30":"pa_farbe-kroko","31":"pa_farbe-lila","32":"pa_farbe-neongelb","33":"pa_farbe-neongruen","34":"pa_farbe-neonpink","35":"pa_farbe-olive","36":"pa_farbe-orange","37":"pa_farbe-rot","38":"pa_farbe-schwarz","39":"pa_farbe-tropic","40":"pa_farbe-weiss","41":"pif-has-gallery","42":"post-1","43":"odd","45":"first","46":"onbackorder","47":"featured","48":"taxable","49":"shipping-taxable","50":"purchasable","51":"product-type-variable"},"yoast_head":"<!-- This site is optimized with the Yoast SEO plugin v27.2 - https:\/\/yoast.com\/product\/yoast-seo-wordpress\/ -->\n<title>BIG THING RING, Cockring, Penisring, Genitalring, Push Up f\u00fcr den Mann<\/title>\n<meta name=\"description\" content=\"BTR ist der PushUp f\u00fcr den Mann, ideale Erg\u00e4nzung zu feinen lockeren Hosen, enganliegenden oder durchsichtigen Leggings. Der Penisring f\u00fcr maximales Volumen-jetzt Versandkostenfrei innerhalb Deutschlands bestellen.\" \/>\n<meta name=\"robots\" content=\"index, follow, max-snippet:-1, max-image-preview:large, max-video-preview:-1\" \/>\n<link rel=\"canonical\" href=\"https:\/\/www.wojoer.de\/en\/produkt\/bade-pushup-schwarz-btr2\/\" \/>\n<meta name=\"twitter:card\" content=\"summary_large_image\" \/>\n<meta name=\"twitter:title\" content=\"BIG THING RING, Cockring, Penisring, Genitalring, Push Up f\u00fcr den Mann\" \/>\n<meta name=\"twitter:description\" content=\"BTR ist der PushUp f\u00fcr den Mann, ideale Erg\u00e4nzung zu feinen lockeren Hosen, enganliegenden oder durchsichtigen Leggings. Der Penisring f\u00fcr maximales Volumen-jetzt Versandkostenfrei innerhalb Deutschlands bestellen.\" \/>\n<meta name=\"twitter:image\" content=\"https:\/\/www.wojoer.de\/wp-content\/uploads\/2024\/10\/0335-W010-0D-08-00-6.bade-btr-dehnbar-all_colours-front-wojoer.jpg\" \/>\n<meta name=\"twitter:label1\" content=\"Estimated reading time\" \/>\n\t<meta name=\"twitter:data1\" content=\"2 minutes\" \/>\n<script type=\"application\/ld+json\" class=\"yoast-schema-graph\">{\"@context\":\"https:\/\/schema.org\",\"@graph\":[{\"@type\":\"WebPage\",\"@id\":\"https:\/\/www.wojoer.de\/produkt\/bade-pushup-schwarz-btr2\/\",\"url\":\"https:\/\/www.wojoer.de\/produkt\/bade-pushup-schwarz-btr2\/\",\"name\":\"BIG THING RING, Cockring, Penisring, Genitalring, Push Up f\u00fcr den Mann\",\"isPartOf\":{\"@id\":\"https:\/\/www.wojoer.de\/#website\"},\"primaryImageOfPage\":{\"@id\":\"https:\/\/www.wojoer.de\/produkt\/bade-pushup-schwarz-btr2\/#primaryimage\"},\"image\":{\"@id\":\"https:\/\/www.wojoer.de\/produkt\/bade-pushup-schwarz-btr2\/#primaryimage\"},\"thumbnailUrl\":\"https:\/\/www.wojoer.de\/wp-content\/uploads\/2024\/10\/0335-W010-0D-08-00-6.bade-btr-dehnbar-all_colours-front-wojoer.jpg\",\"datePublished\":\"2025-12-03T07:30:29+00:00\",\"dateModified\":\"2026-04-21T06:41:01+00:00\",\"description\":\"BTR ist der PushUp f\u00fcr den Mann, ideale Erg\u00e4nzung zu feinen lockeren Hosen, enganliegenden oder durchsichtigen Leggings. Der Penisring f\u00fcr maximales Volumen-jetzt Versandkostenfrei innerhalb Deutschlands bestellen.\",\"breadcrumb\":{\"@id\":\"https:\/\/www.wojoer.de\/produkt\/bade-pushup-schwarz-btr2\/#breadcrumb\"},\"inLanguage\":\"en-GB\",\"potentialAction\":[{\"@type\":\"ReadAction\",\"target\":[\"https:\/\/www.wojoer.de\/produkt\/bade-pushup-schwarz-btr2\/\"]}]},{\"@type\":\"ImageObject\",\"inLanguage\":\"en-GB\",\"@id\":\"https:\/\/www.wojoer.de\/produkt\/bade-pushup-schwarz-btr2\/#primaryimage\",\"url\":\"https:\/\/www.wojoer.de\/wp-content\/uploads\/2024\/10\/0335-W010-0D-08-00-6.bade-btr-dehnbar-all_colours-front-wojoer.jpg\",\"contentUrl\":\"https:\/\/www.wojoer.de\/wp-content\/uploads\/2024\/10\/0335-W010-0D-08-00-6.bade-btr-dehnbar-all_colours-front-wojoer.jpg\",\"width\":2002,\"height\":1851},{\"@type\":\"BreadcrumbList\",\"@id\":\"https:\/\/www.wojoer.de\/produkt\/bade-pushup-schwarz-btr2\/#breadcrumb\",\"itemListElement\":[{\"@type\":\"ListItem\",\"position\":1,\"name\":\"Startseite\",\"item\":\"https:\/\/www.wojoer.de\/\"},{\"@type\":\"ListItem\",\"position\":2,\"name\":\"SHOP\",\"item\":\"https:\/\/www.wojoer.de\/shop\/\"},{\"@type\":\"ListItem\",\"position\":3,\"name\":\"Bade Pushup Big Thing Ring\"}]},{\"@type\":\"WebSite\",\"@id\":\"https:\/\/www.wojoer.de\/#website\",\"url\":\"https:\/\/www.wojoer.de\/\",\"name\":\"WOJOER\",\"description\":\"clubwear for men\",\"publisher\":{\"@id\":\"https:\/\/www.wojoer.de\/#organization\"},\"potentialAction\":[{\"@type\":\"SearchAction\",\"target\":{\"@type\":\"EntryPoint\",\"urlTemplate\":\"https:\/\/www.wojoer.de\/?s={search_term_string}\"},\"query-input\":{\"@type\":\"PropertyValueSpecification\",\"valueRequired\":true,\"valueName\":\"search_term_string\"}}],\"inLanguage\":\"en-GB\"},{\"@type\":\"Organization\",\"@id\":\"https:\/\/www.wojoer.de\/#organization\",\"name\":\"Wonneberger-Manufaktur\",\"url\":\"https:\/\/www.wojoer.de\/\",\"logo\":{\"@type\":\"ImageObject\",\"inLanguage\":\"en-GB\",\"@id\":\"https:\/\/www.wojoer.de\/#\/schema\/logo\/image\/\",\"url\":\"https:\/\/www.wojoer.de\/wp-content\/uploads\/2016\/11\/wonnebergermanufaktur_logo_BUTTON.png\",\"contentUrl\":\"https:\/\/www.wojoer.de\/wp-content\/uploads\/2016\/11\/wonnebergermanufaktur_logo_BUTTON.png\",\"width\":765,\"height\":765,\"caption\":\"Wonneberger-Manufaktur\"},\"image\":{\"@id\":\"https:\/\/www.wojoer.de\/#\/schema\/logo\/image\/\"},\"sameAs\":[\"https:\/\/www.facebook.com\/wojoer\/\",\"https:\/\/de.pinterest.com\/W0J0ER\/\"]}]}<\/script>\n<!-- \/ Yoast SEO plugin. -->","yoast_head_json":{"title":"BIG THING RING, Cockring, Penisring, Genitalring, Push Up f\u00fcr den Mann","description":"BTR ist der PushUp f\u00fcr den Mann, ideale Erg\u00e4nzung zu feinen lockeren Hosen, enganliegenden oder durchsichtigen Leggings. Der Penisring f\u00fcr maximales Volumen-jetzt Versandkostenfrei innerhalb Deutschlands bestellen.","robots":{"index":"index","follow":"follow","max-snippet":"max-snippet:-1","max-image-preview":"max-image-preview:large","max-video-preview":"max-video-preview:-1"},"canonical":"https:\/\/www.wojoer.de\/en\/produkt\/bade-pushup-schwarz-btr2\/","twitter_card":"summary_large_image","twitter_title":"BIG THING RING, Cockring, Penisring, Genitalring, Push Up f\u00fcr den Mann","twitter_description":"BTR ist der PushUp f\u00fcr den Mann, ideale Erg\u00e4nzung zu feinen lockeren Hosen, enganliegenden oder durchsichtigen Leggings. Der Penisring f\u00fcr maximales Volumen-jetzt Versandkostenfrei innerhalb Deutschlands bestellen.","twitter_image":"https:\/\/www.wojoer.de\/wp-content\/uploads\/2024\/10\/0335-W010-0D-08-00-6.bade-btr-dehnbar-all_colours-front-wojoer.jpg","twitter_misc":{"Estimated reading time":"2 minutes"},"schema":{"@context":"https:\/\/schema.org","@graph":[{"@type":"WebPage","@id":"https:\/\/www.wojoer.de\/produkt\/bade-pushup-schwarz-btr2\/","url":"https:\/\/www.wojoer.de\/produkt\/bade-pushup-schwarz-btr2\/","name":"BIG THING RING, Cockring, Penisring, Genitalring, Push Up f\u00fcr den Mann","isPartOf":{"@id":"https:\/\/www.wojoer.de\/#website"},"primaryImageOfPage":{"@id":"https:\/\/www.wojoer.de\/produkt\/bade-pushup-schwarz-btr2\/#primaryimage"},"image":{"@id":"https:\/\/www.wojoer.de\/produkt\/bade-pushup-schwarz-btr2\/#primaryimage"},"thumbnailUrl":"https:\/\/www.wojoer.de\/wp-content\/uploads\/2024\/10\/0335-W010-0D-08-00-6.bade-btr-dehnbar-all_colours-front-wojoer.jpg","datePublished":"2025-12-03T07:30:29+00:00","dateModified":"2026-04-21T06:41:01+00:00","description":"BTR ist der PushUp f\u00fcr den Mann, ideale Erg\u00e4nzung zu feinen lockeren Hosen, enganliegenden oder durchsichtigen Leggings. Der Penisring f\u00fcr maximales Volumen-jetzt Versandkostenfrei innerhalb Deutschlands bestellen.","breadcrumb":{"@id":"https:\/\/www.wojoer.de\/produkt\/bade-pushup-schwarz-btr2\/#breadcrumb"},"inLanguage":"en-GB","potentialAction":[{"@type":"ReadAction","target":["https:\/\/www.wojoer.de\/produkt\/bade-pushup-schwarz-btr2\/"]}]},{"@type":"ImageObject","inLanguage":"en-GB","@id":"https:\/\/www.wojoer.de\/produkt\/bade-pushup-schwarz-btr2\/#primaryimage","url":"https:\/\/www.wojoer.de\/wp-content\/uploads\/2024\/10\/0335-W010-0D-08-00-6.bade-btr-dehnbar-all_colours-front-wojoer.jpg","contentUrl":"https:\/\/www.wojoer.de\/wp-content\/uploads\/2024\/10\/0335-W010-0D-08-00-6.bade-btr-dehnbar-all_colours-front-wojoer.jpg","width":2002,"height":1851},{"@type":"BreadcrumbList","@id":"https:\/\/www.wojoer.de\/produkt\/bade-pushup-schwarz-btr2\/#breadcrumb","itemListElement":[{"@type":"ListItem","position":1,"name":"Startseite","item":"https:\/\/www.wojoer.de\/"},{"@type":"ListItem","position":2,"name":"SHOP","item":"https:\/\/www.wojoer.de\/shop\/"},{"@type":"ListItem","position":3,"name":"Bade Pushup Big Thing Ring"}]},{"@type":"WebSite","@id":"https:\/\/www.wojoer.de\/#website","url":"https:\/\/www.wojoer.de\/","name":"WOJOER","description":"clubwear for men","publisher":{"@id":"https:\/\/www.wojoer.de\/#organization"},"potentialAction":[{"@type":"SearchAction","target":{"@type":"EntryPoint","urlTemplate":"https:\/\/www.wojoer.de\/?s={search_term_string}"},"query-input":{"@type":"PropertyValueSpecification","valueRequired":true,"valueName":"search_term_string"}}],"inLanguage":"en-GB"},{"@type":"Organization","@id":"https:\/\/www.wojoer.de\/#organization","name":"Wonneberger-Manufaktur","url":"https:\/\/www.wojoer.de\/","logo":{"@type":"ImageObject","inLanguage":"en-GB","@id":"https:\/\/www.wojoer.de\/#\/schema\/logo\/image\/","url":"https:\/\/www.wojoer.de\/wp-content\/uploads\/2016\/11\/wonnebergermanufaktur_logo_BUTTON.png","contentUrl":"https:\/\/www.wojoer.de\/wp-content\/uploads\/2016\/11\/wonnebergermanufaktur_logo_BUTTON.png","width":765,"height":765,"caption":"Wonneberger-Manufaktur"},"image":{"@id":"https:\/\/www.wojoer.de\/#\/schema\/logo\/image\/"},"sameAs":["https:\/\/www.facebook.com\/wojoer\/","https:\/\/de.pinterest.com\/W0J0ER\/"]}]}},"_links":{"self":[{"href":"https:\/\/www.wojoer.de\/en\/wp-json\/wp\/v2\/product\/46034","targetHints":{"allow":["GET"]}}],"collection":[{"href":"https:\/\/www.wojoer.de\/en\/wp-json\/wp\/v2\/product"}],"about":[{"href":"https:\/\/www.wojoer.de\/en\/wp-json\/wp\/v2\/types\/product"}],"replies":[{"embeddable":true,"href":"https:\/\/www.wojoer.de\/en\/wp-json\/wp\/v2\/comments?post=46034"}],"wp:featuredmedia":[{"embeddable":true,"href":"https:\/\/www.wojoer.de\/en\/wp-json\/wp\/v2\/media\/46082"}],"wp:attachment":[{"href":"https:\/\/www.wojoer.de\/en\/wp-json\/wp\/v2\/media?parent=46034"}],"wp:term":[{"taxonomy":"product_brand","embeddable":true,"href":"https:\/\/www.wojoer.de\/en\/wp-json\/wp\/v2\/product_brand?post=46034"},{"taxonomy":"product_cat","embeddable":true,"href":"https:\/\/www.wojoer.de\/en\/wp-json\/wp\/v2\/product_cat?post=46034"},{"taxonomy":"product_tag","embeddable":true,"href":"https:\/\/www.wojoer.de\/en\/wp-json\/wp\/v2\/product_tag?post=46034"}],"curies":[{"name":"wp","href":"https:\/\/api.w.org\/{rel}","templated":true}]}}