{"id":46100,"date":"2024-11-21T07:16:14","date_gmt":"2024-11-21T06:16:14","guid":{"rendered":"https:\/\/www.wojoer.de\/?post_type=product&#038;p=46100"},"modified":"2024-11-21T11:45:28","modified_gmt":"2024-11-21T10:45:28","slug":"reissverschluss-leggings-stone-leather","status":"publish","type":"product","link":"https:\/\/www.wojoer.de\/en\/produkt\/reissverschluss-leggings-stone-leather\/","title":{"rendered":"Stone Leather Banana Zipper Leggings"},"content":{"rendered":"<p>Production to order, because the black Stone Leather zipper leggings belong to the category: Wojoer \u201cLIVE products\u201d!<\/p>\n<h3>Sizes<\/h3>\n<p>Available in sizes S, M, L, XL, XXL, 3XL<\/p>\n<h3>Material composition<\/h3>\n<p>94% polyester | 6% elastane<\/p>\n<h3>Special features<\/h3>\n<p><a href=\"http:\/\/www.wojoer.de\/?s=live&#038;post_type=product\">LIVE product<\/a> | matt shiny, stretchy material | vintage pattern | skin-tight fit | high-quality workmanship \u201cMade in Germany\u201d<\/p>\n<h3>Instructions for use<\/h3>\n<p><strong>Hand wash and 30\u00b0 gentle wash in laundry bag only<\/strong><\/p>\n<h3>STONE LEATHER zipper LEGGINGS &#8211; matt shiny vintage pants<\/h3>\n<p>Let the tieger out and visit the club in an extravagant outfit that will cause a stir with the hot banana pouch with zipper. We&#8217;re talking about the super breathable zipper leggings in stone leather. They are particularly fine &#038; matt shiny in black vintage leather. The cut of the leggings means they are ideally close-fitting and have a positive shaping effect. The front wraps around your manhood with a generously long and pushing bump. And if you&#8217;re in a hurry, the quick-fun action zipper with a soft, protective underlap is just what you need. Order now with free shipping within Germany.<\/p>\n<p>Click here for the <a href=\"http:\/\/www.wojoer.de\/groessentabelle\/\">size chart<\/a><\/p>\n","protected":false},"excerpt":{"rendered":"<p>Produktion auf Bestellung, denn die schwarze Stone Leather Rei\u00dfverschluss Leggings geh\u00f6rt in die Kategorie: Wojoer &#8220;LIVE-Produkte&#8221;!<br \/>\nGr\u00f6\u00dfen<br \/>\nErh\u00e4ltlich in den Gr\u00f6\u00dfen S, M, L, XL, XXL, 3XL<br \/>\nMaterialzusammensetzung<br \/>\n94% Polyester | 6% Elasthan<br \/>\nBesonderheiten<br \/>\nLIVE Produkt | matt gl\u00e4nzendes, dehnbares Material | Vintagemuster | hautenge Passform\u2026<\/p>\n","protected":false},"featured_media":46107,"comment_status":"open","ping_status":"closed","template":"","meta":[],"product_brand":[],"product_cat":[115,473,195,326],"product_tag":[567,244,247],"class_list":{"0":"post-46100","1":"product","2":"type-product","3":"status-publish","4":"has-post-thumbnail","6":"product_cat-beachwear","7":"product_cat-men","8":"product_cat-produktion-auf-bestellung-liveproduktion","9":"product_cat-wojoer","10":"product_tag-hose","11":"product_tag-leggings","12":"product_tag-wetlook","13":"product_shipping_class-leggings-shirts-bodies","14":"pa_groesse-l","15":"pa_groesse-m","16":"pa_groesse-s","17":"pa_groesse-xl","18":"pa_groesse-xxl","19":"pa_groesse-xxxl","20":"pif-has-gallery","21":"post-1","22":"odd","24":"first","25":"onbackorder","26":"taxable","27":"shipping-taxable","28":"purchasable","29":"product-type-variable"},"yoast_head":"<!-- This site is optimized with the Yoast SEO plugin v27.2 - https:\/\/yoast.com\/product\/yoast-seo-wordpress\/ -->\n<title>zipper Leggings | black | Swimming trousers matt-shiny | WOJOER<\/title>\n<meta name=\"description\" content=\"zipper Leggings- stone leather. Particularly fine &amp; matt shiny swim shorts in black by WOJOER. Comfortable fit, exquisitely elegant, bathing material in vintage look. Order now free shipping.\" \/>\n<meta name=\"robots\" content=\"index, follow, max-snippet:-1, max-image-preview:large, max-video-preview:-1\" \/>\n<link rel=\"canonical\" href=\"https:\/\/www.wojoer.de\/en\/produkt\/reissverschluss-leggings-stone-leather\/\" \/>\n<meta name=\"twitter:card\" content=\"summary_large_image\" \/>\n<meta name=\"twitter:title\" content=\"zipper Leggings | black | Swimming trousers matt-shiny | WOJOER\" \/>\n<meta name=\"twitter:description\" content=\"zipper Leggings- stone leather. Particularly fine &amp; matt shiny swim shorts in black by WOJOER. Comfortable fit, exquisitely elegant, bathing material in vintage look. Order now free shipping.\" \/>\n<meta name=\"twitter:image\" content=\"https:\/\/www.wojoer.de\/wp-content\/uploads\/2024\/11\/0426-H078-0D-78-06-2.-Stone_Leather-Bananen-Leggins_RV-dehnbar-schwarz-L-front-wojoer.jpg\" \/>\n<meta name=\"twitter:label1\" content=\"Estimated reading time\" \/>\n\t<meta name=\"twitter:data1\" content=\"1 minute\" \/>\n<script type=\"application\/ld+json\" class=\"yoast-schema-graph\">{\"@context\":\"https:\/\/schema.org\",\"@graph\":[{\"@type\":\"WebPage\",\"@id\":\"https:\/\/www.wojoer.de\/produkt\/reissverschluss-leggings-stone-leather\/\",\"url\":\"https:\/\/www.wojoer.de\/produkt\/reissverschluss-leggings-stone-leather\/\",\"name\":\"zipper Leggings | black | Swimming trousers matt-shiny | WOJOER\",\"isPartOf\":{\"@id\":\"https:\/\/www.wojoer.de\/#website\"},\"primaryImageOfPage\":{\"@id\":\"https:\/\/www.wojoer.de\/produkt\/reissverschluss-leggings-stone-leather\/#primaryimage\"},\"image\":{\"@id\":\"https:\/\/www.wojoer.de\/produkt\/reissverschluss-leggings-stone-leather\/#primaryimage\"},\"thumbnailUrl\":\"https:\/\/www.wojoer.de\/wp-content\/uploads\/2024\/11\/0426-H078-0D-78-06-2.-Stone_Leather-Bananen-Leggins_RV-dehnbar-schwarz-L-front-wojoer.jpg\",\"datePublished\":\"2024-11-21T06:16:14+00:00\",\"dateModified\":\"2024-11-21T10:45:28+00:00\",\"description\":\"zipper Leggings- stone leather. Particularly fine & matt shiny swim shorts in black by WOJOER. Comfortable fit, exquisitely elegant, bathing material in vintage look. Order now free shipping.\",\"breadcrumb\":{\"@id\":\"https:\/\/www.wojoer.de\/produkt\/reissverschluss-leggings-stone-leather\/#breadcrumb\"},\"inLanguage\":\"en-GB\",\"potentialAction\":[{\"@type\":\"ReadAction\",\"target\":[\"https:\/\/www.wojoer.de\/produkt\/reissverschluss-leggings-stone-leather\/\"]}]},{\"@type\":\"ImageObject\",\"inLanguage\":\"en-GB\",\"@id\":\"https:\/\/www.wojoer.de\/produkt\/reissverschluss-leggings-stone-leather\/#primaryimage\",\"url\":\"https:\/\/www.wojoer.de\/wp-content\/uploads\/2024\/11\/0426-H078-0D-78-06-2.-Stone_Leather-Bananen-Leggins_RV-dehnbar-schwarz-L-front-wojoer.jpg\",\"contentUrl\":\"https:\/\/www.wojoer.de\/wp-content\/uploads\/2024\/11\/0426-H078-0D-78-06-2.-Stone_Leather-Bananen-Leggins_RV-dehnbar-schwarz-L-front-wojoer.jpg\",\"width\":2002,\"height\":2002},{\"@type\":\"BreadcrumbList\",\"@id\":\"https:\/\/www.wojoer.de\/produkt\/reissverschluss-leggings-stone-leather\/#breadcrumb\",\"itemListElement\":[{\"@type\":\"ListItem\",\"position\":1,\"name\":\"Startseite\",\"item\":\"https:\/\/www.wojoer.de\/\"},{\"@type\":\"ListItem\",\"position\":2,\"name\":\"SHOP\",\"item\":\"https:\/\/www.wojoer.de\/shop\/\"},{\"@type\":\"ListItem\",\"position\":3,\"name\":\"Stone Leather Bananen-Rei\u00dfverschluss Leggings\"}]},{\"@type\":\"WebSite\",\"@id\":\"https:\/\/www.wojoer.de\/#website\",\"url\":\"https:\/\/www.wojoer.de\/\",\"name\":\"WOJOER\",\"description\":\"clubwear for men\",\"publisher\":{\"@id\":\"https:\/\/www.wojoer.de\/#organization\"},\"potentialAction\":[{\"@type\":\"SearchAction\",\"target\":{\"@type\":\"EntryPoint\",\"urlTemplate\":\"https:\/\/www.wojoer.de\/?s={search_term_string}\"},\"query-input\":{\"@type\":\"PropertyValueSpecification\",\"valueRequired\":true,\"valueName\":\"search_term_string\"}}],\"inLanguage\":\"en-GB\"},{\"@type\":\"Organization\",\"@id\":\"https:\/\/www.wojoer.de\/#organization\",\"name\":\"Wonneberger-Manufaktur\",\"url\":\"https:\/\/www.wojoer.de\/\",\"logo\":{\"@type\":\"ImageObject\",\"inLanguage\":\"en-GB\",\"@id\":\"https:\/\/www.wojoer.de\/#\/schema\/logo\/image\/\",\"url\":\"https:\/\/www.wojoer.de\/wp-content\/uploads\/2016\/11\/wonnebergermanufaktur_logo_BUTTON.png\",\"contentUrl\":\"https:\/\/www.wojoer.de\/wp-content\/uploads\/2016\/11\/wonnebergermanufaktur_logo_BUTTON.png\",\"width\":765,\"height\":765,\"caption\":\"Wonneberger-Manufaktur\"},\"image\":{\"@id\":\"https:\/\/www.wojoer.de\/#\/schema\/logo\/image\/\"},\"sameAs\":[\"https:\/\/www.facebook.com\/wojoer\/\",\"https:\/\/de.pinterest.com\/W0J0ER\/\"]}]}<\/script>\n<!-- \/ Yoast SEO plugin. -->","yoast_head_json":{"title":"zipper Leggings | black | Swimming trousers matt-shiny | WOJOER","description":"zipper Leggings- stone leather. Particularly fine & matt shiny swim shorts in black by WOJOER. Comfortable fit, exquisitely elegant, bathing material in vintage look. Order now free shipping.","robots":{"index":"index","follow":"follow","max-snippet":"max-snippet:-1","max-image-preview":"max-image-preview:large","max-video-preview":"max-video-preview:-1"},"canonical":"https:\/\/www.wojoer.de\/en\/produkt\/reissverschluss-leggings-stone-leather\/","twitter_card":"summary_large_image","twitter_title":"[:de]Rei\u00dfverschluss Leggings | schwarz | matt-gl\u00e4nzend | WOJOER[:en]zipper Leggings | black | Swimming trousers matt-shiny | WOJOER[:]","twitter_description":"[:de]Rei\u00dfverschluss Leggings in Stone Leather. Besonders fein & matt gl\u00e4nzende Leggings in Schwarz von WOJOER. Bequeme Passform, aufreizend edles, Material im Vintagelook. Jetzt versandkostenfrei bestellen.[:en]zipper Leggings- stone leather. Particularly fine & matt shiny swim shorts in black by WOJOER. Comfortable fit, exquisitely elegant, bathing material in vintage look. Order now free shipping.[:]","twitter_image":"https:\/\/www.wojoer.de\/wp-content\/uploads\/2024\/11\/0426-H078-0D-78-06-2.-Stone_Leather-Bananen-Leggins_RV-dehnbar-schwarz-L-front-wojoer.jpg","twitter_misc":{"Estimated reading time":"1 minute"},"schema":{"@context":"https:\/\/schema.org","@graph":[{"@type":"WebPage","@id":"https:\/\/www.wojoer.de\/produkt\/reissverschluss-leggings-stone-leather\/","url":"https:\/\/www.wojoer.de\/produkt\/reissverschluss-leggings-stone-leather\/","name":"zipper Leggings | black | Swimming trousers matt-shiny | WOJOER","isPartOf":{"@id":"https:\/\/www.wojoer.de\/#website"},"primaryImageOfPage":{"@id":"https:\/\/www.wojoer.de\/produkt\/reissverschluss-leggings-stone-leather\/#primaryimage"},"image":{"@id":"https:\/\/www.wojoer.de\/produkt\/reissverschluss-leggings-stone-leather\/#primaryimage"},"thumbnailUrl":"https:\/\/www.wojoer.de\/wp-content\/uploads\/2024\/11\/0426-H078-0D-78-06-2.-Stone_Leather-Bananen-Leggins_RV-dehnbar-schwarz-L-front-wojoer.jpg","datePublished":"2024-11-21T06:16:14+00:00","dateModified":"2024-11-21T10:45:28+00:00","description":"zipper Leggings- stone leather. Particularly fine & matt shiny swim shorts in black by WOJOER. Comfortable fit, exquisitely elegant, bathing material in vintage look. Order now free shipping.","breadcrumb":{"@id":"https:\/\/www.wojoer.de\/produkt\/reissverschluss-leggings-stone-leather\/#breadcrumb"},"inLanguage":"en-GB","potentialAction":[{"@type":"ReadAction","target":["https:\/\/www.wojoer.de\/produkt\/reissverschluss-leggings-stone-leather\/"]}]},{"@type":"ImageObject","inLanguage":"en-GB","@id":"https:\/\/www.wojoer.de\/produkt\/reissverschluss-leggings-stone-leather\/#primaryimage","url":"https:\/\/www.wojoer.de\/wp-content\/uploads\/2024\/11\/0426-H078-0D-78-06-2.-Stone_Leather-Bananen-Leggins_RV-dehnbar-schwarz-L-front-wojoer.jpg","contentUrl":"https:\/\/www.wojoer.de\/wp-content\/uploads\/2024\/11\/0426-H078-0D-78-06-2.-Stone_Leather-Bananen-Leggins_RV-dehnbar-schwarz-L-front-wojoer.jpg","width":2002,"height":2002},{"@type":"BreadcrumbList","@id":"https:\/\/www.wojoer.de\/produkt\/reissverschluss-leggings-stone-leather\/#breadcrumb","itemListElement":[{"@type":"ListItem","position":1,"name":"Startseite","item":"https:\/\/www.wojoer.de\/"},{"@type":"ListItem","position":2,"name":"SHOP","item":"https:\/\/www.wojoer.de\/shop\/"},{"@type":"ListItem","position":3,"name":"Stone Leather Bananen-Rei\u00dfverschluss Leggings"}]},{"@type":"WebSite","@id":"https:\/\/www.wojoer.de\/#website","url":"https:\/\/www.wojoer.de\/","name":"WOJOER","description":"clubwear for men","publisher":{"@id":"https:\/\/www.wojoer.de\/#organization"},"potentialAction":[{"@type":"SearchAction","target":{"@type":"EntryPoint","urlTemplate":"https:\/\/www.wojoer.de\/?s={search_term_string}"},"query-input":{"@type":"PropertyValueSpecification","valueRequired":true,"valueName":"search_term_string"}}],"inLanguage":"en-GB"},{"@type":"Organization","@id":"https:\/\/www.wojoer.de\/#organization","name":"Wonneberger-Manufaktur","url":"https:\/\/www.wojoer.de\/","logo":{"@type":"ImageObject","inLanguage":"en-GB","@id":"https:\/\/www.wojoer.de\/#\/schema\/logo\/image\/","url":"https:\/\/www.wojoer.de\/wp-content\/uploads\/2016\/11\/wonnebergermanufaktur_logo_BUTTON.png","contentUrl":"https:\/\/www.wojoer.de\/wp-content\/uploads\/2016\/11\/wonnebergermanufaktur_logo_BUTTON.png","width":765,"height":765,"caption":"Wonneberger-Manufaktur"},"image":{"@id":"https:\/\/www.wojoer.de\/#\/schema\/logo\/image\/"},"sameAs":["https:\/\/www.facebook.com\/wojoer\/","https:\/\/de.pinterest.com\/W0J0ER\/"]}]}},"_links":{"self":[{"href":"https:\/\/www.wojoer.de\/en\/wp-json\/wp\/v2\/product\/46100","targetHints":{"allow":["GET"]}}],"collection":[{"href":"https:\/\/www.wojoer.de\/en\/wp-json\/wp\/v2\/product"}],"about":[{"href":"https:\/\/www.wojoer.de\/en\/wp-json\/wp\/v2\/types\/product"}],"replies":[{"embeddable":true,"href":"https:\/\/www.wojoer.de\/en\/wp-json\/wp\/v2\/comments?post=46100"}],"wp:featuredmedia":[{"embeddable":true,"href":"https:\/\/www.wojoer.de\/en\/wp-json\/wp\/v2\/media\/46107"}],"wp:attachment":[{"href":"https:\/\/www.wojoer.de\/en\/wp-json\/wp\/v2\/media?parent=46100"}],"wp:term":[{"taxonomy":"product_brand","embeddable":true,"href":"https:\/\/www.wojoer.de\/en\/wp-json\/wp\/v2\/product_brand?post=46100"},{"taxonomy":"product_cat","embeddable":true,"href":"https:\/\/www.wojoer.de\/en\/wp-json\/wp\/v2\/product_cat?post=46100"},{"taxonomy":"product_tag","embeddable":true,"href":"https:\/\/www.wojoer.de\/en\/wp-json\/wp\/v2\/product_tag?post=46100"}],"curies":[{"name":"wp","href":"https:\/\/api.w.org\/{rel}","templated":true}]}}