{"id":46122,"date":"2024-11-21T08:01:14","date_gmt":"2024-11-21T07:01:14","guid":{"rendered":"https:\/\/www.wojoer.de\/?post_type=product&#038;p=46122"},"modified":"2026-03-14T11:20:04","modified_gmt":"2026-03-14T10:20:04","slug":"vintage-shirt-stone-leather-shirt","status":"publish","type":"product","link":"https:\/\/www.wojoer.de\/en\/produkt\/vintage-shirt-stone-leather-shirt\/","title":{"rendered":"Stone Leather Shirt"},"content":{"rendered":"<p>Production to order, because the black Stone Leather Vintage Shirt belongs to the category: Wojoer \u201cLIVE products\u201d!<\/p>\n<h3>Sizes<\/h3>\n<p>Available in sizes S, M, L, XL, XXL, 3XL<\/p>\n<h3>Material composition<\/h3>\n<p>94% polyester | 6% elastane<\/p>\n<h3>Special features<\/h3>\n<p><a href=\"http:\/\/www.wojoer.de\/?s=live&#038;post_type=product\">LIVE product<\/a> | matt shiny, stretchy material | vintage pattern | skin-tight fit | high-quality workmanship \u201cMade in Germany\u201d<\/p>\n<h3>User instructions<\/h3>\n<p>Hand wash and 30\u00b0C Soft Washing Programm in a washing bag for protection<\/p>\n<h3>STONE LEATHER Vintage SHIRT &#8211; matt shiny vintage shirt<\/h3>\n<p>Super airy, breathable shirt in stone leather. Particularly fine &#038; matt shiny T-shirt in black from WOJOER. Comfortable fit, fine material with a vintage look, as fine as thin mesh but not see-through. The gangster style will make you stand out without being too flashy. The loose fit and the loosely structured material also flatter a small tummy and make you look excitingly wild in an understated style. Order now with free shipping within Germany.<\/p>\n<p>Click here for the <a href=\"http:\/\/www.wojoer.de\/groessentabelle\/\">size chart<\/a><\/p>\n","protected":false},"excerpt":{"rendered":"<p>Produktion auf Bestellung, denn das schwarze Stone Leather Vintage Shirt geh\u00f6rt in die Kategorie: Wojoer &#8220;LIVE-Produkte&#8221;!<br \/>\nGr\u00f6\u00dfen<br \/>\nErh\u00e4ltlich in den Gr\u00f6\u00dfen S, M, L, XL, XXL, 3XL<br \/>\nMaterialzusammensetzung<br \/>\n94% Polyester | 6% Elasthan<br \/>\nBesonderheiten<br \/>\nLIVE Produkt | matt gl\u00e4nzendes, dehnbares Material | Vintagemuster | hautenge Passform\u2026<\/p>\n","protected":false},"featured_media":46131,"comment_status":"open","ping_status":"closed","template":"","meta":[],"product_brand":[],"product_cat":[115,473,195,326],"product_tag":[560,440,856,247],"class_list":{"0":"post-46122","1":"product","2":"type-product","3":"status-publish","4":"has-post-thumbnail","6":"product_cat-beachwear","7":"product_cat-men","8":"product_cat-produktion-auf-bestellung-liveproduktion","9":"product_cat-wojoer","10":"product_tag-glaenzend","11":"product_tag-matt","12":"product_tag-shirt","13":"product_tag-wetlook","14":"product_shipping_class-beun","15":"pa_groesse-l","16":"pa_groesse-m","17":"pa_groesse-s","18":"pa_groesse-xl","19":"pa_groesse-xxl","20":"pa_groesse-xxxl","21":"pif-has-gallery","22":"post-1","23":"odd","25":"first","26":"onbackorder","27":"taxable","28":"shipping-taxable","29":"purchasable","30":"product-type-variable"},"yoast_head":"<!-- This site is optimized with the Yoast SEO plugin v27.2 - https:\/\/yoast.com\/product\/yoast-seo-wordpress\/ -->\n<title>vintage shirt | black | Swimming shirt | WOJOER<\/title>\n<meta name=\"description\" content=\"vintage shirt. Particularly fine &amp; matt shiny swim shorts in black by WOJOER. Comfortable fit, exquisitely elegant, bathing material in vintage look. Order now free shipping.\" \/>\n<meta name=\"robots\" content=\"index, follow, max-snippet:-1, max-image-preview:large, max-video-preview:-1\" \/>\n<link rel=\"canonical\" href=\"https:\/\/www.wojoer.de\/en\/produkt\/vintage-shirt-stone-leather-shirt\/\" \/>\n<meta name=\"twitter:card\" content=\"summary_large_image\" \/>\n<meta name=\"twitter:title\" content=\"vintage shirt | black | Swimming shirt | WOJOER\" \/>\n<meta name=\"twitter:description\" content=\"vintage shirt. Particularly fine &amp; matt shiny swim shorts in black by WOJOER. Comfortable fit, exquisitely elegant, bathing material in vintage look. Order now free shipping.\" \/>\n<meta name=\"twitter:image\" content=\"https:\/\/www.wojoer.de\/wp-content\/uploads\/2024\/11\/0426-T001-0D-00-06-3.-Stone_Leather-T_Shirt-dehnbar-schwarz-L-front_side-wojoer.jpg\" \/>\n<meta name=\"twitter:label1\" content=\"Estimated reading time\" \/>\n\t<meta name=\"twitter:data1\" content=\"1 minute\" \/>\n<script type=\"application\/ld+json\" class=\"yoast-schema-graph\">{\"@context\":\"https:\/\/schema.org\",\"@graph\":[{\"@type\":\"WebPage\",\"@id\":\"https:\/\/www.wojoer.de\/produkt\/vintage-shirt-stone-leather-shirt\/\",\"url\":\"https:\/\/www.wojoer.de\/produkt\/vintage-shirt-stone-leather-shirt\/\",\"name\":\"vintage shirt | black | Swimming shirt | WOJOER\",\"isPartOf\":{\"@id\":\"https:\/\/www.wojoer.de\/#website\"},\"primaryImageOfPage\":{\"@id\":\"https:\/\/www.wojoer.de\/produkt\/vintage-shirt-stone-leather-shirt\/#primaryimage\"},\"image\":{\"@id\":\"https:\/\/www.wojoer.de\/produkt\/vintage-shirt-stone-leather-shirt\/#primaryimage\"},\"thumbnailUrl\":\"https:\/\/www.wojoer.de\/wp-content\/uploads\/2024\/11\/0426-T001-0D-00-06-3.-Stone_Leather-T_Shirt-dehnbar-schwarz-L-front_side-wojoer.jpg\",\"datePublished\":\"2024-11-21T07:01:14+00:00\",\"dateModified\":\"2026-03-14T10:20:04+00:00\",\"description\":\"vintage shirt. Particularly fine & matt shiny swim shorts in black by WOJOER. Comfortable fit, exquisitely elegant, bathing material in vintage look. Order now free shipping.\",\"breadcrumb\":{\"@id\":\"https:\/\/www.wojoer.de\/produkt\/vintage-shirt-stone-leather-shirt\/#breadcrumb\"},\"inLanguage\":\"en-GB\",\"potentialAction\":[{\"@type\":\"ReadAction\",\"target\":[\"https:\/\/www.wojoer.de\/produkt\/vintage-shirt-stone-leather-shirt\/\"]}]},{\"@type\":\"ImageObject\",\"inLanguage\":\"en-GB\",\"@id\":\"https:\/\/www.wojoer.de\/produkt\/vintage-shirt-stone-leather-shirt\/#primaryimage\",\"url\":\"https:\/\/www.wojoer.de\/wp-content\/uploads\/2024\/11\/0426-T001-0D-00-06-3.-Stone_Leather-T_Shirt-dehnbar-schwarz-L-front_side-wojoer.jpg\",\"contentUrl\":\"https:\/\/www.wojoer.de\/wp-content\/uploads\/2024\/11\/0426-T001-0D-00-06-3.-Stone_Leather-T_Shirt-dehnbar-schwarz-L-front_side-wojoer.jpg\",\"width\":2002,\"height\":2002},{\"@type\":\"BreadcrumbList\",\"@id\":\"https:\/\/www.wojoer.de\/produkt\/vintage-shirt-stone-leather-shirt\/#breadcrumb\",\"itemListElement\":[{\"@type\":\"ListItem\",\"position\":1,\"name\":\"Startseite\",\"item\":\"https:\/\/www.wojoer.de\/\"},{\"@type\":\"ListItem\",\"position\":2,\"name\":\"SHOP\",\"item\":\"https:\/\/www.wojoer.de\/shop\/\"},{\"@type\":\"ListItem\",\"position\":3,\"name\":\"Stone Leather Shirt\"}]},{\"@type\":\"WebSite\",\"@id\":\"https:\/\/www.wojoer.de\/#website\",\"url\":\"https:\/\/www.wojoer.de\/\",\"name\":\"WOJOER\",\"description\":\"clubwear for men\",\"publisher\":{\"@id\":\"https:\/\/www.wojoer.de\/#organization\"},\"potentialAction\":[{\"@type\":\"SearchAction\",\"target\":{\"@type\":\"EntryPoint\",\"urlTemplate\":\"https:\/\/www.wojoer.de\/?s={search_term_string}\"},\"query-input\":{\"@type\":\"PropertyValueSpecification\",\"valueRequired\":true,\"valueName\":\"search_term_string\"}}],\"inLanguage\":\"en-GB\"},{\"@type\":\"Organization\",\"@id\":\"https:\/\/www.wojoer.de\/#organization\",\"name\":\"Wonneberger-Manufaktur\",\"url\":\"https:\/\/www.wojoer.de\/\",\"logo\":{\"@type\":\"ImageObject\",\"inLanguage\":\"en-GB\",\"@id\":\"https:\/\/www.wojoer.de\/#\/schema\/logo\/image\/\",\"url\":\"https:\/\/www.wojoer.de\/wp-content\/uploads\/2016\/11\/wonnebergermanufaktur_logo_BUTTON.png\",\"contentUrl\":\"https:\/\/www.wojoer.de\/wp-content\/uploads\/2016\/11\/wonnebergermanufaktur_logo_BUTTON.png\",\"width\":765,\"height\":765,\"caption\":\"Wonneberger-Manufaktur\"},\"image\":{\"@id\":\"https:\/\/www.wojoer.de\/#\/schema\/logo\/image\/\"},\"sameAs\":[\"https:\/\/www.facebook.com\/wojoer\/\",\"https:\/\/de.pinterest.com\/W0J0ER\/\"]}]}<\/script>\n<!-- \/ Yoast SEO plugin. -->","yoast_head_json":{"title":"vintage shirt | black | Swimming shirt | WOJOER","description":"vintage shirt. Particularly fine & matt shiny swim shorts in black by WOJOER. Comfortable fit, exquisitely elegant, bathing material in vintage look. Order now free shipping.","robots":{"index":"index","follow":"follow","max-snippet":"max-snippet:-1","max-image-preview":"max-image-preview:large","max-video-preview":"max-video-preview:-1"},"canonical":"https:\/\/www.wojoer.de\/en\/produkt\/vintage-shirt-stone-leather-shirt\/","twitter_card":"summary_large_image","twitter_title":"[:de]Vintage Shirt Stone Leather | schwarz | matt| WOJOER[:en]vintage shirt | black | Swimming shirt | WOJOER[:]","twitter_description":"[:de]Vintage Shirt. Besonders fein & matt gl\u00e4nzendes Shirt in Schwarz von WOJOER. Bequeme Passform, aufreizend edles, Material im Vintagelook. Jetzt versandkostenfrei bestellen.[:en]vintage shirt. Particularly fine & matt shiny swim shorts in black by WOJOER. Comfortable fit, exquisitely elegant, bathing material in vintage look. Order now free shipping.[:]","twitter_image":"https:\/\/www.wojoer.de\/wp-content\/uploads\/2024\/11\/0426-T001-0D-00-06-3.-Stone_Leather-T_Shirt-dehnbar-schwarz-L-front_side-wojoer.jpg","twitter_misc":{"Estimated reading time":"1 minute"},"schema":{"@context":"https:\/\/schema.org","@graph":[{"@type":"WebPage","@id":"https:\/\/www.wojoer.de\/produkt\/vintage-shirt-stone-leather-shirt\/","url":"https:\/\/www.wojoer.de\/produkt\/vintage-shirt-stone-leather-shirt\/","name":"vintage shirt | black | Swimming shirt | WOJOER","isPartOf":{"@id":"https:\/\/www.wojoer.de\/#website"},"primaryImageOfPage":{"@id":"https:\/\/www.wojoer.de\/produkt\/vintage-shirt-stone-leather-shirt\/#primaryimage"},"image":{"@id":"https:\/\/www.wojoer.de\/produkt\/vintage-shirt-stone-leather-shirt\/#primaryimage"},"thumbnailUrl":"https:\/\/www.wojoer.de\/wp-content\/uploads\/2024\/11\/0426-T001-0D-00-06-3.-Stone_Leather-T_Shirt-dehnbar-schwarz-L-front_side-wojoer.jpg","datePublished":"2024-11-21T07:01:14+00:00","dateModified":"2026-03-14T10:20:04+00:00","description":"vintage shirt. Particularly fine & matt shiny swim shorts in black by WOJOER. Comfortable fit, exquisitely elegant, bathing material in vintage look. Order now free shipping.","breadcrumb":{"@id":"https:\/\/www.wojoer.de\/produkt\/vintage-shirt-stone-leather-shirt\/#breadcrumb"},"inLanguage":"en-GB","potentialAction":[{"@type":"ReadAction","target":["https:\/\/www.wojoer.de\/produkt\/vintage-shirt-stone-leather-shirt\/"]}]},{"@type":"ImageObject","inLanguage":"en-GB","@id":"https:\/\/www.wojoer.de\/produkt\/vintage-shirt-stone-leather-shirt\/#primaryimage","url":"https:\/\/www.wojoer.de\/wp-content\/uploads\/2024\/11\/0426-T001-0D-00-06-3.-Stone_Leather-T_Shirt-dehnbar-schwarz-L-front_side-wojoer.jpg","contentUrl":"https:\/\/www.wojoer.de\/wp-content\/uploads\/2024\/11\/0426-T001-0D-00-06-3.-Stone_Leather-T_Shirt-dehnbar-schwarz-L-front_side-wojoer.jpg","width":2002,"height":2002},{"@type":"BreadcrumbList","@id":"https:\/\/www.wojoer.de\/produkt\/vintage-shirt-stone-leather-shirt\/#breadcrumb","itemListElement":[{"@type":"ListItem","position":1,"name":"Startseite","item":"https:\/\/www.wojoer.de\/"},{"@type":"ListItem","position":2,"name":"SHOP","item":"https:\/\/www.wojoer.de\/shop\/"},{"@type":"ListItem","position":3,"name":"Stone Leather Shirt"}]},{"@type":"WebSite","@id":"https:\/\/www.wojoer.de\/#website","url":"https:\/\/www.wojoer.de\/","name":"WOJOER","description":"clubwear for men","publisher":{"@id":"https:\/\/www.wojoer.de\/#organization"},"potentialAction":[{"@type":"SearchAction","target":{"@type":"EntryPoint","urlTemplate":"https:\/\/www.wojoer.de\/?s={search_term_string}"},"query-input":{"@type":"PropertyValueSpecification","valueRequired":true,"valueName":"search_term_string"}}],"inLanguage":"en-GB"},{"@type":"Organization","@id":"https:\/\/www.wojoer.de\/#organization","name":"Wonneberger-Manufaktur","url":"https:\/\/www.wojoer.de\/","logo":{"@type":"ImageObject","inLanguage":"en-GB","@id":"https:\/\/www.wojoer.de\/#\/schema\/logo\/image\/","url":"https:\/\/www.wojoer.de\/wp-content\/uploads\/2016\/11\/wonnebergermanufaktur_logo_BUTTON.png","contentUrl":"https:\/\/www.wojoer.de\/wp-content\/uploads\/2016\/11\/wonnebergermanufaktur_logo_BUTTON.png","width":765,"height":765,"caption":"Wonneberger-Manufaktur"},"image":{"@id":"https:\/\/www.wojoer.de\/#\/schema\/logo\/image\/"},"sameAs":["https:\/\/www.facebook.com\/wojoer\/","https:\/\/de.pinterest.com\/W0J0ER\/"]}]}},"_links":{"self":[{"href":"https:\/\/www.wojoer.de\/en\/wp-json\/wp\/v2\/product\/46122","targetHints":{"allow":["GET"]}}],"collection":[{"href":"https:\/\/www.wojoer.de\/en\/wp-json\/wp\/v2\/product"}],"about":[{"href":"https:\/\/www.wojoer.de\/en\/wp-json\/wp\/v2\/types\/product"}],"replies":[{"embeddable":true,"href":"https:\/\/www.wojoer.de\/en\/wp-json\/wp\/v2\/comments?post=46122"}],"wp:featuredmedia":[{"embeddable":true,"href":"https:\/\/www.wojoer.de\/en\/wp-json\/wp\/v2\/media\/46131"}],"wp:attachment":[{"href":"https:\/\/www.wojoer.de\/en\/wp-json\/wp\/v2\/media?parent=46122"}],"wp:term":[{"taxonomy":"product_brand","embeddable":true,"href":"https:\/\/www.wojoer.de\/en\/wp-json\/wp\/v2\/product_brand?post=46122"},{"taxonomy":"product_cat","embeddable":true,"href":"https:\/\/www.wojoer.de\/en\/wp-json\/wp\/v2\/product_cat?post=46122"},{"taxonomy":"product_tag","embeddable":true,"href":"https:\/\/www.wojoer.de\/en\/wp-json\/wp\/v2\/product_tag?post=46122"}],"curies":[{"name":"wp","href":"https:\/\/api.w.org\/{rel}","templated":true}]}}