{"id":46147,"date":"2024-11-21T08:35:10","date_gmt":"2024-11-21T07:35:10","guid":{"rendered":"https:\/\/www.wojoer.de\/?post_type=product&#038;p=46147"},"modified":"2025-03-26T17:24:33","modified_gmt":"2025-03-26T16:24:33","slug":"bade-long-pants-stone-leather","status":"publish","type":"product","link":"https:\/\/www.wojoer.de\/en\/produkt\/bade-long-pants-stone-leather\/","title":{"rendered":"Stone Leather Beach Longpants"},"content":{"rendered":"<p>Production to order, because the Stone Leather Longpants belong to the category: Wojoer \u201cLIVE products\u201d!<\/p>\n<h3>Sizes<\/h3>\n<p>Available in sizes S, M, L, XL, XXL, 3XL<\/p>\n<h3>Material composition<\/h3>\n<p>94% polyester | 6% elastane 94% polyester | 6% elastane<\/p>\n<h3>Special features<\/h3>\n<p><a href=\"http:\/\/www.wojoer.de\/?s=live&#038;post_type=product\">LIVE product<\/a> | matt shiny, stretchy material | vintage pattern | skin-tight fit | high-quality workmanship \u201cMade in Germany\u201d<\/p>\n<h3>User instructions<\/h3>\n<p>Hand wash<\/p>\n<h3>STONE LEATHER BADE LONG PANTS &#8211; matt shiny vintage stone half leg pants<\/h3>\n<p>Bathing long pants suitable for salt and chlorinated water or super breathable provocative underwear. Particularly tight and high pushing Stone Leather LongPants. They are fine &#038; matt shiny cycling pants in black vintage leather and coral-colored soft super stretch mesh from WOJOER. Comfortably tight and tight fit, noble material in vintage look. The zipper with pleasantly protective underlap is all you need for a quick adventure. Order now with free shipping within Germany.<\/p>\n<p>Click here for the <a href=\"http:\/\/www.wojoer.de\/groessentabelle\/\">size chart<\/a><\/p>\n","protected":false},"excerpt":{"rendered":"<p>Produktion auf Bestellung, denn die Stone Leather Longpants geh\u00f6rt in die Kategorie: Wojoer &#8220;LIVE-Produkte&#8221;!<br \/>\nGr\u00f6\u00dfen<br \/>\nErh\u00e4ltlich in den Gr\u00f6\u00dfen S, M, L, XL, XXL, 3XL<br \/>\nMaterialzusammensetzung<br \/>\n94% Polyester | 6% Elasthan 94% Polyester | 6% Elasthan<br \/>\nBesonderheiten<br \/>\nLIVE Produkt | matt gl\u00e4nzendes, dehnbares Material | Vintagemuster\u2026<\/p>\n","protected":false},"featured_media":46156,"comment_status":"open","ping_status":"closed","template":"","meta":[],"product_brand":[],"product_cat":[115,473,195,326],"product_tag":[275,560,259,247],"class_list":{"0":"post-46147","1":"product","2":"type-product","3":"status-publish","4":"has-post-thumbnail","6":"product_cat-beachwear","7":"product_cat-men","8":"product_cat-produktion-auf-bestellung-liveproduktion","9":"product_cat-wojoer","10":"product_tag-badematt","11":"product_tag-glaenzend","12":"product_tag-longpants","13":"product_tag-wetlook","14":"product_shipping_class-beun","15":"pa_groesse-l","16":"pa_groesse-m","17":"pa_groesse-s","18":"pa_groesse-xl","19":"pa_groesse-xxl","20":"pa_groesse-xxxl","21":"pif-has-gallery","22":"post-1","23":"odd","25":"first","26":"onbackorder","27":"taxable","28":"shipping-taxable","29":"purchasable","30":"product-type-variable"},"yoast_head":"<!-- This site is optimized with the Yoast SEO plugin v27.2 - https:\/\/yoast.com\/product\/yoast-seo-wordpress\/ -->\n<title>Beach Longpnats | black | Swimming half leg pants stone leather<\/title>\n<meta name=\"description\" content=\"Beach long pants. Half leg pants with zipper and mesh. Particularly fine &amp; matt shiny swim shorts in black by WOJOER. Comfortable fit, exquisitely elegant, bathing material in vintage look. Order now free shipping.\" \/>\n<meta name=\"robots\" content=\"index, follow, max-snippet:-1, max-image-preview:large, max-video-preview:-1\" \/>\n<link rel=\"canonical\" href=\"https:\/\/www.wojoer.de\/en\/produkt\/bade-long-pants-stone-leather\/\" \/>\n<meta name=\"twitter:card\" content=\"summary_large_image\" \/>\n<meta name=\"twitter:title\" content=\"Beach Longpnats | black | Swimming half leg pants stone leather\" \/>\n<meta name=\"twitter:description\" content=\"Beach long pants. Half leg pants with zipper and mesh. Particularly fine &amp; matt shiny swim shorts in black by WOJOER. Comfortable fit, exquisitely elegant, bathing material in vintage look. Order now free shipping.\" \/>\n<meta name=\"twitter:image\" content=\"https:\/\/www.wojoer.de\/wp-content\/uploads\/2024\/11\/0426-P071-0D-46-06-3.-Stone_Leather-Longpants_Netz_RV-dehnbar-neoncoral_schwarz-L-front_side-wojoer.jpg\" \/>\n<meta name=\"twitter:label1\" content=\"Estimated reading time\" \/>\n\t<meta name=\"twitter:data1\" content=\"1 minute\" \/>\n<script type=\"application\/ld+json\" class=\"yoast-schema-graph\">{\"@context\":\"https:\/\/schema.org\",\"@graph\":[{\"@type\":\"WebPage\",\"@id\":\"https:\/\/www.wojoer.de\/en\/produkt\/bade-long-pants-stone-leather\/\",\"url\":\"https:\/\/www.wojoer.de\/en\/produkt\/bade-long-pants-stone-leather\/\",\"name\":\"Beach Longpnats | black | Swimming half leg pants stone leather\",\"isPartOf\":{\"@id\":\"https:\/\/www.wojoer.de\/#website\"},\"primaryImageOfPage\":{\"@id\":\"https:\/\/www.wojoer.de\/en\/produkt\/bade-long-pants-stone-leather\/#primaryimage\"},\"image\":{\"@id\":\"https:\/\/www.wojoer.de\/en\/produkt\/bade-long-pants-stone-leather\/#primaryimage\"},\"thumbnailUrl\":\"https:\/\/www.wojoer.de\/wp-content\/uploads\/2024\/11\/0426-P071-0D-46-06-3.-Stone_Leather-Longpants_Netz_RV-dehnbar-neoncoral_schwarz-L-front_side-wojoer.jpg\",\"datePublished\":\"2024-11-21T07:35:10+00:00\",\"dateModified\":\"2025-03-26T16:24:33+00:00\",\"description\":\"Beach long pants. Half leg pants with zipper and mesh. Particularly fine & matt shiny swim shorts in black by WOJOER. Comfortable fit, exquisitely elegant, bathing material in vintage look. Order now free shipping.\",\"breadcrumb\":{\"@id\":\"https:\/\/www.wojoer.de\/en\/produkt\/bade-long-pants-stone-leather\/#breadcrumb\"},\"inLanguage\":\"en-GB\",\"potentialAction\":[{\"@type\":\"ReadAction\",\"target\":[\"https:\/\/www.wojoer.de\/en\/produkt\/bade-long-pants-stone-leather\/\"]}]},{\"@type\":\"ImageObject\",\"inLanguage\":\"en-GB\",\"@id\":\"https:\/\/www.wojoer.de\/en\/produkt\/bade-long-pants-stone-leather\/#primaryimage\",\"url\":\"https:\/\/www.wojoer.de\/wp-content\/uploads\/2024\/11\/0426-P071-0D-46-06-3.-Stone_Leather-Longpants_Netz_RV-dehnbar-neoncoral_schwarz-L-front_side-wojoer.jpg\",\"contentUrl\":\"https:\/\/www.wojoer.de\/wp-content\/uploads\/2024\/11\/0426-P071-0D-46-06-3.-Stone_Leather-Longpants_Netz_RV-dehnbar-neoncoral_schwarz-L-front_side-wojoer.jpg\",\"width\":2002,\"height\":2002},{\"@type\":\"BreadcrumbList\",\"@id\":\"https:\/\/www.wojoer.de\/en\/produkt\/bade-long-pants-stone-leather\/#breadcrumb\",\"itemListElement\":[{\"@type\":\"ListItem\",\"position\":1,\"name\":\"Startseite\",\"item\":\"https:\/\/www.wojoer.de\/\"},{\"@type\":\"ListItem\",\"position\":2,\"name\":\"SHOP\",\"item\":\"https:\/\/www.wojoer.de\/shop\/\"},{\"@type\":\"ListItem\",\"position\":3,\"name\":\"Stone Leather Beach Longpants\"}]},{\"@type\":\"WebSite\",\"@id\":\"https:\/\/www.wojoer.de\/#website\",\"url\":\"https:\/\/www.wojoer.de\/\",\"name\":\"WOJOER\",\"description\":\"clubwear for men\",\"publisher\":{\"@id\":\"https:\/\/www.wojoer.de\/#organization\"},\"potentialAction\":[{\"@type\":\"SearchAction\",\"target\":{\"@type\":\"EntryPoint\",\"urlTemplate\":\"https:\/\/www.wojoer.de\/?s={search_term_string}\"},\"query-input\":{\"@type\":\"PropertyValueSpecification\",\"valueRequired\":true,\"valueName\":\"search_term_string\"}}],\"inLanguage\":\"en-GB\"},{\"@type\":\"Organization\",\"@id\":\"https:\/\/www.wojoer.de\/#organization\",\"name\":\"Wonneberger-Manufaktur\",\"url\":\"https:\/\/www.wojoer.de\/\",\"logo\":{\"@type\":\"ImageObject\",\"inLanguage\":\"en-GB\",\"@id\":\"https:\/\/www.wojoer.de\/#\/schema\/logo\/image\/\",\"url\":\"https:\/\/www.wojoer.de\/wp-content\/uploads\/2016\/11\/wonnebergermanufaktur_logo_BUTTON.png\",\"contentUrl\":\"https:\/\/www.wojoer.de\/wp-content\/uploads\/2016\/11\/wonnebergermanufaktur_logo_BUTTON.png\",\"width\":765,\"height\":765,\"caption\":\"Wonneberger-Manufaktur\"},\"image\":{\"@id\":\"https:\/\/www.wojoer.de\/#\/schema\/logo\/image\/\"},\"sameAs\":[\"https:\/\/www.facebook.com\/wojoer\/\",\"https:\/\/de.pinterest.com\/W0J0ER\/\"]}]}<\/script>\n<!-- \/ Yoast SEO plugin. -->","yoast_head_json":{"title":"Beach Longpnats | black | Swimming half leg pants stone leather","description":"Beach long pants. Half leg pants with zipper and mesh. Particularly fine & matt shiny swim shorts in black by WOJOER. Comfortable fit, exquisitely elegant, bathing material in vintage look. Order now free shipping.","robots":{"index":"index","follow":"follow","max-snippet":"max-snippet:-1","max-image-preview":"max-image-preview:large","max-video-preview":"max-video-preview:-1"},"canonical":"https:\/\/www.wojoer.de\/en\/produkt\/bade-long-pants-stone-leather\/","twitter_card":"summary_large_image","twitter_title":"[:de]Bade Long Pants vintage Look | schwarz | matt | WOJOER[:en]Beach Longpnats | black | Swimming half leg pants stone leather[:]","twitter_description":"[:de]Bade Long Pants in Stone Leather. Besonders fein & matt gl\u00e4nzende Long Pants in Schwarz Coral von WOJOER. Bequeme Pasform, aufreizend edles, Material im Vintagelook. Jetzt versandkostenfrei bestellen.[:en]Beach long pants. Half leg pants with zipper and mesh. Particularly fine & matt shiny swim shorts in black by WOJOER. Comfortable fit, exquisitely elegant, bathing material in vintage look. Order now free shipping.[:]","twitter_image":"https:\/\/www.wojoer.de\/wp-content\/uploads\/2024\/11\/0426-P071-0D-46-06-3.-Stone_Leather-Longpants_Netz_RV-dehnbar-neoncoral_schwarz-L-front_side-wojoer.jpg","twitter_misc":{"Estimated reading time":"1 minute"},"schema":{"@context":"https:\/\/schema.org","@graph":[{"@type":"WebPage","@id":"https:\/\/www.wojoer.de\/en\/produkt\/bade-long-pants-stone-leather\/","url":"https:\/\/www.wojoer.de\/en\/produkt\/bade-long-pants-stone-leather\/","name":"Beach Longpnats | black | Swimming half leg pants stone leather","isPartOf":{"@id":"https:\/\/www.wojoer.de\/#website"},"primaryImageOfPage":{"@id":"https:\/\/www.wojoer.de\/en\/produkt\/bade-long-pants-stone-leather\/#primaryimage"},"image":{"@id":"https:\/\/www.wojoer.de\/en\/produkt\/bade-long-pants-stone-leather\/#primaryimage"},"thumbnailUrl":"https:\/\/www.wojoer.de\/wp-content\/uploads\/2024\/11\/0426-P071-0D-46-06-3.-Stone_Leather-Longpants_Netz_RV-dehnbar-neoncoral_schwarz-L-front_side-wojoer.jpg","datePublished":"2024-11-21T07:35:10+00:00","dateModified":"2025-03-26T16:24:33+00:00","description":"Beach long pants. Half leg pants with zipper and mesh. Particularly fine & matt shiny swim shorts in black by WOJOER. Comfortable fit, exquisitely elegant, bathing material in vintage look. Order now free shipping.","breadcrumb":{"@id":"https:\/\/www.wojoer.de\/en\/produkt\/bade-long-pants-stone-leather\/#breadcrumb"},"inLanguage":"en-GB","potentialAction":[{"@type":"ReadAction","target":["https:\/\/www.wojoer.de\/en\/produkt\/bade-long-pants-stone-leather\/"]}]},{"@type":"ImageObject","inLanguage":"en-GB","@id":"https:\/\/www.wojoer.de\/en\/produkt\/bade-long-pants-stone-leather\/#primaryimage","url":"https:\/\/www.wojoer.de\/wp-content\/uploads\/2024\/11\/0426-P071-0D-46-06-3.-Stone_Leather-Longpants_Netz_RV-dehnbar-neoncoral_schwarz-L-front_side-wojoer.jpg","contentUrl":"https:\/\/www.wojoer.de\/wp-content\/uploads\/2024\/11\/0426-P071-0D-46-06-3.-Stone_Leather-Longpants_Netz_RV-dehnbar-neoncoral_schwarz-L-front_side-wojoer.jpg","width":2002,"height":2002},{"@type":"BreadcrumbList","@id":"https:\/\/www.wojoer.de\/en\/produkt\/bade-long-pants-stone-leather\/#breadcrumb","itemListElement":[{"@type":"ListItem","position":1,"name":"Startseite","item":"https:\/\/www.wojoer.de\/"},{"@type":"ListItem","position":2,"name":"SHOP","item":"https:\/\/www.wojoer.de\/shop\/"},{"@type":"ListItem","position":3,"name":"Stone Leather Beach Longpants"}]},{"@type":"WebSite","@id":"https:\/\/www.wojoer.de\/#website","url":"https:\/\/www.wojoer.de\/","name":"WOJOER","description":"clubwear for men","publisher":{"@id":"https:\/\/www.wojoer.de\/#organization"},"potentialAction":[{"@type":"SearchAction","target":{"@type":"EntryPoint","urlTemplate":"https:\/\/www.wojoer.de\/?s={search_term_string}"},"query-input":{"@type":"PropertyValueSpecification","valueRequired":true,"valueName":"search_term_string"}}],"inLanguage":"en-GB"},{"@type":"Organization","@id":"https:\/\/www.wojoer.de\/#organization","name":"Wonneberger-Manufaktur","url":"https:\/\/www.wojoer.de\/","logo":{"@type":"ImageObject","inLanguage":"en-GB","@id":"https:\/\/www.wojoer.de\/#\/schema\/logo\/image\/","url":"https:\/\/www.wojoer.de\/wp-content\/uploads\/2016\/11\/wonnebergermanufaktur_logo_BUTTON.png","contentUrl":"https:\/\/www.wojoer.de\/wp-content\/uploads\/2016\/11\/wonnebergermanufaktur_logo_BUTTON.png","width":765,"height":765,"caption":"Wonneberger-Manufaktur"},"image":{"@id":"https:\/\/www.wojoer.de\/#\/schema\/logo\/image\/"},"sameAs":["https:\/\/www.facebook.com\/wojoer\/","https:\/\/de.pinterest.com\/W0J0ER\/"]}]}},"_links":{"self":[{"href":"https:\/\/www.wojoer.de\/en\/wp-json\/wp\/v2\/product\/46147","targetHints":{"allow":["GET"]}}],"collection":[{"href":"https:\/\/www.wojoer.de\/en\/wp-json\/wp\/v2\/product"}],"about":[{"href":"https:\/\/www.wojoer.de\/en\/wp-json\/wp\/v2\/types\/product"}],"replies":[{"embeddable":true,"href":"https:\/\/www.wojoer.de\/en\/wp-json\/wp\/v2\/comments?post=46147"}],"wp:featuredmedia":[{"embeddable":true,"href":"https:\/\/www.wojoer.de\/en\/wp-json\/wp\/v2\/media\/46156"}],"wp:attachment":[{"href":"https:\/\/www.wojoer.de\/en\/wp-json\/wp\/v2\/media?parent=46147"}],"wp:term":[{"taxonomy":"product_brand","embeddable":true,"href":"https:\/\/www.wojoer.de\/en\/wp-json\/wp\/v2\/product_brand?post=46147"},{"taxonomy":"product_cat","embeddable":true,"href":"https:\/\/www.wojoer.de\/en\/wp-json\/wp\/v2\/product_cat?post=46147"},{"taxonomy":"product_tag","embeddable":true,"href":"https:\/\/www.wojoer.de\/en\/wp-json\/wp\/v2\/product_tag?post=46147"}],"curies":[{"name":"wp","href":"https:\/\/api.w.org\/{rel}","templated":true}]}}