{"id":46428,"date":"2024-12-05T16:11:04","date_gmt":"2024-12-05T15:11:04","guid":{"rendered":"https:\/\/www.wojoer.de\/?post_type=product&#038;p=46428"},"modified":"2024-12-11T15:14:58","modified_gmt":"2024-12-11T14:14:58","slug":"protect-halffinger-gloves","status":"publish","type":"product","link":"https:\/\/www.wojoer.de\/en\/produkt\/protect-halffinger-gloves\/","title":{"rendered":"Protect Handschuh Halb-Finger"},"content":{"rendered":"<p>Exclusiv f\u00fcr WOJOER hergestellt in China.<\/p>\n<p>Diese verruchten Gangster Protect Handschuh Halb-Finger mit verst\u00e4rktem Gelenkschutz ggibt es nur solange der Vorrat reicht<\/p>\n<h3>Gr\u00f6\u00dfen<\/h3>\n<p><img loading=\"lazy\" decoding=\"async\" class=\"wp-image-46626 size-medium alignleft\" src=\"https:\/\/www.wojoer.de\/wp-content\/uploads\/2024\/11\/Wojoer_gloves_groessentabelle_handschuh-1-300x300.jpg\" alt=\"\" width=\"300\" height=\"300\" srcset=\"https:\/\/www.wojoer.de\/wp-content\/uploads\/2024\/11\/Wojoer_gloves_groessentabelle_handschuh-1-300x300.jpg 300w, https:\/\/www.wojoer.de\/wp-content\/uploads\/2024\/11\/Wojoer_gloves_groessentabelle_handschuh-1-150x150.jpg 150w, https:\/\/www.wojoer.de\/wp-content\/uploads\/2024\/11\/Wojoer_gloves_groessentabelle_handschuh-1-100x100.jpg 100w, https:\/\/www.wojoer.de\/wp-content\/uploads\/2024\/11\/Wojoer_gloves_groessentabelle_handschuh-1.jpg 567w\" sizes=\"auto, (max-width: 300px) 100vw, 300px\" \/><\/p>\n<p>&nbsp;<\/p>\n<p>Handballenweite<\/p>\n<p>L bis 8,5cm<\/p>\n<p>XL bis 9cm<\/p>\n<p>&nbsp;<\/p>\n<p>Handballenumfang<\/p>\n<p>L= 18cm<\/p>\n<p>XL= 19cm<\/p>\n<p>&nbsp;<\/p>\n<h3><\/h3>\n<h3>Materialzusammensetzung<\/h3>\n<p>75% Polyester | 25% Elasthan<\/p>\n<h3>Besonderheiten<\/h3>\n<p><a href=\"http:\/\/www.wojoer.de\/?s=live&#038;post_type=product\">LIVE Produkt<\/a> | Protektoren | eng anliegend\u00a0 | wie eine edle Neuzeit-R\u00fcstung\u00a0 | flexibel und doch sch\u00fctzend hart | hochwertige Verarbeitung &#8220;Made in Germany&#8221;<\/p>\n<h3>Benutzerhinweise<\/h3>\n<p>Handw\u00e4sche, oder 30\u00b0C Schonw\u00e4sche im W\u00e4schebeutel<\/p>\n<h3>protect Handschuh<\/h3>\n<p>&nbsp;<\/p>\n","protected":false},"excerpt":{"rendered":"<p>Exclusiv f\u00fcr WOJOER hergestellt in China.<\/p>\n<p>Diese verruchten Gangster Protect Handschuh Halb-Finger mit verst\u00e4rktem Gelenkschutz ggibt es nur solange der Vorrat reicht<br \/>\nGr\u00f6\u00dfen<\/p>\n<p>&nbsp;<\/p>\n<p>Handballenweite<\/p>\n<p>L bis 8,5cm<\/p>\n<p>XL bis 9cm<\/p>\n<p>&nbsp;<\/p>\n<p>Handballenumfang<\/p>\n<p>L= 18cm<\/p>\n<p>XL= 19cm<\/p>\n<p>&nbsp;<\/p>\n<p>Materialzusammensetzung<br \/>\n75% Polyester | 25% Elasthan<br \/>\nBesonderheiten<br \/>\nLIVE Produkt | Protektoren | eng anliegend\u00a0 | wie eine\u2026<\/p>\n","protected":false},"featured_media":46434,"comment_status":"open","ping_status":"closed","template":"","meta":[],"product_brand":[],"product_cat":[291,116,473,195,326],"product_tag":[262,560,303,441],"class_list":{"0":"post-46428","1":"product","2":"type-product","3":"status-publish","4":"has-post-thumbnail","6":"product_cat-accessoires","7":"product_cat-clubwear","8":"product_cat-men","9":"product_cat-produktion-auf-bestellung-liveproduktion","10":"product_cat-wojoer","11":"product_tag-accessoires","12":"product_tag-glaenzend","13":"product_tag-glitzer","14":"product_tag-skinny","15":"product_shipping_class-beun","16":"pa_groesse-l","17":"pa_groesse-unisize","18":"pa_groesse-xl","19":"pif-has-gallery","20":"post-1","21":"odd","23":"first","24":"instock","25":"taxable","26":"shipping-taxable","27":"purchasable","28":"product-type-variable","29":"has-default-attributes"},"yoast_head":"<!-- This site is optimized with the Yoast SEO plugin v27.2 - https:\/\/yoast.com\/product\/yoast-seo-wordpress\/ -->\n<title>Handschuh | WOJOER<\/title>\n<meta name=\"robots\" content=\"index, follow, max-snippet:-1, max-image-preview:large, max-video-preview:-1\" \/>\n<link rel=\"canonical\" href=\"https:\/\/www.wojoer.de\/en\/produkt\/protect-halffinger-gloves\/\" \/>\n<meta name=\"twitter:card\" content=\"summary_large_image\" \/>\n<meta name=\"twitter:title\" content=\"Handschuh | WOJOER\" \/>\n<meta name=\"twitter:description\" content=\"Exclusiv f\u00fcr WOJOER hergestellt in China.  Diese verruchten Gangster Protect Handschuh Halb-Finger mit verst\u00e4rktem Gelenkschutz ggibt es nur solange der Vorrat reicht Gr\u00f6\u00dfen   &nbsp;  Handballenweite  L bis 8,5cm  XL bis 9cm  &nbsp;  Handballenumfang  L= 18cm  XL= 19cm  &nbsp;  Materialzusammensetzung 75% Polyester | 25% Elasthan Besonderheiten LIVE Produkt | Protektoren | eng anliegend\u00a0 | wie eine\u2026\" \/>\n<meta name=\"twitter:image\" content=\"https:\/\/www.wojoer.de\/wp-content\/uploads\/2024\/11\/handschuh4.jpg\" \/>\n<meta name=\"twitter:label1\" content=\"Estimated reading time\" \/>\n\t<meta name=\"twitter:data1\" content=\"1 minute\" \/>\n<script type=\"application\/ld+json\" class=\"yoast-schema-graph\">{\"@context\":\"https:\/\/schema.org\",\"@graph\":[{\"@type\":\"WebPage\",\"@id\":\"https:\/\/www.wojoer.de\/produkt\/protect-halffinger-gloves\/\",\"url\":\"https:\/\/www.wojoer.de\/produkt\/protect-halffinger-gloves\/\",\"name\":\"Handschuh | WOJOER\",\"isPartOf\":{\"@id\":\"https:\/\/www.wojoer.de\/#website\"},\"primaryImageOfPage\":{\"@id\":\"https:\/\/www.wojoer.de\/produkt\/protect-halffinger-gloves\/#primaryimage\"},\"image\":{\"@id\":\"https:\/\/www.wojoer.de\/produkt\/protect-halffinger-gloves\/#primaryimage\"},\"thumbnailUrl\":\"https:\/\/www.wojoer.de\/wp-content\/uploads\/2024\/11\/handschuh4.jpg\",\"datePublished\":\"2024-12-05T15:11:04+00:00\",\"dateModified\":\"2024-12-11T14:14:58+00:00\",\"breadcrumb\":{\"@id\":\"https:\/\/www.wojoer.de\/produkt\/protect-halffinger-gloves\/#breadcrumb\"},\"inLanguage\":\"en-GB\",\"potentialAction\":[{\"@type\":\"ReadAction\",\"target\":[\"https:\/\/www.wojoer.de\/produkt\/protect-halffinger-gloves\/\"]}]},{\"@type\":\"ImageObject\",\"inLanguage\":\"en-GB\",\"@id\":\"https:\/\/www.wojoer.de\/produkt\/protect-halffinger-gloves\/#primaryimage\",\"url\":\"https:\/\/www.wojoer.de\/wp-content\/uploads\/2024\/11\/handschuh4.jpg\",\"contentUrl\":\"https:\/\/www.wojoer.de\/wp-content\/uploads\/2024\/11\/handschuh4.jpg\",\"width\":1798,\"height\":1799},{\"@type\":\"BreadcrumbList\",\"@id\":\"https:\/\/www.wojoer.de\/produkt\/protect-halffinger-gloves\/#breadcrumb\",\"itemListElement\":[{\"@type\":\"ListItem\",\"position\":1,\"name\":\"Startseite\",\"item\":\"https:\/\/www.wojoer.de\/\"},{\"@type\":\"ListItem\",\"position\":2,\"name\":\"SHOP\",\"item\":\"https:\/\/www.wojoer.de\/shop\/\"},{\"@type\":\"ListItem\",\"position\":3,\"name\":\"Protect Handschuh Halb-Finger\"}]},{\"@type\":\"WebSite\",\"@id\":\"https:\/\/www.wojoer.de\/#website\",\"url\":\"https:\/\/www.wojoer.de\/\",\"name\":\"WOJOER\",\"description\":\"clubwear for men\",\"publisher\":{\"@id\":\"https:\/\/www.wojoer.de\/#organization\"},\"potentialAction\":[{\"@type\":\"SearchAction\",\"target\":{\"@type\":\"EntryPoint\",\"urlTemplate\":\"https:\/\/www.wojoer.de\/?s={search_term_string}\"},\"query-input\":{\"@type\":\"PropertyValueSpecification\",\"valueRequired\":true,\"valueName\":\"search_term_string\"}}],\"inLanguage\":\"en-GB\"},{\"@type\":\"Organization\",\"@id\":\"https:\/\/www.wojoer.de\/#organization\",\"name\":\"Wonneberger-Manufaktur\",\"url\":\"https:\/\/www.wojoer.de\/\",\"logo\":{\"@type\":\"ImageObject\",\"inLanguage\":\"en-GB\",\"@id\":\"https:\/\/www.wojoer.de\/#\/schema\/logo\/image\/\",\"url\":\"https:\/\/www.wojoer.de\/wp-content\/uploads\/2016\/11\/wonnebergermanufaktur_logo_BUTTON.png\",\"contentUrl\":\"https:\/\/www.wojoer.de\/wp-content\/uploads\/2016\/11\/wonnebergermanufaktur_logo_BUTTON.png\",\"width\":765,\"height\":765,\"caption\":\"Wonneberger-Manufaktur\"},\"image\":{\"@id\":\"https:\/\/www.wojoer.de\/#\/schema\/logo\/image\/\"},\"sameAs\":[\"https:\/\/www.facebook.com\/wojoer\/\",\"https:\/\/de.pinterest.com\/W0J0ER\/\"]}]}<\/script>\n<!-- \/ Yoast SEO plugin. -->","yoast_head_json":{"title":"Handschuh | WOJOER","robots":{"index":"index","follow":"follow","max-snippet":"max-snippet:-1","max-image-preview":"max-image-preview:large","max-video-preview":"max-video-preview:-1"},"canonical":"https:\/\/www.wojoer.de\/en\/produkt\/protect-halffinger-gloves\/","twitter_card":"summary_large_image","twitter_title":"[:de]Handschuh | WOJOER[:]","twitter_description":"[:de]Exclusiv f\u00fcr WOJOER hergestellt in China.  Diese verruchten Gangster Protect Handschuh Halb-Finger mit verst\u00e4rktem Gelenkschutz ggibt es nur solange der Vorrat reicht Gr\u00f6\u00dfen   &nbsp;  Handballenweite  L bis 8,5cm  XL bis 9cm  &nbsp;  Handballenumfang  L= 18cm  XL= 19cm  &nbsp;  Materialzusammensetzung 75% Polyester | 25% Elasthan Besonderheiten LIVE Produkt | Protektoren | eng anliegend\u00a0 | wie eine\u2026","twitter_image":"https:\/\/www.wojoer.de\/wp-content\/uploads\/2024\/11\/handschuh4.jpg","twitter_misc":{"Estimated reading time":"1 minute"},"schema":{"@context":"https:\/\/schema.org","@graph":[{"@type":"WebPage","@id":"https:\/\/www.wojoer.de\/produkt\/protect-halffinger-gloves\/","url":"https:\/\/www.wojoer.de\/produkt\/protect-halffinger-gloves\/","name":"Handschuh | WOJOER","isPartOf":{"@id":"https:\/\/www.wojoer.de\/#website"},"primaryImageOfPage":{"@id":"https:\/\/www.wojoer.de\/produkt\/protect-halffinger-gloves\/#primaryimage"},"image":{"@id":"https:\/\/www.wojoer.de\/produkt\/protect-halffinger-gloves\/#primaryimage"},"thumbnailUrl":"https:\/\/www.wojoer.de\/wp-content\/uploads\/2024\/11\/handschuh4.jpg","datePublished":"2024-12-05T15:11:04+00:00","dateModified":"2024-12-11T14:14:58+00:00","breadcrumb":{"@id":"https:\/\/www.wojoer.de\/produkt\/protect-halffinger-gloves\/#breadcrumb"},"inLanguage":"en-GB","potentialAction":[{"@type":"ReadAction","target":["https:\/\/www.wojoer.de\/produkt\/protect-halffinger-gloves\/"]}]},{"@type":"ImageObject","inLanguage":"en-GB","@id":"https:\/\/www.wojoer.de\/produkt\/protect-halffinger-gloves\/#primaryimage","url":"https:\/\/www.wojoer.de\/wp-content\/uploads\/2024\/11\/handschuh4.jpg","contentUrl":"https:\/\/www.wojoer.de\/wp-content\/uploads\/2024\/11\/handschuh4.jpg","width":1798,"height":1799},{"@type":"BreadcrumbList","@id":"https:\/\/www.wojoer.de\/produkt\/protect-halffinger-gloves\/#breadcrumb","itemListElement":[{"@type":"ListItem","position":1,"name":"Startseite","item":"https:\/\/www.wojoer.de\/"},{"@type":"ListItem","position":2,"name":"SHOP","item":"https:\/\/www.wojoer.de\/shop\/"},{"@type":"ListItem","position":3,"name":"Protect Handschuh Halb-Finger"}]},{"@type":"WebSite","@id":"https:\/\/www.wojoer.de\/#website","url":"https:\/\/www.wojoer.de\/","name":"WOJOER","description":"clubwear for men","publisher":{"@id":"https:\/\/www.wojoer.de\/#organization"},"potentialAction":[{"@type":"SearchAction","target":{"@type":"EntryPoint","urlTemplate":"https:\/\/www.wojoer.de\/?s={search_term_string}"},"query-input":{"@type":"PropertyValueSpecification","valueRequired":true,"valueName":"search_term_string"}}],"inLanguage":"en-GB"},{"@type":"Organization","@id":"https:\/\/www.wojoer.de\/#organization","name":"Wonneberger-Manufaktur","url":"https:\/\/www.wojoer.de\/","logo":{"@type":"ImageObject","inLanguage":"en-GB","@id":"https:\/\/www.wojoer.de\/#\/schema\/logo\/image\/","url":"https:\/\/www.wojoer.de\/wp-content\/uploads\/2016\/11\/wonnebergermanufaktur_logo_BUTTON.png","contentUrl":"https:\/\/www.wojoer.de\/wp-content\/uploads\/2016\/11\/wonnebergermanufaktur_logo_BUTTON.png","width":765,"height":765,"caption":"Wonneberger-Manufaktur"},"image":{"@id":"https:\/\/www.wojoer.de\/#\/schema\/logo\/image\/"},"sameAs":["https:\/\/www.facebook.com\/wojoer\/","https:\/\/de.pinterest.com\/W0J0ER\/"]}]}},"_links":{"self":[{"href":"https:\/\/www.wojoer.de\/en\/wp-json\/wp\/v2\/product\/46428","targetHints":{"allow":["GET"]}}],"collection":[{"href":"https:\/\/www.wojoer.de\/en\/wp-json\/wp\/v2\/product"}],"about":[{"href":"https:\/\/www.wojoer.de\/en\/wp-json\/wp\/v2\/types\/product"}],"replies":[{"embeddable":true,"href":"https:\/\/www.wojoer.de\/en\/wp-json\/wp\/v2\/comments?post=46428"}],"wp:featuredmedia":[{"embeddable":true,"href":"https:\/\/www.wojoer.de\/en\/wp-json\/wp\/v2\/media\/46434"}],"wp:attachment":[{"href":"https:\/\/www.wojoer.de\/en\/wp-json\/wp\/v2\/media?parent=46428"}],"wp:term":[{"taxonomy":"product_brand","embeddable":true,"href":"https:\/\/www.wojoer.de\/en\/wp-json\/wp\/v2\/product_brand?post=46428"},{"taxonomy":"product_cat","embeddable":true,"href":"https:\/\/www.wojoer.de\/en\/wp-json\/wp\/v2\/product_cat?post=46428"},{"taxonomy":"product_tag","embeddable":true,"href":"https:\/\/www.wojoer.de\/en\/wp-json\/wp\/v2\/product_tag?post=46428"}],"curies":[{"name":"wp","href":"https:\/\/api.w.org\/{rel}","templated":true}]}}