{"id":46608,"date":"2025-12-04T09:20:24","date_gmt":"2025-12-04T08:20:24","guid":{"rendered":"https:\/\/www.wojoer.de\/?post_type=product&#038;p=46608"},"modified":"2025-12-04T09:20:56","modified_gmt":"2025-12-04T08:20:56","slug":"trinkgeld-wojoer","status":"publish","type":"product","link":"https:\/\/www.wojoer.de\/en\/produkt\/trinkgeld-wojoer\/","title":{"rendered":"Give us a Tip"},"content":{"rendered":"<h3><span style=\"color: #d2b25d;\">Why make a donation?<\/span><\/h3>\n<p>In general, a gift is a wonderful thing that makes it possible to give a good and warm feeling to all sides with little effort. For yourself, because you can be happy to have done something good and for the recipient, because they are happy that someone cares about them.<\/p>\n<h3><span style=\"color: #d2b25d;\">Why us?<br \/>\n<\/span><\/h3>\n<p>We love what we do. Our Wojoer team enjoys coming to work to give their best on the customer phone, in the office, in the creative department, in pattern development, at the cutting table, at the sewing machine, in the finishing department, in the warehouse and at the dispatch station. The seamstresses are happy to use their own skills and knowledge again and again for the extremely wide variety of our materials and patterns in order to sensitively produce the perfect-fitting clothes for you.<\/p>\n<p><img loading=\"lazy\" decoding=\"async\" class=\"alignnone wp-image-2728 size-thumbnail\" src=\"https:\/\/www.wojoer.de\/wp-content\/uploads\/2013\/10\/MG_5720-e1478205171187-150x150.jpg\" alt=\"WOJOER produziert hochwertig auf deutschem Qualit\u00e4tsniveau lokal in Sachsen. deutsche N\u00e4herei, made in Germany, fair und lokal in Handarbeit. WOJOER ist fair, das Team einmalig famili\u00e4r.\" width=\"150\" height=\"150\" srcset=\"https:\/\/www.wojoer.de\/wp-content\/uploads\/2013\/10\/MG_5720-e1478205171187-150x150.jpg 150w, https:\/\/www.wojoer.de\/wp-content\/uploads\/2013\/10\/MG_5720-e1478205171187-100x100.jpg 100w, https:\/\/www.wojoer.de\/wp-content\/uploads\/2013\/10\/MG_5720-e1478205171187.jpg 220w\" sizes=\"auto, (max-width: 150px) 100vw, 150px\" \/> \u00a0 <img loading=\"lazy\" decoding=\"async\" class=\"alignnone wp-image-2714 size-thumbnail\" src=\"https:\/\/www.wojoer.de\/wp-content\/uploads\/2013\/10\/MG_6132-e1478205193346-150x150.jpg\" alt=\"WOJOER produziert hochwertig auf deutschem Qualit\u00e4tsniveau lokal in Sachsen. deutsche N\u00e4herei, made in Germany, fair und lokal\" width=\"150\" height=\"150\" srcset=\"https:\/\/www.wojoer.de\/wp-content\/uploads\/2013\/10\/MG_6132-e1478205193346-150x150.jpg 150w, https:\/\/www.wojoer.de\/wp-content\/uploads\/2013\/10\/MG_6132-e1478205193346-100x100.jpg 100w, https:\/\/www.wojoer.de\/wp-content\/uploads\/2013\/10\/MG_6132-e1478205193346.jpg 220w\" sizes=\"auto, (max-width: 150px) 100vw, 150px\" \/> \u00a0 <img loading=\"lazy\" decoding=\"async\" class=\"alignnone size-thumbnail wp-image-2719\" src=\"https:\/\/www.wojoer.de\/wp-content\/uploads\/2013\/10\/MG_6243-150x150.jpg\" alt=\"WOJOER produziert flexibel und hochwertig auf deutschem Qualit\u00e4tsniveau lokal in Sachsen. Deutsche N\u00e4herei, made in Germany, fair und lokal. Herrenunterw\u00e4sche und Herrenbademode wird von dem WOJOER Designer-Team entwickelt und designed. Dann wird im Haus der schnitt angefertigt, gradiert, zugeschnitten, gen\u00e4ht und verpackt. Alles unter einem Dach in der Wonneberger-Manufaktur.\" width=\"150\" height=\"150\" \/><\/p>\n<p>The seamstress gives her all to maintain the balance between the lowest possible material consumption in the shortest possible time and precise lines.<\/p>\n<p><img loading=\"lazy\" decoding=\"async\" class=\"alignnone wp-image-2712 size-thumbnail\" src=\"https:\/\/www.wojoer.de\/wp-content\/uploads\/2013\/10\/MG_6084-e1477949273376-150x150.jpg\" alt=\"WOJOER produziert hochwertig auf deutschem Qualit\u00e4tsniveau lokal in Sachsen. deutsche N\u00e4herei, made in Germany, fair und lokal in Handarbeit\" width=\"150\" height=\"150\" srcset=\"https:\/\/www.wojoer.de\/wp-content\/uploads\/2013\/10\/MG_6084-e1477949273376-150x150.jpg 150w, https:\/\/www.wojoer.de\/wp-content\/uploads\/2013\/10\/MG_6084-e1477949273376-100x100.jpg 100w, https:\/\/www.wojoer.de\/wp-content\/uploads\/2013\/10\/MG_6084-e1477949273376.jpg 220w\" sizes=\"auto, (max-width: 150px) 100vw, 150px\" \/> \u00a0 <img loading=\"lazy\" decoding=\"async\" class=\"alignnone wp-image-2667\" src=\"https:\/\/www.wojoer.de\/wp-content\/uploads\/2013\/10\/wonneberger_manufakturzuschnitt-e1535969980824.jpg\" alt=\"\" width=\"150\" height=\"150\" srcset=\"https:\/\/www.wojoer.de\/wp-content\/uploads\/2013\/10\/wonneberger_manufakturzuschnitt-e1535969980824.jpg 440w, https:\/\/www.wojoer.de\/wp-content\/uploads\/2013\/10\/wonneberger_manufakturzuschnitt-e1535969980824-300x300.jpg 300w, https:\/\/www.wojoer.de\/wp-content\/uploads\/2013\/10\/wonneberger_manufakturzuschnitt-e1535969980824-100x100.jpg 100w\" sizes=\"auto, (max-width: 150px) 100vw, 150px\" \/> \u00a0 <img loading=\"lazy\" decoding=\"async\" class=\"alignnone wp-image-2723 size-thumbnail\" src=\"https:\/\/www.wojoer.de\/wp-content\/uploads\/2013\/10\/MG_6155-150x150.jpg\" alt=\"\" width=\"150\" height=\"150\" \/><\/p>\n<p>The customer service department is passionate about efficient stock management, smooth order taking and dispatch and always has a sympathetic ear for your problems and wishes.<\/p>\n<p><img loading=\"lazy\" decoding=\"async\" class=\"alignnone wp-image-2720 size-thumbnail\" src=\"https:\/\/www.wojoer.de\/wp-content\/uploads\/2013\/10\/MG_6254-150x150.jpg\" alt=\"WOJOER produziert hochwertig auf deutschem Qualit\u00e4tsniveau lokal in Sachsen. deutsche N\u00e4herei, made in Germany, fair und lokal in Handarbeit\" width=\"150\" height=\"150\" \/> \u00a0 <img loading=\"lazy\" decoding=\"async\" class=\"alignnone size-thumbnail wp-image-2773\" src=\"https:\/\/www.wojoer.de\/wp-content\/uploads\/2013\/10\/MG_6195-1-150x150.jpg\" alt=\"WOJOER produziert hochwertig auf deutschem Qualit\u00e4tsniveau lokal in Sachsen. deutsche N\u00e4herei, made in Germany, fair und lokal in Handarbeit. WOJOER ist fair, das Team einmalig famili\u00e4r.\" width=\"150\" height=\"150\" \/> \u00a0 <img loading=\"lazy\" decoding=\"async\" class=\"alignnone size-thumbnail wp-image-2668\" src=\"https:\/\/www.wojoer.de\/wp-content\/uploads\/2013\/10\/wonneberger-manufaktur_naeherei-150x150.jpg\" alt=\"\" width=\"150\" height=\"150\" srcset=\"https:\/\/www.wojoer.de\/wp-content\/uploads\/2013\/10\/wonneberger-manufaktur_naeherei-150x150.jpg 150w, https:\/\/www.wojoer.de\/wp-content\/uploads\/2013\/10\/wonneberger-manufaktur_naeherei-300x300.jpg 300w, https:\/\/www.wojoer.de\/wp-content\/uploads\/2013\/10\/wonneberger-manufaktur_naeherei-100x100.jpg 100w\" sizes=\"auto, (max-width: 150px) 100vw, 150px\" \/><\/p>\n<p>The management department regularly works overtime to face the difficult economic years with creativity and tough decisions and to continue to offer you delightful suggestions to intensify the tension between you!<\/p>\n<p><img loading=\"lazy\" decoding=\"async\" class=\"alignnone size-thumbnail wp-image-46618\" src=\"https:\/\/www.wojoer.de\/wp-content\/uploads\/2024\/12\/Wojoer_TV_-150x150.jpg\" alt=\"\" width=\"150\" height=\"150\" srcset=\"https:\/\/www.wojoer.de\/wp-content\/uploads\/2024\/12\/Wojoer_TV_-150x150.jpg 150w, https:\/\/www.wojoer.de\/wp-content\/uploads\/2024\/12\/Wojoer_TV_-300x300.jpg 300w, https:\/\/www.wojoer.de\/wp-content\/uploads\/2024\/12\/Wojoer_TV_-768x768.jpg 768w, https:\/\/www.wojoer.de\/wp-content\/uploads\/2024\/12\/Wojoer_TV_-600x600.jpg 600w, https:\/\/www.wojoer.de\/wp-content\/uploads\/2024\/12\/Wojoer_TV_-100x100.jpg 100w, https:\/\/www.wojoer.de\/wp-content\/uploads\/2024\/12\/Wojoer_TV_.jpg 873w\" sizes=\"auto, (max-width: 150px) 100vw, 150px\" \/> \u00a0 <img loading=\"lazy\" decoding=\"async\" class=\"alignnone size-thumbnail wp-image-2666\" src=\"https:\/\/www.wojoer.de\/wp-content\/uploads\/2013\/10\/wonneberger_manufaktur_schnittmuster-150x150.jpg\" alt=\"\" width=\"150\" height=\"150\" srcset=\"https:\/\/www.wojoer.de\/wp-content\/uploads\/2013\/10\/wonneberger_manufaktur_schnittmuster-150x150.jpg 150w, https:\/\/www.wojoer.de\/wp-content\/uploads\/2013\/10\/wonneberger_manufaktur_schnittmuster-300x300.jpg 300w, https:\/\/www.wojoer.de\/wp-content\/uploads\/2013\/10\/wonneberger_manufaktur_schnittmuster-100x100.jpg 100w\" sizes=\"auto, (max-width: 150px) 100vw, 150px\" \/> \u00a0 <img loading=\"lazy\" decoding=\"async\" class=\"alignnone size-thumbnail wp-image-46619\" src=\"https:\/\/www.wojoer.de\/wp-content\/uploads\/2024\/12\/Joern_claudi_wojoer-150x150.jpg\" alt=\"\" width=\"150\" height=\"150\" srcset=\"https:\/\/www.wojoer.de\/wp-content\/uploads\/2024\/12\/Joern_claudi_wojoer-150x150.jpg 150w, https:\/\/www.wojoer.de\/wp-content\/uploads\/2024\/12\/Joern_claudi_wojoer-300x300.jpg 300w, https:\/\/www.wojoer.de\/wp-content\/uploads\/2024\/12\/Joern_claudi_wojoer-600x600.jpg 600w, https:\/\/www.wojoer.de\/wp-content\/uploads\/2024\/12\/Joern_claudi_wojoer-100x100.jpg 100w, https:\/\/www.wojoer.de\/wp-content\/uploads\/2024\/12\/Joern_claudi_wojoer.jpg 754w\" sizes=\"auto, (max-width: 150px) 100vw, 150px\" \/><\/p>\n<h3><span style=\"color: #d2b25d;\"><strong>Why you?<\/strong><\/span><\/h3>\n<p>You are all that matters to us. Your wishes are our passion. Every single piece of positive customer feedback makes our hearts beat faster and we know what we sacrifice so much for our baby \u201cWOJOER\u201d! And we hope you feel that. If not, leave us a little message telling us what you would like from us and we will work to fulfill your wish!<\/p>\n<p>But maybe we&#8217;ve already been able to make you a little happy and you&#8217;d like to give something back. Then a small boost of \u201cGood Carma\u201d in the form of a donation would be one way of doing this. Or you can reach for your cell phone or email and give us a boost so that we can develop new ideas with fresh energy to make people happy.<\/p>\n<h3><span style=\"color: #d2b25d;\"><strong>What are we up to?<\/strong><\/span><\/h3>\n<p>Our mission is to develop clothing that either provides you with maximum comfort in everyday life by being soft, breathable and perfectly fitting, or boldly transforms you on the outside into someone you want to be, or boosts your love stories and allows you to live out the way you&#8217;ve always wanted to. We want you to be who you really are and boldly show yourself to the world.<\/p>\n<p>Our own production in Germany is particularly important to us, despite the devastating economic conditions. Since the pandemic, we have unfortunately had to let employees go, but in the course of the economic crisis, we had to make particularly tough decisions in 2024 and streamline our manufactory considerably. Despite many successful restructurings to optimize processes, we had to downsize to the minimum number of employees to survive the drought.<\/p>\n<p>BUT WE ARE STICKING TO GERMAN PRODUCTION! We don&#8217;t want to let our German economy down and deliver the quality you deserve and continue to guarantee our team members the working conditions they work hard for every day!<\/p>\n","protected":false},"excerpt":{"rendered":"<p>Warum spenden?<\/p>\n<p>Generell ist es eine Gabe eine wunderbare Angelegenheit, die es erm\u00f6glicht mit wenig Aufwand allen Seiten ein gutes und warmes Gef\u00fchl zu schenken. Sich selbst, weil man sich freuen kann, etwas Gutes getan zu haben und den Beschenkten, weil\u2026<\/p>\n","protected":false},"featured_media":45771,"comment_status":"open","ping_status":"closed","template":"","meta":[],"product_brand":[],"product_cat":[291,115,116,114,473,471,342,121,326],"product_tag":[419,194,408,290],"class_list":{"0":"post-46608","1":"product","2":"type-product","3":"status-publish","4":"has-post-thumbnail","6":"product_cat-accessoires","7":"product_cat-beachwear","8":"product_cat-clubwear","9":"product_cat-fetisch","10":"product_cat-men","11":"product_cat-partnerlook","12":"product_cat-sale","13":"product_cat-underwear","14":"product_cat-wojoer","15":"product_tag-btr","16":"product_tag-leatherlike","17":"product_tag-piercing","18":"product_tag-synthetischeslatex","19":"product_shipping_class-beun","20":"pa_groesse-l","21":"pa_groesse-m","22":"pa_groesse-s","23":"pa_groesse-xl","24":"pa_groesse-xs","25":"pa_groesse-xxl","26":"pa_groesse-xxxl","27":"pif-has-gallery","28":"post-1","29":"odd","31":"first","32":"instock","33":"featured","34":"purchasable","35":"product-type-variable"},"yoast_head":"<!-- This site is optimized with the Yoast SEO plugin v27.2 - https:\/\/yoast.com\/product\/yoast-seo-wordpress\/ -->\n<title>Stainless steel Cockring | hypoalergic and ergonomic | WOJOER<\/title>\n<meta name=\"description\" content=\"Stainless steel Cockring. Hypoalergic, dishwasher suitable, ergonomic shape. size S, M, L. Christmas present, X Mas Gift, bodyart present, erotic present\" \/>\n<meta name=\"robots\" content=\"index, follow, max-snippet:-1, max-image-preview:large, max-video-preview:-1\" \/>\n<link rel=\"canonical\" href=\"https:\/\/www.wojoer.de\/en\/produkt\/trinkgeld-wojoer\/\" \/>\n<meta name=\"twitter:card\" content=\"summary_large_image\" \/>\n<meta name=\"twitter:title\" content=\"Stainless steel Cockring | hypoalergic and ergonomic | WOJOER\" \/>\n<meta name=\"twitter:description\" content=\"Stainless steel Cockring. Hypoalergic, dishwasher suitable, ergonomic shape. size S, M, L. Christmas present, X Mas Gift, bodyart present, erotic present\" \/>\n<meta name=\"twitter:image\" content=\"https:\/\/www.wojoer.de\/wp-content\/uploads\/2024\/10\/good_karrma_kl-e1728657738938.jpg\" \/>\n<meta name=\"twitter:label1\" content=\"Estimated reading time\" \/>\n\t<meta name=\"twitter:data1\" content=\"6 minutes\" \/>\n<script type=\"application\/ld+json\" class=\"yoast-schema-graph\">{\"@context\":\"https:\/\/schema.org\",\"@graph\":[{\"@type\":\"WebPage\",\"@id\":\"https:\/\/www.wojoer.de\/produkt\/trinkgeld-wojoer\/\",\"url\":\"https:\/\/www.wojoer.de\/produkt\/trinkgeld-wojoer\/\",\"name\":\"Stainless steel Cockring | hypoalergic and ergonomic | WOJOER\",\"isPartOf\":{\"@id\":\"https:\/\/www.wojoer.de\/#website\"},\"primaryImageOfPage\":{\"@id\":\"https:\/\/www.wojoer.de\/produkt\/trinkgeld-wojoer\/#primaryimage\"},\"image\":{\"@id\":\"https:\/\/www.wojoer.de\/produkt\/trinkgeld-wojoer\/#primaryimage\"},\"thumbnailUrl\":\"https:\/\/www.wojoer.de\/wp-content\/uploads\/2024\/10\/good_karrma_kl-e1728657738938.jpg\",\"datePublished\":\"2025-12-04T08:20:24+00:00\",\"dateModified\":\"2025-12-04T08:20:56+00:00\",\"description\":\"Stainless steel Cockring. Hypoalergic, dishwasher suitable, ergonomic shape. size S, M, L. Christmas present, X Mas Gift, bodyart present, erotic present\",\"breadcrumb\":{\"@id\":\"https:\/\/www.wojoer.de\/produkt\/trinkgeld-wojoer\/#breadcrumb\"},\"inLanguage\":\"en-GB\",\"potentialAction\":[{\"@type\":\"ReadAction\",\"target\":[\"https:\/\/www.wojoer.de\/produkt\/trinkgeld-wojoer\/\"]}]},{\"@type\":\"ImageObject\",\"inLanguage\":\"en-GB\",\"@id\":\"https:\/\/www.wojoer.de\/produkt\/trinkgeld-wojoer\/#primaryimage\",\"url\":\"https:\/\/www.wojoer.de\/wp-content\/uploads\/2024\/10\/good_karrma_kl-e1728657738938.jpg\",\"contentUrl\":\"https:\/\/www.wojoer.de\/wp-content\/uploads\/2024\/10\/good_karrma_kl-e1728657738938.jpg\",\"width\":230,\"height\":230},{\"@type\":\"BreadcrumbList\",\"@id\":\"https:\/\/www.wojoer.de\/produkt\/trinkgeld-wojoer\/#breadcrumb\",\"itemListElement\":[{\"@type\":\"ListItem\",\"position\":1,\"name\":\"Startseite\",\"item\":\"https:\/\/www.wojoer.de\/\"},{\"@type\":\"ListItem\",\"position\":2,\"name\":\"SHOP\",\"item\":\"https:\/\/www.wojoer.de\/shop\/\"},{\"@type\":\"ListItem\",\"position\":3,\"name\":\"Trinkgeld geben\"}]},{\"@type\":\"WebSite\",\"@id\":\"https:\/\/www.wojoer.de\/#website\",\"url\":\"https:\/\/www.wojoer.de\/\",\"name\":\"WOJOER\",\"description\":\"clubwear for men\",\"publisher\":{\"@id\":\"https:\/\/www.wojoer.de\/#organization\"},\"potentialAction\":[{\"@type\":\"SearchAction\",\"target\":{\"@type\":\"EntryPoint\",\"urlTemplate\":\"https:\/\/www.wojoer.de\/?s={search_term_string}\"},\"query-input\":{\"@type\":\"PropertyValueSpecification\",\"valueRequired\":true,\"valueName\":\"search_term_string\"}}],\"inLanguage\":\"en-GB\"},{\"@type\":\"Organization\",\"@id\":\"https:\/\/www.wojoer.de\/#organization\",\"name\":\"Wonneberger-Manufaktur\",\"url\":\"https:\/\/www.wojoer.de\/\",\"logo\":{\"@type\":\"ImageObject\",\"inLanguage\":\"en-GB\",\"@id\":\"https:\/\/www.wojoer.de\/#\/schema\/logo\/image\/\",\"url\":\"https:\/\/www.wojoer.de\/wp-content\/uploads\/2016\/11\/wonnebergermanufaktur_logo_BUTTON.png\",\"contentUrl\":\"https:\/\/www.wojoer.de\/wp-content\/uploads\/2016\/11\/wonnebergermanufaktur_logo_BUTTON.png\",\"width\":765,\"height\":765,\"caption\":\"Wonneberger-Manufaktur\"},\"image\":{\"@id\":\"https:\/\/www.wojoer.de\/#\/schema\/logo\/image\/\"},\"sameAs\":[\"https:\/\/www.facebook.com\/wojoer\/\",\"https:\/\/de.pinterest.com\/W0J0ER\/\"]}]}<\/script>\n<!-- \/ Yoast SEO plugin. -->","yoast_head_json":{"title":"Stainless steel Cockring | hypoalergic and ergonomic | WOJOER","description":"Stainless steel Cockring. Hypoalergic, dishwasher suitable, ergonomic shape. size S, M, L. Christmas present, X Mas Gift, bodyart present, erotic present","robots":{"index":"index","follow":"follow","max-snippet":"max-snippet:-1","max-image-preview":"max-image-preview:large","max-video-preview":"max-video-preview:-1"},"canonical":"https:\/\/www.wojoer.de\/en\/produkt\/trinkgeld-wojoer\/","twitter_card":"summary_large_image","twitter_title":"[:de]WOJOER | Hilf uns zu wirtschaften | WOJOER[:en]Stainless steel Cockring | hypoalergic and ergonomic | WOJOER[:]","twitter_description":"[:de]WOJOER braucht dich und ist dir dankbar f\u00fcr jedes Feedback![:en]Stainless steel Cockring. Hypoalergic, dishwasher suitable, ergonomic shape. size S, M, L. Christmas present, X Mas Gift, bodyart present, erotic present[:]","twitter_image":"https:\/\/www.wojoer.de\/wp-content\/uploads\/2024\/10\/good_karrma_kl-e1728657738938.jpg","twitter_misc":{"Estimated reading time":"6 minutes"},"schema":{"@context":"https:\/\/schema.org","@graph":[{"@type":"WebPage","@id":"https:\/\/www.wojoer.de\/produkt\/trinkgeld-wojoer\/","url":"https:\/\/www.wojoer.de\/produkt\/trinkgeld-wojoer\/","name":"Stainless steel Cockring | hypoalergic and ergonomic | WOJOER","isPartOf":{"@id":"https:\/\/www.wojoer.de\/#website"},"primaryImageOfPage":{"@id":"https:\/\/www.wojoer.de\/produkt\/trinkgeld-wojoer\/#primaryimage"},"image":{"@id":"https:\/\/www.wojoer.de\/produkt\/trinkgeld-wojoer\/#primaryimage"},"thumbnailUrl":"https:\/\/www.wojoer.de\/wp-content\/uploads\/2024\/10\/good_karrma_kl-e1728657738938.jpg","datePublished":"2025-12-04T08:20:24+00:00","dateModified":"2025-12-04T08:20:56+00:00","description":"Stainless steel Cockring. Hypoalergic, dishwasher suitable, ergonomic shape. size S, M, L. Christmas present, X Mas Gift, bodyart present, erotic present","breadcrumb":{"@id":"https:\/\/www.wojoer.de\/produkt\/trinkgeld-wojoer\/#breadcrumb"},"inLanguage":"en-GB","potentialAction":[{"@type":"ReadAction","target":["https:\/\/www.wojoer.de\/produkt\/trinkgeld-wojoer\/"]}]},{"@type":"ImageObject","inLanguage":"en-GB","@id":"https:\/\/www.wojoer.de\/produkt\/trinkgeld-wojoer\/#primaryimage","url":"https:\/\/www.wojoer.de\/wp-content\/uploads\/2024\/10\/good_karrma_kl-e1728657738938.jpg","contentUrl":"https:\/\/www.wojoer.de\/wp-content\/uploads\/2024\/10\/good_karrma_kl-e1728657738938.jpg","width":230,"height":230},{"@type":"BreadcrumbList","@id":"https:\/\/www.wojoer.de\/produkt\/trinkgeld-wojoer\/#breadcrumb","itemListElement":[{"@type":"ListItem","position":1,"name":"Startseite","item":"https:\/\/www.wojoer.de\/"},{"@type":"ListItem","position":2,"name":"SHOP","item":"https:\/\/www.wojoer.de\/shop\/"},{"@type":"ListItem","position":3,"name":"Trinkgeld geben"}]},{"@type":"WebSite","@id":"https:\/\/www.wojoer.de\/#website","url":"https:\/\/www.wojoer.de\/","name":"WOJOER","description":"clubwear for men","publisher":{"@id":"https:\/\/www.wojoer.de\/#organization"},"potentialAction":[{"@type":"SearchAction","target":{"@type":"EntryPoint","urlTemplate":"https:\/\/www.wojoer.de\/?s={search_term_string}"},"query-input":{"@type":"PropertyValueSpecification","valueRequired":true,"valueName":"search_term_string"}}],"inLanguage":"en-GB"},{"@type":"Organization","@id":"https:\/\/www.wojoer.de\/#organization","name":"Wonneberger-Manufaktur","url":"https:\/\/www.wojoer.de\/","logo":{"@type":"ImageObject","inLanguage":"en-GB","@id":"https:\/\/www.wojoer.de\/#\/schema\/logo\/image\/","url":"https:\/\/www.wojoer.de\/wp-content\/uploads\/2016\/11\/wonnebergermanufaktur_logo_BUTTON.png","contentUrl":"https:\/\/www.wojoer.de\/wp-content\/uploads\/2016\/11\/wonnebergermanufaktur_logo_BUTTON.png","width":765,"height":765,"caption":"Wonneberger-Manufaktur"},"image":{"@id":"https:\/\/www.wojoer.de\/#\/schema\/logo\/image\/"},"sameAs":["https:\/\/www.facebook.com\/wojoer\/","https:\/\/de.pinterest.com\/W0J0ER\/"]}]}},"_links":{"self":[{"href":"https:\/\/www.wojoer.de\/en\/wp-json\/wp\/v2\/product\/46608","targetHints":{"allow":["GET"]}}],"collection":[{"href":"https:\/\/www.wojoer.de\/en\/wp-json\/wp\/v2\/product"}],"about":[{"href":"https:\/\/www.wojoer.de\/en\/wp-json\/wp\/v2\/types\/product"}],"replies":[{"embeddable":true,"href":"https:\/\/www.wojoer.de\/en\/wp-json\/wp\/v2\/comments?post=46608"}],"wp:featuredmedia":[{"embeddable":true,"href":"https:\/\/www.wojoer.de\/en\/wp-json\/wp\/v2\/media\/45771"}],"wp:attachment":[{"href":"https:\/\/www.wojoer.de\/en\/wp-json\/wp\/v2\/media?parent=46608"}],"wp:term":[{"taxonomy":"product_brand","embeddable":true,"href":"https:\/\/www.wojoer.de\/en\/wp-json\/wp\/v2\/product_brand?post=46608"},{"taxonomy":"product_cat","embeddable":true,"href":"https:\/\/www.wojoer.de\/en\/wp-json\/wp\/v2\/product_cat?post=46608"},{"taxonomy":"product_tag","embeddable":true,"href":"https:\/\/www.wojoer.de\/en\/wp-json\/wp\/v2\/product_tag?post=46608"}],"curies":[{"name":"wp","href":"https:\/\/api.w.org\/{rel}","templated":true}]}}