{"id":46827,"date":"2025-09-24T10:46:07","date_gmt":"2025-09-24T08:46:07","guid":{"rendered":"https:\/\/www.wojoer.de\/?post_type=product&#038;p=46827"},"modified":"2025-10-22T12:53:27","modified_gmt":"2025-10-22T10:53:27","slug":"lack-4-pocket-leggings","status":"publish","type":"product","link":"https:\/\/www.wojoer.de\/en\/produkt\/lack-4-pocket-leggings\/","title":{"rendered":"Patent Leather 4-Pocket Leggings"},"content":{"rendered":"<p>Diese Rubber Hose geh\u00f6rt zu den Wojoer NOS-Produkten.<\/p>\n<h3>Gr\u00f6\u00dfen<\/h3>\n<p>S, M, L, XL, XXL<\/p>\n<h3>Materialzusammensetzung<\/h3>\n<p>95% Polyester\u00a0 |5% Elasthan<\/p>\n<h3>Besonderheiten<\/h3>\n<p>NOS<a href=\"http:\/\/www.wojoer.de\/?s=nos&#038;post_type=product\"> Produkt<\/a> | sehr dehnbares Material | H\u00fcft-Passform enganliegend, Beine regular | schwarz gl\u00e4nzend | hochwertige Verarbeitung &#8220;Made in Germany&#8221;<\/p>\n<h3>Benutzerhinweise<\/h3>\n<p>30\u00b0 Schonw\u00e4sche | separat von hellen und anderen, beschichteten Textilien lagern<\/p>\n<h3>Rubber Hose<\/h3>\n<p>Ein wunderbar dehnbares Leder mit Jeansstoff-Struktur trifft auf langlebigen Tragekomfort. Das Clubwear Pendant zur casual tight Denim. Das Wojoer Rubber-leder ist 100% vegan und schmiegt sich weich um deine Haut, ist etwas atmungsaktiv und feuchtigkeitsdurchl\u00e4ssig. Du wirst diese Hose als angenehmen Alltagsbegleiter lieben und bei deinen n\u00e4chtlichen Clubbesuchen werden deine Fans jeden Zentimeter dieses gl\u00e4nzend feinen Leders stundenlang ber\u00fchren wollen. Seine skinny Passform betont deinen knackigen Hintern perfekt und wird zu den F\u00fc\u00dfen hin etwas lockerer, um deinen l\u00e4ssigen Look zu unterstreichen. Ein weiteres Plus ist seine Easy-to-slip-in-Verarbeitung: Einfach hochziehen und runterziehen, wie eine Leggings. Es gibt keine Kn\u00f6pfe und kein l\u00e4stiges Rei\u00dfverschluss-Verklemmen mehr. Mit dieser 4-Pocket-Style Hose wirst du lange, spannende N\u00e4cht erleben und genie\u00dfen!<\/p>\n","protected":false},"excerpt":{"rendered":"<p>Diese Lack 4-Pocket Leggings geh\u00f6rt zu den Wojoer NOS-Produkten.<br \/>\nGr\u00f6\u00dfen<br \/>\nS, M, L, XL, XXL<br \/>\nMaterialzusammensetzung<br \/>\n95% Polyester\u00a0 |5% Elasthan<br \/>\nBesonderheiten<br \/>\nNOS Produkt | sehr dehnbares Material | lowrise H\u00fcft-Passform enganliegend, Beine sehr enganliegend | schwarz gl\u00e4nzend | hochwertige Verarbeitung &#8220;Made in Germany&#8221;<br \/>\nBenutzerhinweise<br \/>\n30\u00b0 Schonw\u00e4sche | separat\u2026<\/p>\n","protected":false},"featured_media":46835,"comment_status":"open","ping_status":"closed","template":"","meta":[],"product_brand":[],"product_cat":[116,169,473,326],"product_tag":[560,194,244],"class_list":{"0":"post-46827","1":"product","2":"type-product","3":"status-publish","4":"has-post-thumbnail","6":"product_cat-clubwear","7":"product_cat-nos-never-out-of-stock","8":"product_cat-men","9":"product_cat-wojoer","10":"product_tag-glaenzend","11":"product_tag-leatherlike","12":"product_tag-leggings","13":"product_shipping_class-neopren","14":"pa_groesse-l","15":"pa_groesse-m","16":"pa_groesse-s","17":"pa_groesse-xl","18":"pa_groesse-xxl","19":"pa_groesse-xxxl","20":"pif-has-gallery","21":"post-1","22":"odd","24":"first","25":"onbackorder","26":"taxable","27":"shipping-taxable","28":"purchasable","29":"product-type-variable"},"yoast_head":"<!-- This site is optimized with the Yoast SEO plugin v27.2 - https:\/\/yoast.com\/product\/yoast-seo-wordpress\/ -->\n<title>Venyl Meggings | mattes Leatherlike mit Jeans Struktur | WOJOER<\/title>\n<meta name=\"description\" content=\"Venyl Meggings aus einem wunderbar matt hochwertigen Glanzleder. Hochwertig verarbeitet, made in Germany. Jetzt versandkostenfrei innerhalb Deutschlands bestellen.\" \/>\n<meta name=\"robots\" content=\"index, follow, max-snippet:-1, max-image-preview:large, max-video-preview:-1\" \/>\n<link rel=\"canonical\" href=\"https:\/\/www.wojoer.de\/en\/produkt\/lack-4-pocket-leggings\/\" \/>\n<meta name=\"twitter:card\" content=\"summary_large_image\" \/>\n<meta name=\"twitter:title\" content=\"Venyl Meggings | mattes Leatherlike mit Jeans Struktur | WOJOER\" \/>\n<meta name=\"twitter:description\" content=\"Venyl Meggings aus einem wunderbar matt hochwertigen Glanzleder. Hochwertig verarbeitet, made in Germany. Jetzt versandkostenfrei innerhalb Deutschlands bestellen.\" \/>\n<meta name=\"twitter:image\" content=\"https:\/\/www.wojoer.de\/wp-content\/uploads\/2025\/01\/0101-H061-0D-00-06-1.jpg\" \/>\n<meta name=\"twitter:label1\" content=\"Estimated reading time\" \/>\n\t<meta name=\"twitter:data1\" content=\"2 minutes\" \/>\n<script type=\"application\/ld+json\" class=\"yoast-schema-graph\">{\"@context\":\"https:\/\/schema.org\",\"@graph\":[{\"@type\":\"WebPage\",\"@id\":\"https:\/\/www.wojoer.de\/en\/produkt\/lack-4-pocket-leggings\/\",\"url\":\"https:\/\/www.wojoer.de\/en\/produkt\/lack-4-pocket-leggings\/\",\"name\":\"Venyl Meggings | mattes Leatherlike mit Jeans Struktur | WOJOER\",\"isPartOf\":{\"@id\":\"https:\/\/www.wojoer.de\/#website\"},\"primaryImageOfPage\":{\"@id\":\"https:\/\/www.wojoer.de\/en\/produkt\/lack-4-pocket-leggings\/#primaryimage\"},\"image\":{\"@id\":\"https:\/\/www.wojoer.de\/en\/produkt\/lack-4-pocket-leggings\/#primaryimage\"},\"thumbnailUrl\":\"https:\/\/www.wojoer.de\/wp-content\/uploads\/2025\/01\/0101-H061-0D-00-06-1.jpg\",\"datePublished\":\"2025-09-24T08:46:07+00:00\",\"dateModified\":\"2025-10-22T10:53:27+00:00\",\"description\":\"Venyl Meggings aus einem wunderbar matt hochwertigen Glanzleder. Hochwertig verarbeitet, made in Germany. Jetzt versandkostenfrei innerhalb Deutschlands bestellen.\",\"breadcrumb\":{\"@id\":\"https:\/\/www.wojoer.de\/en\/produkt\/lack-4-pocket-leggings\/#breadcrumb\"},\"inLanguage\":\"en-GB\",\"potentialAction\":[{\"@type\":\"ReadAction\",\"target\":[\"https:\/\/www.wojoer.de\/en\/produkt\/lack-4-pocket-leggings\/\"]}]},{\"@type\":\"ImageObject\",\"inLanguage\":\"en-GB\",\"@id\":\"https:\/\/www.wojoer.de\/en\/produkt\/lack-4-pocket-leggings\/#primaryimage\",\"url\":\"https:\/\/www.wojoer.de\/wp-content\/uploads\/2025\/01\/0101-H061-0D-00-06-1.jpg\",\"contentUrl\":\"https:\/\/www.wojoer.de\/wp-content\/uploads\/2025\/01\/0101-H061-0D-00-06-1.jpg\",\"width\":2002,\"height\":2002},{\"@type\":\"BreadcrumbList\",\"@id\":\"https:\/\/www.wojoer.de\/en\/produkt\/lack-4-pocket-leggings\/#breadcrumb\",\"itemListElement\":[{\"@type\":\"ListItem\",\"position\":1,\"name\":\"Startseite\",\"item\":\"https:\/\/www.wojoer.de\/\"},{\"@type\":\"ListItem\",\"position\":2,\"name\":\"SHOP\",\"item\":\"https:\/\/www.wojoer.de\/shop\/\"},{\"@type\":\"ListItem\",\"position\":3,\"name\":\"Patent Leather 4-Pocket Leggings\"}]},{\"@type\":\"WebSite\",\"@id\":\"https:\/\/www.wojoer.de\/#website\",\"url\":\"https:\/\/www.wojoer.de\/\",\"name\":\"WOJOER\",\"description\":\"clubwear for men\",\"publisher\":{\"@id\":\"https:\/\/www.wojoer.de\/#organization\"},\"potentialAction\":[{\"@type\":\"SearchAction\",\"target\":{\"@type\":\"EntryPoint\",\"urlTemplate\":\"https:\/\/www.wojoer.de\/?s={search_term_string}\"},\"query-input\":{\"@type\":\"PropertyValueSpecification\",\"valueRequired\":true,\"valueName\":\"search_term_string\"}}],\"inLanguage\":\"en-GB\"},{\"@type\":\"Organization\",\"@id\":\"https:\/\/www.wojoer.de\/#organization\",\"name\":\"Wonneberger-Manufaktur\",\"url\":\"https:\/\/www.wojoer.de\/\",\"logo\":{\"@type\":\"ImageObject\",\"inLanguage\":\"en-GB\",\"@id\":\"https:\/\/www.wojoer.de\/#\/schema\/logo\/image\/\",\"url\":\"https:\/\/www.wojoer.de\/wp-content\/uploads\/2016\/11\/wonnebergermanufaktur_logo_BUTTON.png\",\"contentUrl\":\"https:\/\/www.wojoer.de\/wp-content\/uploads\/2016\/11\/wonnebergermanufaktur_logo_BUTTON.png\",\"width\":765,\"height\":765,\"caption\":\"Wonneberger-Manufaktur\"},\"image\":{\"@id\":\"https:\/\/www.wojoer.de\/#\/schema\/logo\/image\/\"},\"sameAs\":[\"https:\/\/www.facebook.com\/wojoer\/\",\"https:\/\/de.pinterest.com\/W0J0ER\/\"]}]}<\/script>\n<!-- \/ Yoast SEO plugin. -->","yoast_head_json":{"title":"Venyl Meggings | mattes Leatherlike mit Jeans Struktur | WOJOER","description":"Venyl Meggings aus einem wunderbar matt hochwertigen Glanzleder. Hochwertig verarbeitet, made in Germany. Jetzt versandkostenfrei innerhalb Deutschlands bestellen.","robots":{"index":"index","follow":"follow","max-snippet":"max-snippet:-1","max-image-preview":"max-image-preview:large","max-video-preview":"max-video-preview:-1"},"canonical":"https:\/\/www.wojoer.de\/en\/produkt\/lack-4-pocket-leggings\/","twitter_card":"summary_large_image","twitter_title":"[:de]Venyl Meggings | mattes Leatherlike mit Jeans Struktur | WOJOER[:]","twitter_description":"[:de]Venyl Meggings aus einem wunderbar matt hochwertigen Glanzleder. Hochwertig verarbeitet, made in Germany. Jetzt versandkostenfrei innerhalb Deutschlands bestellen.[:]","twitter_image":"https:\/\/www.wojoer.de\/wp-content\/uploads\/2025\/01\/0101-H061-0D-00-06-1.jpg","twitter_misc":{"Estimated reading time":"2 minutes"},"schema":{"@context":"https:\/\/schema.org","@graph":[{"@type":"WebPage","@id":"https:\/\/www.wojoer.de\/en\/produkt\/lack-4-pocket-leggings\/","url":"https:\/\/www.wojoer.de\/en\/produkt\/lack-4-pocket-leggings\/","name":"Venyl Meggings | mattes Leatherlike mit Jeans Struktur | WOJOER","isPartOf":{"@id":"https:\/\/www.wojoer.de\/#website"},"primaryImageOfPage":{"@id":"https:\/\/www.wojoer.de\/en\/produkt\/lack-4-pocket-leggings\/#primaryimage"},"image":{"@id":"https:\/\/www.wojoer.de\/en\/produkt\/lack-4-pocket-leggings\/#primaryimage"},"thumbnailUrl":"https:\/\/www.wojoer.de\/wp-content\/uploads\/2025\/01\/0101-H061-0D-00-06-1.jpg","datePublished":"2025-09-24T08:46:07+00:00","dateModified":"2025-10-22T10:53:27+00:00","description":"Venyl Meggings aus einem wunderbar matt hochwertigen Glanzleder. Hochwertig verarbeitet, made in Germany. Jetzt versandkostenfrei innerhalb Deutschlands bestellen.","breadcrumb":{"@id":"https:\/\/www.wojoer.de\/en\/produkt\/lack-4-pocket-leggings\/#breadcrumb"},"inLanguage":"en-GB","potentialAction":[{"@type":"ReadAction","target":["https:\/\/www.wojoer.de\/en\/produkt\/lack-4-pocket-leggings\/"]}]},{"@type":"ImageObject","inLanguage":"en-GB","@id":"https:\/\/www.wojoer.de\/en\/produkt\/lack-4-pocket-leggings\/#primaryimage","url":"https:\/\/www.wojoer.de\/wp-content\/uploads\/2025\/01\/0101-H061-0D-00-06-1.jpg","contentUrl":"https:\/\/www.wojoer.de\/wp-content\/uploads\/2025\/01\/0101-H061-0D-00-06-1.jpg","width":2002,"height":2002},{"@type":"BreadcrumbList","@id":"https:\/\/www.wojoer.de\/en\/produkt\/lack-4-pocket-leggings\/#breadcrumb","itemListElement":[{"@type":"ListItem","position":1,"name":"Startseite","item":"https:\/\/www.wojoer.de\/"},{"@type":"ListItem","position":2,"name":"SHOP","item":"https:\/\/www.wojoer.de\/shop\/"},{"@type":"ListItem","position":3,"name":"Patent Leather 4-Pocket Leggings"}]},{"@type":"WebSite","@id":"https:\/\/www.wojoer.de\/#website","url":"https:\/\/www.wojoer.de\/","name":"WOJOER","description":"clubwear for men","publisher":{"@id":"https:\/\/www.wojoer.de\/#organization"},"potentialAction":[{"@type":"SearchAction","target":{"@type":"EntryPoint","urlTemplate":"https:\/\/www.wojoer.de\/?s={search_term_string}"},"query-input":{"@type":"PropertyValueSpecification","valueRequired":true,"valueName":"search_term_string"}}],"inLanguage":"en-GB"},{"@type":"Organization","@id":"https:\/\/www.wojoer.de\/#organization","name":"Wonneberger-Manufaktur","url":"https:\/\/www.wojoer.de\/","logo":{"@type":"ImageObject","inLanguage":"en-GB","@id":"https:\/\/www.wojoer.de\/#\/schema\/logo\/image\/","url":"https:\/\/www.wojoer.de\/wp-content\/uploads\/2016\/11\/wonnebergermanufaktur_logo_BUTTON.png","contentUrl":"https:\/\/www.wojoer.de\/wp-content\/uploads\/2016\/11\/wonnebergermanufaktur_logo_BUTTON.png","width":765,"height":765,"caption":"Wonneberger-Manufaktur"},"image":{"@id":"https:\/\/www.wojoer.de\/#\/schema\/logo\/image\/"},"sameAs":["https:\/\/www.facebook.com\/wojoer\/","https:\/\/de.pinterest.com\/W0J0ER\/"]}]}},"_links":{"self":[{"href":"https:\/\/www.wojoer.de\/en\/wp-json\/wp\/v2\/product\/46827","targetHints":{"allow":["GET"]}}],"collection":[{"href":"https:\/\/www.wojoer.de\/en\/wp-json\/wp\/v2\/product"}],"about":[{"href":"https:\/\/www.wojoer.de\/en\/wp-json\/wp\/v2\/types\/product"}],"replies":[{"embeddable":true,"href":"https:\/\/www.wojoer.de\/en\/wp-json\/wp\/v2\/comments?post=46827"}],"wp:featuredmedia":[{"embeddable":true,"href":"https:\/\/www.wojoer.de\/en\/wp-json\/wp\/v2\/media\/46835"}],"wp:attachment":[{"href":"https:\/\/www.wojoer.de\/en\/wp-json\/wp\/v2\/media?parent=46827"}],"wp:term":[{"taxonomy":"product_brand","embeddable":true,"href":"https:\/\/www.wojoer.de\/en\/wp-json\/wp\/v2\/product_brand?post=46827"},{"taxonomy":"product_cat","embeddable":true,"href":"https:\/\/www.wojoer.de\/en\/wp-json\/wp\/v2\/product_cat?post=46827"},{"taxonomy":"product_tag","embeddable":true,"href":"https:\/\/www.wojoer.de\/en\/wp-json\/wp\/v2\/product_tag?post=46827"}],"curies":[{"name":"wp","href":"https:\/\/api.w.org\/{rel}","templated":true}]}}