{"id":4783,"date":"2021-06-26T00:00:17","date_gmt":"2021-06-25T22:00:17","guid":{"rendered":"http:\/\/www.wojoer.de\/produkt\/beun-stripe-bade-shirt-royalblau\/"},"modified":"2024-08-08T12:28:48","modified_gmt":"2024-08-08T10:28:48","slug":"beun-stripe-bade-shirt-royalblau","status":"publish","type":"product","link":"https:\/\/www.wojoer.de\/en\/produkt\/beun-stripe-bade-shirt-royalblau\/","title":{"rendered":"BEUN STRIPE Shirt Royalblau 322TXX"},"content":{"rendered":"<p>Immer vorr\u00e4tig, denn der BEUN STRIPE Bade Shirt 322TXX ist Never-Out-of-Stock und geh\u00f6rt damit zu den Wojoer NOS-Produkten.<\/p>\n<h3>Gr\u00f6\u00dfen<\/h3>\n<p>Erh\u00e4ltlich in den Gr\u00f6\u00dfen S, M, L, XL<\/p>\n<h3>Materialzusammensetzung<\/h3>\n<p>BEUN: 82% Polyamid, 18% Elasthan<\/p>\n<h3>Besonderheiten<\/h3>\n<p><a href=\"http:\/\/www.wojoer.de\/?s=nos&#038;post_type=product\">NOS Produkt<\/a> | badetauglich | seidenmatte Oberfl\u00e4chenoptik | leicht transparent | luftig | schnell trocknend | dehnbar | hautenge, bequeme Passform | charakteristische Kontrastb\u00e4nder | hochwertige Verarbeitung &#8220;Made in Germany&#8221;<\/p>\n<h3>Benutzerhinweise<\/h3>\n<p>30\u00b0 Schonw\u00e4sche | auf niedriger Stufe b\u00fcgeln<\/p>\n<h3>BEUN STRIPE- BEACH &#038; UNDERWEAR Bade Shirt<\/h3>\n<p>M\u00e4nnlich k\u00fchl und doch so hei\u00df. Dieses BEUN STRIPE Shirt macht an. Nicht zuletzt durch seine reizvoll schwarzen B\u00e4nder, die den K\u00f6rper wie sanfte Fesseln umschlie\u00dfen. Im B\u00fcro unterm Jackett, beim Joggen im Park und beim Tanzen im Club. Egal zu welchem Anlass, Royalblau passt immer. Sogar beim Surfen ist dieses Teil der perfekte Begleiter, denn es ist nicht nur leicht, samtig weich, sportlich geschnitten und atmungsaktiv, es ist auch salz- und chlorwasserbest\u00e4ndig.<\/p>\n<p>&nbsp;<\/p>\n<p>&nbsp;<\/p>\n","protected":false},"excerpt":{"rendered":"<p>Immer vorr\u00e4tig, denn der BEUN STRIPE Bade Shirt 0322-T001 ist Never-Out-of-Stock und geh\u00f6rt damit zu den Wojoer NOS-Produkten.<br \/>\nGr\u00f6\u00dfen<br \/>\nErh\u00e4ltlich in den Gr\u00f6\u00dfen S, M, L, XL<br \/>\nMaterialzusammensetzung<br \/>\nBEUN: 82% Polyamid, 18% Elasthan<br \/>\nBesonderheiten<br \/>\nNOS Produkt | badetauglich | seidenmatte Oberfl\u00e4chenoptik | leicht transparent | luftig\u2026<\/p>\n","protected":false},"featured_media":4766,"comment_status":"open","ping_status":"closed","template":"","meta":[],"product_brand":[],"product_cat":[714,115,106,169,473,121,326],"product_tag":[108,268,856,387,192],"class_list":{"0":"post-4783","1":"product","2":"type-product","3":"status-publish","4":"has-post-thumbnail","6":"product_cat-322-beun-stripe","7":"product_cat-beachwear","8":"product_cat-beun","9":"product_cat-nos-never-out-of-stock","10":"product_cat-men","11":"product_cat-underwear","12":"product_cat-wojoer","13":"product_tag-1beachwear","14":"product_tag-farbcode","15":"product_tag-shirt","16":"product_tag-transparent","17":"product_tag-unterwaesche","18":"product_shipping_class-beun","19":"pa_groesse-l","20":"pa_groesse-m","21":"pa_groesse-s","22":"pa_groesse-xl","23":"pif-has-gallery","24":"post-1","25":"odd","27":"first","28":"instock","29":"featured","30":"taxable","31":"shipping-taxable","32":"purchasable","33":"product-type-variable","34":"has-default-attributes"},"yoast_head":"<!-- This site is optimized with the Yoast SEO plugin v27.2 - https:\/\/yoast.com\/product\/yoast-seo-wordpress\/ -->\n<title>Bade Shirt Beach &amp; Underwear hauch d\u00fcnn &amp; bequem<\/title>\n<meta name=\"description\" content=\"Der hauchd\u00fcnne, leicht transparente, matte Bade Shirt liegt seidig weich auf der Haut &amp; ist schnell trocknend. erh\u00e4ltlich in 9 phantastischen Farben.\" \/>\n<meta name=\"robots\" content=\"index, follow, max-snippet:-1, max-image-preview:large, max-video-preview:-1\" \/>\n<link rel=\"canonical\" href=\"https:\/\/www.wojoer.de\/en\/produkt\/beun-stripe-bade-shirt-royalblau\/\" \/>\n<meta name=\"twitter:card\" content=\"summary_large_image\" \/>\n<meta name=\"twitter:title\" content=\"Bade Shirt Beach &amp; Underwear hauch d\u00fcnn &amp; bequem\" \/>\n<meta name=\"twitter:description\" content=\"Der hauchd\u00fcnne, leicht transparente, matte Bade Shirt liegt seidig weich auf der Haut &amp; ist schnell trocknend. erh\u00e4ltlich in 9 phantastischen Farben.\" \/>\n<meta name=\"twitter:image\" content=\"https:\/\/www.wojoer.de\/wp-content\/uploads\/2017\/04\/322TXX_stripe_shirt_royalblau_side_wojoer.jpg\" \/>\n<meta name=\"twitter:label1\" content=\"Estimated reading time\" \/>\n\t<meta name=\"twitter:data1\" content=\"1 minute\" \/>\n<script type=\"application\/ld+json\" class=\"yoast-schema-graph\">{\"@context\":\"https:\/\/schema.org\",\"@graph\":[{\"@type\":\"WebPage\",\"@id\":\"https:\/\/www.wojoer.de\/produkt\/beun-stripe-bade-shirt-royalblau\/\",\"url\":\"https:\/\/www.wojoer.de\/produkt\/beun-stripe-bade-shirt-royalblau\/\",\"name\":\"Bade Shirt Beach & Underwear hauch d\u00fcnn & bequem\",\"isPartOf\":{\"@id\":\"https:\/\/www.wojoer.de\/#website\"},\"primaryImageOfPage\":{\"@id\":\"https:\/\/www.wojoer.de\/produkt\/beun-stripe-bade-shirt-royalblau\/#primaryimage\"},\"image\":{\"@id\":\"https:\/\/www.wojoer.de\/produkt\/beun-stripe-bade-shirt-royalblau\/#primaryimage\"},\"thumbnailUrl\":\"https:\/\/www.wojoer.de\/wp-content\/uploads\/2017\/04\/322TXX_stripe_shirt_royalblau_side_wojoer.jpg\",\"datePublished\":\"2021-06-25T22:00:17+00:00\",\"dateModified\":\"2024-08-08T10:28:48+00:00\",\"description\":\"Der hauchd\u00fcnne, leicht transparente, matte Bade Shirt liegt seidig weich auf der Haut & ist schnell trocknend. erh\u00e4ltlich in 9 phantastischen Farben.\",\"breadcrumb\":{\"@id\":\"https:\/\/www.wojoer.de\/produkt\/beun-stripe-bade-shirt-royalblau\/#breadcrumb\"},\"inLanguage\":\"en-GB\",\"potentialAction\":[{\"@type\":\"ReadAction\",\"target\":[\"https:\/\/www.wojoer.de\/produkt\/beun-stripe-bade-shirt-royalblau\/\"]}]},{\"@type\":\"ImageObject\",\"inLanguage\":\"en-GB\",\"@id\":\"https:\/\/www.wojoer.de\/produkt\/beun-stripe-bade-shirt-royalblau\/#primaryimage\",\"url\":\"https:\/\/www.wojoer.de\/wp-content\/uploads\/2017\/04\/322TXX_stripe_shirt_royalblau_side_wojoer.jpg\",\"contentUrl\":\"https:\/\/www.wojoer.de\/wp-content\/uploads\/2017\/04\/322TXX_stripe_shirt_royalblau_side_wojoer.jpg\",\"width\":2002,\"height\":2002,\"caption\":\"BEUN STRIPE SHIRT, bade shirt, Unterhemd, swim shirt, kontrast R\u00e4nder, schwarze B\u00f6rtchen, royalblau, blau, k\u00f6nigsblau\"},{\"@type\":\"BreadcrumbList\",\"@id\":\"https:\/\/www.wojoer.de\/produkt\/beun-stripe-bade-shirt-royalblau\/#breadcrumb\",\"itemListElement\":[{\"@type\":\"ListItem\",\"position\":1,\"name\":\"Startseite\",\"item\":\"https:\/\/www.wojoer.de\/\"},{\"@type\":\"ListItem\",\"position\":2,\"name\":\"SHOP\",\"item\":\"https:\/\/www.wojoer.de\/shop\/\"},{\"@type\":\"ListItem\",\"position\":3,\"name\":\"BEUN STRIPE Shirt Royalblau\"}]},{\"@type\":\"WebSite\",\"@id\":\"https:\/\/www.wojoer.de\/#website\",\"url\":\"https:\/\/www.wojoer.de\/\",\"name\":\"WOJOER\",\"description\":\"clubwear for men\",\"publisher\":{\"@id\":\"https:\/\/www.wojoer.de\/#organization\"},\"potentialAction\":[{\"@type\":\"SearchAction\",\"target\":{\"@type\":\"EntryPoint\",\"urlTemplate\":\"https:\/\/www.wojoer.de\/?s={search_term_string}\"},\"query-input\":{\"@type\":\"PropertyValueSpecification\",\"valueRequired\":true,\"valueName\":\"search_term_string\"}}],\"inLanguage\":\"en-GB\"},{\"@type\":\"Organization\",\"@id\":\"https:\/\/www.wojoer.de\/#organization\",\"name\":\"Wonneberger-Manufaktur\",\"url\":\"https:\/\/www.wojoer.de\/\",\"logo\":{\"@type\":\"ImageObject\",\"inLanguage\":\"en-GB\",\"@id\":\"https:\/\/www.wojoer.de\/#\/schema\/logo\/image\/\",\"url\":\"https:\/\/www.wojoer.de\/wp-content\/uploads\/2016\/11\/wonnebergermanufaktur_logo_BUTTON.png\",\"contentUrl\":\"https:\/\/www.wojoer.de\/wp-content\/uploads\/2016\/11\/wonnebergermanufaktur_logo_BUTTON.png\",\"width\":765,\"height\":765,\"caption\":\"Wonneberger-Manufaktur\"},\"image\":{\"@id\":\"https:\/\/www.wojoer.de\/#\/schema\/logo\/image\/\"},\"sameAs\":[\"https:\/\/www.facebook.com\/wojoer\/\",\"https:\/\/de.pinterest.com\/W0J0ER\/\"]}]}<\/script>\n<!-- \/ Yoast SEO plugin. -->","yoast_head_json":{"title":"Bade Shirt Beach & Underwear hauch d\u00fcnn & bequem","description":"Der hauchd\u00fcnne, leicht transparente, matte Bade Shirt liegt seidig weich auf der Haut & ist schnell trocknend. erh\u00e4ltlich in 9 phantastischen Farben.","robots":{"index":"index","follow":"follow","max-snippet":"max-snippet:-1","max-image-preview":"max-image-preview:large","max-video-preview":"max-video-preview:-1"},"canonical":"https:\/\/www.wojoer.de\/en\/produkt\/beun-stripe-bade-shirt-royalblau\/","twitter_card":"summary_large_image","twitter_title":"Bade Shirt Beach & Underwear hauch d\u00fcnn & bequem","twitter_description":"Der hauchd\u00fcnne, leicht transparente, matte Bade Shirt liegt seidig weich auf der Haut & ist schnell trocknend. erh\u00e4ltlich in 9 phantastischen Farben.","twitter_image":"https:\/\/www.wojoer.de\/wp-content\/uploads\/2017\/04\/322TXX_stripe_shirt_royalblau_side_wojoer.jpg","twitter_misc":{"Estimated reading time":"1 minute"},"schema":{"@context":"https:\/\/schema.org","@graph":[{"@type":"WebPage","@id":"https:\/\/www.wojoer.de\/produkt\/beun-stripe-bade-shirt-royalblau\/","url":"https:\/\/www.wojoer.de\/produkt\/beun-stripe-bade-shirt-royalblau\/","name":"Bade Shirt Beach & Underwear hauch d\u00fcnn & bequem","isPartOf":{"@id":"https:\/\/www.wojoer.de\/#website"},"primaryImageOfPage":{"@id":"https:\/\/www.wojoer.de\/produkt\/beun-stripe-bade-shirt-royalblau\/#primaryimage"},"image":{"@id":"https:\/\/www.wojoer.de\/produkt\/beun-stripe-bade-shirt-royalblau\/#primaryimage"},"thumbnailUrl":"https:\/\/www.wojoer.de\/wp-content\/uploads\/2017\/04\/322TXX_stripe_shirt_royalblau_side_wojoer.jpg","datePublished":"2021-06-25T22:00:17+00:00","dateModified":"2024-08-08T10:28:48+00:00","description":"Der hauchd\u00fcnne, leicht transparente, matte Bade Shirt liegt seidig weich auf der Haut & ist schnell trocknend. erh\u00e4ltlich in 9 phantastischen Farben.","breadcrumb":{"@id":"https:\/\/www.wojoer.de\/produkt\/beun-stripe-bade-shirt-royalblau\/#breadcrumb"},"inLanguage":"en-GB","potentialAction":[{"@type":"ReadAction","target":["https:\/\/www.wojoer.de\/produkt\/beun-stripe-bade-shirt-royalblau\/"]}]},{"@type":"ImageObject","inLanguage":"en-GB","@id":"https:\/\/www.wojoer.de\/produkt\/beun-stripe-bade-shirt-royalblau\/#primaryimage","url":"https:\/\/www.wojoer.de\/wp-content\/uploads\/2017\/04\/322TXX_stripe_shirt_royalblau_side_wojoer.jpg","contentUrl":"https:\/\/www.wojoer.de\/wp-content\/uploads\/2017\/04\/322TXX_stripe_shirt_royalblau_side_wojoer.jpg","width":2002,"height":2002,"caption":"BEUN STRIPE SHIRT, bade shirt, Unterhemd, swim shirt, kontrast R\u00e4nder, schwarze B\u00f6rtchen, royalblau, blau, k\u00f6nigsblau"},{"@type":"BreadcrumbList","@id":"https:\/\/www.wojoer.de\/produkt\/beun-stripe-bade-shirt-royalblau\/#breadcrumb","itemListElement":[{"@type":"ListItem","position":1,"name":"Startseite","item":"https:\/\/www.wojoer.de\/"},{"@type":"ListItem","position":2,"name":"SHOP","item":"https:\/\/www.wojoer.de\/shop\/"},{"@type":"ListItem","position":3,"name":"BEUN STRIPE Shirt Royalblau"}]},{"@type":"WebSite","@id":"https:\/\/www.wojoer.de\/#website","url":"https:\/\/www.wojoer.de\/","name":"WOJOER","description":"clubwear for men","publisher":{"@id":"https:\/\/www.wojoer.de\/#organization"},"potentialAction":[{"@type":"SearchAction","target":{"@type":"EntryPoint","urlTemplate":"https:\/\/www.wojoer.de\/?s={search_term_string}"},"query-input":{"@type":"PropertyValueSpecification","valueRequired":true,"valueName":"search_term_string"}}],"inLanguage":"en-GB"},{"@type":"Organization","@id":"https:\/\/www.wojoer.de\/#organization","name":"Wonneberger-Manufaktur","url":"https:\/\/www.wojoer.de\/","logo":{"@type":"ImageObject","inLanguage":"en-GB","@id":"https:\/\/www.wojoer.de\/#\/schema\/logo\/image\/","url":"https:\/\/www.wojoer.de\/wp-content\/uploads\/2016\/11\/wonnebergermanufaktur_logo_BUTTON.png","contentUrl":"https:\/\/www.wojoer.de\/wp-content\/uploads\/2016\/11\/wonnebergermanufaktur_logo_BUTTON.png","width":765,"height":765,"caption":"Wonneberger-Manufaktur"},"image":{"@id":"https:\/\/www.wojoer.de\/#\/schema\/logo\/image\/"},"sameAs":["https:\/\/www.facebook.com\/wojoer\/","https:\/\/de.pinterest.com\/W0J0ER\/"]}]}},"_links":{"self":[{"href":"https:\/\/www.wojoer.de\/en\/wp-json\/wp\/v2\/product\/4783","targetHints":{"allow":["GET"]}}],"collection":[{"href":"https:\/\/www.wojoer.de\/en\/wp-json\/wp\/v2\/product"}],"about":[{"href":"https:\/\/www.wojoer.de\/en\/wp-json\/wp\/v2\/types\/product"}],"replies":[{"embeddable":true,"href":"https:\/\/www.wojoer.de\/en\/wp-json\/wp\/v2\/comments?post=4783"}],"wp:featuredmedia":[{"embeddable":true,"href":"https:\/\/www.wojoer.de\/en\/wp-json\/wp\/v2\/media\/4766"}],"wp:attachment":[{"href":"https:\/\/www.wojoer.de\/en\/wp-json\/wp\/v2\/media?parent=4783"}],"wp:term":[{"taxonomy":"product_brand","embeddable":true,"href":"https:\/\/www.wojoer.de\/en\/wp-json\/wp\/v2\/product_brand?post=4783"},{"taxonomy":"product_cat","embeddable":true,"href":"https:\/\/www.wojoer.de\/en\/wp-json\/wp\/v2\/product_cat?post=4783"},{"taxonomy":"product_tag","embeddable":true,"href":"https:\/\/www.wojoer.de\/en\/wp-json\/wp\/v2\/product_tag?post=4783"}],"curies":[{"name":"wp","href":"https:\/\/api.w.org\/{rel}","templated":true}]}}