{"id":4788,"date":"2017-05-25T00:00:06","date_gmt":"2017-05-24T22:00:06","guid":{"rendered":"http:\/\/www.wojoer.de\/produkt\/beun-stripe-bade-shirt-schwarz-neongelb\/"},"modified":"2024-08-08T12:27:37","modified_gmt":"2024-08-08T10:27:37","slug":"beun-stripe-bade-shirt-schwarz-neongelb","status":"publish","type":"product","link":"https:\/\/www.wojoer.de\/en\/produkt\/beun-stripe-bade-shirt-schwarz-neongelb\/","title":{"rendered":"BEUN STRIPE Shirt schwarz  322TXX"},"content":{"rendered":"<p>Immer vorr\u00e4tig, denn der BEUN STRIPE Bade Shirt 322TXX ist Never-Out-of-Stock und geh\u00f6rt damit zu den Wojoer NOS-Produkten.<\/p>\n<h3>Gr\u00f6\u00dfen<\/h3>\n<p>Erh\u00e4ltlich in den Gr\u00f6\u00dfen S, M, L, XL<\/p>\n<h3>Materialzusammensetzung<\/h3>\n<p>BEUN: 82% Polyamid, 18% Elasthan<\/p>\n<h3>Besonderheiten<\/h3>\n<p><a href=\"http:\/\/www.wojoer.de\/?s=nos&#038;post_type=product\">NOS Produkt<\/a> | badetauglich | seidenmatte Oberfl\u00e4chenoptik | leicht transparent | luftig | schnell trocknend | dehnbar | hautenge, bequeme Passform | charakteristische Kontrastb\u00e4nder | hochwertige Verarbeitung &#8220;Made in Germany&#8221;<\/p>\n<h3>Benutzerhinweise<\/h3>\n<p>30\u00b0 Schonw\u00e4sche | auf niedriger Stufe b\u00fcgeln<\/p>\n<h3>BEUN STRIPE- BEACH &#038; UNDERWEAR Bade Shirt<\/h3>\n<p>What&#8230; do I look like an ordinary shirt? Leicht, transparent, samtig weich, matt und f\u00fcr einen Sprung ins k\u00fchle Meer gemacht. Das Crema BEUN STRIPE Shirt h\u00e4lt Salz- und Chlorwasser stand, trocknet schnell und macht mit seinen 9 knackigen Farben unbedingt Lust auf Sommer! Vor allem aber das tiefe Schwarz mit dem explosiven Neon Gelb sorgt f\u00fcr ungeteilte Aufmerksamkeit.<\/p>\n<p>&nbsp;<\/p>\n<p>&nbsp;<\/p>\n","protected":false},"excerpt":{"rendered":"<p>Immer vorr\u00e4tig, denn der BEUN STRIPE Bade Shirt 0322-T001 ist Never-Out-of-Stock und geh\u00f6rt damit zu den Wojoer NOS-Produkten.<br \/>\nGr\u00f6\u00dfen<br \/>\nErh\u00e4ltlich in den Gr\u00f6\u00dfen S, M, L, XL<br \/>\nMaterialzusammensetzung<br \/>\nBEUN: 82% Polyamid, 18% Elasthan<br \/>\nBesonderheiten<br \/>\nNOS Produkt | badetauglich | seidenmatte Oberfl\u00e4chenoptik | leicht transparent | luftig\u2026<\/p>\n","protected":false},"featured_media":4767,"comment_status":"open","ping_status":"closed","template":"","meta":[],"product_brand":[],"product_cat":[714,115,106,169,473,121,326],"product_tag":[108,268,856,387,192],"class_list":{"0":"post-4788","1":"product","2":"type-product","3":"status-publish","4":"has-post-thumbnail","6":"product_cat-322-beun-stripe","7":"product_cat-beachwear","8":"product_cat-beun","9":"product_cat-nos-never-out-of-stock","10":"product_cat-men","11":"product_cat-underwear","12":"product_cat-wojoer","13":"product_tag-1beachwear","14":"product_tag-farbcode","15":"product_tag-shirt","16":"product_tag-transparent","17":"product_tag-unterwaesche","18":"product_shipping_class-beun","19":"pa_groesse-l","20":"pa_groesse-m","21":"pa_groesse-s","22":"pa_groesse-xl","23":"pif-has-gallery","24":"post-1","25":"odd","27":"first","28":"instock","29":"taxable","30":"shipping-taxable","31":"purchasable","32":"product-type-variable","33":"has-default-attributes"},"yoast_head":"<!-- This site is optimized with the Yoast SEO plugin v27.2 - https:\/\/yoast.com\/product\/yoast-seo-wordpress\/ -->\n<title>Bade Shirt Beach &amp; Underwear hauch d\u00fcnn &amp; bequem<\/title>\n<meta name=\"description\" content=\"Der hauchd\u00fcnne, leicht transparente, matte Bade Shirt liegt seidig weich auf der Haut &amp; ist schnell trocknend. erh\u00e4ltlich in 9 phantastischen Farben.\" \/>\n<meta name=\"robots\" content=\"index, follow, max-snippet:-1, max-image-preview:large, max-video-preview:-1\" \/>\n<link rel=\"canonical\" href=\"https:\/\/www.wojoer.de\/en\/produkt\/beun-stripe-bade-shirt-schwarz-neongelb\/\" \/>\n<meta name=\"twitter:card\" content=\"summary_large_image\" \/>\n<meta name=\"twitter:title\" content=\"Bade Shirt Beach &amp; Underwear hauch d\u00fcnn &amp; bequem\" \/>\n<meta name=\"twitter:description\" content=\"Der hauchd\u00fcnne, leicht transparente, matte Bade Shirt liegt seidig weich auf der Haut &amp; ist schnell trocknend. erh\u00e4ltlich in 9 phantastischen Farben.\" \/>\n<meta name=\"twitter:image\" content=\"https:\/\/www.wojoer.de\/wp-content\/uploads\/2017\/04\/322TXX_stripe_shirt_schwarz_side_wojoer.jpg\" \/>\n<meta name=\"twitter:label1\" content=\"Estimated reading time\" \/>\n\t<meta name=\"twitter:data1\" content=\"1 minute\" \/>\n<script type=\"application\/ld+json\" class=\"yoast-schema-graph\">{\"@context\":\"https:\/\/schema.org\",\"@graph\":[{\"@type\":\"WebPage\",\"@id\":\"https:\/\/www.wojoer.de\/produkt\/beun-stripe-bade-shirt-schwarz-neongelb\/\",\"url\":\"https:\/\/www.wojoer.de\/produkt\/beun-stripe-bade-shirt-schwarz-neongelb\/\",\"name\":\"Bade Shirt Beach & Underwear hauch d\u00fcnn & bequem\",\"isPartOf\":{\"@id\":\"https:\/\/www.wojoer.de\/#website\"},\"primaryImageOfPage\":{\"@id\":\"https:\/\/www.wojoer.de\/produkt\/beun-stripe-bade-shirt-schwarz-neongelb\/#primaryimage\"},\"image\":{\"@id\":\"https:\/\/www.wojoer.de\/produkt\/beun-stripe-bade-shirt-schwarz-neongelb\/#primaryimage\"},\"thumbnailUrl\":\"https:\/\/www.wojoer.de\/wp-content\/uploads\/2017\/04\/322TXX_stripe_shirt_schwarz_side_wojoer.jpg\",\"datePublished\":\"2017-05-24T22:00:06+00:00\",\"dateModified\":\"2024-08-08T10:27:37+00:00\",\"description\":\"Der hauchd\u00fcnne, leicht transparente, matte Bade Shirt liegt seidig weich auf der Haut & ist schnell trocknend. erh\u00e4ltlich in 9 phantastischen Farben.\",\"breadcrumb\":{\"@id\":\"https:\/\/www.wojoer.de\/produkt\/beun-stripe-bade-shirt-schwarz-neongelb\/#breadcrumb\"},\"inLanguage\":\"en-GB\",\"potentialAction\":[{\"@type\":\"ReadAction\",\"target\":[\"https:\/\/www.wojoer.de\/produkt\/beun-stripe-bade-shirt-schwarz-neongelb\/\"]}]},{\"@type\":\"ImageObject\",\"inLanguage\":\"en-GB\",\"@id\":\"https:\/\/www.wojoer.de\/produkt\/beun-stripe-bade-shirt-schwarz-neongelb\/#primaryimage\",\"url\":\"https:\/\/www.wojoer.de\/wp-content\/uploads\/2017\/04\/322TXX_stripe_shirt_schwarz_side_wojoer.jpg\",\"contentUrl\":\"https:\/\/www.wojoer.de\/wp-content\/uploads\/2017\/04\/322TXX_stripe_shirt_schwarz_side_wojoer.jpg\",\"width\":2002,\"height\":2002,\"caption\":\"BEUN STRIPE SHIRT, bade shirt, Unterhemd, swim shirt, kontrast R\u00e4nder, schwarze B\u00f6rtchen, schwarz, neongelb, streifen\"},{\"@type\":\"BreadcrumbList\",\"@id\":\"https:\/\/www.wojoer.de\/produkt\/beun-stripe-bade-shirt-schwarz-neongelb\/#breadcrumb\",\"itemListElement\":[{\"@type\":\"ListItem\",\"position\":1,\"name\":\"Startseite\",\"item\":\"https:\/\/www.wojoer.de\/\"},{\"@type\":\"ListItem\",\"position\":2,\"name\":\"SHOP\",\"item\":\"https:\/\/www.wojoer.de\/shop\/\"},{\"@type\":\"ListItem\",\"position\":3,\"name\":\"BEUN STRIPE Shirt schwarz\"}]},{\"@type\":\"WebSite\",\"@id\":\"https:\/\/www.wojoer.de\/#website\",\"url\":\"https:\/\/www.wojoer.de\/\",\"name\":\"WOJOER\",\"description\":\"clubwear for men\",\"publisher\":{\"@id\":\"https:\/\/www.wojoer.de\/#organization\"},\"potentialAction\":[{\"@type\":\"SearchAction\",\"target\":{\"@type\":\"EntryPoint\",\"urlTemplate\":\"https:\/\/www.wojoer.de\/?s={search_term_string}\"},\"query-input\":{\"@type\":\"PropertyValueSpecification\",\"valueRequired\":true,\"valueName\":\"search_term_string\"}}],\"inLanguage\":\"en-GB\"},{\"@type\":\"Organization\",\"@id\":\"https:\/\/www.wojoer.de\/#organization\",\"name\":\"Wonneberger-Manufaktur\",\"url\":\"https:\/\/www.wojoer.de\/\",\"logo\":{\"@type\":\"ImageObject\",\"inLanguage\":\"en-GB\",\"@id\":\"https:\/\/www.wojoer.de\/#\/schema\/logo\/image\/\",\"url\":\"https:\/\/www.wojoer.de\/wp-content\/uploads\/2016\/11\/wonnebergermanufaktur_logo_BUTTON.png\",\"contentUrl\":\"https:\/\/www.wojoer.de\/wp-content\/uploads\/2016\/11\/wonnebergermanufaktur_logo_BUTTON.png\",\"width\":765,\"height\":765,\"caption\":\"Wonneberger-Manufaktur\"},\"image\":{\"@id\":\"https:\/\/www.wojoer.de\/#\/schema\/logo\/image\/\"},\"sameAs\":[\"https:\/\/www.facebook.com\/wojoer\/\",\"https:\/\/de.pinterest.com\/W0J0ER\/\"]}]}<\/script>\n<!-- \/ Yoast SEO plugin. -->","yoast_head_json":{"title":"Bade Shirt Beach & Underwear hauch d\u00fcnn & bequem","description":"Der hauchd\u00fcnne, leicht transparente, matte Bade Shirt liegt seidig weich auf der Haut & ist schnell trocknend. erh\u00e4ltlich in 9 phantastischen Farben.","robots":{"index":"index","follow":"follow","max-snippet":"max-snippet:-1","max-image-preview":"max-image-preview:large","max-video-preview":"max-video-preview:-1"},"canonical":"https:\/\/www.wojoer.de\/en\/produkt\/beun-stripe-bade-shirt-schwarz-neongelb\/","twitter_card":"summary_large_image","twitter_title":"Bade Shirt Beach & Underwear hauch d\u00fcnn & bequem","twitter_description":"Der hauchd\u00fcnne, leicht transparente, matte Bade Shirt liegt seidig weich auf der Haut & ist schnell trocknend. erh\u00e4ltlich in 9 phantastischen Farben.","twitter_image":"https:\/\/www.wojoer.de\/wp-content\/uploads\/2017\/04\/322TXX_stripe_shirt_schwarz_side_wojoer.jpg","twitter_misc":{"Estimated reading time":"1 minute"},"schema":{"@context":"https:\/\/schema.org","@graph":[{"@type":"WebPage","@id":"https:\/\/www.wojoer.de\/produkt\/beun-stripe-bade-shirt-schwarz-neongelb\/","url":"https:\/\/www.wojoer.de\/produkt\/beun-stripe-bade-shirt-schwarz-neongelb\/","name":"Bade Shirt Beach & Underwear hauch d\u00fcnn & bequem","isPartOf":{"@id":"https:\/\/www.wojoer.de\/#website"},"primaryImageOfPage":{"@id":"https:\/\/www.wojoer.de\/produkt\/beun-stripe-bade-shirt-schwarz-neongelb\/#primaryimage"},"image":{"@id":"https:\/\/www.wojoer.de\/produkt\/beun-stripe-bade-shirt-schwarz-neongelb\/#primaryimage"},"thumbnailUrl":"https:\/\/www.wojoer.de\/wp-content\/uploads\/2017\/04\/322TXX_stripe_shirt_schwarz_side_wojoer.jpg","datePublished":"2017-05-24T22:00:06+00:00","dateModified":"2024-08-08T10:27:37+00:00","description":"Der hauchd\u00fcnne, leicht transparente, matte Bade Shirt liegt seidig weich auf der Haut & ist schnell trocknend. erh\u00e4ltlich in 9 phantastischen Farben.","breadcrumb":{"@id":"https:\/\/www.wojoer.de\/produkt\/beun-stripe-bade-shirt-schwarz-neongelb\/#breadcrumb"},"inLanguage":"en-GB","potentialAction":[{"@type":"ReadAction","target":["https:\/\/www.wojoer.de\/produkt\/beun-stripe-bade-shirt-schwarz-neongelb\/"]}]},{"@type":"ImageObject","inLanguage":"en-GB","@id":"https:\/\/www.wojoer.de\/produkt\/beun-stripe-bade-shirt-schwarz-neongelb\/#primaryimage","url":"https:\/\/www.wojoer.de\/wp-content\/uploads\/2017\/04\/322TXX_stripe_shirt_schwarz_side_wojoer.jpg","contentUrl":"https:\/\/www.wojoer.de\/wp-content\/uploads\/2017\/04\/322TXX_stripe_shirt_schwarz_side_wojoer.jpg","width":2002,"height":2002,"caption":"BEUN STRIPE SHIRT, bade shirt, Unterhemd, swim shirt, kontrast R\u00e4nder, schwarze B\u00f6rtchen, schwarz, neongelb, streifen"},{"@type":"BreadcrumbList","@id":"https:\/\/www.wojoer.de\/produkt\/beun-stripe-bade-shirt-schwarz-neongelb\/#breadcrumb","itemListElement":[{"@type":"ListItem","position":1,"name":"Startseite","item":"https:\/\/www.wojoer.de\/"},{"@type":"ListItem","position":2,"name":"SHOP","item":"https:\/\/www.wojoer.de\/shop\/"},{"@type":"ListItem","position":3,"name":"BEUN STRIPE Shirt schwarz"}]},{"@type":"WebSite","@id":"https:\/\/www.wojoer.de\/#website","url":"https:\/\/www.wojoer.de\/","name":"WOJOER","description":"clubwear for men","publisher":{"@id":"https:\/\/www.wojoer.de\/#organization"},"potentialAction":[{"@type":"SearchAction","target":{"@type":"EntryPoint","urlTemplate":"https:\/\/www.wojoer.de\/?s={search_term_string}"},"query-input":{"@type":"PropertyValueSpecification","valueRequired":true,"valueName":"search_term_string"}}],"inLanguage":"en-GB"},{"@type":"Organization","@id":"https:\/\/www.wojoer.de\/#organization","name":"Wonneberger-Manufaktur","url":"https:\/\/www.wojoer.de\/","logo":{"@type":"ImageObject","inLanguage":"en-GB","@id":"https:\/\/www.wojoer.de\/#\/schema\/logo\/image\/","url":"https:\/\/www.wojoer.de\/wp-content\/uploads\/2016\/11\/wonnebergermanufaktur_logo_BUTTON.png","contentUrl":"https:\/\/www.wojoer.de\/wp-content\/uploads\/2016\/11\/wonnebergermanufaktur_logo_BUTTON.png","width":765,"height":765,"caption":"Wonneberger-Manufaktur"},"image":{"@id":"https:\/\/www.wojoer.de\/#\/schema\/logo\/image\/"},"sameAs":["https:\/\/www.facebook.com\/wojoer\/","https:\/\/de.pinterest.com\/W0J0ER\/"]}]}},"_links":{"self":[{"href":"https:\/\/www.wojoer.de\/en\/wp-json\/wp\/v2\/product\/4788","targetHints":{"allow":["GET"]}}],"collection":[{"href":"https:\/\/www.wojoer.de\/en\/wp-json\/wp\/v2\/product"}],"about":[{"href":"https:\/\/www.wojoer.de\/en\/wp-json\/wp\/v2\/types\/product"}],"replies":[{"embeddable":true,"href":"https:\/\/www.wojoer.de\/en\/wp-json\/wp\/v2\/comments?post=4788"}],"wp:featuredmedia":[{"embeddable":true,"href":"https:\/\/www.wojoer.de\/en\/wp-json\/wp\/v2\/media\/4767"}],"wp:attachment":[{"href":"https:\/\/www.wojoer.de\/en\/wp-json\/wp\/v2\/media?parent=4788"}],"wp:term":[{"taxonomy":"product_brand","embeddable":true,"href":"https:\/\/www.wojoer.de\/en\/wp-json\/wp\/v2\/product_brand?post=4788"},{"taxonomy":"product_cat","embeddable":true,"href":"https:\/\/www.wojoer.de\/en\/wp-json\/wp\/v2\/product_cat?post=4788"},{"taxonomy":"product_tag","embeddable":true,"href":"https:\/\/www.wojoer.de\/en\/wp-json\/wp\/v2\/product_tag?post=4788"}],"curies":[{"name":"wp","href":"https:\/\/api.w.org\/{rel}","templated":true}]}}