{"id":5155,"date":"2022-01-18T00:00:30","date_gmt":"2022-01-17T23:00:30","guid":{"rendered":"http:\/\/www.wojoer.de\/produkt\/beun-stripp-mini-pushup-tanga-candypink\/"},"modified":"2026-04-22T02:39:30","modified_gmt":"2026-04-22T00:39:30","slug":"beun-stripp-mini-push-tanga","status":"publish","type":"product","link":"https:\/\/www.wojoer.de\/en\/produkt\/beun-stripp-mini-push-tanga\/","title":{"rendered":"BEUN STRIPP Mini Push Tanga"},"content":{"rendered":"<p>Immer vorr\u00e4tig, denn der BEUN STRIPP Mini Push Tanga 0321B018 ist Never-Out-of-Stock und geh\u00f6rt damit zu den Wojoer NOS-Produkten.<\/p>\n<p>Erh\u00e4ltlich in den Farben <img loading=\"lazy\" decoding=\"async\" class=\"alignnone size-full wp-image-6164\" src=\"http:\/\/www.wojoer.de\/wp-content\/uploads\/2017\/05\/wei\u00df.jpg\" alt=\"__wei\u00df\" width=\"9\" height=\"9\" \/> Crema | <img loading=\"lazy\" decoding=\"async\" class=\"alignnone size-full wp-image-6163\" src=\"http:\/\/www.wojoer.de\/wp-content\/uploads\/2017\/05\/schwarz.jpg\" alt=\"__schwarz\" width=\"9\" height=\"9\" \/> Schwarz | <img loading=\"lazy\" decoding=\"async\" class=\"alignnone size-full wp-image-6156\" src=\"http:\/\/www.wojoer.de\/wp-content\/uploads\/2017\/05\/pink-1.jpg\" alt=\"pink\" width=\"9\" height=\"9\" \/> Candypink | <a href=\"https:\/\/www.wojoer.de\/wp-content\/uploads\/2018\/04\/vulcano.jpg\"><img loading=\"lazy\" decoding=\"async\" class=\"alignnone size-full wp-image-10040\" src=\"https:\/\/www.wojoer.de\/wp-content\/uploads\/2018\/04\/vulcano.jpg\" alt=\"\" width=\"9\" height=\"9\" \/><\/a> Vulcano | <img loading=\"lazy\" decoding=\"async\" class=\"alignnone size-full wp-image-6157\" src=\"http:\/\/www.wojoer.de\/wp-content\/uploads\/2017\/05\/blau.jpg\" alt=\"__blau\" width=\"9\" height=\"9\" \/> Royalblau | <img loading=\"lazy\" decoding=\"async\" class=\"alignnone size-full wp-image-6158\" src=\"http:\/\/www.wojoer.de\/wp-content\/uploads\/2017\/05\/eisblau.jpg\" alt=\"__eisblau\" width=\"9\" height=\"9\" \/> Eisblau |<\/p>\n<p><a href=\"https:\/\/www.wojoer.de\/wp-content\/uploads\/2018\/04\/neoncoral.jpg\"><img loading=\"lazy\" decoding=\"async\" class=\"alignnone size-full wp-image-10034\" src=\"https:\/\/www.wojoer.de\/wp-content\/uploads\/2018\/04\/neoncoral.jpg\" alt=\"\" width=\"9\" height=\"9\" \/><\/a> Neoncoral | <a href=\"https:\/\/www.wojoer.de\/wp-content\/uploads\/2018\/04\/neongelb.jpg\"><img loading=\"lazy\" decoding=\"async\" class=\"alignnone size-full wp-image-10035\" src=\"https:\/\/www.wojoer.de\/wp-content\/uploads\/2018\/04\/neongelb.jpg\" alt=\"\" width=\"9\" height=\"9\" \/><\/a> Neongelb | <a href=\"https:\/\/www.wojoer.de\/wp-content\/uploads\/2018\/04\/nude.jpg\"><img loading=\"lazy\" decoding=\"async\" class=\"alignnone size-full wp-image-10036\" src=\"https:\/\/www.wojoer.de\/wp-content\/uploads\/2018\/04\/nude.jpg\" alt=\"\" width=\"9\" height=\"9\" \/><\/a> Nude<\/p>\n<h3>Gr\u00f6\u00dfen<\/h3>\n<p>Erh\u00e4ltlich in den Gr\u00f6\u00dfen S, M, L, XL<\/p>\n<h3>Materialzusammensetzung<\/h3>\n<p>BEUN: 82% Polyamid, 18% Elasthan<\/p>\n<h3>Besonderheiten<\/h3>\n<p><a href=\"http:\/\/www.wojoer.de\/?s=nos&#038;post_type=product\">NOS Produkt<\/a> | badetauglich | feste Mini Sport Klickverschl\u00fcsse | seidenmatte Oberfl\u00e4chenoptik | leicht transparent | luftig | schnell trocknend | dehnbar | hautenge, bequeme Passform | Pushuppassform im Schritt | hochwertige Verarbeitung &#8220;Made in Germany&#8221;<\/p>\n<h3>Benutzerhinweise<\/h3>\n<p>30\u00b0 Schonw\u00e4sche | auf niedriger Stufe b\u00fcgeln<\/p>\n<h3>BEUN STRIPP Mini Pushup Tanga &#8211; BEACH &#038; UNDERWEAR<\/h3>\n<p>Verspielte Energie. Dieser knappe BEUN STRIPP Mini Pushup Tanga in verschiedenen Farben ist mit seinen zwei sportlichen Klickverschl\u00fcssen so sexy wie nie. Denn mit einem Klick ist die Katze aus dem Sack. Dazu kommt das besonders feine, seidig matte und leicht transparente Beach- und Underwear Material. Damit ist man immer zum Sprung ins k\u00fchle Nass bereit, weil ihm Salz- und Chlorwasser nichts anhaben k\u00f6nnen. Und erst das Tragegef\u00fchl. Mhh, der angenehme, aber maximale Push hebelt die Schwerkraft vollkommen aus und l\u00e4sst deine M\u00e4nnlichkeit bei jedem Schritt leicht hin und her wiegen. Daher ist der \u00fcberaus knappe Tanga genau das Richtige f\u00fcr M\u00e4nner, die gern zeigen was sie haben.<\/p>\n","protected":false},"excerpt":{"rendered":"<p>Immer vorr\u00e4tig, denn der BEUN STRIPP Mini Push Tanga 0321B018 ist Never-Out-of-Stock und geh\u00f6rt damit zu den Wojoer NOS-Produkten.<\/p>\n<p>Erh\u00e4ltlich in den Farben  Crema |  Schwarz |  Candypink |  Vulcano |  Royalblau |  Eisblau |<\/p>\n<p>\u2026<\/p>\n","protected":false},"featured_media":35405,"comment_status":"open","ping_status":"closed","template":"","meta":[],"product_brand":[],"product_cat":[110,106,169,473,121,326],"product_tag":[108,170,215,250,224,184,119,167,387,192],"class_list":{"0":"post-5155","1":"product","2":"type-product","3":"status-publish","4":"has-post-thumbnail","6":"product_cat-321-beun-stripp-clicks","7":"product_cat-beun","8":"product_cat-nos-never-out-of-stock","9":"product_cat-men","10":"product_cat-underwear","11":"product_cat-wojoer","12":"product_tag-1beachwear","13":"product_tag-brasil-slip","14":"product_tag-bulge-tanga-mini-pushup-tanga-g-tanga","15":"product_tag-funktion","16":"product_tag-klick","17":"product_tag-push-up","18":"product_tag-string","19":"product_tag-tanga","20":"product_tag-transparent","21":"product_tag-unterwaesche","22":"product_shipping_class-beun","23":"pa_farbe-eisblau","24":"pa_farbe-royalblau","25":"pa_farbe-candypink","26":"pa_farbe-crema","27":"pa_farbe-neoncoral","28":"pa_farbe-neongelb","29":"pa_farbe-nude","30":"pa_farbe-vulcano","31":"pa_farbe-schwarz","32":"pa_groesse-l","33":"pa_groesse-m","34":"pa_groesse-s","35":"pa_groesse-xl","36":"pif-has-gallery","37":"post-1","38":"odd","40":"first","41":"instock","42":"featured","43":"taxable","44":"shipping-taxable","45":"purchasable","46":"product-type-variable","47":"has-default-attributes"},"yoast_head":"<!-- This site is optimized with the Yoast SEO plugin v27.2 - https:\/\/yoast.com\/product\/yoast-seo-wordpress\/ -->\n<title>Push Tanga Mini STRIPP | Klickverschl\u00fcsse | Beach &amp; Underwear<\/title>\n<meta name=\"description\" content=\"Der hauchd\u00fcnne, leicht transparente, matte STRIPP Mini Push Tanga, sportliche Klickverschl\u00fcsse, liegt seidig weich auf der Haut, ist schnell trocknend\" \/>\n<meta name=\"robots\" content=\"index, follow, max-snippet:-1, max-image-preview:large, max-video-preview:-1\" \/>\n<link rel=\"canonical\" href=\"https:\/\/www.wojoer.de\/en\/produkt\/beun-stripp-mini-push-tanga\/\" \/>\n<meta name=\"twitter:card\" content=\"summary_large_image\" \/>\n<meta name=\"twitter:title\" content=\"Push Tanga Mini STRIPP | Klickverschl\u00fcsse | Beach &amp; Underwear\" \/>\n<meta name=\"twitter:description\" content=\"Der hauchd\u00fcnne, leicht transparente, matte STRIPP Mini Push Tanga, sportliche Klickverschl\u00fcsse, liegt seidig weich auf der Haut, ist schnell trocknend\" \/>\n<meta name=\"twitter:image\" content=\"https:\/\/www.wojoer.de\/wp-content\/uploads\/2017\/03\/321B44_stripp_minitanga_candypink_side_wojoer_.jpg\" \/>\n<meta name=\"twitter:label1\" content=\"Estimated reading time\" \/>\n\t<meta name=\"twitter:data1\" content=\"4 minutes\" \/>\n<script type=\"application\/ld+json\" class=\"yoast-schema-graph\">{\"@context\":\"https:\/\/schema.org\",\"@graph\":[{\"@type\":\"WebPage\",\"@id\":\"https:\/\/www.wojoer.de\/produkt\/beun-stripp-mini-push-tanga\/\",\"url\":\"https:\/\/www.wojoer.de\/produkt\/beun-stripp-mini-push-tanga\/\",\"name\":\"Push Tanga Mini STRIPP | Klickverschl\u00fcsse | Beach & Underwear\",\"isPartOf\":{\"@id\":\"https:\/\/www.wojoer.de\/#website\"},\"primaryImageOfPage\":{\"@id\":\"https:\/\/www.wojoer.de\/produkt\/beun-stripp-mini-push-tanga\/#primaryimage\"},\"image\":{\"@id\":\"https:\/\/www.wojoer.de\/produkt\/beun-stripp-mini-push-tanga\/#primaryimage\"},\"thumbnailUrl\":\"https:\/\/www.wojoer.de\/wp-content\/uploads\/2017\/03\/321B44_stripp_minitanga_candypink_side_wojoer_.jpg\",\"datePublished\":\"2022-01-17T23:00:30+00:00\",\"dateModified\":\"2026-04-22T00:39:30+00:00\",\"description\":\"Der hauchd\u00fcnne, leicht transparente, matte STRIPP Mini Push Tanga, sportliche Klickverschl\u00fcsse, liegt seidig weich auf der Haut, ist schnell trocknend\",\"breadcrumb\":{\"@id\":\"https:\/\/www.wojoer.de\/produkt\/beun-stripp-mini-push-tanga\/#breadcrumb\"},\"inLanguage\":\"en-GB\",\"potentialAction\":[{\"@type\":\"ReadAction\",\"target\":[\"https:\/\/www.wojoer.de\/produkt\/beun-stripp-mini-push-tanga\/\"]}]},{\"@type\":\"ImageObject\",\"inLanguage\":\"en-GB\",\"@id\":\"https:\/\/www.wojoer.de\/produkt\/beun-stripp-mini-push-tanga\/#primaryimage\",\"url\":\"https:\/\/www.wojoer.de\/wp-content\/uploads\/2017\/03\/321B44_stripp_minitanga_candypink_side_wojoer_.jpg\",\"contentUrl\":\"https:\/\/www.wojoer.de\/wp-content\/uploads\/2017\/03\/321B44_stripp_minitanga_candypink_side_wojoer_.jpg\",\"width\":2002,\"height\":2002},{\"@type\":\"BreadcrumbList\",\"@id\":\"https:\/\/www.wojoer.de\/produkt\/beun-stripp-mini-push-tanga\/#breadcrumb\",\"itemListElement\":[{\"@type\":\"ListItem\",\"position\":1,\"name\":\"Startseite\",\"item\":\"https:\/\/www.wojoer.de\/\"},{\"@type\":\"ListItem\",\"position\":2,\"name\":\"SHOP\",\"item\":\"https:\/\/www.wojoer.de\/shop\/\"},{\"@type\":\"ListItem\",\"position\":3,\"name\":\"BEUN STRIPP Mini Push Tanga\"}]},{\"@type\":\"WebSite\",\"@id\":\"https:\/\/www.wojoer.de\/#website\",\"url\":\"https:\/\/www.wojoer.de\/\",\"name\":\"WOJOER\",\"description\":\"clubwear for men\",\"publisher\":{\"@id\":\"https:\/\/www.wojoer.de\/#organization\"},\"potentialAction\":[{\"@type\":\"SearchAction\",\"target\":{\"@type\":\"EntryPoint\",\"urlTemplate\":\"https:\/\/www.wojoer.de\/?s={search_term_string}\"},\"query-input\":{\"@type\":\"PropertyValueSpecification\",\"valueRequired\":true,\"valueName\":\"search_term_string\"}}],\"inLanguage\":\"en-GB\"},{\"@type\":\"Organization\",\"@id\":\"https:\/\/www.wojoer.de\/#organization\",\"name\":\"Wonneberger-Manufaktur\",\"url\":\"https:\/\/www.wojoer.de\/\",\"logo\":{\"@type\":\"ImageObject\",\"inLanguage\":\"en-GB\",\"@id\":\"https:\/\/www.wojoer.de\/#\/schema\/logo\/image\/\",\"url\":\"https:\/\/www.wojoer.de\/wp-content\/uploads\/2016\/11\/wonnebergermanufaktur_logo_BUTTON.png\",\"contentUrl\":\"https:\/\/www.wojoer.de\/wp-content\/uploads\/2016\/11\/wonnebergermanufaktur_logo_BUTTON.png\",\"width\":765,\"height\":765,\"caption\":\"Wonneberger-Manufaktur\"},\"image\":{\"@id\":\"https:\/\/www.wojoer.de\/#\/schema\/logo\/image\/\"},\"sameAs\":[\"https:\/\/www.facebook.com\/wojoer\/\",\"https:\/\/de.pinterest.com\/W0J0ER\/\"]}]}<\/script>\n<!-- \/ Yoast SEO plugin. -->","yoast_head_json":{"title":"Push Tanga Mini STRIPP | Klickverschl\u00fcsse | Beach & Underwear","description":"Der hauchd\u00fcnne, leicht transparente, matte STRIPP Mini Push Tanga, sportliche Klickverschl\u00fcsse, liegt seidig weich auf der Haut, ist schnell trocknend","robots":{"index":"index","follow":"follow","max-snippet":"max-snippet:-1","max-image-preview":"max-image-preview:large","max-video-preview":"max-video-preview:-1"},"canonical":"https:\/\/www.wojoer.de\/en\/produkt\/beun-stripp-mini-push-tanga\/","twitter_card":"summary_large_image","twitter_title":"[:de]Push Tanga Mini STRIPP | Klickverschl\u00fcsse | Beach & Underwear[:]","twitter_description":"[:de]Der hauchd\u00fcnne, leicht transparente, matte STRIPP Mini Push Tanga, sportliche Klickverschl\u00fcsse, liegt seidig weich auf der Haut, ist schnell trocknend[:]","twitter_image":"https:\/\/www.wojoer.de\/wp-content\/uploads\/2017\/03\/321B44_stripp_minitanga_candypink_side_wojoer_.jpg","twitter_misc":{"Estimated reading time":"4 minutes"},"schema":{"@context":"https:\/\/schema.org","@graph":[{"@type":"WebPage","@id":"https:\/\/www.wojoer.de\/produkt\/beun-stripp-mini-push-tanga\/","url":"https:\/\/www.wojoer.de\/produkt\/beun-stripp-mini-push-tanga\/","name":"Push Tanga Mini STRIPP | Klickverschl\u00fcsse | Beach & Underwear","isPartOf":{"@id":"https:\/\/www.wojoer.de\/#website"},"primaryImageOfPage":{"@id":"https:\/\/www.wojoer.de\/produkt\/beun-stripp-mini-push-tanga\/#primaryimage"},"image":{"@id":"https:\/\/www.wojoer.de\/produkt\/beun-stripp-mini-push-tanga\/#primaryimage"},"thumbnailUrl":"https:\/\/www.wojoer.de\/wp-content\/uploads\/2017\/03\/321B44_stripp_minitanga_candypink_side_wojoer_.jpg","datePublished":"2022-01-17T23:00:30+00:00","dateModified":"2026-04-22T00:39:30+00:00","description":"Der hauchd\u00fcnne, leicht transparente, matte STRIPP Mini Push Tanga, sportliche Klickverschl\u00fcsse, liegt seidig weich auf der Haut, ist schnell trocknend","breadcrumb":{"@id":"https:\/\/www.wojoer.de\/produkt\/beun-stripp-mini-push-tanga\/#breadcrumb"},"inLanguage":"en-GB","potentialAction":[{"@type":"ReadAction","target":["https:\/\/www.wojoer.de\/produkt\/beun-stripp-mini-push-tanga\/"]}]},{"@type":"ImageObject","inLanguage":"en-GB","@id":"https:\/\/www.wojoer.de\/produkt\/beun-stripp-mini-push-tanga\/#primaryimage","url":"https:\/\/www.wojoer.de\/wp-content\/uploads\/2017\/03\/321B44_stripp_minitanga_candypink_side_wojoer_.jpg","contentUrl":"https:\/\/www.wojoer.de\/wp-content\/uploads\/2017\/03\/321B44_stripp_minitanga_candypink_side_wojoer_.jpg","width":2002,"height":2002},{"@type":"BreadcrumbList","@id":"https:\/\/www.wojoer.de\/produkt\/beun-stripp-mini-push-tanga\/#breadcrumb","itemListElement":[{"@type":"ListItem","position":1,"name":"Startseite","item":"https:\/\/www.wojoer.de\/"},{"@type":"ListItem","position":2,"name":"SHOP","item":"https:\/\/www.wojoer.de\/shop\/"},{"@type":"ListItem","position":3,"name":"BEUN STRIPP Mini Push Tanga"}]},{"@type":"WebSite","@id":"https:\/\/www.wojoer.de\/#website","url":"https:\/\/www.wojoer.de\/","name":"WOJOER","description":"clubwear for men","publisher":{"@id":"https:\/\/www.wojoer.de\/#organization"},"potentialAction":[{"@type":"SearchAction","target":{"@type":"EntryPoint","urlTemplate":"https:\/\/www.wojoer.de\/?s={search_term_string}"},"query-input":{"@type":"PropertyValueSpecification","valueRequired":true,"valueName":"search_term_string"}}],"inLanguage":"en-GB"},{"@type":"Organization","@id":"https:\/\/www.wojoer.de\/#organization","name":"Wonneberger-Manufaktur","url":"https:\/\/www.wojoer.de\/","logo":{"@type":"ImageObject","inLanguage":"en-GB","@id":"https:\/\/www.wojoer.de\/#\/schema\/logo\/image\/","url":"https:\/\/www.wojoer.de\/wp-content\/uploads\/2016\/11\/wonnebergermanufaktur_logo_BUTTON.png","contentUrl":"https:\/\/www.wojoer.de\/wp-content\/uploads\/2016\/11\/wonnebergermanufaktur_logo_BUTTON.png","width":765,"height":765,"caption":"Wonneberger-Manufaktur"},"image":{"@id":"https:\/\/www.wojoer.de\/#\/schema\/logo\/image\/"},"sameAs":["https:\/\/www.facebook.com\/wojoer\/","https:\/\/de.pinterest.com\/W0J0ER\/"]}]}},"_links":{"self":[{"href":"https:\/\/www.wojoer.de\/en\/wp-json\/wp\/v2\/product\/5155","targetHints":{"allow":["GET"]}}],"collection":[{"href":"https:\/\/www.wojoer.de\/en\/wp-json\/wp\/v2\/product"}],"about":[{"href":"https:\/\/www.wojoer.de\/en\/wp-json\/wp\/v2\/types\/product"}],"replies":[{"embeddable":true,"href":"https:\/\/www.wojoer.de\/en\/wp-json\/wp\/v2\/comments?post=5155"}],"wp:featuredmedia":[{"embeddable":true,"href":"https:\/\/www.wojoer.de\/en\/wp-json\/wp\/v2\/media\/35405"}],"wp:attachment":[{"href":"https:\/\/www.wojoer.de\/en\/wp-json\/wp\/v2\/media?parent=5155"}],"wp:term":[{"taxonomy":"product_brand","embeddable":true,"href":"https:\/\/www.wojoer.de\/en\/wp-json\/wp\/v2\/product_brand?post=5155"},{"taxonomy":"product_cat","embeddable":true,"href":"https:\/\/www.wojoer.de\/en\/wp-json\/wp\/v2\/product_cat?post=5155"},{"taxonomy":"product_tag","embeddable":true,"href":"https:\/\/www.wojoer.de\/en\/wp-json\/wp\/v2\/product_tag?post=5155"}],"curies":[{"name":"wp","href":"https:\/\/api.w.org\/{rel}","templated":true}]}}