{"id":5266,"date":"2025-04-11T00:00:45","date_gmt":"2025-04-10T22:00:45","guid":{"rendered":"http:\/\/www.wojoer.de\/produkt\/beun-stripp-hipster-shorts-candypink\/"},"modified":"2026-04-13T08:06:53","modified_gmt":"2026-04-13T06:06:53","slug":"beun-stripp-hipster-shorts","status":"publish","type":"product","link":"https:\/\/www.wojoer.de\/en\/produkt\/beun-stripp-hipster-shorts\/","title":{"rendered":"BEUN STRIPP Hipster 321H2"},"content":{"rendered":"<p>BEUN STRIPPER Shorts 321H2 ist eine Wojoer on stock action.<\/p>\n<p>Erh\u00e4ltlich in den Farben <img loading=\"lazy\" decoding=\"async\" class=\"alignnone size-full wp-image-6164\" src=\"http:\/\/www.wojoer.de\/wp-content\/uploads\/2017\/05\/wei\u00df.jpg\" alt=\"__wei\u00df\" width=\"9\" height=\"9\" \/> Crema | <img loading=\"lazy\" decoding=\"async\" class=\"alignnone size-full wp-image-6163\" src=\"http:\/\/www.wojoer.de\/wp-content\/uploads\/2017\/05\/schwarz.jpg\" alt=\"__schwarz\" width=\"9\" height=\"9\" \/> Schwarz | <img loading=\"lazy\" decoding=\"async\" class=\"alignnone size-full wp-image-6156\" src=\"http:\/\/www.wojoer.de\/wp-content\/uploads\/2017\/05\/pink-1.jpg\" alt=\"pink\" width=\"9\" height=\"9\" \/> Candypink | <a href=\"https:\/\/www.wojoer.de\/wp-content\/uploads\/2018\/04\/vulcano.jpg\"><img loading=\"lazy\" decoding=\"async\" class=\"alignnone size-full wp-image-10040\" src=\"https:\/\/www.wojoer.de\/wp-content\/uploads\/2018\/04\/vulcano.jpg\" alt=\"\" width=\"9\" height=\"9\" \/><\/a> Vulcano | <img loading=\"lazy\" decoding=\"async\" class=\"alignnone size-full wp-image-6157\" src=\"http:\/\/www.wojoer.de\/wp-content\/uploads\/2017\/05\/blau.jpg\" alt=\"__blau\" width=\"9\" height=\"9\" \/> Royalblau | <img loading=\"lazy\" decoding=\"async\" class=\"alignnone size-full wp-image-6158\" src=\"http:\/\/www.wojoer.de\/wp-content\/uploads\/2017\/05\/eisblau.jpg\" alt=\"__eisblau\" width=\"9\" height=\"9\" \/> Eisblau |<\/p>\n<p><a href=\"https:\/\/www.wojoer.de\/wp-content\/uploads\/2018\/04\/neoncoral.jpg\"><img loading=\"lazy\" decoding=\"async\" class=\"alignnone size-full wp-image-10034\" src=\"https:\/\/www.wojoer.de\/wp-content\/uploads\/2018\/04\/neoncoral.jpg\" alt=\"\" width=\"9\" height=\"9\" \/><\/a> Neoncoral | <a href=\"https:\/\/www.wojoer.de\/wp-content\/uploads\/2018\/04\/neongelb.jpg\"><img loading=\"lazy\" decoding=\"async\" class=\"alignnone size-full wp-image-10035\" src=\"https:\/\/www.wojoer.de\/wp-content\/uploads\/2018\/04\/neongelb.jpg\" alt=\"\" width=\"9\" height=\"9\" \/><\/a> Neongelb | <a href=\"https:\/\/www.wojoer.de\/wp-content\/uploads\/2018\/04\/nude.jpg\"><img loading=\"lazy\" decoding=\"async\" class=\"alignnone size-full wp-image-10036\" src=\"https:\/\/www.wojoer.de\/wp-content\/uploads\/2018\/04\/nude.jpg\" alt=\"\" width=\"9\" height=\"9\" \/><\/a> Nude<\/p>\n<h3>Gr\u00f6\u00dfen<\/h3>\n<p>Erh\u00e4ltlich in den Gr\u00f6\u00dfen S, M, L, XL<\/p>\n<h3>Materialzusammensetzung<\/h3>\n<p>BEUN: 82% Polyamid, 18% Elasthan<\/p>\n<p>Klicks: 100% Polyamid<\/p>\n<h3>Besonderheiten<\/h3>\n<p><a href=\"http:\/\/www.wojoer.de\/?s=nos&#038;post_type=product\">NOS Produkt<\/a> | badetauglich | 3 feste Sport Klickverschl\u00fcsse | seidenmatte Oberfl\u00e4chenoptik | leicht transparent | luftig | schnell trocknend | dehnbar | hautenge, bequeme, leicht hebende Passform| hochwertige Verarbeitung &#8220;Made in Germany&#8221;<\/p>\n<h3>Benutzerhinweise<\/h3>\n<p>30\u00b0 Schonw\u00e4sche | auf niedriger Stufe b\u00fcgeln<\/p>\n<h3>BEUN STRIPP Hipster Shorts &#8211; BEACH &#038; UNDERWEAR<\/h3>\n<p>Verspielt, hei\u00df und s\u00fc\u00df. Dieser freche BEUN STRIPP Hipster in verschiedenen Farben ist mit seinen drei sportlichen Klickverschl\u00fcssen so sexy wie nie. Denn 1,2,3 und die Katze ist aus dem Sack. Dazu kommt das besonders feine, seidig matte und leicht transparente Beach- und Underwear Material. Damit ist man immer zum Sprung ins k\u00fchle Nass bereit, weil ihm Salz- und Chlorwasser nichts anhaben k\u00f6nnen. Die knappen Pants sind genau das Richtige f\u00fcr anspruchsvolle M\u00e4nnerhaut und f\u00fcr M\u00e4nner, die das Abenteuer lieben. Das hei\u00dft nicht, dass sie den Alltag nicht bequem und luftig meistern. Durch seine Best-Fit-Form im Schritt, sitzt nicht nur alles perfekt bei ausschweifenden Aktivit\u00e4ten, sondern es dr\u00fcckt und kneift auch nichts beim langwierigen Sitzen im B\u00fcro.<\/p>\n","protected":false},"excerpt":{"rendered":"<p>BEUN STRIPPER Shorts 321H2 ist eine Wojoer on stock action.<\/p>\n<p>Erh\u00e4ltlich in den Farben  Crema |  Schwarz |  Candypink |  Vulcano |  Royalblau |  Eisblau |<\/p>\n<p> Neoncoral |  Neongelb |  Nude<br \/>\nGr\u00f6\u00dfen<br \/>\nErh\u00e4ltlich in den\u2026<\/p>\n","protected":false},"featured_media":35402,"comment_status":"open","ping_status":"closed","template":"","meta":[],"product_brand":[],"product_cat":[115,1059,473,342,121],"product_tag":[108,250,102,224,387,192],"class_list":{"0":"post-5266","1":"product","2":"type-product","3":"status-publish","4":"has-post-thumbnail","6":"product_cat-beachwear","7":"product_cat-kinky","8":"product_cat-men","9":"product_cat-sale","10":"product_cat-underwear","11":"product_tag-1beachwear","12":"product_tag-funktion","13":"product_tag-hipster","14":"product_tag-klick","15":"product_tag-transparent","16":"product_tag-unterwaesche","17":"product_shipping_class-beun","18":"pa_farbe-eisblau","19":"pa_farbe-royalblau","20":"pa_farbe-candypink","21":"pa_farbe-crema","22":"pa_farbe-neoncoral","23":"pa_farbe-neongelb","24":"pa_farbe-nude","25":"pa_farbe-vulcano","26":"pa_farbe-schwarz","27":"pa_groesse-l","28":"pa_groesse-m","29":"pa_groesse-s","30":"pa_groesse-xl","31":"pif-has-gallery","32":"post-1","33":"odd","35":"first","36":"instock","37":"sale","38":"featured","39":"taxable","40":"shipping-taxable","41":"purchasable","42":"product-type-variable"},"yoast_head":"<!-- This site is optimized with the Yoast SEO plugin v27.2 - https:\/\/yoast.com\/product\/yoast-seo-wordpress\/ -->\n<title>Hipster Shorts STRIPP mit Klickverschl\u00fcssen | Beach&amp;Underwear<\/title>\n<meta name=\"description\" content=\"Der BEUN STRIPP Hipster Shorts mit sportlichen Klickverschl\u00fcssen, liegt seidig auf der Haut. Hauchd\u00fcnner, leicht transparenter, matter Bade-Herren-Slip.\" \/>\n<meta name=\"robots\" content=\"index, follow, max-snippet:-1, max-image-preview:large, max-video-preview:-1\" \/>\n<link rel=\"canonical\" href=\"https:\/\/www.wojoer.de\/en\/produkt\/beun-stripp-hipster-shorts\/\" \/>\n<meta name=\"twitter:card\" content=\"summary_large_image\" \/>\n<meta name=\"twitter:title\" content=\"Hipster Shorts STRIPP mit Klickverschl\u00fcssen | Beach&amp;Underwear\" \/>\n<meta name=\"twitter:description\" content=\"Der BEUN STRIPP Hipster Shorts mit sportlichen Klickverschl\u00fcssen, liegt seidig auf der Haut. Hauchd\u00fcnner, leicht transparenter, matter Bade-Herren-Slip.\" \/>\n<meta name=\"twitter:image\" content=\"https:\/\/www.wojoer.de\/wp-content\/uploads\/2017\/04\/321H2_stripp_hipster_vulcano_side_wojoer_.jpg\" \/>\n<meta name=\"twitter:label1\" content=\"Estimated reading time\" \/>\n\t<meta name=\"twitter:data1\" content=\"3 minutes\" \/>\n<script type=\"application\/ld+json\" class=\"yoast-schema-graph\">{\"@context\":\"https:\/\/schema.org\",\"@graph\":[{\"@type\":\"WebPage\",\"@id\":\"https:\/\/www.wojoer.de\/produkt\/beun-stripp-hipster-shorts\/\",\"url\":\"https:\/\/www.wojoer.de\/produkt\/beun-stripp-hipster-shorts\/\",\"name\":\"Hipster Shorts STRIPP mit Klickverschl\u00fcssen | Beach&Underwear\",\"isPartOf\":{\"@id\":\"https:\/\/www.wojoer.de\/#website\"},\"primaryImageOfPage\":{\"@id\":\"https:\/\/www.wojoer.de\/produkt\/beun-stripp-hipster-shorts\/#primaryimage\"},\"image\":{\"@id\":\"https:\/\/www.wojoer.de\/produkt\/beun-stripp-hipster-shorts\/#primaryimage\"},\"thumbnailUrl\":\"https:\/\/www.wojoer.de\/wp-content\/uploads\/2017\/04\/321H2_stripp_hipster_vulcano_side_wojoer_.jpg\",\"datePublished\":\"2025-04-10T22:00:45+00:00\",\"dateModified\":\"2026-04-13T06:06:53+00:00\",\"description\":\"Der BEUN STRIPP Hipster Shorts mit sportlichen Klickverschl\u00fcssen, liegt seidig auf der Haut. Hauchd\u00fcnner, leicht transparenter, matter Bade-Herren-Slip.\",\"breadcrumb\":{\"@id\":\"https:\/\/www.wojoer.de\/produkt\/beun-stripp-hipster-shorts\/#breadcrumb\"},\"inLanguage\":\"en-GB\",\"potentialAction\":[{\"@type\":\"ReadAction\",\"target\":[\"https:\/\/www.wojoer.de\/produkt\/beun-stripp-hipster-shorts\/\"]}]},{\"@type\":\"ImageObject\",\"inLanguage\":\"en-GB\",\"@id\":\"https:\/\/www.wojoer.de\/produkt\/beun-stripp-hipster-shorts\/#primaryimage\",\"url\":\"https:\/\/www.wojoer.de\/wp-content\/uploads\/2017\/04\/321H2_stripp_hipster_vulcano_side_wojoer_.jpg\",\"contentUrl\":\"https:\/\/www.wojoer.de\/wp-content\/uploads\/2017\/04\/321H2_stripp_hipster_vulcano_side_wojoer_.jpg\",\"width\":2002,\"height\":2002},{\"@type\":\"BreadcrumbList\",\"@id\":\"https:\/\/www.wojoer.de\/produkt\/beun-stripp-hipster-shorts\/#breadcrumb\",\"itemListElement\":[{\"@type\":\"ListItem\",\"position\":1,\"name\":\"Startseite\",\"item\":\"https:\/\/www.wojoer.de\/\"},{\"@type\":\"ListItem\",\"position\":2,\"name\":\"SHOP\",\"item\":\"https:\/\/www.wojoer.de\/shop\/\"},{\"@type\":\"ListItem\",\"position\":3,\"name\":\"BEUN STRIPP Hipster 321H2\"}]},{\"@type\":\"WebSite\",\"@id\":\"https:\/\/www.wojoer.de\/#website\",\"url\":\"https:\/\/www.wojoer.de\/\",\"name\":\"WOJOER\",\"description\":\"clubwear for men\",\"publisher\":{\"@id\":\"https:\/\/www.wojoer.de\/#organization\"},\"potentialAction\":[{\"@type\":\"SearchAction\",\"target\":{\"@type\":\"EntryPoint\",\"urlTemplate\":\"https:\/\/www.wojoer.de\/?s={search_term_string}\"},\"query-input\":{\"@type\":\"PropertyValueSpecification\",\"valueRequired\":true,\"valueName\":\"search_term_string\"}}],\"inLanguage\":\"en-GB\"},{\"@type\":\"Organization\",\"@id\":\"https:\/\/www.wojoer.de\/#organization\",\"name\":\"Wonneberger-Manufaktur\",\"url\":\"https:\/\/www.wojoer.de\/\",\"logo\":{\"@type\":\"ImageObject\",\"inLanguage\":\"en-GB\",\"@id\":\"https:\/\/www.wojoer.de\/#\/schema\/logo\/image\/\",\"url\":\"https:\/\/www.wojoer.de\/wp-content\/uploads\/2016\/11\/wonnebergermanufaktur_logo_BUTTON.png\",\"contentUrl\":\"https:\/\/www.wojoer.de\/wp-content\/uploads\/2016\/11\/wonnebergermanufaktur_logo_BUTTON.png\",\"width\":765,\"height\":765,\"caption\":\"Wonneberger-Manufaktur\"},\"image\":{\"@id\":\"https:\/\/www.wojoer.de\/#\/schema\/logo\/image\/\"},\"sameAs\":[\"https:\/\/www.facebook.com\/wojoer\/\",\"https:\/\/de.pinterest.com\/W0J0ER\/\"]}]}<\/script>\n<!-- \/ Yoast SEO plugin. -->","yoast_head_json":{"title":"Hipster Shorts STRIPP mit Klickverschl\u00fcssen | Beach&Underwear","description":"Der BEUN STRIPP Hipster Shorts mit sportlichen Klickverschl\u00fcssen, liegt seidig auf der Haut. Hauchd\u00fcnner, leicht transparenter, matter Bade-Herren-Slip.","robots":{"index":"index","follow":"follow","max-snippet":"max-snippet:-1","max-image-preview":"max-image-preview:large","max-video-preview":"max-video-preview:-1"},"canonical":"https:\/\/www.wojoer.de\/en\/produkt\/beun-stripp-hipster-shorts\/","twitter_card":"summary_large_image","twitter_title":"Hipster Shorts STRIPP mit Klickverschl\u00fcssen | Beach&Underwear","twitter_description":"Der BEUN STRIPP Hipster Shorts mit sportlichen Klickverschl\u00fcssen, liegt seidig auf der Haut. Hauchd\u00fcnner, leicht transparenter, matter Bade-Herren-Slip.","twitter_image":"https:\/\/www.wojoer.de\/wp-content\/uploads\/2017\/04\/321H2_stripp_hipster_vulcano_side_wojoer_.jpg","twitter_misc":{"Estimated reading time":"3 minutes"},"schema":{"@context":"https:\/\/schema.org","@graph":[{"@type":"WebPage","@id":"https:\/\/www.wojoer.de\/produkt\/beun-stripp-hipster-shorts\/","url":"https:\/\/www.wojoer.de\/produkt\/beun-stripp-hipster-shorts\/","name":"Hipster Shorts STRIPP mit Klickverschl\u00fcssen | Beach&Underwear","isPartOf":{"@id":"https:\/\/www.wojoer.de\/#website"},"primaryImageOfPage":{"@id":"https:\/\/www.wojoer.de\/produkt\/beun-stripp-hipster-shorts\/#primaryimage"},"image":{"@id":"https:\/\/www.wojoer.de\/produkt\/beun-stripp-hipster-shorts\/#primaryimage"},"thumbnailUrl":"https:\/\/www.wojoer.de\/wp-content\/uploads\/2017\/04\/321H2_stripp_hipster_vulcano_side_wojoer_.jpg","datePublished":"2025-04-10T22:00:45+00:00","dateModified":"2026-04-13T06:06:53+00:00","description":"Der BEUN STRIPP Hipster Shorts mit sportlichen Klickverschl\u00fcssen, liegt seidig auf der Haut. Hauchd\u00fcnner, leicht transparenter, matter Bade-Herren-Slip.","breadcrumb":{"@id":"https:\/\/www.wojoer.de\/produkt\/beun-stripp-hipster-shorts\/#breadcrumb"},"inLanguage":"en-GB","potentialAction":[{"@type":"ReadAction","target":["https:\/\/www.wojoer.de\/produkt\/beun-stripp-hipster-shorts\/"]}]},{"@type":"ImageObject","inLanguage":"en-GB","@id":"https:\/\/www.wojoer.de\/produkt\/beun-stripp-hipster-shorts\/#primaryimage","url":"https:\/\/www.wojoer.de\/wp-content\/uploads\/2017\/04\/321H2_stripp_hipster_vulcano_side_wojoer_.jpg","contentUrl":"https:\/\/www.wojoer.de\/wp-content\/uploads\/2017\/04\/321H2_stripp_hipster_vulcano_side_wojoer_.jpg","width":2002,"height":2002},{"@type":"BreadcrumbList","@id":"https:\/\/www.wojoer.de\/produkt\/beun-stripp-hipster-shorts\/#breadcrumb","itemListElement":[{"@type":"ListItem","position":1,"name":"Startseite","item":"https:\/\/www.wojoer.de\/"},{"@type":"ListItem","position":2,"name":"SHOP","item":"https:\/\/www.wojoer.de\/shop\/"},{"@type":"ListItem","position":3,"name":"BEUN STRIPP Hipster 321H2"}]},{"@type":"WebSite","@id":"https:\/\/www.wojoer.de\/#website","url":"https:\/\/www.wojoer.de\/","name":"WOJOER","description":"clubwear for men","publisher":{"@id":"https:\/\/www.wojoer.de\/#organization"},"potentialAction":[{"@type":"SearchAction","target":{"@type":"EntryPoint","urlTemplate":"https:\/\/www.wojoer.de\/?s={search_term_string}"},"query-input":{"@type":"PropertyValueSpecification","valueRequired":true,"valueName":"search_term_string"}}],"inLanguage":"en-GB"},{"@type":"Organization","@id":"https:\/\/www.wojoer.de\/#organization","name":"Wonneberger-Manufaktur","url":"https:\/\/www.wojoer.de\/","logo":{"@type":"ImageObject","inLanguage":"en-GB","@id":"https:\/\/www.wojoer.de\/#\/schema\/logo\/image\/","url":"https:\/\/www.wojoer.de\/wp-content\/uploads\/2016\/11\/wonnebergermanufaktur_logo_BUTTON.png","contentUrl":"https:\/\/www.wojoer.de\/wp-content\/uploads\/2016\/11\/wonnebergermanufaktur_logo_BUTTON.png","width":765,"height":765,"caption":"Wonneberger-Manufaktur"},"image":{"@id":"https:\/\/www.wojoer.de\/#\/schema\/logo\/image\/"},"sameAs":["https:\/\/www.facebook.com\/wojoer\/","https:\/\/de.pinterest.com\/W0J0ER\/"]}]}},"_links":{"self":[{"href":"https:\/\/www.wojoer.de\/en\/wp-json\/wp\/v2\/product\/5266","targetHints":{"allow":["GET"]}}],"collection":[{"href":"https:\/\/www.wojoer.de\/en\/wp-json\/wp\/v2\/product"}],"about":[{"href":"https:\/\/www.wojoer.de\/en\/wp-json\/wp\/v2\/types\/product"}],"replies":[{"embeddable":true,"href":"https:\/\/www.wojoer.de\/en\/wp-json\/wp\/v2\/comments?post=5266"}],"wp:featuredmedia":[{"embeddable":true,"href":"https:\/\/www.wojoer.de\/en\/wp-json\/wp\/v2\/media\/35402"}],"wp:attachment":[{"href":"https:\/\/www.wojoer.de\/en\/wp-json\/wp\/v2\/media?parent=5266"}],"wp:term":[{"taxonomy":"product_brand","embeddable":true,"href":"https:\/\/www.wojoer.de\/en\/wp-json\/wp\/v2\/product_brand?post=5266"},{"taxonomy":"product_cat","embeddable":true,"href":"https:\/\/www.wojoer.de\/en\/wp-json\/wp\/v2\/product_cat?post=5266"},{"taxonomy":"product_tag","embeddable":true,"href":"https:\/\/www.wojoer.de\/en\/wp-json\/wp\/v2\/product_tag?post=5266"}],"curies":[{"name":"wp","href":"https:\/\/api.w.org\/{rel}","templated":true}]}}