{"id":5404,"date":"2017-04-27T15:19:51","date_gmt":"2017-04-27T13:19:51","guid":{"rendered":"http:\/\/www.wojoer.de\/produkt\/redback-letherlike-longpants\/"},"modified":"2024-01-30T13:35:11","modified_gmt":"2024-01-30T12:35:11","slug":"redback-letherlike-longpants","status":"publish","type":"product","link":"https:\/\/www.wojoer.de\/en\/produkt\/redback-letherlike-longpants\/","title":{"rendered":"ROBINSON Redback Longpants Dirty 317W411"},"content":{"rendered":"<p>Diese One-Of-Edition ist nur begrenzt erh\u00e4ltlich, denn die Redback Letherlike Longpants 317W411 geh\u00f6rt zu den Wojoer ONLY FOR ME-Produkten.<\/p>\n<p>Gr\u00f6\u00dfen<\/p>\n<p>Erh\u00e4ltlich in den Gr\u00f6\u00dfen S, M, L, XL<\/p>\n<h3>Materialzusammensetzung<\/h3>\n<p>Lederimitat: 93% Polyester\u00a0 7% Elasthan\u00a0\u00a0 |\u00a0\u00a0 Wetlook: 79% Polyamid 21% Elasthan<\/p>\n<h3>Besonderheiten<\/h3>\n<p><a href=\"http:\/\/www.wojoer.de\/?s=onlyforme&#038;post_type=product\">ONLY FOR ME Produkt<\/a>\u00a0| individueller Dirty-look | matt gl\u00e4nzende Oberfl\u00e4che |\u00a0 festes, leicht dehnbares Material | hautenge Passform| hochwertige Verarbeitung &#8220;Made in Germany&#8221;<\/p>\n<h3>Benutzerhinweise<\/h3>\n<p>Handw\u00e4sche<\/p>\n<h3>Achtung<\/h3>\n<p>Einzelst\u00fccke. Durch die spezielle Drucktechnik kann der Dirty-Look stark vom Foto abweichen.<\/p>\n<h3>REDBACK LEDERIMITAT Letherlike LONGPANTS<\/h3>\n<p>Verdammt Dirty! Vorausgesetzt du willst der animalisch hei\u00dfe Bauarbeiter von nebenan sein. Wenn das der Fall sein sollte, dann gibt dir die Redback Longpants im Used-look genug Spielraum f\u00fcr deine Fantasien. Denn die gef\u00e4hrlich anziehende Farbkombination der gef\u00fcrchteten, australischen Red-back-Spinne bedeutet Gefahr. Infolgedessen transformierst du zu einem dirty beast, wenn du diese letherlike Longpant zu deinem Begleiter machst. Du wirst zum Anziehungspunkt wo immer du hingehst. Und nicht nur das. Schlie\u00dflich ist der Dirty-look einzigartig und individuell. Demzufolge gleicht keine Longpant der anderen. Also los, worauf wartest du noch? Schl\u00fcpfe am besten sofort in ein gef\u00e4hrliches Abenteuer aus Rot-Schwarzen Letherlike.<\/p>\n","protected":false},"excerpt":{"rendered":"<p>Diese One-Of-Edition ist nur begrenzt erh\u00e4ltlich, denn die Redback Letherlike Longpants 317W411 geh\u00f6rt zu den Wojoer ONLY FOR ME-Produkten.<\/p>\n<p>Gr\u00f6\u00dfen<\/p>\n<p>Erh\u00e4ltlich in den Gr\u00f6\u00dfen S, M, L, XL<br \/>\nMaterialzusammensetzung<br \/>\nLederimitat: 93% Polyester\u00a0 7% Elasthan\u00a0\u00a0 |\u00a0\u00a0 Wetlook: 79% Polyamid 21% Elasthan<br \/>\nBesonderheiten<br \/>\nONLY FOR ME Produkt\u00a0| individueller\u2026<\/p>\n","protected":false},"featured_media":5390,"comment_status":"open","ping_status":"closed","template":"","meta":[],"product_brand":[],"product_cat":[473,270,326],"product_tag":[259],"class_list":{"0":"post-5404","1":"product","2":"type-product","3":"status-publish","4":"has-post-thumbnail","6":"product_cat-men","7":"product_cat-onlyforme","8":"product_cat-wojoer","9":"product_tag-longpants","10":"product_shipping_class-beun","11":"pa_groesse-l","12":"pa_groesse-m","13":"pa_groesse-s","14":"pa_groesse-xl","15":"pif-has-gallery","16":"post-1","17":"odd","19":"first","20":"instock","21":"taxable","22":"shipping-taxable","23":"purchasable","24":"product-type-variable"},"yoast_head":"<!-- This site is optimized with the Yoast SEO plugin v27.2 - https:\/\/yoast.com\/product\/yoast-seo-wordpress\/ -->\n<title>letherlike Longpants &quot;Redback&quot; von Clubwear von Wojoer<\/title>\n<meta name=\"description\" content=\"begrenzte One-Of-Edition aus rotem Kunsleder und schwarzem Wetlook mit individuellem Dirty-Look-Print. Wahnsinnig animalisch diese Letherlike Longpants\" \/>\n<meta name=\"robots\" content=\"index, follow, max-snippet:-1, max-image-preview:large, max-video-preview:-1\" \/>\n<link rel=\"canonical\" href=\"https:\/\/www.wojoer.de\/en\/produkt\/redback-letherlike-longpants\/\" \/>\n<meta name=\"twitter:card\" content=\"summary_large_image\" \/>\n<meta name=\"twitter:title\" content=\"letherlike Longpants &quot;Redback&quot; von Clubwear von Wojoer\" \/>\n<meta name=\"twitter:description\" content=\"begrenzte One-Of-Edition aus rotem Kunsleder und schwarzem Wetlook mit individuellem Dirty-Look-Print. Wahnsinnig animalisch diese Letherlike Longpants\" \/>\n<meta name=\"twitter:image\" content=\"https:\/\/www.wojoer.de\/wp-content\/uploads\/2017\/04\/317W411_dirty_redback_longpant_robinson.jpg\" \/>\n<meta name=\"twitter:label1\" content=\"Estimated reading time\" \/>\n\t<meta name=\"twitter:data1\" content=\"1 minute\" \/>\n<script type=\"application\/ld+json\" class=\"yoast-schema-graph\">{\"@context\":\"https:\/\/schema.org\",\"@graph\":[{\"@type\":\"WebPage\",\"@id\":\"https:\/\/www.wojoer.de\/produkt\/redback-letherlike-longpants\/\",\"url\":\"https:\/\/www.wojoer.de\/produkt\/redback-letherlike-longpants\/\",\"name\":\"letherlike Longpants \\\"Redback\\\" von Clubwear von Wojoer\",\"isPartOf\":{\"@id\":\"https:\/\/www.wojoer.de\/#website\"},\"primaryImageOfPage\":{\"@id\":\"https:\/\/www.wojoer.de\/produkt\/redback-letherlike-longpants\/#primaryimage\"},\"image\":{\"@id\":\"https:\/\/www.wojoer.de\/produkt\/redback-letherlike-longpants\/#primaryimage\"},\"thumbnailUrl\":\"https:\/\/www.wojoer.de\/wp-content\/uploads\/2017\/04\/317W411_dirty_redback_longpant_robinson.jpg\",\"datePublished\":\"2017-04-27T13:19:51+00:00\",\"dateModified\":\"2024-01-30T12:35:11+00:00\",\"description\":\"begrenzte One-Of-Edition aus rotem Kunsleder und schwarzem Wetlook mit individuellem Dirty-Look-Print. Wahnsinnig animalisch diese Letherlike Longpants\",\"breadcrumb\":{\"@id\":\"https:\/\/www.wojoer.de\/produkt\/redback-letherlike-longpants\/#breadcrumb\"},\"inLanguage\":\"en-GB\",\"potentialAction\":[{\"@type\":\"ReadAction\",\"target\":[\"https:\/\/www.wojoer.de\/produkt\/redback-letherlike-longpants\/\"]}]},{\"@type\":\"ImageObject\",\"inLanguage\":\"en-GB\",\"@id\":\"https:\/\/www.wojoer.de\/produkt\/redback-letherlike-longpants\/#primaryimage\",\"url\":\"https:\/\/www.wojoer.de\/wp-content\/uploads\/2017\/04\/317W411_dirty_redback_longpant_robinson.jpg\",\"contentUrl\":\"https:\/\/www.wojoer.de\/wp-content\/uploads\/2017\/04\/317W411_dirty_redback_longpant_robinson.jpg\",\"width\":2002,\"height\":2002,\"caption\":\"Redback Letherlike Longpants,Lederimitat, rot-schwarz, Dirty-look, Used-look, One-of-piece, Einzelst\u00fccke\"},{\"@type\":\"BreadcrumbList\",\"@id\":\"https:\/\/www.wojoer.de\/produkt\/redback-letherlike-longpants\/#breadcrumb\",\"itemListElement\":[{\"@type\":\"ListItem\",\"position\":1,\"name\":\"Startseite\",\"item\":\"https:\/\/www.wojoer.de\/\"},{\"@type\":\"ListItem\",\"position\":2,\"name\":\"SHOP\",\"item\":\"https:\/\/www.wojoer.de\/shop\/\"},{\"@type\":\"ListItem\",\"position\":3,\"name\":\"ROBINSON Redback Longpants Dirty 317W411\"}]},{\"@type\":\"WebSite\",\"@id\":\"https:\/\/www.wojoer.de\/#website\",\"url\":\"https:\/\/www.wojoer.de\/\",\"name\":\"WOJOER\",\"description\":\"clubwear for men\",\"publisher\":{\"@id\":\"https:\/\/www.wojoer.de\/#organization\"},\"potentialAction\":[{\"@type\":\"SearchAction\",\"target\":{\"@type\":\"EntryPoint\",\"urlTemplate\":\"https:\/\/www.wojoer.de\/?s={search_term_string}\"},\"query-input\":{\"@type\":\"PropertyValueSpecification\",\"valueRequired\":true,\"valueName\":\"search_term_string\"}}],\"inLanguage\":\"en-GB\"},{\"@type\":\"Organization\",\"@id\":\"https:\/\/www.wojoer.de\/#organization\",\"name\":\"Wonneberger-Manufaktur\",\"url\":\"https:\/\/www.wojoer.de\/\",\"logo\":{\"@type\":\"ImageObject\",\"inLanguage\":\"en-GB\",\"@id\":\"https:\/\/www.wojoer.de\/#\/schema\/logo\/image\/\",\"url\":\"https:\/\/www.wojoer.de\/wp-content\/uploads\/2016\/11\/wonnebergermanufaktur_logo_BUTTON.png\",\"contentUrl\":\"https:\/\/www.wojoer.de\/wp-content\/uploads\/2016\/11\/wonnebergermanufaktur_logo_BUTTON.png\",\"width\":765,\"height\":765,\"caption\":\"Wonneberger-Manufaktur\"},\"image\":{\"@id\":\"https:\/\/www.wojoer.de\/#\/schema\/logo\/image\/\"},\"sameAs\":[\"https:\/\/www.facebook.com\/wojoer\/\",\"https:\/\/de.pinterest.com\/W0J0ER\/\"]}]}<\/script>\n<!-- \/ Yoast SEO plugin. -->","yoast_head_json":{"title":"letherlike Longpants \"Redback\" von Clubwear von Wojoer","description":"begrenzte One-Of-Edition aus rotem Kunsleder und schwarzem Wetlook mit individuellem Dirty-Look-Print. Wahnsinnig animalisch diese Letherlike Longpants","robots":{"index":"index","follow":"follow","max-snippet":"max-snippet:-1","max-image-preview":"max-image-preview:large","max-video-preview":"max-video-preview:-1"},"canonical":"https:\/\/www.wojoer.de\/en\/produkt\/redback-letherlike-longpants\/","twitter_card":"summary_large_image","twitter_title":"letherlike Longpants \"Redback\" von Clubwear von Wojoer","twitter_description":"begrenzte One-Of-Edition aus rotem Kunsleder und schwarzem Wetlook mit individuellem Dirty-Look-Print. Wahnsinnig animalisch diese Letherlike Longpants","twitter_image":"https:\/\/www.wojoer.de\/wp-content\/uploads\/2017\/04\/317W411_dirty_redback_longpant_robinson.jpg","twitter_misc":{"Estimated reading time":"1 minute"},"schema":{"@context":"https:\/\/schema.org","@graph":[{"@type":"WebPage","@id":"https:\/\/www.wojoer.de\/produkt\/redback-letherlike-longpants\/","url":"https:\/\/www.wojoer.de\/produkt\/redback-letherlike-longpants\/","name":"letherlike Longpants \"Redback\" von Clubwear von Wojoer","isPartOf":{"@id":"https:\/\/www.wojoer.de\/#website"},"primaryImageOfPage":{"@id":"https:\/\/www.wojoer.de\/produkt\/redback-letherlike-longpants\/#primaryimage"},"image":{"@id":"https:\/\/www.wojoer.de\/produkt\/redback-letherlike-longpants\/#primaryimage"},"thumbnailUrl":"https:\/\/www.wojoer.de\/wp-content\/uploads\/2017\/04\/317W411_dirty_redback_longpant_robinson.jpg","datePublished":"2017-04-27T13:19:51+00:00","dateModified":"2024-01-30T12:35:11+00:00","description":"begrenzte One-Of-Edition aus rotem Kunsleder und schwarzem Wetlook mit individuellem Dirty-Look-Print. Wahnsinnig animalisch diese Letherlike Longpants","breadcrumb":{"@id":"https:\/\/www.wojoer.de\/produkt\/redback-letherlike-longpants\/#breadcrumb"},"inLanguage":"en-GB","potentialAction":[{"@type":"ReadAction","target":["https:\/\/www.wojoer.de\/produkt\/redback-letherlike-longpants\/"]}]},{"@type":"ImageObject","inLanguage":"en-GB","@id":"https:\/\/www.wojoer.de\/produkt\/redback-letherlike-longpants\/#primaryimage","url":"https:\/\/www.wojoer.de\/wp-content\/uploads\/2017\/04\/317W411_dirty_redback_longpant_robinson.jpg","contentUrl":"https:\/\/www.wojoer.de\/wp-content\/uploads\/2017\/04\/317W411_dirty_redback_longpant_robinson.jpg","width":2002,"height":2002,"caption":"Redback Letherlike Longpants,Lederimitat, rot-schwarz, Dirty-look, Used-look, One-of-piece, Einzelst\u00fccke"},{"@type":"BreadcrumbList","@id":"https:\/\/www.wojoer.de\/produkt\/redback-letherlike-longpants\/#breadcrumb","itemListElement":[{"@type":"ListItem","position":1,"name":"Startseite","item":"https:\/\/www.wojoer.de\/"},{"@type":"ListItem","position":2,"name":"SHOP","item":"https:\/\/www.wojoer.de\/shop\/"},{"@type":"ListItem","position":3,"name":"ROBINSON Redback Longpants Dirty 317W411"}]},{"@type":"WebSite","@id":"https:\/\/www.wojoer.de\/#website","url":"https:\/\/www.wojoer.de\/","name":"WOJOER","description":"clubwear for men","publisher":{"@id":"https:\/\/www.wojoer.de\/#organization"},"potentialAction":[{"@type":"SearchAction","target":{"@type":"EntryPoint","urlTemplate":"https:\/\/www.wojoer.de\/?s={search_term_string}"},"query-input":{"@type":"PropertyValueSpecification","valueRequired":true,"valueName":"search_term_string"}}],"inLanguage":"en-GB"},{"@type":"Organization","@id":"https:\/\/www.wojoer.de\/#organization","name":"Wonneberger-Manufaktur","url":"https:\/\/www.wojoer.de\/","logo":{"@type":"ImageObject","inLanguage":"en-GB","@id":"https:\/\/www.wojoer.de\/#\/schema\/logo\/image\/","url":"https:\/\/www.wojoer.de\/wp-content\/uploads\/2016\/11\/wonnebergermanufaktur_logo_BUTTON.png","contentUrl":"https:\/\/www.wojoer.de\/wp-content\/uploads\/2016\/11\/wonnebergermanufaktur_logo_BUTTON.png","width":765,"height":765,"caption":"Wonneberger-Manufaktur"},"image":{"@id":"https:\/\/www.wojoer.de\/#\/schema\/logo\/image\/"},"sameAs":["https:\/\/www.facebook.com\/wojoer\/","https:\/\/de.pinterest.com\/W0J0ER\/"]}]}},"_links":{"self":[{"href":"https:\/\/www.wojoer.de\/en\/wp-json\/wp\/v2\/product\/5404","targetHints":{"allow":["GET"]}}],"collection":[{"href":"https:\/\/www.wojoer.de\/en\/wp-json\/wp\/v2\/product"}],"about":[{"href":"https:\/\/www.wojoer.de\/en\/wp-json\/wp\/v2\/types\/product"}],"replies":[{"embeddable":true,"href":"https:\/\/www.wojoer.de\/en\/wp-json\/wp\/v2\/comments?post=5404"}],"wp:featuredmedia":[{"embeddable":true,"href":"https:\/\/www.wojoer.de\/en\/wp-json\/wp\/v2\/media\/5390"}],"wp:attachment":[{"href":"https:\/\/www.wojoer.de\/en\/wp-json\/wp\/v2\/media?parent=5404"}],"wp:term":[{"taxonomy":"product_brand","embeddable":true,"href":"https:\/\/www.wojoer.de\/en\/wp-json\/wp\/v2\/product_brand?post=5404"},{"taxonomy":"product_cat","embeddable":true,"href":"https:\/\/www.wojoer.de\/en\/wp-json\/wp\/v2\/product_cat?post=5404"},{"taxonomy":"product_tag","embeddable":true,"href":"https:\/\/www.wojoer.de\/en\/wp-json\/wp\/v2\/product_tag?post=5404"}],"curies":[{"name":"wp","href":"https:\/\/api.w.org\/{rel}","templated":true}]}}