{"id":54480,"date":"2025-05-26T10:24:03","date_gmt":"2025-05-26T08:24:03","guid":{"rendered":"https:\/\/www.wojoer.de\/?post_type=product&#038;p=54480"},"modified":"2026-04-12T12:47:56","modified_gmt":"2026-04-12T10:47:56","slug":"tan-through-speedo-tanme-beach-hipster","status":"publish","type":"product","link":"https:\/\/www.wojoer.de\/en\/produkt\/tan-through-speedo-tanme-beach-hipster\/","title":{"rendered":"TanMe Beach Hipster"},"content":{"rendered":"<div id=\"tab-description\" class=\"tab-content\">\n<p>Dieser Brasil Bade Hipster geh\u00f6rt zu den Wojoer LIVE-Produkten. Sie werden ab Bestellung bei uns produziert. So k\u00f6nnen wir auf Kundenw\u00fcnsche individuell eingehen.<\/p>\n<h3>Gr\u00f6\u00dfen<\/h3>\n<p>Erh\u00e4ltlich in den Gr\u00f6\u00dfen S, M, L, XL, XXL, 3XL<\/p>\n<h3>Materialzusammensetzung<\/h3>\n<p>80% Polyamid, 20% Elasthan<\/p>\n<h3>Besonderheiten<\/h3>\n<p><a href=\"http:\/\/www.wojoer.de\/?s=LIVE&#038;post_type=product\">LIVE-Produkt<\/a>\u00a0 | dehnbarer leicht gl\u00e4nzend | angenehme Passform | leichte Hebefunktion an der Front | schnell trocknend |hochwertige Verarbeitung \u201cMade in Germany\u201d<\/p>\n<h3><strong>Benutzerhinweise<\/strong><\/h3>\n<p>Waschprogramm 30 Grad, kein Weichsp\u00fcler<\/p>\n<h3>Brasil Bade Hipster\u2013 sexy Bademode f\u00fcr Herren \u2013 Bade Pants \u2013 Beach Cheeky Slip \u2013 Brasil Slip \u2013 sexy swim trunk<\/h3>\n<p>TanMe! Put me on and you&#8217;ll still get a tan! Spread the good vibes like you&#8217;ve never done before in this amazing hot mini hipster! I&#8217;m thrilled to tell you about the incredible fine, super stretchy mesh material that will make your hips stand out with its stunning tanning effect! Try it out and be a manly, shimmering jungle boy!<\/p>\n<\/div>\n","protected":false},"excerpt":{"rendered":"<p>Dieser Brasil Bade Hipster geh\u00f6rt zu den Wojoer LIVE-Produkten. Sie werden ab Bestellung bei uns produziert. So k\u00f6nnen wir auf Kundenw\u00fcnsche individuell eingehen.<br \/>\nGr\u00f6\u00dfen<br \/>\nErh\u00e4ltlich in den Gr\u00f6\u00dfen S, M, L, XL, XXL, 3XL<br \/>\nMaterialzusammensetzung<br \/>\n80% Polyamid, 20% Elasthan<br \/>\nBesonderheiten<br \/>\nLIVE-Produkt\u00a0 | dehnbarer leicht gl\u00e4nzend |\u2026<\/p>\n","protected":false},"featured_media":54494,"comment_status":"open","ping_status":"closed","template":"","meta":[],"product_brand":[],"product_cat":[806,115,169,473,862,326],"product_tag":[184,119],"class_list":{"0":"post-54480","1":"product","2":"type-product","3":"status-publish","4":"has-post-thumbnail","6":"product_cat-powernet","7":"product_cat-beachwear","8":"product_cat-nos-never-out-of-stock","9":"product_cat-men","10":"product_cat-men-only","11":"product_cat-wojoer","12":"product_tag-push-up","13":"product_tag-string","14":"product_shipping_class-beun","15":"pa_groesse-l","16":"pa_groesse-m","17":"pa_groesse-s","18":"pa_groesse-xl","19":"pa_groesse-xxl","20":"pa_groesse-xxxl","21":"pif-has-gallery","22":"post-1","23":"odd","25":"first","26":"onbackorder","27":"taxable","28":"shipping-taxable","29":"purchasable","30":"product-type-variable","31":"has-default-attributes"},"yoast_head":"<!-- This site is optimized with the Yoast SEO plugin v27.2 - https:\/\/yoast.com\/product\/yoast-seo-wordpress\/ -->\n<title>tan through speedo | matt gl\u00e4nzend | sportlich bequem | WOJOER<\/title>\n<meta name=\"description\" content=\"tan through speedo - sportlich knappe Badehose aus der TanMe Kollektion - jetzt versandkostenfrei innerhalb Deutschland online bestellen.\" \/>\n<meta name=\"robots\" content=\"index, follow, max-snippet:-1, max-image-preview:large, max-video-preview:-1\" \/>\n<link rel=\"canonical\" href=\"https:\/\/www.wojoer.de\/en\/produkt\/tan-through-speedo-tanme-beach-hipster\/\" \/>\n<meta name=\"twitter:card\" content=\"summary_large_image\" \/>\n<meta name=\"twitter:title\" content=\"tan through speedo | matt gl\u00e4nzend | sportlich bequem | WOJOER\" \/>\n<meta name=\"twitter:description\" content=\"tan through speedo - sportlich knappe Badehose aus der TanMe Kollektion - jetzt versandkostenfrei innerhalb Deutschland online bestellen.\" \/>\n<meta name=\"twitter:image\" content=\"https:\/\/www.wojoer.de\/wp-content\/uploads\/2025\/04\/0431-P725-0D-67-06-3.-tanme-Mini_Hipster-dehnbar-lila_gruen-L-front_side-wojoer.jpg\" \/>\n<meta name=\"twitter:label1\" content=\"Estimated reading time\" \/>\n\t<meta name=\"twitter:data1\" content=\"2 minutes\" \/>\n<script type=\"application\/ld+json\" class=\"yoast-schema-graph\">{\"@context\":\"https:\/\/schema.org\",\"@graph\":[{\"@type\":\"WebPage\",\"@id\":\"https:\/\/www.wojoer.de\/produkt\/tan-through-speedo-tanme-beach-hipster\/\",\"url\":\"https:\/\/www.wojoer.de\/produkt\/tan-through-speedo-tanme-beach-hipster\/\",\"name\":\"tan through speedo | matt gl\u00e4nzend | sportlich bequem | WOJOER\",\"isPartOf\":{\"@id\":\"https:\/\/www.wojoer.de\/#website\"},\"primaryImageOfPage\":{\"@id\":\"https:\/\/www.wojoer.de\/produkt\/tan-through-speedo-tanme-beach-hipster\/#primaryimage\"},\"image\":{\"@id\":\"https:\/\/www.wojoer.de\/produkt\/tan-through-speedo-tanme-beach-hipster\/#primaryimage\"},\"thumbnailUrl\":\"https:\/\/www.wojoer.de\/wp-content\/uploads\/2025\/04\/0431-P725-0D-67-06-3.-tanme-Mini_Hipster-dehnbar-lila_gruen-L-front_side-wojoer.jpg\",\"datePublished\":\"2025-05-26T08:24:03+00:00\",\"dateModified\":\"2026-04-12T10:47:56+00:00\",\"description\":\"tan through speedo - sportlich knappe Badehose aus der TanMe Kollektion - jetzt versandkostenfrei innerhalb Deutschland online bestellen.\",\"breadcrumb\":{\"@id\":\"https:\/\/www.wojoer.de\/produkt\/tan-through-speedo-tanme-beach-hipster\/#breadcrumb\"},\"inLanguage\":\"en-GB\",\"potentialAction\":[{\"@type\":\"ReadAction\",\"target\":[\"https:\/\/www.wojoer.de\/produkt\/tan-through-speedo-tanme-beach-hipster\/\"]}]},{\"@type\":\"ImageObject\",\"inLanguage\":\"en-GB\",\"@id\":\"https:\/\/www.wojoer.de\/produkt\/tan-through-speedo-tanme-beach-hipster\/#primaryimage\",\"url\":\"https:\/\/www.wojoer.de\/wp-content\/uploads\/2025\/04\/0431-P725-0D-67-06-3.-tanme-Mini_Hipster-dehnbar-lila_gruen-L-front_side-wojoer.jpg\",\"contentUrl\":\"https:\/\/www.wojoer.de\/wp-content\/uploads\/2025\/04\/0431-P725-0D-67-06-3.-tanme-Mini_Hipster-dehnbar-lila_gruen-L-front_side-wojoer.jpg\",\"width\":2002,\"height\":2002},{\"@type\":\"BreadcrumbList\",\"@id\":\"https:\/\/www.wojoer.de\/produkt\/tan-through-speedo-tanme-beach-hipster\/#breadcrumb\",\"itemListElement\":[{\"@type\":\"ListItem\",\"position\":1,\"name\":\"Startseite\",\"item\":\"https:\/\/www.wojoer.de\/\"},{\"@type\":\"ListItem\",\"position\":2,\"name\":\"SHOP\",\"item\":\"https:\/\/www.wojoer.de\/shop\/\"},{\"@type\":\"ListItem\",\"position\":3,\"name\":\"TanMe Bade Hipster\"}]},{\"@type\":\"WebSite\",\"@id\":\"https:\/\/www.wojoer.de\/#website\",\"url\":\"https:\/\/www.wojoer.de\/\",\"name\":\"WOJOER\",\"description\":\"clubwear for men\",\"publisher\":{\"@id\":\"https:\/\/www.wojoer.de\/#organization\"},\"potentialAction\":[{\"@type\":\"SearchAction\",\"target\":{\"@type\":\"EntryPoint\",\"urlTemplate\":\"https:\/\/www.wojoer.de\/?s={search_term_string}\"},\"query-input\":{\"@type\":\"PropertyValueSpecification\",\"valueRequired\":true,\"valueName\":\"search_term_string\"}}],\"inLanguage\":\"en-GB\"},{\"@type\":\"Organization\",\"@id\":\"https:\/\/www.wojoer.de\/#organization\",\"name\":\"Wonneberger-Manufaktur\",\"url\":\"https:\/\/www.wojoer.de\/\",\"logo\":{\"@type\":\"ImageObject\",\"inLanguage\":\"en-GB\",\"@id\":\"https:\/\/www.wojoer.de\/#\/schema\/logo\/image\/\",\"url\":\"https:\/\/www.wojoer.de\/wp-content\/uploads\/2016\/11\/wonnebergermanufaktur_logo_BUTTON.png\",\"contentUrl\":\"https:\/\/www.wojoer.de\/wp-content\/uploads\/2016\/11\/wonnebergermanufaktur_logo_BUTTON.png\",\"width\":765,\"height\":765,\"caption\":\"Wonneberger-Manufaktur\"},\"image\":{\"@id\":\"https:\/\/www.wojoer.de\/#\/schema\/logo\/image\/\"},\"sameAs\":[\"https:\/\/www.facebook.com\/wojoer\/\",\"https:\/\/de.pinterest.com\/W0J0ER\/\"]}]}<\/script>\n<!-- \/ Yoast SEO plugin. -->","yoast_head_json":{"title":"tan through speedo | matt gl\u00e4nzend | sportlich bequem | WOJOER","description":"tan through speedo - sportlich knappe Badehose aus der TanMe Kollektion - jetzt versandkostenfrei innerhalb Deutschland online bestellen.","robots":{"index":"index","follow":"follow","max-snippet":"max-snippet:-1","max-image-preview":"max-image-preview:large","max-video-preview":"max-video-preview:-1"},"canonical":"https:\/\/www.wojoer.de\/en\/produkt\/tan-through-speedo-tanme-beach-hipster\/","twitter_card":"summary_large_image","twitter_title":"[:de]tan through speedo | matt gl\u00e4nzend | sportlich bequem | WOJOER[:]","twitter_description":"[:de]tan through speedo - sportlich knappe Badehose aus der TanMe Kollektion - jetzt versandkostenfrei innerhalb Deutschland online bestellen.[:]","twitter_image":"https:\/\/www.wojoer.de\/wp-content\/uploads\/2025\/04\/0431-P725-0D-67-06-3.-tanme-Mini_Hipster-dehnbar-lila_gruen-L-front_side-wojoer.jpg","twitter_misc":{"Estimated reading time":"2 minutes"},"schema":{"@context":"https:\/\/schema.org","@graph":[{"@type":"WebPage","@id":"https:\/\/www.wojoer.de\/produkt\/tan-through-speedo-tanme-beach-hipster\/","url":"https:\/\/www.wojoer.de\/produkt\/tan-through-speedo-tanme-beach-hipster\/","name":"tan through speedo | matt gl\u00e4nzend | sportlich bequem | WOJOER","isPartOf":{"@id":"https:\/\/www.wojoer.de\/#website"},"primaryImageOfPage":{"@id":"https:\/\/www.wojoer.de\/produkt\/tan-through-speedo-tanme-beach-hipster\/#primaryimage"},"image":{"@id":"https:\/\/www.wojoer.de\/produkt\/tan-through-speedo-tanme-beach-hipster\/#primaryimage"},"thumbnailUrl":"https:\/\/www.wojoer.de\/wp-content\/uploads\/2025\/04\/0431-P725-0D-67-06-3.-tanme-Mini_Hipster-dehnbar-lila_gruen-L-front_side-wojoer.jpg","datePublished":"2025-05-26T08:24:03+00:00","dateModified":"2026-04-12T10:47:56+00:00","description":"tan through speedo - sportlich knappe Badehose aus der TanMe Kollektion - jetzt versandkostenfrei innerhalb Deutschland online bestellen.","breadcrumb":{"@id":"https:\/\/www.wojoer.de\/produkt\/tan-through-speedo-tanme-beach-hipster\/#breadcrumb"},"inLanguage":"en-GB","potentialAction":[{"@type":"ReadAction","target":["https:\/\/www.wojoer.de\/produkt\/tan-through-speedo-tanme-beach-hipster\/"]}]},{"@type":"ImageObject","inLanguage":"en-GB","@id":"https:\/\/www.wojoer.de\/produkt\/tan-through-speedo-tanme-beach-hipster\/#primaryimage","url":"https:\/\/www.wojoer.de\/wp-content\/uploads\/2025\/04\/0431-P725-0D-67-06-3.-tanme-Mini_Hipster-dehnbar-lila_gruen-L-front_side-wojoer.jpg","contentUrl":"https:\/\/www.wojoer.de\/wp-content\/uploads\/2025\/04\/0431-P725-0D-67-06-3.-tanme-Mini_Hipster-dehnbar-lila_gruen-L-front_side-wojoer.jpg","width":2002,"height":2002},{"@type":"BreadcrumbList","@id":"https:\/\/www.wojoer.de\/produkt\/tan-through-speedo-tanme-beach-hipster\/#breadcrumb","itemListElement":[{"@type":"ListItem","position":1,"name":"Startseite","item":"https:\/\/www.wojoer.de\/"},{"@type":"ListItem","position":2,"name":"SHOP","item":"https:\/\/www.wojoer.de\/shop\/"},{"@type":"ListItem","position":3,"name":"TanMe Bade Hipster"}]},{"@type":"WebSite","@id":"https:\/\/www.wojoer.de\/#website","url":"https:\/\/www.wojoer.de\/","name":"WOJOER","description":"clubwear for men","publisher":{"@id":"https:\/\/www.wojoer.de\/#organization"},"potentialAction":[{"@type":"SearchAction","target":{"@type":"EntryPoint","urlTemplate":"https:\/\/www.wojoer.de\/?s={search_term_string}"},"query-input":{"@type":"PropertyValueSpecification","valueRequired":true,"valueName":"search_term_string"}}],"inLanguage":"en-GB"},{"@type":"Organization","@id":"https:\/\/www.wojoer.de\/#organization","name":"Wonneberger-Manufaktur","url":"https:\/\/www.wojoer.de\/","logo":{"@type":"ImageObject","inLanguage":"en-GB","@id":"https:\/\/www.wojoer.de\/#\/schema\/logo\/image\/","url":"https:\/\/www.wojoer.de\/wp-content\/uploads\/2016\/11\/wonnebergermanufaktur_logo_BUTTON.png","contentUrl":"https:\/\/www.wojoer.de\/wp-content\/uploads\/2016\/11\/wonnebergermanufaktur_logo_BUTTON.png","width":765,"height":765,"caption":"Wonneberger-Manufaktur"},"image":{"@id":"https:\/\/www.wojoer.de\/#\/schema\/logo\/image\/"},"sameAs":["https:\/\/www.facebook.com\/wojoer\/","https:\/\/de.pinterest.com\/W0J0ER\/"]}]}},"_links":{"self":[{"href":"https:\/\/www.wojoer.de\/en\/wp-json\/wp\/v2\/product\/54480","targetHints":{"allow":["GET"]}}],"collection":[{"href":"https:\/\/www.wojoer.de\/en\/wp-json\/wp\/v2\/product"}],"about":[{"href":"https:\/\/www.wojoer.de\/en\/wp-json\/wp\/v2\/types\/product"}],"replies":[{"embeddable":true,"href":"https:\/\/www.wojoer.de\/en\/wp-json\/wp\/v2\/comments?post=54480"}],"wp:featuredmedia":[{"embeddable":true,"href":"https:\/\/www.wojoer.de\/en\/wp-json\/wp\/v2\/media\/54494"}],"wp:attachment":[{"href":"https:\/\/www.wojoer.de\/en\/wp-json\/wp\/v2\/media?parent=54480"}],"wp:term":[{"taxonomy":"product_brand","embeddable":true,"href":"https:\/\/www.wojoer.de\/en\/wp-json\/wp\/v2\/product_brand?post=54480"},{"taxonomy":"product_cat","embeddable":true,"href":"https:\/\/www.wojoer.de\/en\/wp-json\/wp\/v2\/product_cat?post=54480"},{"taxonomy":"product_tag","embeddable":true,"href":"https:\/\/www.wojoer.de\/en\/wp-json\/wp\/v2\/product_tag?post=54480"}],"curies":[{"name":"wp","href":"https:\/\/api.w.org\/{rel}","templated":true}]}}