{"id":54762,"date":"2025-06-05T10:48:46","date_gmt":"2025-06-05T08:48:46","guid":{"rendered":"https:\/\/www.wojoer.de\/?post_type=product&#038;p=54762"},"modified":"2025-09-01T08:14:46","modified_gmt":"2025-09-01T06:14:46","slug":"kinky-trouser-nth-leggings","status":"publish","type":"product","link":"https:\/\/www.wojoer.de\/en\/produkt\/kinky-trouser-nth-leggings\/","title":{"rendered":"nth-Synlex\u00b3 trousers + custom text"},"content":{"rendered":"<h3><span style=\"color: #d2b25d;\">\u201cnth\u201d or even more personalized with your own text!<\/span><\/h3>\n<p>Simply select \u201ctext of your choice\u201d and your size, add the product to your shopping cart, enter your desired text (no more than 20 characters) at the end of your order in the checkout under \u201cNotes on order\u201d and we will make it possible for you (font selection is possible to a limited extent by arrangement).<\/p>\n<hr \/>\n<h2><span style=\"color: #d2b25d;\">kinky trouser<\/span><\/h2>\n<p>leatherlike Synlex\u00b3 mat swim leggings, kinky trouser belongs to the Wojoer LIVE-products. And will be produced on demand.<\/p>\n<h3>Sizes<\/h3>\n<p>S, M, L, XL, XXL, XXXL<\/p>\n<h3>Material<\/h3>\n<p>Synlex\u00b3: 53% polyamide |6% spandex | 41% polyurethane<\/p>\n<p>Badedeulxe edging: 80% polyamide | 20% spandex<\/p>\n<h3>Specials<\/h3>\n<p><a href=\"http:\/\/www.wojoer.de\/?s=live&#038;post_type=product\">LIVE Product<\/a> | stretchy material | skinny | matt black and silky gold | suitable for chlorine and saltwater | high quality &#8220;Made in Germany&#8221;<\/p>\n<h3>Washing instructions<\/h3>\n<p>30\u00b0C gentle wash, turned inside out<\/p>\n<h3>Synlex\u00b3 mat swim trunks &#8211; kinky trouser<\/h3>\n<p>nth = nice to have<br \/>\njust like you!<\/p>\n<p>You&#8217;ll be turning heads left and right in your new black nth kinky trouser, which make you look and feel your best with their low waistband and wonderfully large bulge. The cut is just tight enough around the hips to give your bum and crotch the perfect shape and make you want more, while giving your legs a little more room to exude the look of masculine leather trousers. If you want to be ready quickly, nothing stands in your way with these tight trousers. &#8216;Cause the durable plastic toothed zipper with its soft underlap will be a loyal helper for spontaneous encounters. You&#8217;ll love how our matte Synlex3 material feels, it&#8217;s addictively soft and smooth. The kinky look is taken to the next level by the electrifying see-through silicone window. Its location is absolutely perfect\u2014it&#8217;s absolutely thrilling how it draws the gaze of your onlookers to your hips. These chic black matte trousers might be considered a &#8220;nice to have&#8221; on their own, but once you experience their flattering fit and the seductive touch of the provocative rubber material, you&#8217;ll know they&#8217;re an absolute &#8220;must have&#8221; for your next evening out!<\/p>\n","protected":false},"excerpt":{"rendered":"<p><strong>\u201enth\u201c <\/strong><strong>oder noch individueller mit deinem eigenen Wunschtext!<\/strong><br \/>\nEinfach \u201eWunschtext\u201c und deine Gr\u00f6\u00dfe w\u00e4hlen, das Produkt in den Warenkorb legen, in der Kasse am Ende deiner Bestellung bei \u201eAnmerkungen zur Bestellung\u201c deinen Wunschtext eingeben (nicht mehr als 20 Zeichen) und wir\u2026<\/p>\n","protected":false},"featured_media":54722,"comment_status":"open","ping_status":"closed","template":"","meta":[],"product_brand":[],"product_cat":[114,473,270,195,326],"product_tag":[244,440,1104,189,1103],"class_list":{"0":"post-54762","1":"product","2":"type-product","3":"status-publish","4":"has-post-thumbnail","6":"product_cat-fetisch","7":"product_cat-men","8":"product_cat-onlyforme","9":"product_cat-produktion-auf-bestellung-liveproduktion","10":"product_cat-wojoer","11":"product_tag-leggings","12":"product_tag-matt","13":"product_tag-nth","14":"product_tag-reissverschluss","15":"product_tag-schwarz","16":"pa_groesse-l","17":"pa_groesse-m","18":"pa_groesse-s","19":"pa_groesse-xl","20":"pa_groesse-xxl","21":"pa_groesse-xxxl","22":"pa_variante-nth","23":"pa_variante-wunschtext","24":"pif-has-gallery","25":"post-1","26":"odd","28":"first","29":"onbackorder","30":"taxable","31":"shipping-taxable","32":"purchasable","33":"product-type-variable","34":"has-default-attributes"},"yoast_head":"<!-- This site is optimized with the Yoast SEO plugin v27.2 - https:\/\/yoast.com\/product\/yoast-seo-wordpress\/ -->\n<title>kinky trouser matt Leggings | mattes Synlex\u00b3 | clubwear WOJOER<\/title>\n<meta name=\"description\" content=\"kinky trouser: Matt Leggings made of noble Synlex\u00b3. The material is robust and stretchy, smooth and vegan. the perfect outfit for beach, swimming and club. Order online now.\" \/>\n<meta name=\"robots\" content=\"index, follow, max-snippet:-1, max-image-preview:large, max-video-preview:-1\" \/>\n<link rel=\"canonical\" href=\"https:\/\/www.wojoer.de\/en\/produkt\/kinky-trouser-nth-leggings\/\" \/>\n<meta name=\"twitter:card\" content=\"summary_large_image\" \/>\n<meta name=\"twitter:title\" content=\"kinky trouser matt Leggings | mattes Synlex\u00b3 | clubwear WOJOER\" \/>\n<meta name=\"twitter:description\" content=\"kinky trouser: Matt Leggings made of noble Synlex\u00b3. The material is robust and stretchy, smooth and vegan. the perfect outfit for beach, swimming and club. Order online now.\" \/>\n<meta name=\"twitter:image\" content=\"https:\/\/www.wojoer.de\/wp-content\/uploads\/2025\/05\/0430-H077-0M-00-06-3.-nth-Leggings-mittel-black-L-front_side-wojoer.jpg\" \/>\n<meta name=\"twitter:label1\" content=\"Estimated reading time\" \/>\n\t<meta name=\"twitter:data1\" content=\"2 minutes\" \/>\n<script type=\"application\/ld+json\" class=\"yoast-schema-graph\">{\"@context\":\"https:\/\/schema.org\",\"@graph\":[{\"@type\":\"WebPage\",\"@id\":\"https:\/\/www.wojoer.de\/produkt\/kinky-trouser-nth-leggings\/\",\"url\":\"https:\/\/www.wojoer.de\/produkt\/kinky-trouser-nth-leggings\/\",\"name\":\"kinky trouser matt Leggings | mattes Synlex\u00b3 | clubwear WOJOER\",\"isPartOf\":{\"@id\":\"https:\/\/www.wojoer.de\/#website\"},\"primaryImageOfPage\":{\"@id\":\"https:\/\/www.wojoer.de\/produkt\/kinky-trouser-nth-leggings\/#primaryimage\"},\"image\":{\"@id\":\"https:\/\/www.wojoer.de\/produkt\/kinky-trouser-nth-leggings\/#primaryimage\"},\"thumbnailUrl\":\"https:\/\/www.wojoer.de\/wp-content\/uploads\/2025\/05\/0430-H077-0M-00-06-3.-nth-Leggings-mittel-black-L-front_side-wojoer.jpg\",\"datePublished\":\"2025-06-05T08:48:46+00:00\",\"dateModified\":\"2025-09-01T06:14:46+00:00\",\"description\":\"kinky trouser: Matt Leggings made of noble Synlex\u00b3. The material is robust and stretchy, smooth and vegan. the perfect outfit for beach, swimming and club. Order online now.\",\"breadcrumb\":{\"@id\":\"https:\/\/www.wojoer.de\/produkt\/kinky-trouser-nth-leggings\/#breadcrumb\"},\"inLanguage\":\"en-GB\",\"potentialAction\":[{\"@type\":\"ReadAction\",\"target\":[\"https:\/\/www.wojoer.de\/produkt\/kinky-trouser-nth-leggings\/\"]}]},{\"@type\":\"ImageObject\",\"inLanguage\":\"en-GB\",\"@id\":\"https:\/\/www.wojoer.de\/produkt\/kinky-trouser-nth-leggings\/#primaryimage\",\"url\":\"https:\/\/www.wojoer.de\/wp-content\/uploads\/2025\/05\/0430-H077-0M-00-06-3.-nth-Leggings-mittel-black-L-front_side-wojoer.jpg\",\"contentUrl\":\"https:\/\/www.wojoer.de\/wp-content\/uploads\/2025\/05\/0430-H077-0M-00-06-3.-nth-Leggings-mittel-black-L-front_side-wojoer.jpg\",\"width\":2002,\"height\":2002,\"caption\":\"kinky trouser\"},{\"@type\":\"BreadcrumbList\",\"@id\":\"https:\/\/www.wojoer.de\/produkt\/kinky-trouser-nth-leggings\/#breadcrumb\",\"itemListElement\":[{\"@type\":\"ListItem\",\"position\":1,\"name\":\"Startseite\",\"item\":\"https:\/\/www.wojoer.de\/\"},{\"@type\":\"ListItem\",\"position\":2,\"name\":\"SHOP\",\"item\":\"https:\/\/www.wojoer.de\/shop\/\"},{\"@type\":\"ListItem\",\"position\":3,\"name\":\"Synlex\u00b3 Hose &#8222;nth&#8220; oder Wunschtext\"}]},{\"@type\":\"WebSite\",\"@id\":\"https:\/\/www.wojoer.de\/#website\",\"url\":\"https:\/\/www.wojoer.de\/\",\"name\":\"WOJOER\",\"description\":\"clubwear for men\",\"publisher\":{\"@id\":\"https:\/\/www.wojoer.de\/#organization\"},\"potentialAction\":[{\"@type\":\"SearchAction\",\"target\":{\"@type\":\"EntryPoint\",\"urlTemplate\":\"https:\/\/www.wojoer.de\/?s={search_term_string}\"},\"query-input\":{\"@type\":\"PropertyValueSpecification\",\"valueRequired\":true,\"valueName\":\"search_term_string\"}}],\"inLanguage\":\"en-GB\"},{\"@type\":\"Organization\",\"@id\":\"https:\/\/www.wojoer.de\/#organization\",\"name\":\"Wonneberger-Manufaktur\",\"url\":\"https:\/\/www.wojoer.de\/\",\"logo\":{\"@type\":\"ImageObject\",\"inLanguage\":\"en-GB\",\"@id\":\"https:\/\/www.wojoer.de\/#\/schema\/logo\/image\/\",\"url\":\"https:\/\/www.wojoer.de\/wp-content\/uploads\/2016\/11\/wonnebergermanufaktur_logo_BUTTON.png\",\"contentUrl\":\"https:\/\/www.wojoer.de\/wp-content\/uploads\/2016\/11\/wonnebergermanufaktur_logo_BUTTON.png\",\"width\":765,\"height\":765,\"caption\":\"Wonneberger-Manufaktur\"},\"image\":{\"@id\":\"https:\/\/www.wojoer.de\/#\/schema\/logo\/image\/\"},\"sameAs\":[\"https:\/\/www.facebook.com\/wojoer\/\",\"https:\/\/de.pinterest.com\/W0J0ER\/\"]}]}<\/script>\n<!-- \/ Yoast SEO plugin. -->","yoast_head_json":{"title":"kinky trouser matt Leggings | mattes Synlex\u00b3 | clubwear WOJOER","description":"kinky trouser: Matt Leggings made of noble Synlex\u00b3. The material is robust and stretchy, smooth and vegan. the perfect outfit for beach, swimming and club. Order online now.","robots":{"index":"index","follow":"follow","max-snippet":"max-snippet:-1","max-image-preview":"max-image-preview:large","max-video-preview":"max-video-preview:-1"},"canonical":"https:\/\/www.wojoer.de\/en\/produkt\/kinky-trouser-nth-leggings\/","twitter_card":"summary_large_image","twitter_title":"[:de]kinky trouser nth Leggings | | clubwear WOJOER[:en]kinky trouser matt Leggings | mattes Synlex\u00b3 | clubwear WOJOER[:]","twitter_description":"[:de]kinky trouser nth Leggings aus wunderbar hochwertig mattem Stoff. Hochwertig verarbeitet, made in Germany. Jetzt versandkostenfrei in Deutschlands bestellen[:en]kinky trouser: Matt Leggings made of noble Synlex\u00b3. The material is robust and stretchy, smooth and vegan. the perfect outfit for beach, swimming and club. Order online now.[:]","twitter_image":"https:\/\/www.wojoer.de\/wp-content\/uploads\/2025\/05\/0430-H077-0M-00-06-3.-nth-Leggings-mittel-black-L-front_side-wojoer.jpg","twitter_misc":{"Estimated reading time":"2 minutes"},"schema":{"@context":"https:\/\/schema.org","@graph":[{"@type":"WebPage","@id":"https:\/\/www.wojoer.de\/produkt\/kinky-trouser-nth-leggings\/","url":"https:\/\/www.wojoer.de\/produkt\/kinky-trouser-nth-leggings\/","name":"kinky trouser matt Leggings | mattes Synlex\u00b3 | clubwear WOJOER","isPartOf":{"@id":"https:\/\/www.wojoer.de\/#website"},"primaryImageOfPage":{"@id":"https:\/\/www.wojoer.de\/produkt\/kinky-trouser-nth-leggings\/#primaryimage"},"image":{"@id":"https:\/\/www.wojoer.de\/produkt\/kinky-trouser-nth-leggings\/#primaryimage"},"thumbnailUrl":"https:\/\/www.wojoer.de\/wp-content\/uploads\/2025\/05\/0430-H077-0M-00-06-3.-nth-Leggings-mittel-black-L-front_side-wojoer.jpg","datePublished":"2025-06-05T08:48:46+00:00","dateModified":"2025-09-01T06:14:46+00:00","description":"kinky trouser: Matt Leggings made of noble Synlex\u00b3. The material is robust and stretchy, smooth and vegan. the perfect outfit for beach, swimming and club. Order online now.","breadcrumb":{"@id":"https:\/\/www.wojoer.de\/produkt\/kinky-trouser-nth-leggings\/#breadcrumb"},"inLanguage":"en-GB","potentialAction":[{"@type":"ReadAction","target":["https:\/\/www.wojoer.de\/produkt\/kinky-trouser-nth-leggings\/"]}]},{"@type":"ImageObject","inLanguage":"en-GB","@id":"https:\/\/www.wojoer.de\/produkt\/kinky-trouser-nth-leggings\/#primaryimage","url":"https:\/\/www.wojoer.de\/wp-content\/uploads\/2025\/05\/0430-H077-0M-00-06-3.-nth-Leggings-mittel-black-L-front_side-wojoer.jpg","contentUrl":"https:\/\/www.wojoer.de\/wp-content\/uploads\/2025\/05\/0430-H077-0M-00-06-3.-nth-Leggings-mittel-black-L-front_side-wojoer.jpg","width":2002,"height":2002,"caption":"kinky trouser"},{"@type":"BreadcrumbList","@id":"https:\/\/www.wojoer.de\/produkt\/kinky-trouser-nth-leggings\/#breadcrumb","itemListElement":[{"@type":"ListItem","position":1,"name":"Startseite","item":"https:\/\/www.wojoer.de\/"},{"@type":"ListItem","position":2,"name":"SHOP","item":"https:\/\/www.wojoer.de\/shop\/"},{"@type":"ListItem","position":3,"name":"Synlex\u00b3 Hose &#8222;nth&#8220; oder Wunschtext"}]},{"@type":"WebSite","@id":"https:\/\/www.wojoer.de\/#website","url":"https:\/\/www.wojoer.de\/","name":"WOJOER","description":"clubwear for men","publisher":{"@id":"https:\/\/www.wojoer.de\/#organization"},"potentialAction":[{"@type":"SearchAction","target":{"@type":"EntryPoint","urlTemplate":"https:\/\/www.wojoer.de\/?s={search_term_string}"},"query-input":{"@type":"PropertyValueSpecification","valueRequired":true,"valueName":"search_term_string"}}],"inLanguage":"en-GB"},{"@type":"Organization","@id":"https:\/\/www.wojoer.de\/#organization","name":"Wonneberger-Manufaktur","url":"https:\/\/www.wojoer.de\/","logo":{"@type":"ImageObject","inLanguage":"en-GB","@id":"https:\/\/www.wojoer.de\/#\/schema\/logo\/image\/","url":"https:\/\/www.wojoer.de\/wp-content\/uploads\/2016\/11\/wonnebergermanufaktur_logo_BUTTON.png","contentUrl":"https:\/\/www.wojoer.de\/wp-content\/uploads\/2016\/11\/wonnebergermanufaktur_logo_BUTTON.png","width":765,"height":765,"caption":"Wonneberger-Manufaktur"},"image":{"@id":"https:\/\/www.wojoer.de\/#\/schema\/logo\/image\/"},"sameAs":["https:\/\/www.facebook.com\/wojoer\/","https:\/\/de.pinterest.com\/W0J0ER\/"]}]}},"_links":{"self":[{"href":"https:\/\/www.wojoer.de\/en\/wp-json\/wp\/v2\/product\/54762","targetHints":{"allow":["GET"]}}],"collection":[{"href":"https:\/\/www.wojoer.de\/en\/wp-json\/wp\/v2\/product"}],"about":[{"href":"https:\/\/www.wojoer.de\/en\/wp-json\/wp\/v2\/types\/product"}],"replies":[{"embeddable":true,"href":"https:\/\/www.wojoer.de\/en\/wp-json\/wp\/v2\/comments?post=54762"}],"wp:featuredmedia":[{"embeddable":true,"href":"https:\/\/www.wojoer.de\/en\/wp-json\/wp\/v2\/media\/54722"}],"wp:attachment":[{"href":"https:\/\/www.wojoer.de\/en\/wp-json\/wp\/v2\/media?parent=54762"}],"wp:term":[{"taxonomy":"product_brand","embeddable":true,"href":"https:\/\/www.wojoer.de\/en\/wp-json\/wp\/v2\/product_brand?post=54762"},{"taxonomy":"product_cat","embeddable":true,"href":"https:\/\/www.wojoer.de\/en\/wp-json\/wp\/v2\/product_cat?post=54762"},{"taxonomy":"product_tag","embeddable":true,"href":"https:\/\/www.wojoer.de\/en\/wp-json\/wp\/v2\/product_tag?post=54762"}],"curies":[{"name":"wp","href":"https:\/\/api.w.org\/{rel}","templated":true}]}}