{"id":54817,"date":"2025-05-26T15:18:07","date_gmt":"2025-05-26T13:18:07","guid":{"rendered":"https:\/\/www.wojoer.de\/en\/?post_type=product&#038;p=54817"},"modified":"2026-01-07T14:11:11","modified_gmt":"2026-01-07T13:11:11","slug":"tanme-beach-tan-through-thong","status":"publish","type":"product","link":"https:\/\/www.wojoer.de\/en\/produkt\/tanme-beach-tan-through-thong\/","title":{"rendered":"TanMe Bade Sock String"},"content":{"rendered":"<div id=\"tab-description\" class=\"tab-content\">\n<h2>tan through thong<\/h2>\n<p>Dieser Bade tan trough thong Sock String geh\u00f6rt zu den Wojoer LIVE-Produkten. Sie werden ab Bestellung bei uns produziert. So k\u00f6nnen wir auf Kundenw\u00fcnsche individuell eingehen.<\/p>\n<h3>Gr\u00f6\u00dfen<\/h3>\n<p>Erh\u00e4ltlich in den Gr\u00f6\u00dfen S, M, L, XL, XXL, 3XL<\/p>\n<h3>Materialzusammensetzung<\/h3>\n<p>80% Polyamid, 20% Elasthan<\/p>\n<h3>Besonderheiten<\/h3>\n<p><a href=\"http:\/\/www.wojoer.de\/?s=LIVE&#038;post_type=product\">LIVE-Produkt<\/a>\u00a0 | dehnbarer leicht metallisch gl\u00e4nzend | super knappe, frei schwingende Passform ohne Verrutschen |\u00a0 sportlich kleine Dreiecksform als R\u00fcckansicht | schnell trocknend | super atmungsaktiv | hochwertige Verarbeitung \u201cMade in Germany\u201d<\/p>\n<h3><strong>Benutzerhinweise<\/strong><\/h3>\n<p>Waschprogramm 30 Grad, kein Weichsp\u00fcler<\/p>\n<h3>Bade Durchbr\u00e4uner Push String \u2013 sexy durchbr\u00e4uner Bademode f\u00fcr Herren \u2013 Bade Strings \u2013 Beach Thong \u2013 Swim Thong \u2013 sexy swim trunk- tan through thong &#8211; tan through Slip &#8211; Beach mini Sock Thong<\/h3>\n<p>TanMe! Put me on and get a tan anyway! Get ready to &#8220;spray the good vibes on the beach&#8221; like you&#8217;ve never done before with this incredible hot tanning thong! I&#8217;m thrilled to tell you about the incredible fine, super stretchy mesh material made of powernet. It&#8217;s absolutely amazing! It&#8217;s got this incredible tanning effect that will delight your hips without revealing too much. This amazing fabric allows the sun&#8217;s rays to filter through, creating a beautiful tan that&#8217;s both stylish and practical. With its opaque design, you can enjoy endless carefree walks on the beach, looking and feeling your best. You&#8217;ll absolutely love the ultra-skimpy mini sock thong cut! It&#8217;ll give you the freedom to move like never before. You&#8217;ll love how it swings with every step, and you&#8217;ll never have to worry about it slipping because it keeps everything in place. The wonderfully cheerful jungle look with flowers and leaves is enhanced by fine, shiny metallic lines that give you a particularly sophisticated character with the TanMe design. Try it out and be the manliest, shiniest jungle boy around!<\/p>\n<p><a href=\"http:\/\/www.wojoer.de\/groessentabelle\/\">sizechart, this way please \ud83d\ude09<\/a><\/p>\n<\/div>\n","protected":false},"excerpt":{"rendered":"<p>tan through thong<br \/>\nDieser Bade tan trough thong Sock String geh\u00f6rt zu den Wojoer LIVE-Produkten. Sie werden ab Bestellung bei uns produziert. So k\u00f6nnen wir auf Kundenw\u00fcnsche individuell eingehen.<br \/>\nGr\u00f6\u00dfen<br \/>\nErh\u00e4ltlich in den Gr\u00f6\u00dfen S, M, L, XL, XXL, 3XL<br \/>\nMaterialzusammensetzung<br \/>\n80% Polyamid, 20% Elasthan<br \/>\nBesonderheiten<br \/>\nLIVE-Produkt\u00a0\u2026<\/p>\n","protected":false},"featured_media":54497,"comment_status":"open","ping_status":"closed","template":"","meta":[],"product_brand":[],"product_cat":[806,115,169,473,862,326],"product_tag":[275,573,430,119],"class_list":{"0":"post-54817","1":"product","2":"type-product","3":"status-publish","4":"has-post-thumbnail","6":"product_cat-powernet","7":"product_cat-beachwear","8":"product_cat-nos-never-out-of-stock","9":"product_cat-men","10":"product_cat-men-only","11":"product_cat-wojoer","12":"product_tag-badematt","13":"product_tag-minisock","14":"product_tag-powernet","15":"product_tag-string","16":"product_shipping_class-beun","17":"pa_groesse-l","18":"pa_groesse-m","19":"pa_groesse-s","20":"pa_groesse-xl","21":"pa_groesse-xxl","22":"pa_groesse-xxxl","23":"pif-has-gallery","24":"post-1","25":"odd","27":"first","28":"onbackorder","29":"taxable","30":"shipping-taxable","31":"purchasable","32":"product-type-variable","33":"has-default-attributes"},"yoast_head":"<!-- This site is optimized with the Yoast SEO plugin v27.2 - https:\/\/yoast.com\/product\/yoast-seo-wordpress\/ -->\n<title>tan through thong | matt gl\u00e4nzend | sportlich bequem | WOJOER<\/title>\n<meta name=\"description\" content=\"tan through thong - sportlich knapper Badeslip aus der TanMe Kollektion - jetzt versandkostenfrei innerhalb Deutschland online bestellen.\" \/>\n<meta name=\"robots\" content=\"index, follow, max-snippet:-1, max-image-preview:large, max-video-preview:-1\" \/>\n<link rel=\"canonical\" href=\"https:\/\/www.wojoer.de\/en\/produkt\/tanme-beach-tan-through-thong\/\" \/>\n<meta name=\"twitter:card\" content=\"summary_large_image\" \/>\n<meta name=\"twitter:title\" content=\"tan through thong | matt gl\u00e4nzend | sportlich bequem | WOJOER\" \/>\n<meta name=\"twitter:description\" content=\"tan through thong - sportlich knapper Badeslip aus der TanMe Kollektion - jetzt versandkostenfrei innerhalb Deutschland online bestellen.\" \/>\n<meta name=\"twitter:image\" content=\"https:\/\/www.wojoer.de\/wp-content\/uploads\/2025\/04\/0431-S004-0D-67-06-2.-tanme-Mini_Sock_String-dehnbar-lila_gruen-L-back-wojoer.jpg\" \/>\n<meta name=\"twitter:label1\" content=\"Estimated reading time\" \/>\n\t<meta name=\"twitter:data1\" content=\"2 minutes\" \/>\n<script type=\"application\/ld+json\" class=\"yoast-schema-graph\">{\"@context\":\"https:\/\/schema.org\",\"@graph\":[{\"@type\":\"WebPage\",\"@id\":\"https:\/\/www.wojoer.de\/en\/produkt\/tanme-beach-tan-through-thong\/\",\"url\":\"https:\/\/www.wojoer.de\/en\/produkt\/tanme-beach-tan-through-thong\/\",\"name\":\"tan through thong | matt gl\u00e4nzend | sportlich bequem | WOJOER\",\"isPartOf\":{\"@id\":\"https:\/\/www.wojoer.de\/#website\"},\"primaryImageOfPage\":{\"@id\":\"https:\/\/www.wojoer.de\/en\/produkt\/tanme-beach-tan-through-thong\/#primaryimage\"},\"image\":{\"@id\":\"https:\/\/www.wojoer.de\/en\/produkt\/tanme-beach-tan-through-thong\/#primaryimage\"},\"thumbnailUrl\":\"https:\/\/www.wojoer.de\/wp-content\/uploads\/2025\/04\/0431-S004-0D-67-06-2.-tanme-Mini_Sock_String-dehnbar-lila_gruen-L-back-wojoer.jpg\",\"datePublished\":\"2025-05-26T13:18:07+00:00\",\"dateModified\":\"2026-01-07T13:11:11+00:00\",\"description\":\"tan through thong - sportlich knapper Badeslip aus der TanMe Kollektion - jetzt versandkostenfrei innerhalb Deutschland online bestellen.\",\"breadcrumb\":{\"@id\":\"https:\/\/www.wojoer.de\/en\/produkt\/tanme-beach-tan-through-thong\/#breadcrumb\"},\"inLanguage\":\"en-GB\",\"potentialAction\":[{\"@type\":\"ReadAction\",\"target\":[\"https:\/\/www.wojoer.de\/en\/produkt\/tanme-beach-tan-through-thong\/\"]}]},{\"@type\":\"ImageObject\",\"inLanguage\":\"en-GB\",\"@id\":\"https:\/\/www.wojoer.de\/en\/produkt\/tanme-beach-tan-through-thong\/#primaryimage\",\"url\":\"https:\/\/www.wojoer.de\/wp-content\/uploads\/2025\/04\/0431-S004-0D-67-06-2.-tanme-Mini_Sock_String-dehnbar-lila_gruen-L-back-wojoer.jpg\",\"contentUrl\":\"https:\/\/www.wojoer.de\/wp-content\/uploads\/2025\/04\/0431-S004-0D-67-06-2.-tanme-Mini_Sock_String-dehnbar-lila_gruen-L-back-wojoer.jpg\",\"width\":2002,\"height\":2002,\"caption\":\"tan through thong\"},{\"@type\":\"BreadcrumbList\",\"@id\":\"https:\/\/www.wojoer.de\/en\/produkt\/tanme-beach-tan-through-thong\/#breadcrumb\",\"itemListElement\":[{\"@type\":\"ListItem\",\"position\":1,\"name\":\"Startseite\",\"item\":\"https:\/\/www.wojoer.de\/\"},{\"@type\":\"ListItem\",\"position\":2,\"name\":\"SHOP\",\"item\":\"https:\/\/www.wojoer.de\/shop\/\"},{\"@type\":\"ListItem\",\"position\":3,\"name\":\"TanMe Bade Sock String\"}]},{\"@type\":\"WebSite\",\"@id\":\"https:\/\/www.wojoer.de\/#website\",\"url\":\"https:\/\/www.wojoer.de\/\",\"name\":\"WOJOER\",\"description\":\"clubwear for men\",\"publisher\":{\"@id\":\"https:\/\/www.wojoer.de\/#organization\"},\"potentialAction\":[{\"@type\":\"SearchAction\",\"target\":{\"@type\":\"EntryPoint\",\"urlTemplate\":\"https:\/\/www.wojoer.de\/?s={search_term_string}\"},\"query-input\":{\"@type\":\"PropertyValueSpecification\",\"valueRequired\":true,\"valueName\":\"search_term_string\"}}],\"inLanguage\":\"en-GB\"},{\"@type\":\"Organization\",\"@id\":\"https:\/\/www.wojoer.de\/#organization\",\"name\":\"Wonneberger-Manufaktur\",\"url\":\"https:\/\/www.wojoer.de\/\",\"logo\":{\"@type\":\"ImageObject\",\"inLanguage\":\"en-GB\",\"@id\":\"https:\/\/www.wojoer.de\/#\/schema\/logo\/image\/\",\"url\":\"https:\/\/www.wojoer.de\/wp-content\/uploads\/2016\/11\/wonnebergermanufaktur_logo_BUTTON.png\",\"contentUrl\":\"https:\/\/www.wojoer.de\/wp-content\/uploads\/2016\/11\/wonnebergermanufaktur_logo_BUTTON.png\",\"width\":765,\"height\":765,\"caption\":\"Wonneberger-Manufaktur\"},\"image\":{\"@id\":\"https:\/\/www.wojoer.de\/#\/schema\/logo\/image\/\"},\"sameAs\":[\"https:\/\/www.facebook.com\/wojoer\/\",\"https:\/\/de.pinterest.com\/W0J0ER\/\"]}]}<\/script>\n<!-- \/ Yoast SEO plugin. -->","yoast_head_json":{"title":"tan through thong | matt gl\u00e4nzend | sportlich bequem | WOJOER","description":"tan through thong - sportlich knapper Badeslip aus der TanMe Kollektion - jetzt versandkostenfrei innerhalb Deutschland online bestellen.","robots":{"index":"index","follow":"follow","max-snippet":"max-snippet:-1","max-image-preview":"max-image-preview:large","max-video-preview":"max-video-preview:-1"},"canonical":"https:\/\/www.wojoer.de\/en\/produkt\/tanme-beach-tan-through-thong\/","twitter_card":"summary_large_image","twitter_title":"tan through thong | matt gl\u00e4nzend | sportlich bequem | WOJOER","twitter_description":"tan through thong - sportlich knapper Badeslip aus der TanMe Kollektion - jetzt versandkostenfrei innerhalb Deutschland online bestellen.","twitter_image":"https:\/\/www.wojoer.de\/wp-content\/uploads\/2025\/04\/0431-S004-0D-67-06-2.-tanme-Mini_Sock_String-dehnbar-lila_gruen-L-back-wojoer.jpg","twitter_misc":{"Estimated reading time":"2 minutes"},"schema":{"@context":"https:\/\/schema.org","@graph":[{"@type":"WebPage","@id":"https:\/\/www.wojoer.de\/en\/produkt\/tanme-beach-tan-through-thong\/","url":"https:\/\/www.wojoer.de\/en\/produkt\/tanme-beach-tan-through-thong\/","name":"tan through thong | matt gl\u00e4nzend | sportlich bequem | WOJOER","isPartOf":{"@id":"https:\/\/www.wojoer.de\/#website"},"primaryImageOfPage":{"@id":"https:\/\/www.wojoer.de\/en\/produkt\/tanme-beach-tan-through-thong\/#primaryimage"},"image":{"@id":"https:\/\/www.wojoer.de\/en\/produkt\/tanme-beach-tan-through-thong\/#primaryimage"},"thumbnailUrl":"https:\/\/www.wojoer.de\/wp-content\/uploads\/2025\/04\/0431-S004-0D-67-06-2.-tanme-Mini_Sock_String-dehnbar-lila_gruen-L-back-wojoer.jpg","datePublished":"2025-05-26T13:18:07+00:00","dateModified":"2026-01-07T13:11:11+00:00","description":"tan through thong - sportlich knapper Badeslip aus der TanMe Kollektion - jetzt versandkostenfrei innerhalb Deutschland online bestellen.","breadcrumb":{"@id":"https:\/\/www.wojoer.de\/en\/produkt\/tanme-beach-tan-through-thong\/#breadcrumb"},"inLanguage":"en-GB","potentialAction":[{"@type":"ReadAction","target":["https:\/\/www.wojoer.de\/en\/produkt\/tanme-beach-tan-through-thong\/"]}]},{"@type":"ImageObject","inLanguage":"en-GB","@id":"https:\/\/www.wojoer.de\/en\/produkt\/tanme-beach-tan-through-thong\/#primaryimage","url":"https:\/\/www.wojoer.de\/wp-content\/uploads\/2025\/04\/0431-S004-0D-67-06-2.-tanme-Mini_Sock_String-dehnbar-lila_gruen-L-back-wojoer.jpg","contentUrl":"https:\/\/www.wojoer.de\/wp-content\/uploads\/2025\/04\/0431-S004-0D-67-06-2.-tanme-Mini_Sock_String-dehnbar-lila_gruen-L-back-wojoer.jpg","width":2002,"height":2002,"caption":"tan through thong"},{"@type":"BreadcrumbList","@id":"https:\/\/www.wojoer.de\/en\/produkt\/tanme-beach-tan-through-thong\/#breadcrumb","itemListElement":[{"@type":"ListItem","position":1,"name":"Startseite","item":"https:\/\/www.wojoer.de\/"},{"@type":"ListItem","position":2,"name":"SHOP","item":"https:\/\/www.wojoer.de\/shop\/"},{"@type":"ListItem","position":3,"name":"TanMe Bade Sock String"}]},{"@type":"WebSite","@id":"https:\/\/www.wojoer.de\/#website","url":"https:\/\/www.wojoer.de\/","name":"WOJOER","description":"clubwear for men","publisher":{"@id":"https:\/\/www.wojoer.de\/#organization"},"potentialAction":[{"@type":"SearchAction","target":{"@type":"EntryPoint","urlTemplate":"https:\/\/www.wojoer.de\/?s={search_term_string}"},"query-input":{"@type":"PropertyValueSpecification","valueRequired":true,"valueName":"search_term_string"}}],"inLanguage":"en-GB"},{"@type":"Organization","@id":"https:\/\/www.wojoer.de\/#organization","name":"Wonneberger-Manufaktur","url":"https:\/\/www.wojoer.de\/","logo":{"@type":"ImageObject","inLanguage":"en-GB","@id":"https:\/\/www.wojoer.de\/#\/schema\/logo\/image\/","url":"https:\/\/www.wojoer.de\/wp-content\/uploads\/2016\/11\/wonnebergermanufaktur_logo_BUTTON.png","contentUrl":"https:\/\/www.wojoer.de\/wp-content\/uploads\/2016\/11\/wonnebergermanufaktur_logo_BUTTON.png","width":765,"height":765,"caption":"Wonneberger-Manufaktur"},"image":{"@id":"https:\/\/www.wojoer.de\/#\/schema\/logo\/image\/"},"sameAs":["https:\/\/www.facebook.com\/wojoer\/","https:\/\/de.pinterest.com\/W0J0ER\/"]}]}},"_links":{"self":[{"href":"https:\/\/www.wojoer.de\/en\/wp-json\/wp\/v2\/product\/54817","targetHints":{"allow":["GET"]}}],"collection":[{"href":"https:\/\/www.wojoer.de\/en\/wp-json\/wp\/v2\/product"}],"about":[{"href":"https:\/\/www.wojoer.de\/en\/wp-json\/wp\/v2\/types\/product"}],"replies":[{"embeddable":true,"href":"https:\/\/www.wojoer.de\/en\/wp-json\/wp\/v2\/comments?post=54817"}],"wp:featuredmedia":[{"embeddable":true,"href":"https:\/\/www.wojoer.de\/en\/wp-json\/wp\/v2\/media\/54497"}],"wp:attachment":[{"href":"https:\/\/www.wojoer.de\/en\/wp-json\/wp\/v2\/media?parent=54817"}],"wp:term":[{"taxonomy":"product_brand","embeddable":true,"href":"https:\/\/www.wojoer.de\/en\/wp-json\/wp\/v2\/product_brand?post=54817"},{"taxonomy":"product_cat","embeddable":true,"href":"https:\/\/www.wojoer.de\/en\/wp-json\/wp\/v2\/product_cat?post=54817"},{"taxonomy":"product_tag","embeddable":true,"href":"https:\/\/www.wojoer.de\/en\/wp-json\/wp\/v2\/product_tag?post=54817"}],"curies":[{"name":"wp","href":"https:\/\/api.w.org\/{rel}","templated":true}]}}